{"id":2732,"date":"2018-02-05T12:59:15","date_gmt":"2018-02-05T11:59:15","guid":{"rendered":"https:\/\/www.zonacarpediem.com\/politicas-de-venta-pagos-envios-y-desistimiento\/"},"modified":"2026-01-08T13:16:42","modified_gmt":"2026-01-08T12:16:42","slug":"politicas-de-venta-pagos-envios-y-desistimiento","status":"publish","type":"page","link":"https:\/\/www.zonacarpediem.com\/en\/politicas-de-venta-pagos-envios-y-desistimiento\/","title":{"rendered":"Pol\u00edticas de Venta, Pagos, Env\u00edos y Desistimiento"},"content":{"rendered":"<p><strong>Page only available in Spanish<\/strong><\/p>\n<h2>POL\u00cdTICAS DE VENTA, PAGOS, ENV\u00cdOS y DESISTIMIENTO<\/h2>\n<p><em><strong>SI TIENE ALGUNA PREGUNTA O ALGUNA DUDA CONT\u00c1CTENOS ANTES DE COMPRAR.<\/strong><\/em><\/p>\n<p>Comprando un articulo en la tienda online ZONA CARPE DIEM, el comprador confirma haber le\u00eddo y aceptado las \u201cPol\u00edticas de venta, Pagos, Env\u00edos y Desistimientos&#8221;.<\/p>\n<p>\u00a1Por favor, no compre si no est\u00e1 de acuerdo!<\/p>\n<p>Queremos especificar los t\u00e9rminos y condiciones principales de nuestra tienda de manera clara y sencilla. Tanto los derechos como las obligaciones de las partes involucradas en un contrato de compraventa est\u00e1n definidos por ley y articulados a trav\u00e9s de la Ley de Ordenaci\u00f3n del Comercio Minorista (LOCM, en sus art\u00edculos dedicados a la venta a distancia) y la Ley de Servicios de la Sociedad de la Informaci\u00f3n y del Comercio Electr\u00f3nico (LSSI).<\/p>\n<h2>\u2028\u2028REALIZAR EL PEDIDO<\/h2>\n<p>Cuando finalmente ya ha decidido completar el pedido para formalizarlo no es necesario registrarse, sino hacerlo simplemente como invitado. Es la manera m\u00e1s f\u00e1cil de tramitar una orden en nuestra tienda, sin embargo no se registrar\u00e1 ning\u00fan usuario. \u2028Por supuesto, si lo quiere, puede registrarse como usuario en la Web.<\/p>\n<p><strong>\u00bfEs segura la compra en Zona Carpe Diem?<\/strong><\/p>\n<p>Aseguramos que realizar una compra a trav\u00e9s del portal de ZonaCarpeDiem.com y su posterior pago por Internet es seguro al 100%, ya que toda la informaci\u00f3n sensible del usuario, como el n\u00famero de tarjeta, direcci\u00f3n o tel\u00e9fono se transmite a trav\u00e9s del m\u00e9todo seguro de compra cual la pasarela de pago de PayPal.<\/p>\n<h2>PAGOS Y ENV\u00cdOS<\/h2>\n<p><strong>\u00bfQU\u00c9 FORMAS DE PAGO ACEPTAMOS?<\/strong><\/p>\n<p>En nuestra tienda personal solo aceptamos pagos con PayPal.<\/p>\n<p>Utilizar PayPal es la forma m\u00e1s sencilla de pagar inmediatamente de forma gratuita y recibir sus compras r\u00e1pidamente. \u2028Podr\u00e1 pagar mediante PayPal a trav\u00e9s de su cuenta o mediante su tarjeta de cr\u00e9dito o d\u00e9bito sin necesidad de registrarse. Los n\u00fameros de su tarjeta nunca ser\u00e1n revelados al vendedor. Esta es la forma m\u00e1s c\u00f3moda, r\u00e1pida, segura y sobre todo gratuita ya que no le costar\u00e1 ninguna comisi\u00f3n. Adem\u00e1s, al hacerlo a trav\u00e9s de PayPal, recibimos su comprobante de pago al instante y su paquete puede salir inmediatamente.<\/p>\n<h2>PayPal<\/h2>\n<p><a href=\"http:\/\/www.paypal.com\" target=\"_blank\" rel=\"noopener noreferrer\"><img loading=\"lazy\" decoding=\"async\" class=\"alignnone size-full wp-image-1137\" style=\"clear: both;\" src=\"https:\/\/www.zonacarpediem.com\/wp-content\/uploads\/2014\/04\/PayPal-verified-88x33.png\" alt=\"PayPal Verified - Somos usuarios de PayPal verificados\" width=\"88\" height=\"33\" \/><\/a><\/p>\n<p><strong>\u00bfPuedo pagar en diferentes divisas o monedas que no sea el EURO?<\/strong><\/p>\n<p>Si su moneda no es el EURO puede modificarla en nuestra web. Adem\u00e1s de EURO trabajamos con US$, CHF y GBP. Al cambiar la moneda el sistema convertir\u00e1 de forma autom\u00e1tica todos los precios a la divisa elegida, teniendo en cuenta el tipo de cambio actual del mercado de valores.<\/p>\n<p>Solo y \u00fanicamente en nuestra tienda eBay, adem\u00e1s de PayPal, aceptamos el ingreso o transferencia bancaria (transferencia f\u00e1cil de eBay):<\/p>\n<h2>Transferencia Facil<\/h2>\n<p><a href=\"http:\/\/pages.ebay.es\/help\/pay\/bankpay.html\" target=\"_blank\" rel=\"noopener noreferrer\"><img loading=\"lazy\" decoding=\"async\" class=\"alignnone size-full wp-image-1139\" src=\"https:\/\/www.zonacarpediem.com\/wp-content\/uploads\/2014\/04\/transferencia-facil.png\" alt=\"Transferencia Facil\" width=\"88\" height=\"33\" \/><\/a><\/p>\n<p><strong>Nuestra entidad bancaria:<\/strong><br \/>\nBanco Santander<br \/>\nAvda. Alicante c\/v Calder\u00f3n de la Barca<br \/>\n03760 Ondara (Alicante &#8211; Espa\u00f1a)<\/p>\n<p><strong>IBAN:<\/strong><br \/>\nES19 0049 4491 2621 1004 1901<\/p>\n<p><strong>BIC:<\/strong><br \/>\nBSCH ESMM<\/p>\n<p><strong>Titular de la cuenta:<\/strong><br \/>\n<span style=\"font-weight: 300;\">Zona Carpe Diem<br \/>\n<\/span><span style=\"font-weight: 300;\">Liliana Dutler<br \/>\n<\/span>Apartado de Correos 128<br \/>\nPartida Xara 109<br \/>\n03750 Pedreguer<br \/>\n(Alicante &#8211; \u2028Espa\u00f1a)<\/p>\n<p><strong>Importante:<\/strong><\/p>\n<p>El importe a recibir es el de la factura. As\u00ed que debe indicar claramente a su entidad que todos los gastos de la transferencia est\u00e1n a su cargo.\u2028 En la transferencia indicar el seud\u00f3nimo o n\u00famero de art\u00edculo.<\/p>\n<h2>\u00bfQU\u00c9 MODALIDADES DE ENV\u00cdO TENEMOS Y CU\u00c1L ES SU COSTE?<\/h2>\n<p><strong>ENV\u00cdO, EMBALAJE Y MANIPULACI\u00d3N:<\/strong><\/p>\n<p>Enviamos a todo el mundo en 24 horas. \u2028Los gastos de env\u00edo se actualizan en el momento de hacer la compra seg\u00fan el destino y peso de la mercanc\u00eda. Para saber el precio exacto haga una prueba de pedido para ver los detalles en la cesta de la compra (no es necesario alg\u00fan registro).<\/p>\n<p>Todos los env\u00edos se realizaran certificados con n\u00famero de rastreo. \u2028En la tienda eBay, por su parte, los env\u00edos se realizaran en la modalidad indicada en cada anuncio. \u2028Los env\u00edos se realizaran utilizando el servicio de Correos o de mensajer\u00edas cuales Correos Express, Envialia, TNT, Seur, etc.<\/p>\n<p><strong>\u00bfCu\u00e1nto tiempo tarda en llegar el pedido desde mi compra?<\/strong><\/p>\n<p>Todos los pedidos recibidos en un d\u00eda laborable son procesados y puestos en manos de las mensajer\u00edas ese mismo d\u00eda o dentro de las 24 horas, dependiendo de la hora de entrada del pago.\u2028\u2028 Una vez el pedido salga de nuestro almac\u00e9n le informaremos mediante un email y le facilitaremos el n\u00famero de rastreo. Para m\u00e1s informaci\u00f3n acerca de su pedido, sigue las instrucciones enviadas por email.<\/p>\n<p>El tiempo de tr\u00e1nsito de los paquetes con destino la pen\u00ednsula es de 1-3 d\u00edas laborables. \u2028El tiempo de tr\u00e1nsito de los paquetes con destino EU es de 3-5 d\u00edas laborables.<\/p>\n<p>El tiempo de tr\u00e1nsito de los paquetes con destino fuera de la EU (o Canarias, Ceuta y Melilla) depende en gran medida de las retenciones aduaneras, siendo muy variable.\u2028\u2028Los precios de env\u00edo incluyen franqueo, gastos de embalaje y manipulaci\u00f3n.<\/p>\n<p>Para conseguir una completa transparencia aplicamos el coste de expedici\u00f3n facturado por las empresas con las cuales trabajamos. El coste de embalaje y manipulaci\u00f3n a\u00f1adido es razonable, no forma parte de nuestra pol\u00edtica hacer beneficio hinchando los gastos de expedici\u00f3n facturados a nuestros clientes.<\/p>\n<h2>EMBALAJE<\/h2>\n<p>El art\u00edculo ser\u00e1 enviado con el fin de que llegue en perfectas condiciones a su destino (protecciones adecuadas, goma, papel, sobre acolchado, etc.).<\/p>\n<p>En caso de regalo, es un placer prepararle el art\u00edculo con papel de regalo y tambi\u00e9n, si lo desea, enviarlo directamente a la persona que nos indique.<\/p>\n<h2>DERECHO DE DEVOLUCI\u00d3N O DESISTIMIENTO:<\/h2>\n<p>El comprador tiene derecho a desistir del contrato (salvo algunas excepciones mencionadas en la ley) sin necesidad de explicar la causa, as\u00ed como se articula a trav\u00e9s de la Ley de Ordenaci\u00f3n del Comercio Minorista (LOCM, en sus art\u00edculos dedicados a la venta a distancia) y la Ley de Servicios de la Sociedad de la Informaci\u00f3n y del Comercio Electr\u00f3nico (LSSI).<\/p>\n<p>Si por alguna raz\u00f3n no est\u00e1 plenamente satisfecho o en el caso de alguna disconformidad entre el art\u00edculo y su descripci\u00f3n, tiene derecho a devolver el producto o resolver el contrato en 14 d\u00edas h\u00e1biles, contados a partir de la recepci\u00f3n del producto (sin contar domingos ni festivos en la localidad de residencia del consumidor).<\/p>\n<h2>C\u00d3MO REALIZAR UNA DEVOLUCI\u00d3N EN ZONA CARPE DIEM<\/h2>\n<p>1) Av\u00edsenos<br \/>\nEnv\u00edenos una notificaci\u00f3n indicando el nombre del art\u00edculo y el motivo de la devoluci\u00f3n, explicando qu\u00e9 es lo que no funciona, qu\u00e9 est\u00e1 defectuoso, o cual es la raz\u00f3n de quererlo devolver (opcional). En los casos de productos defectuosos le recomendamos hacer unas fotos o incluso un v\u00eddeo donde se aprecien los inconvenientes.<\/p>\n<p>2) Prepare el paquete<br \/>\nIntroduzca el art\u00edculo en su caja original (si la tiene) y este a su vez en una caja de cart\u00f3n para el env\u00edo. Le puede servir la que le hemos mandado originalmente u otra de dimensiones similares.<\/p>\n<p>3) Env\u00edelo<br \/>\nUna vez nos llegue el paquete le mandaremos otro art\u00edculo similar a la misma direcci\u00f3n que recibir\u00e1 a los pocos d\u00edas o le reembolsaremos el importe por PayPal.<\/p>\n<p>4) Reembolso<br \/>\nNos comprometemos a devolver el importe de alguna de estas formas:<\/p>\n<p>a) Devoluci\u00f3n del importe completo:<\/p>\n<p>Nos hacemos responsables de todos los gastos ocasionados a estos efectos, incluidos los gastos de devoluci\u00f3n, siempre que la devoluci\u00f3n se deba a un error en el env\u00edo, o el art\u00edculo llegue defectuoso.<\/p>\n<p>b) Devoluci\u00f3n del importe descontando los gastos de devoluci\u00f3n:<\/p>\n<p>En caso que la devoluci\u00f3n se deba a motivos personales del cliente, como por ejemplo un cambio de idea, esta se realizar\u00e1 descontando los gastos de env\u00edo ocasionados para la devoluci\u00f3n.<\/p>\n<p>Sin embargo, el derecho de desistimiento no se aplica a todo tipo de compras.<\/p>\n<p>En principio y salvo que se haya pactado lo contrario, no existe en bienes como:<\/p>\n<p>1) los discos, v\u00eddeos o programas inform\u00e1ticos desprecintados y los ficheros suministrados por v\u00eda electr\u00f3nica<\/p>\n<p>2) publicaciones como peri\u00f3dicos y revistas que puedan ser reproducidos o copiados con car\u00e1cter inmediato.<\/p>\n<p>3) bienes, que se destinen a la higiene corporal o que, por raz\u00f3n de su naturaleza, no puedan ser devueltos.<\/p>\n<p>La satisfacci\u00f3n de nuestros clientes es prioritaria, por eso en cada caso se intentar\u00e1 llegar a un acuerdo satisfactorio para ambas partes.<\/p>\n<h2>\u2028\u2028OTROS:<\/h2>\n<p>Los objetos se garantizan como descritos y fotografiados\/escaneados. Si piensa que la descripci\u00f3n es insuficiente o quiere otra foto\/descripci\u00f3n, pregunte antes de comprar.<\/p>\n","protected":false},"excerpt":{"rendered":"<p>Page only available in Spanish POL\u00cdTICAS DE VENTA, PAGOS, ENV\u00cdOS y DESISTIMIENTO SI TIENE ALGUNA PREGUNTA O ALGUNA DUDA CONT\u00c1CTENOS ANTES DE COMPRAR. Comprando un articulo en la tienda online ZONA CARPE DIEM, el&#46;&#46;&#46;<\/p>\n","protected":false},"author":1,"featured_media":0,"parent":0,"menu_order":0,"comment_status":"closed","ping_status":"closed","template":"","meta":{"footnotes":""},"class_list":["post-2732","page","type-page","status-publish","hentry"],"yoast_head":"<!-- This site is optimized with the Yoast SEO plugin v26.7 - https:\/\/yoast.com\/wordpress\/plugins\/seo\/ -->\n<title>Pol\u00edticas de Venta, Pagos, Env\u00edos y Desistimiento - Zona Carpe Diem<\/title>\n<meta name=\"description\" content=\"Pol\u00edticas de Venta, Pagos, Env\u00edos y Desistimiento - Zona Carpe Diem\" \/>\n<meta name=\"robots\" content=\"index, follow, max-snippet:-1, max-image-preview:large, max-video-preview:-1\" \/>\n<link rel=\"canonical\" href=\"https:\/\/www.zonacarpediem.com\/en\/politicas-de-venta-pagos-envios-y-desistimiento\/\" \/>\n<meta property=\"og:locale\" content=\"en_US\" \/>\n<meta property=\"og:type\" content=\"article\" \/>\n<meta property=\"og:title\" content=\"Pol\u00edticas de Venta, Pagos, Env\u00edos y Desistimiento - Zona Carpe Diem\" \/>\n<meta property=\"og:description\" content=\"Pol\u00edticas de Venta, Pagos, Env\u00edos y Desistimiento - Zona Carpe Diem\" \/>\n<meta property=\"og:url\" content=\"https:\/\/www.zonacarpediem.com\/en\/politicas-de-venta-pagos-envios-y-desistimiento\/\" \/>\n<meta property=\"og:site_name\" content=\"Zona Carpe Diem\" \/>\n<meta property=\"article:publisher\" content=\"https:\/\/www.facebook.com\/ZonaCarpeDiem\" \/>\n<meta property=\"article:modified_time\" content=\"2026-01-08T12:16:42+00:00\" \/>\n<meta property=\"og:image\" content=\"https:\/\/www.zonacarpediem.com\/wp-content\/uploads\/2014\/04\/PayPal-verified-88x33.png\" \/>\n\t<meta property=\"og:image:width\" content=\"88\" \/>\n\t<meta property=\"og:image:height\" content=\"33\" \/>\n\t<meta property=\"og:image:type\" content=\"image\/png\" \/>\n<meta name=\"twitter:label1\" content=\"Est. reading time\" \/>\n\t<meta name=\"twitter:data1\" content=\"7 minutes\" \/>\n<script type=\"application\/ld+json\" class=\"yoast-schema-graph\">{\"@context\":\"https:\/\/schema.org\",\"@graph\":[{\"@type\":\"WebPage\",\"@id\":\"https:\/\/www.zonacarpediem.com\/en\/politicas-de-venta-pagos-envios-y-desistimiento\/\",\"url\":\"https:\/\/www.zonacarpediem.com\/en\/politicas-de-venta-pagos-envios-y-desistimiento\/\",\"name\":\"Pol\u00edticas de Venta, Pagos, Env\u00edos y Desistimiento - Zona Carpe Diem\",\"isPartOf\":{\"@id\":\"https:\/\/www.zonacarpediem.com\/en\/#website\"},\"primaryImageOfPage\":{\"@id\":\"https:\/\/www.zonacarpediem.com\/en\/politicas-de-venta-pagos-envios-y-desistimiento\/#primaryimage\"},\"image\":{\"@id\":\"https:\/\/www.zonacarpediem.com\/en\/politicas-de-venta-pagos-envios-y-desistimiento\/#primaryimage\"},\"thumbnailUrl\":\"https:\/\/www.zonacarpediem.com\/wp-content\/uploads\/2014\/04\/PayPal-verified-88x33.png\",\"datePublished\":\"2018-02-05T11:59:15+00:00\",\"dateModified\":\"2026-01-08T12:16:42+00:00\",\"description\":\"Pol\u00edticas de Venta, Pagos, Env\u00edos y Desistimiento - Zona Carpe Diem\",\"breadcrumb\":{\"@id\":\"https:\/\/www.zonacarpediem.com\/en\/politicas-de-venta-pagos-envios-y-desistimiento\/#breadcrumb\"},\"inLanguage\":\"en-US\",\"potentialAction\":[{\"@type\":\"ReadAction\",\"target\":[\"https:\/\/www.zonacarpediem.com\/en\/politicas-de-venta-pagos-envios-y-desistimiento\/\"]}]},{\"@type\":\"ImageObject\",\"inLanguage\":\"en-US\",\"@id\":\"https:\/\/www.zonacarpediem.com\/en\/politicas-de-venta-pagos-envios-y-desistimiento\/#primaryimage\",\"url\":\"https:\/\/www.zonacarpediem.com\/wp-content\/uploads\/2014\/04\/PayPal-verified-88x33.png\",\"contentUrl\":\"https:\/\/www.zonacarpediem.com\/wp-content\/uploads\/2014\/04\/PayPal-verified-88x33.png\"},{\"@type\":\"BreadcrumbList\",\"@id\":\"https:\/\/www.zonacarpediem.com\/en\/politicas-de-venta-pagos-envios-y-desistimiento\/#breadcrumb\",\"itemListElement\":[{\"@type\":\"ListItem\",\"position\":1,\"name\":\"Home\",\"item\":\"https:\/\/www.zonacarpediem.com\/en\/home-us\/\"},{\"@type\":\"ListItem\",\"position\":2,\"name\":\"Pol\u00edticas de Venta, Pagos, Env\u00edos y Desistimiento\"}]},{\"@type\":\"WebSite\",\"@id\":\"https:\/\/www.zonacarpediem.com\/en\/#website\",\"url\":\"https:\/\/www.zonacarpediem.com\/en\/\",\"name\":\"Zona Carpe Diem\",\"description\":\"Buy with Confidence and Flirt with Brilliance, Passion Lives Here!\",\"publisher\":{\"@id\":\"https:\/\/www.zonacarpediem.com\/en\/#organization\"},\"potentialAction\":[{\"@type\":\"SearchAction\",\"target\":{\"@type\":\"EntryPoint\",\"urlTemplate\":\"https:\/\/www.zonacarpediem.com\/en\/?s={search_term_string}\"},\"query-input\":{\"@type\":\"PropertyValueSpecification\",\"valueRequired\":true,\"valueName\":\"search_term_string\"}}],\"inLanguage\":\"en-US\"},{\"@type\":\"Organization\",\"@id\":\"https:\/\/www.zonacarpediem.com\/en\/#organization\",\"name\":\"Zona Carpe Diem\",\"url\":\"https:\/\/www.zonacarpediem.com\/en\/\",\"logo\":{\"@type\":\"ImageObject\",\"inLanguage\":\"en-US\",\"@id\":\"https:\/\/www.zonacarpediem.com\/en\/#\/schema\/logo\/image\/\",\"url\":\"https:\/\/www.zonacarpediem.com\/wp-content\/uploads\/2016\/12\/ZCD-Logo-for-eBay-dec-2016-200x150px.png\",\"contentUrl\":\"https:\/\/www.zonacarpediem.com\/wp-content\/uploads\/2016\/12\/ZCD-Logo-for-eBay-dec-2016-200x150px.png\",\"width\":200,\"height\":150,\"caption\":\"Zona Carpe Diem\"},\"image\":{\"@id\":\"https:\/\/www.zonacarpediem.com\/en\/#\/schema\/logo\/image\/\"},\"sameAs\":[\"https:\/\/www.facebook.com\/ZonaCarpeDiem\"]}]}<\/script>\n<!-- \/ Yoast SEO plugin. -->","yoast_head_json":{"title":"Pol\u00edticas de Venta, Pagos, Env\u00edos y Desistimiento - Zona Carpe Diem","description":"Pol\u00edticas de Venta, Pagos, Env\u00edos y Desistimiento - Zona Carpe Diem","robots":{"index":"index","follow":"follow","max-snippet":"max-snippet:-1","max-image-preview":"max-image-preview:large","max-video-preview":"max-video-preview:-1"},"canonical":"https:\/\/www.zonacarpediem.com\/en\/politicas-de-venta-pagos-envios-y-desistimiento\/","og_locale":"en_US","og_type":"article","og_title":"Pol\u00edticas de Venta, Pagos, Env\u00edos y Desistimiento - Zona Carpe Diem","og_description":"Pol\u00edticas de Venta, Pagos, Env\u00edos y Desistimiento - Zona Carpe Diem","og_url":"https:\/\/www.zonacarpediem.com\/en\/politicas-de-venta-pagos-envios-y-desistimiento\/","og_site_name":"Zona Carpe Diem","article_publisher":"https:\/\/www.facebook.com\/ZonaCarpeDiem","article_modified_time":"2026-01-08T12:16:42+00:00","og_image":[{"width":88,"height":33,"url":"https:\/\/www.zonacarpediem.com\/wp-content\/uploads\/2014\/04\/PayPal-verified-88x33.png","type":"image\/png"}],"twitter_misc":{"Est. reading time":"7 minutes"},"schema":{"@context":"https:\/\/schema.org","@graph":[{"@type":"WebPage","@id":"https:\/\/www.zonacarpediem.com\/en\/politicas-de-venta-pagos-envios-y-desistimiento\/","url":"https:\/\/www.zonacarpediem.com\/en\/politicas-de-venta-pagos-envios-y-desistimiento\/","name":"Pol\u00edticas de Venta, Pagos, Env\u00edos y Desistimiento - Zona Carpe Diem","isPartOf":{"@id":"https:\/\/www.zonacarpediem.com\/en\/#website"},"primaryImageOfPage":{"@id":"https:\/\/www.zonacarpediem.com\/en\/politicas-de-venta-pagos-envios-y-desistimiento\/#primaryimage"},"image":{"@id":"https:\/\/www.zonacarpediem.com\/en\/politicas-de-venta-pagos-envios-y-desistimiento\/#primaryimage"},"thumbnailUrl":"https:\/\/www.zonacarpediem.com\/wp-content\/uploads\/2014\/04\/PayPal-verified-88x33.png","datePublished":"2018-02-05T11:59:15+00:00","dateModified":"2026-01-08T12:16:42+00:00","description":"Pol\u00edticas de Venta, Pagos, Env\u00edos y Desistimiento - Zona Carpe Diem","breadcrumb":{"@id":"https:\/\/www.zonacarpediem.com\/en\/politicas-de-venta-pagos-envios-y-desistimiento\/#breadcrumb"},"inLanguage":"en-US","potentialAction":[{"@type":"ReadAction","target":["https:\/\/www.zonacarpediem.com\/en\/politicas-de-venta-pagos-envios-y-desistimiento\/"]}]},{"@type":"ImageObject","inLanguage":"en-US","@id":"https:\/\/www.zonacarpediem.com\/en\/politicas-de-venta-pagos-envios-y-desistimiento\/#primaryimage","url":"https:\/\/www.zonacarpediem.com\/wp-content\/uploads\/2014\/04\/PayPal-verified-88x33.png","contentUrl":"https:\/\/www.zonacarpediem.com\/wp-content\/uploads\/2014\/04\/PayPal-verified-88x33.png"},{"@type":"BreadcrumbList","@id":"https:\/\/www.zonacarpediem.com\/en\/politicas-de-venta-pagos-envios-y-desistimiento\/#breadcrumb","itemListElement":[{"@type":"ListItem","position":1,"name":"Home","item":"https:\/\/www.zonacarpediem.com\/en\/home-us\/"},{"@type":"ListItem","position":2,"name":"Pol\u00edticas de Venta, Pagos, Env\u00edos y Desistimiento"}]},{"@type":"WebSite","@id":"https:\/\/www.zonacarpediem.com\/en\/#website","url":"https:\/\/www.zonacarpediem.com\/en\/","name":"Zona Carpe Diem","description":"Buy with Confidence and Flirt with Brilliance, Passion Lives Here!","publisher":{"@id":"https:\/\/www.zonacarpediem.com\/en\/#organization"},"potentialAction":[{"@type":"SearchAction","target":{"@type":"EntryPoint","urlTemplate":"https:\/\/www.zonacarpediem.com\/en\/?s={search_term_string}"},"query-input":{"@type":"PropertyValueSpecification","valueRequired":true,"valueName":"search_term_string"}}],"inLanguage":"en-US"},{"@type":"Organization","@id":"https:\/\/www.zonacarpediem.com\/en\/#organization","name":"Zona Carpe Diem","url":"https:\/\/www.zonacarpediem.com\/en\/","logo":{"@type":"ImageObject","inLanguage":"en-US","@id":"https:\/\/www.zonacarpediem.com\/en\/#\/schema\/logo\/image\/","url":"https:\/\/www.zonacarpediem.com\/wp-content\/uploads\/2016\/12\/ZCD-Logo-for-eBay-dec-2016-200x150px.png","contentUrl":"https:\/\/www.zonacarpediem.com\/wp-content\/uploads\/2016\/12\/ZCD-Logo-for-eBay-dec-2016-200x150px.png","width":200,"height":150,"caption":"Zona Carpe Diem"},"image":{"@id":"https:\/\/www.zonacarpediem.com\/en\/#\/schema\/logo\/image\/"},"sameAs":["https:\/\/www.facebook.com\/ZonaCarpeDiem"]}]}},"_links":{"self":[{"href":"https:\/\/www.zonacarpediem.com\/en\/wp-json\/wp\/v2\/pages\/2732","targetHints":{"allow":["GET"]}}],"collection":[{"href":"https:\/\/www.zonacarpediem.com\/en\/wp-json\/wp\/v2\/pages"}],"about":[{"href":"https:\/\/www.zonacarpediem.com\/en\/wp-json\/wp\/v2\/types\/page"}],"author":[{"embeddable":true,"href":"https:\/\/www.zonacarpediem.com\/en\/wp-json\/wp\/v2\/users\/1"}],"replies":[{"embeddable":true,"href":"https:\/\/www.zonacarpediem.com\/en\/wp-json\/wp\/v2\/comments?post=2732"}],"version-history":[{"count":5,"href":"https:\/\/www.zonacarpediem.com\/en\/wp-json\/wp\/v2\/pages\/2732\/revisions"}],"predecessor-version":[{"id":6585,"href":"https:\/\/www.zonacarpediem.com\/en\/wp-json\/wp\/v2\/pages\/2732\/revisions\/6585"}],"wp:attachment":[{"href":"https:\/\/www.zonacarpediem.com\/en\/wp-json\/wp\/v2\/media?parent=2732"}],"curies":[{"name":"wp","href":"https:\/\/api.w.org\/{rel}","templated":true}]}}