{"id":1837,"date":"2018-01-08T17:43:53","date_gmt":"2018-01-08T16:43:53","guid":{"rendered":"https:\/\/www.zonacarpediem.com\/?post_type=product&#038;p=1837"},"modified":"2025-12-28T10:13:57","modified_gmt":"2025-12-28T09:13:57","slug":"colgante-ying-yang","status":"publish","type":"product","link":"https:\/\/www.zonacarpediem.com\/en\/shop\/mystical-esoteric-and-religious-jewelery\/colgante-ying-yang\/","title":{"rendered":"Colgante YING YANG negro"},"content":{"rendered":"<p>Colgante Amuleto YING YANG negro en acero, armoniza equilibrio espiritual, fomenta amistad, la relaci\u00f3n de pareja, el amor y el compromiso.<\/p>\n<p>El yin y el yang son las dos fuerzas b\u00e1sicas que desdoblan el Chi (fuerza vital universal). El yin simboliza lo femenino y el yang lo masculino. Ambos aseguran el equilibrio del cosmos y la uni\u00f3n de los contrarios. El juego de ondas representa las fuerzas cambiantes y el fluir de los elementos encadenados unos a otros. Significado como talism\u00e1n o amuleto: Sirve para armonizar el equilibrio espiritual. Fomenta la amistad, la relaci\u00f3n de pareja, el amor y el compromiso.<\/p>\n<p>El Yyin y yang es un concepto fundamentado en la dualidad de todo lo existente en el universo seg\u00fan la filosof\u00eda oriental, en la que surge. Describe las dos fuerzas fundamentales aparentemente opuestas y complementarias, que se encuentran en todas las cosas. En todo se sigue este patr\u00f3n: luz\/oscuridad, sonido\/silencio, calor\/fri\u00f3, movimiento\/quietud, vida\/muerte, mente\/cuerpo, masculino\/femenino, etc. El yin es el principio femenino, la tierra,<br \/>\nla oscuridad, la pasividad y la absorci\u00f3n. El yang es el principio masculino, el cielo, la luz, la actividad y la penetraci\u00f3n. Seg\u00fan esta idea, cada ser, objeto o pensamiento posee un complemento del que depende para su existencia y que a su vez existe dentro de \u00e9l mismo. De esto se deduce que nada existe en estado puro ni tampoco en absoluta quietud, sino en una continua transformaci\u00f3n. Adem\u00e1s, cualquier idea puede ser vista como su contraria si se la<br \/>\nmira desde otro punto de vista. En este sentido, la categorizaci\u00f3n s\u00f3lo lo ser\u00eda por conveniencia. La teor\u00eda del yin y el yang puede aplicarse a todos los conceptos existentes, por lo que sus aplicaciones ser\u00edan infinitas. Se puede aplicar el concepto al fluir del tiempo. Por ejemplo, el mediod\u00eda, cuando el sol se encuentra en lo m\u00e1s alto, es completamente yang; la media noche es completamente yin; el atardecer ser\u00eda el yang transform\u00e1ndose en<br \/>\nyin y el amanecer el yin transform\u00e1ndose en yang. Tambi\u00e9n se puede aplicar a las estaciones: el verano es yang, el invierno es yin; el oto\u00f1o es yang transform\u00e1ndose en yin y la primavera yin transform\u00e1ndose en yang. Tambi\u00e9n se puede aplicar a las direcciones: el norte es yin, el sur yang; el oeste yang que se transforma en yin y el este yin que se transforma en yang.<br \/>\nTambi\u00e9n se usa en el tratamiento de las enfermedades seg\u00fan las medicinas tradicionales asi\u00e1ticas, en las que con frecuencia se contrarrestan determinados s\u00edntomas con tratamientos regidos por el concepto opuesto. Por ejemplo, el enfriamiento, un s\u00edntoma yin, ser\u00eda tratado con comidas calientes, que son yang; una crisis nerviosa, yang, ser\u00eda tratada con comidas fr\u00edas (como frutas), que son yin.<\/p>\n","protected":false},"excerpt":{"rendered":"<p>Colgante Amuleto YING YANG negro en acero, armoniza EQUILIBRIO ESPIRITUAL, fomenta AMISTAD, la RELACI\u00d3N de PAREJA, el AMOR y el COMPROMISO.<\/p>\n","protected":false},"featured_media":1840,"template":"","meta":[],"product_brand":[],"product_cat":[165],"product_tag":[],"class_list":{"0":"post-1837","1":"product","2":"type-product","3":"status-publish","4":"has-post-thumbnail","6":"product_cat-mystical-esoteric-and-religious-jewelery","8":"first","9":"instock","10":"shipping-taxable","11":"purchasable","12":"product-type-simple"},"yoast_head":"<!-- This site is optimized with the Yoast SEO plugin v26.7 - https:\/\/yoast.com\/wordpress\/plugins\/seo\/ -->\n<title>Colgante YING YANG negro - Zona Carpe Diem<\/title>\n<meta name=\"description\" content=\"Comprar colgante YING YANG - armoniza EQUILIBRIO ESPIRITUAL, fomenta AMISTAD, la RELACI\u00d3N de PAREJA, el AMOR y el COMPROMISO.\" \/>\n<meta name=\"robots\" content=\"index, follow, max-snippet:-1, max-image-preview:large, max-video-preview:-1\" \/>\n<link rel=\"canonical\" href=\"https:\/\/www.zonacarpediem.com\/en\/shop\/mystical-esoteric-and-religious-jewelery\/colgante-ying-yang\/\" \/>\n<meta property=\"og:locale\" content=\"en_US\" \/>\n<meta property=\"og:type\" content=\"article\" \/>\n<meta property=\"og:title\" content=\"Colgante YING YANG negro - Zona Carpe Diem\" \/>\n<meta property=\"og:description\" content=\"Comprar colgante YING YANG - armoniza EQUILIBRIO ESPIRITUAL, fomenta AMISTAD, la RELACI\u00d3N de PAREJA, el AMOR y el COMPROMISO.\" \/>\n<meta property=\"og:url\" content=\"https:\/\/www.zonacarpediem.com\/en\/shop\/mystical-esoteric-and-religious-jewelery\/colgante-ying-yang\/\" \/>\n<meta property=\"og:site_name\" content=\"Zona Carpe Diem\" \/>\n<meta property=\"article:publisher\" content=\"https:\/\/www.facebook.com\/ZonaCarpeDiem\" \/>\n<meta property=\"article:modified_time\" content=\"2025-12-28T09:13:57+00:00\" \/>\n<meta property=\"og:image\" content=\"https:\/\/www.zonacarpediem.com\/wp-content\/uploads\/2018\/01\/s-l1600aa.jpg\" \/>\n\t<meta property=\"og:image:width\" content=\"880\" \/>\n\t<meta property=\"og:image:height\" content=\"588\" \/>\n\t<meta property=\"og:image:type\" content=\"image\/jpeg\" \/>\n<meta name=\"twitter:label1\" content=\"Est. reading time\" \/>\n\t<meta name=\"twitter:data1\" content=\"2 minutes\" \/>\n<script type=\"application\/ld+json\" class=\"yoast-schema-graph\">{\"@context\":\"https:\/\/schema.org\",\"@graph\":[{\"@type\":\"WebPage\",\"@id\":\"https:\/\/www.zonacarpediem.com\/en\/shop\/mystical-esoteric-and-religious-jewelery\/colgante-ying-yang\/\",\"url\":\"https:\/\/www.zonacarpediem.com\/en\/shop\/mystical-esoteric-and-religious-jewelery\/colgante-ying-yang\/\",\"name\":\"Colgante YING YANG negro - Zona Carpe Diem\",\"isPartOf\":{\"@id\":\"https:\/\/www.zonacarpediem.com\/en\/#website\"},\"primaryImageOfPage\":{\"@id\":\"https:\/\/www.zonacarpediem.com\/en\/shop\/mystical-esoteric-and-religious-jewelery\/colgante-ying-yang\/#primaryimage\"},\"image\":{\"@id\":\"https:\/\/www.zonacarpediem.com\/en\/shop\/mystical-esoteric-and-religious-jewelery\/colgante-ying-yang\/#primaryimage\"},\"thumbnailUrl\":\"https:\/\/www.zonacarpediem.com\/wp-content\/uploads\/2018\/01\/s-l1600aa.jpg\",\"datePublished\":\"2018-01-08T16:43:53+00:00\",\"dateModified\":\"2025-12-28T09:13:57+00:00\",\"description\":\"Comprar colgante YING YANG - armoniza EQUILIBRIO ESPIRITUAL, fomenta AMISTAD, la RELACI\u00d3N de PAREJA, el AMOR y el COMPROMISO.\",\"breadcrumb\":{\"@id\":\"https:\/\/www.zonacarpediem.com\/en\/shop\/mystical-esoteric-and-religious-jewelery\/colgante-ying-yang\/#breadcrumb\"},\"inLanguage\":\"en-US\",\"potentialAction\":[{\"@type\":\"ReadAction\",\"target\":[\"https:\/\/www.zonacarpediem.com\/en\/shop\/mystical-esoteric-and-religious-jewelery\/colgante-ying-yang\/\"]}]},{\"@type\":\"ImageObject\",\"inLanguage\":\"en-US\",\"@id\":\"https:\/\/www.zonacarpediem.com\/en\/shop\/mystical-esoteric-and-religious-jewelery\/colgante-ying-yang\/#primaryimage\",\"url\":\"https:\/\/www.zonacarpediem.com\/wp-content\/uploads\/2018\/01\/s-l1600aa.jpg\",\"contentUrl\":\"https:\/\/www.zonacarpediem.com\/wp-content\/uploads\/2018\/01\/s-l1600aa.jpg\",\"width\":880,\"height\":588},{\"@type\":\"BreadcrumbList\",\"@id\":\"https:\/\/www.zonacarpediem.com\/en\/shop\/mystical-esoteric-and-religious-jewelery\/colgante-ying-yang\/#breadcrumb\",\"itemListElement\":[{\"@type\":\"ListItem\",\"position\":1,\"name\":\"Home\",\"item\":\"https:\/\/www.zonacarpediem.com\/en\/home-us\/\"},{\"@type\":\"ListItem\",\"position\":2,\"name\":\"Products\",\"item\":\"https:\/\/www.zonacarpediem.com\/en\/products\/\"},{\"@type\":\"ListItem\",\"position\":3,\"name\":\"Colgante YING YANG negro\"}]},{\"@type\":\"WebSite\",\"@id\":\"https:\/\/www.zonacarpediem.com\/en\/#website\",\"url\":\"https:\/\/www.zonacarpediem.com\/en\/\",\"name\":\"Zona Carpe Diem\",\"description\":\"Buy with Confidence and Flirt with Brilliance, Passion Lives Here!\",\"publisher\":{\"@id\":\"https:\/\/www.zonacarpediem.com\/en\/#organization\"},\"potentialAction\":[{\"@type\":\"SearchAction\",\"target\":{\"@type\":\"EntryPoint\",\"urlTemplate\":\"https:\/\/www.zonacarpediem.com\/en\/?s={search_term_string}\"},\"query-input\":{\"@type\":\"PropertyValueSpecification\",\"valueRequired\":true,\"valueName\":\"search_term_string\"}}],\"inLanguage\":\"en-US\"},{\"@type\":\"Organization\",\"@id\":\"https:\/\/www.zonacarpediem.com\/en\/#organization\",\"name\":\"Zona Carpe Diem\",\"url\":\"https:\/\/www.zonacarpediem.com\/en\/\",\"logo\":{\"@type\":\"ImageObject\",\"inLanguage\":\"en-US\",\"@id\":\"https:\/\/www.zonacarpediem.com\/en\/#\/schema\/logo\/image\/\",\"url\":\"https:\/\/www.zonacarpediem.com\/wp-content\/uploads\/2016\/12\/ZCD-Logo-for-eBay-dec-2016-200x150px.png\",\"contentUrl\":\"https:\/\/www.zonacarpediem.com\/wp-content\/uploads\/2016\/12\/ZCD-Logo-for-eBay-dec-2016-200x150px.png\",\"width\":200,\"height\":150,\"caption\":\"Zona Carpe Diem\"},\"image\":{\"@id\":\"https:\/\/www.zonacarpediem.com\/en\/#\/schema\/logo\/image\/\"},\"sameAs\":[\"https:\/\/www.facebook.com\/ZonaCarpeDiem\"]}]}<\/script>\n<!-- \/ Yoast SEO plugin. -->","yoast_head_json":{"title":"Colgante YING YANG negro - Zona Carpe Diem","description":"Comprar colgante YING YANG - armoniza EQUILIBRIO ESPIRITUAL, fomenta AMISTAD, la RELACI\u00d3N de PAREJA, el AMOR y el COMPROMISO.","robots":{"index":"index","follow":"follow","max-snippet":"max-snippet:-1","max-image-preview":"max-image-preview:large","max-video-preview":"max-video-preview:-1"},"canonical":"https:\/\/www.zonacarpediem.com\/en\/shop\/mystical-esoteric-and-religious-jewelery\/colgante-ying-yang\/","og_locale":"en_US","og_type":"article","og_title":"Colgante YING YANG negro - Zona Carpe Diem","og_description":"Comprar colgante YING YANG - armoniza EQUILIBRIO ESPIRITUAL, fomenta AMISTAD, la RELACI\u00d3N de PAREJA, el AMOR y el COMPROMISO.","og_url":"https:\/\/www.zonacarpediem.com\/en\/shop\/mystical-esoteric-and-religious-jewelery\/colgante-ying-yang\/","og_site_name":"Zona Carpe Diem","article_publisher":"https:\/\/www.facebook.com\/ZonaCarpeDiem","article_modified_time":"2025-12-28T09:13:57+00:00","og_image":[{"width":880,"height":588,"url":"https:\/\/www.zonacarpediem.com\/wp-content\/uploads\/2018\/01\/s-l1600aa.jpg","type":"image\/jpeg"}],"twitter_misc":{"Est. reading time":"2 minutes"},"schema":{"@context":"https:\/\/schema.org","@graph":[{"@type":"WebPage","@id":"https:\/\/www.zonacarpediem.com\/en\/shop\/mystical-esoteric-and-religious-jewelery\/colgante-ying-yang\/","url":"https:\/\/www.zonacarpediem.com\/en\/shop\/mystical-esoteric-and-religious-jewelery\/colgante-ying-yang\/","name":"Colgante YING YANG negro - Zona Carpe Diem","isPartOf":{"@id":"https:\/\/www.zonacarpediem.com\/en\/#website"},"primaryImageOfPage":{"@id":"https:\/\/www.zonacarpediem.com\/en\/shop\/mystical-esoteric-and-religious-jewelery\/colgante-ying-yang\/#primaryimage"},"image":{"@id":"https:\/\/www.zonacarpediem.com\/en\/shop\/mystical-esoteric-and-religious-jewelery\/colgante-ying-yang\/#primaryimage"},"thumbnailUrl":"https:\/\/www.zonacarpediem.com\/wp-content\/uploads\/2018\/01\/s-l1600aa.jpg","datePublished":"2018-01-08T16:43:53+00:00","dateModified":"2025-12-28T09:13:57+00:00","description":"Comprar colgante YING YANG - armoniza EQUILIBRIO ESPIRITUAL, fomenta AMISTAD, la RELACI\u00d3N de PAREJA, el AMOR y el COMPROMISO.","breadcrumb":{"@id":"https:\/\/www.zonacarpediem.com\/en\/shop\/mystical-esoteric-and-religious-jewelery\/colgante-ying-yang\/#breadcrumb"},"inLanguage":"en-US","potentialAction":[{"@type":"ReadAction","target":["https:\/\/www.zonacarpediem.com\/en\/shop\/mystical-esoteric-and-religious-jewelery\/colgante-ying-yang\/"]}]},{"@type":"ImageObject","inLanguage":"en-US","@id":"https:\/\/www.zonacarpediem.com\/en\/shop\/mystical-esoteric-and-religious-jewelery\/colgante-ying-yang\/#primaryimage","url":"https:\/\/www.zonacarpediem.com\/wp-content\/uploads\/2018\/01\/s-l1600aa.jpg","contentUrl":"https:\/\/www.zonacarpediem.com\/wp-content\/uploads\/2018\/01\/s-l1600aa.jpg","width":880,"height":588},{"@type":"BreadcrumbList","@id":"https:\/\/www.zonacarpediem.com\/en\/shop\/mystical-esoteric-and-religious-jewelery\/colgante-ying-yang\/#breadcrumb","itemListElement":[{"@type":"ListItem","position":1,"name":"Home","item":"https:\/\/www.zonacarpediem.com\/en\/home-us\/"},{"@type":"ListItem","position":2,"name":"Products","item":"https:\/\/www.zonacarpediem.com\/en\/products\/"},{"@type":"ListItem","position":3,"name":"Colgante YING YANG negro"}]},{"@type":"WebSite","@id":"https:\/\/www.zonacarpediem.com\/en\/#website","url":"https:\/\/www.zonacarpediem.com\/en\/","name":"Zona Carpe Diem","description":"Buy with Confidence and Flirt with Brilliance, Passion Lives Here!","publisher":{"@id":"https:\/\/www.zonacarpediem.com\/en\/#organization"},"potentialAction":[{"@type":"SearchAction","target":{"@type":"EntryPoint","urlTemplate":"https:\/\/www.zonacarpediem.com\/en\/?s={search_term_string}"},"query-input":{"@type":"PropertyValueSpecification","valueRequired":true,"valueName":"search_term_string"}}],"inLanguage":"en-US"},{"@type":"Organization","@id":"https:\/\/www.zonacarpediem.com\/en\/#organization","name":"Zona Carpe Diem","url":"https:\/\/www.zonacarpediem.com\/en\/","logo":{"@type":"ImageObject","inLanguage":"en-US","@id":"https:\/\/www.zonacarpediem.com\/en\/#\/schema\/logo\/image\/","url":"https:\/\/www.zonacarpediem.com\/wp-content\/uploads\/2016\/12\/ZCD-Logo-for-eBay-dec-2016-200x150px.png","contentUrl":"https:\/\/www.zonacarpediem.com\/wp-content\/uploads\/2016\/12\/ZCD-Logo-for-eBay-dec-2016-200x150px.png","width":200,"height":150,"caption":"Zona Carpe Diem"},"image":{"@id":"https:\/\/www.zonacarpediem.com\/en\/#\/schema\/logo\/image\/"},"sameAs":["https:\/\/www.facebook.com\/ZonaCarpeDiem"]}]}},"_links":{"self":[{"href":"https:\/\/www.zonacarpediem.com\/en\/wp-json\/wp\/v2\/product\/1837","targetHints":{"allow":["GET"]}}],"collection":[{"href":"https:\/\/www.zonacarpediem.com\/en\/wp-json\/wp\/v2\/product"}],"about":[{"href":"https:\/\/www.zonacarpediem.com\/en\/wp-json\/wp\/v2\/types\/product"}],"wp:featuredmedia":[{"embeddable":true,"href":"https:\/\/www.zonacarpediem.com\/en\/wp-json\/wp\/v2\/media\/1840"}],"wp:attachment":[{"href":"https:\/\/www.zonacarpediem.com\/en\/wp-json\/wp\/v2\/media?parent=1837"}],"wp:term":[{"taxonomy":"product_brand","embeddable":true,"href":"https:\/\/www.zonacarpediem.com\/en\/wp-json\/wp\/v2\/product_brand?post=1837"},{"taxonomy":"product_cat","embeddable":true,"href":"https:\/\/www.zonacarpediem.com\/en\/wp-json\/wp\/v2\/product_cat?post=1837"},{"taxonomy":"product_tag","embeddable":true,"href":"https:\/\/www.zonacarpediem.com\/en\/wp-json\/wp\/v2\/product_tag?post=1837"}],"curies":[{"name":"wp","href":"https:\/\/api.w.org\/{rel}","templated":true}]}}