{"id":1855,"date":"2018-01-08T18:39:32","date_gmt":"2018-01-08T17:39:32","guid":{"rendered":"https:\/\/www.zonacarpediem.com\/?post_type=product&#038;p=1855"},"modified":"2023-10-11T08:50:20","modified_gmt":"2023-10-11T06:50:20","slug":"colgante-arcangel-san-gabriel","status":"publish","type":"product","link":"https:\/\/www.zonacarpediem.com\/en\/shop\/mystical-esoteric-and-religious-jewelery\/colgante-arcangel-san-gabriel\/","title":{"rendered":"Colgante Sello ARC\u00c1NGEL SAN GABRIEL"},"content":{"rendered":"<p>Colgante Sello ARC\u00c1NGEL SAN GABRIEL (lat. GABRIEL) en PLATA de LEY, sabidur\u00eda y fortaleza.<\/p>\n<p>Gabriel es considerado el Arc\u00e1ngel de los sue\u00f1os, las premoniciones y la clarividencia.<br \/>\nGabriel est\u00e1 asociado con la luna y el elemento Agua.<\/p>\n<p>Sin embargo algunas tradiciones lo asocian con el aire y en el Tercer libro de Enoc, se dice que Gabriel rige el fuego. Debido a que el agua y la Luna simbolizan las emociones, Gabriel es el arc\u00e1ngel de las mismas. La luna tambi\u00e9n representa lo femenino y Gabriel cuida las mujeres as\u00ed como de los aspectos femeninos de los hombres.<\/p>\n","protected":false},"excerpt":{"rendered":"<p>Colgante Sello ARC\u00c1NGEL SAN GABRIEL (lat. GABRIEL) en PLATA de LEY, s\u00edmbolo de sabidur\u00eda y fortaleza.<\/p>\n","protected":false},"featured_media":1858,"template":"","meta":[],"product_brand":[],"product_cat":[165],"product_tag":[],"class_list":{"0":"post-1855","1":"product","2":"type-product","3":"status-publish","4":"has-post-thumbnail","6":"product_cat-mystical-esoteric-and-religious-jewelery","8":"first","9":"instock","10":"shipping-taxable","11":"purchasable","12":"product-type-simple"},"yoast_head":"<!-- This site is optimized with the Yoast SEO plugin v26.7 - https:\/\/yoast.com\/wordpress\/plugins\/seo\/ -->\n<title>Colgante Sello ARC\u00c1NGEL SAN GABRIEL - Zona Carpe Diem<\/title>\n<meta name=\"description\" content=\"Comprar colgante sello ARC\u00c1NGEL SAN GABRIEL - s\u00edmbolo de Sabidur\u00eda y Fortaleza\" \/>\n<meta name=\"robots\" content=\"index, follow, max-snippet:-1, max-image-preview:large, max-video-preview:-1\" \/>\n<link rel=\"canonical\" href=\"https:\/\/www.zonacarpediem.com\/en\/shop\/mystical-esoteric-and-religious-jewelery\/colgante-arcangel-san-gabriel\/\" \/>\n<meta property=\"og:locale\" content=\"en_US\" \/>\n<meta property=\"og:type\" content=\"article\" \/>\n<meta property=\"og:title\" content=\"Colgante Sello ARC\u00c1NGEL SAN GABRIEL - Zona Carpe Diem\" \/>\n<meta property=\"og:description\" content=\"Comprar colgante sello ARC\u00c1NGEL SAN GABRIEL - s\u00edmbolo de Sabidur\u00eda y Fortaleza\" \/>\n<meta property=\"og:url\" content=\"https:\/\/www.zonacarpediem.com\/en\/shop\/mystical-esoteric-and-religious-jewelery\/colgante-arcangel-san-gabriel\/\" \/>\n<meta property=\"og:site_name\" content=\"Zona Carpe Diem\" \/>\n<meta property=\"article:publisher\" content=\"https:\/\/www.facebook.com\/ZonaCarpeDiem\" \/>\n<meta property=\"article:modified_time\" content=\"2023-10-11T06:50:20+00:00\" \/>\n<meta property=\"og:image\" content=\"https:\/\/www.zonacarpediem.com\/wp-content\/uploads\/2018\/01\/s-l500-10.jpg\" \/>\n\t<meta property=\"og:image:width\" content=\"500\" \/>\n\t<meta property=\"og:image:height\" content=\"334\" \/>\n\t<meta property=\"og:image:type\" content=\"image\/jpeg\" \/>\n<meta name=\"twitter:label1\" content=\"Est. reading time\" \/>\n\t<meta name=\"twitter:data1\" content=\"1 minute\" \/>\n<script type=\"application\/ld+json\" class=\"yoast-schema-graph\">{\"@context\":\"https:\/\/schema.org\",\"@graph\":[{\"@type\":\"WebPage\",\"@id\":\"https:\/\/www.zonacarpediem.com\/en\/shop\/mystical-esoteric-and-religious-jewelery\/colgante-arcangel-san-gabriel\/\",\"url\":\"https:\/\/www.zonacarpediem.com\/en\/shop\/mystical-esoteric-and-religious-jewelery\/colgante-arcangel-san-gabriel\/\",\"name\":\"Colgante Sello ARC\u00c1NGEL SAN GABRIEL - Zona Carpe Diem\",\"isPartOf\":{\"@id\":\"https:\/\/www.zonacarpediem.com\/en\/#website\"},\"primaryImageOfPage\":{\"@id\":\"https:\/\/www.zonacarpediem.com\/en\/shop\/mystical-esoteric-and-religious-jewelery\/colgante-arcangel-san-gabriel\/#primaryimage\"},\"image\":{\"@id\":\"https:\/\/www.zonacarpediem.com\/en\/shop\/mystical-esoteric-and-religious-jewelery\/colgante-arcangel-san-gabriel\/#primaryimage\"},\"thumbnailUrl\":\"https:\/\/www.zonacarpediem.com\/wp-content\/uploads\/2018\/01\/s-l500-10.jpg\",\"datePublished\":\"2018-01-08T17:39:32+00:00\",\"dateModified\":\"2023-10-11T06:50:20+00:00\",\"description\":\"Comprar colgante sello ARC\u00c1NGEL SAN GABRIEL - s\u00edmbolo de Sabidur\u00eda y Fortaleza\",\"breadcrumb\":{\"@id\":\"https:\/\/www.zonacarpediem.com\/en\/shop\/mystical-esoteric-and-religious-jewelery\/colgante-arcangel-san-gabriel\/#breadcrumb\"},\"inLanguage\":\"en-US\",\"potentialAction\":[{\"@type\":\"ReadAction\",\"target\":[\"https:\/\/www.zonacarpediem.com\/en\/shop\/mystical-esoteric-and-religious-jewelery\/colgante-arcangel-san-gabriel\/\"]}]},{\"@type\":\"ImageObject\",\"inLanguage\":\"en-US\",\"@id\":\"https:\/\/www.zonacarpediem.com\/en\/shop\/mystical-esoteric-and-religious-jewelery\/colgante-arcangel-san-gabriel\/#primaryimage\",\"url\":\"https:\/\/www.zonacarpediem.com\/wp-content\/uploads\/2018\/01\/s-l500-10.jpg\",\"contentUrl\":\"https:\/\/www.zonacarpediem.com\/wp-content\/uploads\/2018\/01\/s-l500-10.jpg\",\"width\":500,\"height\":334},{\"@type\":\"BreadcrumbList\",\"@id\":\"https:\/\/www.zonacarpediem.com\/en\/shop\/mystical-esoteric-and-religious-jewelery\/colgante-arcangel-san-gabriel\/#breadcrumb\",\"itemListElement\":[{\"@type\":\"ListItem\",\"position\":1,\"name\":\"Home\",\"item\":\"https:\/\/www.zonacarpediem.com\/en\/home-us\/\"},{\"@type\":\"ListItem\",\"position\":2,\"name\":\"Products\",\"item\":\"https:\/\/www.zonacarpediem.com\/en\/products\/\"},{\"@type\":\"ListItem\",\"position\":3,\"name\":\"Colgante Sello ARC\u00c1NGEL SAN GABRIEL\"}]},{\"@type\":\"WebSite\",\"@id\":\"https:\/\/www.zonacarpediem.com\/en\/#website\",\"url\":\"https:\/\/www.zonacarpediem.com\/en\/\",\"name\":\"Zona Carpe Diem\",\"description\":\"Buy with Confidence and Flirt with Brilliance, Passion Lives Here!\",\"publisher\":{\"@id\":\"https:\/\/www.zonacarpediem.com\/en\/#organization\"},\"potentialAction\":[{\"@type\":\"SearchAction\",\"target\":{\"@type\":\"EntryPoint\",\"urlTemplate\":\"https:\/\/www.zonacarpediem.com\/en\/?s={search_term_string}\"},\"query-input\":{\"@type\":\"PropertyValueSpecification\",\"valueRequired\":true,\"valueName\":\"search_term_string\"}}],\"inLanguage\":\"en-US\"},{\"@type\":\"Organization\",\"@id\":\"https:\/\/www.zonacarpediem.com\/en\/#organization\",\"name\":\"Zona Carpe Diem\",\"url\":\"https:\/\/www.zonacarpediem.com\/en\/\",\"logo\":{\"@type\":\"ImageObject\",\"inLanguage\":\"en-US\",\"@id\":\"https:\/\/www.zonacarpediem.com\/en\/#\/schema\/logo\/image\/\",\"url\":\"https:\/\/www.zonacarpediem.com\/wp-content\/uploads\/2016\/12\/ZCD-Logo-for-eBay-dec-2016-200x150px.png\",\"contentUrl\":\"https:\/\/www.zonacarpediem.com\/wp-content\/uploads\/2016\/12\/ZCD-Logo-for-eBay-dec-2016-200x150px.png\",\"width\":200,\"height\":150,\"caption\":\"Zona Carpe Diem\"},\"image\":{\"@id\":\"https:\/\/www.zonacarpediem.com\/en\/#\/schema\/logo\/image\/\"},\"sameAs\":[\"https:\/\/www.facebook.com\/ZonaCarpeDiem\"]}]}<\/script>\n<!-- \/ Yoast SEO plugin. -->","yoast_head_json":{"title":"Colgante Sello ARC\u00c1NGEL SAN GABRIEL - Zona Carpe Diem","description":"Comprar colgante sello ARC\u00c1NGEL SAN GABRIEL - s\u00edmbolo de Sabidur\u00eda y Fortaleza","robots":{"index":"index","follow":"follow","max-snippet":"max-snippet:-1","max-image-preview":"max-image-preview:large","max-video-preview":"max-video-preview:-1"},"canonical":"https:\/\/www.zonacarpediem.com\/en\/shop\/mystical-esoteric-and-religious-jewelery\/colgante-arcangel-san-gabriel\/","og_locale":"en_US","og_type":"article","og_title":"Colgante Sello ARC\u00c1NGEL SAN GABRIEL - Zona Carpe Diem","og_description":"Comprar colgante sello ARC\u00c1NGEL SAN GABRIEL - s\u00edmbolo de Sabidur\u00eda y Fortaleza","og_url":"https:\/\/www.zonacarpediem.com\/en\/shop\/mystical-esoteric-and-religious-jewelery\/colgante-arcangel-san-gabriel\/","og_site_name":"Zona Carpe Diem","article_publisher":"https:\/\/www.facebook.com\/ZonaCarpeDiem","article_modified_time":"2023-10-11T06:50:20+00:00","og_image":[{"width":500,"height":334,"url":"https:\/\/www.zonacarpediem.com\/wp-content\/uploads\/2018\/01\/s-l500-10.jpg","type":"image\/jpeg"}],"twitter_misc":{"Est. reading time":"1 minute"},"schema":{"@context":"https:\/\/schema.org","@graph":[{"@type":"WebPage","@id":"https:\/\/www.zonacarpediem.com\/en\/shop\/mystical-esoteric-and-religious-jewelery\/colgante-arcangel-san-gabriel\/","url":"https:\/\/www.zonacarpediem.com\/en\/shop\/mystical-esoteric-and-religious-jewelery\/colgante-arcangel-san-gabriel\/","name":"Colgante Sello ARC\u00c1NGEL SAN GABRIEL - Zona Carpe Diem","isPartOf":{"@id":"https:\/\/www.zonacarpediem.com\/en\/#website"},"primaryImageOfPage":{"@id":"https:\/\/www.zonacarpediem.com\/en\/shop\/mystical-esoteric-and-religious-jewelery\/colgante-arcangel-san-gabriel\/#primaryimage"},"image":{"@id":"https:\/\/www.zonacarpediem.com\/en\/shop\/mystical-esoteric-and-religious-jewelery\/colgante-arcangel-san-gabriel\/#primaryimage"},"thumbnailUrl":"https:\/\/www.zonacarpediem.com\/wp-content\/uploads\/2018\/01\/s-l500-10.jpg","datePublished":"2018-01-08T17:39:32+00:00","dateModified":"2023-10-11T06:50:20+00:00","description":"Comprar colgante sello ARC\u00c1NGEL SAN GABRIEL - s\u00edmbolo de Sabidur\u00eda y Fortaleza","breadcrumb":{"@id":"https:\/\/www.zonacarpediem.com\/en\/shop\/mystical-esoteric-and-religious-jewelery\/colgante-arcangel-san-gabriel\/#breadcrumb"},"inLanguage":"en-US","potentialAction":[{"@type":"ReadAction","target":["https:\/\/www.zonacarpediem.com\/en\/shop\/mystical-esoteric-and-religious-jewelery\/colgante-arcangel-san-gabriel\/"]}]},{"@type":"ImageObject","inLanguage":"en-US","@id":"https:\/\/www.zonacarpediem.com\/en\/shop\/mystical-esoteric-and-religious-jewelery\/colgante-arcangel-san-gabriel\/#primaryimage","url":"https:\/\/www.zonacarpediem.com\/wp-content\/uploads\/2018\/01\/s-l500-10.jpg","contentUrl":"https:\/\/www.zonacarpediem.com\/wp-content\/uploads\/2018\/01\/s-l500-10.jpg","width":500,"height":334},{"@type":"BreadcrumbList","@id":"https:\/\/www.zonacarpediem.com\/en\/shop\/mystical-esoteric-and-religious-jewelery\/colgante-arcangel-san-gabriel\/#breadcrumb","itemListElement":[{"@type":"ListItem","position":1,"name":"Home","item":"https:\/\/www.zonacarpediem.com\/en\/home-us\/"},{"@type":"ListItem","position":2,"name":"Products","item":"https:\/\/www.zonacarpediem.com\/en\/products\/"},{"@type":"ListItem","position":3,"name":"Colgante Sello ARC\u00c1NGEL SAN GABRIEL"}]},{"@type":"WebSite","@id":"https:\/\/www.zonacarpediem.com\/en\/#website","url":"https:\/\/www.zonacarpediem.com\/en\/","name":"Zona Carpe Diem","description":"Buy with Confidence and Flirt with Brilliance, Passion Lives Here!","publisher":{"@id":"https:\/\/www.zonacarpediem.com\/en\/#organization"},"potentialAction":[{"@type":"SearchAction","target":{"@type":"EntryPoint","urlTemplate":"https:\/\/www.zonacarpediem.com\/en\/?s={search_term_string}"},"query-input":{"@type":"PropertyValueSpecification","valueRequired":true,"valueName":"search_term_string"}}],"inLanguage":"en-US"},{"@type":"Organization","@id":"https:\/\/www.zonacarpediem.com\/en\/#organization","name":"Zona Carpe Diem","url":"https:\/\/www.zonacarpediem.com\/en\/","logo":{"@type":"ImageObject","inLanguage":"en-US","@id":"https:\/\/www.zonacarpediem.com\/en\/#\/schema\/logo\/image\/","url":"https:\/\/www.zonacarpediem.com\/wp-content\/uploads\/2016\/12\/ZCD-Logo-for-eBay-dec-2016-200x150px.png","contentUrl":"https:\/\/www.zonacarpediem.com\/wp-content\/uploads\/2016\/12\/ZCD-Logo-for-eBay-dec-2016-200x150px.png","width":200,"height":150,"caption":"Zona Carpe Diem"},"image":{"@id":"https:\/\/www.zonacarpediem.com\/en\/#\/schema\/logo\/image\/"},"sameAs":["https:\/\/www.facebook.com\/ZonaCarpeDiem"]}]}},"_links":{"self":[{"href":"https:\/\/www.zonacarpediem.com\/en\/wp-json\/wp\/v2\/product\/1855","targetHints":{"allow":["GET"]}}],"collection":[{"href":"https:\/\/www.zonacarpediem.com\/en\/wp-json\/wp\/v2\/product"}],"about":[{"href":"https:\/\/www.zonacarpediem.com\/en\/wp-json\/wp\/v2\/types\/product"}],"wp:featuredmedia":[{"embeddable":true,"href":"https:\/\/www.zonacarpediem.com\/en\/wp-json\/wp\/v2\/media\/1858"}],"wp:attachment":[{"href":"https:\/\/www.zonacarpediem.com\/en\/wp-json\/wp\/v2\/media?parent=1855"}],"wp:term":[{"taxonomy":"product_brand","embeddable":true,"href":"https:\/\/www.zonacarpediem.com\/en\/wp-json\/wp\/v2\/product_brand?post=1855"},{"taxonomy":"product_cat","embeddable":true,"href":"https:\/\/www.zonacarpediem.com\/en\/wp-json\/wp\/v2\/product_cat?post=1855"},{"taxonomy":"product_tag","embeddable":true,"href":"https:\/\/www.zonacarpediem.com\/en\/wp-json\/wp\/v2\/product_tag?post=1855"}],"curies":[{"name":"wp","href":"https:\/\/api.w.org\/{rel}","templated":true}]}}