{"id":1946,"date":"2018-01-10T12:42:40","date_gmt":"2018-01-10T11:42:40","guid":{"rendered":"https:\/\/www.zonacarpediem.com\/?post_type=product&#038;p=1946"},"modified":"2024-01-20T17:16:13","modified_gmt":"2024-01-20T16:16:13","slug":"cuenco-tibetano-chakra","status":"publish","type":"product","link":"https:\/\/www.zonacarpediem.com\/en\/shop\/mystical-esoteric-and-religious-jewelery\/cuenco-tibetano-chakra\/","title":{"rendered":"Campana Cuenco Tibetano CHAKRA con COJ\u00cdN y MAZO"},"content":{"rendered":"<p>Campana Cuenco Tibetano, verde CHAKRA, con COJ\u00cdN y MAZO, para meditaci\u00f3n y oraci\u00f3n.<\/p>\n<p>Los cuencos son utilizados como herramientas de sanaci\u00f3n y meditaci\u00f3n, al ser tocados, su sonido sagrado, hace vibrar energ\u00e9ticamente el entorno, influyendo directamente sobre las personas y proporcionando una armon\u00eda y equilibrio a todos los niveles. Son muy valiosos para utilizar en terapias energ\u00e9ticas y para meditar. Al hacer sonar un cuenco, la vibraci\u00f3n act\u00faa directamente sobre nuestra aura, limpiandola y carg\u00e1ndola de nuevas energ\u00edas.<\/p>\n<p>Los cuencos son un tipo de campana pero al contrario, para hacerlos sonar tiene que estar apoyado en una base. Se tiene que rozar el mazo con los lados del cuenco para hacerlo vibrar y a su vez esto produce el sonido.<\/p>\n<p>En la pr\u00e1ctica los Budista usan los cuencos c\u00f3mo soporte para la meditaci\u00f3n y la oraci\u00f3n. El uso de estos cuencos en el Tibet es el principal objeto de muchos debates y muchas historias. Algunas personas dicen que se usan para la meditaci\u00f3n mientras que otras dicen que son herramientas m\u00e1gicas para la transformaci\u00f3n de uno mismo y de sus problemas.<\/p>\n","protected":false},"excerpt":{"rendered":"<p>Campana Cuenco Tibetano, verde CHAKRA, con COJ\u00cdN y MAZO, para meditaci\u00f3n y oraci\u00f3n.<\/p>\n","protected":false},"featured_media":1949,"template":"","meta":[],"product_brand":[],"product_cat":[168,167,165],"product_tag":[],"class_list":{"0":"post-1946","1":"product","2":"type-product","3":"status-publish","4":"has-post-thumbnail","6":"product_cat-ethnic-en","7":"product_cat-incense-and-essential-oils","8":"product_cat-mystical-esoteric-and-religious-jewelery","10":"first","11":"instock","12":"shipping-taxable","13":"purchasable","14":"product-type-simple"},"yoast_head":"<!-- This site is optimized with the Yoast SEO plugin v26.7 - https:\/\/yoast.com\/wordpress\/plugins\/seo\/ -->\n<title>Campana Cuenco Tibetano CHAKRA con COJ\u00cdN y MAZO - Zona Carpe Diem<\/title>\n<meta name=\"description\" content=\"Comprar CUENCO TIBETANO CHAKRA para meditaci\u00f3n y oraci\u00f3n.\" \/>\n<meta name=\"robots\" content=\"index, follow, max-snippet:-1, max-image-preview:large, max-video-preview:-1\" \/>\n<link rel=\"canonical\" href=\"https:\/\/www.zonacarpediem.com\/en\/shop\/mystical-esoteric-and-religious-jewelery\/cuenco-tibetano-chakra\/\" \/>\n<meta property=\"og:locale\" content=\"en_US\" \/>\n<meta property=\"og:type\" content=\"article\" \/>\n<meta property=\"og:title\" content=\"Campana Cuenco Tibetano CHAKRA con COJ\u00cdN y MAZO - Zona Carpe Diem\" \/>\n<meta property=\"og:description\" content=\"Comprar CUENCO TIBETANO CHAKRA para meditaci\u00f3n y oraci\u00f3n.\" \/>\n<meta property=\"og:url\" content=\"https:\/\/www.zonacarpediem.com\/en\/shop\/mystical-esoteric-and-religious-jewelery\/cuenco-tibetano-chakra\/\" \/>\n<meta property=\"og:site_name\" content=\"Zona Carpe Diem\" \/>\n<meta property=\"article:publisher\" content=\"https:\/\/www.facebook.com\/ZonaCarpeDiem\" \/>\n<meta property=\"article:modified_time\" content=\"2024-01-20T16:16:13+00:00\" \/>\n<meta property=\"og:image\" content=\"https:\/\/www.zonacarpediem.com\/wp-content\/uploads\/2018\/01\/s-l500-24.jpg\" \/>\n\t<meta property=\"og:image:width\" content=\"500\" \/>\n\t<meta property=\"og:image:height\" content=\"334\" \/>\n\t<meta property=\"og:image:type\" content=\"image\/jpeg\" \/>\n<meta name=\"twitter:label1\" content=\"Est. reading time\" \/>\n\t<meta name=\"twitter:data1\" content=\"1 minute\" \/>\n<script type=\"application\/ld+json\" class=\"yoast-schema-graph\">{\"@context\":\"https:\/\/schema.org\",\"@graph\":[{\"@type\":\"WebPage\",\"@id\":\"https:\/\/www.zonacarpediem.com\/en\/shop\/mystical-esoteric-and-religious-jewelery\/cuenco-tibetano-chakra\/\",\"url\":\"https:\/\/www.zonacarpediem.com\/en\/shop\/mystical-esoteric-and-religious-jewelery\/cuenco-tibetano-chakra\/\",\"name\":\"Campana Cuenco Tibetano CHAKRA con COJ\u00cdN y MAZO - Zona Carpe Diem\",\"isPartOf\":{\"@id\":\"https:\/\/www.zonacarpediem.com\/en\/#website\"},\"primaryImageOfPage\":{\"@id\":\"https:\/\/www.zonacarpediem.com\/en\/shop\/mystical-esoteric-and-religious-jewelery\/cuenco-tibetano-chakra\/#primaryimage\"},\"image\":{\"@id\":\"https:\/\/www.zonacarpediem.com\/en\/shop\/mystical-esoteric-and-religious-jewelery\/cuenco-tibetano-chakra\/#primaryimage\"},\"thumbnailUrl\":\"https:\/\/www.zonacarpediem.com\/wp-content\/uploads\/2018\/01\/s-l500-24.jpg\",\"datePublished\":\"2018-01-10T11:42:40+00:00\",\"dateModified\":\"2024-01-20T16:16:13+00:00\",\"description\":\"Comprar CUENCO TIBETANO CHAKRA para meditaci\u00f3n y oraci\u00f3n.\",\"breadcrumb\":{\"@id\":\"https:\/\/www.zonacarpediem.com\/en\/shop\/mystical-esoteric-and-religious-jewelery\/cuenco-tibetano-chakra\/#breadcrumb\"},\"inLanguage\":\"en-US\",\"potentialAction\":[{\"@type\":\"ReadAction\",\"target\":[\"https:\/\/www.zonacarpediem.com\/en\/shop\/mystical-esoteric-and-religious-jewelery\/cuenco-tibetano-chakra\/\"]}]},{\"@type\":\"ImageObject\",\"inLanguage\":\"en-US\",\"@id\":\"https:\/\/www.zonacarpediem.com\/en\/shop\/mystical-esoteric-and-religious-jewelery\/cuenco-tibetano-chakra\/#primaryimage\",\"url\":\"https:\/\/www.zonacarpediem.com\/wp-content\/uploads\/2018\/01\/s-l500-24.jpg\",\"contentUrl\":\"https:\/\/www.zonacarpediem.com\/wp-content\/uploads\/2018\/01\/s-l500-24.jpg\",\"width\":500,\"height\":334},{\"@type\":\"BreadcrumbList\",\"@id\":\"https:\/\/www.zonacarpediem.com\/en\/shop\/mystical-esoteric-and-religious-jewelery\/cuenco-tibetano-chakra\/#breadcrumb\",\"itemListElement\":[{\"@type\":\"ListItem\",\"position\":1,\"name\":\"Home\",\"item\":\"https:\/\/www.zonacarpediem.com\/en\/home-us\/\"},{\"@type\":\"ListItem\",\"position\":2,\"name\":\"Products\",\"item\":\"https:\/\/www.zonacarpediem.com\/en\/products\/\"},{\"@type\":\"ListItem\",\"position\":3,\"name\":\"Campana Cuenco Tibetano CHAKRA con COJ\u00cdN y MAZO\"}]},{\"@type\":\"WebSite\",\"@id\":\"https:\/\/www.zonacarpediem.com\/en\/#website\",\"url\":\"https:\/\/www.zonacarpediem.com\/en\/\",\"name\":\"Zona Carpe Diem\",\"description\":\"Buy with Confidence and Flirt with Brilliance, Passion Lives Here!\",\"publisher\":{\"@id\":\"https:\/\/www.zonacarpediem.com\/en\/#organization\"},\"potentialAction\":[{\"@type\":\"SearchAction\",\"target\":{\"@type\":\"EntryPoint\",\"urlTemplate\":\"https:\/\/www.zonacarpediem.com\/en\/?s={search_term_string}\"},\"query-input\":{\"@type\":\"PropertyValueSpecification\",\"valueRequired\":true,\"valueName\":\"search_term_string\"}}],\"inLanguage\":\"en-US\"},{\"@type\":\"Organization\",\"@id\":\"https:\/\/www.zonacarpediem.com\/en\/#organization\",\"name\":\"Zona Carpe Diem\",\"url\":\"https:\/\/www.zonacarpediem.com\/en\/\",\"logo\":{\"@type\":\"ImageObject\",\"inLanguage\":\"en-US\",\"@id\":\"https:\/\/www.zonacarpediem.com\/en\/#\/schema\/logo\/image\/\",\"url\":\"https:\/\/www.zonacarpediem.com\/wp-content\/uploads\/2016\/12\/ZCD-Logo-for-eBay-dec-2016-200x150px.png\",\"contentUrl\":\"https:\/\/www.zonacarpediem.com\/wp-content\/uploads\/2016\/12\/ZCD-Logo-for-eBay-dec-2016-200x150px.png\",\"width\":200,\"height\":150,\"caption\":\"Zona Carpe Diem\"},\"image\":{\"@id\":\"https:\/\/www.zonacarpediem.com\/en\/#\/schema\/logo\/image\/\"},\"sameAs\":[\"https:\/\/www.facebook.com\/ZonaCarpeDiem\"]}]}<\/script>\n<!-- \/ Yoast SEO plugin. -->","yoast_head_json":{"title":"Campana Cuenco Tibetano CHAKRA con COJ\u00cdN y MAZO - Zona Carpe Diem","description":"Comprar CUENCO TIBETANO CHAKRA para meditaci\u00f3n y oraci\u00f3n.","robots":{"index":"index","follow":"follow","max-snippet":"max-snippet:-1","max-image-preview":"max-image-preview:large","max-video-preview":"max-video-preview:-1"},"canonical":"https:\/\/www.zonacarpediem.com\/en\/shop\/mystical-esoteric-and-religious-jewelery\/cuenco-tibetano-chakra\/","og_locale":"en_US","og_type":"article","og_title":"Campana Cuenco Tibetano CHAKRA con COJ\u00cdN y MAZO - Zona Carpe Diem","og_description":"Comprar CUENCO TIBETANO CHAKRA para meditaci\u00f3n y oraci\u00f3n.","og_url":"https:\/\/www.zonacarpediem.com\/en\/shop\/mystical-esoteric-and-religious-jewelery\/cuenco-tibetano-chakra\/","og_site_name":"Zona Carpe Diem","article_publisher":"https:\/\/www.facebook.com\/ZonaCarpeDiem","article_modified_time":"2024-01-20T16:16:13+00:00","og_image":[{"width":500,"height":334,"url":"https:\/\/www.zonacarpediem.com\/wp-content\/uploads\/2018\/01\/s-l500-24.jpg","type":"image\/jpeg"}],"twitter_misc":{"Est. reading time":"1 minute"},"schema":{"@context":"https:\/\/schema.org","@graph":[{"@type":"WebPage","@id":"https:\/\/www.zonacarpediem.com\/en\/shop\/mystical-esoteric-and-religious-jewelery\/cuenco-tibetano-chakra\/","url":"https:\/\/www.zonacarpediem.com\/en\/shop\/mystical-esoteric-and-religious-jewelery\/cuenco-tibetano-chakra\/","name":"Campana Cuenco Tibetano CHAKRA con COJ\u00cdN y MAZO - Zona Carpe Diem","isPartOf":{"@id":"https:\/\/www.zonacarpediem.com\/en\/#website"},"primaryImageOfPage":{"@id":"https:\/\/www.zonacarpediem.com\/en\/shop\/mystical-esoteric-and-religious-jewelery\/cuenco-tibetano-chakra\/#primaryimage"},"image":{"@id":"https:\/\/www.zonacarpediem.com\/en\/shop\/mystical-esoteric-and-religious-jewelery\/cuenco-tibetano-chakra\/#primaryimage"},"thumbnailUrl":"https:\/\/www.zonacarpediem.com\/wp-content\/uploads\/2018\/01\/s-l500-24.jpg","datePublished":"2018-01-10T11:42:40+00:00","dateModified":"2024-01-20T16:16:13+00:00","description":"Comprar CUENCO TIBETANO CHAKRA para meditaci\u00f3n y oraci\u00f3n.","breadcrumb":{"@id":"https:\/\/www.zonacarpediem.com\/en\/shop\/mystical-esoteric-and-religious-jewelery\/cuenco-tibetano-chakra\/#breadcrumb"},"inLanguage":"en-US","potentialAction":[{"@type":"ReadAction","target":["https:\/\/www.zonacarpediem.com\/en\/shop\/mystical-esoteric-and-religious-jewelery\/cuenco-tibetano-chakra\/"]}]},{"@type":"ImageObject","inLanguage":"en-US","@id":"https:\/\/www.zonacarpediem.com\/en\/shop\/mystical-esoteric-and-religious-jewelery\/cuenco-tibetano-chakra\/#primaryimage","url":"https:\/\/www.zonacarpediem.com\/wp-content\/uploads\/2018\/01\/s-l500-24.jpg","contentUrl":"https:\/\/www.zonacarpediem.com\/wp-content\/uploads\/2018\/01\/s-l500-24.jpg","width":500,"height":334},{"@type":"BreadcrumbList","@id":"https:\/\/www.zonacarpediem.com\/en\/shop\/mystical-esoteric-and-religious-jewelery\/cuenco-tibetano-chakra\/#breadcrumb","itemListElement":[{"@type":"ListItem","position":1,"name":"Home","item":"https:\/\/www.zonacarpediem.com\/en\/home-us\/"},{"@type":"ListItem","position":2,"name":"Products","item":"https:\/\/www.zonacarpediem.com\/en\/products\/"},{"@type":"ListItem","position":3,"name":"Campana Cuenco Tibetano CHAKRA con COJ\u00cdN y MAZO"}]},{"@type":"WebSite","@id":"https:\/\/www.zonacarpediem.com\/en\/#website","url":"https:\/\/www.zonacarpediem.com\/en\/","name":"Zona Carpe Diem","description":"Buy with Confidence and Flirt with Brilliance, Passion Lives Here!","publisher":{"@id":"https:\/\/www.zonacarpediem.com\/en\/#organization"},"potentialAction":[{"@type":"SearchAction","target":{"@type":"EntryPoint","urlTemplate":"https:\/\/www.zonacarpediem.com\/en\/?s={search_term_string}"},"query-input":{"@type":"PropertyValueSpecification","valueRequired":true,"valueName":"search_term_string"}}],"inLanguage":"en-US"},{"@type":"Organization","@id":"https:\/\/www.zonacarpediem.com\/en\/#organization","name":"Zona Carpe Diem","url":"https:\/\/www.zonacarpediem.com\/en\/","logo":{"@type":"ImageObject","inLanguage":"en-US","@id":"https:\/\/www.zonacarpediem.com\/en\/#\/schema\/logo\/image\/","url":"https:\/\/www.zonacarpediem.com\/wp-content\/uploads\/2016\/12\/ZCD-Logo-for-eBay-dec-2016-200x150px.png","contentUrl":"https:\/\/www.zonacarpediem.com\/wp-content\/uploads\/2016\/12\/ZCD-Logo-for-eBay-dec-2016-200x150px.png","width":200,"height":150,"caption":"Zona Carpe Diem"},"image":{"@id":"https:\/\/www.zonacarpediem.com\/en\/#\/schema\/logo\/image\/"},"sameAs":["https:\/\/www.facebook.com\/ZonaCarpeDiem"]}]}},"_links":{"self":[{"href":"https:\/\/www.zonacarpediem.com\/en\/wp-json\/wp\/v2\/product\/1946","targetHints":{"allow":["GET"]}}],"collection":[{"href":"https:\/\/www.zonacarpediem.com\/en\/wp-json\/wp\/v2\/product"}],"about":[{"href":"https:\/\/www.zonacarpediem.com\/en\/wp-json\/wp\/v2\/types\/product"}],"wp:featuredmedia":[{"embeddable":true,"href":"https:\/\/www.zonacarpediem.com\/en\/wp-json\/wp\/v2\/media\/1949"}],"wp:attachment":[{"href":"https:\/\/www.zonacarpediem.com\/en\/wp-json\/wp\/v2\/media?parent=1946"}],"wp:term":[{"taxonomy":"product_brand","embeddable":true,"href":"https:\/\/www.zonacarpediem.com\/en\/wp-json\/wp\/v2\/product_brand?post=1946"},{"taxonomy":"product_cat","embeddable":true,"href":"https:\/\/www.zonacarpediem.com\/en\/wp-json\/wp\/v2\/product_cat?post=1946"},{"taxonomy":"product_tag","embeddable":true,"href":"https:\/\/www.zonacarpediem.com\/en\/wp-json\/wp\/v2\/product_tag?post=1946"}],"curies":[{"name":"wp","href":"https:\/\/api.w.org\/{rel}","templated":true}]}}