{"id":1993,"date":"2018-01-10T18:15:53","date_gmt":"2018-01-10T17:15:53","guid":{"rendered":"https:\/\/www.zonacarpediem.com\/?post_type=product&#038;p=1993"},"modified":"2021-06-18T21:13:25","modified_gmt":"2021-06-18T19:13:25","slug":"colgante-llamador-de-angeles","status":"publish","type":"product","link":"https:\/\/www.zonacarpediem.com\/en\/shop\/mystical-esoteric-and-religious-jewelery\/colgante-llamador-de-angeles\/","title":{"rendered":"Colgante LLAMADOR de ANGELES con CALADO y BOLA VERDE"},"content":{"rendered":"<p>Colgante LLAMADOR de ANGELES, en plata, con CALADO y BOLA VERDE, colgante para mujeres embarazadas.<\/p>\n<p>El llamador de \u00e1ngeles, o \u00e1ngel de la guarda, contiene en su interior un xil\u00f3fono que genera un sonido relajante que el beb\u00e9 puede escuchar a partir de la vig\u00e9sima semana del embarazo.<br \/>\nLa tradici\u00f3n dice que el \u00e1ngel custodio oiga el sonido y se quede cerca de la madre y del beb\u00e9 para protegerlo.<\/p>\n<p>&#8220;Apoyo en cualquier situaci\u00f3n de la vida. Fomento de la tranquilidad interna y relajaci\u00f3n en los momentos problem\u00e1ticos&#8221;<\/p>\n<p>Llama \u00e1ngeles que, con su tintineo, atraer\u00e1 a tu \u00e1ngel de la guarda, el cual te proteger\u00e1 de todo mal.<br \/>\nLos \u00e1ngeles est\u00e1n ah\u00ed para acompa\u00f1arnos en nuestro camino y aconsejarnos si nos abrimos a ellos.<br \/>\nLa naturaleza del \u00e1ngel es concedernos aquello que le pedimos en nuestras sinceras oraciones.<\/p>\n<p>Significado como talism\u00e1n o amuleto: Apoyo en cualquier situaci\u00f3n de la vida. Fomento de la tranquilidad interna y relajaci\u00f3n en los momentos problem\u00e1ticos. Nos ayuda a escuchar nuestra voz interna. Nos protege contra los malos esp\u00edritus.<\/p>\n<p>Un llamador de \u00e1ngeles es una esfera redonda que emite un sonido armonioso cuando es agitada. Una leyenda le otorga la facultad de proteger y favorecer el bienestar a quien lo posee. Los llamadores de \u00e1ngeles producen un sonido armonioso y agradable, como el de unas campanillas, que seg\u00fan la tradici\u00f3n y leyenda, es un sonido que avisa a nuestro \u00c1ngel Gu\u00eda, el \u00c1ngel de la Guarda, de quien siempre necesitamos su presencia. A los \u00e1ngeles de la guarda les encanta este sonido, porque transmiten vibraciones met\u00e1licas y gr\u00e1ciles, pero si adem\u00e1s de esto es utilizado por una persona, los \u00e1ngeles reciben un mensaje que les informa de que est\u00e1n siendo llamados por alguien al que aman y deben proteger.<\/p>\n<p>Cuenta la leyenda que hace miles de a\u00f1os unos duendes que compart\u00edan amistad con lo \u00e1ngeles tuvieron que huir del bosque donde viv\u00edan, por ello los \u00e1ngeles como s\u00edmbolo de protecci\u00f3n les regalaron unos cascabeles que \u00fanicamente ellos pod\u00edan llevar colgados.<br \/>\nLos \u00e1ngeles les explicaron a los duendes que siempre que se viesen desprotegidos agitasen la bola y ellos acudir\u00edan para protegerles.<\/p>\n","protected":false},"excerpt":{"rendered":"<p>Colgante LLAMADOR de ANGELES, en plata, con CALADO y BOLA VERDE, colgante para mujeres embarazadas.<\/p>\n","protected":false},"featured_media":1996,"template":"","meta":[],"product_brand":[],"product_cat":[165],"product_tag":[],"class_list":{"0":"post-1993","1":"product","2":"type-product","3":"status-publish","4":"has-post-thumbnail","6":"product_cat-mystical-esoteric-and-religious-jewelery","8":"first","9":"instock","10":"shipping-taxable","11":"purchasable","12":"product-type-simple"},"yoast_head":"<!-- This site is optimized with the Yoast SEO plugin v26.7 - https:\/\/yoast.com\/wordpress\/plugins\/seo\/ -->\n<title>Colgante LLAMADOR de ANGELES con CALADO y BOLA VERDE - Zona Carpe Diem<\/title>\n<meta name=\"description\" content=\"Comprar Colgante Amuleto LLAMADOR de ANGELES, en plata, con CALADO y BOLA VERDE, colgante para mujeres embarazadas.\" \/>\n<meta name=\"robots\" content=\"index, follow, max-snippet:-1, max-image-preview:large, max-video-preview:-1\" \/>\n<link rel=\"canonical\" href=\"https:\/\/www.zonacarpediem.com\/en\/shop\/mystical-esoteric-and-religious-jewelery\/colgante-llamador-de-angeles\/\" \/>\n<meta property=\"og:locale\" content=\"en_US\" \/>\n<meta property=\"og:type\" content=\"article\" \/>\n<meta property=\"og:title\" content=\"Colgante LLAMADOR de ANGELES con CALADO y BOLA VERDE - Zona Carpe Diem\" \/>\n<meta property=\"og:description\" content=\"Comprar Colgante Amuleto LLAMADOR de ANGELES, en plata, con CALADO y BOLA VERDE, colgante para mujeres embarazadas.\" \/>\n<meta property=\"og:url\" content=\"https:\/\/www.zonacarpediem.com\/en\/shop\/mystical-esoteric-and-religious-jewelery\/colgante-llamador-de-angeles\/\" \/>\n<meta property=\"og:site_name\" content=\"Zona Carpe Diem\" \/>\n<meta property=\"article:publisher\" content=\"https:\/\/www.facebook.com\/ZonaCarpeDiem\" \/>\n<meta property=\"article:modified_time\" content=\"2021-06-18T19:13:25+00:00\" \/>\n<meta property=\"og:image\" content=\"https:\/\/www.zonacarpediem.com\/wp-content\/uploads\/2018\/01\/s-l500-33.jpg\" \/>\n\t<meta property=\"og:image:width\" content=\"500\" \/>\n\t<meta property=\"og:image:height\" content=\"333\" \/>\n\t<meta property=\"og:image:type\" content=\"image\/jpeg\" \/>\n<meta name=\"twitter:label1\" content=\"Est. reading time\" \/>\n\t<meta name=\"twitter:data1\" content=\"2 minutes\" \/>\n<script type=\"application\/ld+json\" class=\"yoast-schema-graph\">{\"@context\":\"https:\/\/schema.org\",\"@graph\":[{\"@type\":\"WebPage\",\"@id\":\"https:\/\/www.zonacarpediem.com\/en\/shop\/mystical-esoteric-and-religious-jewelery\/colgante-llamador-de-angeles\/\",\"url\":\"https:\/\/www.zonacarpediem.com\/en\/shop\/mystical-esoteric-and-religious-jewelery\/colgante-llamador-de-angeles\/\",\"name\":\"Colgante LLAMADOR de ANGELES con CALADO y BOLA VERDE - Zona Carpe Diem\",\"isPartOf\":{\"@id\":\"https:\/\/www.zonacarpediem.com\/en\/#website\"},\"primaryImageOfPage\":{\"@id\":\"https:\/\/www.zonacarpediem.com\/en\/shop\/mystical-esoteric-and-religious-jewelery\/colgante-llamador-de-angeles\/#primaryimage\"},\"image\":{\"@id\":\"https:\/\/www.zonacarpediem.com\/en\/shop\/mystical-esoteric-and-religious-jewelery\/colgante-llamador-de-angeles\/#primaryimage\"},\"thumbnailUrl\":\"https:\/\/www.zonacarpediem.com\/wp-content\/uploads\/2018\/01\/s-l500-33.jpg\",\"datePublished\":\"2018-01-10T17:15:53+00:00\",\"dateModified\":\"2021-06-18T19:13:25+00:00\",\"description\":\"Comprar Colgante Amuleto LLAMADOR de ANGELES, en plata, con CALADO y BOLA VERDE, colgante para mujeres embarazadas.\",\"breadcrumb\":{\"@id\":\"https:\/\/www.zonacarpediem.com\/en\/shop\/mystical-esoteric-and-religious-jewelery\/colgante-llamador-de-angeles\/#breadcrumb\"},\"inLanguage\":\"en-US\",\"potentialAction\":[{\"@type\":\"ReadAction\",\"target\":[\"https:\/\/www.zonacarpediem.com\/en\/shop\/mystical-esoteric-and-religious-jewelery\/colgante-llamador-de-angeles\/\"]}]},{\"@type\":\"ImageObject\",\"inLanguage\":\"en-US\",\"@id\":\"https:\/\/www.zonacarpediem.com\/en\/shop\/mystical-esoteric-and-religious-jewelery\/colgante-llamador-de-angeles\/#primaryimage\",\"url\":\"https:\/\/www.zonacarpediem.com\/wp-content\/uploads\/2018\/01\/s-l500-33.jpg\",\"contentUrl\":\"https:\/\/www.zonacarpediem.com\/wp-content\/uploads\/2018\/01\/s-l500-33.jpg\",\"width\":500,\"height\":333},{\"@type\":\"BreadcrumbList\",\"@id\":\"https:\/\/www.zonacarpediem.com\/en\/shop\/mystical-esoteric-and-religious-jewelery\/colgante-llamador-de-angeles\/#breadcrumb\",\"itemListElement\":[{\"@type\":\"ListItem\",\"position\":1,\"name\":\"Home\",\"item\":\"https:\/\/www.zonacarpediem.com\/en\/home-us\/\"},{\"@type\":\"ListItem\",\"position\":2,\"name\":\"Products\",\"item\":\"https:\/\/www.zonacarpediem.com\/en\/products\/\"},{\"@type\":\"ListItem\",\"position\":3,\"name\":\"Colgante LLAMADOR de ANGELES con CALADO y BOLA VERDE\"}]},{\"@type\":\"WebSite\",\"@id\":\"https:\/\/www.zonacarpediem.com\/en\/#website\",\"url\":\"https:\/\/www.zonacarpediem.com\/en\/\",\"name\":\"Zona Carpe Diem\",\"description\":\"Buy with Confidence and Flirt with Brilliance, Passion Lives Here!\",\"publisher\":{\"@id\":\"https:\/\/www.zonacarpediem.com\/en\/#organization\"},\"potentialAction\":[{\"@type\":\"SearchAction\",\"target\":{\"@type\":\"EntryPoint\",\"urlTemplate\":\"https:\/\/www.zonacarpediem.com\/en\/?s={search_term_string}\"},\"query-input\":{\"@type\":\"PropertyValueSpecification\",\"valueRequired\":true,\"valueName\":\"search_term_string\"}}],\"inLanguage\":\"en-US\"},{\"@type\":\"Organization\",\"@id\":\"https:\/\/www.zonacarpediem.com\/en\/#organization\",\"name\":\"Zona Carpe Diem\",\"url\":\"https:\/\/www.zonacarpediem.com\/en\/\",\"logo\":{\"@type\":\"ImageObject\",\"inLanguage\":\"en-US\",\"@id\":\"https:\/\/www.zonacarpediem.com\/en\/#\/schema\/logo\/image\/\",\"url\":\"https:\/\/www.zonacarpediem.com\/wp-content\/uploads\/2016\/12\/ZCD-Logo-for-eBay-dec-2016-200x150px.png\",\"contentUrl\":\"https:\/\/www.zonacarpediem.com\/wp-content\/uploads\/2016\/12\/ZCD-Logo-for-eBay-dec-2016-200x150px.png\",\"width\":200,\"height\":150,\"caption\":\"Zona Carpe Diem\"},\"image\":{\"@id\":\"https:\/\/www.zonacarpediem.com\/en\/#\/schema\/logo\/image\/\"},\"sameAs\":[\"https:\/\/www.facebook.com\/ZonaCarpeDiem\"]}]}<\/script>\n<!-- \/ Yoast SEO plugin. -->","yoast_head_json":{"title":"Colgante LLAMADOR de ANGELES con CALADO y BOLA VERDE - Zona Carpe Diem","description":"Comprar Colgante Amuleto LLAMADOR de ANGELES, en plata, con CALADO y BOLA VERDE, colgante para mujeres embarazadas.","robots":{"index":"index","follow":"follow","max-snippet":"max-snippet:-1","max-image-preview":"max-image-preview:large","max-video-preview":"max-video-preview:-1"},"canonical":"https:\/\/www.zonacarpediem.com\/en\/shop\/mystical-esoteric-and-religious-jewelery\/colgante-llamador-de-angeles\/","og_locale":"en_US","og_type":"article","og_title":"Colgante LLAMADOR de ANGELES con CALADO y BOLA VERDE - Zona Carpe Diem","og_description":"Comprar Colgante Amuleto LLAMADOR de ANGELES, en plata, con CALADO y BOLA VERDE, colgante para mujeres embarazadas.","og_url":"https:\/\/www.zonacarpediem.com\/en\/shop\/mystical-esoteric-and-religious-jewelery\/colgante-llamador-de-angeles\/","og_site_name":"Zona Carpe Diem","article_publisher":"https:\/\/www.facebook.com\/ZonaCarpeDiem","article_modified_time":"2021-06-18T19:13:25+00:00","og_image":[{"width":500,"height":333,"url":"https:\/\/www.zonacarpediem.com\/wp-content\/uploads\/2018\/01\/s-l500-33.jpg","type":"image\/jpeg"}],"twitter_misc":{"Est. reading time":"2 minutes"},"schema":{"@context":"https:\/\/schema.org","@graph":[{"@type":"WebPage","@id":"https:\/\/www.zonacarpediem.com\/en\/shop\/mystical-esoteric-and-religious-jewelery\/colgante-llamador-de-angeles\/","url":"https:\/\/www.zonacarpediem.com\/en\/shop\/mystical-esoteric-and-religious-jewelery\/colgante-llamador-de-angeles\/","name":"Colgante LLAMADOR de ANGELES con CALADO y BOLA VERDE - Zona Carpe Diem","isPartOf":{"@id":"https:\/\/www.zonacarpediem.com\/en\/#website"},"primaryImageOfPage":{"@id":"https:\/\/www.zonacarpediem.com\/en\/shop\/mystical-esoteric-and-religious-jewelery\/colgante-llamador-de-angeles\/#primaryimage"},"image":{"@id":"https:\/\/www.zonacarpediem.com\/en\/shop\/mystical-esoteric-and-religious-jewelery\/colgante-llamador-de-angeles\/#primaryimage"},"thumbnailUrl":"https:\/\/www.zonacarpediem.com\/wp-content\/uploads\/2018\/01\/s-l500-33.jpg","datePublished":"2018-01-10T17:15:53+00:00","dateModified":"2021-06-18T19:13:25+00:00","description":"Comprar Colgante Amuleto LLAMADOR de ANGELES, en plata, con CALADO y BOLA VERDE, colgante para mujeres embarazadas.","breadcrumb":{"@id":"https:\/\/www.zonacarpediem.com\/en\/shop\/mystical-esoteric-and-religious-jewelery\/colgante-llamador-de-angeles\/#breadcrumb"},"inLanguage":"en-US","potentialAction":[{"@type":"ReadAction","target":["https:\/\/www.zonacarpediem.com\/en\/shop\/mystical-esoteric-and-religious-jewelery\/colgante-llamador-de-angeles\/"]}]},{"@type":"ImageObject","inLanguage":"en-US","@id":"https:\/\/www.zonacarpediem.com\/en\/shop\/mystical-esoteric-and-religious-jewelery\/colgante-llamador-de-angeles\/#primaryimage","url":"https:\/\/www.zonacarpediem.com\/wp-content\/uploads\/2018\/01\/s-l500-33.jpg","contentUrl":"https:\/\/www.zonacarpediem.com\/wp-content\/uploads\/2018\/01\/s-l500-33.jpg","width":500,"height":333},{"@type":"BreadcrumbList","@id":"https:\/\/www.zonacarpediem.com\/en\/shop\/mystical-esoteric-and-religious-jewelery\/colgante-llamador-de-angeles\/#breadcrumb","itemListElement":[{"@type":"ListItem","position":1,"name":"Home","item":"https:\/\/www.zonacarpediem.com\/en\/home-us\/"},{"@type":"ListItem","position":2,"name":"Products","item":"https:\/\/www.zonacarpediem.com\/en\/products\/"},{"@type":"ListItem","position":3,"name":"Colgante LLAMADOR de ANGELES con CALADO y BOLA VERDE"}]},{"@type":"WebSite","@id":"https:\/\/www.zonacarpediem.com\/en\/#website","url":"https:\/\/www.zonacarpediem.com\/en\/","name":"Zona Carpe Diem","description":"Buy with Confidence and Flirt with Brilliance, Passion Lives Here!","publisher":{"@id":"https:\/\/www.zonacarpediem.com\/en\/#organization"},"potentialAction":[{"@type":"SearchAction","target":{"@type":"EntryPoint","urlTemplate":"https:\/\/www.zonacarpediem.com\/en\/?s={search_term_string}"},"query-input":{"@type":"PropertyValueSpecification","valueRequired":true,"valueName":"search_term_string"}}],"inLanguage":"en-US"},{"@type":"Organization","@id":"https:\/\/www.zonacarpediem.com\/en\/#organization","name":"Zona Carpe Diem","url":"https:\/\/www.zonacarpediem.com\/en\/","logo":{"@type":"ImageObject","inLanguage":"en-US","@id":"https:\/\/www.zonacarpediem.com\/en\/#\/schema\/logo\/image\/","url":"https:\/\/www.zonacarpediem.com\/wp-content\/uploads\/2016\/12\/ZCD-Logo-for-eBay-dec-2016-200x150px.png","contentUrl":"https:\/\/www.zonacarpediem.com\/wp-content\/uploads\/2016\/12\/ZCD-Logo-for-eBay-dec-2016-200x150px.png","width":200,"height":150,"caption":"Zona Carpe Diem"},"image":{"@id":"https:\/\/www.zonacarpediem.com\/en\/#\/schema\/logo\/image\/"},"sameAs":["https:\/\/www.facebook.com\/ZonaCarpeDiem"]}]}},"_links":{"self":[{"href":"https:\/\/www.zonacarpediem.com\/en\/wp-json\/wp\/v2\/product\/1993","targetHints":{"allow":["GET"]}}],"collection":[{"href":"https:\/\/www.zonacarpediem.com\/en\/wp-json\/wp\/v2\/product"}],"about":[{"href":"https:\/\/www.zonacarpediem.com\/en\/wp-json\/wp\/v2\/types\/product"}],"wp:featuredmedia":[{"embeddable":true,"href":"https:\/\/www.zonacarpediem.com\/en\/wp-json\/wp\/v2\/media\/1996"}],"wp:attachment":[{"href":"https:\/\/www.zonacarpediem.com\/en\/wp-json\/wp\/v2\/media?parent=1993"}],"wp:term":[{"taxonomy":"product_brand","embeddable":true,"href":"https:\/\/www.zonacarpediem.com\/en\/wp-json\/wp\/v2\/product_brand?post=1993"},{"taxonomy":"product_cat","embeddable":true,"href":"https:\/\/www.zonacarpediem.com\/en\/wp-json\/wp\/v2\/product_cat?post=1993"},{"taxonomy":"product_tag","embeddable":true,"href":"https:\/\/www.zonacarpediem.com\/en\/wp-json\/wp\/v2\/product_tag?post=1993"}],"curies":[{"name":"wp","href":"https:\/\/api.w.org\/{rel}","templated":true}]}}