{"id":2005,"date":"2018-01-10T21:04:14","date_gmt":"2018-01-10T20:04:14","guid":{"rendered":"https:\/\/www.zonacarpediem.com\/?post_type=product&#038;p=2005"},"modified":"2021-06-18T21:13:13","modified_gmt":"2021-06-18T19:13:13","slug":"colgante-1o-chakra-muladhara-zirconita-roja","status":"publish","type":"product","link":"https:\/\/www.zonacarpediem.com\/en\/shop\/mystical-esoteric-and-religious-jewelery\/colgante-1o-chakra-muladhara-zirconita-roja\/","title":{"rendered":"Colgante 1\u00ba CHAKRA MULADHARA Zirconita roja"},"content":{"rendered":"<p>Colgante Amuleto 1\u00ba CHAKRAS MULADHARA Zirconita \/ Circonita roja en PLATA de LEY, VITALIDAD, SUPERVIVENCIA y NECESIDADES F\u00cdSICAS<\/p>\n<p>1\u00ba CHAKRA MULADHARA ZIRCONITA \/ CIRCONITA roja<\/p>\n<p>Si este centro est\u00e1 abierto, la fuerza vital est\u00e1 en pleno funcionamiento, y se muestra un poderoso deseo de vivir, una vitalidad emanan de \u00e9l en forma de energ\u00eda, actuando como un generador dando energ\u00eda a quienes est\u00e1n a su alrededor y recargando sus propios sistemas. Si lo tenemos cerrado, la vitalidad f\u00edsica queda bloqueada y la persona no produce, su energ\u00eda est\u00e1 baja y puede que enfermiza, carece de ganas, fuerzas, no se tiene poder\u00edo f\u00edsico.<\/p>\n<p>Significado: Ra\u00edz o Apoyo.<br \/>\nS\u00edmbolo: Cuatro P\u00e9talos Rojos que rodean un cuadrado que contiene un tri\u00e1ngulo con la punta hacia abajo.<br \/>\nSituaci\u00f3n: En la base de la Columna, entre el Ano y los Genitales.<br \/>\nFunci\u00f3n: Supervivencia, Necesidades F\u00edsicas, Vitalidad.<br \/>\nAcci\u00f3n: Querer, Poseer.<br \/>\nConexi\u00f3n Glandular: Suprarrenales.<br \/>\nEdad de Desarrollo: Nacimiento a los 7 A\u00f1os.<br \/>\nLecci\u00f3n Vital: Mantenerse uno mismo.<br \/>\nColor: Rojo, Negro.<br \/>\nCristal: Jaspe, Rub\u00ed, Granate, Turmalina Negra, Obsidiana.<br \/>\nElemento: Tierra. Nota Musical: Do. Aceites,<br \/>\nFragancias e Inciensos: Pachuli, Canela, Mirra, Madera de Cedro.<br \/>\nMantra: Lam.<br \/>\nSentido: Olfato.<br \/>\nCualidades Positivas: Estabilidad, Firmeza, Paciencia, Seguridad, Dominio del cuerpo.<br \/>\nCualidades Negativas: C\u00f3lera, Materialista, Distracci\u00f3n, Pereza, Inseguridad, Violencia.<br \/>\nDisfunciones Emocionales: Depresi\u00f3n, Inseguridad, Incapacidad de Quietud Interior.<\/p>\n","protected":false},"excerpt":{"rendered":"<p>Colgante Amuleto 1\u00ba CHAKRAS MULADHARA Zirconita \/ Circonita roja en PLATA de LEY, VITALIDAD, SUPERVIVENCIA y NECESIDADES F\u00cdSICAS<\/p>\n","protected":false},"featured_media":2008,"template":"","meta":[],"product_brand":[],"product_cat":[165],"product_tag":[],"class_list":{"0":"post-2005","1":"product","2":"type-product","3":"status-publish","4":"has-post-thumbnail","6":"product_cat-mystical-esoteric-and-religious-jewelery","8":"first","9":"instock","10":"shipping-taxable","11":"purchasable","12":"product-type-simple"},"yoast_head":"<!-- This site is optimized with the Yoast SEO plugin v26.7 - https:\/\/yoast.com\/wordpress\/plugins\/seo\/ -->\n<title>Colgante 1\u00ba CHAKRA MULADHARA Zirconita roja - Zona Carpe Diem<\/title>\n<meta name=\"description\" content=\"Comprar Colgante Amuleto 1\u00ba CHAKRAS MULADHARA Zirconita \/ Circonita roja en PLATA de LEY, VITALIDAD, SUPERVIVENCIA y NECESIDADES F\u00cdSICAS\" \/>\n<meta name=\"robots\" content=\"index, follow, max-snippet:-1, max-image-preview:large, max-video-preview:-1\" \/>\n<link rel=\"canonical\" href=\"https:\/\/www.zonacarpediem.com\/en\/shop\/mystical-esoteric-and-religious-jewelery\/colgante-1o-chakra-muladhara-zirconita-roja\/\" \/>\n<meta property=\"og:locale\" content=\"en_US\" \/>\n<meta property=\"og:type\" content=\"article\" \/>\n<meta property=\"og:title\" content=\"Colgante 1\u00ba CHAKRA MULADHARA Zirconita roja - Zona Carpe Diem\" \/>\n<meta property=\"og:description\" content=\"Comprar Colgante Amuleto 1\u00ba CHAKRAS MULADHARA Zirconita \/ Circonita roja en PLATA de LEY, VITALIDAD, SUPERVIVENCIA y NECESIDADES F\u00cdSICAS\" \/>\n<meta property=\"og:url\" content=\"https:\/\/www.zonacarpediem.com\/en\/shop\/mystical-esoteric-and-religious-jewelery\/colgante-1o-chakra-muladhara-zirconita-roja\/\" \/>\n<meta property=\"og:site_name\" content=\"Zona Carpe Diem\" \/>\n<meta property=\"article:publisher\" content=\"https:\/\/www.facebook.com\/ZonaCarpeDiem\" \/>\n<meta property=\"article:modified_time\" content=\"2021-06-18T19:13:13+00:00\" \/>\n<meta property=\"og:image\" content=\"https:\/\/www.zonacarpediem.com\/wp-content\/uploads\/2018\/01\/s-l500-35.jpg\" \/>\n\t<meta property=\"og:image:width\" content=\"500\" \/>\n\t<meta property=\"og:image:height\" content=\"334\" \/>\n\t<meta property=\"og:image:type\" content=\"image\/jpeg\" \/>\n<meta name=\"twitter:label1\" content=\"Est. reading time\" \/>\n\t<meta name=\"twitter:data1\" content=\"1 minute\" \/>\n<script type=\"application\/ld+json\" class=\"yoast-schema-graph\">{\"@context\":\"https:\/\/schema.org\",\"@graph\":[{\"@type\":\"WebPage\",\"@id\":\"https:\/\/www.zonacarpediem.com\/en\/shop\/mystical-esoteric-and-religious-jewelery\/colgante-1o-chakra-muladhara-zirconita-roja\/\",\"url\":\"https:\/\/www.zonacarpediem.com\/en\/shop\/mystical-esoteric-and-religious-jewelery\/colgante-1o-chakra-muladhara-zirconita-roja\/\",\"name\":\"Colgante 1\u00ba CHAKRA MULADHARA Zirconita roja - Zona Carpe Diem\",\"isPartOf\":{\"@id\":\"https:\/\/www.zonacarpediem.com\/en\/#website\"},\"primaryImageOfPage\":{\"@id\":\"https:\/\/www.zonacarpediem.com\/en\/shop\/mystical-esoteric-and-religious-jewelery\/colgante-1o-chakra-muladhara-zirconita-roja\/#primaryimage\"},\"image\":{\"@id\":\"https:\/\/www.zonacarpediem.com\/en\/shop\/mystical-esoteric-and-religious-jewelery\/colgante-1o-chakra-muladhara-zirconita-roja\/#primaryimage\"},\"thumbnailUrl\":\"https:\/\/www.zonacarpediem.com\/wp-content\/uploads\/2018\/01\/s-l500-35.jpg\",\"datePublished\":\"2018-01-10T20:04:14+00:00\",\"dateModified\":\"2021-06-18T19:13:13+00:00\",\"description\":\"Comprar Colgante Amuleto 1\u00ba CHAKRAS MULADHARA Zirconita \/ Circonita roja en PLATA de LEY, VITALIDAD, SUPERVIVENCIA y NECESIDADES F\u00cdSICAS\",\"breadcrumb\":{\"@id\":\"https:\/\/www.zonacarpediem.com\/en\/shop\/mystical-esoteric-and-religious-jewelery\/colgante-1o-chakra-muladhara-zirconita-roja\/#breadcrumb\"},\"inLanguage\":\"en-US\",\"potentialAction\":[{\"@type\":\"ReadAction\",\"target\":[\"https:\/\/www.zonacarpediem.com\/en\/shop\/mystical-esoteric-and-religious-jewelery\/colgante-1o-chakra-muladhara-zirconita-roja\/\"]}]},{\"@type\":\"ImageObject\",\"inLanguage\":\"en-US\",\"@id\":\"https:\/\/www.zonacarpediem.com\/en\/shop\/mystical-esoteric-and-religious-jewelery\/colgante-1o-chakra-muladhara-zirconita-roja\/#primaryimage\",\"url\":\"https:\/\/www.zonacarpediem.com\/wp-content\/uploads\/2018\/01\/s-l500-35.jpg\",\"contentUrl\":\"https:\/\/www.zonacarpediem.com\/wp-content\/uploads\/2018\/01\/s-l500-35.jpg\",\"width\":500,\"height\":334},{\"@type\":\"BreadcrumbList\",\"@id\":\"https:\/\/www.zonacarpediem.com\/en\/shop\/mystical-esoteric-and-religious-jewelery\/colgante-1o-chakra-muladhara-zirconita-roja\/#breadcrumb\",\"itemListElement\":[{\"@type\":\"ListItem\",\"position\":1,\"name\":\"Home\",\"item\":\"https:\/\/www.zonacarpediem.com\/en\/home-us\/\"},{\"@type\":\"ListItem\",\"position\":2,\"name\":\"Products\",\"item\":\"https:\/\/www.zonacarpediem.com\/en\/products\/\"},{\"@type\":\"ListItem\",\"position\":3,\"name\":\"Colgante 1\u00ba CHAKRA MULADHARA Zirconita roja\"}]},{\"@type\":\"WebSite\",\"@id\":\"https:\/\/www.zonacarpediem.com\/en\/#website\",\"url\":\"https:\/\/www.zonacarpediem.com\/en\/\",\"name\":\"Zona Carpe Diem\",\"description\":\"Buy with Confidence and Flirt with Brilliance, Passion Lives Here!\",\"publisher\":{\"@id\":\"https:\/\/www.zonacarpediem.com\/en\/#organization\"},\"potentialAction\":[{\"@type\":\"SearchAction\",\"target\":{\"@type\":\"EntryPoint\",\"urlTemplate\":\"https:\/\/www.zonacarpediem.com\/en\/?s={search_term_string}\"},\"query-input\":{\"@type\":\"PropertyValueSpecification\",\"valueRequired\":true,\"valueName\":\"search_term_string\"}}],\"inLanguage\":\"en-US\"},{\"@type\":\"Organization\",\"@id\":\"https:\/\/www.zonacarpediem.com\/en\/#organization\",\"name\":\"Zona Carpe Diem\",\"url\":\"https:\/\/www.zonacarpediem.com\/en\/\",\"logo\":{\"@type\":\"ImageObject\",\"inLanguage\":\"en-US\",\"@id\":\"https:\/\/www.zonacarpediem.com\/en\/#\/schema\/logo\/image\/\",\"url\":\"https:\/\/www.zonacarpediem.com\/wp-content\/uploads\/2016\/12\/ZCD-Logo-for-eBay-dec-2016-200x150px.png\",\"contentUrl\":\"https:\/\/www.zonacarpediem.com\/wp-content\/uploads\/2016\/12\/ZCD-Logo-for-eBay-dec-2016-200x150px.png\",\"width\":200,\"height\":150,\"caption\":\"Zona Carpe Diem\"},\"image\":{\"@id\":\"https:\/\/www.zonacarpediem.com\/en\/#\/schema\/logo\/image\/\"},\"sameAs\":[\"https:\/\/www.facebook.com\/ZonaCarpeDiem\"]}]}<\/script>\n<!-- \/ Yoast SEO plugin. -->","yoast_head_json":{"title":"Colgante 1\u00ba CHAKRA MULADHARA Zirconita roja - Zona Carpe Diem","description":"Comprar Colgante Amuleto 1\u00ba CHAKRAS MULADHARA Zirconita \/ Circonita roja en PLATA de LEY, VITALIDAD, SUPERVIVENCIA y NECESIDADES F\u00cdSICAS","robots":{"index":"index","follow":"follow","max-snippet":"max-snippet:-1","max-image-preview":"max-image-preview:large","max-video-preview":"max-video-preview:-1"},"canonical":"https:\/\/www.zonacarpediem.com\/en\/shop\/mystical-esoteric-and-religious-jewelery\/colgante-1o-chakra-muladhara-zirconita-roja\/","og_locale":"en_US","og_type":"article","og_title":"Colgante 1\u00ba CHAKRA MULADHARA Zirconita roja - Zona Carpe Diem","og_description":"Comprar Colgante Amuleto 1\u00ba CHAKRAS MULADHARA Zirconita \/ Circonita roja en PLATA de LEY, VITALIDAD, SUPERVIVENCIA y NECESIDADES F\u00cdSICAS","og_url":"https:\/\/www.zonacarpediem.com\/en\/shop\/mystical-esoteric-and-religious-jewelery\/colgante-1o-chakra-muladhara-zirconita-roja\/","og_site_name":"Zona Carpe Diem","article_publisher":"https:\/\/www.facebook.com\/ZonaCarpeDiem","article_modified_time":"2021-06-18T19:13:13+00:00","og_image":[{"width":500,"height":334,"url":"https:\/\/www.zonacarpediem.com\/wp-content\/uploads\/2018\/01\/s-l500-35.jpg","type":"image\/jpeg"}],"twitter_misc":{"Est. reading time":"1 minute"},"schema":{"@context":"https:\/\/schema.org","@graph":[{"@type":"WebPage","@id":"https:\/\/www.zonacarpediem.com\/en\/shop\/mystical-esoteric-and-religious-jewelery\/colgante-1o-chakra-muladhara-zirconita-roja\/","url":"https:\/\/www.zonacarpediem.com\/en\/shop\/mystical-esoteric-and-religious-jewelery\/colgante-1o-chakra-muladhara-zirconita-roja\/","name":"Colgante 1\u00ba CHAKRA MULADHARA Zirconita roja - Zona Carpe Diem","isPartOf":{"@id":"https:\/\/www.zonacarpediem.com\/en\/#website"},"primaryImageOfPage":{"@id":"https:\/\/www.zonacarpediem.com\/en\/shop\/mystical-esoteric-and-religious-jewelery\/colgante-1o-chakra-muladhara-zirconita-roja\/#primaryimage"},"image":{"@id":"https:\/\/www.zonacarpediem.com\/en\/shop\/mystical-esoteric-and-religious-jewelery\/colgante-1o-chakra-muladhara-zirconita-roja\/#primaryimage"},"thumbnailUrl":"https:\/\/www.zonacarpediem.com\/wp-content\/uploads\/2018\/01\/s-l500-35.jpg","datePublished":"2018-01-10T20:04:14+00:00","dateModified":"2021-06-18T19:13:13+00:00","description":"Comprar Colgante Amuleto 1\u00ba CHAKRAS MULADHARA Zirconita \/ Circonita roja en PLATA de LEY, VITALIDAD, SUPERVIVENCIA y NECESIDADES F\u00cdSICAS","breadcrumb":{"@id":"https:\/\/www.zonacarpediem.com\/en\/shop\/mystical-esoteric-and-religious-jewelery\/colgante-1o-chakra-muladhara-zirconita-roja\/#breadcrumb"},"inLanguage":"en-US","potentialAction":[{"@type":"ReadAction","target":["https:\/\/www.zonacarpediem.com\/en\/shop\/mystical-esoteric-and-religious-jewelery\/colgante-1o-chakra-muladhara-zirconita-roja\/"]}]},{"@type":"ImageObject","inLanguage":"en-US","@id":"https:\/\/www.zonacarpediem.com\/en\/shop\/mystical-esoteric-and-religious-jewelery\/colgante-1o-chakra-muladhara-zirconita-roja\/#primaryimage","url":"https:\/\/www.zonacarpediem.com\/wp-content\/uploads\/2018\/01\/s-l500-35.jpg","contentUrl":"https:\/\/www.zonacarpediem.com\/wp-content\/uploads\/2018\/01\/s-l500-35.jpg","width":500,"height":334},{"@type":"BreadcrumbList","@id":"https:\/\/www.zonacarpediem.com\/en\/shop\/mystical-esoteric-and-religious-jewelery\/colgante-1o-chakra-muladhara-zirconita-roja\/#breadcrumb","itemListElement":[{"@type":"ListItem","position":1,"name":"Home","item":"https:\/\/www.zonacarpediem.com\/en\/home-us\/"},{"@type":"ListItem","position":2,"name":"Products","item":"https:\/\/www.zonacarpediem.com\/en\/products\/"},{"@type":"ListItem","position":3,"name":"Colgante 1\u00ba CHAKRA MULADHARA Zirconita roja"}]},{"@type":"WebSite","@id":"https:\/\/www.zonacarpediem.com\/en\/#website","url":"https:\/\/www.zonacarpediem.com\/en\/","name":"Zona Carpe Diem","description":"Buy with Confidence and Flirt with Brilliance, Passion Lives Here!","publisher":{"@id":"https:\/\/www.zonacarpediem.com\/en\/#organization"},"potentialAction":[{"@type":"SearchAction","target":{"@type":"EntryPoint","urlTemplate":"https:\/\/www.zonacarpediem.com\/en\/?s={search_term_string}"},"query-input":{"@type":"PropertyValueSpecification","valueRequired":true,"valueName":"search_term_string"}}],"inLanguage":"en-US"},{"@type":"Organization","@id":"https:\/\/www.zonacarpediem.com\/en\/#organization","name":"Zona Carpe Diem","url":"https:\/\/www.zonacarpediem.com\/en\/","logo":{"@type":"ImageObject","inLanguage":"en-US","@id":"https:\/\/www.zonacarpediem.com\/en\/#\/schema\/logo\/image\/","url":"https:\/\/www.zonacarpediem.com\/wp-content\/uploads\/2016\/12\/ZCD-Logo-for-eBay-dec-2016-200x150px.png","contentUrl":"https:\/\/www.zonacarpediem.com\/wp-content\/uploads\/2016\/12\/ZCD-Logo-for-eBay-dec-2016-200x150px.png","width":200,"height":150,"caption":"Zona Carpe Diem"},"image":{"@id":"https:\/\/www.zonacarpediem.com\/en\/#\/schema\/logo\/image\/"},"sameAs":["https:\/\/www.facebook.com\/ZonaCarpeDiem"]}]}},"_links":{"self":[{"href":"https:\/\/www.zonacarpediem.com\/en\/wp-json\/wp\/v2\/product\/2005","targetHints":{"allow":["GET"]}}],"collection":[{"href":"https:\/\/www.zonacarpediem.com\/en\/wp-json\/wp\/v2\/product"}],"about":[{"href":"https:\/\/www.zonacarpediem.com\/en\/wp-json\/wp\/v2\/types\/product"}],"wp:featuredmedia":[{"embeddable":true,"href":"https:\/\/www.zonacarpediem.com\/en\/wp-json\/wp\/v2\/media\/2008"}],"wp:attachment":[{"href":"https:\/\/www.zonacarpediem.com\/en\/wp-json\/wp\/v2\/media?parent=2005"}],"wp:term":[{"taxonomy":"product_brand","embeddable":true,"href":"https:\/\/www.zonacarpediem.com\/en\/wp-json\/wp\/v2\/product_brand?post=2005"},{"taxonomy":"product_cat","embeddable":true,"href":"https:\/\/www.zonacarpediem.com\/en\/wp-json\/wp\/v2\/product_cat?post=2005"},{"taxonomy":"product_tag","embeddable":true,"href":"https:\/\/www.zonacarpediem.com\/en\/wp-json\/wp\/v2\/product_tag?post=2005"}],"curies":[{"name":"wp","href":"https:\/\/api.w.org\/{rel}","templated":true}]}}