{"id":2026,"date":"2018-01-11T11:52:05","date_gmt":"2018-01-11T10:52:05","guid":{"rendered":"https:\/\/www.zonacarpediem.com\/?post_type=product&#038;p=2026"},"modified":"2023-04-16T10:19:51","modified_gmt":"2023-04-16T08:19:51","slug":"colgante-reiki-chokurei-con-zirconita","status":"publish","type":"product","link":"https:\/\/www.zonacarpediem.com\/en\/shop\/mystical-esoteric-and-religious-jewelery\/colgante-reiki-chokurei-con-zirconita\/","title":{"rendered":"Colgante REIKI CHOKUREI con ZIRCONITA"},"content":{"rendered":"<p>Colgante Amuleto REIKI CHOKUREI con PIEDRAS ZIRCONITA \/ CIRCONITA, en PLATA de LEY, Energ\u00eda, Sanaci\u00f3n y Protecci\u00f3n<\/p>\n<p>Este s\u00edmbolo es el m\u00e1s importante del Reiki y el mas usado en todos los niveles y sirve para potenciar otros s\u00edmbolos, es el s\u00edmbolo de la energ\u00eda, es como un interruptor, porque abre el paso al flujo de la energ\u00eda. Su misi\u00f3n es la de multiplicar el caudal de energ\u00eda que canalizamos.<br \/>\nTambi\u00e9n es un s\u00edmbolo de protecci\u00f3n, las energ\u00edas negativas se transforman en energ\u00eda positiva.<br \/>\nSu nombre significa: &#8220;el poder est\u00e1 aqu\u00ed&#8221;, &#8220;llamo a la energ\u00eda aqu\u00ed y ahora&#8221;<\/p>\n","protected":false},"excerpt":{"rendered":"<p>Colgante Amuleto REIKI CHOKUREI con PIEDRAS ZIRCONITA \/ CIRCONITA, en PLATA de LEY, Energ\u00eda, Sanaci\u00f3n y Protecci\u00f3n<\/p>\n","protected":false},"featured_media":2029,"template":"","meta":[],"product_brand":[],"product_cat":[165],"product_tag":[],"class_list":{"0":"post-2026","1":"product","2":"type-product","3":"status-publish","4":"has-post-thumbnail","6":"product_cat-mystical-esoteric-and-religious-jewelery","8":"first","9":"outofstock","10":"shipping-taxable","11":"purchasable","12":"product-type-simple"},"yoast_head":"<!-- This site is optimized with the Yoast SEO plugin v26.7 - https:\/\/yoast.com\/wordpress\/plugins\/seo\/ -->\n<title>Colgante REIKI CHOKUREI con ZIRCONITA - Zona Carpe Diem<\/title>\n<meta name=\"description\" content=\"Comprar Colgante Amuleto REIKI CHOKUREI - Energ\u00eda, Sanaci\u00f3n y Protecci\u00f3n\" \/>\n<meta name=\"robots\" content=\"index, follow, max-snippet:-1, max-image-preview:large, max-video-preview:-1\" \/>\n<link rel=\"canonical\" href=\"https:\/\/www.zonacarpediem.com\/en\/shop\/mystical-esoteric-and-religious-jewelery\/colgante-reiki-chokurei-con-zirconita\/\" \/>\n<meta property=\"og:locale\" content=\"en_US\" \/>\n<meta property=\"og:type\" content=\"article\" \/>\n<meta property=\"og:title\" content=\"Colgante REIKI CHOKUREI con ZIRCONITA - Zona Carpe Diem\" \/>\n<meta property=\"og:description\" content=\"Comprar Colgante Amuleto REIKI CHOKUREI - Energ\u00eda, Sanaci\u00f3n y Protecci\u00f3n\" \/>\n<meta property=\"og:url\" content=\"https:\/\/www.zonacarpediem.com\/en\/shop\/mystical-esoteric-and-religious-jewelery\/colgante-reiki-chokurei-con-zirconita\/\" \/>\n<meta property=\"og:site_name\" content=\"Zona Carpe Diem\" \/>\n<meta property=\"article:publisher\" content=\"https:\/\/www.facebook.com\/ZonaCarpeDiem\" \/>\n<meta property=\"article:modified_time\" content=\"2023-04-16T08:19:51+00:00\" \/>\n<meta property=\"og:image\" content=\"https:\/\/www.zonacarpediem.com\/wp-content\/uploads\/2018\/01\/s-l500-38.jpg\" \/>\n\t<meta property=\"og:image:width\" content=\"500\" \/>\n\t<meta property=\"og:image:height\" content=\"334\" \/>\n\t<meta property=\"og:image:type\" content=\"image\/jpeg\" \/>\n<meta name=\"twitter:label1\" content=\"Est. reading time\" \/>\n\t<meta name=\"twitter:data1\" content=\"1 minute\" \/>\n<script type=\"application\/ld+json\" class=\"yoast-schema-graph\">{\"@context\":\"https:\/\/schema.org\",\"@graph\":[{\"@type\":\"WebPage\",\"@id\":\"https:\/\/www.zonacarpediem.com\/en\/shop\/mystical-esoteric-and-religious-jewelery\/colgante-reiki-chokurei-con-zirconita\/\",\"url\":\"https:\/\/www.zonacarpediem.com\/en\/shop\/mystical-esoteric-and-religious-jewelery\/colgante-reiki-chokurei-con-zirconita\/\",\"name\":\"Colgante REIKI CHOKUREI con ZIRCONITA - Zona Carpe Diem\",\"isPartOf\":{\"@id\":\"https:\/\/www.zonacarpediem.com\/en\/#website\"},\"primaryImageOfPage\":{\"@id\":\"https:\/\/www.zonacarpediem.com\/en\/shop\/mystical-esoteric-and-religious-jewelery\/colgante-reiki-chokurei-con-zirconita\/#primaryimage\"},\"image\":{\"@id\":\"https:\/\/www.zonacarpediem.com\/en\/shop\/mystical-esoteric-and-religious-jewelery\/colgante-reiki-chokurei-con-zirconita\/#primaryimage\"},\"thumbnailUrl\":\"https:\/\/www.zonacarpediem.com\/wp-content\/uploads\/2018\/01\/s-l500-38.jpg\",\"datePublished\":\"2018-01-11T10:52:05+00:00\",\"dateModified\":\"2023-04-16T08:19:51+00:00\",\"description\":\"Comprar Colgante Amuleto REIKI CHOKUREI - Energ\u00eda, Sanaci\u00f3n y Protecci\u00f3n\",\"breadcrumb\":{\"@id\":\"https:\/\/www.zonacarpediem.com\/en\/shop\/mystical-esoteric-and-religious-jewelery\/colgante-reiki-chokurei-con-zirconita\/#breadcrumb\"},\"inLanguage\":\"en-US\",\"potentialAction\":[{\"@type\":\"ReadAction\",\"target\":[\"https:\/\/www.zonacarpediem.com\/en\/shop\/mystical-esoteric-and-religious-jewelery\/colgante-reiki-chokurei-con-zirconita\/\"]}]},{\"@type\":\"ImageObject\",\"inLanguage\":\"en-US\",\"@id\":\"https:\/\/www.zonacarpediem.com\/en\/shop\/mystical-esoteric-and-religious-jewelery\/colgante-reiki-chokurei-con-zirconita\/#primaryimage\",\"url\":\"https:\/\/www.zonacarpediem.com\/wp-content\/uploads\/2018\/01\/s-l500-38.jpg\",\"contentUrl\":\"https:\/\/www.zonacarpediem.com\/wp-content\/uploads\/2018\/01\/s-l500-38.jpg\",\"width\":500,\"height\":334},{\"@type\":\"BreadcrumbList\",\"@id\":\"https:\/\/www.zonacarpediem.com\/en\/shop\/mystical-esoteric-and-religious-jewelery\/colgante-reiki-chokurei-con-zirconita\/#breadcrumb\",\"itemListElement\":[{\"@type\":\"ListItem\",\"position\":1,\"name\":\"Home\",\"item\":\"https:\/\/www.zonacarpediem.com\/en\/home-us\/\"},{\"@type\":\"ListItem\",\"position\":2,\"name\":\"Products\",\"item\":\"https:\/\/www.zonacarpediem.com\/en\/products\/\"},{\"@type\":\"ListItem\",\"position\":3,\"name\":\"Colgante REIKI CHOKUREI con ZIRCONITA\"}]},{\"@type\":\"WebSite\",\"@id\":\"https:\/\/www.zonacarpediem.com\/en\/#website\",\"url\":\"https:\/\/www.zonacarpediem.com\/en\/\",\"name\":\"Zona Carpe Diem\",\"description\":\"Buy with Confidence and Flirt with Brilliance, Passion Lives Here!\",\"publisher\":{\"@id\":\"https:\/\/www.zonacarpediem.com\/en\/#organization\"},\"potentialAction\":[{\"@type\":\"SearchAction\",\"target\":{\"@type\":\"EntryPoint\",\"urlTemplate\":\"https:\/\/www.zonacarpediem.com\/en\/?s={search_term_string}\"},\"query-input\":{\"@type\":\"PropertyValueSpecification\",\"valueRequired\":true,\"valueName\":\"search_term_string\"}}],\"inLanguage\":\"en-US\"},{\"@type\":\"Organization\",\"@id\":\"https:\/\/www.zonacarpediem.com\/en\/#organization\",\"name\":\"Zona Carpe Diem\",\"url\":\"https:\/\/www.zonacarpediem.com\/en\/\",\"logo\":{\"@type\":\"ImageObject\",\"inLanguage\":\"en-US\",\"@id\":\"https:\/\/www.zonacarpediem.com\/en\/#\/schema\/logo\/image\/\",\"url\":\"https:\/\/www.zonacarpediem.com\/wp-content\/uploads\/2016\/12\/ZCD-Logo-for-eBay-dec-2016-200x150px.png\",\"contentUrl\":\"https:\/\/www.zonacarpediem.com\/wp-content\/uploads\/2016\/12\/ZCD-Logo-for-eBay-dec-2016-200x150px.png\",\"width\":200,\"height\":150,\"caption\":\"Zona Carpe Diem\"},\"image\":{\"@id\":\"https:\/\/www.zonacarpediem.com\/en\/#\/schema\/logo\/image\/\"},\"sameAs\":[\"https:\/\/www.facebook.com\/ZonaCarpeDiem\"]}]}<\/script>\n<!-- \/ Yoast SEO plugin. -->","yoast_head_json":{"title":"Colgante REIKI CHOKUREI con ZIRCONITA - Zona Carpe Diem","description":"Comprar Colgante Amuleto REIKI CHOKUREI - Energ\u00eda, Sanaci\u00f3n y Protecci\u00f3n","robots":{"index":"index","follow":"follow","max-snippet":"max-snippet:-1","max-image-preview":"max-image-preview:large","max-video-preview":"max-video-preview:-1"},"canonical":"https:\/\/www.zonacarpediem.com\/en\/shop\/mystical-esoteric-and-religious-jewelery\/colgante-reiki-chokurei-con-zirconita\/","og_locale":"en_US","og_type":"article","og_title":"Colgante REIKI CHOKUREI con ZIRCONITA - Zona Carpe Diem","og_description":"Comprar Colgante Amuleto REIKI CHOKUREI - Energ\u00eda, Sanaci\u00f3n y Protecci\u00f3n","og_url":"https:\/\/www.zonacarpediem.com\/en\/shop\/mystical-esoteric-and-religious-jewelery\/colgante-reiki-chokurei-con-zirconita\/","og_site_name":"Zona Carpe Diem","article_publisher":"https:\/\/www.facebook.com\/ZonaCarpeDiem","article_modified_time":"2023-04-16T08:19:51+00:00","og_image":[{"width":500,"height":334,"url":"https:\/\/www.zonacarpediem.com\/wp-content\/uploads\/2018\/01\/s-l500-38.jpg","type":"image\/jpeg"}],"twitter_misc":{"Est. reading time":"1 minute"},"schema":{"@context":"https:\/\/schema.org","@graph":[{"@type":"WebPage","@id":"https:\/\/www.zonacarpediem.com\/en\/shop\/mystical-esoteric-and-religious-jewelery\/colgante-reiki-chokurei-con-zirconita\/","url":"https:\/\/www.zonacarpediem.com\/en\/shop\/mystical-esoteric-and-religious-jewelery\/colgante-reiki-chokurei-con-zirconita\/","name":"Colgante REIKI CHOKUREI con ZIRCONITA - Zona Carpe Diem","isPartOf":{"@id":"https:\/\/www.zonacarpediem.com\/en\/#website"},"primaryImageOfPage":{"@id":"https:\/\/www.zonacarpediem.com\/en\/shop\/mystical-esoteric-and-religious-jewelery\/colgante-reiki-chokurei-con-zirconita\/#primaryimage"},"image":{"@id":"https:\/\/www.zonacarpediem.com\/en\/shop\/mystical-esoteric-and-religious-jewelery\/colgante-reiki-chokurei-con-zirconita\/#primaryimage"},"thumbnailUrl":"https:\/\/www.zonacarpediem.com\/wp-content\/uploads\/2018\/01\/s-l500-38.jpg","datePublished":"2018-01-11T10:52:05+00:00","dateModified":"2023-04-16T08:19:51+00:00","description":"Comprar Colgante Amuleto REIKI CHOKUREI - Energ\u00eda, Sanaci\u00f3n y Protecci\u00f3n","breadcrumb":{"@id":"https:\/\/www.zonacarpediem.com\/en\/shop\/mystical-esoteric-and-religious-jewelery\/colgante-reiki-chokurei-con-zirconita\/#breadcrumb"},"inLanguage":"en-US","potentialAction":[{"@type":"ReadAction","target":["https:\/\/www.zonacarpediem.com\/en\/shop\/mystical-esoteric-and-religious-jewelery\/colgante-reiki-chokurei-con-zirconita\/"]}]},{"@type":"ImageObject","inLanguage":"en-US","@id":"https:\/\/www.zonacarpediem.com\/en\/shop\/mystical-esoteric-and-religious-jewelery\/colgante-reiki-chokurei-con-zirconita\/#primaryimage","url":"https:\/\/www.zonacarpediem.com\/wp-content\/uploads\/2018\/01\/s-l500-38.jpg","contentUrl":"https:\/\/www.zonacarpediem.com\/wp-content\/uploads\/2018\/01\/s-l500-38.jpg","width":500,"height":334},{"@type":"BreadcrumbList","@id":"https:\/\/www.zonacarpediem.com\/en\/shop\/mystical-esoteric-and-religious-jewelery\/colgante-reiki-chokurei-con-zirconita\/#breadcrumb","itemListElement":[{"@type":"ListItem","position":1,"name":"Home","item":"https:\/\/www.zonacarpediem.com\/en\/home-us\/"},{"@type":"ListItem","position":2,"name":"Products","item":"https:\/\/www.zonacarpediem.com\/en\/products\/"},{"@type":"ListItem","position":3,"name":"Colgante REIKI CHOKUREI con ZIRCONITA"}]},{"@type":"WebSite","@id":"https:\/\/www.zonacarpediem.com\/en\/#website","url":"https:\/\/www.zonacarpediem.com\/en\/","name":"Zona Carpe Diem","description":"Buy with Confidence and Flirt with Brilliance, Passion Lives Here!","publisher":{"@id":"https:\/\/www.zonacarpediem.com\/en\/#organization"},"potentialAction":[{"@type":"SearchAction","target":{"@type":"EntryPoint","urlTemplate":"https:\/\/www.zonacarpediem.com\/en\/?s={search_term_string}"},"query-input":{"@type":"PropertyValueSpecification","valueRequired":true,"valueName":"search_term_string"}}],"inLanguage":"en-US"},{"@type":"Organization","@id":"https:\/\/www.zonacarpediem.com\/en\/#organization","name":"Zona Carpe Diem","url":"https:\/\/www.zonacarpediem.com\/en\/","logo":{"@type":"ImageObject","inLanguage":"en-US","@id":"https:\/\/www.zonacarpediem.com\/en\/#\/schema\/logo\/image\/","url":"https:\/\/www.zonacarpediem.com\/wp-content\/uploads\/2016\/12\/ZCD-Logo-for-eBay-dec-2016-200x150px.png","contentUrl":"https:\/\/www.zonacarpediem.com\/wp-content\/uploads\/2016\/12\/ZCD-Logo-for-eBay-dec-2016-200x150px.png","width":200,"height":150,"caption":"Zona Carpe Diem"},"image":{"@id":"https:\/\/www.zonacarpediem.com\/en\/#\/schema\/logo\/image\/"},"sameAs":["https:\/\/www.facebook.com\/ZonaCarpeDiem"]}]}},"_links":{"self":[{"href":"https:\/\/www.zonacarpediem.com\/en\/wp-json\/wp\/v2\/product\/2026","targetHints":{"allow":["GET"]}}],"collection":[{"href":"https:\/\/www.zonacarpediem.com\/en\/wp-json\/wp\/v2\/product"}],"about":[{"href":"https:\/\/www.zonacarpediem.com\/en\/wp-json\/wp\/v2\/types\/product"}],"wp:featuredmedia":[{"embeddable":true,"href":"https:\/\/www.zonacarpediem.com\/en\/wp-json\/wp\/v2\/media\/2029"}],"wp:attachment":[{"href":"https:\/\/www.zonacarpediem.com\/en\/wp-json\/wp\/v2\/media?parent=2026"}],"wp:term":[{"taxonomy":"product_brand","embeddable":true,"href":"https:\/\/www.zonacarpediem.com\/en\/wp-json\/wp\/v2\/product_brand?post=2026"},{"taxonomy":"product_cat","embeddable":true,"href":"https:\/\/www.zonacarpediem.com\/en\/wp-json\/wp\/v2\/product_cat?post=2026"},{"taxonomy":"product_tag","embeddable":true,"href":"https:\/\/www.zonacarpediem.com\/en\/wp-json\/wp\/v2\/product_tag?post=2026"}],"curies":[{"name":"wp","href":"https:\/\/api.w.org\/{rel}","templated":true}]}}