{"id":2155,"date":"2018-01-15T17:23:21","date_gmt":"2018-01-15T16:23:21","guid":{"rendered":"https:\/\/www.zonacarpediem.com\/?post_type=product&#038;p=2155"},"modified":"2026-03-09T08:01:06","modified_gmt":"2026-03-09T07:01:06","slug":"libro-astrologia","status":"publish","type":"product","link":"https:\/\/www.zonacarpediem.com\/en\/shop\/tarots-en\/libro-astrologia\/","title":{"rendered":"Libro ASTROLOG\u00cdA &#8211; Gu\u00eda pr\u00e1ctica"},"content":{"rendered":"<p><strong>Libro ASTROLOG\u00cdA &#8211; Alan Oken &#8211; Ediciones Obelisco<\/strong><\/p>\n<p>Basada en una experiencia de siglos, la Astrolog\u00eda es una v\u00eda para explicar los acontecimientos de la propia vida que, de otro modo, parecen inexplicables. Astrolog\u00eda Gu\u00eda Pr\u00e1ctica, brinda una introducci\u00f3n a \u00e9sta, la m\u00e1s antigua de las ciencias.<\/p>\n<p>En esta obra el lector encontrar\u00e1 informaci\u00f3n clara y pr\u00e1ctica sobre las siguientes cuestiones:<br \/>\n&#8211; C\u00f3mo se desarroll\u00f3 la ciencia astrol\u00f3gica<br \/>\n&#8211; Los planetas y c\u00f3mo afectan la propia vida<br \/>\n&#8211; Las Casas y su papel en la propia experiencia<br \/>\n&#8211; Las Cartas Astrales de personajes famosos con cartas en blanco para que el lector pueda practicar<\/p>\n<p><strong>Alan Oken\u00a0<\/strong>ha publicado unos 200 art\u00edculos en importantes revistas astrol\u00f3gicas y metaf\u00edsicas y ha publicado varios libros.<br \/>\nEs disc\u00edpulo del maestro tibetano Djwahl Khul y miembro del nuevo Grupo de Servidores del mundo.<\/p>\n<p>Ediciones Obelisco<br \/>\nmedidas 17,5 cm x 11 cm<br \/>\np\u00e1ginas 170<\/p>\n","protected":false},"excerpt":{"rendered":"<p>Libro ASTROLOG\u00cdA &#8211; Alan Oken &#8211; Ediciones Obelisco<\/p>\n","protected":false},"featured_media":6551,"template":"","meta":[],"product_brand":[],"product_cat":[163],"product_tag":[],"class_list":{"0":"post-2155","1":"product","2":"type-product","3":"status-publish","4":"has-post-thumbnail","6":"product_cat-tarots-en","8":"first","9":"outofstock","10":"shipping-taxable","11":"purchasable","12":"product-type-simple"},"yoast_head":"<!-- This site is optimized with the Yoast SEO plugin v26.7 - https:\/\/yoast.com\/wordpress\/plugins\/seo\/ -->\n<title>Libro ASTROLOG\u00cdA - Gu\u00eda pr\u00e1ctica - Zona Carpe Diem<\/title>\n<meta name=\"description\" content=\"Comprar Libro ASTROLOG\u00cdA - Gu\u00eda pr\u00e1ctica - Alan Oken\" \/>\n<meta name=\"robots\" content=\"index, follow, max-snippet:-1, max-image-preview:large, max-video-preview:-1\" \/>\n<link rel=\"canonical\" href=\"https:\/\/www.zonacarpediem.com\/en\/shop\/tarots-en\/libro-astrologia\/\" \/>\n<meta property=\"og:locale\" content=\"en_US\" \/>\n<meta property=\"og:type\" content=\"article\" \/>\n<meta property=\"og:title\" content=\"Libro ASTROLOG\u00cdA - Gu\u00eda pr\u00e1ctica - Zona Carpe Diem\" \/>\n<meta property=\"og:description\" content=\"Comprar Libro ASTROLOG\u00cdA - Gu\u00eda pr\u00e1ctica - Alan Oken\" \/>\n<meta property=\"og:url\" content=\"https:\/\/www.zonacarpediem.com\/en\/shop\/tarots-en\/libro-astrologia\/\" \/>\n<meta property=\"og:site_name\" content=\"Zona Carpe Diem\" \/>\n<meta property=\"article:publisher\" content=\"https:\/\/www.facebook.com\/ZonaCarpeDiem\" \/>\n<meta property=\"article:modified_time\" content=\"2026-03-09T07:01:06+00:00\" \/>\n<meta property=\"og:image\" content=\"https:\/\/www.zonacarpediem.com\/wp-content\/uploads\/2018\/01\/Astrologia-Guia-Practica-1.jpg\" \/>\n\t<meta property=\"og:image:width\" content=\"1037\" \/>\n\t<meta property=\"og:image:height\" content=\"1599\" \/>\n\t<meta property=\"og:image:type\" content=\"image\/jpeg\" \/>\n<meta name=\"twitter:label1\" content=\"Est. reading time\" \/>\n\t<meta name=\"twitter:data1\" content=\"1 minute\" \/>\n<script type=\"application\/ld+json\" class=\"yoast-schema-graph\">{\"@context\":\"https:\/\/schema.org\",\"@graph\":[{\"@type\":\"WebPage\",\"@id\":\"https:\/\/www.zonacarpediem.com\/en\/shop\/tarots-en\/libro-astrologia\/\",\"url\":\"https:\/\/www.zonacarpediem.com\/en\/shop\/tarots-en\/libro-astrologia\/\",\"name\":\"Libro ASTROLOG\u00cdA - Gu\u00eda pr\u00e1ctica - Zona Carpe Diem\",\"isPartOf\":{\"@id\":\"https:\/\/www.zonacarpediem.com\/en\/#website\"},\"primaryImageOfPage\":{\"@id\":\"https:\/\/www.zonacarpediem.com\/en\/shop\/tarots-en\/libro-astrologia\/#primaryimage\"},\"image\":{\"@id\":\"https:\/\/www.zonacarpediem.com\/en\/shop\/tarots-en\/libro-astrologia\/#primaryimage\"},\"thumbnailUrl\":\"https:\/\/www.zonacarpediem.com\/wp-content\/uploads\/2018\/01\/Astrologia-Guia-Practica-1.jpg\",\"datePublished\":\"2018-01-15T16:23:21+00:00\",\"dateModified\":\"2026-03-09T07:01:06+00:00\",\"description\":\"Comprar Libro ASTROLOG\u00cdA - Gu\u00eda pr\u00e1ctica - Alan Oken\",\"breadcrumb\":{\"@id\":\"https:\/\/www.zonacarpediem.com\/en\/shop\/tarots-en\/libro-astrologia\/#breadcrumb\"},\"inLanguage\":\"en-US\",\"potentialAction\":[{\"@type\":\"ReadAction\",\"target\":[\"https:\/\/www.zonacarpediem.com\/en\/shop\/tarots-en\/libro-astrologia\/\"]}]},{\"@type\":\"ImageObject\",\"inLanguage\":\"en-US\",\"@id\":\"https:\/\/www.zonacarpediem.com\/en\/shop\/tarots-en\/libro-astrologia\/#primaryimage\",\"url\":\"https:\/\/www.zonacarpediem.com\/wp-content\/uploads\/2018\/01\/Astrologia-Guia-Practica-1.jpg\",\"contentUrl\":\"https:\/\/www.zonacarpediem.com\/wp-content\/uploads\/2018\/01\/Astrologia-Guia-Practica-1.jpg\",\"width\":1037,\"height\":1599,\"caption\":\"Libro ASTROLOG\u00cdA - Alan Oken - Gu\u00eda Pr\u00e1ctica\"},{\"@type\":\"BreadcrumbList\",\"@id\":\"https:\/\/www.zonacarpediem.com\/en\/shop\/tarots-en\/libro-astrologia\/#breadcrumb\",\"itemListElement\":[{\"@type\":\"ListItem\",\"position\":1,\"name\":\"Home\",\"item\":\"https:\/\/www.zonacarpediem.com\/en\/home-us\/\"},{\"@type\":\"ListItem\",\"position\":2,\"name\":\"Products\",\"item\":\"https:\/\/www.zonacarpediem.com\/en\/products\/\"},{\"@type\":\"ListItem\",\"position\":3,\"name\":\"Libro ASTROLOG\u00cdA &#8211; Gu\u00eda pr\u00e1ctica\"}]},{\"@type\":\"WebSite\",\"@id\":\"https:\/\/www.zonacarpediem.com\/en\/#website\",\"url\":\"https:\/\/www.zonacarpediem.com\/en\/\",\"name\":\"Zona Carpe Diem\",\"description\":\"Buy with Confidence and Flirt with Brilliance, Passion Lives Here!\",\"publisher\":{\"@id\":\"https:\/\/www.zonacarpediem.com\/en\/#organization\"},\"potentialAction\":[{\"@type\":\"SearchAction\",\"target\":{\"@type\":\"EntryPoint\",\"urlTemplate\":\"https:\/\/www.zonacarpediem.com\/en\/?s={search_term_string}\"},\"query-input\":{\"@type\":\"PropertyValueSpecification\",\"valueRequired\":true,\"valueName\":\"search_term_string\"}}],\"inLanguage\":\"en-US\"},{\"@type\":\"Organization\",\"@id\":\"https:\/\/www.zonacarpediem.com\/en\/#organization\",\"name\":\"Zona Carpe Diem\",\"url\":\"https:\/\/www.zonacarpediem.com\/en\/\",\"logo\":{\"@type\":\"ImageObject\",\"inLanguage\":\"en-US\",\"@id\":\"https:\/\/www.zonacarpediem.com\/en\/#\/schema\/logo\/image\/\",\"url\":\"https:\/\/www.zonacarpediem.com\/wp-content\/uploads\/2016\/12\/ZCD-Logo-for-eBay-dec-2016-200x150px.png\",\"contentUrl\":\"https:\/\/www.zonacarpediem.com\/wp-content\/uploads\/2016\/12\/ZCD-Logo-for-eBay-dec-2016-200x150px.png\",\"width\":200,\"height\":150,\"caption\":\"Zona Carpe Diem\"},\"image\":{\"@id\":\"https:\/\/www.zonacarpediem.com\/en\/#\/schema\/logo\/image\/\"},\"sameAs\":[\"https:\/\/www.facebook.com\/ZonaCarpeDiem\"]}]}<\/script>\n<!-- \/ Yoast SEO plugin. -->","yoast_head_json":{"title":"Libro ASTROLOG\u00cdA - Gu\u00eda pr\u00e1ctica - Zona Carpe Diem","description":"Comprar Libro ASTROLOG\u00cdA - Gu\u00eda pr\u00e1ctica - Alan Oken","robots":{"index":"index","follow":"follow","max-snippet":"max-snippet:-1","max-image-preview":"max-image-preview:large","max-video-preview":"max-video-preview:-1"},"canonical":"https:\/\/www.zonacarpediem.com\/en\/shop\/tarots-en\/libro-astrologia\/","og_locale":"en_US","og_type":"article","og_title":"Libro ASTROLOG\u00cdA - Gu\u00eda pr\u00e1ctica - Zona Carpe Diem","og_description":"Comprar Libro ASTROLOG\u00cdA - Gu\u00eda pr\u00e1ctica - Alan Oken","og_url":"https:\/\/www.zonacarpediem.com\/en\/shop\/tarots-en\/libro-astrologia\/","og_site_name":"Zona Carpe Diem","article_publisher":"https:\/\/www.facebook.com\/ZonaCarpeDiem","article_modified_time":"2026-03-09T07:01:06+00:00","og_image":[{"width":1037,"height":1599,"url":"https:\/\/www.zonacarpediem.com\/wp-content\/uploads\/2018\/01\/Astrologia-Guia-Practica-1.jpg","type":"image\/jpeg"}],"twitter_misc":{"Est. reading time":"1 minute"},"schema":{"@context":"https:\/\/schema.org","@graph":[{"@type":"WebPage","@id":"https:\/\/www.zonacarpediem.com\/en\/shop\/tarots-en\/libro-astrologia\/","url":"https:\/\/www.zonacarpediem.com\/en\/shop\/tarots-en\/libro-astrologia\/","name":"Libro ASTROLOG\u00cdA - Gu\u00eda pr\u00e1ctica - Zona Carpe Diem","isPartOf":{"@id":"https:\/\/www.zonacarpediem.com\/en\/#website"},"primaryImageOfPage":{"@id":"https:\/\/www.zonacarpediem.com\/en\/shop\/tarots-en\/libro-astrologia\/#primaryimage"},"image":{"@id":"https:\/\/www.zonacarpediem.com\/en\/shop\/tarots-en\/libro-astrologia\/#primaryimage"},"thumbnailUrl":"https:\/\/www.zonacarpediem.com\/wp-content\/uploads\/2018\/01\/Astrologia-Guia-Practica-1.jpg","datePublished":"2018-01-15T16:23:21+00:00","dateModified":"2026-03-09T07:01:06+00:00","description":"Comprar Libro ASTROLOG\u00cdA - Gu\u00eda pr\u00e1ctica - Alan Oken","breadcrumb":{"@id":"https:\/\/www.zonacarpediem.com\/en\/shop\/tarots-en\/libro-astrologia\/#breadcrumb"},"inLanguage":"en-US","potentialAction":[{"@type":"ReadAction","target":["https:\/\/www.zonacarpediem.com\/en\/shop\/tarots-en\/libro-astrologia\/"]}]},{"@type":"ImageObject","inLanguage":"en-US","@id":"https:\/\/www.zonacarpediem.com\/en\/shop\/tarots-en\/libro-astrologia\/#primaryimage","url":"https:\/\/www.zonacarpediem.com\/wp-content\/uploads\/2018\/01\/Astrologia-Guia-Practica-1.jpg","contentUrl":"https:\/\/www.zonacarpediem.com\/wp-content\/uploads\/2018\/01\/Astrologia-Guia-Practica-1.jpg","width":1037,"height":1599,"caption":"Libro ASTROLOG\u00cdA - Alan Oken - Gu\u00eda Pr\u00e1ctica"},{"@type":"BreadcrumbList","@id":"https:\/\/www.zonacarpediem.com\/en\/shop\/tarots-en\/libro-astrologia\/#breadcrumb","itemListElement":[{"@type":"ListItem","position":1,"name":"Home","item":"https:\/\/www.zonacarpediem.com\/en\/home-us\/"},{"@type":"ListItem","position":2,"name":"Products","item":"https:\/\/www.zonacarpediem.com\/en\/products\/"},{"@type":"ListItem","position":3,"name":"Libro ASTROLOG\u00cdA &#8211; Gu\u00eda pr\u00e1ctica"}]},{"@type":"WebSite","@id":"https:\/\/www.zonacarpediem.com\/en\/#website","url":"https:\/\/www.zonacarpediem.com\/en\/","name":"Zona Carpe Diem","description":"Buy with Confidence and Flirt with Brilliance, Passion Lives Here!","publisher":{"@id":"https:\/\/www.zonacarpediem.com\/en\/#organization"},"potentialAction":[{"@type":"SearchAction","target":{"@type":"EntryPoint","urlTemplate":"https:\/\/www.zonacarpediem.com\/en\/?s={search_term_string}"},"query-input":{"@type":"PropertyValueSpecification","valueRequired":true,"valueName":"search_term_string"}}],"inLanguage":"en-US"},{"@type":"Organization","@id":"https:\/\/www.zonacarpediem.com\/en\/#organization","name":"Zona Carpe Diem","url":"https:\/\/www.zonacarpediem.com\/en\/","logo":{"@type":"ImageObject","inLanguage":"en-US","@id":"https:\/\/www.zonacarpediem.com\/en\/#\/schema\/logo\/image\/","url":"https:\/\/www.zonacarpediem.com\/wp-content\/uploads\/2016\/12\/ZCD-Logo-for-eBay-dec-2016-200x150px.png","contentUrl":"https:\/\/www.zonacarpediem.com\/wp-content\/uploads\/2016\/12\/ZCD-Logo-for-eBay-dec-2016-200x150px.png","width":200,"height":150,"caption":"Zona Carpe Diem"},"image":{"@id":"https:\/\/www.zonacarpediem.com\/en\/#\/schema\/logo\/image\/"},"sameAs":["https:\/\/www.facebook.com\/ZonaCarpeDiem"]}]}},"_links":{"self":[{"href":"https:\/\/www.zonacarpediem.com\/en\/wp-json\/wp\/v2\/product\/2155","targetHints":{"allow":["GET"]}}],"collection":[{"href":"https:\/\/www.zonacarpediem.com\/en\/wp-json\/wp\/v2\/product"}],"about":[{"href":"https:\/\/www.zonacarpediem.com\/en\/wp-json\/wp\/v2\/types\/product"}],"wp:featuredmedia":[{"embeddable":true,"href":"https:\/\/www.zonacarpediem.com\/en\/wp-json\/wp\/v2\/media\/6551"}],"wp:attachment":[{"href":"https:\/\/www.zonacarpediem.com\/en\/wp-json\/wp\/v2\/media?parent=2155"}],"wp:term":[{"taxonomy":"product_brand","embeddable":true,"href":"https:\/\/www.zonacarpediem.com\/en\/wp-json\/wp\/v2\/product_brand?post=2155"},{"taxonomy":"product_cat","embeddable":true,"href":"https:\/\/www.zonacarpediem.com\/en\/wp-json\/wp\/v2\/product_cat?post=2155"},{"taxonomy":"product_tag","embeddable":true,"href":"https:\/\/www.zonacarpediem.com\/en\/wp-json\/wp\/v2\/product_tag?post=2155"}],"curies":[{"name":"wp","href":"https:\/\/api.w.org\/{rel}","templated":true}]}}