{"id":2167,"date":"2018-01-15T17:56:12","date_gmt":"2018-01-15T16:56:12","guid":{"rendered":"https:\/\/www.zonacarpediem.com\/?post_type=product&#038;p=2167"},"modified":"2024-01-20T17:13:45","modified_gmt":"2024-01-20T16:13:45","slug":"lampara-feng-shui-de-sal-natural-con-usb","status":"publish","type":"product","link":"https:\/\/www.zonacarpediem.com\/en\/shop\/mystical-esoteric-and-religious-jewelery\/lampara-feng-shui-de-sal-natural-con-usb\/","title":{"rendered":"L\u00e1mpara FENG SHUI de SAL NATURAL con USB"},"content":{"rendered":"<p>L\u00e1mpara FENG SHUI de SAL NATURAL con USB para ORDENADOR, energ\u00eda positiva<\/p>\n<p>L\u00e1mpara ionizadora feng shui, fabricada utilizando rocas naturales de cristal de sal. Cada una es diferente en su forma y color, se utilizan para recoger energ\u00eda positiva mediante la emisi\u00f3n de iones negativos. La luz rosada tambi\u00e9n es beneficiosa para el estado f\u00edsico y afectivo mejorando la relajaci\u00f3n en cualquier lugar.<\/p>\n<p>Conectar la clavija con cuidado a la salida USB de su ordenador (bombilla 5V).<\/p>\n<p>L\u00e1mpara decorativa con base de madera, cuerpo de sal de roca natural y sistema el\u00e9ctrico homologado para su venta en la CEE.<\/p>\n<p>Feng Shui<br \/>\nliteralmente &#8216;viento y agua&#8217; y es un sistema ancestral de est\u00e9tica chino que pretende utilizar las leyes del Cielo (astronom\u00eda) y la Tierra (geograf\u00eda) para ayudar a mejorar la vida recibiendo Qi positivo.<br \/>\nFeng Shui es una forma de geomancia desarrollada en China. Originalmente el Feng Shui formaba parte de un cuerpo de conocimientos que aunaba filosof\u00eda y ciencia natural y que estudiaba e interpretaba los cambios que ocurren en la naturaleza, el clima, y los astros.<br \/>\nLa pr\u00e1ctica popular del feng shui apela a ciertos objetos como m\u00f3viles, campanas, estatuas, Budas, dragones, tigres, bolas de cristal, flautas chinas, bamb\u00faes, piedras etc.<\/p>\n<p>En la China imperial el feng shui era un asunto de estado y s\u00f3lo las construcciones imperiales y de algunos nobles ten\u00edan acceso a esta aplicaci\u00f3n, por eso se la llamaba &#8220;Aplicaciones de emperadores y reyes&#8221;. Incluso se aplicaba a la ubicaci\u00f3n y orientaci\u00f3n de las tumbas (Yin Zhai o vivienda de los muertos) ya que se cre\u00eda que el feng shui de las mismas influ\u00eda sobre la fortuna de la descendencia del difunto.<\/p>\n<p>En la \u00faltima d\u00e9cada el feng shui se ha popularizado enormemente y su pr\u00e1ctica y ense\u00f1anza se ha extendido por casi todo el mundo<br \/>\nLa doctrina del feng shui se basa en la existencia de un aliento vital o chi cuyo flujo se ve modificado por la forma y disposici\u00f3n del espacio, las orientaciones (puntos cardinales) y los cambios temporales. Algunas escuelas de feng shui ponen el \u00e9nfasis en el estudio de las formas: las monta\u00f1as, los r\u00edos, la estructura de la vivienda o lugar de trabajo, la ubicaci\u00f3n de un cuarto de ba\u00f1o, cocina, habitaci\u00f3n, etc. hasta la colocaci\u00f3n de los muebles. Otras escuelas enfatizan en cambio el uso de la br\u00fajula, aunque en la actualidad la tendencia es considerar tanto la forma como la orientaci\u00f3n conjuntamente.<\/p>\n","protected":false},"excerpt":{"rendered":"<p>L\u00e1mpara FENG SHUI de SAL NATURAL con USB para ORDENADOR, energ\u00eda positiva<\/p>\n","protected":false},"featured_media":2170,"template":"","meta":[],"product_brand":[],"product_cat":[167,165],"product_tag":[],"class_list":{"0":"post-2167","1":"product","2":"type-product","3":"status-publish","4":"has-post-thumbnail","6":"product_cat-incense-and-essential-oils","7":"product_cat-mystical-esoteric-and-religious-jewelery","9":"first","10":"instock","11":"shipping-taxable","12":"purchasable","13":"product-type-simple"},"yoast_head":"<!-- This site is optimized with the Yoast SEO plugin v26.7 - https:\/\/yoast.com\/wordpress\/plugins\/seo\/ -->\n<title>L\u00e1mpara FENG SHUI de SAL NATURAL con USB - Zona Carpe Diem<\/title>\n<meta name=\"description\" content=\"Comprar L\u00e1mpara FENG SHUI de SAL NATURAL con USB para ORDENADOR - energ\u00eda positiva\" \/>\n<meta name=\"robots\" content=\"index, follow, max-snippet:-1, max-image-preview:large, max-video-preview:-1\" \/>\n<link rel=\"canonical\" href=\"https:\/\/www.zonacarpediem.com\/en\/shop\/mystical-esoteric-and-religious-jewelery\/lampara-feng-shui-de-sal-natural-con-usb\/\" \/>\n<meta property=\"og:locale\" content=\"en_US\" \/>\n<meta property=\"og:type\" content=\"article\" \/>\n<meta property=\"og:title\" content=\"L\u00e1mpara FENG SHUI de SAL NATURAL con USB - Zona Carpe Diem\" \/>\n<meta property=\"og:description\" content=\"Comprar L\u00e1mpara FENG SHUI de SAL NATURAL con USB para ORDENADOR - energ\u00eda positiva\" \/>\n<meta property=\"og:url\" content=\"https:\/\/www.zonacarpediem.com\/en\/shop\/mystical-esoteric-and-religious-jewelery\/lampara-feng-shui-de-sal-natural-con-usb\/\" \/>\n<meta property=\"og:site_name\" content=\"Zona Carpe Diem\" \/>\n<meta property=\"article:publisher\" content=\"https:\/\/www.facebook.com\/ZonaCarpeDiem\" \/>\n<meta property=\"article:modified_time\" content=\"2024-01-20T16:13:45+00:00\" \/>\n<meta property=\"og:image\" content=\"https:\/\/www.zonacarpediem.com\/wp-content\/uploads\/2018\/01\/s-l500-60.jpg\" \/>\n\t<meta property=\"og:image:width\" content=\"500\" \/>\n\t<meta property=\"og:image:height\" content=\"333\" \/>\n\t<meta property=\"og:image:type\" content=\"image\/jpeg\" \/>\n<meta name=\"twitter:label1\" content=\"Est. reading time\" \/>\n\t<meta name=\"twitter:data1\" content=\"2 minutes\" \/>\n<script type=\"application\/ld+json\" class=\"yoast-schema-graph\">{\"@context\":\"https:\/\/schema.org\",\"@graph\":[{\"@type\":\"WebPage\",\"@id\":\"https:\/\/www.zonacarpediem.com\/en\/shop\/mystical-esoteric-and-religious-jewelery\/lampara-feng-shui-de-sal-natural-con-usb\/\",\"url\":\"https:\/\/www.zonacarpediem.com\/en\/shop\/mystical-esoteric-and-religious-jewelery\/lampara-feng-shui-de-sal-natural-con-usb\/\",\"name\":\"L\u00e1mpara FENG SHUI de SAL NATURAL con USB - Zona Carpe Diem\",\"isPartOf\":{\"@id\":\"https:\/\/www.zonacarpediem.com\/en\/#website\"},\"primaryImageOfPage\":{\"@id\":\"https:\/\/www.zonacarpediem.com\/en\/shop\/mystical-esoteric-and-religious-jewelery\/lampara-feng-shui-de-sal-natural-con-usb\/#primaryimage\"},\"image\":{\"@id\":\"https:\/\/www.zonacarpediem.com\/en\/shop\/mystical-esoteric-and-religious-jewelery\/lampara-feng-shui-de-sal-natural-con-usb\/#primaryimage\"},\"thumbnailUrl\":\"https:\/\/www.zonacarpediem.com\/wp-content\/uploads\/2018\/01\/s-l500-60.jpg\",\"datePublished\":\"2018-01-15T16:56:12+00:00\",\"dateModified\":\"2024-01-20T16:13:45+00:00\",\"description\":\"Comprar L\u00e1mpara FENG SHUI de SAL NATURAL con USB para ORDENADOR - energ\u00eda positiva\",\"breadcrumb\":{\"@id\":\"https:\/\/www.zonacarpediem.com\/en\/shop\/mystical-esoteric-and-religious-jewelery\/lampara-feng-shui-de-sal-natural-con-usb\/#breadcrumb\"},\"inLanguage\":\"en-US\",\"potentialAction\":[{\"@type\":\"ReadAction\",\"target\":[\"https:\/\/www.zonacarpediem.com\/en\/shop\/mystical-esoteric-and-religious-jewelery\/lampara-feng-shui-de-sal-natural-con-usb\/\"]}]},{\"@type\":\"ImageObject\",\"inLanguage\":\"en-US\",\"@id\":\"https:\/\/www.zonacarpediem.com\/en\/shop\/mystical-esoteric-and-religious-jewelery\/lampara-feng-shui-de-sal-natural-con-usb\/#primaryimage\",\"url\":\"https:\/\/www.zonacarpediem.com\/wp-content\/uploads\/2018\/01\/s-l500-60.jpg\",\"contentUrl\":\"https:\/\/www.zonacarpediem.com\/wp-content\/uploads\/2018\/01\/s-l500-60.jpg\",\"width\":500,\"height\":333},{\"@type\":\"BreadcrumbList\",\"@id\":\"https:\/\/www.zonacarpediem.com\/en\/shop\/mystical-esoteric-and-religious-jewelery\/lampara-feng-shui-de-sal-natural-con-usb\/#breadcrumb\",\"itemListElement\":[{\"@type\":\"ListItem\",\"position\":1,\"name\":\"Home\",\"item\":\"https:\/\/www.zonacarpediem.com\/en\/home-us\/\"},{\"@type\":\"ListItem\",\"position\":2,\"name\":\"Products\",\"item\":\"https:\/\/www.zonacarpediem.com\/en\/products\/\"},{\"@type\":\"ListItem\",\"position\":3,\"name\":\"L\u00e1mpara FENG SHUI de SAL NATURAL con USB\"}]},{\"@type\":\"WebSite\",\"@id\":\"https:\/\/www.zonacarpediem.com\/en\/#website\",\"url\":\"https:\/\/www.zonacarpediem.com\/en\/\",\"name\":\"Zona Carpe Diem\",\"description\":\"Buy with Confidence and Flirt with Brilliance, Passion Lives Here!\",\"publisher\":{\"@id\":\"https:\/\/www.zonacarpediem.com\/en\/#organization\"},\"potentialAction\":[{\"@type\":\"SearchAction\",\"target\":{\"@type\":\"EntryPoint\",\"urlTemplate\":\"https:\/\/www.zonacarpediem.com\/en\/?s={search_term_string}\"},\"query-input\":{\"@type\":\"PropertyValueSpecification\",\"valueRequired\":true,\"valueName\":\"search_term_string\"}}],\"inLanguage\":\"en-US\"},{\"@type\":\"Organization\",\"@id\":\"https:\/\/www.zonacarpediem.com\/en\/#organization\",\"name\":\"Zona Carpe Diem\",\"url\":\"https:\/\/www.zonacarpediem.com\/en\/\",\"logo\":{\"@type\":\"ImageObject\",\"inLanguage\":\"en-US\",\"@id\":\"https:\/\/www.zonacarpediem.com\/en\/#\/schema\/logo\/image\/\",\"url\":\"https:\/\/www.zonacarpediem.com\/wp-content\/uploads\/2016\/12\/ZCD-Logo-for-eBay-dec-2016-200x150px.png\",\"contentUrl\":\"https:\/\/www.zonacarpediem.com\/wp-content\/uploads\/2016\/12\/ZCD-Logo-for-eBay-dec-2016-200x150px.png\",\"width\":200,\"height\":150,\"caption\":\"Zona Carpe Diem\"},\"image\":{\"@id\":\"https:\/\/www.zonacarpediem.com\/en\/#\/schema\/logo\/image\/\"},\"sameAs\":[\"https:\/\/www.facebook.com\/ZonaCarpeDiem\"]}]}<\/script>\n<!-- \/ Yoast SEO plugin. -->","yoast_head_json":{"title":"L\u00e1mpara FENG SHUI de SAL NATURAL con USB - Zona Carpe Diem","description":"Comprar L\u00e1mpara FENG SHUI de SAL NATURAL con USB para ORDENADOR - energ\u00eda positiva","robots":{"index":"index","follow":"follow","max-snippet":"max-snippet:-1","max-image-preview":"max-image-preview:large","max-video-preview":"max-video-preview:-1"},"canonical":"https:\/\/www.zonacarpediem.com\/en\/shop\/mystical-esoteric-and-religious-jewelery\/lampara-feng-shui-de-sal-natural-con-usb\/","og_locale":"en_US","og_type":"article","og_title":"L\u00e1mpara FENG SHUI de SAL NATURAL con USB - Zona Carpe Diem","og_description":"Comprar L\u00e1mpara FENG SHUI de SAL NATURAL con USB para ORDENADOR - energ\u00eda positiva","og_url":"https:\/\/www.zonacarpediem.com\/en\/shop\/mystical-esoteric-and-religious-jewelery\/lampara-feng-shui-de-sal-natural-con-usb\/","og_site_name":"Zona Carpe Diem","article_publisher":"https:\/\/www.facebook.com\/ZonaCarpeDiem","article_modified_time":"2024-01-20T16:13:45+00:00","og_image":[{"width":500,"height":333,"url":"https:\/\/www.zonacarpediem.com\/wp-content\/uploads\/2018\/01\/s-l500-60.jpg","type":"image\/jpeg"}],"twitter_misc":{"Est. reading time":"2 minutes"},"schema":{"@context":"https:\/\/schema.org","@graph":[{"@type":"WebPage","@id":"https:\/\/www.zonacarpediem.com\/en\/shop\/mystical-esoteric-and-religious-jewelery\/lampara-feng-shui-de-sal-natural-con-usb\/","url":"https:\/\/www.zonacarpediem.com\/en\/shop\/mystical-esoteric-and-religious-jewelery\/lampara-feng-shui-de-sal-natural-con-usb\/","name":"L\u00e1mpara FENG SHUI de SAL NATURAL con USB - Zona Carpe Diem","isPartOf":{"@id":"https:\/\/www.zonacarpediem.com\/en\/#website"},"primaryImageOfPage":{"@id":"https:\/\/www.zonacarpediem.com\/en\/shop\/mystical-esoteric-and-religious-jewelery\/lampara-feng-shui-de-sal-natural-con-usb\/#primaryimage"},"image":{"@id":"https:\/\/www.zonacarpediem.com\/en\/shop\/mystical-esoteric-and-religious-jewelery\/lampara-feng-shui-de-sal-natural-con-usb\/#primaryimage"},"thumbnailUrl":"https:\/\/www.zonacarpediem.com\/wp-content\/uploads\/2018\/01\/s-l500-60.jpg","datePublished":"2018-01-15T16:56:12+00:00","dateModified":"2024-01-20T16:13:45+00:00","description":"Comprar L\u00e1mpara FENG SHUI de SAL NATURAL con USB para ORDENADOR - energ\u00eda positiva","breadcrumb":{"@id":"https:\/\/www.zonacarpediem.com\/en\/shop\/mystical-esoteric-and-religious-jewelery\/lampara-feng-shui-de-sal-natural-con-usb\/#breadcrumb"},"inLanguage":"en-US","potentialAction":[{"@type":"ReadAction","target":["https:\/\/www.zonacarpediem.com\/en\/shop\/mystical-esoteric-and-religious-jewelery\/lampara-feng-shui-de-sal-natural-con-usb\/"]}]},{"@type":"ImageObject","inLanguage":"en-US","@id":"https:\/\/www.zonacarpediem.com\/en\/shop\/mystical-esoteric-and-religious-jewelery\/lampara-feng-shui-de-sal-natural-con-usb\/#primaryimage","url":"https:\/\/www.zonacarpediem.com\/wp-content\/uploads\/2018\/01\/s-l500-60.jpg","contentUrl":"https:\/\/www.zonacarpediem.com\/wp-content\/uploads\/2018\/01\/s-l500-60.jpg","width":500,"height":333},{"@type":"BreadcrumbList","@id":"https:\/\/www.zonacarpediem.com\/en\/shop\/mystical-esoteric-and-religious-jewelery\/lampara-feng-shui-de-sal-natural-con-usb\/#breadcrumb","itemListElement":[{"@type":"ListItem","position":1,"name":"Home","item":"https:\/\/www.zonacarpediem.com\/en\/home-us\/"},{"@type":"ListItem","position":2,"name":"Products","item":"https:\/\/www.zonacarpediem.com\/en\/products\/"},{"@type":"ListItem","position":3,"name":"L\u00e1mpara FENG SHUI de SAL NATURAL con USB"}]},{"@type":"WebSite","@id":"https:\/\/www.zonacarpediem.com\/en\/#website","url":"https:\/\/www.zonacarpediem.com\/en\/","name":"Zona Carpe Diem","description":"Buy with Confidence and Flirt with Brilliance, Passion Lives Here!","publisher":{"@id":"https:\/\/www.zonacarpediem.com\/en\/#organization"},"potentialAction":[{"@type":"SearchAction","target":{"@type":"EntryPoint","urlTemplate":"https:\/\/www.zonacarpediem.com\/en\/?s={search_term_string}"},"query-input":{"@type":"PropertyValueSpecification","valueRequired":true,"valueName":"search_term_string"}}],"inLanguage":"en-US"},{"@type":"Organization","@id":"https:\/\/www.zonacarpediem.com\/en\/#organization","name":"Zona Carpe Diem","url":"https:\/\/www.zonacarpediem.com\/en\/","logo":{"@type":"ImageObject","inLanguage":"en-US","@id":"https:\/\/www.zonacarpediem.com\/en\/#\/schema\/logo\/image\/","url":"https:\/\/www.zonacarpediem.com\/wp-content\/uploads\/2016\/12\/ZCD-Logo-for-eBay-dec-2016-200x150px.png","contentUrl":"https:\/\/www.zonacarpediem.com\/wp-content\/uploads\/2016\/12\/ZCD-Logo-for-eBay-dec-2016-200x150px.png","width":200,"height":150,"caption":"Zona Carpe Diem"},"image":{"@id":"https:\/\/www.zonacarpediem.com\/en\/#\/schema\/logo\/image\/"},"sameAs":["https:\/\/www.facebook.com\/ZonaCarpeDiem"]}]}},"_links":{"self":[{"href":"https:\/\/www.zonacarpediem.com\/en\/wp-json\/wp\/v2\/product\/2167","targetHints":{"allow":["GET"]}}],"collection":[{"href":"https:\/\/www.zonacarpediem.com\/en\/wp-json\/wp\/v2\/product"}],"about":[{"href":"https:\/\/www.zonacarpediem.com\/en\/wp-json\/wp\/v2\/types\/product"}],"wp:featuredmedia":[{"embeddable":true,"href":"https:\/\/www.zonacarpediem.com\/en\/wp-json\/wp\/v2\/media\/2170"}],"wp:attachment":[{"href":"https:\/\/www.zonacarpediem.com\/en\/wp-json\/wp\/v2\/media?parent=2167"}],"wp:term":[{"taxonomy":"product_brand","embeddable":true,"href":"https:\/\/www.zonacarpediem.com\/en\/wp-json\/wp\/v2\/product_brand?post=2167"},{"taxonomy":"product_cat","embeddable":true,"href":"https:\/\/www.zonacarpediem.com\/en\/wp-json\/wp\/v2\/product_cat?post=2167"},{"taxonomy":"product_tag","embeddable":true,"href":"https:\/\/www.zonacarpediem.com\/en\/wp-json\/wp\/v2\/product_tag?post=2167"}],"curies":[{"name":"wp","href":"https:\/\/api.w.org\/{rel}","templated":true}]}}