{"id":2292,"date":"2018-01-17T13:01:13","date_gmt":"2018-01-17T12:01:13","guid":{"rendered":"https:\/\/www.zonacarpediem.com\/?post_type=product&#038;p=2292"},"modified":"2021-06-18T20:27:41","modified_gmt":"2021-06-18T18:27:41","slug":"colgante-talisman-pentagrama-en-cuarzo-rosa","status":"publish","type":"product","link":"https:\/\/www.zonacarpediem.com\/en\/shop\/mystical-esoteric-and-religious-jewelery\/colgante-talisman-pentagrama-en-cuarzo-rosa\/","title":{"rendered":"Colgante Talisman PENTAGRAMA en CUARZO ROSA"},"content":{"rendered":"<p>Colgante Talisman PENTAGRAMA en CUARZO ROSA, s\u00edmbolo protector<\/p>\n<p>Propiedades esot\u00e9ricas:<br \/>\nEste talism\u00e1n representado por la estrella de cinco puntas es uno de los m\u00e1s fuertes y antiguos que existen. Simboliza el nombre de Dios (penta-grama = cuatro letras) que en la antig\u00fcedad no se deb\u00eda pronunciar y es el m\u00e1s utilizado por magos y hechiceros por su capacidad para facilitar la apertura de la mente y la visualizaci\u00f3n.<br \/>\nFuerte s\u00edmbolo protector, utilizado como defensa contra brujer\u00edas y como conjuro y sujeci\u00f3n de los esp\u00edritus. Sirve como protecci\u00f3n contra fuerzas negativas y sobrenaturales y como defensa contra los atacantes.<br \/>\nAyuda en la consecuci\u00f3n de la propia meta y aumenta el carisma.<\/p>\n<p>Propiedades esot\u00e9ricas del Cuarzo rosa:<br \/>\nPiedra del amor y de la relajaci\u00f3n. Por sus magn\u00edficas propiedades relajantes, est\u00e1 indicada en las enfermedades nerviosas.<br \/>\nLas personas faltas de cari\u00f1o encontrar\u00e1n en el cuarzo rosa un aliado que les ayudar\u00e1 a descargar sus males y del que recibir\u00e1n buenas vibraciones.<br \/>\nCura la angustia emocional.<br \/>\nAbre el coraz\u00f3n al amor y al afecto.<br \/>\nNos ayuda a expresar los sentimientos con calma.<br \/>\nPredispone a la sensibilidad y a la belleza.<br \/>\nConfiere seguridad en uno mismo.<\/p>\n","protected":false},"excerpt":{"rendered":"<p>Colgante Amuleto Talisman PENTAGRAMA en CUARZO ROSA, s\u00edmbolo protector<\/p>\n","protected":false},"featured_media":2295,"template":"","meta":[],"product_brand":[],"product_cat":[165],"product_tag":[],"class_list":{"0":"post-2292","1":"product","2":"type-product","3":"status-publish","4":"has-post-thumbnail","6":"product_cat-mystical-esoteric-and-religious-jewelery","8":"first","9":"outofstock","10":"shipping-taxable","11":"purchasable","12":"product-type-simple"},"yoast_head":"<!-- This site is optimized with the Yoast SEO plugin v26.7 - https:\/\/yoast.com\/wordpress\/plugins\/seo\/ -->\n<title>Colgante Talisman PENTAGRAMA en CUARZO ROSA - Zona Carpe Diem<\/title>\n<meta name=\"description\" content=\"Comprar Colgante Amuleto PENTAGRAMA en CUARZO ROSA - s\u00edmbolo protector\" \/>\n<meta name=\"robots\" content=\"index, follow, max-snippet:-1, max-image-preview:large, max-video-preview:-1\" \/>\n<link rel=\"canonical\" href=\"https:\/\/www.zonacarpediem.com\/en\/shop\/mystical-esoteric-and-religious-jewelery\/colgante-talisman-pentagrama-en-cuarzo-rosa\/\" \/>\n<meta property=\"og:locale\" content=\"en_US\" \/>\n<meta property=\"og:type\" content=\"article\" \/>\n<meta property=\"og:title\" content=\"Colgante Talisman PENTAGRAMA en CUARZO ROSA - Zona Carpe Diem\" \/>\n<meta property=\"og:description\" content=\"Comprar Colgante Amuleto PENTAGRAMA en CUARZO ROSA - s\u00edmbolo protector\" \/>\n<meta property=\"og:url\" content=\"https:\/\/www.zonacarpediem.com\/en\/shop\/mystical-esoteric-and-religious-jewelery\/colgante-talisman-pentagrama-en-cuarzo-rosa\/\" \/>\n<meta property=\"og:site_name\" content=\"Zona Carpe Diem\" \/>\n<meta property=\"article:publisher\" content=\"https:\/\/www.facebook.com\/ZonaCarpeDiem\" \/>\n<meta property=\"article:modified_time\" content=\"2021-06-18T18:27:41+00:00\" \/>\n<meta property=\"og:image\" content=\"https:\/\/www.zonacarpediem.com\/wp-content\/uploads\/2018\/01\/s-l500-76.jpg\" \/>\n\t<meta property=\"og:image:width\" content=\"500\" \/>\n\t<meta property=\"og:image:height\" content=\"333\" \/>\n\t<meta property=\"og:image:type\" content=\"image\/jpeg\" \/>\n<meta name=\"twitter:label1\" content=\"Est. reading time\" \/>\n\t<meta name=\"twitter:data1\" content=\"1 minute\" \/>\n<script type=\"application\/ld+json\" class=\"yoast-schema-graph\">{\"@context\":\"https:\/\/schema.org\",\"@graph\":[{\"@type\":\"WebPage\",\"@id\":\"https:\/\/www.zonacarpediem.com\/en\/shop\/mystical-esoteric-and-religious-jewelery\/colgante-talisman-pentagrama-en-cuarzo-rosa\/\",\"url\":\"https:\/\/www.zonacarpediem.com\/en\/shop\/mystical-esoteric-and-religious-jewelery\/colgante-talisman-pentagrama-en-cuarzo-rosa\/\",\"name\":\"Colgante Talisman PENTAGRAMA en CUARZO ROSA - Zona Carpe Diem\",\"isPartOf\":{\"@id\":\"https:\/\/www.zonacarpediem.com\/en\/#website\"},\"primaryImageOfPage\":{\"@id\":\"https:\/\/www.zonacarpediem.com\/en\/shop\/mystical-esoteric-and-religious-jewelery\/colgante-talisman-pentagrama-en-cuarzo-rosa\/#primaryimage\"},\"image\":{\"@id\":\"https:\/\/www.zonacarpediem.com\/en\/shop\/mystical-esoteric-and-religious-jewelery\/colgante-talisman-pentagrama-en-cuarzo-rosa\/#primaryimage\"},\"thumbnailUrl\":\"https:\/\/www.zonacarpediem.com\/wp-content\/uploads\/2018\/01\/s-l500-76.jpg\",\"datePublished\":\"2018-01-17T12:01:13+00:00\",\"dateModified\":\"2021-06-18T18:27:41+00:00\",\"description\":\"Comprar Colgante Amuleto PENTAGRAMA en CUARZO ROSA - s\u00edmbolo protector\",\"breadcrumb\":{\"@id\":\"https:\/\/www.zonacarpediem.com\/en\/shop\/mystical-esoteric-and-religious-jewelery\/colgante-talisman-pentagrama-en-cuarzo-rosa\/#breadcrumb\"},\"inLanguage\":\"en-US\",\"potentialAction\":[{\"@type\":\"ReadAction\",\"target\":[\"https:\/\/www.zonacarpediem.com\/en\/shop\/mystical-esoteric-and-religious-jewelery\/colgante-talisman-pentagrama-en-cuarzo-rosa\/\"]}]},{\"@type\":\"ImageObject\",\"inLanguage\":\"en-US\",\"@id\":\"https:\/\/www.zonacarpediem.com\/en\/shop\/mystical-esoteric-and-religious-jewelery\/colgante-talisman-pentagrama-en-cuarzo-rosa\/#primaryimage\",\"url\":\"https:\/\/www.zonacarpediem.com\/wp-content\/uploads\/2018\/01\/s-l500-76.jpg\",\"contentUrl\":\"https:\/\/www.zonacarpediem.com\/wp-content\/uploads\/2018\/01\/s-l500-76.jpg\",\"width\":500,\"height\":333},{\"@type\":\"BreadcrumbList\",\"@id\":\"https:\/\/www.zonacarpediem.com\/en\/shop\/mystical-esoteric-and-religious-jewelery\/colgante-talisman-pentagrama-en-cuarzo-rosa\/#breadcrumb\",\"itemListElement\":[{\"@type\":\"ListItem\",\"position\":1,\"name\":\"Home\",\"item\":\"https:\/\/www.zonacarpediem.com\/en\/home-us\/\"},{\"@type\":\"ListItem\",\"position\":2,\"name\":\"Products\",\"item\":\"https:\/\/www.zonacarpediem.com\/en\/products\/\"},{\"@type\":\"ListItem\",\"position\":3,\"name\":\"Colgante Talisman PENTAGRAMA en CUARZO ROSA\"}]},{\"@type\":\"WebSite\",\"@id\":\"https:\/\/www.zonacarpediem.com\/en\/#website\",\"url\":\"https:\/\/www.zonacarpediem.com\/en\/\",\"name\":\"Zona Carpe Diem\",\"description\":\"Buy with Confidence and Flirt with Brilliance, Passion Lives Here!\",\"publisher\":{\"@id\":\"https:\/\/www.zonacarpediem.com\/en\/#organization\"},\"potentialAction\":[{\"@type\":\"SearchAction\",\"target\":{\"@type\":\"EntryPoint\",\"urlTemplate\":\"https:\/\/www.zonacarpediem.com\/en\/?s={search_term_string}\"},\"query-input\":{\"@type\":\"PropertyValueSpecification\",\"valueRequired\":true,\"valueName\":\"search_term_string\"}}],\"inLanguage\":\"en-US\"},{\"@type\":\"Organization\",\"@id\":\"https:\/\/www.zonacarpediem.com\/en\/#organization\",\"name\":\"Zona Carpe Diem\",\"url\":\"https:\/\/www.zonacarpediem.com\/en\/\",\"logo\":{\"@type\":\"ImageObject\",\"inLanguage\":\"en-US\",\"@id\":\"https:\/\/www.zonacarpediem.com\/en\/#\/schema\/logo\/image\/\",\"url\":\"https:\/\/www.zonacarpediem.com\/wp-content\/uploads\/2016\/12\/ZCD-Logo-for-eBay-dec-2016-200x150px.png\",\"contentUrl\":\"https:\/\/www.zonacarpediem.com\/wp-content\/uploads\/2016\/12\/ZCD-Logo-for-eBay-dec-2016-200x150px.png\",\"width\":200,\"height\":150,\"caption\":\"Zona Carpe Diem\"},\"image\":{\"@id\":\"https:\/\/www.zonacarpediem.com\/en\/#\/schema\/logo\/image\/\"},\"sameAs\":[\"https:\/\/www.facebook.com\/ZonaCarpeDiem\"]}]}<\/script>\n<!-- \/ Yoast SEO plugin. -->","yoast_head_json":{"title":"Colgante Talisman PENTAGRAMA en CUARZO ROSA - Zona Carpe Diem","description":"Comprar Colgante Amuleto PENTAGRAMA en CUARZO ROSA - s\u00edmbolo protector","robots":{"index":"index","follow":"follow","max-snippet":"max-snippet:-1","max-image-preview":"max-image-preview:large","max-video-preview":"max-video-preview:-1"},"canonical":"https:\/\/www.zonacarpediem.com\/en\/shop\/mystical-esoteric-and-religious-jewelery\/colgante-talisman-pentagrama-en-cuarzo-rosa\/","og_locale":"en_US","og_type":"article","og_title":"Colgante Talisman PENTAGRAMA en CUARZO ROSA - Zona Carpe Diem","og_description":"Comprar Colgante Amuleto PENTAGRAMA en CUARZO ROSA - s\u00edmbolo protector","og_url":"https:\/\/www.zonacarpediem.com\/en\/shop\/mystical-esoteric-and-religious-jewelery\/colgante-talisman-pentagrama-en-cuarzo-rosa\/","og_site_name":"Zona Carpe Diem","article_publisher":"https:\/\/www.facebook.com\/ZonaCarpeDiem","article_modified_time":"2021-06-18T18:27:41+00:00","og_image":[{"width":500,"height":333,"url":"https:\/\/www.zonacarpediem.com\/wp-content\/uploads\/2018\/01\/s-l500-76.jpg","type":"image\/jpeg"}],"twitter_misc":{"Est. reading time":"1 minute"},"schema":{"@context":"https:\/\/schema.org","@graph":[{"@type":"WebPage","@id":"https:\/\/www.zonacarpediem.com\/en\/shop\/mystical-esoteric-and-religious-jewelery\/colgante-talisman-pentagrama-en-cuarzo-rosa\/","url":"https:\/\/www.zonacarpediem.com\/en\/shop\/mystical-esoteric-and-religious-jewelery\/colgante-talisman-pentagrama-en-cuarzo-rosa\/","name":"Colgante Talisman PENTAGRAMA en CUARZO ROSA - Zona Carpe Diem","isPartOf":{"@id":"https:\/\/www.zonacarpediem.com\/en\/#website"},"primaryImageOfPage":{"@id":"https:\/\/www.zonacarpediem.com\/en\/shop\/mystical-esoteric-and-religious-jewelery\/colgante-talisman-pentagrama-en-cuarzo-rosa\/#primaryimage"},"image":{"@id":"https:\/\/www.zonacarpediem.com\/en\/shop\/mystical-esoteric-and-religious-jewelery\/colgante-talisman-pentagrama-en-cuarzo-rosa\/#primaryimage"},"thumbnailUrl":"https:\/\/www.zonacarpediem.com\/wp-content\/uploads\/2018\/01\/s-l500-76.jpg","datePublished":"2018-01-17T12:01:13+00:00","dateModified":"2021-06-18T18:27:41+00:00","description":"Comprar Colgante Amuleto PENTAGRAMA en CUARZO ROSA - s\u00edmbolo protector","breadcrumb":{"@id":"https:\/\/www.zonacarpediem.com\/en\/shop\/mystical-esoteric-and-religious-jewelery\/colgante-talisman-pentagrama-en-cuarzo-rosa\/#breadcrumb"},"inLanguage":"en-US","potentialAction":[{"@type":"ReadAction","target":["https:\/\/www.zonacarpediem.com\/en\/shop\/mystical-esoteric-and-religious-jewelery\/colgante-talisman-pentagrama-en-cuarzo-rosa\/"]}]},{"@type":"ImageObject","inLanguage":"en-US","@id":"https:\/\/www.zonacarpediem.com\/en\/shop\/mystical-esoteric-and-religious-jewelery\/colgante-talisman-pentagrama-en-cuarzo-rosa\/#primaryimage","url":"https:\/\/www.zonacarpediem.com\/wp-content\/uploads\/2018\/01\/s-l500-76.jpg","contentUrl":"https:\/\/www.zonacarpediem.com\/wp-content\/uploads\/2018\/01\/s-l500-76.jpg","width":500,"height":333},{"@type":"BreadcrumbList","@id":"https:\/\/www.zonacarpediem.com\/en\/shop\/mystical-esoteric-and-religious-jewelery\/colgante-talisman-pentagrama-en-cuarzo-rosa\/#breadcrumb","itemListElement":[{"@type":"ListItem","position":1,"name":"Home","item":"https:\/\/www.zonacarpediem.com\/en\/home-us\/"},{"@type":"ListItem","position":2,"name":"Products","item":"https:\/\/www.zonacarpediem.com\/en\/products\/"},{"@type":"ListItem","position":3,"name":"Colgante Talisman PENTAGRAMA en CUARZO ROSA"}]},{"@type":"WebSite","@id":"https:\/\/www.zonacarpediem.com\/en\/#website","url":"https:\/\/www.zonacarpediem.com\/en\/","name":"Zona Carpe Diem","description":"Buy with Confidence and Flirt with Brilliance, Passion Lives Here!","publisher":{"@id":"https:\/\/www.zonacarpediem.com\/en\/#organization"},"potentialAction":[{"@type":"SearchAction","target":{"@type":"EntryPoint","urlTemplate":"https:\/\/www.zonacarpediem.com\/en\/?s={search_term_string}"},"query-input":{"@type":"PropertyValueSpecification","valueRequired":true,"valueName":"search_term_string"}}],"inLanguage":"en-US"},{"@type":"Organization","@id":"https:\/\/www.zonacarpediem.com\/en\/#organization","name":"Zona Carpe Diem","url":"https:\/\/www.zonacarpediem.com\/en\/","logo":{"@type":"ImageObject","inLanguage":"en-US","@id":"https:\/\/www.zonacarpediem.com\/en\/#\/schema\/logo\/image\/","url":"https:\/\/www.zonacarpediem.com\/wp-content\/uploads\/2016\/12\/ZCD-Logo-for-eBay-dec-2016-200x150px.png","contentUrl":"https:\/\/www.zonacarpediem.com\/wp-content\/uploads\/2016\/12\/ZCD-Logo-for-eBay-dec-2016-200x150px.png","width":200,"height":150,"caption":"Zona Carpe Diem"},"image":{"@id":"https:\/\/www.zonacarpediem.com\/en\/#\/schema\/logo\/image\/"},"sameAs":["https:\/\/www.facebook.com\/ZonaCarpeDiem"]}]}},"_links":{"self":[{"href":"https:\/\/www.zonacarpediem.com\/en\/wp-json\/wp\/v2\/product\/2292","targetHints":{"allow":["GET"]}}],"collection":[{"href":"https:\/\/www.zonacarpediem.com\/en\/wp-json\/wp\/v2\/product"}],"about":[{"href":"https:\/\/www.zonacarpediem.com\/en\/wp-json\/wp\/v2\/types\/product"}],"wp:featuredmedia":[{"embeddable":true,"href":"https:\/\/www.zonacarpediem.com\/en\/wp-json\/wp\/v2\/media\/2295"}],"wp:attachment":[{"href":"https:\/\/www.zonacarpediem.com\/en\/wp-json\/wp\/v2\/media?parent=2292"}],"wp:term":[{"taxonomy":"product_brand","embeddable":true,"href":"https:\/\/www.zonacarpediem.com\/en\/wp-json\/wp\/v2\/product_brand?post=2292"},{"taxonomy":"product_cat","embeddable":true,"href":"https:\/\/www.zonacarpediem.com\/en\/wp-json\/wp\/v2\/product_cat?post=2292"},{"taxonomy":"product_tag","embeddable":true,"href":"https:\/\/www.zonacarpediem.com\/en\/wp-json\/wp\/v2\/product_tag?post=2292"}],"curies":[{"name":"wp","href":"https:\/\/api.w.org\/{rel}","templated":true}]}}