{"id":4666,"date":"2020-12-08T15:45:50","date_gmt":"2020-12-08T14:45:50","guid":{"rendered":"https:\/\/www.zonacarpediem.com\/?post_type=product&#038;p=4666"},"modified":"2021-06-18T20:25:14","modified_gmt":"2021-06-18T18:25:14","slug":"colgante-tetragramaton-estrella-flamigera","status":"publish","type":"product","link":"https:\/\/www.zonacarpediem.com\/en\/shop\/mystical-esoteric-and-religious-jewelery\/colgante-tetragramaton-estrella-flamigera\/","title":{"rendered":"Colgante TETRAGRAMMATON TETRAGRAMATON ESTRELLA FLAMIGERA en plata de ley"},"content":{"rendered":"<p>Colgante Amuleto protector TETRAGRAMMATON TETRAGRAMATON ESTRELLA FLAMIGERA, el m\u00e1s potente de los talismanes protectores, en plata de ley.<\/p>\n<p>&nbsp;<\/p>\n<p>Es uno de los m\u00e1s fuerte y antiguos Talismanes protectores que existen.<\/p>\n<p>El pentagrama esot\u00e9rico o Estrella Flam\u00edgera con sus cuatro puntas representa el dominio del esp\u00edritu sobre los cuatro elementos (Aire, Fuego, Agua y Tierra).<br \/>\nCon la punta de su estrella hacia arriba protege a su poseedor y hace huir a las fuerzas del mal.<br \/>\nCon la punta de la estrella hacia abajo sirve de reclamo a las fuerzas del mal.<br \/>\nPuesto en el umbral de una puerta no permite el paso de ning\u00fan ser tenebroso.<br \/>\nLlevado al cuello, protege a su poseedor de cualquier mala influencia.<br \/>\nEn momentos en que se precise de una especial fuerza de protecci\u00f3n, tom\u00e9moslo con la mano derecha y estaremos armados.<\/p>\n<p>Ayuda en la consecuci\u00f3n de la propia meta y aumenta el carisma.<\/p>\n","protected":false},"excerpt":{"rendered":"<p>Colgante Amuleto protector TETRAGRAMMATON TETRAGRAMATON ESTRELLA FLAMIGERA, el m\u00e1s potente de los talismanes protectores.<\/p>\n","protected":false},"featured_media":4669,"template":"","meta":[],"product_brand":[],"product_cat":[165],"product_tag":[],"class_list":{"0":"post-4666","1":"product","2":"type-product","3":"status-publish","4":"has-post-thumbnail","6":"product_cat-mystical-esoteric-and-religious-jewelery","8":"first","9":"instock","10":"shipping-taxable","11":"purchasable","12":"product-type-simple"},"yoast_head":"<!-- This site is optimized with the Yoast SEO plugin v26.7 - https:\/\/yoast.com\/wordpress\/plugins\/seo\/ -->\n<title>Colgante TETRAGRAMMATON TETRAGRAMATON ESTRELLA FLAMIGERA en plata de ley - Zona Carpe Diem<\/title>\n<meta name=\"description\" content=\"Colgante Amuleto protector TETRAGRAMMATON TETRAGRAMATON ESTRELLA FLAMIGERA, el m\u00e1s potente de los talismanes protectores\" \/>\n<meta name=\"robots\" content=\"index, follow, max-snippet:-1, max-image-preview:large, max-video-preview:-1\" \/>\n<link rel=\"canonical\" href=\"https:\/\/www.zonacarpediem.com\/en\/shop\/mystical-esoteric-and-religious-jewelery\/colgante-tetragramaton-estrella-flamigera\/\" \/>\n<meta property=\"og:locale\" content=\"en_US\" \/>\n<meta property=\"og:type\" content=\"article\" \/>\n<meta property=\"og:title\" content=\"Colgante TETRAGRAMMATON TETRAGRAMATON ESTRELLA FLAMIGERA en plata de ley - Zona Carpe Diem\" \/>\n<meta property=\"og:description\" content=\"Colgante Amuleto protector TETRAGRAMMATON TETRAGRAMATON ESTRELLA FLAMIGERA, el m\u00e1s potente de los talismanes protectores\" \/>\n<meta property=\"og:url\" content=\"https:\/\/www.zonacarpediem.com\/en\/shop\/mystical-esoteric-and-religious-jewelery\/colgante-tetragramaton-estrella-flamigera\/\" \/>\n<meta property=\"og:site_name\" content=\"Zona Carpe Diem\" \/>\n<meta property=\"article:publisher\" content=\"https:\/\/www.facebook.com\/ZonaCarpeDiem\" \/>\n<meta property=\"article:modified_time\" content=\"2021-06-18T18:25:14+00:00\" \/>\n<meta property=\"og:image\" content=\"https:\/\/www.zonacarpediem.com\/wp-content\/uploads\/2020\/12\/Tetagramaton.jpg\" \/>\n\t<meta property=\"og:image:width\" content=\"880\" \/>\n\t<meta property=\"og:image:height\" content=\"586\" \/>\n\t<meta property=\"og:image:type\" content=\"image\/jpeg\" \/>\n<meta name=\"twitter:label1\" content=\"Est. reading time\" \/>\n\t<meta name=\"twitter:data1\" content=\"1 minute\" \/>\n<script type=\"application\/ld+json\" class=\"yoast-schema-graph\">{\"@context\":\"https:\/\/schema.org\",\"@graph\":[{\"@type\":\"WebPage\",\"@id\":\"https:\/\/www.zonacarpediem.com\/en\/shop\/mystical-esoteric-and-religious-jewelery\/colgante-tetragramaton-estrella-flamigera\/\",\"url\":\"https:\/\/www.zonacarpediem.com\/en\/shop\/mystical-esoteric-and-religious-jewelery\/colgante-tetragramaton-estrella-flamigera\/\",\"name\":\"Colgante TETRAGRAMMATON TETRAGRAMATON ESTRELLA FLAMIGERA en plata de ley - Zona Carpe Diem\",\"isPartOf\":{\"@id\":\"https:\/\/www.zonacarpediem.com\/en\/#website\"},\"primaryImageOfPage\":{\"@id\":\"https:\/\/www.zonacarpediem.com\/en\/shop\/mystical-esoteric-and-religious-jewelery\/colgante-tetragramaton-estrella-flamigera\/#primaryimage\"},\"image\":{\"@id\":\"https:\/\/www.zonacarpediem.com\/en\/shop\/mystical-esoteric-and-religious-jewelery\/colgante-tetragramaton-estrella-flamigera\/#primaryimage\"},\"thumbnailUrl\":\"https:\/\/www.zonacarpediem.com\/wp-content\/uploads\/2020\/12\/Tetagramaton.jpg\",\"datePublished\":\"2020-12-08T14:45:50+00:00\",\"dateModified\":\"2021-06-18T18:25:14+00:00\",\"description\":\"Colgante Amuleto protector TETRAGRAMMATON TETRAGRAMATON ESTRELLA FLAMIGERA, el m\u00e1s potente de los talismanes protectores\",\"breadcrumb\":{\"@id\":\"https:\/\/www.zonacarpediem.com\/en\/shop\/mystical-esoteric-and-religious-jewelery\/colgante-tetragramaton-estrella-flamigera\/#breadcrumb\"},\"inLanguage\":\"en-US\",\"potentialAction\":[{\"@type\":\"ReadAction\",\"target\":[\"https:\/\/www.zonacarpediem.com\/en\/shop\/mystical-esoteric-and-religious-jewelery\/colgante-tetragramaton-estrella-flamigera\/\"]}]},{\"@type\":\"ImageObject\",\"inLanguage\":\"en-US\",\"@id\":\"https:\/\/www.zonacarpediem.com\/en\/shop\/mystical-esoteric-and-religious-jewelery\/colgante-tetragramaton-estrella-flamigera\/#primaryimage\",\"url\":\"https:\/\/www.zonacarpediem.com\/wp-content\/uploads\/2020\/12\/Tetagramaton.jpg\",\"contentUrl\":\"https:\/\/www.zonacarpediem.com\/wp-content\/uploads\/2020\/12\/Tetagramaton.jpg\",\"width\":880,\"height\":586,\"caption\":\"Tetagramaton Estrella Flamigera\"},{\"@type\":\"BreadcrumbList\",\"@id\":\"https:\/\/www.zonacarpediem.com\/en\/shop\/mystical-esoteric-and-religious-jewelery\/colgante-tetragramaton-estrella-flamigera\/#breadcrumb\",\"itemListElement\":[{\"@type\":\"ListItem\",\"position\":1,\"name\":\"Home\",\"item\":\"https:\/\/www.zonacarpediem.com\/en\/home-us\/\"},{\"@type\":\"ListItem\",\"position\":2,\"name\":\"Products\",\"item\":\"https:\/\/www.zonacarpediem.com\/en\/products\/\"},{\"@type\":\"ListItem\",\"position\":3,\"name\":\"Colgante TETRAGRAMMATON TETRAGRAMATON ESTRELLA FLAMIGERA en plata de ley\"}]},{\"@type\":\"WebSite\",\"@id\":\"https:\/\/www.zonacarpediem.com\/en\/#website\",\"url\":\"https:\/\/www.zonacarpediem.com\/en\/\",\"name\":\"Zona Carpe Diem\",\"description\":\"Buy with Confidence and Flirt with Brilliance, Passion Lives Here!\",\"publisher\":{\"@id\":\"https:\/\/www.zonacarpediem.com\/en\/#organization\"},\"potentialAction\":[{\"@type\":\"SearchAction\",\"target\":{\"@type\":\"EntryPoint\",\"urlTemplate\":\"https:\/\/www.zonacarpediem.com\/en\/?s={search_term_string}\"},\"query-input\":{\"@type\":\"PropertyValueSpecification\",\"valueRequired\":true,\"valueName\":\"search_term_string\"}}],\"inLanguage\":\"en-US\"},{\"@type\":\"Organization\",\"@id\":\"https:\/\/www.zonacarpediem.com\/en\/#organization\",\"name\":\"Zona Carpe Diem\",\"url\":\"https:\/\/www.zonacarpediem.com\/en\/\",\"logo\":{\"@type\":\"ImageObject\",\"inLanguage\":\"en-US\",\"@id\":\"https:\/\/www.zonacarpediem.com\/en\/#\/schema\/logo\/image\/\",\"url\":\"https:\/\/www.zonacarpediem.com\/wp-content\/uploads\/2016\/12\/ZCD-Logo-for-eBay-dec-2016-200x150px.png\",\"contentUrl\":\"https:\/\/www.zonacarpediem.com\/wp-content\/uploads\/2016\/12\/ZCD-Logo-for-eBay-dec-2016-200x150px.png\",\"width\":200,\"height\":150,\"caption\":\"Zona Carpe Diem\"},\"image\":{\"@id\":\"https:\/\/www.zonacarpediem.com\/en\/#\/schema\/logo\/image\/\"},\"sameAs\":[\"https:\/\/www.facebook.com\/ZonaCarpeDiem\"]}]}<\/script>\n<!-- \/ Yoast SEO plugin. -->","yoast_head_json":{"title":"Colgante TETRAGRAMMATON TETRAGRAMATON ESTRELLA FLAMIGERA en plata de ley - Zona Carpe Diem","description":"Colgante Amuleto protector TETRAGRAMMATON TETRAGRAMATON ESTRELLA FLAMIGERA, el m\u00e1s potente de los talismanes protectores","robots":{"index":"index","follow":"follow","max-snippet":"max-snippet:-1","max-image-preview":"max-image-preview:large","max-video-preview":"max-video-preview:-1"},"canonical":"https:\/\/www.zonacarpediem.com\/en\/shop\/mystical-esoteric-and-religious-jewelery\/colgante-tetragramaton-estrella-flamigera\/","og_locale":"en_US","og_type":"article","og_title":"Colgante TETRAGRAMMATON TETRAGRAMATON ESTRELLA FLAMIGERA en plata de ley - Zona Carpe Diem","og_description":"Colgante Amuleto protector TETRAGRAMMATON TETRAGRAMATON ESTRELLA FLAMIGERA, el m\u00e1s potente de los talismanes protectores","og_url":"https:\/\/www.zonacarpediem.com\/en\/shop\/mystical-esoteric-and-religious-jewelery\/colgante-tetragramaton-estrella-flamigera\/","og_site_name":"Zona Carpe Diem","article_publisher":"https:\/\/www.facebook.com\/ZonaCarpeDiem","article_modified_time":"2021-06-18T18:25:14+00:00","og_image":[{"width":880,"height":586,"url":"https:\/\/www.zonacarpediem.com\/wp-content\/uploads\/2020\/12\/Tetagramaton.jpg","type":"image\/jpeg"}],"twitter_misc":{"Est. reading time":"1 minute"},"schema":{"@context":"https:\/\/schema.org","@graph":[{"@type":"WebPage","@id":"https:\/\/www.zonacarpediem.com\/en\/shop\/mystical-esoteric-and-religious-jewelery\/colgante-tetragramaton-estrella-flamigera\/","url":"https:\/\/www.zonacarpediem.com\/en\/shop\/mystical-esoteric-and-religious-jewelery\/colgante-tetragramaton-estrella-flamigera\/","name":"Colgante TETRAGRAMMATON TETRAGRAMATON ESTRELLA FLAMIGERA en plata de ley - Zona Carpe Diem","isPartOf":{"@id":"https:\/\/www.zonacarpediem.com\/en\/#website"},"primaryImageOfPage":{"@id":"https:\/\/www.zonacarpediem.com\/en\/shop\/mystical-esoteric-and-religious-jewelery\/colgante-tetragramaton-estrella-flamigera\/#primaryimage"},"image":{"@id":"https:\/\/www.zonacarpediem.com\/en\/shop\/mystical-esoteric-and-religious-jewelery\/colgante-tetragramaton-estrella-flamigera\/#primaryimage"},"thumbnailUrl":"https:\/\/www.zonacarpediem.com\/wp-content\/uploads\/2020\/12\/Tetagramaton.jpg","datePublished":"2020-12-08T14:45:50+00:00","dateModified":"2021-06-18T18:25:14+00:00","description":"Colgante Amuleto protector TETRAGRAMMATON TETRAGRAMATON ESTRELLA FLAMIGERA, el m\u00e1s potente de los talismanes protectores","breadcrumb":{"@id":"https:\/\/www.zonacarpediem.com\/en\/shop\/mystical-esoteric-and-religious-jewelery\/colgante-tetragramaton-estrella-flamigera\/#breadcrumb"},"inLanguage":"en-US","potentialAction":[{"@type":"ReadAction","target":["https:\/\/www.zonacarpediem.com\/en\/shop\/mystical-esoteric-and-religious-jewelery\/colgante-tetragramaton-estrella-flamigera\/"]}]},{"@type":"ImageObject","inLanguage":"en-US","@id":"https:\/\/www.zonacarpediem.com\/en\/shop\/mystical-esoteric-and-religious-jewelery\/colgante-tetragramaton-estrella-flamigera\/#primaryimage","url":"https:\/\/www.zonacarpediem.com\/wp-content\/uploads\/2020\/12\/Tetagramaton.jpg","contentUrl":"https:\/\/www.zonacarpediem.com\/wp-content\/uploads\/2020\/12\/Tetagramaton.jpg","width":880,"height":586,"caption":"Tetagramaton Estrella Flamigera"},{"@type":"BreadcrumbList","@id":"https:\/\/www.zonacarpediem.com\/en\/shop\/mystical-esoteric-and-religious-jewelery\/colgante-tetragramaton-estrella-flamigera\/#breadcrumb","itemListElement":[{"@type":"ListItem","position":1,"name":"Home","item":"https:\/\/www.zonacarpediem.com\/en\/home-us\/"},{"@type":"ListItem","position":2,"name":"Products","item":"https:\/\/www.zonacarpediem.com\/en\/products\/"},{"@type":"ListItem","position":3,"name":"Colgante TETRAGRAMMATON TETRAGRAMATON ESTRELLA FLAMIGERA en plata de ley"}]},{"@type":"WebSite","@id":"https:\/\/www.zonacarpediem.com\/en\/#website","url":"https:\/\/www.zonacarpediem.com\/en\/","name":"Zona Carpe Diem","description":"Buy with Confidence and Flirt with Brilliance, Passion Lives Here!","publisher":{"@id":"https:\/\/www.zonacarpediem.com\/en\/#organization"},"potentialAction":[{"@type":"SearchAction","target":{"@type":"EntryPoint","urlTemplate":"https:\/\/www.zonacarpediem.com\/en\/?s={search_term_string}"},"query-input":{"@type":"PropertyValueSpecification","valueRequired":true,"valueName":"search_term_string"}}],"inLanguage":"en-US"},{"@type":"Organization","@id":"https:\/\/www.zonacarpediem.com\/en\/#organization","name":"Zona Carpe Diem","url":"https:\/\/www.zonacarpediem.com\/en\/","logo":{"@type":"ImageObject","inLanguage":"en-US","@id":"https:\/\/www.zonacarpediem.com\/en\/#\/schema\/logo\/image\/","url":"https:\/\/www.zonacarpediem.com\/wp-content\/uploads\/2016\/12\/ZCD-Logo-for-eBay-dec-2016-200x150px.png","contentUrl":"https:\/\/www.zonacarpediem.com\/wp-content\/uploads\/2016\/12\/ZCD-Logo-for-eBay-dec-2016-200x150px.png","width":200,"height":150,"caption":"Zona Carpe Diem"},"image":{"@id":"https:\/\/www.zonacarpediem.com\/en\/#\/schema\/logo\/image\/"},"sameAs":["https:\/\/www.facebook.com\/ZonaCarpeDiem"]}]}},"_links":{"self":[{"href":"https:\/\/www.zonacarpediem.com\/en\/wp-json\/wp\/v2\/product\/4666","targetHints":{"allow":["GET"]}}],"collection":[{"href":"https:\/\/www.zonacarpediem.com\/en\/wp-json\/wp\/v2\/product"}],"about":[{"href":"https:\/\/www.zonacarpediem.com\/en\/wp-json\/wp\/v2\/types\/product"}],"wp:featuredmedia":[{"embeddable":true,"href":"https:\/\/www.zonacarpediem.com\/en\/wp-json\/wp\/v2\/media\/4669"}],"wp:attachment":[{"href":"https:\/\/www.zonacarpediem.com\/en\/wp-json\/wp\/v2\/media?parent=4666"}],"wp:term":[{"taxonomy":"product_brand","embeddable":true,"href":"https:\/\/www.zonacarpediem.com\/en\/wp-json\/wp\/v2\/product_brand?post=4666"},{"taxonomy":"product_cat","embeddable":true,"href":"https:\/\/www.zonacarpediem.com\/en\/wp-json\/wp\/v2\/product_cat?post=4666"},{"taxonomy":"product_tag","embeddable":true,"href":"https:\/\/www.zonacarpediem.com\/en\/wp-json\/wp\/v2\/product_tag?post=4666"}],"curies":[{"name":"wp","href":"https:\/\/api.w.org\/{rel}","templated":true}]}}