{"id":4877,"date":"2018-01-19T12:03:26","date_gmt":"2018-01-19T11:03:26","guid":{"rendered":"https:\/\/www.zonacarpediem.com\/shop\/uncategorized\/primer-tarot-espanol-tarot-catalan\/"},"modified":"2025-05-30T09:52:31","modified_gmt":"2025-05-30T07:52:31","slug":"primer-tarot-espanol-tarot-catalan","status":"publish","type":"product","link":"https:\/\/www.zonacarpediem.com\/en\/shop\/tarots-en\/primer-tarot-espanol-tarot-catalan\/","title":{"rendered":"TAROT CATAL\u00c1N Primer TAROT ESPA\u00d1OL"},"content":{"rendered":"<p>TAROT CATAL\u00c1N Primer TAROT ESPA\u00d1OL &#8211; de 78 naipes + 2 de presentaci\u00f3n<\/p>\n<p>Reproducci\u00f3n del original<\/p>\n<p>Baraja de estilo Egipcio mezclado con cartomancia. Numerado del 1 al 78, siendo el 78 el arcano El Loco<\/p>\n<p>APUNTE:<br \/>\nEn los mayores, la carta tiene la imagen de un Tarot Etteilla, (Gran Juego Or\u00e1culo de las Damas) a la derecha y en la izquierda tiene las letras hebreas dobles para poder significar lo mismo al derecho y al rev\u00e9s, en el medio de las letras aparece una escena inspirada en el arte del Antiguo Egipto, alegor\u00eda del significado del arcano. En los menores, sustituye las letras por l\u00e1minas de dos barajas. Arriba la espa\u00f1ola y abajo una inglesa.<\/p>\n<p>Tambi\u00e9n se denomina TAROT CATAL\u00c1N de finales del siglo XIX por que los Arcanos Menores (parte superior izquierda) son precisamente de este estilo, siendo denominado as\u00ed por primera vez por parte de F\u00e9lix Alfaro Fournier en su Cat\u00e1logo de Barajas de su Museo Fournier (editado en el a\u00f1o 1982), con los n\u00fameros 560 y 561 de Espa\u00f1a.<\/p>\n<p>El nombre se debe a los naipes de tipo catal\u00e1n que aparecen en el borde superior izquierdo de cada carta, si bien tanto el Tarot como el libro que los explica, &#8220;Los maravillosos secretos de los naipes&#8221;, fueron editados en Madrid por la editorial Pueyo. En el libro, firmado con el seud\u00f3nimo Doctor Moorne, se declara &#8220;no sin grandes sacrificios, tanto pecuniarios, como intelectuales, hemos podido presentar a nuestros lectores cuatro barajas en una sola, a saber: los taros Egipcios&#8230; la baraja que Etteilla compuso&#8230; y las barajas francesa y espa\u00f1ola&#8230; finalmente los 22 taros que se componen de los n\u00fameros del 1 al 21 y el 78 y son los que llevan el alfabeto sagrado. De este modo, cada cual pueda servirse del que m\u00e1s les plazca y hacer el juego que tenga por conveniente, sin que para ello le sirvan de estorbo los dem\u00e1s&#8221;.<\/p>\n<p>El tarot es una baraja de naipes que, adem\u00e1s de servir para jugar, se usa a menudo como medio de &#8220;adivinaci\u00f3n&#8221; del pasado, de la situaci\u00f3n presente del consultante y algunas veces del futuro, por lo que constituir\u00eda un tipo de cartomancia.<br \/>\nSus or\u00edgenes datan al menos del siglo XIV, no teniendo fundamento llevar sus ra\u00edces m\u00e1s atr\u00e1s en la historia.<\/p>\n<p>Cartas que tienen como objetivo despertar la mente del hombre a otros niveles, a trav\u00e9s de los cuales pueda acceder a otra sabidur\u00eda, a otros conocimientos que permitan saber y anticipar, as\u00ed como tambi\u00e9n encontrar el bienestar interior.<\/p>\n","protected":false},"excerpt":{"rendered":"<p>Primer TAROT ESPA\u00d1OL &#8211; TAROT CATAL\u00c1N de 78 naipes + 2 de presentaci\u00f3n<\/p>\n","protected":false},"featured_media":2370,"template":"","meta":[],"product_brand":[],"product_cat":[163],"product_tag":[],"class_list":{"0":"post-4877","1":"product","2":"type-product","3":"status-publish","4":"has-post-thumbnail","6":"product_cat-tarots-en","8":"first","9":"instock","10":"shipping-taxable","11":"purchasable","12":"product-type-simple"},"yoast_head":"<!-- This site is optimized with the Yoast SEO plugin v26.7 - https:\/\/yoast.com\/wordpress\/plugins\/seo\/ -->\n<title>TAROT CATAL\u00c1N Primer TAROT ESPA\u00d1OL - Zona Carpe Diem<\/title>\n<meta name=\"description\" content=\"Comprar EL PRIMER TAROT ESPA\u00d1OL - TAROT CATAL\u00c1N - 78 naipes + 2 de presentaci\u00f3n\" \/>\n<meta name=\"robots\" content=\"index, follow, max-snippet:-1, max-image-preview:large, max-video-preview:-1\" \/>\n<link rel=\"canonical\" href=\"https:\/\/www.zonacarpediem.com\/en\/shop\/tarots-en\/primer-tarot-espanol-tarot-catalan\/\" \/>\n<meta property=\"og:locale\" content=\"en_US\" \/>\n<meta property=\"og:type\" content=\"article\" \/>\n<meta property=\"og:title\" content=\"TAROT CATAL\u00c1N Primer TAROT ESPA\u00d1OL - Zona Carpe Diem\" \/>\n<meta property=\"og:description\" content=\"Comprar EL PRIMER TAROT ESPA\u00d1OL - TAROT CATAL\u00c1N - 78 naipes + 2 de presentaci\u00f3n\" \/>\n<meta property=\"og:url\" content=\"https:\/\/www.zonacarpediem.com\/en\/shop\/tarots-en\/primer-tarot-espanol-tarot-catalan\/\" \/>\n<meta property=\"og:site_name\" content=\"Zona Carpe Diem\" \/>\n<meta property=\"article:publisher\" content=\"https:\/\/www.facebook.com\/ZonaCarpeDiem\" \/>\n<meta property=\"article:modified_time\" content=\"2025-05-30T07:52:31+00:00\" \/>\n<meta property=\"og:image\" content=\"https:\/\/www.zonacarpediem.com\/wp-content\/uploads\/2018\/01\/s-l1600-114.jpg\" \/>\n\t<meta property=\"og:image:width\" content=\"880\" \/>\n\t<meta property=\"og:image:height\" content=\"584\" \/>\n\t<meta property=\"og:image:type\" content=\"image\/jpeg\" \/>\n<meta name=\"twitter:label1\" content=\"Est. reading time\" \/>\n\t<meta name=\"twitter:data1\" content=\"2 minutes\" \/>\n<script type=\"application\/ld+json\" class=\"yoast-schema-graph\">{\"@context\":\"https:\/\/schema.org\",\"@graph\":[{\"@type\":\"WebPage\",\"@id\":\"https:\/\/www.zonacarpediem.com\/en\/shop\/tarots-en\/primer-tarot-espanol-tarot-catalan\/\",\"url\":\"https:\/\/www.zonacarpediem.com\/en\/shop\/tarots-en\/primer-tarot-espanol-tarot-catalan\/\",\"name\":\"TAROT CATAL\u00c1N Primer TAROT ESPA\u00d1OL - Zona Carpe Diem\",\"isPartOf\":{\"@id\":\"https:\/\/www.zonacarpediem.com\/en\/#website\"},\"primaryImageOfPage\":{\"@id\":\"https:\/\/www.zonacarpediem.com\/en\/shop\/tarots-en\/primer-tarot-espanol-tarot-catalan\/#primaryimage\"},\"image\":{\"@id\":\"https:\/\/www.zonacarpediem.com\/en\/shop\/tarots-en\/primer-tarot-espanol-tarot-catalan\/#primaryimage\"},\"thumbnailUrl\":\"https:\/\/www.zonacarpediem.com\/wp-content\/uploads\/2018\/01\/s-l1600-114.jpg\",\"datePublished\":\"2018-01-19T11:03:26+00:00\",\"dateModified\":\"2025-05-30T07:52:31+00:00\",\"description\":\"Comprar EL PRIMER TAROT ESPA\u00d1OL - TAROT CATAL\u00c1N - 78 naipes + 2 de presentaci\u00f3n\",\"breadcrumb\":{\"@id\":\"https:\/\/www.zonacarpediem.com\/en\/shop\/tarots-en\/primer-tarot-espanol-tarot-catalan\/#breadcrumb\"},\"inLanguage\":\"en-US\",\"potentialAction\":[{\"@type\":\"ReadAction\",\"target\":[\"https:\/\/www.zonacarpediem.com\/en\/shop\/tarots-en\/primer-tarot-espanol-tarot-catalan\/\"]}]},{\"@type\":\"ImageObject\",\"inLanguage\":\"en-US\",\"@id\":\"https:\/\/www.zonacarpediem.com\/en\/shop\/tarots-en\/primer-tarot-espanol-tarot-catalan\/#primaryimage\",\"url\":\"https:\/\/www.zonacarpediem.com\/wp-content\/uploads\/2018\/01\/s-l1600-114.jpg\",\"contentUrl\":\"https:\/\/www.zonacarpediem.com\/wp-content\/uploads\/2018\/01\/s-l1600-114.jpg\",\"width\":880,\"height\":584},{\"@type\":\"BreadcrumbList\",\"@id\":\"https:\/\/www.zonacarpediem.com\/en\/shop\/tarots-en\/primer-tarot-espanol-tarot-catalan\/#breadcrumb\",\"itemListElement\":[{\"@type\":\"ListItem\",\"position\":1,\"name\":\"Home\",\"item\":\"https:\/\/www.zonacarpediem.com\/en\/home-us\/\"},{\"@type\":\"ListItem\",\"position\":2,\"name\":\"Products\",\"item\":\"https:\/\/www.zonacarpediem.com\/en\/products\/\"},{\"@type\":\"ListItem\",\"position\":3,\"name\":\"TAROT CATAL\u00c1N Primer TAROT ESPA\u00d1OL\"}]},{\"@type\":\"WebSite\",\"@id\":\"https:\/\/www.zonacarpediem.com\/en\/#website\",\"url\":\"https:\/\/www.zonacarpediem.com\/en\/\",\"name\":\"Zona Carpe Diem\",\"description\":\"Buy with Confidence and Flirt with Brilliance, Passion Lives Here!\",\"publisher\":{\"@id\":\"https:\/\/www.zonacarpediem.com\/en\/#organization\"},\"potentialAction\":[{\"@type\":\"SearchAction\",\"target\":{\"@type\":\"EntryPoint\",\"urlTemplate\":\"https:\/\/www.zonacarpediem.com\/en\/?s={search_term_string}\"},\"query-input\":{\"@type\":\"PropertyValueSpecification\",\"valueRequired\":true,\"valueName\":\"search_term_string\"}}],\"inLanguage\":\"en-US\"},{\"@type\":\"Organization\",\"@id\":\"https:\/\/www.zonacarpediem.com\/en\/#organization\",\"name\":\"Zona Carpe Diem\",\"url\":\"https:\/\/www.zonacarpediem.com\/en\/\",\"logo\":{\"@type\":\"ImageObject\",\"inLanguage\":\"en-US\",\"@id\":\"https:\/\/www.zonacarpediem.com\/en\/#\/schema\/logo\/image\/\",\"url\":\"https:\/\/www.zonacarpediem.com\/wp-content\/uploads\/2016\/12\/ZCD-Logo-for-eBay-dec-2016-200x150px.png\",\"contentUrl\":\"https:\/\/www.zonacarpediem.com\/wp-content\/uploads\/2016\/12\/ZCD-Logo-for-eBay-dec-2016-200x150px.png\",\"width\":200,\"height\":150,\"caption\":\"Zona Carpe Diem\"},\"image\":{\"@id\":\"https:\/\/www.zonacarpediem.com\/en\/#\/schema\/logo\/image\/\"},\"sameAs\":[\"https:\/\/www.facebook.com\/ZonaCarpeDiem\"]}]}<\/script>\n<!-- \/ Yoast SEO plugin. -->","yoast_head_json":{"title":"TAROT CATAL\u00c1N Primer TAROT ESPA\u00d1OL - Zona Carpe Diem","description":"Comprar EL PRIMER TAROT ESPA\u00d1OL - TAROT CATAL\u00c1N - 78 naipes + 2 de presentaci\u00f3n","robots":{"index":"index","follow":"follow","max-snippet":"max-snippet:-1","max-image-preview":"max-image-preview:large","max-video-preview":"max-video-preview:-1"},"canonical":"https:\/\/www.zonacarpediem.com\/en\/shop\/tarots-en\/primer-tarot-espanol-tarot-catalan\/","og_locale":"en_US","og_type":"article","og_title":"TAROT CATAL\u00c1N Primer TAROT ESPA\u00d1OL - Zona Carpe Diem","og_description":"Comprar EL PRIMER TAROT ESPA\u00d1OL - TAROT CATAL\u00c1N - 78 naipes + 2 de presentaci\u00f3n","og_url":"https:\/\/www.zonacarpediem.com\/en\/shop\/tarots-en\/primer-tarot-espanol-tarot-catalan\/","og_site_name":"Zona Carpe Diem","article_publisher":"https:\/\/www.facebook.com\/ZonaCarpeDiem","article_modified_time":"2025-05-30T07:52:31+00:00","og_image":[{"width":880,"height":584,"url":"https:\/\/www.zonacarpediem.com\/wp-content\/uploads\/2018\/01\/s-l1600-114.jpg","type":"image\/jpeg"}],"twitter_misc":{"Est. reading time":"2 minutes"},"schema":{"@context":"https:\/\/schema.org","@graph":[{"@type":"WebPage","@id":"https:\/\/www.zonacarpediem.com\/en\/shop\/tarots-en\/primer-tarot-espanol-tarot-catalan\/","url":"https:\/\/www.zonacarpediem.com\/en\/shop\/tarots-en\/primer-tarot-espanol-tarot-catalan\/","name":"TAROT CATAL\u00c1N Primer TAROT ESPA\u00d1OL - Zona Carpe Diem","isPartOf":{"@id":"https:\/\/www.zonacarpediem.com\/en\/#website"},"primaryImageOfPage":{"@id":"https:\/\/www.zonacarpediem.com\/en\/shop\/tarots-en\/primer-tarot-espanol-tarot-catalan\/#primaryimage"},"image":{"@id":"https:\/\/www.zonacarpediem.com\/en\/shop\/tarots-en\/primer-tarot-espanol-tarot-catalan\/#primaryimage"},"thumbnailUrl":"https:\/\/www.zonacarpediem.com\/wp-content\/uploads\/2018\/01\/s-l1600-114.jpg","datePublished":"2018-01-19T11:03:26+00:00","dateModified":"2025-05-30T07:52:31+00:00","description":"Comprar EL PRIMER TAROT ESPA\u00d1OL - TAROT CATAL\u00c1N - 78 naipes + 2 de presentaci\u00f3n","breadcrumb":{"@id":"https:\/\/www.zonacarpediem.com\/en\/shop\/tarots-en\/primer-tarot-espanol-tarot-catalan\/#breadcrumb"},"inLanguage":"en-US","potentialAction":[{"@type":"ReadAction","target":["https:\/\/www.zonacarpediem.com\/en\/shop\/tarots-en\/primer-tarot-espanol-tarot-catalan\/"]}]},{"@type":"ImageObject","inLanguage":"en-US","@id":"https:\/\/www.zonacarpediem.com\/en\/shop\/tarots-en\/primer-tarot-espanol-tarot-catalan\/#primaryimage","url":"https:\/\/www.zonacarpediem.com\/wp-content\/uploads\/2018\/01\/s-l1600-114.jpg","contentUrl":"https:\/\/www.zonacarpediem.com\/wp-content\/uploads\/2018\/01\/s-l1600-114.jpg","width":880,"height":584},{"@type":"BreadcrumbList","@id":"https:\/\/www.zonacarpediem.com\/en\/shop\/tarots-en\/primer-tarot-espanol-tarot-catalan\/#breadcrumb","itemListElement":[{"@type":"ListItem","position":1,"name":"Home","item":"https:\/\/www.zonacarpediem.com\/en\/home-us\/"},{"@type":"ListItem","position":2,"name":"Products","item":"https:\/\/www.zonacarpediem.com\/en\/products\/"},{"@type":"ListItem","position":3,"name":"TAROT CATAL\u00c1N Primer TAROT ESPA\u00d1OL"}]},{"@type":"WebSite","@id":"https:\/\/www.zonacarpediem.com\/en\/#website","url":"https:\/\/www.zonacarpediem.com\/en\/","name":"Zona Carpe Diem","description":"Buy with Confidence and Flirt with Brilliance, Passion Lives Here!","publisher":{"@id":"https:\/\/www.zonacarpediem.com\/en\/#organization"},"potentialAction":[{"@type":"SearchAction","target":{"@type":"EntryPoint","urlTemplate":"https:\/\/www.zonacarpediem.com\/en\/?s={search_term_string}"},"query-input":{"@type":"PropertyValueSpecification","valueRequired":true,"valueName":"search_term_string"}}],"inLanguage":"en-US"},{"@type":"Organization","@id":"https:\/\/www.zonacarpediem.com\/en\/#organization","name":"Zona Carpe Diem","url":"https:\/\/www.zonacarpediem.com\/en\/","logo":{"@type":"ImageObject","inLanguage":"en-US","@id":"https:\/\/www.zonacarpediem.com\/en\/#\/schema\/logo\/image\/","url":"https:\/\/www.zonacarpediem.com\/wp-content\/uploads\/2016\/12\/ZCD-Logo-for-eBay-dec-2016-200x150px.png","contentUrl":"https:\/\/www.zonacarpediem.com\/wp-content\/uploads\/2016\/12\/ZCD-Logo-for-eBay-dec-2016-200x150px.png","width":200,"height":150,"caption":"Zona Carpe Diem"},"image":{"@id":"https:\/\/www.zonacarpediem.com\/en\/#\/schema\/logo\/image\/"},"sameAs":["https:\/\/www.facebook.com\/ZonaCarpeDiem"]}]}},"_links":{"self":[{"href":"https:\/\/www.zonacarpediem.com\/en\/wp-json\/wp\/v2\/product\/4877","targetHints":{"allow":["GET"]}}],"collection":[{"href":"https:\/\/www.zonacarpediem.com\/en\/wp-json\/wp\/v2\/product"}],"about":[{"href":"https:\/\/www.zonacarpediem.com\/en\/wp-json\/wp\/v2\/types\/product"}],"wp:featuredmedia":[{"embeddable":true,"href":"https:\/\/www.zonacarpediem.com\/en\/wp-json\/wp\/v2\/media\/2370"}],"wp:attachment":[{"href":"https:\/\/www.zonacarpediem.com\/en\/wp-json\/wp\/v2\/media?parent=4877"}],"wp:term":[{"taxonomy":"product_brand","embeddable":true,"href":"https:\/\/www.zonacarpediem.com\/en\/wp-json\/wp\/v2\/product_brand?post=4877"},{"taxonomy":"product_cat","embeddable":true,"href":"https:\/\/www.zonacarpediem.com\/en\/wp-json\/wp\/v2\/product_cat?post=4877"},{"taxonomy":"product_tag","embeddable":true,"href":"https:\/\/www.zonacarpediem.com\/en\/wp-json\/wp\/v2\/product_tag?post=4877"}],"curies":[{"name":"wp","href":"https:\/\/api.w.org\/{rel}","templated":true}]}}