{"id":4981,"date":"2021-06-20T16:33:16","date_gmt":"2021-06-20T14:33:16","guid":{"rendered":"https:\/\/www.zonacarpediem.com\/?post_type=product&#038;p=4981"},"modified":"2021-06-20T21:30:19","modified_gmt":"2021-06-20T19:30:19","slug":"tarot-del-santo-grial-holy-grail-graal-tarot","status":"publish","type":"product","link":"https:\/\/www.zonacarpediem.com\/en\/shop\/tarots-en\/tarot-del-santo-grial-holy-grail-graal-tarot\/","title":{"rendered":"TAROT DEL SANTO GRIAL original LO SCARABEO dibujos Palumbo Tesio"},"content":{"rendered":"<p><strong>TAROT DEL SANTO GRIAL &#8211; TAROT OF THE HOLY GRAIL GRAAL original fabricado en Italia por LO SCARABEO con dibujos de Palumbo Tesio<\/strong><\/p>\n<p>FABRICADO EN ITALIA POR LO SCARABEO, TORINO<br \/>\nHist\u00f3rico fabricante de naipes italiano conocido en todo el mundo por la calidad de sus productos.<\/p>\n<p><strong>DESCATALOGADO &#8211; RARO<\/strong><\/p>\n<p>Consta de 78 cartas a todo color y folleto con instrucciones adivinatorias en espa\u00f1ol, divididas en<\/p>\n<p>22 arcanos mayores y<br \/>\n56 arcanos menores.<\/p>\n<p>En precioso estuche protector de tapa blanda.<\/p>\n<p>Inspirado en las leyendas del Grial y la b\u00fasqueda de los templarios para encontrar tan sagrada reliquia, los secretos del misticismo medieval est\u00e1n grabados en el tarot como un mapa que nos gu\u00eda hacia el m\u00e1s sagrado de los tesoros.<br \/>\nNos muestra un c\u00f3digo a\u00fan por decifrar que conduce al C\u00e1liz de la Vida. Lorenzo Tesio y el artista Stefano Palumbo as\u00ed nos muestran tan \u00e9pico enigma comparable al Arca de la Alianza.<\/p>\n<p>El Santo Grial es la copa usada por Jesucristo en la \u00faltima cena. Seg\u00fan la leyenda, Jes\u00fas se aparece a Jos\u00e9 de Arimatea para entregarle el Grial y ordenarle que lo lleve a la isla de Britania.<br \/>\nDesde tiempos inmemoriales, los hombres han intentado encontrar el Santo Grial. La leyenda dice que quien beba de el, tendr\u00e1 vida eterna.<br \/>\nSigue los pasos de este tarot del Santo Grial para poder llegar a la luz.<\/p>\n<p>&nbsp;<\/p>\n<p>Cartas que tienen como objetivo despertar la mente del hombre a otros niveles, a trav\u00e9s de los cuales pueda acceder a otra sabidur\u00eda, a otros conocimientos que permitan saber y anticipar, as\u00ed como tambi\u00e9n encontrar el bienestar interior.<\/p>\n<p>El tarot es una baraja de naipes que, adem\u00e1s de servir para jugar, se usa a menudo como medio de \u201cadivinaci\u00f3n\u201d del pasado, de la situaci\u00f3n presente del consultante y algunas veces del futuro, por lo que constituir\u00eda un tipo de cartomancia.<br \/>\nSus or\u00edgenes datan al menos del siglo XIV, no teniendo fundamento llevar sus ra\u00edces m\u00e1s atr\u00e1s en la historia.<\/p>\n<p><em>Este es un producto original de calidad, fabricado en Italia. Esta no es una copia no autorizada.<br \/>\nEnviamos el art\u00edculo desde Espa\u00f1a a todo el mundo, certificado, con n\u00famero de rastreo.<\/em><\/p>\n<p>&nbsp;<\/p>\n","protected":false},"excerpt":{"rendered":"<p>TAROT DEL SANTO GRIAL &#8211; TAROT OF THE HOLY GRAIL GRAAL original fabricado en Italia por LO SCARABEO con dibujos de Palumbo Tesio<\/p>\n","protected":false},"featured_media":4956,"template":"","meta":[],"product_brand":[],"product_cat":[163],"product_tag":[],"class_list":{"0":"post-4981","1":"product","2":"type-product","3":"status-publish","4":"has-post-thumbnail","6":"product_cat-tarots-en","8":"first","9":"instock","10":"shipping-taxable","11":"purchasable","12":"product-type-simple"},"yoast_head":"<!-- This site is optimized with the Yoast SEO plugin v26.7 - https:\/\/yoast.com\/wordpress\/plugins\/seo\/ -->\n<title>TAROT DEL SANTO GRIAL original LO SCARABEO dibujos Palumbo Tesio - Zona Carpe Diem<\/title>\n<meta name=\"description\" content=\"Comprar EL TAROT DE SANTO GRIAL GRAAL GRAIL original fabricado en Italia por Lo Scarabeo dibujos Palumbo Tesio\" \/>\n<meta name=\"robots\" content=\"index, follow, max-snippet:-1, max-image-preview:large, max-video-preview:-1\" \/>\n<link rel=\"canonical\" href=\"https:\/\/www.zonacarpediem.com\/en\/shop\/tarots-en\/tarot-del-santo-grial-holy-grail-graal-tarot\/\" \/>\n<meta property=\"og:locale\" content=\"en_US\" \/>\n<meta property=\"og:type\" content=\"article\" \/>\n<meta property=\"og:title\" content=\"TAROT DEL SANTO GRIAL original LO SCARABEO dibujos Palumbo Tesio - Zona Carpe Diem\" \/>\n<meta property=\"og:description\" content=\"Comprar EL TAROT DE SANTO GRIAL GRAAL GRAIL original fabricado en Italia por Lo Scarabeo dibujos Palumbo Tesio\" \/>\n<meta property=\"og:url\" content=\"https:\/\/www.zonacarpediem.com\/en\/shop\/tarots-en\/tarot-del-santo-grial-holy-grail-graal-tarot\/\" \/>\n<meta property=\"og:site_name\" content=\"Zona Carpe Diem\" \/>\n<meta property=\"article:publisher\" content=\"https:\/\/www.facebook.com\/ZonaCarpeDiem\" \/>\n<meta property=\"article:modified_time\" content=\"2021-06-20T19:30:19+00:00\" \/>\n<meta property=\"og:image\" content=\"https:\/\/www.zonacarpediem.com\/wp-content\/uploads\/2021\/06\/grial.jpg\" \/>\n\t<meta property=\"og:image:width\" content=\"668\" \/>\n\t<meta property=\"og:image:height\" content=\"1000\" \/>\n\t<meta property=\"og:image:type\" content=\"image\/jpeg\" \/>\n<meta name=\"twitter:label1\" content=\"Est. reading time\" \/>\n\t<meta name=\"twitter:data1\" content=\"2 minutes\" \/>\n<script type=\"application\/ld+json\" class=\"yoast-schema-graph\">{\"@context\":\"https:\/\/schema.org\",\"@graph\":[{\"@type\":\"WebPage\",\"@id\":\"https:\/\/www.zonacarpediem.com\/en\/shop\/tarots-en\/tarot-del-santo-grial-holy-grail-graal-tarot\/\",\"url\":\"https:\/\/www.zonacarpediem.com\/en\/shop\/tarots-en\/tarot-del-santo-grial-holy-grail-graal-tarot\/\",\"name\":\"TAROT DEL SANTO GRIAL original LO SCARABEO dibujos Palumbo Tesio - Zona Carpe Diem\",\"isPartOf\":{\"@id\":\"https:\/\/www.zonacarpediem.com\/en\/#website\"},\"primaryImageOfPage\":{\"@id\":\"https:\/\/www.zonacarpediem.com\/en\/shop\/tarots-en\/tarot-del-santo-grial-holy-grail-graal-tarot\/#primaryimage\"},\"image\":{\"@id\":\"https:\/\/www.zonacarpediem.com\/en\/shop\/tarots-en\/tarot-del-santo-grial-holy-grail-graal-tarot\/#primaryimage\"},\"thumbnailUrl\":\"https:\/\/www.zonacarpediem.com\/wp-content\/uploads\/2021\/06\/grial.jpg\",\"datePublished\":\"2021-06-20T14:33:16+00:00\",\"dateModified\":\"2021-06-20T19:30:19+00:00\",\"description\":\"Comprar EL TAROT DE SANTO GRIAL GRAAL GRAIL original fabricado en Italia por Lo Scarabeo dibujos Palumbo Tesio\",\"breadcrumb\":{\"@id\":\"https:\/\/www.zonacarpediem.com\/en\/shop\/tarots-en\/tarot-del-santo-grial-holy-grail-graal-tarot\/#breadcrumb\"},\"inLanguage\":\"en-US\",\"potentialAction\":[{\"@type\":\"ReadAction\",\"target\":[\"https:\/\/www.zonacarpediem.com\/en\/shop\/tarots-en\/tarot-del-santo-grial-holy-grail-graal-tarot\/\"]}]},{\"@type\":\"ImageObject\",\"inLanguage\":\"en-US\",\"@id\":\"https:\/\/www.zonacarpediem.com\/en\/shop\/tarots-en\/tarot-del-santo-grial-holy-grail-graal-tarot\/#primaryimage\",\"url\":\"https:\/\/www.zonacarpediem.com\/wp-content\/uploads\/2021\/06\/grial.jpg\",\"contentUrl\":\"https:\/\/www.zonacarpediem.com\/wp-content\/uploads\/2021\/06\/grial.jpg\",\"width\":668,\"height\":1000,\"caption\":\"Tarot del Santo Grial\"},{\"@type\":\"BreadcrumbList\",\"@id\":\"https:\/\/www.zonacarpediem.com\/en\/shop\/tarots-en\/tarot-del-santo-grial-holy-grail-graal-tarot\/#breadcrumb\",\"itemListElement\":[{\"@type\":\"ListItem\",\"position\":1,\"name\":\"Home\",\"item\":\"https:\/\/www.zonacarpediem.com\/en\/home-us\/\"},{\"@type\":\"ListItem\",\"position\":2,\"name\":\"Products\",\"item\":\"https:\/\/www.zonacarpediem.com\/en\/products\/\"},{\"@type\":\"ListItem\",\"position\":3,\"name\":\"TAROT DEL SANTO GRIAL original LO SCARABEO dibujos Palumbo Tesio\"}]},{\"@type\":\"WebSite\",\"@id\":\"https:\/\/www.zonacarpediem.com\/en\/#website\",\"url\":\"https:\/\/www.zonacarpediem.com\/en\/\",\"name\":\"Zona Carpe Diem\",\"description\":\"Buy with Confidence and Flirt with Brilliance, Passion Lives Here!\",\"publisher\":{\"@id\":\"https:\/\/www.zonacarpediem.com\/en\/#organization\"},\"potentialAction\":[{\"@type\":\"SearchAction\",\"target\":{\"@type\":\"EntryPoint\",\"urlTemplate\":\"https:\/\/www.zonacarpediem.com\/en\/?s={search_term_string}\"},\"query-input\":{\"@type\":\"PropertyValueSpecification\",\"valueRequired\":true,\"valueName\":\"search_term_string\"}}],\"inLanguage\":\"en-US\"},{\"@type\":\"Organization\",\"@id\":\"https:\/\/www.zonacarpediem.com\/en\/#organization\",\"name\":\"Zona Carpe Diem\",\"url\":\"https:\/\/www.zonacarpediem.com\/en\/\",\"logo\":{\"@type\":\"ImageObject\",\"inLanguage\":\"en-US\",\"@id\":\"https:\/\/www.zonacarpediem.com\/en\/#\/schema\/logo\/image\/\",\"url\":\"https:\/\/www.zonacarpediem.com\/wp-content\/uploads\/2016\/12\/ZCD-Logo-for-eBay-dec-2016-200x150px.png\",\"contentUrl\":\"https:\/\/www.zonacarpediem.com\/wp-content\/uploads\/2016\/12\/ZCD-Logo-for-eBay-dec-2016-200x150px.png\",\"width\":200,\"height\":150,\"caption\":\"Zona Carpe Diem\"},\"image\":{\"@id\":\"https:\/\/www.zonacarpediem.com\/en\/#\/schema\/logo\/image\/\"},\"sameAs\":[\"https:\/\/www.facebook.com\/ZonaCarpeDiem\"]}]}<\/script>\n<!-- \/ Yoast SEO plugin. -->","yoast_head_json":{"title":"TAROT DEL SANTO GRIAL original LO SCARABEO dibujos Palumbo Tesio - Zona Carpe Diem","description":"Comprar EL TAROT DE SANTO GRIAL GRAAL GRAIL original fabricado en Italia por Lo Scarabeo dibujos Palumbo Tesio","robots":{"index":"index","follow":"follow","max-snippet":"max-snippet:-1","max-image-preview":"max-image-preview:large","max-video-preview":"max-video-preview:-1"},"canonical":"https:\/\/www.zonacarpediem.com\/en\/shop\/tarots-en\/tarot-del-santo-grial-holy-grail-graal-tarot\/","og_locale":"en_US","og_type":"article","og_title":"TAROT DEL SANTO GRIAL original LO SCARABEO dibujos Palumbo Tesio - Zona Carpe Diem","og_description":"Comprar EL TAROT DE SANTO GRIAL GRAAL GRAIL original fabricado en Italia por Lo Scarabeo dibujos Palumbo Tesio","og_url":"https:\/\/www.zonacarpediem.com\/en\/shop\/tarots-en\/tarot-del-santo-grial-holy-grail-graal-tarot\/","og_site_name":"Zona Carpe Diem","article_publisher":"https:\/\/www.facebook.com\/ZonaCarpeDiem","article_modified_time":"2021-06-20T19:30:19+00:00","og_image":[{"width":668,"height":1000,"url":"https:\/\/www.zonacarpediem.com\/wp-content\/uploads\/2021\/06\/grial.jpg","type":"image\/jpeg"}],"twitter_misc":{"Est. reading time":"2 minutes"},"schema":{"@context":"https:\/\/schema.org","@graph":[{"@type":"WebPage","@id":"https:\/\/www.zonacarpediem.com\/en\/shop\/tarots-en\/tarot-del-santo-grial-holy-grail-graal-tarot\/","url":"https:\/\/www.zonacarpediem.com\/en\/shop\/tarots-en\/tarot-del-santo-grial-holy-grail-graal-tarot\/","name":"TAROT DEL SANTO GRIAL original LO SCARABEO dibujos Palumbo Tesio - Zona Carpe Diem","isPartOf":{"@id":"https:\/\/www.zonacarpediem.com\/en\/#website"},"primaryImageOfPage":{"@id":"https:\/\/www.zonacarpediem.com\/en\/shop\/tarots-en\/tarot-del-santo-grial-holy-grail-graal-tarot\/#primaryimage"},"image":{"@id":"https:\/\/www.zonacarpediem.com\/en\/shop\/tarots-en\/tarot-del-santo-grial-holy-grail-graal-tarot\/#primaryimage"},"thumbnailUrl":"https:\/\/www.zonacarpediem.com\/wp-content\/uploads\/2021\/06\/grial.jpg","datePublished":"2021-06-20T14:33:16+00:00","dateModified":"2021-06-20T19:30:19+00:00","description":"Comprar EL TAROT DE SANTO GRIAL GRAAL GRAIL original fabricado en Italia por Lo Scarabeo dibujos Palumbo Tesio","breadcrumb":{"@id":"https:\/\/www.zonacarpediem.com\/en\/shop\/tarots-en\/tarot-del-santo-grial-holy-grail-graal-tarot\/#breadcrumb"},"inLanguage":"en-US","potentialAction":[{"@type":"ReadAction","target":["https:\/\/www.zonacarpediem.com\/en\/shop\/tarots-en\/tarot-del-santo-grial-holy-grail-graal-tarot\/"]}]},{"@type":"ImageObject","inLanguage":"en-US","@id":"https:\/\/www.zonacarpediem.com\/en\/shop\/tarots-en\/tarot-del-santo-grial-holy-grail-graal-tarot\/#primaryimage","url":"https:\/\/www.zonacarpediem.com\/wp-content\/uploads\/2021\/06\/grial.jpg","contentUrl":"https:\/\/www.zonacarpediem.com\/wp-content\/uploads\/2021\/06\/grial.jpg","width":668,"height":1000,"caption":"Tarot del Santo Grial"},{"@type":"BreadcrumbList","@id":"https:\/\/www.zonacarpediem.com\/en\/shop\/tarots-en\/tarot-del-santo-grial-holy-grail-graal-tarot\/#breadcrumb","itemListElement":[{"@type":"ListItem","position":1,"name":"Home","item":"https:\/\/www.zonacarpediem.com\/en\/home-us\/"},{"@type":"ListItem","position":2,"name":"Products","item":"https:\/\/www.zonacarpediem.com\/en\/products\/"},{"@type":"ListItem","position":3,"name":"TAROT DEL SANTO GRIAL original LO SCARABEO dibujos Palumbo Tesio"}]},{"@type":"WebSite","@id":"https:\/\/www.zonacarpediem.com\/en\/#website","url":"https:\/\/www.zonacarpediem.com\/en\/","name":"Zona Carpe Diem","description":"Buy with Confidence and Flirt with Brilliance, Passion Lives Here!","publisher":{"@id":"https:\/\/www.zonacarpediem.com\/en\/#organization"},"potentialAction":[{"@type":"SearchAction","target":{"@type":"EntryPoint","urlTemplate":"https:\/\/www.zonacarpediem.com\/en\/?s={search_term_string}"},"query-input":{"@type":"PropertyValueSpecification","valueRequired":true,"valueName":"search_term_string"}}],"inLanguage":"en-US"},{"@type":"Organization","@id":"https:\/\/www.zonacarpediem.com\/en\/#organization","name":"Zona Carpe Diem","url":"https:\/\/www.zonacarpediem.com\/en\/","logo":{"@type":"ImageObject","inLanguage":"en-US","@id":"https:\/\/www.zonacarpediem.com\/en\/#\/schema\/logo\/image\/","url":"https:\/\/www.zonacarpediem.com\/wp-content\/uploads\/2016\/12\/ZCD-Logo-for-eBay-dec-2016-200x150px.png","contentUrl":"https:\/\/www.zonacarpediem.com\/wp-content\/uploads\/2016\/12\/ZCD-Logo-for-eBay-dec-2016-200x150px.png","width":200,"height":150,"caption":"Zona Carpe Diem"},"image":{"@id":"https:\/\/www.zonacarpediem.com\/en\/#\/schema\/logo\/image\/"},"sameAs":["https:\/\/www.facebook.com\/ZonaCarpeDiem"]}]}},"_links":{"self":[{"href":"https:\/\/www.zonacarpediem.com\/en\/wp-json\/wp\/v2\/product\/4981","targetHints":{"allow":["GET"]}}],"collection":[{"href":"https:\/\/www.zonacarpediem.com\/en\/wp-json\/wp\/v2\/product"}],"about":[{"href":"https:\/\/www.zonacarpediem.com\/en\/wp-json\/wp\/v2\/types\/product"}],"wp:featuredmedia":[{"embeddable":true,"href":"https:\/\/www.zonacarpediem.com\/en\/wp-json\/wp\/v2\/media\/4956"}],"wp:attachment":[{"href":"https:\/\/www.zonacarpediem.com\/en\/wp-json\/wp\/v2\/media?parent=4981"}],"wp:term":[{"taxonomy":"product_brand","embeddable":true,"href":"https:\/\/www.zonacarpediem.com\/en\/wp-json\/wp\/v2\/product_brand?post=4981"},{"taxonomy":"product_cat","embeddable":true,"href":"https:\/\/www.zonacarpediem.com\/en\/wp-json\/wp\/v2\/product_cat?post=4981"},{"taxonomy":"product_tag","embeddable":true,"href":"https:\/\/www.zonacarpediem.com\/en\/wp-json\/wp\/v2\/product_tag?post=4981"}],"curies":[{"name":"wp","href":"https:\/\/api.w.org\/{rel}","templated":true}]}}