{"id":5063,"date":"2021-06-23T18:32:53","date_gmt":"2021-06-23T16:32:53","guid":{"rendered":"https:\/\/www.zonacarpediem.com\/?post_type=product&#038;p=5063"},"modified":"2024-11-04T20:46:35","modified_gmt":"2024-11-04T19:46:35","slug":"tarot-egipcio-lo-scarabeo-arte-silvana-alasia","status":"publish","type":"product","link":"https:\/\/www.zonacarpediem.com\/en\/shop\/tarots-en\/tarot-egipcio-lo-scarabeo-arte-silvana-alasia\/","title":{"rendered":"EL TAROT  EGIPCIO original LO SCARABEO, arte de Silvana Alasia"},"content":{"rendered":"<p><strong>EL TAROT EGIPCIO, fabricado en Italia por LO SCARABEO con arte de Silvana Alasia<\/strong><\/p>\n<p>&nbsp;<\/p>\n<p>FABRICADO EN ITALIA POR LO SCARABEO, TORINO<br \/>\nHist\u00f3rico fabricante de naipes italiano conocido en todo el mundo por la calidad de sus productos.<\/p>\n<p><strong>Arte de Silvana Alasia<\/strong><\/p>\n<p>Para encerrar dentro de s\u00ed el poder de los misterios del antiguo Egipto.<\/p>\n<p>Consta de 78 cartas realizadas al temple en papiro, a todo color y folleto con instrucciones adivinatorias multilingue (espa\u00f1ol, ingl\u00e9s, italiano, franc\u00e9s, alem\u00e1n), divididas en<\/p>\n<p>22 arcanos mayores y<br \/>\n56 arcanos menores.<\/p>\n<p>En precioso estuche de cart\u00f3n.<\/p>\n<p>Pintadas con t\u00e9mperas sobre papiros, estas cartas se inspiraron parcialmente en el tarot creado por el famoso ocultista Jean-Baptiste Pitois, en 1870.<br \/>\nAtendiendo a la opini\u00f3n de Pitois, el tarot procede del legendario Libro de Thoth (Book of Thoth), un sabio libro que llen\u00f3 de misterios el famoso Egipto.<\/p>\n<p>&nbsp;<\/p>\n<p>Cartas que tienen como objetivo despertar la mente del hombre a otros niveles, a trav\u00e9s de los cuales pueda acceder a otra sabidur\u00eda, a otros conocimientos que permitan saber y anticipar, as\u00ed como tambi\u00e9n encontrar el bienestar interior.<\/p>\n<p>El tarot es una baraja de naipes que, adem\u00e1s de servir para jugar, se usa a menudo como medio de \u201cadivinaci\u00f3n\u201d del pasado, de la situaci\u00f3n presente del consultante y algunas veces del futuro, por lo que constituir\u00eda un tipo de cartomancia.<br \/>\nSus or\u00edgenes datan al menos del siglo XIV, no teniendo fundamento llevar sus ra\u00edces m\u00e1s atr\u00e1s en la historia.<\/p>\n<p>&nbsp;<\/p>\n<p><em>Este es un producto original de calidad, fabricado en Italia. Esta no es una copia no autorizada.<br \/>\nEnviamos el art\u00edculo desde Espa\u00f1a a todo el mundo, certificado, con n\u00famero de seguimiento.<\/em><\/p>\n<p>&nbsp;<\/p>\n","protected":false},"excerpt":{"rendered":"<p>EL TAROT EGIPCIO original LO SCARABEO, arte de Silvana Alasia<\/p>\n","protected":false},"featured_media":5083,"template":"","meta":[],"product_brand":[],"product_cat":[163],"product_tag":[],"class_list":{"0":"post-5063","1":"product","2":"type-product","3":"status-publish","4":"has-post-thumbnail","6":"product_cat-tarots-en","8":"first","9":"instock","10":"shipping-taxable","11":"purchasable","12":"product-type-simple"},"yoast_head":"<!-- This site is optimized with the Yoast SEO plugin v26.7 - https:\/\/yoast.com\/wordpress\/plugins\/seo\/ -->\n<title>EL TAROT EGIPCIO original LO SCARABEO, arte de Silvana Alasia - Zona Carpe Diem<\/title>\n<meta name=\"description\" content=\"Comprar TAROT DE MARSELLA Nicol\u00e1s CONVOS original fabricado en B\u00e9lgica por AGM M\u00fcller\" \/>\n<meta name=\"robots\" content=\"index, follow, max-snippet:-1, max-image-preview:large, max-video-preview:-1\" \/>\n<link rel=\"canonical\" href=\"https:\/\/www.zonacarpediem.com\/en\/shop\/tarots-en\/tarot-egipcio-lo-scarabeo-arte-silvana-alasia\/\" \/>\n<meta property=\"og:locale\" content=\"en_US\" \/>\n<meta property=\"og:type\" content=\"article\" \/>\n<meta property=\"og:title\" content=\"EL TAROT EGIPCIO original LO SCARABEO, arte de Silvana Alasia - Zona Carpe Diem\" \/>\n<meta property=\"og:description\" content=\"Comprar TAROT DE MARSELLA Nicol\u00e1s CONVOS original fabricado en B\u00e9lgica por AGM M\u00fcller\" \/>\n<meta property=\"og:url\" content=\"https:\/\/www.zonacarpediem.com\/en\/shop\/tarots-en\/tarot-egipcio-lo-scarabeo-arte-silvana-alasia\/\" \/>\n<meta property=\"og:site_name\" content=\"Zona Carpe Diem\" \/>\n<meta property=\"article:publisher\" content=\"https:\/\/www.facebook.com\/ZonaCarpeDiem\" \/>\n<meta property=\"article:modified_time\" content=\"2024-11-04T19:46:35+00:00\" \/>\n<meta property=\"og:image\" content=\"https:\/\/www.zonacarpediem.com\/wp-content\/uploads\/2021\/06\/El-Tarot-Egipcio-3.jpg\" \/>\n\t<meta property=\"og:image:width\" content=\"954\" \/>\n\t<meta property=\"og:image:height\" content=\"1600\" \/>\n\t<meta property=\"og:image:type\" content=\"image\/jpeg\" \/>\n<meta name=\"twitter:label1\" content=\"Est. reading time\" \/>\n\t<meta name=\"twitter:data1\" content=\"2 minutes\" \/>\n<script type=\"application\/ld+json\" class=\"yoast-schema-graph\">{\"@context\":\"https:\/\/schema.org\",\"@graph\":[{\"@type\":\"WebPage\",\"@id\":\"https:\/\/www.zonacarpediem.com\/en\/shop\/tarots-en\/tarot-egipcio-lo-scarabeo-arte-silvana-alasia\/\",\"url\":\"https:\/\/www.zonacarpediem.com\/en\/shop\/tarots-en\/tarot-egipcio-lo-scarabeo-arte-silvana-alasia\/\",\"name\":\"EL TAROT EGIPCIO original LO SCARABEO, arte de Silvana Alasia - Zona Carpe Diem\",\"isPartOf\":{\"@id\":\"https:\/\/www.zonacarpediem.com\/en\/#website\"},\"primaryImageOfPage\":{\"@id\":\"https:\/\/www.zonacarpediem.com\/en\/shop\/tarots-en\/tarot-egipcio-lo-scarabeo-arte-silvana-alasia\/#primaryimage\"},\"image\":{\"@id\":\"https:\/\/www.zonacarpediem.com\/en\/shop\/tarots-en\/tarot-egipcio-lo-scarabeo-arte-silvana-alasia\/#primaryimage\"},\"thumbnailUrl\":\"https:\/\/www.zonacarpediem.com\/wp-content\/uploads\/2021\/06\/El-Tarot-Egipcio-3.jpg\",\"datePublished\":\"2021-06-23T16:32:53+00:00\",\"dateModified\":\"2024-11-04T19:46:35+00:00\",\"description\":\"Comprar TAROT DE MARSELLA Nicol\u00e1s CONVOS original fabricado en B\u00e9lgica por AGM M\u00fcller\",\"breadcrumb\":{\"@id\":\"https:\/\/www.zonacarpediem.com\/en\/shop\/tarots-en\/tarot-egipcio-lo-scarabeo-arte-silvana-alasia\/#breadcrumb\"},\"inLanguage\":\"en-US\",\"potentialAction\":[{\"@type\":\"ReadAction\",\"target\":[\"https:\/\/www.zonacarpediem.com\/en\/shop\/tarots-en\/tarot-egipcio-lo-scarabeo-arte-silvana-alasia\/\"]}]},{\"@type\":\"ImageObject\",\"inLanguage\":\"en-US\",\"@id\":\"https:\/\/www.zonacarpediem.com\/en\/shop\/tarots-en\/tarot-egipcio-lo-scarabeo-arte-silvana-alasia\/#primaryimage\",\"url\":\"https:\/\/www.zonacarpediem.com\/wp-content\/uploads\/2021\/06\/El-Tarot-Egipcio-3.jpg\",\"contentUrl\":\"https:\/\/www.zonacarpediem.com\/wp-content\/uploads\/2021\/06\/El-Tarot-Egipcio-3.jpg\",\"width\":954,\"height\":1600,\"caption\":\"El Tarot Egipcio - Lo Scarabeo\"},{\"@type\":\"BreadcrumbList\",\"@id\":\"https:\/\/www.zonacarpediem.com\/en\/shop\/tarots-en\/tarot-egipcio-lo-scarabeo-arte-silvana-alasia\/#breadcrumb\",\"itemListElement\":[{\"@type\":\"ListItem\",\"position\":1,\"name\":\"Home\",\"item\":\"https:\/\/www.zonacarpediem.com\/en\/home-us\/\"},{\"@type\":\"ListItem\",\"position\":2,\"name\":\"Products\",\"item\":\"https:\/\/www.zonacarpediem.com\/en\/products\/\"},{\"@type\":\"ListItem\",\"position\":3,\"name\":\"EL TAROT EGIPCIO original LO SCARABEO, arte de Silvana Alasia\"}]},{\"@type\":\"WebSite\",\"@id\":\"https:\/\/www.zonacarpediem.com\/en\/#website\",\"url\":\"https:\/\/www.zonacarpediem.com\/en\/\",\"name\":\"Zona Carpe Diem\",\"description\":\"Buy with Confidence and Flirt with Brilliance, Passion Lives Here!\",\"publisher\":{\"@id\":\"https:\/\/www.zonacarpediem.com\/en\/#organization\"},\"potentialAction\":[{\"@type\":\"SearchAction\",\"target\":{\"@type\":\"EntryPoint\",\"urlTemplate\":\"https:\/\/www.zonacarpediem.com\/en\/?s={search_term_string}\"},\"query-input\":{\"@type\":\"PropertyValueSpecification\",\"valueRequired\":true,\"valueName\":\"search_term_string\"}}],\"inLanguage\":\"en-US\"},{\"@type\":\"Organization\",\"@id\":\"https:\/\/www.zonacarpediem.com\/en\/#organization\",\"name\":\"Zona Carpe Diem\",\"url\":\"https:\/\/www.zonacarpediem.com\/en\/\",\"logo\":{\"@type\":\"ImageObject\",\"inLanguage\":\"en-US\",\"@id\":\"https:\/\/www.zonacarpediem.com\/en\/#\/schema\/logo\/image\/\",\"url\":\"https:\/\/www.zonacarpediem.com\/wp-content\/uploads\/2016\/12\/ZCD-Logo-for-eBay-dec-2016-200x150px.png\",\"contentUrl\":\"https:\/\/www.zonacarpediem.com\/wp-content\/uploads\/2016\/12\/ZCD-Logo-for-eBay-dec-2016-200x150px.png\",\"width\":200,\"height\":150,\"caption\":\"Zona Carpe Diem\"},\"image\":{\"@id\":\"https:\/\/www.zonacarpediem.com\/en\/#\/schema\/logo\/image\/\"},\"sameAs\":[\"https:\/\/www.facebook.com\/ZonaCarpeDiem\"]}]}<\/script>\n<!-- \/ Yoast SEO plugin. -->","yoast_head_json":{"title":"EL TAROT EGIPCIO original LO SCARABEO, arte de Silvana Alasia - Zona Carpe Diem","description":"Comprar TAROT DE MARSELLA Nicol\u00e1s CONVOS original fabricado en B\u00e9lgica por AGM M\u00fcller","robots":{"index":"index","follow":"follow","max-snippet":"max-snippet:-1","max-image-preview":"max-image-preview:large","max-video-preview":"max-video-preview:-1"},"canonical":"https:\/\/www.zonacarpediem.com\/en\/shop\/tarots-en\/tarot-egipcio-lo-scarabeo-arte-silvana-alasia\/","og_locale":"en_US","og_type":"article","og_title":"EL TAROT EGIPCIO original LO SCARABEO, arte de Silvana Alasia - Zona Carpe Diem","og_description":"Comprar TAROT DE MARSELLA Nicol\u00e1s CONVOS original fabricado en B\u00e9lgica por AGM M\u00fcller","og_url":"https:\/\/www.zonacarpediem.com\/en\/shop\/tarots-en\/tarot-egipcio-lo-scarabeo-arte-silvana-alasia\/","og_site_name":"Zona Carpe Diem","article_publisher":"https:\/\/www.facebook.com\/ZonaCarpeDiem","article_modified_time":"2024-11-04T19:46:35+00:00","og_image":[{"width":954,"height":1600,"url":"https:\/\/www.zonacarpediem.com\/wp-content\/uploads\/2021\/06\/El-Tarot-Egipcio-3.jpg","type":"image\/jpeg"}],"twitter_misc":{"Est. reading time":"2 minutes"},"schema":{"@context":"https:\/\/schema.org","@graph":[{"@type":"WebPage","@id":"https:\/\/www.zonacarpediem.com\/en\/shop\/tarots-en\/tarot-egipcio-lo-scarabeo-arte-silvana-alasia\/","url":"https:\/\/www.zonacarpediem.com\/en\/shop\/tarots-en\/tarot-egipcio-lo-scarabeo-arte-silvana-alasia\/","name":"EL TAROT EGIPCIO original LO SCARABEO, arte de Silvana Alasia - Zona Carpe Diem","isPartOf":{"@id":"https:\/\/www.zonacarpediem.com\/en\/#website"},"primaryImageOfPage":{"@id":"https:\/\/www.zonacarpediem.com\/en\/shop\/tarots-en\/tarot-egipcio-lo-scarabeo-arte-silvana-alasia\/#primaryimage"},"image":{"@id":"https:\/\/www.zonacarpediem.com\/en\/shop\/tarots-en\/tarot-egipcio-lo-scarabeo-arte-silvana-alasia\/#primaryimage"},"thumbnailUrl":"https:\/\/www.zonacarpediem.com\/wp-content\/uploads\/2021\/06\/El-Tarot-Egipcio-3.jpg","datePublished":"2021-06-23T16:32:53+00:00","dateModified":"2024-11-04T19:46:35+00:00","description":"Comprar TAROT DE MARSELLA Nicol\u00e1s CONVOS original fabricado en B\u00e9lgica por AGM M\u00fcller","breadcrumb":{"@id":"https:\/\/www.zonacarpediem.com\/en\/shop\/tarots-en\/tarot-egipcio-lo-scarabeo-arte-silvana-alasia\/#breadcrumb"},"inLanguage":"en-US","potentialAction":[{"@type":"ReadAction","target":["https:\/\/www.zonacarpediem.com\/en\/shop\/tarots-en\/tarot-egipcio-lo-scarabeo-arte-silvana-alasia\/"]}]},{"@type":"ImageObject","inLanguage":"en-US","@id":"https:\/\/www.zonacarpediem.com\/en\/shop\/tarots-en\/tarot-egipcio-lo-scarabeo-arte-silvana-alasia\/#primaryimage","url":"https:\/\/www.zonacarpediem.com\/wp-content\/uploads\/2021\/06\/El-Tarot-Egipcio-3.jpg","contentUrl":"https:\/\/www.zonacarpediem.com\/wp-content\/uploads\/2021\/06\/El-Tarot-Egipcio-3.jpg","width":954,"height":1600,"caption":"El Tarot Egipcio - Lo Scarabeo"},{"@type":"BreadcrumbList","@id":"https:\/\/www.zonacarpediem.com\/en\/shop\/tarots-en\/tarot-egipcio-lo-scarabeo-arte-silvana-alasia\/#breadcrumb","itemListElement":[{"@type":"ListItem","position":1,"name":"Home","item":"https:\/\/www.zonacarpediem.com\/en\/home-us\/"},{"@type":"ListItem","position":2,"name":"Products","item":"https:\/\/www.zonacarpediem.com\/en\/products\/"},{"@type":"ListItem","position":3,"name":"EL TAROT EGIPCIO original LO SCARABEO, arte de Silvana Alasia"}]},{"@type":"WebSite","@id":"https:\/\/www.zonacarpediem.com\/en\/#website","url":"https:\/\/www.zonacarpediem.com\/en\/","name":"Zona Carpe Diem","description":"Buy with Confidence and Flirt with Brilliance, Passion Lives Here!","publisher":{"@id":"https:\/\/www.zonacarpediem.com\/en\/#organization"},"potentialAction":[{"@type":"SearchAction","target":{"@type":"EntryPoint","urlTemplate":"https:\/\/www.zonacarpediem.com\/en\/?s={search_term_string}"},"query-input":{"@type":"PropertyValueSpecification","valueRequired":true,"valueName":"search_term_string"}}],"inLanguage":"en-US"},{"@type":"Organization","@id":"https:\/\/www.zonacarpediem.com\/en\/#organization","name":"Zona Carpe Diem","url":"https:\/\/www.zonacarpediem.com\/en\/","logo":{"@type":"ImageObject","inLanguage":"en-US","@id":"https:\/\/www.zonacarpediem.com\/en\/#\/schema\/logo\/image\/","url":"https:\/\/www.zonacarpediem.com\/wp-content\/uploads\/2016\/12\/ZCD-Logo-for-eBay-dec-2016-200x150px.png","contentUrl":"https:\/\/www.zonacarpediem.com\/wp-content\/uploads\/2016\/12\/ZCD-Logo-for-eBay-dec-2016-200x150px.png","width":200,"height":150,"caption":"Zona Carpe Diem"},"image":{"@id":"https:\/\/www.zonacarpediem.com\/en\/#\/schema\/logo\/image\/"},"sameAs":["https:\/\/www.facebook.com\/ZonaCarpeDiem"]}]}},"_links":{"self":[{"href":"https:\/\/www.zonacarpediem.com\/en\/wp-json\/wp\/v2\/product\/5063","targetHints":{"allow":["GET"]}}],"collection":[{"href":"https:\/\/www.zonacarpediem.com\/en\/wp-json\/wp\/v2\/product"}],"about":[{"href":"https:\/\/www.zonacarpediem.com\/en\/wp-json\/wp\/v2\/types\/product"}],"wp:featuredmedia":[{"embeddable":true,"href":"https:\/\/www.zonacarpediem.com\/en\/wp-json\/wp\/v2\/media\/5083"}],"wp:attachment":[{"href":"https:\/\/www.zonacarpediem.com\/en\/wp-json\/wp\/v2\/media?parent=5063"}],"wp:term":[{"taxonomy":"product_brand","embeddable":true,"href":"https:\/\/www.zonacarpediem.com\/en\/wp-json\/wp\/v2\/product_brand?post=5063"},{"taxonomy":"product_cat","embeddable":true,"href":"https:\/\/www.zonacarpediem.com\/en\/wp-json\/wp\/v2\/product_cat?post=5063"},{"taxonomy":"product_tag","embeddable":true,"href":"https:\/\/www.zonacarpediem.com\/en\/wp-json\/wp\/v2\/product_tag?post=5063"}],"curies":[{"name":"wp","href":"https:\/\/api.w.org\/{rel}","templated":true}]}}