{"id":5101,"date":"2021-06-23T21:02:58","date_gmt":"2021-06-23T19:02:58","guid":{"rendered":"https:\/\/www.zonacarpediem.com\/?post_type=product&#038;p=5101"},"modified":"2021-06-23T21:13:17","modified_gmt":"2021-06-23T19:13:17","slug":"tarot-frida-kahlo-110anniversary-heraclio-fournier","status":"publish","type":"product","link":"https:\/\/www.zonacarpediem.com\/en\/shop\/tarots-en\/tarot-frida-kahlo-110anniversary-heraclio-fournier\/","title":{"rendered":"TAROT FRIDA KAHLO Original HERACLIO FOURNIER, 110 anniversary"},"content":{"rendered":"<p><strong>TAROT FRIDA KAHLO 110 anniversary, fabricado en Espa\u00f1a por HERACLIO FOURNIER, Vitoria<\/strong><\/p>\n<p>&nbsp;<\/p>\n<p>FABRICADO EN ESPA\u00d1A POR NAIPES HERACLIO FOURNIER, VITORIA<br \/>\nHist\u00f3rico fabricante de naipes espa\u00f1ol conocido en todo el mundo por la calidad de sus productos.<\/p>\n<p>Consta de 78 cartas a todo color y folleto con instrucciones adivinatorias en espa\u00f1ol, divididas en<\/p>\n<p>22 arcanos mayores y<br \/>\n56 arcanos menores.<\/p>\n<p>En precioso estuche protector de tapa blanda.<\/p>\n<p>Cartas denominadas originalmente en ingl\u00e9s, franc\u00e9s, alem\u00e1n y espa\u00f1ol.<\/p>\n<p>Magdalena Carmen Frida Kahlo Calder\u00f3n (Coyoac\u00e1n, 6 de julio de 1907, 13 de julio de 1954) fue una pintora mexicana.<br \/>\nLa importancia de su obra pict\u00f3rica, la complejidad de su vida y su influencia en la cultura mexicana de la postrevoluci\u00f3n, donde se gest\u00f3 el movimiento muralista encabezado por su esposo, han sido muy estudiadas desde m\u00faltiples perspectivas y hay publicados muchos estudios cr\u00edticos sobre ello. Su personalidad se forj\u00f3 en una trayectoria vital plagada de enfermedades que le produc\u00edan un continuo dolor, as\u00ed como en unas relaciones personales con otras personalidades culturales de primer orden. Su obra refleja esa trayectoria vital, su propia fantas\u00eda y la tradici\u00f3n popular mexicana, incluida la de los exvotos y la prehisp\u00e1nica.<\/p>\n<p>Este tarot representa a esa mujer fuerte, multifac\u00e9tica, diferente, vanguardista y aut\u00f3ctona, no solo por su cultura sino por su personalidad. El tarot de Frida Kahlo busca impactar la esencia y el bienestar de sus poseedores. Frida Kahlo es una mujer que se entreg\u00f3 apasionadamente a la vida, el amor, la familia y su ideolog\u00eda. Una mujer que dignific\u00f3 sus ra\u00edces y cambi\u00f3 su entorno. Vivi\u00f3 durante un per\u00edodo hist\u00f3rico en M\u00e9xico, en un tiempo de cambios sociales. Cre\u00eda en su cultura y durante toda su vida la comparti\u00f3 y exalt\u00f3 al m\u00e1ximo.<\/p>\n<p>&nbsp;<\/p>\n<p>Cartas que tienen como objetivo despertar la mente del hombre a otros niveles, a trav\u00e9s de los cuales pueda acceder a otra sabidur\u00eda, a otros conocimientos que permitan saber y anticipar, as\u00ed como tambi\u00e9n encontrar el bienestar interior.<\/p>\n<p>El tarot es una baraja de naipes que, adem\u00e1s de servir para jugar, se usa a menudo como medio de \u201cadivinaci\u00f3n\u201d del pasado, de la situaci\u00f3n presente del consultante y algunas veces del futuro, por lo que constituir\u00eda un tipo de cartomancia.<br \/>\nSus or\u00edgenes datan al menos del siglo XIV, no teniendo fundamento llevar sus ra\u00edces m\u00e1s atr\u00e1s en la historia.<\/p>\n<p>&nbsp;<\/p>\n<p><em>Este es un producto original de calidad, fabricado en Espa\u00f1a. Esta no es una copia no autorizada.<br \/>\nEnviamos el art\u00edculo desde Espa\u00f1a a todo el mundo, certificado, con n\u00famero de seguimiento.<\/em><\/p>\n<p>&nbsp;<\/p>\n","protected":false},"excerpt":{"rendered":"<p>TAROT FRIDA KAHLO, 110 Anniversary, original fabricado en Espa\u00f1a por HERACLIO FOURNIER<\/p>\n","protected":false},"featured_media":5115,"template":"","meta":[],"product_brand":[],"product_cat":[163],"product_tag":[],"class_list":{"0":"post-5101","1":"product","2":"type-product","3":"status-publish","4":"has-post-thumbnail","6":"product_cat-tarots-en","8":"first","9":"instock","10":"shipping-taxable","11":"purchasable","12":"product-type-simple"},"yoast_head":"<!-- This site is optimized with the Yoast SEO plugin v26.7 - https:\/\/yoast.com\/wordpress\/plugins\/seo\/ -->\n<title>TAROT FRIDA KAHLO Original HERACLIO FOURNIER, 110 anniversary - Zona Carpe Diem<\/title>\n<meta name=\"description\" content=\"Comprar TAROT DE LOS ANGELES original fabricado en Espa\u00f1a por HERACLIO FOURNIER\" \/>\n<meta name=\"robots\" content=\"index, follow, max-snippet:-1, max-image-preview:large, max-video-preview:-1\" \/>\n<link rel=\"canonical\" href=\"https:\/\/www.zonacarpediem.com\/en\/shop\/tarots-en\/tarot-frida-kahlo-110anniversary-heraclio-fournier\/\" \/>\n<meta property=\"og:locale\" content=\"en_US\" \/>\n<meta property=\"og:type\" content=\"article\" \/>\n<meta property=\"og:title\" content=\"TAROT FRIDA KAHLO Original HERACLIO FOURNIER, 110 anniversary - Zona Carpe Diem\" \/>\n<meta property=\"og:description\" content=\"Comprar TAROT DE LOS ANGELES original fabricado en Espa\u00f1a por HERACLIO FOURNIER\" \/>\n<meta property=\"og:url\" content=\"https:\/\/www.zonacarpediem.com\/en\/shop\/tarots-en\/tarot-frida-kahlo-110anniversary-heraclio-fournier\/\" \/>\n<meta property=\"og:site_name\" content=\"Zona Carpe Diem\" \/>\n<meta property=\"article:publisher\" content=\"https:\/\/www.facebook.com\/ZonaCarpeDiem\" \/>\n<meta property=\"article:modified_time\" content=\"2021-06-23T19:13:17+00:00\" \/>\n<meta property=\"og:image\" content=\"https:\/\/www.zonacarpediem.com\/wp-content\/uploads\/2021\/06\/Tarot-Frida-Kahlo-Fournier-1.jpg\" \/>\n\t<meta property=\"og:image:width\" content=\"1500\" \/>\n\t<meta property=\"og:image:height\" content=\"1409\" \/>\n\t<meta property=\"og:image:type\" content=\"image\/jpeg\" \/>\n<meta name=\"twitter:label1\" content=\"Est. reading time\" \/>\n\t<meta name=\"twitter:data1\" content=\"2 minutes\" \/>\n<script type=\"application\/ld+json\" class=\"yoast-schema-graph\">{\"@context\":\"https:\/\/schema.org\",\"@graph\":[{\"@type\":\"WebPage\",\"@id\":\"https:\/\/www.zonacarpediem.com\/en\/shop\/tarots-en\/tarot-frida-kahlo-110anniversary-heraclio-fournier\/\",\"url\":\"https:\/\/www.zonacarpediem.com\/en\/shop\/tarots-en\/tarot-frida-kahlo-110anniversary-heraclio-fournier\/\",\"name\":\"TAROT FRIDA KAHLO Original HERACLIO FOURNIER, 110 anniversary - Zona Carpe Diem\",\"isPartOf\":{\"@id\":\"https:\/\/www.zonacarpediem.com\/en\/#website\"},\"primaryImageOfPage\":{\"@id\":\"https:\/\/www.zonacarpediem.com\/en\/shop\/tarots-en\/tarot-frida-kahlo-110anniversary-heraclio-fournier\/#primaryimage\"},\"image\":{\"@id\":\"https:\/\/www.zonacarpediem.com\/en\/shop\/tarots-en\/tarot-frida-kahlo-110anniversary-heraclio-fournier\/#primaryimage\"},\"thumbnailUrl\":\"https:\/\/www.zonacarpediem.com\/wp-content\/uploads\/2021\/06\/Tarot-Frida-Kahlo-Fournier-1.jpg\",\"datePublished\":\"2021-06-23T19:02:58+00:00\",\"dateModified\":\"2021-06-23T19:13:17+00:00\",\"description\":\"Comprar TAROT DE LOS ANGELES original fabricado en Espa\u00f1a por HERACLIO FOURNIER\",\"breadcrumb\":{\"@id\":\"https:\/\/www.zonacarpediem.com\/en\/shop\/tarots-en\/tarot-frida-kahlo-110anniversary-heraclio-fournier\/#breadcrumb\"},\"inLanguage\":\"en-US\",\"potentialAction\":[{\"@type\":\"ReadAction\",\"target\":[\"https:\/\/www.zonacarpediem.com\/en\/shop\/tarots-en\/tarot-frida-kahlo-110anniversary-heraclio-fournier\/\"]}]},{\"@type\":\"ImageObject\",\"inLanguage\":\"en-US\",\"@id\":\"https:\/\/www.zonacarpediem.com\/en\/shop\/tarots-en\/tarot-frida-kahlo-110anniversary-heraclio-fournier\/#primaryimage\",\"url\":\"https:\/\/www.zonacarpediem.com\/wp-content\/uploads\/2021\/06\/Tarot-Frida-Kahlo-Fournier-1.jpg\",\"contentUrl\":\"https:\/\/www.zonacarpediem.com\/wp-content\/uploads\/2021\/06\/Tarot-Frida-Kahlo-Fournier-1.jpg\",\"width\":1500,\"height\":1409,\"caption\":\"Tarot Frida Kahlo - Heraclio Fournier\"},{\"@type\":\"BreadcrumbList\",\"@id\":\"https:\/\/www.zonacarpediem.com\/en\/shop\/tarots-en\/tarot-frida-kahlo-110anniversary-heraclio-fournier\/#breadcrumb\",\"itemListElement\":[{\"@type\":\"ListItem\",\"position\":1,\"name\":\"Home\",\"item\":\"https:\/\/www.zonacarpediem.com\/en\/home-us\/\"},{\"@type\":\"ListItem\",\"position\":2,\"name\":\"Products\",\"item\":\"https:\/\/www.zonacarpediem.com\/en\/products\/\"},{\"@type\":\"ListItem\",\"position\":3,\"name\":\"TAROT FRIDA KAHLO Original HERACLIO FOURNIER, 110 anniversary\"}]},{\"@type\":\"WebSite\",\"@id\":\"https:\/\/www.zonacarpediem.com\/en\/#website\",\"url\":\"https:\/\/www.zonacarpediem.com\/en\/\",\"name\":\"Zona Carpe Diem\",\"description\":\"Buy with Confidence and Flirt with Brilliance, Passion Lives Here!\",\"publisher\":{\"@id\":\"https:\/\/www.zonacarpediem.com\/en\/#organization\"},\"potentialAction\":[{\"@type\":\"SearchAction\",\"target\":{\"@type\":\"EntryPoint\",\"urlTemplate\":\"https:\/\/www.zonacarpediem.com\/en\/?s={search_term_string}\"},\"query-input\":{\"@type\":\"PropertyValueSpecification\",\"valueRequired\":true,\"valueName\":\"search_term_string\"}}],\"inLanguage\":\"en-US\"},{\"@type\":\"Organization\",\"@id\":\"https:\/\/www.zonacarpediem.com\/en\/#organization\",\"name\":\"Zona Carpe Diem\",\"url\":\"https:\/\/www.zonacarpediem.com\/en\/\",\"logo\":{\"@type\":\"ImageObject\",\"inLanguage\":\"en-US\",\"@id\":\"https:\/\/www.zonacarpediem.com\/en\/#\/schema\/logo\/image\/\",\"url\":\"https:\/\/www.zonacarpediem.com\/wp-content\/uploads\/2016\/12\/ZCD-Logo-for-eBay-dec-2016-200x150px.png\",\"contentUrl\":\"https:\/\/www.zonacarpediem.com\/wp-content\/uploads\/2016\/12\/ZCD-Logo-for-eBay-dec-2016-200x150px.png\",\"width\":200,\"height\":150,\"caption\":\"Zona Carpe Diem\"},\"image\":{\"@id\":\"https:\/\/www.zonacarpediem.com\/en\/#\/schema\/logo\/image\/\"},\"sameAs\":[\"https:\/\/www.facebook.com\/ZonaCarpeDiem\"]}]}<\/script>\n<!-- \/ Yoast SEO plugin. -->","yoast_head_json":{"title":"TAROT FRIDA KAHLO Original HERACLIO FOURNIER, 110 anniversary - Zona Carpe Diem","description":"Comprar TAROT DE LOS ANGELES original fabricado en Espa\u00f1a por HERACLIO FOURNIER","robots":{"index":"index","follow":"follow","max-snippet":"max-snippet:-1","max-image-preview":"max-image-preview:large","max-video-preview":"max-video-preview:-1"},"canonical":"https:\/\/www.zonacarpediem.com\/en\/shop\/tarots-en\/tarot-frida-kahlo-110anniversary-heraclio-fournier\/","og_locale":"en_US","og_type":"article","og_title":"TAROT FRIDA KAHLO Original HERACLIO FOURNIER, 110 anniversary - Zona Carpe Diem","og_description":"Comprar TAROT DE LOS ANGELES original fabricado en Espa\u00f1a por HERACLIO FOURNIER","og_url":"https:\/\/www.zonacarpediem.com\/en\/shop\/tarots-en\/tarot-frida-kahlo-110anniversary-heraclio-fournier\/","og_site_name":"Zona Carpe Diem","article_publisher":"https:\/\/www.facebook.com\/ZonaCarpeDiem","article_modified_time":"2021-06-23T19:13:17+00:00","og_image":[{"width":1500,"height":1409,"url":"https:\/\/www.zonacarpediem.com\/wp-content\/uploads\/2021\/06\/Tarot-Frida-Kahlo-Fournier-1.jpg","type":"image\/jpeg"}],"twitter_misc":{"Est. reading time":"2 minutes"},"schema":{"@context":"https:\/\/schema.org","@graph":[{"@type":"WebPage","@id":"https:\/\/www.zonacarpediem.com\/en\/shop\/tarots-en\/tarot-frida-kahlo-110anniversary-heraclio-fournier\/","url":"https:\/\/www.zonacarpediem.com\/en\/shop\/tarots-en\/tarot-frida-kahlo-110anniversary-heraclio-fournier\/","name":"TAROT FRIDA KAHLO Original HERACLIO FOURNIER, 110 anniversary - Zona Carpe Diem","isPartOf":{"@id":"https:\/\/www.zonacarpediem.com\/en\/#website"},"primaryImageOfPage":{"@id":"https:\/\/www.zonacarpediem.com\/en\/shop\/tarots-en\/tarot-frida-kahlo-110anniversary-heraclio-fournier\/#primaryimage"},"image":{"@id":"https:\/\/www.zonacarpediem.com\/en\/shop\/tarots-en\/tarot-frida-kahlo-110anniversary-heraclio-fournier\/#primaryimage"},"thumbnailUrl":"https:\/\/www.zonacarpediem.com\/wp-content\/uploads\/2021\/06\/Tarot-Frida-Kahlo-Fournier-1.jpg","datePublished":"2021-06-23T19:02:58+00:00","dateModified":"2021-06-23T19:13:17+00:00","description":"Comprar TAROT DE LOS ANGELES original fabricado en Espa\u00f1a por HERACLIO FOURNIER","breadcrumb":{"@id":"https:\/\/www.zonacarpediem.com\/en\/shop\/tarots-en\/tarot-frida-kahlo-110anniversary-heraclio-fournier\/#breadcrumb"},"inLanguage":"en-US","potentialAction":[{"@type":"ReadAction","target":["https:\/\/www.zonacarpediem.com\/en\/shop\/tarots-en\/tarot-frida-kahlo-110anniversary-heraclio-fournier\/"]}]},{"@type":"ImageObject","inLanguage":"en-US","@id":"https:\/\/www.zonacarpediem.com\/en\/shop\/tarots-en\/tarot-frida-kahlo-110anniversary-heraclio-fournier\/#primaryimage","url":"https:\/\/www.zonacarpediem.com\/wp-content\/uploads\/2021\/06\/Tarot-Frida-Kahlo-Fournier-1.jpg","contentUrl":"https:\/\/www.zonacarpediem.com\/wp-content\/uploads\/2021\/06\/Tarot-Frida-Kahlo-Fournier-1.jpg","width":1500,"height":1409,"caption":"Tarot Frida Kahlo - Heraclio Fournier"},{"@type":"BreadcrumbList","@id":"https:\/\/www.zonacarpediem.com\/en\/shop\/tarots-en\/tarot-frida-kahlo-110anniversary-heraclio-fournier\/#breadcrumb","itemListElement":[{"@type":"ListItem","position":1,"name":"Home","item":"https:\/\/www.zonacarpediem.com\/en\/home-us\/"},{"@type":"ListItem","position":2,"name":"Products","item":"https:\/\/www.zonacarpediem.com\/en\/products\/"},{"@type":"ListItem","position":3,"name":"TAROT FRIDA KAHLO Original HERACLIO FOURNIER, 110 anniversary"}]},{"@type":"WebSite","@id":"https:\/\/www.zonacarpediem.com\/en\/#website","url":"https:\/\/www.zonacarpediem.com\/en\/","name":"Zona Carpe Diem","description":"Buy with Confidence and Flirt with Brilliance, Passion Lives Here!","publisher":{"@id":"https:\/\/www.zonacarpediem.com\/en\/#organization"},"potentialAction":[{"@type":"SearchAction","target":{"@type":"EntryPoint","urlTemplate":"https:\/\/www.zonacarpediem.com\/en\/?s={search_term_string}"},"query-input":{"@type":"PropertyValueSpecification","valueRequired":true,"valueName":"search_term_string"}}],"inLanguage":"en-US"},{"@type":"Organization","@id":"https:\/\/www.zonacarpediem.com\/en\/#organization","name":"Zona Carpe Diem","url":"https:\/\/www.zonacarpediem.com\/en\/","logo":{"@type":"ImageObject","inLanguage":"en-US","@id":"https:\/\/www.zonacarpediem.com\/en\/#\/schema\/logo\/image\/","url":"https:\/\/www.zonacarpediem.com\/wp-content\/uploads\/2016\/12\/ZCD-Logo-for-eBay-dec-2016-200x150px.png","contentUrl":"https:\/\/www.zonacarpediem.com\/wp-content\/uploads\/2016\/12\/ZCD-Logo-for-eBay-dec-2016-200x150px.png","width":200,"height":150,"caption":"Zona Carpe Diem"},"image":{"@id":"https:\/\/www.zonacarpediem.com\/en\/#\/schema\/logo\/image\/"},"sameAs":["https:\/\/www.facebook.com\/ZonaCarpeDiem"]}]}},"_links":{"self":[{"href":"https:\/\/www.zonacarpediem.com\/en\/wp-json\/wp\/v2\/product\/5101","targetHints":{"allow":["GET"]}}],"collection":[{"href":"https:\/\/www.zonacarpediem.com\/en\/wp-json\/wp\/v2\/product"}],"about":[{"href":"https:\/\/www.zonacarpediem.com\/en\/wp-json\/wp\/v2\/types\/product"}],"wp:featuredmedia":[{"embeddable":true,"href":"https:\/\/www.zonacarpediem.com\/en\/wp-json\/wp\/v2\/media\/5115"}],"wp:attachment":[{"href":"https:\/\/www.zonacarpediem.com\/en\/wp-json\/wp\/v2\/media?parent=5101"}],"wp:term":[{"taxonomy":"product_brand","embeddable":true,"href":"https:\/\/www.zonacarpediem.com\/en\/wp-json\/wp\/v2\/product_brand?post=5101"},{"taxonomy":"product_cat","embeddable":true,"href":"https:\/\/www.zonacarpediem.com\/en\/wp-json\/wp\/v2\/product_cat?post=5101"},{"taxonomy":"product_tag","embeddable":true,"href":"https:\/\/www.zonacarpediem.com\/en\/wp-json\/wp\/v2\/product_tag?post=5101"}],"curies":[{"name":"wp","href":"https:\/\/api.w.org\/{rel}","templated":true}]}}