{"id":5395,"date":"2021-06-27T20:01:35","date_gmt":"2021-06-27T18:01:35","guid":{"rendered":"https:\/\/www.zonacarpediem.com\/?post_type=product&#038;p=5395"},"modified":"2021-06-27T20:17:05","modified_gmt":"2021-06-27T18:17:05","slug":"sabiduria-serena-entranable-oraculo-tarot-original-agm-muller-arte-de-sasha-stjohn","status":"publish","type":"product","link":"https:\/\/www.zonacarpediem.com\/en\/shop\/tarots-en\/sabiduria-serena-entranable-oraculo-tarot-original-agm-muller-arte-de-sasha-stjohn\/","title":{"rendered":"SABIDURIA SERENA Y ENTRA\u00d1ABLE ORACULO TAROT, original AGM M\u00fcller, arte de SASHA ST. JOHN"},"content":{"rendered":"<p><strong>SABIDURIA SERENA Y ENTRA\u00d1ABLE ORACULO TAROT, original fabricado en B\u00e9lgica por AGM M\u00fcller, arte de SASHA ST. JOHN<\/strong><\/p>\n<p><strong>\u00a0<\/strong><\/p>\n<p><strong>FABRICADO EN B\u00c9LGICA POR AGM AGM\u00dcLLER, Neuhausen (Suiza)<\/strong><br \/>\nHist\u00f3rico fabricante de naipes suizo conocido en todo el mundo por la calidad de sus productos.<\/p>\n<p>Edici\u00f3n Espa\u00f1ola<br \/>\ncon 60 cartas a todo color y folleto con instrucciones<\/p>\n<p>En esta versi\u00f3n en espa\u00f1ol de &#8220;The Gentle Wisdom of the Fairy Realms Inspiration\/Oracle Deck&#8221; la visionaria artista Sasha St John nos encanta y nos llena de inspiraci\u00f3n con sus sensibles y delicadas acuarelas. Sesenta de sus im\u00e1genes de acuarela de hadas y duendes m\u00e1gicos se reunen en esta baraja y reflejan la creencia de Sasha de que todos y cada uno de nosotros poseemos una delicada sabidur\u00eda.<\/p>\n<p>Con esta maravillosa baraja, muy sencilla de usar, podremos evocar la belleza y la sabiduria de los elfos.<br \/>\nEsta maravillosa luminiscente y reveladora baraja va acompanada de un cuadernillo de instrucciones a todo color de 72 p\u00e1ginas.<br \/>\nEl folleto muestra cada tarjeta en color junto con un mensaje escrito por el artista para proporcionar una base para la reflexi\u00f3n, la contemplaci\u00f3n o la inspiraci\u00f3n. Permita que la belleza y la sabidur\u00eda de los reinos m\u00e1s espeluznantes influyan en su vida. Este maravilloso puente entre el Reino de la Hader\u00eda y el nuestro har\u00e1 las delicias e inspirar\u00e1 a personas de todas las edades, desde ni\u00f1os hasta adultos, con im\u00e1genes pac\u00edficas y recordatorios reflexivos para honrar nuestra propia sabidur\u00eda suave todos los d\u00edas.<\/p>\n<p>Sasha vive con su esposo, amigo y compa\u00f1ero Sebastian en una acogedora casa victoriana junto a un<br \/>\nriachuelo en una peque\u00f1a ciudad de California.<\/p>\n<p><strong>\u00a0<\/strong><\/p>\n<p><strong>\u00a0<\/strong><\/p>\n<p>&nbsp;<\/p>\n<p>&nbsp;<\/p>\n<p>Cartas que tienen como objetivo despertar la mente del hombre a otros niveles, a trav\u00e9s de los cuales pueda acceder a otra sabidur\u00eda, a otros conocimientos que permitan saber y anticipar, as\u00ed como tambi\u00e9n encontrar el bienestar interior.<\/p>\n<p>El tarot es una baraja de naipes que, adem\u00e1s de servir para jugar, se usa a menudo como medio de \u201cadivinaci\u00f3n\u201d del pasado, de la situaci\u00f3n presente del consultante y algunas veces del futuro, por lo que constituir\u00eda un tipo de cartomancia.<br \/>\nSus or\u00edgenes datan al menos del siglo XIV, no teniendo fundamento llevar sus ra\u00edces m\u00e1s atr\u00e1s en la historia.<\/p>\n<p>&nbsp;<\/p>\n<p><em>Este es un producto original de calidad, fabricado en B\u00e9lgica. Esta no es una copia no autorizada.<br \/>\nEnviamos el art\u00edculo desde Espa\u00f1a a todo el mundo, certificado, con n\u00famero de seguimiento.<\/em><\/p>\n<p>&nbsp;<\/p>\n","protected":false},"excerpt":{"rendered":"<p>SABIDURIA SERENA Y ENTRA\u00d1ABLE ORACULO TAROT, original AGM M\u00fcller, arte de SASHA ST. JOHN<\/p>\n","protected":false},"featured_media":5411,"template":"","meta":[],"product_brand":[],"product_cat":[163],"product_tag":[],"class_list":{"0":"post-5395","1":"product","2":"type-product","3":"status-publish","4":"has-post-thumbnail","6":"product_cat-tarots-en","8":"first","9":"instock","10":"shipping-taxable","11":"purchasable","12":"product-type-simple"},"yoast_head":"<!-- This site is optimized with the Yoast SEO plugin v26.7 - https:\/\/yoast.com\/wordpress\/plugins\/seo\/ -->\n<title>SABIDURIA SERENA Y ENTRA\u00d1ABLE ORACULO TAROT, original AGM M\u00fcller, arte de SASHA ST. JOHN - Zona Carpe Diem<\/title>\n<meta name=\"description\" content=\"Comprar CIRCLE OF LIFE TAROT EL CIRCULO DE LA VIDA, original fabricado en Italia por Lo Scarabeo, arte de Maria Distefano\" \/>\n<meta name=\"robots\" content=\"index, follow, max-snippet:-1, max-image-preview:large, max-video-preview:-1\" \/>\n<link rel=\"canonical\" href=\"https:\/\/www.zonacarpediem.com\/en\/shop\/tarots-en\/sabiduria-serena-entranable-oraculo-tarot-original-agm-muller-arte-de-sasha-stjohn\/\" \/>\n<meta property=\"og:locale\" content=\"en_US\" \/>\n<meta property=\"og:type\" content=\"article\" \/>\n<meta property=\"og:title\" content=\"SABIDURIA SERENA Y ENTRA\u00d1ABLE ORACULO TAROT, original AGM M\u00fcller, arte de SASHA ST. JOHN - Zona Carpe Diem\" \/>\n<meta property=\"og:description\" content=\"Comprar CIRCLE OF LIFE TAROT EL CIRCULO DE LA VIDA, original fabricado en Italia por Lo Scarabeo, arte de Maria Distefano\" \/>\n<meta property=\"og:url\" content=\"https:\/\/www.zonacarpediem.com\/en\/shop\/tarots-en\/sabiduria-serena-entranable-oraculo-tarot-original-agm-muller-arte-de-sasha-stjohn\/\" \/>\n<meta property=\"og:site_name\" content=\"Zona Carpe Diem\" \/>\n<meta property=\"article:publisher\" content=\"https:\/\/www.facebook.com\/ZonaCarpeDiem\" \/>\n<meta property=\"article:modified_time\" content=\"2021-06-27T18:17:05+00:00\" \/>\n<meta property=\"og:image\" content=\"https:\/\/www.zonacarpediem.com\/wp-content\/uploads\/2021\/06\/SABIDURIA-SERENA-Y-ENTRANABLE-ORACULO-TAROT-Sasha-St-John-AGM-Muller-1.jpg\" \/>\n\t<meta property=\"og:image:width\" content=\"1046\" \/>\n\t<meta property=\"og:image:height\" content=\"1600\" \/>\n\t<meta property=\"og:image:type\" content=\"image\/jpeg\" \/>\n<meta name=\"twitter:label1\" content=\"Est. reading time\" \/>\n\t<meta name=\"twitter:data1\" content=\"2 minutes\" \/>\n<script type=\"application\/ld+json\" class=\"yoast-schema-graph\">{\"@context\":\"https:\/\/schema.org\",\"@graph\":[{\"@type\":\"WebPage\",\"@id\":\"https:\/\/www.zonacarpediem.com\/en\/shop\/tarots-en\/sabiduria-serena-entranable-oraculo-tarot-original-agm-muller-arte-de-sasha-stjohn\/\",\"url\":\"https:\/\/www.zonacarpediem.com\/en\/shop\/tarots-en\/sabiduria-serena-entranable-oraculo-tarot-original-agm-muller-arte-de-sasha-stjohn\/\",\"name\":\"SABIDURIA SERENA Y ENTRA\u00d1ABLE ORACULO TAROT, original AGM M\u00fcller, arte de SASHA ST. JOHN - Zona Carpe Diem\",\"isPartOf\":{\"@id\":\"https:\/\/www.zonacarpediem.com\/en\/#website\"},\"primaryImageOfPage\":{\"@id\":\"https:\/\/www.zonacarpediem.com\/en\/shop\/tarots-en\/sabiduria-serena-entranable-oraculo-tarot-original-agm-muller-arte-de-sasha-stjohn\/#primaryimage\"},\"image\":{\"@id\":\"https:\/\/www.zonacarpediem.com\/en\/shop\/tarots-en\/sabiduria-serena-entranable-oraculo-tarot-original-agm-muller-arte-de-sasha-stjohn\/#primaryimage\"},\"thumbnailUrl\":\"https:\/\/www.zonacarpediem.com\/wp-content\/uploads\/2021\/06\/SABIDURIA-SERENA-Y-ENTRANABLE-ORACULO-TAROT-Sasha-St-John-AGM-Muller-1.jpg\",\"datePublished\":\"2021-06-27T18:01:35+00:00\",\"dateModified\":\"2021-06-27T18:17:05+00:00\",\"description\":\"Comprar CIRCLE OF LIFE TAROT EL CIRCULO DE LA VIDA, original fabricado en Italia por Lo Scarabeo, arte de Maria Distefano\",\"breadcrumb\":{\"@id\":\"https:\/\/www.zonacarpediem.com\/en\/shop\/tarots-en\/sabiduria-serena-entranable-oraculo-tarot-original-agm-muller-arte-de-sasha-stjohn\/#breadcrumb\"},\"inLanguage\":\"en-US\",\"potentialAction\":[{\"@type\":\"ReadAction\",\"target\":[\"https:\/\/www.zonacarpediem.com\/en\/shop\/tarots-en\/sabiduria-serena-entranable-oraculo-tarot-original-agm-muller-arte-de-sasha-stjohn\/\"]}]},{\"@type\":\"ImageObject\",\"inLanguage\":\"en-US\",\"@id\":\"https:\/\/www.zonacarpediem.com\/en\/shop\/tarots-en\/sabiduria-serena-entranable-oraculo-tarot-original-agm-muller-arte-de-sasha-stjohn\/#primaryimage\",\"url\":\"https:\/\/www.zonacarpediem.com\/wp-content\/uploads\/2021\/06\/SABIDURIA-SERENA-Y-ENTRANABLE-ORACULO-TAROT-Sasha-St-John-AGM-Muller-1.jpg\",\"contentUrl\":\"https:\/\/www.zonacarpediem.com\/wp-content\/uploads\/2021\/06\/SABIDURIA-SERENA-Y-ENTRANABLE-ORACULO-TAROT-Sasha-St-John-AGM-Muller-1.jpg\",\"width\":1046,\"height\":1600},{\"@type\":\"BreadcrumbList\",\"@id\":\"https:\/\/www.zonacarpediem.com\/en\/shop\/tarots-en\/sabiduria-serena-entranable-oraculo-tarot-original-agm-muller-arte-de-sasha-stjohn\/#breadcrumb\",\"itemListElement\":[{\"@type\":\"ListItem\",\"position\":1,\"name\":\"Home\",\"item\":\"https:\/\/www.zonacarpediem.com\/en\/home-us\/\"},{\"@type\":\"ListItem\",\"position\":2,\"name\":\"Products\",\"item\":\"https:\/\/www.zonacarpediem.com\/en\/products\/\"},{\"@type\":\"ListItem\",\"position\":3,\"name\":\"SABIDURIA SERENA Y ENTRA\u00d1ABLE ORACULO TAROT, original AGM M\u00fcller, arte de SASHA ST. JOHN\"}]},{\"@type\":\"WebSite\",\"@id\":\"https:\/\/www.zonacarpediem.com\/en\/#website\",\"url\":\"https:\/\/www.zonacarpediem.com\/en\/\",\"name\":\"Zona Carpe Diem\",\"description\":\"Buy with Confidence and Flirt with Brilliance, Passion Lives Here!\",\"publisher\":{\"@id\":\"https:\/\/www.zonacarpediem.com\/en\/#organization\"},\"potentialAction\":[{\"@type\":\"SearchAction\",\"target\":{\"@type\":\"EntryPoint\",\"urlTemplate\":\"https:\/\/www.zonacarpediem.com\/en\/?s={search_term_string}\"},\"query-input\":{\"@type\":\"PropertyValueSpecification\",\"valueRequired\":true,\"valueName\":\"search_term_string\"}}],\"inLanguage\":\"en-US\"},{\"@type\":\"Organization\",\"@id\":\"https:\/\/www.zonacarpediem.com\/en\/#organization\",\"name\":\"Zona Carpe Diem\",\"url\":\"https:\/\/www.zonacarpediem.com\/en\/\",\"logo\":{\"@type\":\"ImageObject\",\"inLanguage\":\"en-US\",\"@id\":\"https:\/\/www.zonacarpediem.com\/en\/#\/schema\/logo\/image\/\",\"url\":\"https:\/\/www.zonacarpediem.com\/wp-content\/uploads\/2016\/12\/ZCD-Logo-for-eBay-dec-2016-200x150px.png\",\"contentUrl\":\"https:\/\/www.zonacarpediem.com\/wp-content\/uploads\/2016\/12\/ZCD-Logo-for-eBay-dec-2016-200x150px.png\",\"width\":200,\"height\":150,\"caption\":\"Zona Carpe Diem\"},\"image\":{\"@id\":\"https:\/\/www.zonacarpediem.com\/en\/#\/schema\/logo\/image\/\"},\"sameAs\":[\"https:\/\/www.facebook.com\/ZonaCarpeDiem\"]}]}<\/script>\n<!-- \/ Yoast SEO plugin. -->","yoast_head_json":{"title":"SABIDURIA SERENA Y ENTRA\u00d1ABLE ORACULO TAROT, original AGM M\u00fcller, arte de SASHA ST. JOHN - Zona Carpe Diem","description":"Comprar CIRCLE OF LIFE TAROT EL CIRCULO DE LA VIDA, original fabricado en Italia por Lo Scarabeo, arte de Maria Distefano","robots":{"index":"index","follow":"follow","max-snippet":"max-snippet:-1","max-image-preview":"max-image-preview:large","max-video-preview":"max-video-preview:-1"},"canonical":"https:\/\/www.zonacarpediem.com\/en\/shop\/tarots-en\/sabiduria-serena-entranable-oraculo-tarot-original-agm-muller-arte-de-sasha-stjohn\/","og_locale":"en_US","og_type":"article","og_title":"SABIDURIA SERENA Y ENTRA\u00d1ABLE ORACULO TAROT, original AGM M\u00fcller, arte de SASHA ST. JOHN - Zona Carpe Diem","og_description":"Comprar CIRCLE OF LIFE TAROT EL CIRCULO DE LA VIDA, original fabricado en Italia por Lo Scarabeo, arte de Maria Distefano","og_url":"https:\/\/www.zonacarpediem.com\/en\/shop\/tarots-en\/sabiduria-serena-entranable-oraculo-tarot-original-agm-muller-arte-de-sasha-stjohn\/","og_site_name":"Zona Carpe Diem","article_publisher":"https:\/\/www.facebook.com\/ZonaCarpeDiem","article_modified_time":"2021-06-27T18:17:05+00:00","og_image":[{"width":1046,"height":1600,"url":"https:\/\/www.zonacarpediem.com\/wp-content\/uploads\/2021\/06\/SABIDURIA-SERENA-Y-ENTRANABLE-ORACULO-TAROT-Sasha-St-John-AGM-Muller-1.jpg","type":"image\/jpeg"}],"twitter_misc":{"Est. reading time":"2 minutes"},"schema":{"@context":"https:\/\/schema.org","@graph":[{"@type":"WebPage","@id":"https:\/\/www.zonacarpediem.com\/en\/shop\/tarots-en\/sabiduria-serena-entranable-oraculo-tarot-original-agm-muller-arte-de-sasha-stjohn\/","url":"https:\/\/www.zonacarpediem.com\/en\/shop\/tarots-en\/sabiduria-serena-entranable-oraculo-tarot-original-agm-muller-arte-de-sasha-stjohn\/","name":"SABIDURIA SERENA Y ENTRA\u00d1ABLE ORACULO TAROT, original AGM M\u00fcller, arte de SASHA ST. JOHN - Zona Carpe Diem","isPartOf":{"@id":"https:\/\/www.zonacarpediem.com\/en\/#website"},"primaryImageOfPage":{"@id":"https:\/\/www.zonacarpediem.com\/en\/shop\/tarots-en\/sabiduria-serena-entranable-oraculo-tarot-original-agm-muller-arte-de-sasha-stjohn\/#primaryimage"},"image":{"@id":"https:\/\/www.zonacarpediem.com\/en\/shop\/tarots-en\/sabiduria-serena-entranable-oraculo-tarot-original-agm-muller-arte-de-sasha-stjohn\/#primaryimage"},"thumbnailUrl":"https:\/\/www.zonacarpediem.com\/wp-content\/uploads\/2021\/06\/SABIDURIA-SERENA-Y-ENTRANABLE-ORACULO-TAROT-Sasha-St-John-AGM-Muller-1.jpg","datePublished":"2021-06-27T18:01:35+00:00","dateModified":"2021-06-27T18:17:05+00:00","description":"Comprar CIRCLE OF LIFE TAROT EL CIRCULO DE LA VIDA, original fabricado en Italia por Lo Scarabeo, arte de Maria Distefano","breadcrumb":{"@id":"https:\/\/www.zonacarpediem.com\/en\/shop\/tarots-en\/sabiduria-serena-entranable-oraculo-tarot-original-agm-muller-arte-de-sasha-stjohn\/#breadcrumb"},"inLanguage":"en-US","potentialAction":[{"@type":"ReadAction","target":["https:\/\/www.zonacarpediem.com\/en\/shop\/tarots-en\/sabiduria-serena-entranable-oraculo-tarot-original-agm-muller-arte-de-sasha-stjohn\/"]}]},{"@type":"ImageObject","inLanguage":"en-US","@id":"https:\/\/www.zonacarpediem.com\/en\/shop\/tarots-en\/sabiduria-serena-entranable-oraculo-tarot-original-agm-muller-arte-de-sasha-stjohn\/#primaryimage","url":"https:\/\/www.zonacarpediem.com\/wp-content\/uploads\/2021\/06\/SABIDURIA-SERENA-Y-ENTRANABLE-ORACULO-TAROT-Sasha-St-John-AGM-Muller-1.jpg","contentUrl":"https:\/\/www.zonacarpediem.com\/wp-content\/uploads\/2021\/06\/SABIDURIA-SERENA-Y-ENTRANABLE-ORACULO-TAROT-Sasha-St-John-AGM-Muller-1.jpg","width":1046,"height":1600},{"@type":"BreadcrumbList","@id":"https:\/\/www.zonacarpediem.com\/en\/shop\/tarots-en\/sabiduria-serena-entranable-oraculo-tarot-original-agm-muller-arte-de-sasha-stjohn\/#breadcrumb","itemListElement":[{"@type":"ListItem","position":1,"name":"Home","item":"https:\/\/www.zonacarpediem.com\/en\/home-us\/"},{"@type":"ListItem","position":2,"name":"Products","item":"https:\/\/www.zonacarpediem.com\/en\/products\/"},{"@type":"ListItem","position":3,"name":"SABIDURIA SERENA Y ENTRA\u00d1ABLE ORACULO TAROT, original AGM M\u00fcller, arte de SASHA ST. JOHN"}]},{"@type":"WebSite","@id":"https:\/\/www.zonacarpediem.com\/en\/#website","url":"https:\/\/www.zonacarpediem.com\/en\/","name":"Zona Carpe Diem","description":"Buy with Confidence and Flirt with Brilliance, Passion Lives Here!","publisher":{"@id":"https:\/\/www.zonacarpediem.com\/en\/#organization"},"potentialAction":[{"@type":"SearchAction","target":{"@type":"EntryPoint","urlTemplate":"https:\/\/www.zonacarpediem.com\/en\/?s={search_term_string}"},"query-input":{"@type":"PropertyValueSpecification","valueRequired":true,"valueName":"search_term_string"}}],"inLanguage":"en-US"},{"@type":"Organization","@id":"https:\/\/www.zonacarpediem.com\/en\/#organization","name":"Zona Carpe Diem","url":"https:\/\/www.zonacarpediem.com\/en\/","logo":{"@type":"ImageObject","inLanguage":"en-US","@id":"https:\/\/www.zonacarpediem.com\/en\/#\/schema\/logo\/image\/","url":"https:\/\/www.zonacarpediem.com\/wp-content\/uploads\/2016\/12\/ZCD-Logo-for-eBay-dec-2016-200x150px.png","contentUrl":"https:\/\/www.zonacarpediem.com\/wp-content\/uploads\/2016\/12\/ZCD-Logo-for-eBay-dec-2016-200x150px.png","width":200,"height":150,"caption":"Zona Carpe Diem"},"image":{"@id":"https:\/\/www.zonacarpediem.com\/en\/#\/schema\/logo\/image\/"},"sameAs":["https:\/\/www.facebook.com\/ZonaCarpeDiem"]}]}},"_links":{"self":[{"href":"https:\/\/www.zonacarpediem.com\/en\/wp-json\/wp\/v2\/product\/5395","targetHints":{"allow":["GET"]}}],"collection":[{"href":"https:\/\/www.zonacarpediem.com\/en\/wp-json\/wp\/v2\/product"}],"about":[{"href":"https:\/\/www.zonacarpediem.com\/en\/wp-json\/wp\/v2\/types\/product"}],"wp:featuredmedia":[{"embeddable":true,"href":"https:\/\/www.zonacarpediem.com\/en\/wp-json\/wp\/v2\/media\/5411"}],"wp:attachment":[{"href":"https:\/\/www.zonacarpediem.com\/en\/wp-json\/wp\/v2\/media?parent=5395"}],"wp:term":[{"taxonomy":"product_brand","embeddable":true,"href":"https:\/\/www.zonacarpediem.com\/en\/wp-json\/wp\/v2\/product_brand?post=5395"},{"taxonomy":"product_cat","embeddable":true,"href":"https:\/\/www.zonacarpediem.com\/en\/wp-json\/wp\/v2\/product_cat?post=5395"},{"taxonomy":"product_tag","embeddable":true,"href":"https:\/\/www.zonacarpediem.com\/en\/wp-json\/wp\/v2\/product_tag?post=5395"}],"curies":[{"name":"wp","href":"https:\/\/api.w.org\/{rel}","templated":true}]}}