{"id":5413,"date":"2021-06-28T13:22:39","date_gmt":"2021-06-28T11:22:39","guid":{"rendered":"https:\/\/www.zonacarpediem.com\/?post_type=product&#038;p=5413"},"modified":"2026-03-16T07:59:59","modified_gmt":"2026-03-16T06:59:59","slug":"tarot-lenormand-mistico-original-agm-urania-arte-de-marie-anne-lenormand-regula-fiechter","status":"publish","type":"product","link":"https:\/\/www.zonacarpediem.com\/en\/shop\/tarots-en\/tarot-lenormand-mistico-original-agm-urania-arte-de-marie-anne-lenormand-regula-fiechter\/","title":{"rendered":"TAROT LENORMAND M\u00cdSTICO, original AGM Urania, arte de Marie-Anne Lenormand &#038; Regula E. Fiechter"},"content":{"rendered":"<p><strong> TAROT LENORMAND M\u00cdSTICO, original fabricado en Alemania por AGM Urania, arte de Marie-Anne Lenormand &amp; Regula E. Fiechter, versi\u00f3n espa\u00f1ola<\/strong><\/p>\n<p>&nbsp;<\/p>\n<p><strong>FABRICADO EN ALEMANIA POR AGM Urania<\/strong><br \/>\nHist\u00f3rico fabricante de naipes conocido en todo el mundo por la calidad de sus productos.<\/p>\n<p>36 cartas or\u00e1culo e instrucciones con interpretaci\u00f3n seg\u00fan Marie-Anne Lenormand. De nuevo dise\u00f1adas por Urban Tr\u00f6sch.<\/p>\n<p>La famosa baraja de Mademoiselle Lenormand (1772-1843), &#8220;la sibila de Paris&#8221;, en nueva y bella concepci\u00f3n.<\/p>\n<p>Regula Elizabeth Fiechter trabaja desde m\u00e1s de dos decenios con la baraja Lenormand. Urban Tr\u00f6sch ha pintado las im\u00e1genes con la cl\u00e1sica pintura al temple, creando obras de gr\u00e1n profundidad de colorido.<\/p>\n<p><strong>\u00a0<\/strong><\/p>\n<p><strong>\u00a0<\/strong><\/p>\n<p>&nbsp;<\/p>\n<p>&nbsp;<\/p>\n<p>Cartas que tienen como objetivo despertar la mente del hombre a otros niveles, a trav\u00e9s de los cuales pueda acceder a otra sabidur\u00eda, a otros conocimientos que permitan saber y anticipar, as\u00ed como tambi\u00e9n encontrar el bienestar interior.<\/p>\n<p>El tarot es una baraja de naipes que, adem\u00e1s de servir para jugar, se usa a menudo como medio de \u201cadivinaci\u00f3n\u201d del pasado, de la situaci\u00f3n presente del consultante y algunas veces del futuro, por lo que constituir\u00eda un tipo de cartomancia.<br \/>\nSus or\u00edgenes datan al menos del siglo XIV, no teniendo fundamento llevar sus ra\u00edces m\u00e1s atr\u00e1s en la historia.<\/p>\n<p>&nbsp;<\/p>\n<p><em>Este es un producto original de calidad, fabricado en Alemania. Esta no es una copia no autorizada.<br \/>\nEnviamos el art\u00edculo desde Espa\u00f1a a todo el mundo, certificado, con n\u00famero de seguimiento.<\/em><\/p>\n<p>&nbsp;<\/p>\n","protected":false},"excerpt":{"rendered":"<p>TAROT LENORMAND M\u00cdSTICO, original AGM Urania, arte de Marie-Anne Lenormand &amp; Regula E. Fiechter, versi\u00f3n espa\u00f1ola<\/p>\n","protected":false},"featured_media":5429,"template":"","meta":[],"product_brand":[],"product_cat":[163],"product_tag":[],"class_list":{"0":"post-5413","1":"product","2":"type-product","3":"status-publish","4":"has-post-thumbnail","6":"product_cat-tarots-en","8":"first","9":"instock","10":"shipping-taxable","11":"purchasable","12":"product-type-simple"},"yoast_head":"<!-- This site is optimized with the Yoast SEO plugin v26.7 - https:\/\/yoast.com\/wordpress\/plugins\/seo\/ -->\n<title>TAROT LENORMAND M\u00cdSTICO, original AGM Urania, arte de Marie-Anne Lenormand &amp; Regula E. Fiechter - Zona Carpe Diem<\/title>\n<meta name=\"description\" content=\"Comprar TAROT LENORMAND M\u00cdSTICO, original fabricado en Alemania por AGM Urania, arte de Marie-Anne Lenormand &amp; Regula E. Fiechter, versi\u00f3n espa\u00f1ola\" \/>\n<meta name=\"robots\" content=\"index, follow, max-snippet:-1, max-image-preview:large, max-video-preview:-1\" \/>\n<link rel=\"canonical\" href=\"https:\/\/www.zonacarpediem.com\/en\/shop\/tarots-en\/tarot-lenormand-mistico-original-agm-urania-arte-de-marie-anne-lenormand-regula-fiechter\/\" \/>\n<meta property=\"og:locale\" content=\"en_US\" \/>\n<meta property=\"og:type\" content=\"article\" \/>\n<meta property=\"og:title\" content=\"TAROT LENORMAND M\u00cdSTICO, original AGM Urania, arte de Marie-Anne Lenormand &amp; Regula E. Fiechter - Zona Carpe Diem\" \/>\n<meta property=\"og:description\" content=\"Comprar TAROT LENORMAND M\u00cdSTICO, original fabricado en Alemania por AGM Urania, arte de Marie-Anne Lenormand &amp; Regula E. Fiechter, versi\u00f3n espa\u00f1ola\" \/>\n<meta property=\"og:url\" content=\"https:\/\/www.zonacarpediem.com\/en\/shop\/tarots-en\/tarot-lenormand-mistico-original-agm-urania-arte-de-marie-anne-lenormand-regula-fiechter\/\" \/>\n<meta property=\"og:site_name\" content=\"Zona Carpe Diem\" \/>\n<meta property=\"article:publisher\" content=\"https:\/\/www.facebook.com\/ZonaCarpeDiem\" \/>\n<meta property=\"article:modified_time\" content=\"2026-03-16T06:59:59+00:00\" \/>\n<meta property=\"og:image\" content=\"https:\/\/www.zonacarpediem.com\/wp-content\/uploads\/2021\/06\/TAROT-LENORMAND-MISTICO-Marie-Anne-Lenormand-Regula-E.-Fiechter-1.jpg\" \/>\n\t<meta property=\"og:image:width\" content=\"1154\" \/>\n\t<meta property=\"og:image:height\" content=\"1600\" \/>\n\t<meta property=\"og:image:type\" content=\"image\/jpeg\" \/>\n<meta name=\"twitter:label1\" content=\"Est. reading time\" \/>\n\t<meta name=\"twitter:data1\" content=\"2 minutes\" \/>\n<script type=\"application\/ld+json\" class=\"yoast-schema-graph\">{\"@context\":\"https:\/\/schema.org\",\"@graph\":[{\"@type\":\"WebPage\",\"@id\":\"https:\/\/www.zonacarpediem.com\/en\/shop\/tarots-en\/tarot-lenormand-mistico-original-agm-urania-arte-de-marie-anne-lenormand-regula-fiechter\/\",\"url\":\"https:\/\/www.zonacarpediem.com\/en\/shop\/tarots-en\/tarot-lenormand-mistico-original-agm-urania-arte-de-marie-anne-lenormand-regula-fiechter\/\",\"name\":\"TAROT LENORMAND M\u00cdSTICO, original AGM Urania, arte de Marie-Anne Lenormand & Regula E. Fiechter - Zona Carpe Diem\",\"isPartOf\":{\"@id\":\"https:\/\/www.zonacarpediem.com\/en\/#website\"},\"primaryImageOfPage\":{\"@id\":\"https:\/\/www.zonacarpediem.com\/en\/shop\/tarots-en\/tarot-lenormand-mistico-original-agm-urania-arte-de-marie-anne-lenormand-regula-fiechter\/#primaryimage\"},\"image\":{\"@id\":\"https:\/\/www.zonacarpediem.com\/en\/shop\/tarots-en\/tarot-lenormand-mistico-original-agm-urania-arte-de-marie-anne-lenormand-regula-fiechter\/#primaryimage\"},\"thumbnailUrl\":\"https:\/\/www.zonacarpediem.com\/wp-content\/uploads\/2021\/06\/TAROT-LENORMAND-MISTICO-Marie-Anne-Lenormand-Regula-E.-Fiechter-1.jpg\",\"datePublished\":\"2021-06-28T11:22:39+00:00\",\"dateModified\":\"2026-03-16T06:59:59+00:00\",\"description\":\"Comprar TAROT LENORMAND M\u00cdSTICO, original fabricado en Alemania por AGM Urania, arte de Marie-Anne Lenormand & Regula E. Fiechter, versi\u00f3n espa\u00f1ola\",\"breadcrumb\":{\"@id\":\"https:\/\/www.zonacarpediem.com\/en\/shop\/tarots-en\/tarot-lenormand-mistico-original-agm-urania-arte-de-marie-anne-lenormand-regula-fiechter\/#breadcrumb\"},\"inLanguage\":\"en-US\",\"potentialAction\":[{\"@type\":\"ReadAction\",\"target\":[\"https:\/\/www.zonacarpediem.com\/en\/shop\/tarots-en\/tarot-lenormand-mistico-original-agm-urania-arte-de-marie-anne-lenormand-regula-fiechter\/\"]}]},{\"@type\":\"ImageObject\",\"inLanguage\":\"en-US\",\"@id\":\"https:\/\/www.zonacarpediem.com\/en\/shop\/tarots-en\/tarot-lenormand-mistico-original-agm-urania-arte-de-marie-anne-lenormand-regula-fiechter\/#primaryimage\",\"url\":\"https:\/\/www.zonacarpediem.com\/wp-content\/uploads\/2021\/06\/TAROT-LENORMAND-MISTICO-Marie-Anne-Lenormand-Regula-E.-Fiechter-1.jpg\",\"contentUrl\":\"https:\/\/www.zonacarpediem.com\/wp-content\/uploads\/2021\/06\/TAROT-LENORMAND-MISTICO-Marie-Anne-Lenormand-Regula-E.-Fiechter-1.jpg\",\"width\":1154,\"height\":1600},{\"@type\":\"BreadcrumbList\",\"@id\":\"https:\/\/www.zonacarpediem.com\/en\/shop\/tarots-en\/tarot-lenormand-mistico-original-agm-urania-arte-de-marie-anne-lenormand-regula-fiechter\/#breadcrumb\",\"itemListElement\":[{\"@type\":\"ListItem\",\"position\":1,\"name\":\"Home\",\"item\":\"https:\/\/www.zonacarpediem.com\/en\/home-us\/\"},{\"@type\":\"ListItem\",\"position\":2,\"name\":\"Products\",\"item\":\"https:\/\/www.zonacarpediem.com\/en\/products\/\"},{\"@type\":\"ListItem\",\"position\":3,\"name\":\"TAROT LENORMAND M\u00cdSTICO, original AGM Urania, arte de Marie-Anne Lenormand &#038; Regula E. Fiechter\"}]},{\"@type\":\"WebSite\",\"@id\":\"https:\/\/www.zonacarpediem.com\/en\/#website\",\"url\":\"https:\/\/www.zonacarpediem.com\/en\/\",\"name\":\"Zona Carpe Diem\",\"description\":\"Buy with Confidence and Flirt with Brilliance, Passion Lives Here!\",\"publisher\":{\"@id\":\"https:\/\/www.zonacarpediem.com\/en\/#organization\"},\"potentialAction\":[{\"@type\":\"SearchAction\",\"target\":{\"@type\":\"EntryPoint\",\"urlTemplate\":\"https:\/\/www.zonacarpediem.com\/en\/?s={search_term_string}\"},\"query-input\":{\"@type\":\"PropertyValueSpecification\",\"valueRequired\":true,\"valueName\":\"search_term_string\"}}],\"inLanguage\":\"en-US\"},{\"@type\":\"Organization\",\"@id\":\"https:\/\/www.zonacarpediem.com\/en\/#organization\",\"name\":\"Zona Carpe Diem\",\"url\":\"https:\/\/www.zonacarpediem.com\/en\/\",\"logo\":{\"@type\":\"ImageObject\",\"inLanguage\":\"en-US\",\"@id\":\"https:\/\/www.zonacarpediem.com\/en\/#\/schema\/logo\/image\/\",\"url\":\"https:\/\/www.zonacarpediem.com\/wp-content\/uploads\/2016\/12\/ZCD-Logo-for-eBay-dec-2016-200x150px.png\",\"contentUrl\":\"https:\/\/www.zonacarpediem.com\/wp-content\/uploads\/2016\/12\/ZCD-Logo-for-eBay-dec-2016-200x150px.png\",\"width\":200,\"height\":150,\"caption\":\"Zona Carpe Diem\"},\"image\":{\"@id\":\"https:\/\/www.zonacarpediem.com\/en\/#\/schema\/logo\/image\/\"},\"sameAs\":[\"https:\/\/www.facebook.com\/ZonaCarpeDiem\"]}]}<\/script>\n<!-- \/ Yoast SEO plugin. -->","yoast_head_json":{"title":"TAROT LENORMAND M\u00cdSTICO, original AGM Urania, arte de Marie-Anne Lenormand & Regula E. Fiechter - Zona Carpe Diem","description":"Comprar TAROT LENORMAND M\u00cdSTICO, original fabricado en Alemania por AGM Urania, arte de Marie-Anne Lenormand & Regula E. Fiechter, versi\u00f3n espa\u00f1ola","robots":{"index":"index","follow":"follow","max-snippet":"max-snippet:-1","max-image-preview":"max-image-preview:large","max-video-preview":"max-video-preview:-1"},"canonical":"https:\/\/www.zonacarpediem.com\/en\/shop\/tarots-en\/tarot-lenormand-mistico-original-agm-urania-arte-de-marie-anne-lenormand-regula-fiechter\/","og_locale":"en_US","og_type":"article","og_title":"TAROT LENORMAND M\u00cdSTICO, original AGM Urania, arte de Marie-Anne Lenormand & Regula E. Fiechter - Zona Carpe Diem","og_description":"Comprar TAROT LENORMAND M\u00cdSTICO, original fabricado en Alemania por AGM Urania, arte de Marie-Anne Lenormand & Regula E. Fiechter, versi\u00f3n espa\u00f1ola","og_url":"https:\/\/www.zonacarpediem.com\/en\/shop\/tarots-en\/tarot-lenormand-mistico-original-agm-urania-arte-de-marie-anne-lenormand-regula-fiechter\/","og_site_name":"Zona Carpe Diem","article_publisher":"https:\/\/www.facebook.com\/ZonaCarpeDiem","article_modified_time":"2026-03-16T06:59:59+00:00","og_image":[{"width":1154,"height":1600,"url":"https:\/\/www.zonacarpediem.com\/wp-content\/uploads\/2021\/06\/TAROT-LENORMAND-MISTICO-Marie-Anne-Lenormand-Regula-E.-Fiechter-1.jpg","type":"image\/jpeg"}],"twitter_misc":{"Est. reading time":"2 minutes"},"schema":{"@context":"https:\/\/schema.org","@graph":[{"@type":"WebPage","@id":"https:\/\/www.zonacarpediem.com\/en\/shop\/tarots-en\/tarot-lenormand-mistico-original-agm-urania-arte-de-marie-anne-lenormand-regula-fiechter\/","url":"https:\/\/www.zonacarpediem.com\/en\/shop\/tarots-en\/tarot-lenormand-mistico-original-agm-urania-arte-de-marie-anne-lenormand-regula-fiechter\/","name":"TAROT LENORMAND M\u00cdSTICO, original AGM Urania, arte de Marie-Anne Lenormand & Regula E. Fiechter - Zona Carpe Diem","isPartOf":{"@id":"https:\/\/www.zonacarpediem.com\/en\/#website"},"primaryImageOfPage":{"@id":"https:\/\/www.zonacarpediem.com\/en\/shop\/tarots-en\/tarot-lenormand-mistico-original-agm-urania-arte-de-marie-anne-lenormand-regula-fiechter\/#primaryimage"},"image":{"@id":"https:\/\/www.zonacarpediem.com\/en\/shop\/tarots-en\/tarot-lenormand-mistico-original-agm-urania-arte-de-marie-anne-lenormand-regula-fiechter\/#primaryimage"},"thumbnailUrl":"https:\/\/www.zonacarpediem.com\/wp-content\/uploads\/2021\/06\/TAROT-LENORMAND-MISTICO-Marie-Anne-Lenormand-Regula-E.-Fiechter-1.jpg","datePublished":"2021-06-28T11:22:39+00:00","dateModified":"2026-03-16T06:59:59+00:00","description":"Comprar TAROT LENORMAND M\u00cdSTICO, original fabricado en Alemania por AGM Urania, arte de Marie-Anne Lenormand & Regula E. Fiechter, versi\u00f3n espa\u00f1ola","breadcrumb":{"@id":"https:\/\/www.zonacarpediem.com\/en\/shop\/tarots-en\/tarot-lenormand-mistico-original-agm-urania-arte-de-marie-anne-lenormand-regula-fiechter\/#breadcrumb"},"inLanguage":"en-US","potentialAction":[{"@type":"ReadAction","target":["https:\/\/www.zonacarpediem.com\/en\/shop\/tarots-en\/tarot-lenormand-mistico-original-agm-urania-arte-de-marie-anne-lenormand-regula-fiechter\/"]}]},{"@type":"ImageObject","inLanguage":"en-US","@id":"https:\/\/www.zonacarpediem.com\/en\/shop\/tarots-en\/tarot-lenormand-mistico-original-agm-urania-arte-de-marie-anne-lenormand-regula-fiechter\/#primaryimage","url":"https:\/\/www.zonacarpediem.com\/wp-content\/uploads\/2021\/06\/TAROT-LENORMAND-MISTICO-Marie-Anne-Lenormand-Regula-E.-Fiechter-1.jpg","contentUrl":"https:\/\/www.zonacarpediem.com\/wp-content\/uploads\/2021\/06\/TAROT-LENORMAND-MISTICO-Marie-Anne-Lenormand-Regula-E.-Fiechter-1.jpg","width":1154,"height":1600},{"@type":"BreadcrumbList","@id":"https:\/\/www.zonacarpediem.com\/en\/shop\/tarots-en\/tarot-lenormand-mistico-original-agm-urania-arte-de-marie-anne-lenormand-regula-fiechter\/#breadcrumb","itemListElement":[{"@type":"ListItem","position":1,"name":"Home","item":"https:\/\/www.zonacarpediem.com\/en\/home-us\/"},{"@type":"ListItem","position":2,"name":"Products","item":"https:\/\/www.zonacarpediem.com\/en\/products\/"},{"@type":"ListItem","position":3,"name":"TAROT LENORMAND M\u00cdSTICO, original AGM Urania, arte de Marie-Anne Lenormand &#038; Regula E. Fiechter"}]},{"@type":"WebSite","@id":"https:\/\/www.zonacarpediem.com\/en\/#website","url":"https:\/\/www.zonacarpediem.com\/en\/","name":"Zona Carpe Diem","description":"Buy with Confidence and Flirt with Brilliance, Passion Lives Here!","publisher":{"@id":"https:\/\/www.zonacarpediem.com\/en\/#organization"},"potentialAction":[{"@type":"SearchAction","target":{"@type":"EntryPoint","urlTemplate":"https:\/\/www.zonacarpediem.com\/en\/?s={search_term_string}"},"query-input":{"@type":"PropertyValueSpecification","valueRequired":true,"valueName":"search_term_string"}}],"inLanguage":"en-US"},{"@type":"Organization","@id":"https:\/\/www.zonacarpediem.com\/en\/#organization","name":"Zona Carpe Diem","url":"https:\/\/www.zonacarpediem.com\/en\/","logo":{"@type":"ImageObject","inLanguage":"en-US","@id":"https:\/\/www.zonacarpediem.com\/en\/#\/schema\/logo\/image\/","url":"https:\/\/www.zonacarpediem.com\/wp-content\/uploads\/2016\/12\/ZCD-Logo-for-eBay-dec-2016-200x150px.png","contentUrl":"https:\/\/www.zonacarpediem.com\/wp-content\/uploads\/2016\/12\/ZCD-Logo-for-eBay-dec-2016-200x150px.png","width":200,"height":150,"caption":"Zona Carpe Diem"},"image":{"@id":"https:\/\/www.zonacarpediem.com\/en\/#\/schema\/logo\/image\/"},"sameAs":["https:\/\/www.facebook.com\/ZonaCarpeDiem"]}]}},"_links":{"self":[{"href":"https:\/\/www.zonacarpediem.com\/en\/wp-json\/wp\/v2\/product\/5413","targetHints":{"allow":["GET"]}}],"collection":[{"href":"https:\/\/www.zonacarpediem.com\/en\/wp-json\/wp\/v2\/product"}],"about":[{"href":"https:\/\/www.zonacarpediem.com\/en\/wp-json\/wp\/v2\/types\/product"}],"wp:featuredmedia":[{"embeddable":true,"href":"https:\/\/www.zonacarpediem.com\/en\/wp-json\/wp\/v2\/media\/5429"}],"wp:attachment":[{"href":"https:\/\/www.zonacarpediem.com\/en\/wp-json\/wp\/v2\/media?parent=5413"}],"wp:term":[{"taxonomy":"product_brand","embeddable":true,"href":"https:\/\/www.zonacarpediem.com\/en\/wp-json\/wp\/v2\/product_brand?post=5413"},{"taxonomy":"product_cat","embeddable":true,"href":"https:\/\/www.zonacarpediem.com\/en\/wp-json\/wp\/v2\/product_cat?post=5413"},{"taxonomy":"product_tag","embeddable":true,"href":"https:\/\/www.zonacarpediem.com\/en\/wp-json\/wp\/v2\/product_tag?post=5413"}],"curies":[{"name":"wp","href":"https:\/\/api.w.org\/{rel}","templated":true}]}}