{"id":5508,"date":"2021-06-28T21:35:12","date_gmt":"2021-06-28T19:35:12","guid":{"rendered":"https:\/\/www.zonacarpediem.com\/?post_type=product&#038;p=5508"},"modified":"2021-06-28T21:45:46","modified_gmt":"2021-06-28T19:45:46","slug":"tarot-symbolon-the-deck-of-remembrance-original-agm-urania-arte-de-thea-weller","status":"publish","type":"product","link":"https:\/\/www.zonacarpediem.com\/en\/shop\/tarots-en\/tarot-symbolon-the-deck-of-remembrance-original-agm-urania-arte-de-thea-weller\/","title":{"rendered":"TAROT SYMBOLON THE DECK OF REMEMBRANCE, original AGM Urania, arte de Thea Weller"},"content":{"rendered":"<p><strong>TAROT SYMBOLON THE DECK OF REMEMBRANCE, original AGM Urania, arte de Thea Weller con manual de Ingrid Zinnel &amp; Peter Orban, versi\u00f3n tama\u00f1o grande<\/strong><\/p>\n<p><strong>FABRICADO EN ALEMANIA POR AGM URANIA<\/strong><br \/>\nHist\u00f3rico fabricante de naipes alem\u00e1n conocido en todo el mundo por la calidad de sus productos.<\/p>\n<p>Consta de 78 cartas a todo color formato grande y folleto con instrucciones adivinatorias, divididas en<\/p>\n<p>22 arcanos mayores y<br \/>\n56 arcanos menores.<\/p>\n<p>Meditaci\u00f3n, inspiraci\u00f3n, amparo y ayuda.<\/p>\n<p>Esta baraja recrea los recuerdos del alma. La astrolog\u00eda, las percepciones personales y el simbolismo en la vida diaria se revelan a trav\u00e9s de las cartas. Las combinaciones de cartas en constante cambio revelan toda la gama de la experiencia humana.<\/p>\n<p>&nbsp;<\/p>\n<p>&nbsp;<\/p>\n<p>Cartas que tienen como objetivo despertar la mente del hombre a otros niveles, a trav\u00e9s de los cuales pueda acceder a otra sabidur\u00eda, a otros conocimientos que permitan saber y anticipar, as\u00ed como tambi\u00e9n encontrar el bienestar interior.<\/p>\n<p>El tarot es una baraja de naipes que, adem\u00e1s de servir para jugar, se usa a menudo como medio de \u201cadivinaci\u00f3n\u201d del pasado, de la situaci\u00f3n presente del consultante y algunas veces del futuro, por lo que constituir\u00eda un tipo de cartomancia.<br \/>\nSus or\u00edgenes datan al menos del siglo XIV, no teniendo fundamento llevar sus ra\u00edces m\u00e1s atr\u00e1s en la historia.<\/p>\n<p>&nbsp;<\/p>\n<p><em>Este es un producto original de calidad, fabricado en Alemania. Esta no es una copia no autorizada.<br \/>\nEnviamos el art\u00edculo desde Espa\u00f1a a todo el mundo, certificado, con n\u00famero de seguimiento.<\/em><\/p>\n<p>&nbsp;<\/p>\n","protected":false},"excerpt":{"rendered":"<p>TAROT SYMBOLON THE DECK OF REMEMBRANCE, original AGM Urania, arte de Thea Weller con manual de Ingrid Zinnel &amp; Peter Orban, versi\u00f3n tama\u00f1o grande<\/p>\n","protected":false},"featured_media":5530,"template":"","meta":[],"product_brand":[],"product_cat":[163],"product_tag":[],"class_list":{"0":"post-5508","1":"product","2":"type-product","3":"status-publish","4":"has-post-thumbnail","6":"product_cat-tarots-en","8":"first","9":"instock","10":"shipping-taxable","11":"purchasable","12":"product-type-simple"},"yoast_head":"<!-- This site is optimized with the Yoast SEO plugin v26.7 - https:\/\/yoast.com\/wordpress\/plugins\/seo\/ -->\n<title>TAROT SYMBOLON THE DECK OF REMEMBRANCE, original AGM Urania, arte de Thea Weller - Zona Carpe Diem<\/title>\n<meta name=\"description\" content=\"Comprar BEFORE TAROT, original fabricado en Italia por LO SCARABEO, arte de Pietro Alligo &amp; Floreana Nativo con Eon &amp; Simona Rossi\" \/>\n<meta name=\"robots\" content=\"index, follow, max-snippet:-1, max-image-preview:large, max-video-preview:-1\" \/>\n<link rel=\"canonical\" href=\"https:\/\/www.zonacarpediem.com\/en\/shop\/tarots-en\/tarot-symbolon-the-deck-of-remembrance-original-agm-urania-arte-de-thea-weller\/\" \/>\n<meta property=\"og:locale\" content=\"en_US\" \/>\n<meta property=\"og:type\" content=\"article\" \/>\n<meta property=\"og:title\" content=\"TAROT SYMBOLON THE DECK OF REMEMBRANCE, original AGM Urania, arte de Thea Weller - Zona Carpe Diem\" \/>\n<meta property=\"og:description\" content=\"Comprar BEFORE TAROT, original fabricado en Italia por LO SCARABEO, arte de Pietro Alligo &amp; Floreana Nativo con Eon &amp; Simona Rossi\" \/>\n<meta property=\"og:url\" content=\"https:\/\/www.zonacarpediem.com\/en\/shop\/tarots-en\/tarot-symbolon-the-deck-of-remembrance-original-agm-urania-arte-de-thea-weller\/\" \/>\n<meta property=\"og:site_name\" content=\"Zona Carpe Diem\" \/>\n<meta property=\"article:publisher\" content=\"https:\/\/www.facebook.com\/ZonaCarpeDiem\" \/>\n<meta property=\"article:modified_time\" content=\"2021-06-28T19:45:46+00:00\" \/>\n<meta property=\"og:image\" content=\"https:\/\/www.zonacarpediem.com\/wp-content\/uploads\/2021\/06\/TAROT-SYMBOLON-Orban-Zinnel-Weller-THE-DECK-OF-REMEMBRANCE-1.jpg\" \/>\n\t<meta property=\"og:image:width\" content=\"336\" \/>\n\t<meta property=\"og:image:height\" content=\"500\" \/>\n\t<meta property=\"og:image:type\" content=\"image\/jpeg\" \/>\n<meta name=\"twitter:label1\" content=\"Est. reading time\" \/>\n\t<meta name=\"twitter:data1\" content=\"2 minutes\" \/>\n<script type=\"application\/ld+json\" class=\"yoast-schema-graph\">{\"@context\":\"https:\/\/schema.org\",\"@graph\":[{\"@type\":\"WebPage\",\"@id\":\"https:\/\/www.zonacarpediem.com\/en\/shop\/tarots-en\/tarot-symbolon-the-deck-of-remembrance-original-agm-urania-arte-de-thea-weller\/\",\"url\":\"https:\/\/www.zonacarpediem.com\/en\/shop\/tarots-en\/tarot-symbolon-the-deck-of-remembrance-original-agm-urania-arte-de-thea-weller\/\",\"name\":\"TAROT SYMBOLON THE DECK OF REMEMBRANCE, original AGM Urania, arte de Thea Weller - Zona Carpe Diem\",\"isPartOf\":{\"@id\":\"https:\/\/www.zonacarpediem.com\/en\/#website\"},\"primaryImageOfPage\":{\"@id\":\"https:\/\/www.zonacarpediem.com\/en\/shop\/tarots-en\/tarot-symbolon-the-deck-of-remembrance-original-agm-urania-arte-de-thea-weller\/#primaryimage\"},\"image\":{\"@id\":\"https:\/\/www.zonacarpediem.com\/en\/shop\/tarots-en\/tarot-symbolon-the-deck-of-remembrance-original-agm-urania-arte-de-thea-weller\/#primaryimage\"},\"thumbnailUrl\":\"https:\/\/www.zonacarpediem.com\/wp-content\/uploads\/2021\/06\/TAROT-SYMBOLON-Orban-Zinnel-Weller-THE-DECK-OF-REMEMBRANCE-1.jpg\",\"datePublished\":\"2021-06-28T19:35:12+00:00\",\"dateModified\":\"2021-06-28T19:45:46+00:00\",\"description\":\"Comprar BEFORE TAROT, original fabricado en Italia por LO SCARABEO, arte de Pietro Alligo & Floreana Nativo con Eon & Simona Rossi\",\"breadcrumb\":{\"@id\":\"https:\/\/www.zonacarpediem.com\/en\/shop\/tarots-en\/tarot-symbolon-the-deck-of-remembrance-original-agm-urania-arte-de-thea-weller\/#breadcrumb\"},\"inLanguage\":\"en-US\",\"potentialAction\":[{\"@type\":\"ReadAction\",\"target\":[\"https:\/\/www.zonacarpediem.com\/en\/shop\/tarots-en\/tarot-symbolon-the-deck-of-remembrance-original-agm-urania-arte-de-thea-weller\/\"]}]},{\"@type\":\"ImageObject\",\"inLanguage\":\"en-US\",\"@id\":\"https:\/\/www.zonacarpediem.com\/en\/shop\/tarots-en\/tarot-symbolon-the-deck-of-remembrance-original-agm-urania-arte-de-thea-weller\/#primaryimage\",\"url\":\"https:\/\/www.zonacarpediem.com\/wp-content\/uploads\/2021\/06\/TAROT-SYMBOLON-Orban-Zinnel-Weller-THE-DECK-OF-REMEMBRANCE-1.jpg\",\"contentUrl\":\"https:\/\/www.zonacarpediem.com\/wp-content\/uploads\/2021\/06\/TAROT-SYMBOLON-Orban-Zinnel-Weller-THE-DECK-OF-REMEMBRANCE-1.jpg\",\"width\":336,\"height\":500},{\"@type\":\"BreadcrumbList\",\"@id\":\"https:\/\/www.zonacarpediem.com\/en\/shop\/tarots-en\/tarot-symbolon-the-deck-of-remembrance-original-agm-urania-arte-de-thea-weller\/#breadcrumb\",\"itemListElement\":[{\"@type\":\"ListItem\",\"position\":1,\"name\":\"Home\",\"item\":\"https:\/\/www.zonacarpediem.com\/en\/home-us\/\"},{\"@type\":\"ListItem\",\"position\":2,\"name\":\"Products\",\"item\":\"https:\/\/www.zonacarpediem.com\/en\/products\/\"},{\"@type\":\"ListItem\",\"position\":3,\"name\":\"TAROT SYMBOLON THE DECK OF REMEMBRANCE, original AGM Urania, arte de Thea Weller\"}]},{\"@type\":\"WebSite\",\"@id\":\"https:\/\/www.zonacarpediem.com\/en\/#website\",\"url\":\"https:\/\/www.zonacarpediem.com\/en\/\",\"name\":\"Zona Carpe Diem\",\"description\":\"Buy with Confidence and Flirt with Brilliance, Passion Lives Here!\",\"publisher\":{\"@id\":\"https:\/\/www.zonacarpediem.com\/en\/#organization\"},\"potentialAction\":[{\"@type\":\"SearchAction\",\"target\":{\"@type\":\"EntryPoint\",\"urlTemplate\":\"https:\/\/www.zonacarpediem.com\/en\/?s={search_term_string}\"},\"query-input\":{\"@type\":\"PropertyValueSpecification\",\"valueRequired\":true,\"valueName\":\"search_term_string\"}}],\"inLanguage\":\"en-US\"},{\"@type\":\"Organization\",\"@id\":\"https:\/\/www.zonacarpediem.com\/en\/#organization\",\"name\":\"Zona Carpe Diem\",\"url\":\"https:\/\/www.zonacarpediem.com\/en\/\",\"logo\":{\"@type\":\"ImageObject\",\"inLanguage\":\"en-US\",\"@id\":\"https:\/\/www.zonacarpediem.com\/en\/#\/schema\/logo\/image\/\",\"url\":\"https:\/\/www.zonacarpediem.com\/wp-content\/uploads\/2016\/12\/ZCD-Logo-for-eBay-dec-2016-200x150px.png\",\"contentUrl\":\"https:\/\/www.zonacarpediem.com\/wp-content\/uploads\/2016\/12\/ZCD-Logo-for-eBay-dec-2016-200x150px.png\",\"width\":200,\"height\":150,\"caption\":\"Zona Carpe Diem\"},\"image\":{\"@id\":\"https:\/\/www.zonacarpediem.com\/en\/#\/schema\/logo\/image\/\"},\"sameAs\":[\"https:\/\/www.facebook.com\/ZonaCarpeDiem\"]}]}<\/script>\n<!-- \/ Yoast SEO plugin. -->","yoast_head_json":{"title":"TAROT SYMBOLON THE DECK OF REMEMBRANCE, original AGM Urania, arte de Thea Weller - Zona Carpe Diem","description":"Comprar BEFORE TAROT, original fabricado en Italia por LO SCARABEO, arte de Pietro Alligo & Floreana Nativo con Eon & Simona Rossi","robots":{"index":"index","follow":"follow","max-snippet":"max-snippet:-1","max-image-preview":"max-image-preview:large","max-video-preview":"max-video-preview:-1"},"canonical":"https:\/\/www.zonacarpediem.com\/en\/shop\/tarots-en\/tarot-symbolon-the-deck-of-remembrance-original-agm-urania-arte-de-thea-weller\/","og_locale":"en_US","og_type":"article","og_title":"TAROT SYMBOLON THE DECK OF REMEMBRANCE, original AGM Urania, arte de Thea Weller - Zona Carpe Diem","og_description":"Comprar BEFORE TAROT, original fabricado en Italia por LO SCARABEO, arte de Pietro Alligo & Floreana Nativo con Eon & Simona Rossi","og_url":"https:\/\/www.zonacarpediem.com\/en\/shop\/tarots-en\/tarot-symbolon-the-deck-of-remembrance-original-agm-urania-arte-de-thea-weller\/","og_site_name":"Zona Carpe Diem","article_publisher":"https:\/\/www.facebook.com\/ZonaCarpeDiem","article_modified_time":"2021-06-28T19:45:46+00:00","og_image":[{"width":336,"height":500,"url":"https:\/\/www.zonacarpediem.com\/wp-content\/uploads\/2021\/06\/TAROT-SYMBOLON-Orban-Zinnel-Weller-THE-DECK-OF-REMEMBRANCE-1.jpg","type":"image\/jpeg"}],"twitter_misc":{"Est. reading time":"2 minutes"},"schema":{"@context":"https:\/\/schema.org","@graph":[{"@type":"WebPage","@id":"https:\/\/www.zonacarpediem.com\/en\/shop\/tarots-en\/tarot-symbolon-the-deck-of-remembrance-original-agm-urania-arte-de-thea-weller\/","url":"https:\/\/www.zonacarpediem.com\/en\/shop\/tarots-en\/tarot-symbolon-the-deck-of-remembrance-original-agm-urania-arte-de-thea-weller\/","name":"TAROT SYMBOLON THE DECK OF REMEMBRANCE, original AGM Urania, arte de Thea Weller - Zona Carpe Diem","isPartOf":{"@id":"https:\/\/www.zonacarpediem.com\/en\/#website"},"primaryImageOfPage":{"@id":"https:\/\/www.zonacarpediem.com\/en\/shop\/tarots-en\/tarot-symbolon-the-deck-of-remembrance-original-agm-urania-arte-de-thea-weller\/#primaryimage"},"image":{"@id":"https:\/\/www.zonacarpediem.com\/en\/shop\/tarots-en\/tarot-symbolon-the-deck-of-remembrance-original-agm-urania-arte-de-thea-weller\/#primaryimage"},"thumbnailUrl":"https:\/\/www.zonacarpediem.com\/wp-content\/uploads\/2021\/06\/TAROT-SYMBOLON-Orban-Zinnel-Weller-THE-DECK-OF-REMEMBRANCE-1.jpg","datePublished":"2021-06-28T19:35:12+00:00","dateModified":"2021-06-28T19:45:46+00:00","description":"Comprar BEFORE TAROT, original fabricado en Italia por LO SCARABEO, arte de Pietro Alligo & Floreana Nativo con Eon & Simona Rossi","breadcrumb":{"@id":"https:\/\/www.zonacarpediem.com\/en\/shop\/tarots-en\/tarot-symbolon-the-deck-of-remembrance-original-agm-urania-arte-de-thea-weller\/#breadcrumb"},"inLanguage":"en-US","potentialAction":[{"@type":"ReadAction","target":["https:\/\/www.zonacarpediem.com\/en\/shop\/tarots-en\/tarot-symbolon-the-deck-of-remembrance-original-agm-urania-arte-de-thea-weller\/"]}]},{"@type":"ImageObject","inLanguage":"en-US","@id":"https:\/\/www.zonacarpediem.com\/en\/shop\/tarots-en\/tarot-symbolon-the-deck-of-remembrance-original-agm-urania-arte-de-thea-weller\/#primaryimage","url":"https:\/\/www.zonacarpediem.com\/wp-content\/uploads\/2021\/06\/TAROT-SYMBOLON-Orban-Zinnel-Weller-THE-DECK-OF-REMEMBRANCE-1.jpg","contentUrl":"https:\/\/www.zonacarpediem.com\/wp-content\/uploads\/2021\/06\/TAROT-SYMBOLON-Orban-Zinnel-Weller-THE-DECK-OF-REMEMBRANCE-1.jpg","width":336,"height":500},{"@type":"BreadcrumbList","@id":"https:\/\/www.zonacarpediem.com\/en\/shop\/tarots-en\/tarot-symbolon-the-deck-of-remembrance-original-agm-urania-arte-de-thea-weller\/#breadcrumb","itemListElement":[{"@type":"ListItem","position":1,"name":"Home","item":"https:\/\/www.zonacarpediem.com\/en\/home-us\/"},{"@type":"ListItem","position":2,"name":"Products","item":"https:\/\/www.zonacarpediem.com\/en\/products\/"},{"@type":"ListItem","position":3,"name":"TAROT SYMBOLON THE DECK OF REMEMBRANCE, original AGM Urania, arte de Thea Weller"}]},{"@type":"WebSite","@id":"https:\/\/www.zonacarpediem.com\/en\/#website","url":"https:\/\/www.zonacarpediem.com\/en\/","name":"Zona Carpe Diem","description":"Buy with Confidence and Flirt with Brilliance, Passion Lives Here!","publisher":{"@id":"https:\/\/www.zonacarpediem.com\/en\/#organization"},"potentialAction":[{"@type":"SearchAction","target":{"@type":"EntryPoint","urlTemplate":"https:\/\/www.zonacarpediem.com\/en\/?s={search_term_string}"},"query-input":{"@type":"PropertyValueSpecification","valueRequired":true,"valueName":"search_term_string"}}],"inLanguage":"en-US"},{"@type":"Organization","@id":"https:\/\/www.zonacarpediem.com\/en\/#organization","name":"Zona Carpe Diem","url":"https:\/\/www.zonacarpediem.com\/en\/","logo":{"@type":"ImageObject","inLanguage":"en-US","@id":"https:\/\/www.zonacarpediem.com\/en\/#\/schema\/logo\/image\/","url":"https:\/\/www.zonacarpediem.com\/wp-content\/uploads\/2016\/12\/ZCD-Logo-for-eBay-dec-2016-200x150px.png","contentUrl":"https:\/\/www.zonacarpediem.com\/wp-content\/uploads\/2016\/12\/ZCD-Logo-for-eBay-dec-2016-200x150px.png","width":200,"height":150,"caption":"Zona Carpe Diem"},"image":{"@id":"https:\/\/www.zonacarpediem.com\/en\/#\/schema\/logo\/image\/"},"sameAs":["https:\/\/www.facebook.com\/ZonaCarpeDiem"]}]}},"_links":{"self":[{"href":"https:\/\/www.zonacarpediem.com\/en\/wp-json\/wp\/v2\/product\/5508","targetHints":{"allow":["GET"]}}],"collection":[{"href":"https:\/\/www.zonacarpediem.com\/en\/wp-json\/wp\/v2\/product"}],"about":[{"href":"https:\/\/www.zonacarpediem.com\/en\/wp-json\/wp\/v2\/types\/product"}],"wp:featuredmedia":[{"embeddable":true,"href":"https:\/\/www.zonacarpediem.com\/en\/wp-json\/wp\/v2\/media\/5530"}],"wp:attachment":[{"href":"https:\/\/www.zonacarpediem.com\/en\/wp-json\/wp\/v2\/media?parent=5508"}],"wp:term":[{"taxonomy":"product_brand","embeddable":true,"href":"https:\/\/www.zonacarpediem.com\/en\/wp-json\/wp\/v2\/product_brand?post=5508"},{"taxonomy":"product_cat","embeddable":true,"href":"https:\/\/www.zonacarpediem.com\/en\/wp-json\/wp\/v2\/product_cat?post=5508"},{"taxonomy":"product_tag","embeddable":true,"href":"https:\/\/www.zonacarpediem.com\/en\/wp-json\/wp\/v2\/product_tag?post=5508"}],"curies":[{"name":"wp","href":"https:\/\/api.w.org\/{rel}","templated":true}]}}