{"id":5532,"date":"2021-06-28T22:03:23","date_gmt":"2021-06-28T20:03:23","guid":{"rendered":"https:\/\/www.zonacarpediem.com\/?post_type=product&#038;p=5532"},"modified":"2024-04-08T14:01:01","modified_gmt":"2024-04-08T12:01:01","slug":"tarot-arthur-waite-edicion-espanola-azul-cruz-rosada-original-agm","status":"publish","type":"product","link":"https:\/\/www.zonacarpediem.com\/en\/shop\/tarots-en\/tarot-arthur-waite-edicion-espanola-azul-cruz-rosada-original-agm\/","title":{"rendered":"TAROT de Arthur E. WAITE, edici\u00f3n espa\u00f1ola AZUL con CRUZ ROSADA, original AGM, arte de Pamela Colman Smith"},"content":{"rendered":"<p><strong>TAROT de Arthur E. WAITE, edici\u00f3n espa\u00f1ola AZUL con CRUZ ROSADA, arte de Pamela Colman Smith, original fabricado en Alemania por AGM &amp; Koenigsfurt-Urania<\/strong><\/p>\n<p><strong>FABRICADO EN ALEMANIA POR AGM URANIA<\/strong><br \/>\nHist\u00f3rico fabricante de naipes alem\u00e1n conocido en todo el mundo por la calidad de sus productos.<\/p>\n<p>Consta de 78 cartas a todo color\u00a0 y folleto con instrucciones adivinatorias, divididas en<\/p>\n<p>22 arcanos mayores y<br \/>\n56 arcanos menores.<\/p>\n<p>\u00a1Comparte la Magia !<br \/>\nEl famoso Tarot creado por Arthur E. Waite y Pamela Colman Smith.<\/p>\n<p><strong>Edici\u00f3n Espa\u00f1ola Azul con la Cruz Rosada<\/strong><br \/>\nReedici\u00f3n popular de AGM &amp; Koenigsfurt-Urania.<\/p>\n<p>Colores de las cartas seg\u00fan la primera edici\u00f3n del 1909. Reverso: Azul con la famosa Cruz rosada<br \/>\nEl reverso azul y una hermosa cruz rosada hacen referencia a la pertenencia de A.E. Waite y Pamela Colman Smith a la orden cruciana rosada de la Aurora Dorada .<\/p>\n<p>Esta baraja se publica desde hace m\u00e1s de 20 a\u00f1os y es muy aclamada por la insuperable reimpresi\u00f3n de los colores de las cartas hist\u00f3ricas de Arthur E. Waite y Pamela Colman Smith. Las cartas fueron dibujadas en 1909 por Pamela Colman Smith bajo la direcci\u00f3n de Arthur Edward Waite. Los vibrantes dibujos de Smith la transformaron en ua baraja de tarot est\u00e1ndar.<\/p>\n<p><strong>Pamela Colman Smith<\/strong> naci\u00f3 el 16 de febrero de 1878 en Middlesex, Inglaterra, de padres estadounidenses, los a\u00f1os de la infancia de Smith transcurrieron entre Londres, Nueva York y Kingston, Jamaica. Durante su adolescencia, viaj\u00f3 por toda Inglaterra con la compa\u00f1\u00eda de teatro de Ellen Terry y Henry Irving. Posteriormente, comenz\u00f3 su formaci\u00f3n art\u00edstica en el Pratt Institute de Brooklyn, donde se gradu\u00f3 en 1897. Hacia 1903, se uni\u00f3 a la Orden de la Aurora Dorada. En 1909, bajo la direcci\u00f3n de Arthur Edward Waite, emprendi\u00f3 una serie de setenta y ocho pinturas aleg\u00f3ricas que Waite describi\u00f3 como un paquete de tarot rectificado. Los dise\u00f1os, publicados ese mismo a\u00f1o por William Rider e Hijo, ejemplifican el misticismo, el ritual, la imaginaci\u00f3n, la fantas\u00eda y las profundas emociones del artista.<\/p>\n<p><strong>Arthur Edward Waite<\/strong> naci\u00f3 en Estados Unidos en 1857, criado y educado como cat\u00f3lico en Inglaterra. A partir de los 21 a\u00f1os, Waite se dedic\u00f3 a investigar y escribir sobre temas ps\u00edquicos y esot\u00e9ricos. Poco despu\u00e9s de unirse a la Orden Herm\u00e9tica de la Aurora Dorada, se convirti\u00f3 en Gran Maestro, y reorient\u00f3 el enfoque de la orden a la magia y al misticismo. La Orden Dorada, cuya jerarqu\u00eda estructural se basaba en la C\u00e1bala, se considera la mayor influencia del siglo XX en el ocultismo. Waite fue un prol\u00edfico autor de textos ocultistas, obras sobre el Santo Grial y el conjunto de conocimientos m\u00edsticos que constituyen la base del Tarot moderno.<\/p>\n<p>&nbsp;<\/p>\n<p>&nbsp;<\/p>\n<p>Cartas que tienen como objetivo despertar la mente del hombre a otros niveles, a trav\u00e9s de los cuales pueda acceder a otra sabidur\u00eda, a otros conocimientos que permitan saber y anticipar, as\u00ed como tambi\u00e9n encontrar el bienestar interior.<\/p>\n<p>El tarot es una baraja de naipes que, adem\u00e1s de servir para jugar, se usa a menudo como medio de \u201cadivinaci\u00f3n\u201d del pasado, de la situaci\u00f3n presente del consultante y algunas veces del futuro, por lo que constituir\u00eda un tipo de cartomancia.<br \/>\nSus or\u00edgenes datan al menos del siglo XIV, no teniendo fundamento llevar sus ra\u00edces m\u00e1s atr\u00e1s en la historia.<\/p>\n<p>&nbsp;<\/p>\n<p><em>Este es un producto original de calidad, fabricado en Alemania. Esta no es una copia no autorizada.<br \/>\nEnviamos el art\u00edculo desde Espa\u00f1a a todo el mundo, certificado, con n\u00famero de seguimiento.<\/em><\/p>\n<p>&nbsp;<\/p>\n","protected":false},"excerpt":{"rendered":"<p>TAROT de Arthur E. WAITE, edici\u00f3n espa\u00f1ola AZUL con CRUZ ROSADA, arte de Pamela Colman Smith, original fabricado en Alemania por AGM &amp; Koenigsfurt-Urania<\/p>\n","protected":false},"featured_media":5548,"template":"","meta":[],"product_brand":[],"product_cat":[163],"product_tag":[],"class_list":{"0":"post-5532","1":"product","2":"type-product","3":"status-publish","4":"has-post-thumbnail","6":"product_cat-tarots-en","8":"first","9":"outofstock","10":"shipping-taxable","11":"purchasable","12":"product-type-simple"},"yoast_head":"<!-- This site is optimized with the Yoast SEO plugin v26.7 - https:\/\/yoast.com\/wordpress\/plugins\/seo\/ -->\n<title>TAROT de Arthur E. WAITE, edici\u00f3n espa\u00f1ola AZUL con CRUZ ROSADA, original AGM, arte de Pamela Colman Smith - Zona Carpe Diem<\/title>\n<meta name=\"description\" content=\"TAROT de Arthur E. WAITE, edici\u00f3n espa\u00f1ola AZUL con CRUZ ROSADA, original AGM &amp; Koenigsfurt-Urania, arte de Pamela Colman Smith\" \/>\n<meta name=\"robots\" content=\"index, follow, max-snippet:-1, max-image-preview:large, max-video-preview:-1\" \/>\n<link rel=\"canonical\" href=\"https:\/\/www.zonacarpediem.com\/en\/shop\/tarots-en\/tarot-arthur-waite-edicion-espanola-azul-cruz-rosada-original-agm\/\" \/>\n<meta property=\"og:locale\" content=\"en_US\" \/>\n<meta property=\"og:type\" content=\"article\" \/>\n<meta property=\"og:title\" content=\"TAROT de Arthur E. WAITE, edici\u00f3n espa\u00f1ola AZUL con CRUZ ROSADA, original AGM, arte de Pamela Colman Smith - Zona Carpe Diem\" \/>\n<meta property=\"og:description\" content=\"TAROT de Arthur E. WAITE, edici\u00f3n espa\u00f1ola AZUL con CRUZ ROSADA, original AGM &amp; Koenigsfurt-Urania, arte de Pamela Colman Smith\" \/>\n<meta property=\"og:url\" content=\"https:\/\/www.zonacarpediem.com\/en\/shop\/tarots-en\/tarot-arthur-waite-edicion-espanola-azul-cruz-rosada-original-agm\/\" \/>\n<meta property=\"og:site_name\" content=\"Zona Carpe Diem\" \/>\n<meta property=\"article:publisher\" content=\"https:\/\/www.facebook.com\/ZonaCarpeDiem\" \/>\n<meta property=\"article:modified_time\" content=\"2024-04-08T12:01:01+00:00\" \/>\n<meta property=\"og:image\" content=\"https:\/\/www.zonacarpediem.com\/wp-content\/uploads\/2021\/06\/TAROT-de-Arthur-E.-WAITE-edicion-espanola-AZUL-con-CRUZ-ROSADA-arte-de-Pamela-Colman-Smith-1.jpg\" \/>\n\t<meta property=\"og:image:width\" content=\"909\" \/>\n\t<meta property=\"og:image:height\" content=\"1500\" \/>\n\t<meta property=\"og:image:type\" content=\"image\/jpeg\" \/>\n<meta name=\"twitter:label1\" content=\"Est. reading time\" \/>\n\t<meta name=\"twitter:data1\" content=\"2 minutes\" \/>\n<script type=\"application\/ld+json\" class=\"yoast-schema-graph\">{\"@context\":\"https:\/\/schema.org\",\"@graph\":[{\"@type\":\"WebPage\",\"@id\":\"https:\/\/www.zonacarpediem.com\/en\/shop\/tarots-en\/tarot-arthur-waite-edicion-espanola-azul-cruz-rosada-original-agm\/\",\"url\":\"https:\/\/www.zonacarpediem.com\/en\/shop\/tarots-en\/tarot-arthur-waite-edicion-espanola-azul-cruz-rosada-original-agm\/\",\"name\":\"TAROT de Arthur E. WAITE, edici\u00f3n espa\u00f1ola AZUL con CRUZ ROSADA, original AGM, arte de Pamela Colman Smith - Zona Carpe Diem\",\"isPartOf\":{\"@id\":\"https:\/\/www.zonacarpediem.com\/en\/#website\"},\"primaryImageOfPage\":{\"@id\":\"https:\/\/www.zonacarpediem.com\/en\/shop\/tarots-en\/tarot-arthur-waite-edicion-espanola-azul-cruz-rosada-original-agm\/#primaryimage\"},\"image\":{\"@id\":\"https:\/\/www.zonacarpediem.com\/en\/shop\/tarots-en\/tarot-arthur-waite-edicion-espanola-azul-cruz-rosada-original-agm\/#primaryimage\"},\"thumbnailUrl\":\"https:\/\/www.zonacarpediem.com\/wp-content\/uploads\/2021\/06\/TAROT-de-Arthur-E.-WAITE-edicion-espanola-AZUL-con-CRUZ-ROSADA-arte-de-Pamela-Colman-Smith-1.jpg\",\"datePublished\":\"2021-06-28T20:03:23+00:00\",\"dateModified\":\"2024-04-08T12:01:01+00:00\",\"description\":\"TAROT de Arthur E. WAITE, edici\u00f3n espa\u00f1ola AZUL con CRUZ ROSADA, original AGM & Koenigsfurt-Urania, arte de Pamela Colman Smith\",\"breadcrumb\":{\"@id\":\"https:\/\/www.zonacarpediem.com\/en\/shop\/tarots-en\/tarot-arthur-waite-edicion-espanola-azul-cruz-rosada-original-agm\/#breadcrumb\"},\"inLanguage\":\"en-US\",\"potentialAction\":[{\"@type\":\"ReadAction\",\"target\":[\"https:\/\/www.zonacarpediem.com\/en\/shop\/tarots-en\/tarot-arthur-waite-edicion-espanola-azul-cruz-rosada-original-agm\/\"]}]},{\"@type\":\"ImageObject\",\"inLanguage\":\"en-US\",\"@id\":\"https:\/\/www.zonacarpediem.com\/en\/shop\/tarots-en\/tarot-arthur-waite-edicion-espanola-azul-cruz-rosada-original-agm\/#primaryimage\",\"url\":\"https:\/\/www.zonacarpediem.com\/wp-content\/uploads\/2021\/06\/TAROT-de-Arthur-E.-WAITE-edicion-espanola-AZUL-con-CRUZ-ROSADA-arte-de-Pamela-Colman-Smith-1.jpg\",\"contentUrl\":\"https:\/\/www.zonacarpediem.com\/wp-content\/uploads\/2021\/06\/TAROT-de-Arthur-E.-WAITE-edicion-espanola-AZUL-con-CRUZ-ROSADA-arte-de-Pamela-Colman-Smith-1.jpg\",\"width\":909,\"height\":1500},{\"@type\":\"BreadcrumbList\",\"@id\":\"https:\/\/www.zonacarpediem.com\/en\/shop\/tarots-en\/tarot-arthur-waite-edicion-espanola-azul-cruz-rosada-original-agm\/#breadcrumb\",\"itemListElement\":[{\"@type\":\"ListItem\",\"position\":1,\"name\":\"Home\",\"item\":\"https:\/\/www.zonacarpediem.com\/en\/home-us\/\"},{\"@type\":\"ListItem\",\"position\":2,\"name\":\"Products\",\"item\":\"https:\/\/www.zonacarpediem.com\/en\/products\/\"},{\"@type\":\"ListItem\",\"position\":3,\"name\":\"TAROT de Arthur E. WAITE, edici\u00f3n espa\u00f1ola AZUL con CRUZ ROSADA, original AGM, arte de Pamela Colman Smith\"}]},{\"@type\":\"WebSite\",\"@id\":\"https:\/\/www.zonacarpediem.com\/en\/#website\",\"url\":\"https:\/\/www.zonacarpediem.com\/en\/\",\"name\":\"Zona Carpe Diem\",\"description\":\"Buy with Confidence and Flirt with Brilliance, Passion Lives Here!\",\"publisher\":{\"@id\":\"https:\/\/www.zonacarpediem.com\/en\/#organization\"},\"potentialAction\":[{\"@type\":\"SearchAction\",\"target\":{\"@type\":\"EntryPoint\",\"urlTemplate\":\"https:\/\/www.zonacarpediem.com\/en\/?s={search_term_string}\"},\"query-input\":{\"@type\":\"PropertyValueSpecification\",\"valueRequired\":true,\"valueName\":\"search_term_string\"}}],\"inLanguage\":\"en-US\"},{\"@type\":\"Organization\",\"@id\":\"https:\/\/www.zonacarpediem.com\/en\/#organization\",\"name\":\"Zona Carpe Diem\",\"url\":\"https:\/\/www.zonacarpediem.com\/en\/\",\"logo\":{\"@type\":\"ImageObject\",\"inLanguage\":\"en-US\",\"@id\":\"https:\/\/www.zonacarpediem.com\/en\/#\/schema\/logo\/image\/\",\"url\":\"https:\/\/www.zonacarpediem.com\/wp-content\/uploads\/2016\/12\/ZCD-Logo-for-eBay-dec-2016-200x150px.png\",\"contentUrl\":\"https:\/\/www.zonacarpediem.com\/wp-content\/uploads\/2016\/12\/ZCD-Logo-for-eBay-dec-2016-200x150px.png\",\"width\":200,\"height\":150,\"caption\":\"Zona Carpe Diem\"},\"image\":{\"@id\":\"https:\/\/www.zonacarpediem.com\/en\/#\/schema\/logo\/image\/\"},\"sameAs\":[\"https:\/\/www.facebook.com\/ZonaCarpeDiem\"]}]}<\/script>\n<!-- \/ Yoast SEO plugin. -->","yoast_head_json":{"title":"TAROT de Arthur E. WAITE, edici\u00f3n espa\u00f1ola AZUL con CRUZ ROSADA, original AGM, arte de Pamela Colman Smith - Zona Carpe Diem","description":"TAROT de Arthur E. WAITE, edici\u00f3n espa\u00f1ola AZUL con CRUZ ROSADA, original AGM & Koenigsfurt-Urania, arte de Pamela Colman Smith","robots":{"index":"index","follow":"follow","max-snippet":"max-snippet:-1","max-image-preview":"max-image-preview:large","max-video-preview":"max-video-preview:-1"},"canonical":"https:\/\/www.zonacarpediem.com\/en\/shop\/tarots-en\/tarot-arthur-waite-edicion-espanola-azul-cruz-rosada-original-agm\/","og_locale":"en_US","og_type":"article","og_title":"TAROT de Arthur E. WAITE, edici\u00f3n espa\u00f1ola AZUL con CRUZ ROSADA, original AGM, arte de Pamela Colman Smith - Zona Carpe Diem","og_description":"TAROT de Arthur E. WAITE, edici\u00f3n espa\u00f1ola AZUL con CRUZ ROSADA, original AGM & Koenigsfurt-Urania, arte de Pamela Colman Smith","og_url":"https:\/\/www.zonacarpediem.com\/en\/shop\/tarots-en\/tarot-arthur-waite-edicion-espanola-azul-cruz-rosada-original-agm\/","og_site_name":"Zona Carpe Diem","article_publisher":"https:\/\/www.facebook.com\/ZonaCarpeDiem","article_modified_time":"2024-04-08T12:01:01+00:00","og_image":[{"width":909,"height":1500,"url":"https:\/\/www.zonacarpediem.com\/wp-content\/uploads\/2021\/06\/TAROT-de-Arthur-E.-WAITE-edicion-espanola-AZUL-con-CRUZ-ROSADA-arte-de-Pamela-Colman-Smith-1.jpg","type":"image\/jpeg"}],"twitter_misc":{"Est. reading time":"2 minutes"},"schema":{"@context":"https:\/\/schema.org","@graph":[{"@type":"WebPage","@id":"https:\/\/www.zonacarpediem.com\/en\/shop\/tarots-en\/tarot-arthur-waite-edicion-espanola-azul-cruz-rosada-original-agm\/","url":"https:\/\/www.zonacarpediem.com\/en\/shop\/tarots-en\/tarot-arthur-waite-edicion-espanola-azul-cruz-rosada-original-agm\/","name":"TAROT de Arthur E. WAITE, edici\u00f3n espa\u00f1ola AZUL con CRUZ ROSADA, original AGM, arte de Pamela Colman Smith - Zona Carpe Diem","isPartOf":{"@id":"https:\/\/www.zonacarpediem.com\/en\/#website"},"primaryImageOfPage":{"@id":"https:\/\/www.zonacarpediem.com\/en\/shop\/tarots-en\/tarot-arthur-waite-edicion-espanola-azul-cruz-rosada-original-agm\/#primaryimage"},"image":{"@id":"https:\/\/www.zonacarpediem.com\/en\/shop\/tarots-en\/tarot-arthur-waite-edicion-espanola-azul-cruz-rosada-original-agm\/#primaryimage"},"thumbnailUrl":"https:\/\/www.zonacarpediem.com\/wp-content\/uploads\/2021\/06\/TAROT-de-Arthur-E.-WAITE-edicion-espanola-AZUL-con-CRUZ-ROSADA-arte-de-Pamela-Colman-Smith-1.jpg","datePublished":"2021-06-28T20:03:23+00:00","dateModified":"2024-04-08T12:01:01+00:00","description":"TAROT de Arthur E. WAITE, edici\u00f3n espa\u00f1ola AZUL con CRUZ ROSADA, original AGM & Koenigsfurt-Urania, arte de Pamela Colman Smith","breadcrumb":{"@id":"https:\/\/www.zonacarpediem.com\/en\/shop\/tarots-en\/tarot-arthur-waite-edicion-espanola-azul-cruz-rosada-original-agm\/#breadcrumb"},"inLanguage":"en-US","potentialAction":[{"@type":"ReadAction","target":["https:\/\/www.zonacarpediem.com\/en\/shop\/tarots-en\/tarot-arthur-waite-edicion-espanola-azul-cruz-rosada-original-agm\/"]}]},{"@type":"ImageObject","inLanguage":"en-US","@id":"https:\/\/www.zonacarpediem.com\/en\/shop\/tarots-en\/tarot-arthur-waite-edicion-espanola-azul-cruz-rosada-original-agm\/#primaryimage","url":"https:\/\/www.zonacarpediem.com\/wp-content\/uploads\/2021\/06\/TAROT-de-Arthur-E.-WAITE-edicion-espanola-AZUL-con-CRUZ-ROSADA-arte-de-Pamela-Colman-Smith-1.jpg","contentUrl":"https:\/\/www.zonacarpediem.com\/wp-content\/uploads\/2021\/06\/TAROT-de-Arthur-E.-WAITE-edicion-espanola-AZUL-con-CRUZ-ROSADA-arte-de-Pamela-Colman-Smith-1.jpg","width":909,"height":1500},{"@type":"BreadcrumbList","@id":"https:\/\/www.zonacarpediem.com\/en\/shop\/tarots-en\/tarot-arthur-waite-edicion-espanola-azul-cruz-rosada-original-agm\/#breadcrumb","itemListElement":[{"@type":"ListItem","position":1,"name":"Home","item":"https:\/\/www.zonacarpediem.com\/en\/home-us\/"},{"@type":"ListItem","position":2,"name":"Products","item":"https:\/\/www.zonacarpediem.com\/en\/products\/"},{"@type":"ListItem","position":3,"name":"TAROT de Arthur E. WAITE, edici\u00f3n espa\u00f1ola AZUL con CRUZ ROSADA, original AGM, arte de Pamela Colman Smith"}]},{"@type":"WebSite","@id":"https:\/\/www.zonacarpediem.com\/en\/#website","url":"https:\/\/www.zonacarpediem.com\/en\/","name":"Zona Carpe Diem","description":"Buy with Confidence and Flirt with Brilliance, Passion Lives Here!","publisher":{"@id":"https:\/\/www.zonacarpediem.com\/en\/#organization"},"potentialAction":[{"@type":"SearchAction","target":{"@type":"EntryPoint","urlTemplate":"https:\/\/www.zonacarpediem.com\/en\/?s={search_term_string}"},"query-input":{"@type":"PropertyValueSpecification","valueRequired":true,"valueName":"search_term_string"}}],"inLanguage":"en-US"},{"@type":"Organization","@id":"https:\/\/www.zonacarpediem.com\/en\/#organization","name":"Zona Carpe Diem","url":"https:\/\/www.zonacarpediem.com\/en\/","logo":{"@type":"ImageObject","inLanguage":"en-US","@id":"https:\/\/www.zonacarpediem.com\/en\/#\/schema\/logo\/image\/","url":"https:\/\/www.zonacarpediem.com\/wp-content\/uploads\/2016\/12\/ZCD-Logo-for-eBay-dec-2016-200x150px.png","contentUrl":"https:\/\/www.zonacarpediem.com\/wp-content\/uploads\/2016\/12\/ZCD-Logo-for-eBay-dec-2016-200x150px.png","width":200,"height":150,"caption":"Zona Carpe Diem"},"image":{"@id":"https:\/\/www.zonacarpediem.com\/en\/#\/schema\/logo\/image\/"},"sameAs":["https:\/\/www.facebook.com\/ZonaCarpeDiem"]}]}},"_links":{"self":[{"href":"https:\/\/www.zonacarpediem.com\/en\/wp-json\/wp\/v2\/product\/5532","targetHints":{"allow":["GET"]}}],"collection":[{"href":"https:\/\/www.zonacarpediem.com\/en\/wp-json\/wp\/v2\/product"}],"about":[{"href":"https:\/\/www.zonacarpediem.com\/en\/wp-json\/wp\/v2\/types\/product"}],"wp:featuredmedia":[{"embeddable":true,"href":"https:\/\/www.zonacarpediem.com\/en\/wp-json\/wp\/v2\/media\/5548"}],"wp:attachment":[{"href":"https:\/\/www.zonacarpediem.com\/en\/wp-json\/wp\/v2\/media?parent=5532"}],"wp:term":[{"taxonomy":"product_brand","embeddable":true,"href":"https:\/\/www.zonacarpediem.com\/en\/wp-json\/wp\/v2\/product_brand?post=5532"},{"taxonomy":"product_cat","embeddable":true,"href":"https:\/\/www.zonacarpediem.com\/en\/wp-json\/wp\/v2\/product_cat?post=5532"},{"taxonomy":"product_tag","embeddable":true,"href":"https:\/\/www.zonacarpediem.com\/en\/wp-json\/wp\/v2\/product_tag?post=5532"}],"curies":[{"name":"wp","href":"https:\/\/api.w.org\/{rel}","templated":true}]}}