{"id":5550,"date":"2021-06-30T17:21:25","date_gmt":"2021-06-30T15:21:25","guid":{"rendered":"https:\/\/www.zonacarpediem.com\/?post_type=product&#038;p=5550"},"modified":"2021-06-30T18:29:49","modified_gmt":"2021-06-30T16:29:49","slug":"tarot-oraculo-de-la-gitana-sibilla-zingara-original-loscarabeo","status":"publish","type":"product","link":"https:\/\/www.zonacarpediem.com\/en\/shop\/tarots-en\/tarot-oraculo-de-la-gitana-sibilla-zingara-original-loscarabeo\/","title":{"rendered":"TAROT ORACULO DE LA GITANA &#8211; SIBILLA DELLA ZINGARA, original Lo Scarabeo"},"content":{"rendered":"<p><strong>TAROT ORACULO DE LA GITANA &#8211; SIBILLA DELLA ZINGARA, original fabricado en Italia por Lo Scarabeo<\/strong><\/p>\n<p><strong>FABRICADO EN ITALIA POR LO SCARABEO, Torino<\/strong><br \/>\nHist\u00f3rico fabricante de naipes italiano conocido en todo el mundo por la calidad de sus productos.<\/p>\n<p>Consta de 52 cartas a todo color y folleto con instrucciones adivinatorias.<\/p>\n<div class=\"description\">\n<div class=\"description\">Abre las puertas a la fortuna con estas\u00a052 cartas\u00a0en precioso estuche protector de tapa blanda.<\/div>\n<div class=\"description\"><\/div>\n<\/div>\n<div class=\"description\">Una reproducci\u00f3n de una baraja del 1800 que conserva todas las caracter\u00edsticas de las antiguas Sibilas, adquiriendo as\u00ed una connotaci\u00f3n nost\u00e1lgica pero fuertemente evocadora de lugares, situaciones y sentimientos cercanos y queridos.Esta baraja reproduce las cartas originales en formato original, reducido respecto a las barajas tradicionales.<\/p>\n<\/div>\n<div><\/div>\n<div><\/div>\n<p>Cartas que tienen como objetivo despertar la mente del hombre a otros niveles, a trav\u00e9s de los cuales pueda acceder a otra sabidur\u00eda, a otros conocimientos que permitan saber y anticipar, as\u00ed como tambi\u00e9n encontrar el bienestar interior.<\/p>\n<p>El tarot es una baraja de naipes que, adem\u00e1s de servir para jugar, se usa a menudo como medio de \u201cadivinaci\u00f3n\u201d del pasado, de la situaci\u00f3n presente del consultante y algunas veces del futuro, por lo que constituir\u00eda un tipo de cartomancia.<br \/>\nSus or\u00edgenes datan al menos del siglo XIV, no teniendo fundamento llevar sus ra\u00edces m\u00e1s atr\u00e1s en la historia.<\/p>\n<p>&nbsp;<\/p>\n<p><em>Este es un producto original de calidad, fabricado en Italia. Esta no es una copia no autorizada.<br \/>\nEnviamos el art\u00edculo desde Espa\u00f1a a todo el mundo, certificado, con n\u00famero de seguimiento.<\/em><\/p>\n<p>&nbsp;<\/p>\n","protected":false},"excerpt":{"rendered":"<p>TAROT ORACULO DE LA GITANA &#8211; SIBILLA DELLA ZINGARA &#8211; GIPSY ORACLE CARDS, original fabricado en Italia por Lo Scarabeo<\/p>\n","protected":false},"featured_media":5568,"template":"","meta":[],"product_brand":[],"product_cat":[163],"product_tag":[],"class_list":{"0":"post-5550","1":"product","2":"type-product","3":"status-publish","4":"has-post-thumbnail","6":"product_cat-tarots-en","8":"first","9":"instock","10":"shipping-taxable","11":"purchasable","12":"product-type-simple"},"yoast_head":"<!-- This site is optimized with the Yoast SEO plugin v26.7 - https:\/\/yoast.com\/wordpress\/plugins\/seo\/ -->\n<title>TAROT ORACULO DE LA GITANA - SIBILLA DELLA ZINGARA, original Lo Scarabeo - Zona Carpe Diem<\/title>\n<meta name=\"description\" content=\"TAROT ORACULO DE LA GITANA SIBILLA DELLA ZINGARA original fabricado en Italia por Lo Scarabeo GIPSY ORACLE CARDS\" \/>\n<meta name=\"robots\" content=\"index, follow, max-snippet:-1, max-image-preview:large, max-video-preview:-1\" \/>\n<link rel=\"canonical\" href=\"https:\/\/www.zonacarpediem.com\/en\/shop\/tarots-en\/tarot-oraculo-de-la-gitana-sibilla-zingara-original-loscarabeo\/\" \/>\n<meta property=\"og:locale\" content=\"en_US\" \/>\n<meta property=\"og:type\" content=\"article\" \/>\n<meta property=\"og:title\" content=\"TAROT ORACULO DE LA GITANA - SIBILLA DELLA ZINGARA, original Lo Scarabeo - Zona Carpe Diem\" \/>\n<meta property=\"og:description\" content=\"TAROT ORACULO DE LA GITANA SIBILLA DELLA ZINGARA original fabricado en Italia por Lo Scarabeo GIPSY ORACLE CARDS\" \/>\n<meta property=\"og:url\" content=\"https:\/\/www.zonacarpediem.com\/en\/shop\/tarots-en\/tarot-oraculo-de-la-gitana-sibilla-zingara-original-loscarabeo\/\" \/>\n<meta property=\"og:site_name\" content=\"Zona Carpe Diem\" \/>\n<meta property=\"article:publisher\" content=\"https:\/\/www.facebook.com\/ZonaCarpeDiem\" \/>\n<meta property=\"article:modified_time\" content=\"2021-06-30T16:29:49+00:00\" \/>\n<meta property=\"og:image\" content=\"https:\/\/www.zonacarpediem.com\/wp-content\/uploads\/2021\/06\/Oraculo-de-la-Gitana-Sibilla-della-Zingara-Lo-Scarabeo-1.jpg\" \/>\n\t<meta property=\"og:image:width\" content=\"668\" \/>\n\t<meta property=\"og:image:height\" content=\"1050\" \/>\n\t<meta property=\"og:image:type\" content=\"image\/jpeg\" \/>\n<meta name=\"twitter:label1\" content=\"Est. reading time\" \/>\n\t<meta name=\"twitter:data1\" content=\"2 minutes\" \/>\n<script type=\"application\/ld+json\" class=\"yoast-schema-graph\">{\"@context\":\"https:\/\/schema.org\",\"@graph\":[{\"@type\":\"WebPage\",\"@id\":\"https:\/\/www.zonacarpediem.com\/en\/shop\/tarots-en\/tarot-oraculo-de-la-gitana-sibilla-zingara-original-loscarabeo\/\",\"url\":\"https:\/\/www.zonacarpediem.com\/en\/shop\/tarots-en\/tarot-oraculo-de-la-gitana-sibilla-zingara-original-loscarabeo\/\",\"name\":\"TAROT ORACULO DE LA GITANA - SIBILLA DELLA ZINGARA, original Lo Scarabeo - Zona Carpe Diem\",\"isPartOf\":{\"@id\":\"https:\/\/www.zonacarpediem.com\/en\/#website\"},\"primaryImageOfPage\":{\"@id\":\"https:\/\/www.zonacarpediem.com\/en\/shop\/tarots-en\/tarot-oraculo-de-la-gitana-sibilla-zingara-original-loscarabeo\/#primaryimage\"},\"image\":{\"@id\":\"https:\/\/www.zonacarpediem.com\/en\/shop\/tarots-en\/tarot-oraculo-de-la-gitana-sibilla-zingara-original-loscarabeo\/#primaryimage\"},\"thumbnailUrl\":\"https:\/\/www.zonacarpediem.com\/wp-content\/uploads\/2021\/06\/Oraculo-de-la-Gitana-Sibilla-della-Zingara-Lo-Scarabeo-1.jpg\",\"datePublished\":\"2021-06-30T15:21:25+00:00\",\"dateModified\":\"2021-06-30T16:29:49+00:00\",\"description\":\"TAROT ORACULO DE LA GITANA SIBILLA DELLA ZINGARA original fabricado en Italia por Lo Scarabeo GIPSY ORACLE CARDS\",\"breadcrumb\":{\"@id\":\"https:\/\/www.zonacarpediem.com\/en\/shop\/tarots-en\/tarot-oraculo-de-la-gitana-sibilla-zingara-original-loscarabeo\/#breadcrumb\"},\"inLanguage\":\"en-US\",\"potentialAction\":[{\"@type\":\"ReadAction\",\"target\":[\"https:\/\/www.zonacarpediem.com\/en\/shop\/tarots-en\/tarot-oraculo-de-la-gitana-sibilla-zingara-original-loscarabeo\/\"]}]},{\"@type\":\"ImageObject\",\"inLanguage\":\"en-US\",\"@id\":\"https:\/\/www.zonacarpediem.com\/en\/shop\/tarots-en\/tarot-oraculo-de-la-gitana-sibilla-zingara-original-loscarabeo\/#primaryimage\",\"url\":\"https:\/\/www.zonacarpediem.com\/wp-content\/uploads\/2021\/06\/Oraculo-de-la-Gitana-Sibilla-della-Zingara-Lo-Scarabeo-1.jpg\",\"contentUrl\":\"https:\/\/www.zonacarpediem.com\/wp-content\/uploads\/2021\/06\/Oraculo-de-la-Gitana-Sibilla-della-Zingara-Lo-Scarabeo-1.jpg\",\"width\":668,\"height\":1050},{\"@type\":\"BreadcrumbList\",\"@id\":\"https:\/\/www.zonacarpediem.com\/en\/shop\/tarots-en\/tarot-oraculo-de-la-gitana-sibilla-zingara-original-loscarabeo\/#breadcrumb\",\"itemListElement\":[{\"@type\":\"ListItem\",\"position\":1,\"name\":\"Home\",\"item\":\"https:\/\/www.zonacarpediem.com\/en\/home-us\/\"},{\"@type\":\"ListItem\",\"position\":2,\"name\":\"Products\",\"item\":\"https:\/\/www.zonacarpediem.com\/en\/products\/\"},{\"@type\":\"ListItem\",\"position\":3,\"name\":\"TAROT ORACULO DE LA GITANA &#8211; SIBILLA DELLA ZINGARA, original Lo Scarabeo\"}]},{\"@type\":\"WebSite\",\"@id\":\"https:\/\/www.zonacarpediem.com\/en\/#website\",\"url\":\"https:\/\/www.zonacarpediem.com\/en\/\",\"name\":\"Zona Carpe Diem\",\"description\":\"Buy with Confidence and Flirt with Brilliance, Passion Lives Here!\",\"publisher\":{\"@id\":\"https:\/\/www.zonacarpediem.com\/en\/#organization\"},\"potentialAction\":[{\"@type\":\"SearchAction\",\"target\":{\"@type\":\"EntryPoint\",\"urlTemplate\":\"https:\/\/www.zonacarpediem.com\/en\/?s={search_term_string}\"},\"query-input\":{\"@type\":\"PropertyValueSpecification\",\"valueRequired\":true,\"valueName\":\"search_term_string\"}}],\"inLanguage\":\"en-US\"},{\"@type\":\"Organization\",\"@id\":\"https:\/\/www.zonacarpediem.com\/en\/#organization\",\"name\":\"Zona Carpe Diem\",\"url\":\"https:\/\/www.zonacarpediem.com\/en\/\",\"logo\":{\"@type\":\"ImageObject\",\"inLanguage\":\"en-US\",\"@id\":\"https:\/\/www.zonacarpediem.com\/en\/#\/schema\/logo\/image\/\",\"url\":\"https:\/\/www.zonacarpediem.com\/wp-content\/uploads\/2016\/12\/ZCD-Logo-for-eBay-dec-2016-200x150px.png\",\"contentUrl\":\"https:\/\/www.zonacarpediem.com\/wp-content\/uploads\/2016\/12\/ZCD-Logo-for-eBay-dec-2016-200x150px.png\",\"width\":200,\"height\":150,\"caption\":\"Zona Carpe Diem\"},\"image\":{\"@id\":\"https:\/\/www.zonacarpediem.com\/en\/#\/schema\/logo\/image\/\"},\"sameAs\":[\"https:\/\/www.facebook.com\/ZonaCarpeDiem\"]}]}<\/script>\n<!-- \/ Yoast SEO plugin. -->","yoast_head_json":{"title":"TAROT ORACULO DE LA GITANA - SIBILLA DELLA ZINGARA, original Lo Scarabeo - Zona Carpe Diem","description":"TAROT ORACULO DE LA GITANA SIBILLA DELLA ZINGARA original fabricado en Italia por Lo Scarabeo GIPSY ORACLE CARDS","robots":{"index":"index","follow":"follow","max-snippet":"max-snippet:-1","max-image-preview":"max-image-preview:large","max-video-preview":"max-video-preview:-1"},"canonical":"https:\/\/www.zonacarpediem.com\/en\/shop\/tarots-en\/tarot-oraculo-de-la-gitana-sibilla-zingara-original-loscarabeo\/","og_locale":"en_US","og_type":"article","og_title":"TAROT ORACULO DE LA GITANA - SIBILLA DELLA ZINGARA, original Lo Scarabeo - Zona Carpe Diem","og_description":"TAROT ORACULO DE LA GITANA SIBILLA DELLA ZINGARA original fabricado en Italia por Lo Scarabeo GIPSY ORACLE CARDS","og_url":"https:\/\/www.zonacarpediem.com\/en\/shop\/tarots-en\/tarot-oraculo-de-la-gitana-sibilla-zingara-original-loscarabeo\/","og_site_name":"Zona Carpe Diem","article_publisher":"https:\/\/www.facebook.com\/ZonaCarpeDiem","article_modified_time":"2021-06-30T16:29:49+00:00","og_image":[{"width":668,"height":1050,"url":"https:\/\/www.zonacarpediem.com\/wp-content\/uploads\/2021\/06\/Oraculo-de-la-Gitana-Sibilla-della-Zingara-Lo-Scarabeo-1.jpg","type":"image\/jpeg"}],"twitter_misc":{"Est. reading time":"2 minutes"},"schema":{"@context":"https:\/\/schema.org","@graph":[{"@type":"WebPage","@id":"https:\/\/www.zonacarpediem.com\/en\/shop\/tarots-en\/tarot-oraculo-de-la-gitana-sibilla-zingara-original-loscarabeo\/","url":"https:\/\/www.zonacarpediem.com\/en\/shop\/tarots-en\/tarot-oraculo-de-la-gitana-sibilla-zingara-original-loscarabeo\/","name":"TAROT ORACULO DE LA GITANA - SIBILLA DELLA ZINGARA, original Lo Scarabeo - Zona Carpe Diem","isPartOf":{"@id":"https:\/\/www.zonacarpediem.com\/en\/#website"},"primaryImageOfPage":{"@id":"https:\/\/www.zonacarpediem.com\/en\/shop\/tarots-en\/tarot-oraculo-de-la-gitana-sibilla-zingara-original-loscarabeo\/#primaryimage"},"image":{"@id":"https:\/\/www.zonacarpediem.com\/en\/shop\/tarots-en\/tarot-oraculo-de-la-gitana-sibilla-zingara-original-loscarabeo\/#primaryimage"},"thumbnailUrl":"https:\/\/www.zonacarpediem.com\/wp-content\/uploads\/2021\/06\/Oraculo-de-la-Gitana-Sibilla-della-Zingara-Lo-Scarabeo-1.jpg","datePublished":"2021-06-30T15:21:25+00:00","dateModified":"2021-06-30T16:29:49+00:00","description":"TAROT ORACULO DE LA GITANA SIBILLA DELLA ZINGARA original fabricado en Italia por Lo Scarabeo GIPSY ORACLE CARDS","breadcrumb":{"@id":"https:\/\/www.zonacarpediem.com\/en\/shop\/tarots-en\/tarot-oraculo-de-la-gitana-sibilla-zingara-original-loscarabeo\/#breadcrumb"},"inLanguage":"en-US","potentialAction":[{"@type":"ReadAction","target":["https:\/\/www.zonacarpediem.com\/en\/shop\/tarots-en\/tarot-oraculo-de-la-gitana-sibilla-zingara-original-loscarabeo\/"]}]},{"@type":"ImageObject","inLanguage":"en-US","@id":"https:\/\/www.zonacarpediem.com\/en\/shop\/tarots-en\/tarot-oraculo-de-la-gitana-sibilla-zingara-original-loscarabeo\/#primaryimage","url":"https:\/\/www.zonacarpediem.com\/wp-content\/uploads\/2021\/06\/Oraculo-de-la-Gitana-Sibilla-della-Zingara-Lo-Scarabeo-1.jpg","contentUrl":"https:\/\/www.zonacarpediem.com\/wp-content\/uploads\/2021\/06\/Oraculo-de-la-Gitana-Sibilla-della-Zingara-Lo-Scarabeo-1.jpg","width":668,"height":1050},{"@type":"BreadcrumbList","@id":"https:\/\/www.zonacarpediem.com\/en\/shop\/tarots-en\/tarot-oraculo-de-la-gitana-sibilla-zingara-original-loscarabeo\/#breadcrumb","itemListElement":[{"@type":"ListItem","position":1,"name":"Home","item":"https:\/\/www.zonacarpediem.com\/en\/home-us\/"},{"@type":"ListItem","position":2,"name":"Products","item":"https:\/\/www.zonacarpediem.com\/en\/products\/"},{"@type":"ListItem","position":3,"name":"TAROT ORACULO DE LA GITANA &#8211; SIBILLA DELLA ZINGARA, original Lo Scarabeo"}]},{"@type":"WebSite","@id":"https:\/\/www.zonacarpediem.com\/en\/#website","url":"https:\/\/www.zonacarpediem.com\/en\/","name":"Zona Carpe Diem","description":"Buy with Confidence and Flirt with Brilliance, Passion Lives Here!","publisher":{"@id":"https:\/\/www.zonacarpediem.com\/en\/#organization"},"potentialAction":[{"@type":"SearchAction","target":{"@type":"EntryPoint","urlTemplate":"https:\/\/www.zonacarpediem.com\/en\/?s={search_term_string}"},"query-input":{"@type":"PropertyValueSpecification","valueRequired":true,"valueName":"search_term_string"}}],"inLanguage":"en-US"},{"@type":"Organization","@id":"https:\/\/www.zonacarpediem.com\/en\/#organization","name":"Zona Carpe Diem","url":"https:\/\/www.zonacarpediem.com\/en\/","logo":{"@type":"ImageObject","inLanguage":"en-US","@id":"https:\/\/www.zonacarpediem.com\/en\/#\/schema\/logo\/image\/","url":"https:\/\/www.zonacarpediem.com\/wp-content\/uploads\/2016\/12\/ZCD-Logo-for-eBay-dec-2016-200x150px.png","contentUrl":"https:\/\/www.zonacarpediem.com\/wp-content\/uploads\/2016\/12\/ZCD-Logo-for-eBay-dec-2016-200x150px.png","width":200,"height":150,"caption":"Zona Carpe Diem"},"image":{"@id":"https:\/\/www.zonacarpediem.com\/en\/#\/schema\/logo\/image\/"},"sameAs":["https:\/\/www.facebook.com\/ZonaCarpeDiem"]}]}},"_links":{"self":[{"href":"https:\/\/www.zonacarpediem.com\/en\/wp-json\/wp\/v2\/product\/5550","targetHints":{"allow":["GET"]}}],"collection":[{"href":"https:\/\/www.zonacarpediem.com\/en\/wp-json\/wp\/v2\/product"}],"about":[{"href":"https:\/\/www.zonacarpediem.com\/en\/wp-json\/wp\/v2\/types\/product"}],"wp:featuredmedia":[{"embeddable":true,"href":"https:\/\/www.zonacarpediem.com\/en\/wp-json\/wp\/v2\/media\/5568"}],"wp:attachment":[{"href":"https:\/\/www.zonacarpediem.com\/en\/wp-json\/wp\/v2\/media?parent=5550"}],"wp:term":[{"taxonomy":"product_brand","embeddable":true,"href":"https:\/\/www.zonacarpediem.com\/en\/wp-json\/wp\/v2\/product_brand?post=5550"},{"taxonomy":"product_cat","embeddable":true,"href":"https:\/\/www.zonacarpediem.com\/en\/wp-json\/wp\/v2\/product_cat?post=5550"},{"taxonomy":"product_tag","embeddable":true,"href":"https:\/\/www.zonacarpediem.com\/en\/wp-json\/wp\/v2\/product_tag?post=5550"}],"curies":[{"name":"wp","href":"https:\/\/api.w.org\/{rel}","templated":true}]}}