{"id":5638,"date":"2021-07-06T12:11:42","date_gmt":"2021-07-06T10:11:42","guid":{"rendered":"https:\/\/www.zonacarpediem.com\/?post_type=product&#038;p=5638"},"modified":"2024-01-20T17:35:11","modified_gmt":"2024-01-20T16:35:11","slug":"tapiz-ojo-turco-elefante","status":"publish","type":"product","link":"https:\/\/www.zonacarpediem.com\/en\/shop\/mystical-esoteric-and-religious-jewelery\/tapiz-ojo-turco-elefante\/","title":{"rendered":"Tapiz y OJO TURCO con ELEFANTE, para pared o puerta"},"content":{"rendered":"<p><strong>Tapiz y OJO TURCO con ELEFANTE, para pared o puerta, s\u00edmbolo protector, longevidad sabidur\u00eda<\/strong><\/p>\n<p>El <strong>ojo turco<\/strong> es un fuerte portador de suerte y amuleto protector: protege de las malas miradas, envidia y mal de ojo. EI influir mal\u00e9fico que se atribuye supersticiosamente a la mirada de algunas personas es una creencia muy antigua. Las ra\u00edces de esta creencia parten desde Babilonia y el antiguo Egipto. Tambi\u00e9n se observa entre los sumerios y los Hititas. Seg\u00fan ellos, los malos sentimientos que est\u00e1n dentro del ser humano salen al exterior a trav\u00e9s de los ojos, ya que estos son la parte m\u00e1s expresiva y evidente del cuerpo. Para evitar esta mala influencia empezaron a utilizar abalorios con ojos de cristal, capaces de proteger a su portador de las malas influencias que la mirada de ciertas personas pueden llegar a acarrearles<\/p>\n<p><strong>Los elefantes:<\/strong><br \/>\natraen la buena suerte, longevidad, sabidur\u00eda y ayudan a alejar las envidias.<br \/>\nNos ense\u00f1an a ser resistentes ante la adversidad y a tener paciencia y resistencia.<br \/>\nPara los Hind\u00faes, simboliza \u201cEL QUE ABRE LOS CAMINOS\u201d y significa \u201cDESTRUCTOR DE OBST\u00c1CULOS\u201d.<\/p>\n","protected":false},"excerpt":{"rendered":"<p>Tapiz y OJO TURCO con ELEFANTE, para colgar en pared o puerta, s\u00edmbolo protector, longevidad y sabidur\u00eda<\/p>\n","protected":false},"featured_media":5640,"template":"","meta":[],"product_brand":[],"product_cat":[168,165],"product_tag":[],"class_list":{"0":"post-5638","1":"product","2":"type-product","3":"status-publish","4":"has-post-thumbnail","6":"product_cat-ethnic-en","7":"product_cat-mystical-esoteric-and-religious-jewelery","9":"first","10":"instock","11":"shipping-taxable","12":"purchasable","13":"product-type-simple"},"yoast_head":"<!-- This site is optimized with the Yoast SEO plugin v26.7 - https:\/\/yoast.com\/wordpress\/plugins\/seo\/ -->\n<title>Tapiz y OJO TURCO con ELEFANTE, para pared o puerta - Zona Carpe Diem<\/title>\n<meta name=\"description\" content=\"Colgante TETRAGRAMMATON TETRAGRAMATON ESTRELLA FLAMIGERA, en plata de ley, s\u00edmbolo de ayuda y protecci\u00f3n\" \/>\n<meta name=\"robots\" content=\"index, follow, max-snippet:-1, max-image-preview:large, max-video-preview:-1\" \/>\n<link rel=\"canonical\" href=\"https:\/\/www.zonacarpediem.com\/en\/shop\/mystical-esoteric-and-religious-jewelery\/tapiz-ojo-turco-elefante\/\" \/>\n<meta property=\"og:locale\" content=\"en_US\" \/>\n<meta property=\"og:type\" content=\"article\" \/>\n<meta property=\"og:title\" content=\"Tapiz y OJO TURCO con ELEFANTE, para pared o puerta - Zona Carpe Diem\" \/>\n<meta property=\"og:description\" content=\"Colgante TETRAGRAMMATON TETRAGRAMATON ESTRELLA FLAMIGERA, en plata de ley, s\u00edmbolo de ayuda y protecci\u00f3n\" \/>\n<meta property=\"og:url\" content=\"https:\/\/www.zonacarpediem.com\/en\/shop\/mystical-esoteric-and-religious-jewelery\/tapiz-ojo-turco-elefante\/\" \/>\n<meta property=\"og:site_name\" content=\"Zona Carpe Diem\" \/>\n<meta property=\"article:publisher\" content=\"https:\/\/www.facebook.com\/ZonaCarpeDiem\" \/>\n<meta property=\"article:modified_time\" content=\"2024-01-20T16:35:11+00:00\" \/>\n<meta property=\"og:image\" content=\"https:\/\/www.zonacarpediem.com\/wp-content\/uploads\/2021\/07\/Tapiz-y-OJO-TURCO-con-ELEFANTE-Para-pared-puerta-PROTECTOR-longevidad-sabiduria.jpg\" \/>\n\t<meta property=\"og:image:width\" content=\"500\" \/>\n\t<meta property=\"og:image:height\" content=\"334\" \/>\n\t<meta property=\"og:image:type\" content=\"image\/jpeg\" \/>\n<meta name=\"twitter:label1\" content=\"Est. reading time\" \/>\n\t<meta name=\"twitter:data1\" content=\"1 minute\" \/>\n<script type=\"application\/ld+json\" class=\"yoast-schema-graph\">{\"@context\":\"https:\/\/schema.org\",\"@graph\":[{\"@type\":\"WebPage\",\"@id\":\"https:\/\/www.zonacarpediem.com\/en\/shop\/mystical-esoteric-and-religious-jewelery\/tapiz-ojo-turco-elefante\/\",\"url\":\"https:\/\/www.zonacarpediem.com\/en\/shop\/mystical-esoteric-and-religious-jewelery\/tapiz-ojo-turco-elefante\/\",\"name\":\"Tapiz y OJO TURCO con ELEFANTE, para pared o puerta - Zona Carpe Diem\",\"isPartOf\":{\"@id\":\"https:\/\/www.zonacarpediem.com\/en\/#website\"},\"primaryImageOfPage\":{\"@id\":\"https:\/\/www.zonacarpediem.com\/en\/shop\/mystical-esoteric-and-religious-jewelery\/tapiz-ojo-turco-elefante\/#primaryimage\"},\"image\":{\"@id\":\"https:\/\/www.zonacarpediem.com\/en\/shop\/mystical-esoteric-and-religious-jewelery\/tapiz-ojo-turco-elefante\/#primaryimage\"},\"thumbnailUrl\":\"https:\/\/www.zonacarpediem.com\/wp-content\/uploads\/2021\/07\/Tapiz-y-OJO-TURCO-con-ELEFANTE-Para-pared-puerta-PROTECTOR-longevidad-sabiduria.jpg\",\"datePublished\":\"2021-07-06T10:11:42+00:00\",\"dateModified\":\"2024-01-20T16:35:11+00:00\",\"description\":\"Colgante TETRAGRAMMATON TETRAGRAMATON ESTRELLA FLAMIGERA, en plata de ley, s\u00edmbolo de ayuda y protecci\u00f3n\",\"breadcrumb\":{\"@id\":\"https:\/\/www.zonacarpediem.com\/en\/shop\/mystical-esoteric-and-religious-jewelery\/tapiz-ojo-turco-elefante\/#breadcrumb\"},\"inLanguage\":\"en-US\",\"potentialAction\":[{\"@type\":\"ReadAction\",\"target\":[\"https:\/\/www.zonacarpediem.com\/en\/shop\/mystical-esoteric-and-religious-jewelery\/tapiz-ojo-turco-elefante\/\"]}]},{\"@type\":\"ImageObject\",\"inLanguage\":\"en-US\",\"@id\":\"https:\/\/www.zonacarpediem.com\/en\/shop\/mystical-esoteric-and-religious-jewelery\/tapiz-ojo-turco-elefante\/#primaryimage\",\"url\":\"https:\/\/www.zonacarpediem.com\/wp-content\/uploads\/2021\/07\/Tapiz-y-OJO-TURCO-con-ELEFANTE-Para-pared-puerta-PROTECTOR-longevidad-sabiduria.jpg\",\"contentUrl\":\"https:\/\/www.zonacarpediem.com\/wp-content\/uploads\/2021\/07\/Tapiz-y-OJO-TURCO-con-ELEFANTE-Para-pared-puerta-PROTECTOR-longevidad-sabiduria.jpg\",\"width\":500,\"height\":334},{\"@type\":\"BreadcrumbList\",\"@id\":\"https:\/\/www.zonacarpediem.com\/en\/shop\/mystical-esoteric-and-religious-jewelery\/tapiz-ojo-turco-elefante\/#breadcrumb\",\"itemListElement\":[{\"@type\":\"ListItem\",\"position\":1,\"name\":\"Home\",\"item\":\"https:\/\/www.zonacarpediem.com\/en\/home-us\/\"},{\"@type\":\"ListItem\",\"position\":2,\"name\":\"Products\",\"item\":\"https:\/\/www.zonacarpediem.com\/en\/products\/\"},{\"@type\":\"ListItem\",\"position\":3,\"name\":\"Tapiz y OJO TURCO con ELEFANTE, para pared o puerta\"}]},{\"@type\":\"WebSite\",\"@id\":\"https:\/\/www.zonacarpediem.com\/en\/#website\",\"url\":\"https:\/\/www.zonacarpediem.com\/en\/\",\"name\":\"Zona Carpe Diem\",\"description\":\"Buy with Confidence and Flirt with Brilliance, Passion Lives Here!\",\"publisher\":{\"@id\":\"https:\/\/www.zonacarpediem.com\/en\/#organization\"},\"potentialAction\":[{\"@type\":\"SearchAction\",\"target\":{\"@type\":\"EntryPoint\",\"urlTemplate\":\"https:\/\/www.zonacarpediem.com\/en\/?s={search_term_string}\"},\"query-input\":{\"@type\":\"PropertyValueSpecification\",\"valueRequired\":true,\"valueName\":\"search_term_string\"}}],\"inLanguage\":\"en-US\"},{\"@type\":\"Organization\",\"@id\":\"https:\/\/www.zonacarpediem.com\/en\/#organization\",\"name\":\"Zona Carpe Diem\",\"url\":\"https:\/\/www.zonacarpediem.com\/en\/\",\"logo\":{\"@type\":\"ImageObject\",\"inLanguage\":\"en-US\",\"@id\":\"https:\/\/www.zonacarpediem.com\/en\/#\/schema\/logo\/image\/\",\"url\":\"https:\/\/www.zonacarpediem.com\/wp-content\/uploads\/2016\/12\/ZCD-Logo-for-eBay-dec-2016-200x150px.png\",\"contentUrl\":\"https:\/\/www.zonacarpediem.com\/wp-content\/uploads\/2016\/12\/ZCD-Logo-for-eBay-dec-2016-200x150px.png\",\"width\":200,\"height\":150,\"caption\":\"Zona Carpe Diem\"},\"image\":{\"@id\":\"https:\/\/www.zonacarpediem.com\/en\/#\/schema\/logo\/image\/\"},\"sameAs\":[\"https:\/\/www.facebook.com\/ZonaCarpeDiem\"]}]}<\/script>\n<!-- \/ Yoast SEO plugin. -->","yoast_head_json":{"title":"Tapiz y OJO TURCO con ELEFANTE, para pared o puerta - Zona Carpe Diem","description":"Colgante TETRAGRAMMATON TETRAGRAMATON ESTRELLA FLAMIGERA, en plata de ley, s\u00edmbolo de ayuda y protecci\u00f3n","robots":{"index":"index","follow":"follow","max-snippet":"max-snippet:-1","max-image-preview":"max-image-preview:large","max-video-preview":"max-video-preview:-1"},"canonical":"https:\/\/www.zonacarpediem.com\/en\/shop\/mystical-esoteric-and-religious-jewelery\/tapiz-ojo-turco-elefante\/","og_locale":"en_US","og_type":"article","og_title":"Tapiz y OJO TURCO con ELEFANTE, para pared o puerta - Zona Carpe Diem","og_description":"Colgante TETRAGRAMMATON TETRAGRAMATON ESTRELLA FLAMIGERA, en plata de ley, s\u00edmbolo de ayuda y protecci\u00f3n","og_url":"https:\/\/www.zonacarpediem.com\/en\/shop\/mystical-esoteric-and-religious-jewelery\/tapiz-ojo-turco-elefante\/","og_site_name":"Zona Carpe Diem","article_publisher":"https:\/\/www.facebook.com\/ZonaCarpeDiem","article_modified_time":"2024-01-20T16:35:11+00:00","og_image":[{"width":500,"height":334,"url":"https:\/\/www.zonacarpediem.com\/wp-content\/uploads\/2021\/07\/Tapiz-y-OJO-TURCO-con-ELEFANTE-Para-pared-puerta-PROTECTOR-longevidad-sabiduria.jpg","type":"image\/jpeg"}],"twitter_misc":{"Est. reading time":"1 minute"},"schema":{"@context":"https:\/\/schema.org","@graph":[{"@type":"WebPage","@id":"https:\/\/www.zonacarpediem.com\/en\/shop\/mystical-esoteric-and-religious-jewelery\/tapiz-ojo-turco-elefante\/","url":"https:\/\/www.zonacarpediem.com\/en\/shop\/mystical-esoteric-and-religious-jewelery\/tapiz-ojo-turco-elefante\/","name":"Tapiz y OJO TURCO con ELEFANTE, para pared o puerta - Zona Carpe Diem","isPartOf":{"@id":"https:\/\/www.zonacarpediem.com\/en\/#website"},"primaryImageOfPage":{"@id":"https:\/\/www.zonacarpediem.com\/en\/shop\/mystical-esoteric-and-religious-jewelery\/tapiz-ojo-turco-elefante\/#primaryimage"},"image":{"@id":"https:\/\/www.zonacarpediem.com\/en\/shop\/mystical-esoteric-and-religious-jewelery\/tapiz-ojo-turco-elefante\/#primaryimage"},"thumbnailUrl":"https:\/\/www.zonacarpediem.com\/wp-content\/uploads\/2021\/07\/Tapiz-y-OJO-TURCO-con-ELEFANTE-Para-pared-puerta-PROTECTOR-longevidad-sabiduria.jpg","datePublished":"2021-07-06T10:11:42+00:00","dateModified":"2024-01-20T16:35:11+00:00","description":"Colgante TETRAGRAMMATON TETRAGRAMATON ESTRELLA FLAMIGERA, en plata de ley, s\u00edmbolo de ayuda y protecci\u00f3n","breadcrumb":{"@id":"https:\/\/www.zonacarpediem.com\/en\/shop\/mystical-esoteric-and-religious-jewelery\/tapiz-ojo-turco-elefante\/#breadcrumb"},"inLanguage":"en-US","potentialAction":[{"@type":"ReadAction","target":["https:\/\/www.zonacarpediem.com\/en\/shop\/mystical-esoteric-and-religious-jewelery\/tapiz-ojo-turco-elefante\/"]}]},{"@type":"ImageObject","inLanguage":"en-US","@id":"https:\/\/www.zonacarpediem.com\/en\/shop\/mystical-esoteric-and-religious-jewelery\/tapiz-ojo-turco-elefante\/#primaryimage","url":"https:\/\/www.zonacarpediem.com\/wp-content\/uploads\/2021\/07\/Tapiz-y-OJO-TURCO-con-ELEFANTE-Para-pared-puerta-PROTECTOR-longevidad-sabiduria.jpg","contentUrl":"https:\/\/www.zonacarpediem.com\/wp-content\/uploads\/2021\/07\/Tapiz-y-OJO-TURCO-con-ELEFANTE-Para-pared-puerta-PROTECTOR-longevidad-sabiduria.jpg","width":500,"height":334},{"@type":"BreadcrumbList","@id":"https:\/\/www.zonacarpediem.com\/en\/shop\/mystical-esoteric-and-religious-jewelery\/tapiz-ojo-turco-elefante\/#breadcrumb","itemListElement":[{"@type":"ListItem","position":1,"name":"Home","item":"https:\/\/www.zonacarpediem.com\/en\/home-us\/"},{"@type":"ListItem","position":2,"name":"Products","item":"https:\/\/www.zonacarpediem.com\/en\/products\/"},{"@type":"ListItem","position":3,"name":"Tapiz y OJO TURCO con ELEFANTE, para pared o puerta"}]},{"@type":"WebSite","@id":"https:\/\/www.zonacarpediem.com\/en\/#website","url":"https:\/\/www.zonacarpediem.com\/en\/","name":"Zona Carpe Diem","description":"Buy with Confidence and Flirt with Brilliance, Passion Lives Here!","publisher":{"@id":"https:\/\/www.zonacarpediem.com\/en\/#organization"},"potentialAction":[{"@type":"SearchAction","target":{"@type":"EntryPoint","urlTemplate":"https:\/\/www.zonacarpediem.com\/en\/?s={search_term_string}"},"query-input":{"@type":"PropertyValueSpecification","valueRequired":true,"valueName":"search_term_string"}}],"inLanguage":"en-US"},{"@type":"Organization","@id":"https:\/\/www.zonacarpediem.com\/en\/#organization","name":"Zona Carpe Diem","url":"https:\/\/www.zonacarpediem.com\/en\/","logo":{"@type":"ImageObject","inLanguage":"en-US","@id":"https:\/\/www.zonacarpediem.com\/en\/#\/schema\/logo\/image\/","url":"https:\/\/www.zonacarpediem.com\/wp-content\/uploads\/2016\/12\/ZCD-Logo-for-eBay-dec-2016-200x150px.png","contentUrl":"https:\/\/www.zonacarpediem.com\/wp-content\/uploads\/2016\/12\/ZCD-Logo-for-eBay-dec-2016-200x150px.png","width":200,"height":150,"caption":"Zona Carpe Diem"},"image":{"@id":"https:\/\/www.zonacarpediem.com\/en\/#\/schema\/logo\/image\/"},"sameAs":["https:\/\/www.facebook.com\/ZonaCarpeDiem"]}]}},"_links":{"self":[{"href":"https:\/\/www.zonacarpediem.com\/en\/wp-json\/wp\/v2\/product\/5638","targetHints":{"allow":["GET"]}}],"collection":[{"href":"https:\/\/www.zonacarpediem.com\/en\/wp-json\/wp\/v2\/product"}],"about":[{"href":"https:\/\/www.zonacarpediem.com\/en\/wp-json\/wp\/v2\/types\/product"}],"wp:featuredmedia":[{"embeddable":true,"href":"https:\/\/www.zonacarpediem.com\/en\/wp-json\/wp\/v2\/media\/5640"}],"wp:attachment":[{"href":"https:\/\/www.zonacarpediem.com\/en\/wp-json\/wp\/v2\/media?parent=5638"}],"wp:term":[{"taxonomy":"product_brand","embeddable":true,"href":"https:\/\/www.zonacarpediem.com\/en\/wp-json\/wp\/v2\/product_brand?post=5638"},{"taxonomy":"product_cat","embeddable":true,"href":"https:\/\/www.zonacarpediem.com\/en\/wp-json\/wp\/v2\/product_cat?post=5638"},{"taxonomy":"product_tag","embeddable":true,"href":"https:\/\/www.zonacarpediem.com\/en\/wp-json\/wp\/v2\/product_tag?post=5638"}],"curies":[{"name":"wp","href":"https:\/\/api.w.org\/{rel}","templated":true}]}}