{"id":5642,"date":"2021-07-06T12:41:08","date_gmt":"2021-07-06T10:41:08","guid":{"rendered":"https:\/\/www.zonacarpediem.com\/?post_type=product&#038;p=5642"},"modified":"2024-01-21T12:45:51","modified_gmt":"2024-01-21T11:45:51","slug":"charm-ojo-turco-y-mano-de-fatima-con-sol-luna-estrella","status":"publish","type":"product","link":"https:\/\/www.zonacarpediem.com\/en\/shop\/mystical-esoteric-and-religious-jewelery\/charm-ojo-turco-y-mano-de-fatima-con-sol-luna-estrella\/","title":{"rendered":"Charm OJO TURCO y MANO DE FATIMA con SOL LUNA ESTRELLA"},"content":{"rendered":"<p><strong>Charm OJO TURCO y MANO DE FATIMA con SOL LUNA ESTRELLA, para colgar en pared o puerta, s\u00edmbolo protector<\/strong><br \/>\nEl <strong>ojo turco<\/strong> es un fuerte portador de suerte y amuleto protector: protege de las malas miradas, envidia y mal de ojo. EI influir mal\u00e9fico que se atribuye supersticiosamente a la mirada de algunas personas es una creencia muy antigua. Las ra\u00edces de esta creencia parten desde Babilonia y el antiguo Egipto. Tambi\u00e9n se observa entre los sumerios y los Hititas. Seg\u00fan ellos, los malos sentimientos que est\u00e1n dentro del ser humano salen al exterior a trav\u00e9s de los ojos, ya que estos son la parte m\u00e1s expresiva y evidente del cuerpo. Para evitar esta mala influencia empezaron a utilizar abalorios con ojos de cristal, capaces de proteger a su portador de las malas influencias que la mirada de ciertas personas pueden llegar a acarrearles.<\/p>\n<p><strong>La Mano de F\u00e1tima (Khamsa)<\/strong> es un potent\u00edsimo talism\u00e1n en forma de mano, viene del mundo \u00c1rabe y es utilizado para protegerse de la desgracia en general y del mal de ojo en particular. Hace que se detenga en la palma de la mano las malas energ\u00edas, protege de las enfermedades y atrae la buena suerte.<\/p>\n<p>La mano de F\u00e1tima es la representaci\u00f3n simb\u00f3lica de un objeto de poder. Simboliza la mano protectora y sabia de Dios.<\/p>\n<p>El <strong>Sol<\/strong>, representa la vida, la fuerza, el lado masculino, la claridad y la luz, que a su vez es s\u00edmbolo de intelecto. En muchas culturas el Sol ha sido venerado como un dios<br \/>\nque se caracteriza por vitalidad, fertilidad y fuerza suprema.<\/p>\n<p>La L<strong>una<\/strong>, tiene un significado relacionado con lo femenino, lo m\u00e1gico y lo oscuro. Las fases de la luna se vinculan con el poder femenino de crear vida. La luna creciente es la juventud, la luna llena es el vientre redondo en el embarazo y la fecundidad, la fase menguante se relaciona con la llegada de la menopausia y, finalmente, la luna nueva es la muerte, pero esa muerte que permite cerrar ciclos para renacer y volver a la vida eterna.<\/p>\n<p>Las estrellas, simbolizan la petici\u00f3n o cumplimiento de deseos o metas.<\/p>\n","protected":false},"excerpt":{"rendered":"<p>Charm OJO TURCO y MANO DE FATIMA con SOL LUNA ESTRELLA, para colgar en pared o puerta, s\u00edmbolo protector<\/p>\n","protected":false},"featured_media":6359,"template":"","meta":[],"product_brand":[],"product_cat":[168,165],"product_tag":[],"class_list":{"0":"post-5642","1":"product","2":"type-product","3":"status-publish","4":"has-post-thumbnail","6":"product_cat-ethnic-en","7":"product_cat-mystical-esoteric-and-religious-jewelery","9":"first","10":"instock","11":"shipping-taxable","12":"purchasable","13":"product-type-simple"},"yoast_head":"<!-- This site is optimized with the Yoast SEO plugin v26.7 - https:\/\/yoast.com\/wordpress\/plugins\/seo\/ -->\n<title>Charm OJO TURCO y MANO DE FATIMA con SOL LUNA ESTRELLA - Zona Carpe Diem<\/title>\n<meta name=\"description\" content=\"Charm OJO TURCO con MANO DE FATIMA y con SOL LUNA ESTRELLA , para colgar en pared o puerta, s\u00edmbolo protector\" \/>\n<meta name=\"robots\" content=\"index, follow, max-snippet:-1, max-image-preview:large, max-video-preview:-1\" \/>\n<link rel=\"canonical\" href=\"https:\/\/www.zonacarpediem.com\/en\/shop\/mystical-esoteric-and-religious-jewelery\/charm-ojo-turco-y-mano-de-fatima-con-sol-luna-estrella\/\" \/>\n<meta property=\"og:locale\" content=\"en_US\" \/>\n<meta property=\"og:type\" content=\"article\" \/>\n<meta property=\"og:title\" content=\"Charm OJO TURCO y MANO DE FATIMA con SOL LUNA ESTRELLA - Zona Carpe Diem\" \/>\n<meta property=\"og:description\" content=\"Charm OJO TURCO con MANO DE FATIMA y con SOL LUNA ESTRELLA , para colgar en pared o puerta, s\u00edmbolo protector\" \/>\n<meta property=\"og:url\" content=\"https:\/\/www.zonacarpediem.com\/en\/shop\/mystical-esoteric-and-religious-jewelery\/charm-ojo-turco-y-mano-de-fatima-con-sol-luna-estrella\/\" \/>\n<meta property=\"og:site_name\" content=\"Zona Carpe Diem\" \/>\n<meta property=\"article:publisher\" content=\"https:\/\/www.facebook.com\/ZonaCarpeDiem\" \/>\n<meta property=\"article:modified_time\" content=\"2024-01-21T11:45:51+00:00\" \/>\n<meta property=\"og:image\" content=\"https:\/\/www.zonacarpediem.com\/wp-content\/uploads\/2021\/07\/8B90BEAD-EAF9-4097-9F13-CEC5FEF87CF9-scaled.jpeg\" \/>\n\t<meta property=\"og:image:width\" content=\"1920\" \/>\n\t<meta property=\"og:image:height\" content=\"2560\" \/>\n\t<meta property=\"og:image:type\" content=\"image\/jpeg\" \/>\n<meta name=\"twitter:label1\" content=\"Est. reading time\" \/>\n\t<meta name=\"twitter:data1\" content=\"2 minutes\" \/>\n<script type=\"application\/ld+json\" class=\"yoast-schema-graph\">{\"@context\":\"https:\/\/schema.org\",\"@graph\":[{\"@type\":\"WebPage\",\"@id\":\"https:\/\/www.zonacarpediem.com\/en\/shop\/mystical-esoteric-and-religious-jewelery\/charm-ojo-turco-y-mano-de-fatima-con-sol-luna-estrella\/\",\"url\":\"https:\/\/www.zonacarpediem.com\/en\/shop\/mystical-esoteric-and-religious-jewelery\/charm-ojo-turco-y-mano-de-fatima-con-sol-luna-estrella\/\",\"name\":\"Charm OJO TURCO y MANO DE FATIMA con SOL LUNA ESTRELLA - Zona Carpe Diem\",\"isPartOf\":{\"@id\":\"https:\/\/www.zonacarpediem.com\/en\/#website\"},\"primaryImageOfPage\":{\"@id\":\"https:\/\/www.zonacarpediem.com\/en\/shop\/mystical-esoteric-and-religious-jewelery\/charm-ojo-turco-y-mano-de-fatima-con-sol-luna-estrella\/#primaryimage\"},\"image\":{\"@id\":\"https:\/\/www.zonacarpediem.com\/en\/shop\/mystical-esoteric-and-religious-jewelery\/charm-ojo-turco-y-mano-de-fatima-con-sol-luna-estrella\/#primaryimage\"},\"thumbnailUrl\":\"https:\/\/www.zonacarpediem.com\/wp-content\/uploads\/2021\/07\/8B90BEAD-EAF9-4097-9F13-CEC5FEF87CF9-scaled.jpeg\",\"datePublished\":\"2021-07-06T10:41:08+00:00\",\"dateModified\":\"2024-01-21T11:45:51+00:00\",\"description\":\"Charm OJO TURCO con MANO DE FATIMA y con SOL LUNA ESTRELLA , para colgar en pared o puerta, s\u00edmbolo protector\",\"breadcrumb\":{\"@id\":\"https:\/\/www.zonacarpediem.com\/en\/shop\/mystical-esoteric-and-religious-jewelery\/charm-ojo-turco-y-mano-de-fatima-con-sol-luna-estrella\/#breadcrumb\"},\"inLanguage\":\"en-US\",\"potentialAction\":[{\"@type\":\"ReadAction\",\"target\":[\"https:\/\/www.zonacarpediem.com\/en\/shop\/mystical-esoteric-and-religious-jewelery\/charm-ojo-turco-y-mano-de-fatima-con-sol-luna-estrella\/\"]}]},{\"@type\":\"ImageObject\",\"inLanguage\":\"en-US\",\"@id\":\"https:\/\/www.zonacarpediem.com\/en\/shop\/mystical-esoteric-and-religious-jewelery\/charm-ojo-turco-y-mano-de-fatima-con-sol-luna-estrella\/#primaryimage\",\"url\":\"https:\/\/www.zonacarpediem.com\/wp-content\/uploads\/2021\/07\/8B90BEAD-EAF9-4097-9F13-CEC5FEF87CF9-scaled.jpeg\",\"contentUrl\":\"https:\/\/www.zonacarpediem.com\/wp-content\/uploads\/2021\/07\/8B90BEAD-EAF9-4097-9F13-CEC5FEF87CF9-scaled.jpeg\",\"width\":1920,\"height\":2560,\"caption\":\"Sol y Luna\"},{\"@type\":\"BreadcrumbList\",\"@id\":\"https:\/\/www.zonacarpediem.com\/en\/shop\/mystical-esoteric-and-religious-jewelery\/charm-ojo-turco-y-mano-de-fatima-con-sol-luna-estrella\/#breadcrumb\",\"itemListElement\":[{\"@type\":\"ListItem\",\"position\":1,\"name\":\"Home\",\"item\":\"https:\/\/www.zonacarpediem.com\/en\/home-us\/\"},{\"@type\":\"ListItem\",\"position\":2,\"name\":\"Products\",\"item\":\"https:\/\/www.zonacarpediem.com\/en\/products\/\"},{\"@type\":\"ListItem\",\"position\":3,\"name\":\"Charm OJO TURCO y MANO DE FATIMA con SOL LUNA ESTRELLA\"}]},{\"@type\":\"WebSite\",\"@id\":\"https:\/\/www.zonacarpediem.com\/en\/#website\",\"url\":\"https:\/\/www.zonacarpediem.com\/en\/\",\"name\":\"Zona Carpe Diem\",\"description\":\"Buy with Confidence and Flirt with Brilliance, Passion Lives Here!\",\"publisher\":{\"@id\":\"https:\/\/www.zonacarpediem.com\/en\/#organization\"},\"potentialAction\":[{\"@type\":\"SearchAction\",\"target\":{\"@type\":\"EntryPoint\",\"urlTemplate\":\"https:\/\/www.zonacarpediem.com\/en\/?s={search_term_string}\"},\"query-input\":{\"@type\":\"PropertyValueSpecification\",\"valueRequired\":true,\"valueName\":\"search_term_string\"}}],\"inLanguage\":\"en-US\"},{\"@type\":\"Organization\",\"@id\":\"https:\/\/www.zonacarpediem.com\/en\/#organization\",\"name\":\"Zona Carpe Diem\",\"url\":\"https:\/\/www.zonacarpediem.com\/en\/\",\"logo\":{\"@type\":\"ImageObject\",\"inLanguage\":\"en-US\",\"@id\":\"https:\/\/www.zonacarpediem.com\/en\/#\/schema\/logo\/image\/\",\"url\":\"https:\/\/www.zonacarpediem.com\/wp-content\/uploads\/2016\/12\/ZCD-Logo-for-eBay-dec-2016-200x150px.png\",\"contentUrl\":\"https:\/\/www.zonacarpediem.com\/wp-content\/uploads\/2016\/12\/ZCD-Logo-for-eBay-dec-2016-200x150px.png\",\"width\":200,\"height\":150,\"caption\":\"Zona Carpe Diem\"},\"image\":{\"@id\":\"https:\/\/www.zonacarpediem.com\/en\/#\/schema\/logo\/image\/\"},\"sameAs\":[\"https:\/\/www.facebook.com\/ZonaCarpeDiem\"]}]}<\/script>\n<!-- \/ Yoast SEO plugin. -->","yoast_head_json":{"title":"Charm OJO TURCO y MANO DE FATIMA con SOL LUNA ESTRELLA - Zona Carpe Diem","description":"Charm OJO TURCO con MANO DE FATIMA y con SOL LUNA ESTRELLA , para colgar en pared o puerta, s\u00edmbolo protector","robots":{"index":"index","follow":"follow","max-snippet":"max-snippet:-1","max-image-preview":"max-image-preview:large","max-video-preview":"max-video-preview:-1"},"canonical":"https:\/\/www.zonacarpediem.com\/en\/shop\/mystical-esoteric-and-religious-jewelery\/charm-ojo-turco-y-mano-de-fatima-con-sol-luna-estrella\/","og_locale":"en_US","og_type":"article","og_title":"Charm OJO TURCO y MANO DE FATIMA con SOL LUNA ESTRELLA - Zona Carpe Diem","og_description":"Charm OJO TURCO con MANO DE FATIMA y con SOL LUNA ESTRELLA , para colgar en pared o puerta, s\u00edmbolo protector","og_url":"https:\/\/www.zonacarpediem.com\/en\/shop\/mystical-esoteric-and-religious-jewelery\/charm-ojo-turco-y-mano-de-fatima-con-sol-luna-estrella\/","og_site_name":"Zona Carpe Diem","article_publisher":"https:\/\/www.facebook.com\/ZonaCarpeDiem","article_modified_time":"2024-01-21T11:45:51+00:00","og_image":[{"width":1920,"height":2560,"url":"https:\/\/www.zonacarpediem.com\/wp-content\/uploads\/2021\/07\/8B90BEAD-EAF9-4097-9F13-CEC5FEF87CF9-scaled.jpeg","type":"image\/jpeg"}],"twitter_misc":{"Est. reading time":"2 minutes"},"schema":{"@context":"https:\/\/schema.org","@graph":[{"@type":"WebPage","@id":"https:\/\/www.zonacarpediem.com\/en\/shop\/mystical-esoteric-and-religious-jewelery\/charm-ojo-turco-y-mano-de-fatima-con-sol-luna-estrella\/","url":"https:\/\/www.zonacarpediem.com\/en\/shop\/mystical-esoteric-and-religious-jewelery\/charm-ojo-turco-y-mano-de-fatima-con-sol-luna-estrella\/","name":"Charm OJO TURCO y MANO DE FATIMA con SOL LUNA ESTRELLA - Zona Carpe Diem","isPartOf":{"@id":"https:\/\/www.zonacarpediem.com\/en\/#website"},"primaryImageOfPage":{"@id":"https:\/\/www.zonacarpediem.com\/en\/shop\/mystical-esoteric-and-religious-jewelery\/charm-ojo-turco-y-mano-de-fatima-con-sol-luna-estrella\/#primaryimage"},"image":{"@id":"https:\/\/www.zonacarpediem.com\/en\/shop\/mystical-esoteric-and-religious-jewelery\/charm-ojo-turco-y-mano-de-fatima-con-sol-luna-estrella\/#primaryimage"},"thumbnailUrl":"https:\/\/www.zonacarpediem.com\/wp-content\/uploads\/2021\/07\/8B90BEAD-EAF9-4097-9F13-CEC5FEF87CF9-scaled.jpeg","datePublished":"2021-07-06T10:41:08+00:00","dateModified":"2024-01-21T11:45:51+00:00","description":"Charm OJO TURCO con MANO DE FATIMA y con SOL LUNA ESTRELLA , para colgar en pared o puerta, s\u00edmbolo protector","breadcrumb":{"@id":"https:\/\/www.zonacarpediem.com\/en\/shop\/mystical-esoteric-and-religious-jewelery\/charm-ojo-turco-y-mano-de-fatima-con-sol-luna-estrella\/#breadcrumb"},"inLanguage":"en-US","potentialAction":[{"@type":"ReadAction","target":["https:\/\/www.zonacarpediem.com\/en\/shop\/mystical-esoteric-and-religious-jewelery\/charm-ojo-turco-y-mano-de-fatima-con-sol-luna-estrella\/"]}]},{"@type":"ImageObject","inLanguage":"en-US","@id":"https:\/\/www.zonacarpediem.com\/en\/shop\/mystical-esoteric-and-religious-jewelery\/charm-ojo-turco-y-mano-de-fatima-con-sol-luna-estrella\/#primaryimage","url":"https:\/\/www.zonacarpediem.com\/wp-content\/uploads\/2021\/07\/8B90BEAD-EAF9-4097-9F13-CEC5FEF87CF9-scaled.jpeg","contentUrl":"https:\/\/www.zonacarpediem.com\/wp-content\/uploads\/2021\/07\/8B90BEAD-EAF9-4097-9F13-CEC5FEF87CF9-scaled.jpeg","width":1920,"height":2560,"caption":"Sol y Luna"},{"@type":"BreadcrumbList","@id":"https:\/\/www.zonacarpediem.com\/en\/shop\/mystical-esoteric-and-religious-jewelery\/charm-ojo-turco-y-mano-de-fatima-con-sol-luna-estrella\/#breadcrumb","itemListElement":[{"@type":"ListItem","position":1,"name":"Home","item":"https:\/\/www.zonacarpediem.com\/en\/home-us\/"},{"@type":"ListItem","position":2,"name":"Products","item":"https:\/\/www.zonacarpediem.com\/en\/products\/"},{"@type":"ListItem","position":3,"name":"Charm OJO TURCO y MANO DE FATIMA con SOL LUNA ESTRELLA"}]},{"@type":"WebSite","@id":"https:\/\/www.zonacarpediem.com\/en\/#website","url":"https:\/\/www.zonacarpediem.com\/en\/","name":"Zona Carpe Diem","description":"Buy with Confidence and Flirt with Brilliance, Passion Lives Here!","publisher":{"@id":"https:\/\/www.zonacarpediem.com\/en\/#organization"},"potentialAction":[{"@type":"SearchAction","target":{"@type":"EntryPoint","urlTemplate":"https:\/\/www.zonacarpediem.com\/en\/?s={search_term_string}"},"query-input":{"@type":"PropertyValueSpecification","valueRequired":true,"valueName":"search_term_string"}}],"inLanguage":"en-US"},{"@type":"Organization","@id":"https:\/\/www.zonacarpediem.com\/en\/#organization","name":"Zona Carpe Diem","url":"https:\/\/www.zonacarpediem.com\/en\/","logo":{"@type":"ImageObject","inLanguage":"en-US","@id":"https:\/\/www.zonacarpediem.com\/en\/#\/schema\/logo\/image\/","url":"https:\/\/www.zonacarpediem.com\/wp-content\/uploads\/2016\/12\/ZCD-Logo-for-eBay-dec-2016-200x150px.png","contentUrl":"https:\/\/www.zonacarpediem.com\/wp-content\/uploads\/2016\/12\/ZCD-Logo-for-eBay-dec-2016-200x150px.png","width":200,"height":150,"caption":"Zona Carpe Diem"},"image":{"@id":"https:\/\/www.zonacarpediem.com\/en\/#\/schema\/logo\/image\/"},"sameAs":["https:\/\/www.facebook.com\/ZonaCarpeDiem"]}]}},"_links":{"self":[{"href":"https:\/\/www.zonacarpediem.com\/en\/wp-json\/wp\/v2\/product\/5642","targetHints":{"allow":["GET"]}}],"collection":[{"href":"https:\/\/www.zonacarpediem.com\/en\/wp-json\/wp\/v2\/product"}],"about":[{"href":"https:\/\/www.zonacarpediem.com\/en\/wp-json\/wp\/v2\/types\/product"}],"wp:featuredmedia":[{"embeddable":true,"href":"https:\/\/www.zonacarpediem.com\/en\/wp-json\/wp\/v2\/media\/6359"}],"wp:attachment":[{"href":"https:\/\/www.zonacarpediem.com\/en\/wp-json\/wp\/v2\/media?parent=5642"}],"wp:term":[{"taxonomy":"product_brand","embeddable":true,"href":"https:\/\/www.zonacarpediem.com\/en\/wp-json\/wp\/v2\/product_brand?post=5642"},{"taxonomy":"product_cat","embeddable":true,"href":"https:\/\/www.zonacarpediem.com\/en\/wp-json\/wp\/v2\/product_cat?post=5642"},{"taxonomy":"product_tag","embeddable":true,"href":"https:\/\/www.zonacarpediem.com\/en\/wp-json\/wp\/v2\/product_tag?post=5642"}],"curies":[{"name":"wp","href":"https:\/\/api.w.org\/{rel}","templated":true}]}}