{"id":5668,"date":"2021-07-06T15:47:14","date_gmt":"2021-07-06T13:47:14","guid":{"rendered":"https:\/\/www.zonacarpediem.com\/shop\/uncategorized\/frasco-botella-de-agua-sagrada-del-rio-jordan\/"},"modified":"2024-01-20T18:00:19","modified_gmt":"2024-01-20T17:00:19","slug":"frasco-botella-de-agua-sagrada-del-rio-jordan","status":"publish","type":"product","link":"https:\/\/www.zonacarpediem.com\/en\/shop\/mystical-esoteric-and-religious-jewelery\/frasco-botella-de-agua-sagrada-del-rio-jordan\/","title":{"rendered":"Frasco de AGUA SAGRADA del R\u00cdO JORD\u00c1N"},"content":{"rendered":"<p><strong>Frasco de AGUA SAGRADA DEL R\u00cdO JORD\u00c1N ideal para bautismo \/ bautizo, comuni\u00f3n, rituales y ofrendas<\/strong><\/p>\n<p>Botella de agua sagrada del r\u00edo Jord\u00e1n, en donde Cristo fue bautizado por Juan .<\/p>\n<p>Estupendo regalo en caso de bautismo \/ bautizo, comuni\u00f3n, confirmaci\u00f3n, Navidad, Pascua y ocasiones especiales.<br \/>\nUtilizable tambi\u00e9n para rituales esot\u00e9ricos y ofrendas religiosas.<\/p>\n<p><em>Agua envasada \u00fanicamente con fines religiosos por lo que no debe ingerirse ni aplicarse sobre el cuerpo. No dejar al alcance de ni\u00f1os ni cerca de alimentos ni medicinas.<\/em><\/p>\n<p><em>Producto de Israel &#8211; Made in Israel<\/em><\/p>\n","protected":false},"excerpt":{"rendered":"<p>Frasco de AGUA SAGRADA DEL R\u00cdO JORD\u00c1N ideal para bautismo \/ bautizo, comuni\u00f3n, rituales y ofrendas<\/p>\n","protected":false},"featured_media":5667,"template":"","meta":[],"product_brand":[],"product_cat":[167,165],"product_tag":[],"class_list":{"0":"post-5668","1":"product","2":"type-product","3":"status-publish","4":"has-post-thumbnail","6":"product_cat-incense-and-essential-oils","7":"product_cat-mystical-esoteric-and-religious-jewelery","9":"first","10":"instock","11":"shipping-taxable","12":"purchasable","13":"product-type-simple"},"yoast_head":"<!-- This site is optimized with the Yoast SEO plugin v26.7 - https:\/\/yoast.com\/wordpress\/plugins\/seo\/ -->\n<title>Frasco de AGUA SAGRADA del R\u00cdO JORD\u00c1N - Zona Carpe Diem<\/title>\n<meta name=\"description\" content=\"Frasco de AGUA SAGRADA DEL R\u00cdO JORD\u00c1N ideal para bautismo \/ bautizo, comuni\u00f3n, rituales y ofrendas.\" \/>\n<meta name=\"robots\" content=\"index, follow, max-snippet:-1, max-image-preview:large, max-video-preview:-1\" \/>\n<link rel=\"canonical\" href=\"https:\/\/www.zonacarpediem.com\/en\/shop\/mystical-esoteric-and-religious-jewelery\/frasco-botella-de-agua-sagrada-del-rio-jordan\/\" \/>\n<meta property=\"og:locale\" content=\"en_US\" \/>\n<meta property=\"og:type\" content=\"article\" \/>\n<meta property=\"og:title\" content=\"Frasco de AGUA SAGRADA del R\u00cdO JORD\u00c1N - Zona Carpe Diem\" \/>\n<meta property=\"og:description\" content=\"Frasco de AGUA SAGRADA DEL R\u00cdO JORD\u00c1N ideal para bautismo \/ bautizo, comuni\u00f3n, rituales y ofrendas.\" \/>\n<meta property=\"og:url\" content=\"https:\/\/www.zonacarpediem.com\/en\/shop\/mystical-esoteric-and-religious-jewelery\/frasco-botella-de-agua-sagrada-del-rio-jordan\/\" \/>\n<meta property=\"og:site_name\" content=\"Zona Carpe Diem\" \/>\n<meta property=\"article:publisher\" content=\"https:\/\/www.facebook.com\/ZonaCarpeDiem\" \/>\n<meta property=\"article:modified_time\" content=\"2024-01-20T17:00:19+00:00\" \/>\n<meta property=\"og:image\" content=\"https:\/\/www.zonacarpediem.com\/wp-content\/uploads\/2021\/07\/Frasco-de-AGUA-SAGRADA-DEL-RIO-JORDAN-bautismo-comunion-bautizo-rituales-ofrenda-1.jpg\" \/>\n\t<meta property=\"og:image:width\" content=\"1200\" \/>\n\t<meta property=\"og:image:height\" content=\"1600\" \/>\n\t<meta property=\"og:image:type\" content=\"image\/jpeg\" \/>\n<meta name=\"twitter:label1\" content=\"Est. reading time\" \/>\n\t<meta name=\"twitter:data1\" content=\"1 minute\" \/>\n<script type=\"application\/ld+json\" class=\"yoast-schema-graph\">{\"@context\":\"https:\/\/schema.org\",\"@graph\":[{\"@type\":\"WebPage\",\"@id\":\"https:\/\/www.zonacarpediem.com\/en\/shop\/mystical-esoteric-and-religious-jewelery\/frasco-botella-de-agua-sagrada-del-rio-jordan\/\",\"url\":\"https:\/\/www.zonacarpediem.com\/en\/shop\/mystical-esoteric-and-religious-jewelery\/frasco-botella-de-agua-sagrada-del-rio-jordan\/\",\"name\":\"Frasco de AGUA SAGRADA del R\u00cdO JORD\u00c1N - Zona Carpe Diem\",\"isPartOf\":{\"@id\":\"https:\/\/www.zonacarpediem.com\/en\/#website\"},\"primaryImageOfPage\":{\"@id\":\"https:\/\/www.zonacarpediem.com\/en\/shop\/mystical-esoteric-and-religious-jewelery\/frasco-botella-de-agua-sagrada-del-rio-jordan\/#primaryimage\"},\"image\":{\"@id\":\"https:\/\/www.zonacarpediem.com\/en\/shop\/mystical-esoteric-and-religious-jewelery\/frasco-botella-de-agua-sagrada-del-rio-jordan\/#primaryimage\"},\"thumbnailUrl\":\"https:\/\/www.zonacarpediem.com\/wp-content\/uploads\/2021\/07\/Frasco-de-AGUA-SAGRADA-DEL-RIO-JORDAN-bautismo-comunion-bautizo-rituales-ofrenda-1.jpg\",\"datePublished\":\"2021-07-06T13:47:14+00:00\",\"dateModified\":\"2024-01-20T17:00:19+00:00\",\"description\":\"Frasco de AGUA SAGRADA DEL R\u00cdO JORD\u00c1N ideal para bautismo \/ bautizo, comuni\u00f3n, rituales y ofrendas.\",\"breadcrumb\":{\"@id\":\"https:\/\/www.zonacarpediem.com\/en\/shop\/mystical-esoteric-and-religious-jewelery\/frasco-botella-de-agua-sagrada-del-rio-jordan\/#breadcrumb\"},\"inLanguage\":\"en-US\",\"potentialAction\":[{\"@type\":\"ReadAction\",\"target\":[\"https:\/\/www.zonacarpediem.com\/en\/shop\/mystical-esoteric-and-religious-jewelery\/frasco-botella-de-agua-sagrada-del-rio-jordan\/\"]}]},{\"@type\":\"ImageObject\",\"inLanguage\":\"en-US\",\"@id\":\"https:\/\/www.zonacarpediem.com\/en\/shop\/mystical-esoteric-and-religious-jewelery\/frasco-botella-de-agua-sagrada-del-rio-jordan\/#primaryimage\",\"url\":\"https:\/\/www.zonacarpediem.com\/wp-content\/uploads\/2021\/07\/Frasco-de-AGUA-SAGRADA-DEL-RIO-JORDAN-bautismo-comunion-bautizo-rituales-ofrenda-1.jpg\",\"contentUrl\":\"https:\/\/www.zonacarpediem.com\/wp-content\/uploads\/2021\/07\/Frasco-de-AGUA-SAGRADA-DEL-RIO-JORDAN-bautismo-comunion-bautizo-rituales-ofrenda-1.jpg\",\"width\":1200,\"height\":1600},{\"@type\":\"BreadcrumbList\",\"@id\":\"https:\/\/www.zonacarpediem.com\/en\/shop\/mystical-esoteric-and-religious-jewelery\/frasco-botella-de-agua-sagrada-del-rio-jordan\/#breadcrumb\",\"itemListElement\":[{\"@type\":\"ListItem\",\"position\":1,\"name\":\"Home\",\"item\":\"https:\/\/www.zonacarpediem.com\/en\/home-us\/\"},{\"@type\":\"ListItem\",\"position\":2,\"name\":\"Products\",\"item\":\"https:\/\/www.zonacarpediem.com\/en\/products\/\"},{\"@type\":\"ListItem\",\"position\":3,\"name\":\"Frasco de AGUA SAGRADA del R\u00cdO JORD\u00c1N\"}]},{\"@type\":\"WebSite\",\"@id\":\"https:\/\/www.zonacarpediem.com\/en\/#website\",\"url\":\"https:\/\/www.zonacarpediem.com\/en\/\",\"name\":\"Zona Carpe Diem\",\"description\":\"Buy with Confidence and Flirt with Brilliance, Passion Lives Here!\",\"publisher\":{\"@id\":\"https:\/\/www.zonacarpediem.com\/en\/#organization\"},\"potentialAction\":[{\"@type\":\"SearchAction\",\"target\":{\"@type\":\"EntryPoint\",\"urlTemplate\":\"https:\/\/www.zonacarpediem.com\/en\/?s={search_term_string}\"},\"query-input\":{\"@type\":\"PropertyValueSpecification\",\"valueRequired\":true,\"valueName\":\"search_term_string\"}}],\"inLanguage\":\"en-US\"},{\"@type\":\"Organization\",\"@id\":\"https:\/\/www.zonacarpediem.com\/en\/#organization\",\"name\":\"Zona Carpe Diem\",\"url\":\"https:\/\/www.zonacarpediem.com\/en\/\",\"logo\":{\"@type\":\"ImageObject\",\"inLanguage\":\"en-US\",\"@id\":\"https:\/\/www.zonacarpediem.com\/en\/#\/schema\/logo\/image\/\",\"url\":\"https:\/\/www.zonacarpediem.com\/wp-content\/uploads\/2016\/12\/ZCD-Logo-for-eBay-dec-2016-200x150px.png\",\"contentUrl\":\"https:\/\/www.zonacarpediem.com\/wp-content\/uploads\/2016\/12\/ZCD-Logo-for-eBay-dec-2016-200x150px.png\",\"width\":200,\"height\":150,\"caption\":\"Zona Carpe Diem\"},\"image\":{\"@id\":\"https:\/\/www.zonacarpediem.com\/en\/#\/schema\/logo\/image\/\"},\"sameAs\":[\"https:\/\/www.facebook.com\/ZonaCarpeDiem\"]}]}<\/script>\n<!-- \/ Yoast SEO plugin. -->","yoast_head_json":{"title":"Frasco de AGUA SAGRADA del R\u00cdO JORD\u00c1N - Zona Carpe Diem","description":"Frasco de AGUA SAGRADA DEL R\u00cdO JORD\u00c1N ideal para bautismo \/ bautizo, comuni\u00f3n, rituales y ofrendas.","robots":{"index":"index","follow":"follow","max-snippet":"max-snippet:-1","max-image-preview":"max-image-preview:large","max-video-preview":"max-video-preview:-1"},"canonical":"https:\/\/www.zonacarpediem.com\/en\/shop\/mystical-esoteric-and-religious-jewelery\/frasco-botella-de-agua-sagrada-del-rio-jordan\/","og_locale":"en_US","og_type":"article","og_title":"Frasco de AGUA SAGRADA del R\u00cdO JORD\u00c1N - Zona Carpe Diem","og_description":"Frasco de AGUA SAGRADA DEL R\u00cdO JORD\u00c1N ideal para bautismo \/ bautizo, comuni\u00f3n, rituales y ofrendas.","og_url":"https:\/\/www.zonacarpediem.com\/en\/shop\/mystical-esoteric-and-religious-jewelery\/frasco-botella-de-agua-sagrada-del-rio-jordan\/","og_site_name":"Zona Carpe Diem","article_publisher":"https:\/\/www.facebook.com\/ZonaCarpeDiem","article_modified_time":"2024-01-20T17:00:19+00:00","og_image":[{"width":1200,"height":1600,"url":"https:\/\/www.zonacarpediem.com\/wp-content\/uploads\/2021\/07\/Frasco-de-AGUA-SAGRADA-DEL-RIO-JORDAN-bautismo-comunion-bautizo-rituales-ofrenda-1.jpg","type":"image\/jpeg"}],"twitter_misc":{"Est. reading time":"1 minute"},"schema":{"@context":"https:\/\/schema.org","@graph":[{"@type":"WebPage","@id":"https:\/\/www.zonacarpediem.com\/en\/shop\/mystical-esoteric-and-religious-jewelery\/frasco-botella-de-agua-sagrada-del-rio-jordan\/","url":"https:\/\/www.zonacarpediem.com\/en\/shop\/mystical-esoteric-and-religious-jewelery\/frasco-botella-de-agua-sagrada-del-rio-jordan\/","name":"Frasco de AGUA SAGRADA del R\u00cdO JORD\u00c1N - Zona Carpe Diem","isPartOf":{"@id":"https:\/\/www.zonacarpediem.com\/en\/#website"},"primaryImageOfPage":{"@id":"https:\/\/www.zonacarpediem.com\/en\/shop\/mystical-esoteric-and-religious-jewelery\/frasco-botella-de-agua-sagrada-del-rio-jordan\/#primaryimage"},"image":{"@id":"https:\/\/www.zonacarpediem.com\/en\/shop\/mystical-esoteric-and-religious-jewelery\/frasco-botella-de-agua-sagrada-del-rio-jordan\/#primaryimage"},"thumbnailUrl":"https:\/\/www.zonacarpediem.com\/wp-content\/uploads\/2021\/07\/Frasco-de-AGUA-SAGRADA-DEL-RIO-JORDAN-bautismo-comunion-bautizo-rituales-ofrenda-1.jpg","datePublished":"2021-07-06T13:47:14+00:00","dateModified":"2024-01-20T17:00:19+00:00","description":"Frasco de AGUA SAGRADA DEL R\u00cdO JORD\u00c1N ideal para bautismo \/ bautizo, comuni\u00f3n, rituales y ofrendas.","breadcrumb":{"@id":"https:\/\/www.zonacarpediem.com\/en\/shop\/mystical-esoteric-and-religious-jewelery\/frasco-botella-de-agua-sagrada-del-rio-jordan\/#breadcrumb"},"inLanguage":"en-US","potentialAction":[{"@type":"ReadAction","target":["https:\/\/www.zonacarpediem.com\/en\/shop\/mystical-esoteric-and-religious-jewelery\/frasco-botella-de-agua-sagrada-del-rio-jordan\/"]}]},{"@type":"ImageObject","inLanguage":"en-US","@id":"https:\/\/www.zonacarpediem.com\/en\/shop\/mystical-esoteric-and-religious-jewelery\/frasco-botella-de-agua-sagrada-del-rio-jordan\/#primaryimage","url":"https:\/\/www.zonacarpediem.com\/wp-content\/uploads\/2021\/07\/Frasco-de-AGUA-SAGRADA-DEL-RIO-JORDAN-bautismo-comunion-bautizo-rituales-ofrenda-1.jpg","contentUrl":"https:\/\/www.zonacarpediem.com\/wp-content\/uploads\/2021\/07\/Frasco-de-AGUA-SAGRADA-DEL-RIO-JORDAN-bautismo-comunion-bautizo-rituales-ofrenda-1.jpg","width":1200,"height":1600},{"@type":"BreadcrumbList","@id":"https:\/\/www.zonacarpediem.com\/en\/shop\/mystical-esoteric-and-religious-jewelery\/frasco-botella-de-agua-sagrada-del-rio-jordan\/#breadcrumb","itemListElement":[{"@type":"ListItem","position":1,"name":"Home","item":"https:\/\/www.zonacarpediem.com\/en\/home-us\/"},{"@type":"ListItem","position":2,"name":"Products","item":"https:\/\/www.zonacarpediem.com\/en\/products\/"},{"@type":"ListItem","position":3,"name":"Frasco de AGUA SAGRADA del R\u00cdO JORD\u00c1N"}]},{"@type":"WebSite","@id":"https:\/\/www.zonacarpediem.com\/en\/#website","url":"https:\/\/www.zonacarpediem.com\/en\/","name":"Zona Carpe Diem","description":"Buy with Confidence and Flirt with Brilliance, Passion Lives Here!","publisher":{"@id":"https:\/\/www.zonacarpediem.com\/en\/#organization"},"potentialAction":[{"@type":"SearchAction","target":{"@type":"EntryPoint","urlTemplate":"https:\/\/www.zonacarpediem.com\/en\/?s={search_term_string}"},"query-input":{"@type":"PropertyValueSpecification","valueRequired":true,"valueName":"search_term_string"}}],"inLanguage":"en-US"},{"@type":"Organization","@id":"https:\/\/www.zonacarpediem.com\/en\/#organization","name":"Zona Carpe Diem","url":"https:\/\/www.zonacarpediem.com\/en\/","logo":{"@type":"ImageObject","inLanguage":"en-US","@id":"https:\/\/www.zonacarpediem.com\/en\/#\/schema\/logo\/image\/","url":"https:\/\/www.zonacarpediem.com\/wp-content\/uploads\/2016\/12\/ZCD-Logo-for-eBay-dec-2016-200x150px.png","contentUrl":"https:\/\/www.zonacarpediem.com\/wp-content\/uploads\/2016\/12\/ZCD-Logo-for-eBay-dec-2016-200x150px.png","width":200,"height":150,"caption":"Zona Carpe Diem"},"image":{"@id":"https:\/\/www.zonacarpediem.com\/en\/#\/schema\/logo\/image\/"},"sameAs":["https:\/\/www.facebook.com\/ZonaCarpeDiem"]}]}},"_links":{"self":[{"href":"https:\/\/www.zonacarpediem.com\/en\/wp-json\/wp\/v2\/product\/5668","targetHints":{"allow":["GET"]}}],"collection":[{"href":"https:\/\/www.zonacarpediem.com\/en\/wp-json\/wp\/v2\/product"}],"about":[{"href":"https:\/\/www.zonacarpediem.com\/en\/wp-json\/wp\/v2\/types\/product"}],"wp:featuredmedia":[{"embeddable":true,"href":"https:\/\/www.zonacarpediem.com\/en\/wp-json\/wp\/v2\/media\/5667"}],"wp:attachment":[{"href":"https:\/\/www.zonacarpediem.com\/en\/wp-json\/wp\/v2\/media?parent=5668"}],"wp:term":[{"taxonomy":"product_brand","embeddable":true,"href":"https:\/\/www.zonacarpediem.com\/en\/wp-json\/wp\/v2\/product_brand?post=5668"},{"taxonomy":"product_cat","embeddable":true,"href":"https:\/\/www.zonacarpediem.com\/en\/wp-json\/wp\/v2\/product_cat?post=5668"},{"taxonomy":"product_tag","embeddable":true,"href":"https:\/\/www.zonacarpediem.com\/en\/wp-json\/wp\/v2\/product_tag?post=5668"}],"curies":[{"name":"wp","href":"https:\/\/api.w.org\/{rel}","templated":true}]}}