{"id":5672,"date":"2021-07-06T16:02:44","date_gmt":"2021-07-06T14:02:44","guid":{"rendered":"https:\/\/www.zonacarpediem.com\/shop\/uncategorized\/3-frascos-de-aceite-tierra-de-jerusalen-y-agua-sagrada-del-rio-jordan-bautizo\/"},"modified":"2024-03-23T15:51:20","modified_gmt":"2024-03-23T14:51:20","slug":"3-frascos-de-aceite-tierra-de-jerusalen-y-agua-sagrada-del-rio-jordan-bautizo","status":"publish","type":"product","link":"https:\/\/www.zonacarpediem.com\/en\/shop\/mystical-esoteric-and-religious-jewelery\/3-frascos-de-aceite-tierra-de-jerusalen-y-agua-sagrada-del-rio-jordan-bautizo\/","title":{"rendered":"3 Frascos de ACEITE DE OLIVA, TIERRA de JERUSAL\u00c9N y AGUA SAGRADA del R\u00cdO JORD\u00c1N"},"content":{"rendered":"<p><strong>3 frascos de ACEITE DE GALILEA, TIERRA DE JERUSAL\u00c9N, AGUA SAGRADA EL R\u00cdO JORD\u00c1N elementos simb\u00f3licos de la Tierra Santa<\/strong><\/p>\n<p>TABGA &#8211; IGLESIA DE LA MULTIPLICACI\u00d3N &#8211; MAR DE GALILEA<\/p>\n<p>Cajita de cart\u00f3n decorada con dibujos de la Galilea con el siguiente contenido:<\/p>\n<p>Frasco de agua sagrada del rio Jord\u00e1n, en donde Cristo fu\u00e9 bautizado por Juan<br \/>\nEl agua santa suele regalarse en bautizos.<\/p>\n<p>Frasco de tierra, arena y piedras, de Jerusal\u00e9n<\/p>\n<p>Frasco de aceite de oliva virgen de la Galilea<\/p>\n<p>Estupendo regalo en caso de bautismo \/ bautizo, comuni\u00f3n, confirmaci\u00f3n, Navidad y en ocasiones especiales.<\/p>\n<p><em>Contenido \u00fanicamente con fines religiosos por lo que no debe ingerirse ni aplicarse sobre el cuerpo. No dejar al alcance de ni\u00f1os ni cerca de alimentos ni medicinas.<\/em><\/p>\n<p><em>Producto de Israel \u2013 Made in Israel<\/em><\/p>\n","protected":false},"excerpt":{"rendered":"<p>3 frascos de ACEITE DE GALILEA, TIERRA DE JERUSAL\u00c9N, AGUA SAGRADA EL R\u00cdO JORD\u00c1N elementos simb\u00f3licos de la Tierra Santa<\/p>\n","protected":false},"featured_media":5665,"template":"","meta":[],"product_brand":[],"product_cat":[167,165],"product_tag":[],"class_list":{"0":"post-5672","1":"product","2":"type-product","3":"status-publish","4":"has-post-thumbnail","6":"product_cat-incense-and-essential-oils","7":"product_cat-mystical-esoteric-and-religious-jewelery","9":"first","10":"instock","11":"shipping-taxable","12":"purchasable","13":"product-type-simple"},"yoast_head":"<!-- This site is optimized with the Yoast SEO plugin v26.7 - https:\/\/yoast.com\/wordpress\/plugins\/seo\/ -->\n<title>3 Frascos de ACEITE DE OLIVA, TIERRA de JERUSAL\u00c9N y AGUA SAGRADA del R\u00cdO JORD\u00c1N - Zona Carpe Diem<\/title>\n<meta name=\"description\" content=\"3 Frascos de ACEITE DE OLIVA, TIERRA de JERUSAL\u00c9N y AGUA SAGRADA del R\u00cdO JORD\u00c1N - Elementos simb\u00f3licos de la Tierra Santa.\" \/>\n<meta name=\"robots\" content=\"index, follow, max-snippet:-1, max-image-preview:large, max-video-preview:-1\" \/>\n<link rel=\"canonical\" href=\"https:\/\/www.zonacarpediem.com\/en\/shop\/mystical-esoteric-and-religious-jewelery\/3-frascos-de-aceite-tierra-de-jerusalen-y-agua-sagrada-del-rio-jordan-bautizo\/\" \/>\n<meta property=\"og:locale\" content=\"en_US\" \/>\n<meta property=\"og:type\" content=\"article\" \/>\n<meta property=\"og:title\" content=\"3 Frascos de ACEITE DE OLIVA, TIERRA de JERUSAL\u00c9N y AGUA SAGRADA del R\u00cdO JORD\u00c1N - Zona Carpe Diem\" \/>\n<meta property=\"og:description\" content=\"3 Frascos de ACEITE DE OLIVA, TIERRA de JERUSAL\u00c9N y AGUA SAGRADA del R\u00cdO JORD\u00c1N - Elementos simb\u00f3licos de la Tierra Santa.\" \/>\n<meta property=\"og:url\" content=\"https:\/\/www.zonacarpediem.com\/en\/shop\/mystical-esoteric-and-religious-jewelery\/3-frascos-de-aceite-tierra-de-jerusalen-y-agua-sagrada-del-rio-jordan-bautizo\/\" \/>\n<meta property=\"og:site_name\" content=\"Zona Carpe Diem\" \/>\n<meta property=\"article:publisher\" content=\"https:\/\/www.facebook.com\/ZonaCarpeDiem\" \/>\n<meta property=\"article:modified_time\" content=\"2024-03-23T14:51:20+00:00\" \/>\n<meta property=\"og:image\" content=\"https:\/\/www.zonacarpediem.com\/wp-content\/uploads\/2021\/07\/ACEITE-TIERRA-DE-JERUSALEN-AGUA-SAGRADA-RIO-JORDAN-bautismo-comunion-confirmacio-1.jpg\" \/>\n\t<meta property=\"og:image:width\" content=\"1600\" \/>\n\t<meta property=\"og:image:height\" content=\"1368\" \/>\n\t<meta property=\"og:image:type\" content=\"image\/jpeg\" \/>\n<meta name=\"twitter:label1\" content=\"Est. reading time\" \/>\n\t<meta name=\"twitter:data1\" content=\"1 minute\" \/>\n<script type=\"application\/ld+json\" class=\"yoast-schema-graph\">{\"@context\":\"https:\/\/schema.org\",\"@graph\":[{\"@type\":\"WebPage\",\"@id\":\"https:\/\/www.zonacarpediem.com\/en\/shop\/mystical-esoteric-and-religious-jewelery\/3-frascos-de-aceite-tierra-de-jerusalen-y-agua-sagrada-del-rio-jordan-bautizo\/\",\"url\":\"https:\/\/www.zonacarpediem.com\/en\/shop\/mystical-esoteric-and-religious-jewelery\/3-frascos-de-aceite-tierra-de-jerusalen-y-agua-sagrada-del-rio-jordan-bautizo\/\",\"name\":\"3 Frascos de ACEITE DE OLIVA, TIERRA de JERUSAL\u00c9N y AGUA SAGRADA del R\u00cdO JORD\u00c1N - Zona Carpe Diem\",\"isPartOf\":{\"@id\":\"https:\/\/www.zonacarpediem.com\/en\/#website\"},\"primaryImageOfPage\":{\"@id\":\"https:\/\/www.zonacarpediem.com\/en\/shop\/mystical-esoteric-and-religious-jewelery\/3-frascos-de-aceite-tierra-de-jerusalen-y-agua-sagrada-del-rio-jordan-bautizo\/#primaryimage\"},\"image\":{\"@id\":\"https:\/\/www.zonacarpediem.com\/en\/shop\/mystical-esoteric-and-religious-jewelery\/3-frascos-de-aceite-tierra-de-jerusalen-y-agua-sagrada-del-rio-jordan-bautizo\/#primaryimage\"},\"thumbnailUrl\":\"https:\/\/www.zonacarpediem.com\/wp-content\/uploads\/2021\/07\/ACEITE-TIERRA-DE-JERUSALEN-AGUA-SAGRADA-RIO-JORDAN-bautismo-comunion-confirmacio-1.jpg\",\"datePublished\":\"2021-07-06T14:02:44+00:00\",\"dateModified\":\"2024-03-23T14:51:20+00:00\",\"description\":\"3 Frascos de ACEITE DE OLIVA, TIERRA de JERUSAL\u00c9N y AGUA SAGRADA del R\u00cdO JORD\u00c1N - Elementos simb\u00f3licos de la Tierra Santa.\",\"breadcrumb\":{\"@id\":\"https:\/\/www.zonacarpediem.com\/en\/shop\/mystical-esoteric-and-religious-jewelery\/3-frascos-de-aceite-tierra-de-jerusalen-y-agua-sagrada-del-rio-jordan-bautizo\/#breadcrumb\"},\"inLanguage\":\"en-US\",\"potentialAction\":[{\"@type\":\"ReadAction\",\"target\":[\"https:\/\/www.zonacarpediem.com\/en\/shop\/mystical-esoteric-and-religious-jewelery\/3-frascos-de-aceite-tierra-de-jerusalen-y-agua-sagrada-del-rio-jordan-bautizo\/\"]}]},{\"@type\":\"ImageObject\",\"inLanguage\":\"en-US\",\"@id\":\"https:\/\/www.zonacarpediem.com\/en\/shop\/mystical-esoteric-and-religious-jewelery\/3-frascos-de-aceite-tierra-de-jerusalen-y-agua-sagrada-del-rio-jordan-bautizo\/#primaryimage\",\"url\":\"https:\/\/www.zonacarpediem.com\/wp-content\/uploads\/2021\/07\/ACEITE-TIERRA-DE-JERUSALEN-AGUA-SAGRADA-RIO-JORDAN-bautismo-comunion-confirmacio-1.jpg\",\"contentUrl\":\"https:\/\/www.zonacarpediem.com\/wp-content\/uploads\/2021\/07\/ACEITE-TIERRA-DE-JERUSALEN-AGUA-SAGRADA-RIO-JORDAN-bautismo-comunion-confirmacio-1.jpg\",\"width\":1600,\"height\":1368},{\"@type\":\"BreadcrumbList\",\"@id\":\"https:\/\/www.zonacarpediem.com\/en\/shop\/mystical-esoteric-and-religious-jewelery\/3-frascos-de-aceite-tierra-de-jerusalen-y-agua-sagrada-del-rio-jordan-bautizo\/#breadcrumb\",\"itemListElement\":[{\"@type\":\"ListItem\",\"position\":1,\"name\":\"Home\",\"item\":\"https:\/\/www.zonacarpediem.com\/en\/home-us\/\"},{\"@type\":\"ListItem\",\"position\":2,\"name\":\"Products\",\"item\":\"https:\/\/www.zonacarpediem.com\/en\/products\/\"},{\"@type\":\"ListItem\",\"position\":3,\"name\":\"3 Frascos de ACEITE DE OLIVA, TIERRA de JERUSAL\u00c9N y AGUA SAGRADA del R\u00cdO JORD\u00c1N\"}]},{\"@type\":\"WebSite\",\"@id\":\"https:\/\/www.zonacarpediem.com\/en\/#website\",\"url\":\"https:\/\/www.zonacarpediem.com\/en\/\",\"name\":\"Zona Carpe Diem\",\"description\":\"Buy with Confidence and Flirt with Brilliance, Passion Lives Here!\",\"publisher\":{\"@id\":\"https:\/\/www.zonacarpediem.com\/en\/#organization\"},\"potentialAction\":[{\"@type\":\"SearchAction\",\"target\":{\"@type\":\"EntryPoint\",\"urlTemplate\":\"https:\/\/www.zonacarpediem.com\/en\/?s={search_term_string}\"},\"query-input\":{\"@type\":\"PropertyValueSpecification\",\"valueRequired\":true,\"valueName\":\"search_term_string\"}}],\"inLanguage\":\"en-US\"},{\"@type\":\"Organization\",\"@id\":\"https:\/\/www.zonacarpediem.com\/en\/#organization\",\"name\":\"Zona Carpe Diem\",\"url\":\"https:\/\/www.zonacarpediem.com\/en\/\",\"logo\":{\"@type\":\"ImageObject\",\"inLanguage\":\"en-US\",\"@id\":\"https:\/\/www.zonacarpediem.com\/en\/#\/schema\/logo\/image\/\",\"url\":\"https:\/\/www.zonacarpediem.com\/wp-content\/uploads\/2016\/12\/ZCD-Logo-for-eBay-dec-2016-200x150px.png\",\"contentUrl\":\"https:\/\/www.zonacarpediem.com\/wp-content\/uploads\/2016\/12\/ZCD-Logo-for-eBay-dec-2016-200x150px.png\",\"width\":200,\"height\":150,\"caption\":\"Zona Carpe Diem\"},\"image\":{\"@id\":\"https:\/\/www.zonacarpediem.com\/en\/#\/schema\/logo\/image\/\"},\"sameAs\":[\"https:\/\/www.facebook.com\/ZonaCarpeDiem\"]}]}<\/script>\n<!-- \/ Yoast SEO plugin. -->","yoast_head_json":{"title":"3 Frascos de ACEITE DE OLIVA, TIERRA de JERUSAL\u00c9N y AGUA SAGRADA del R\u00cdO JORD\u00c1N - Zona Carpe Diem","description":"3 Frascos de ACEITE DE OLIVA, TIERRA de JERUSAL\u00c9N y AGUA SAGRADA del R\u00cdO JORD\u00c1N - Elementos simb\u00f3licos de la Tierra Santa.","robots":{"index":"index","follow":"follow","max-snippet":"max-snippet:-1","max-image-preview":"max-image-preview:large","max-video-preview":"max-video-preview:-1"},"canonical":"https:\/\/www.zonacarpediem.com\/en\/shop\/mystical-esoteric-and-religious-jewelery\/3-frascos-de-aceite-tierra-de-jerusalen-y-agua-sagrada-del-rio-jordan-bautizo\/","og_locale":"en_US","og_type":"article","og_title":"3 Frascos de ACEITE DE OLIVA, TIERRA de JERUSAL\u00c9N y AGUA SAGRADA del R\u00cdO JORD\u00c1N - Zona Carpe Diem","og_description":"3 Frascos de ACEITE DE OLIVA, TIERRA de JERUSAL\u00c9N y AGUA SAGRADA del R\u00cdO JORD\u00c1N - Elementos simb\u00f3licos de la Tierra Santa.","og_url":"https:\/\/www.zonacarpediem.com\/en\/shop\/mystical-esoteric-and-religious-jewelery\/3-frascos-de-aceite-tierra-de-jerusalen-y-agua-sagrada-del-rio-jordan-bautizo\/","og_site_name":"Zona Carpe Diem","article_publisher":"https:\/\/www.facebook.com\/ZonaCarpeDiem","article_modified_time":"2024-03-23T14:51:20+00:00","og_image":[{"width":1600,"height":1368,"url":"https:\/\/www.zonacarpediem.com\/wp-content\/uploads\/2021\/07\/ACEITE-TIERRA-DE-JERUSALEN-AGUA-SAGRADA-RIO-JORDAN-bautismo-comunion-confirmacio-1.jpg","type":"image\/jpeg"}],"twitter_misc":{"Est. reading time":"1 minute"},"schema":{"@context":"https:\/\/schema.org","@graph":[{"@type":"WebPage","@id":"https:\/\/www.zonacarpediem.com\/en\/shop\/mystical-esoteric-and-religious-jewelery\/3-frascos-de-aceite-tierra-de-jerusalen-y-agua-sagrada-del-rio-jordan-bautizo\/","url":"https:\/\/www.zonacarpediem.com\/en\/shop\/mystical-esoteric-and-religious-jewelery\/3-frascos-de-aceite-tierra-de-jerusalen-y-agua-sagrada-del-rio-jordan-bautizo\/","name":"3 Frascos de ACEITE DE OLIVA, TIERRA de JERUSAL\u00c9N y AGUA SAGRADA del R\u00cdO JORD\u00c1N - Zona Carpe Diem","isPartOf":{"@id":"https:\/\/www.zonacarpediem.com\/en\/#website"},"primaryImageOfPage":{"@id":"https:\/\/www.zonacarpediem.com\/en\/shop\/mystical-esoteric-and-religious-jewelery\/3-frascos-de-aceite-tierra-de-jerusalen-y-agua-sagrada-del-rio-jordan-bautizo\/#primaryimage"},"image":{"@id":"https:\/\/www.zonacarpediem.com\/en\/shop\/mystical-esoteric-and-religious-jewelery\/3-frascos-de-aceite-tierra-de-jerusalen-y-agua-sagrada-del-rio-jordan-bautizo\/#primaryimage"},"thumbnailUrl":"https:\/\/www.zonacarpediem.com\/wp-content\/uploads\/2021\/07\/ACEITE-TIERRA-DE-JERUSALEN-AGUA-SAGRADA-RIO-JORDAN-bautismo-comunion-confirmacio-1.jpg","datePublished":"2021-07-06T14:02:44+00:00","dateModified":"2024-03-23T14:51:20+00:00","description":"3 Frascos de ACEITE DE OLIVA, TIERRA de JERUSAL\u00c9N y AGUA SAGRADA del R\u00cdO JORD\u00c1N - Elementos simb\u00f3licos de la Tierra Santa.","breadcrumb":{"@id":"https:\/\/www.zonacarpediem.com\/en\/shop\/mystical-esoteric-and-religious-jewelery\/3-frascos-de-aceite-tierra-de-jerusalen-y-agua-sagrada-del-rio-jordan-bautizo\/#breadcrumb"},"inLanguage":"en-US","potentialAction":[{"@type":"ReadAction","target":["https:\/\/www.zonacarpediem.com\/en\/shop\/mystical-esoteric-and-religious-jewelery\/3-frascos-de-aceite-tierra-de-jerusalen-y-agua-sagrada-del-rio-jordan-bautizo\/"]}]},{"@type":"ImageObject","inLanguage":"en-US","@id":"https:\/\/www.zonacarpediem.com\/en\/shop\/mystical-esoteric-and-religious-jewelery\/3-frascos-de-aceite-tierra-de-jerusalen-y-agua-sagrada-del-rio-jordan-bautizo\/#primaryimage","url":"https:\/\/www.zonacarpediem.com\/wp-content\/uploads\/2021\/07\/ACEITE-TIERRA-DE-JERUSALEN-AGUA-SAGRADA-RIO-JORDAN-bautismo-comunion-confirmacio-1.jpg","contentUrl":"https:\/\/www.zonacarpediem.com\/wp-content\/uploads\/2021\/07\/ACEITE-TIERRA-DE-JERUSALEN-AGUA-SAGRADA-RIO-JORDAN-bautismo-comunion-confirmacio-1.jpg","width":1600,"height":1368},{"@type":"BreadcrumbList","@id":"https:\/\/www.zonacarpediem.com\/en\/shop\/mystical-esoteric-and-religious-jewelery\/3-frascos-de-aceite-tierra-de-jerusalen-y-agua-sagrada-del-rio-jordan-bautizo\/#breadcrumb","itemListElement":[{"@type":"ListItem","position":1,"name":"Home","item":"https:\/\/www.zonacarpediem.com\/en\/home-us\/"},{"@type":"ListItem","position":2,"name":"Products","item":"https:\/\/www.zonacarpediem.com\/en\/products\/"},{"@type":"ListItem","position":3,"name":"3 Frascos de ACEITE DE OLIVA, TIERRA de JERUSAL\u00c9N y AGUA SAGRADA del R\u00cdO JORD\u00c1N"}]},{"@type":"WebSite","@id":"https:\/\/www.zonacarpediem.com\/en\/#website","url":"https:\/\/www.zonacarpediem.com\/en\/","name":"Zona Carpe Diem","description":"Buy with Confidence and Flirt with Brilliance, Passion Lives Here!","publisher":{"@id":"https:\/\/www.zonacarpediem.com\/en\/#organization"},"potentialAction":[{"@type":"SearchAction","target":{"@type":"EntryPoint","urlTemplate":"https:\/\/www.zonacarpediem.com\/en\/?s={search_term_string}"},"query-input":{"@type":"PropertyValueSpecification","valueRequired":true,"valueName":"search_term_string"}}],"inLanguage":"en-US"},{"@type":"Organization","@id":"https:\/\/www.zonacarpediem.com\/en\/#organization","name":"Zona Carpe Diem","url":"https:\/\/www.zonacarpediem.com\/en\/","logo":{"@type":"ImageObject","inLanguage":"en-US","@id":"https:\/\/www.zonacarpediem.com\/en\/#\/schema\/logo\/image\/","url":"https:\/\/www.zonacarpediem.com\/wp-content\/uploads\/2016\/12\/ZCD-Logo-for-eBay-dec-2016-200x150px.png","contentUrl":"https:\/\/www.zonacarpediem.com\/wp-content\/uploads\/2016\/12\/ZCD-Logo-for-eBay-dec-2016-200x150px.png","width":200,"height":150,"caption":"Zona Carpe Diem"},"image":{"@id":"https:\/\/www.zonacarpediem.com\/en\/#\/schema\/logo\/image\/"},"sameAs":["https:\/\/www.facebook.com\/ZonaCarpeDiem"]}]}},"_links":{"self":[{"href":"https:\/\/www.zonacarpediem.com\/en\/wp-json\/wp\/v2\/product\/5672","targetHints":{"allow":["GET"]}}],"collection":[{"href":"https:\/\/www.zonacarpediem.com\/en\/wp-json\/wp\/v2\/product"}],"about":[{"href":"https:\/\/www.zonacarpediem.com\/en\/wp-json\/wp\/v2\/types\/product"}],"wp:featuredmedia":[{"embeddable":true,"href":"https:\/\/www.zonacarpediem.com\/en\/wp-json\/wp\/v2\/media\/5665"}],"wp:attachment":[{"href":"https:\/\/www.zonacarpediem.com\/en\/wp-json\/wp\/v2\/media?parent=5672"}],"wp:term":[{"taxonomy":"product_brand","embeddable":true,"href":"https:\/\/www.zonacarpediem.com\/en\/wp-json\/wp\/v2\/product_brand?post=5672"},{"taxonomy":"product_cat","embeddable":true,"href":"https:\/\/www.zonacarpediem.com\/en\/wp-json\/wp\/v2\/product_cat?post=5672"},{"taxonomy":"product_tag","embeddable":true,"href":"https:\/\/www.zonacarpediem.com\/en\/wp-json\/wp\/v2\/product_tag?post=5672"}],"curies":[{"name":"wp","href":"https:\/\/api.w.org\/{rel}","templated":true}]}}