{"id":5752,"date":"2021-07-07T19:10:49","date_gmt":"2021-07-07T17:10:49","guid":{"rendered":"https:\/\/www.zonacarpediem.com\/?post_type=product&#038;p=5752"},"modified":"2022-02-09T09:27:05","modified_gmt":"2022-02-09T08:27:05","slug":"ludy-lescot-tarot-original-lo-scarabeo-arte-de-patrizio-evangelisti","status":"publish","type":"product","link":"https:\/\/www.zonacarpediem.com\/en\/shop\/tarots-en\/ludy-lescot-tarot-original-lo-scarabeo-arte-de-patrizio-evangelisti\/","title":{"rendered":"LUDY LESCOT TAROT, original LO SCARABEO, arte de Patrizio Evangelisti"},"content":{"rendered":"<p><strong>LUDY LESCOT TAROT, original LO SCARABEO, fabricado en Italia, arte de PATRIZIO EVANGELISTI<\/strong><\/p>\n<p>RARO Y DESCATALOGADO<\/p>\n<p><strong>FABRICADO EN ITALIA POR LO SCARABEO, TORINO<\/strong><br \/>\nHist\u00f3rico fabricante de naipes italiano conocido en todo el mundo por la calidad de sus productos.<\/p>\n<p>Consta de 78 cartas m\u00e1gicas a todo color y manual con instrucciones adivinatorias multiling\u00fce, divididas en<\/p>\n<p>22 arcanos mayores y<br \/>\n56 arcanos menores.<\/p>\n<p>En precioso estuche protector de tapa blanda.<\/p>\n<p>El estilo \u00fanico e inconformista de esta baraja es imposible de clasificar.<br \/>\nEn primer lugar, la caja. A los paganos les encantar\u00e1. Negra con un Ankh morada, que las matriarcas pueden interpretar como el signo de Venus.<br \/>\nLa mayor\u00eda de las protagonistas de las cartas son mujeres. La consideraci\u00f3n de las razones por las que se han dado papeles particulares a un sexo concreto dentro de la baraja nos lleva inevitablemente a la conclusi\u00f3n de que se trata de una baraja pagana, a pesar del gran n\u00famero de crucifijos que hay en las im\u00e1genes (por ejemplo, la mujer de los 2 c\u00e1lices lleva un caduceo).<\/p>\n<p>Ninguno de los arcanos mayores tiene t\u00edtulo, simplemente llevan un n\u00famero del 0 al 21. Los menores simplemente muestran el s\u00edmbolo del palo (parte superior de la carta) con un n\u00famero del 1 al 10 en la parte inferior. Las cartas de la corte se distinguen por s\u00edmbolos diferentes, para el Rey, la Reina, el Caballero y el Brib\u00f3n.<\/p>\n<p>Se trata de una idea fabulosa, que Lo Scarabeo parece utilizar con m\u00e1s frecuencia. Muchas de sus barajas llevan im\u00e1genes abarrotadas de t\u00edtulos en hasta seis idiomas. En este caso, el formato es claro, sencillo y universal, y ofrece un mayor espacio para la imagen, que es lo m\u00e1s importante.<\/p>\n<p>Ludy Lescot es un personaje ficticio al que se da vida en la manifestaci\u00f3n de esta baraja. Es, &#8220;una joven estudiante de arte y lectora de Tarot . . que se puede encontrar en la zona de la famosa Calle Bourbon al Barrio Franc\u00e9s de Nueva Orleans . . ha escrito varias publicaciones sobre esoterismo, pero rara vez con su propio nombre&#8221;.<br \/>\n&#8220;Ludy es muy t\u00edmida, pero inesperadamente experiment\u00f3 una popularidad no deseada&#8221; cuando algunas personalidades famosas para las que hac\u00eda lecturas revelaron a la prensa su extra\u00f1a capacidad para predecir el futuro y , incluyendo declararon que sus valiosos consejos tuvieron un enorme y positivo impacto en sus vidas.<\/p>\n<p>Siguiendo fielmente los apuntes, bocetos, instrucciones y dibujos de Ludy, <strong>Patrizio Evangelisti<\/strong> ha creado una fascinante baraja de tarot con gran poder simb\u00f3lico y expresivo, capaz de capaz de llegar al coraz\u00f3n de todos los que la utilizan, de gran resistencia a la deformaci\u00f3n simb\u00f3lica y expresiva, capaz de tocar el coraz\u00f3n de los lectores.<\/p>\n<p>&nbsp;<\/p>\n<p>&nbsp;<\/p>\n<p>&nbsp;<\/p>\n<p>Cartas que tienen como objetivo despertar la mente del hombre a otros niveles, a trav\u00e9s de los cuales pueda acceder a otra sabidur\u00eda, a otros conocimientos que permitan saber y anticipar, as\u00ed como tambi\u00e9n encontrar el bienestar interior.<\/p>\n<p>El tarot es una baraja de naipes que, adem\u00e1s de servir para jugar, se usa a menudo como medio de \u201cadivinaci\u00f3n\u201d del pasado, de la situaci\u00f3n presente del consultante y algunas veces del futuro, por lo que constituir\u00eda un tipo de cartomancia.<br \/>\nSus or\u00edgenes datan al menos del siglo XIV, no teniendo fundamento llevar sus ra\u00edces m\u00e1s atr\u00e1s en la historia.<\/p>\n<p>&nbsp;<\/p>\n<p><em>Este es un producto original de calidad, fabricado en Italia. Esta no es una copia no autorizada.<br \/>\nEnviamos el art\u00edculo desde Espa\u00f1a a todo el mundo, certificado, con n\u00famero de seguimiento.<\/em><\/p>\n<p>&nbsp;<\/p>\n","protected":false},"excerpt":{"rendered":"<p>LUDY LESCOT TAROT, original LO SCARABEO, fabricado en Italia, arte de PATRIZIO EVANGELISTI &#8211; raro y descatalogado.<\/p>\n","protected":false},"featured_media":5776,"template":"","meta":[],"product_brand":[],"product_cat":[163],"product_tag":[],"class_list":{"0":"post-5752","1":"product","2":"type-product","3":"status-publish","4":"has-post-thumbnail","6":"product_cat-tarots-en","8":"first","9":"outofstock","10":"shipping-taxable","11":"purchasable","12":"product-type-simple"},"yoast_head":"<!-- This site is optimized with the Yoast SEO plugin v26.7 - https:\/\/yoast.com\/wordpress\/plugins\/seo\/ -->\n<title>LUDY LESCOT TAROT, original LO SCARABEO, arte de Patrizio Evangelisti - Zona Carpe Diem<\/title>\n<meta name=\"description\" content=\"Comprar TAROT GOTICO DE LOS VAMPIROS, original fabricado en Italia por Lo Scarabeo, Riccardo Minetti arte de Emiliano Mammucari - Edici\u00f3n espa\u00f1ola.\" \/>\n<meta name=\"robots\" content=\"index, follow, max-snippet:-1, max-image-preview:large, max-video-preview:-1\" \/>\n<link rel=\"canonical\" href=\"https:\/\/www.zonacarpediem.com\/en\/shop\/tarots-en\/ludy-lescot-tarot-original-lo-scarabeo-arte-de-patrizio-evangelisti\/\" \/>\n<meta property=\"og:locale\" content=\"en_US\" \/>\n<meta property=\"og:type\" content=\"article\" \/>\n<meta property=\"og:title\" content=\"LUDY LESCOT TAROT, original LO SCARABEO, arte de Patrizio Evangelisti - Zona Carpe Diem\" \/>\n<meta property=\"og:description\" content=\"Comprar TAROT GOTICO DE LOS VAMPIROS, original fabricado en Italia por Lo Scarabeo, Riccardo Minetti arte de Emiliano Mammucari - Edici\u00f3n espa\u00f1ola.\" \/>\n<meta property=\"og:url\" content=\"https:\/\/www.zonacarpediem.com\/en\/shop\/tarots-en\/ludy-lescot-tarot-original-lo-scarabeo-arte-de-patrizio-evangelisti\/\" \/>\n<meta property=\"og:site_name\" content=\"Zona Carpe Diem\" \/>\n<meta property=\"article:publisher\" content=\"https:\/\/www.facebook.com\/ZonaCarpeDiem\" \/>\n<meta property=\"article:modified_time\" content=\"2022-02-09T08:27:05+00:00\" \/>\n<meta property=\"og:image\" content=\"https:\/\/www.zonacarpediem.com\/wp-content\/uploads\/2021\/07\/Ludy-Lescot-Tarot-Lo-Scarabeo-1.jpeg\" \/>\n\t<meta property=\"og:image:width\" content=\"346\" \/>\n\t<meta property=\"og:image:height\" content=\"600\" \/>\n\t<meta property=\"og:image:type\" content=\"image\/jpeg\" \/>\n<meta name=\"twitter:label1\" content=\"Est. reading time\" \/>\n\t<meta name=\"twitter:data1\" content=\"2 minutes\" \/>\n<script type=\"application\/ld+json\" class=\"yoast-schema-graph\">{\"@context\":\"https:\/\/schema.org\",\"@graph\":[{\"@type\":\"WebPage\",\"@id\":\"https:\/\/www.zonacarpediem.com\/en\/shop\/tarots-en\/ludy-lescot-tarot-original-lo-scarabeo-arte-de-patrizio-evangelisti\/\",\"url\":\"https:\/\/www.zonacarpediem.com\/en\/shop\/tarots-en\/ludy-lescot-tarot-original-lo-scarabeo-arte-de-patrizio-evangelisti\/\",\"name\":\"LUDY LESCOT TAROT, original LO SCARABEO, arte de Patrizio Evangelisti - Zona Carpe Diem\",\"isPartOf\":{\"@id\":\"https:\/\/www.zonacarpediem.com\/en\/#website\"},\"primaryImageOfPage\":{\"@id\":\"https:\/\/www.zonacarpediem.com\/en\/shop\/tarots-en\/ludy-lescot-tarot-original-lo-scarabeo-arte-de-patrizio-evangelisti\/#primaryimage\"},\"image\":{\"@id\":\"https:\/\/www.zonacarpediem.com\/en\/shop\/tarots-en\/ludy-lescot-tarot-original-lo-scarabeo-arte-de-patrizio-evangelisti\/#primaryimage\"},\"thumbnailUrl\":\"https:\/\/www.zonacarpediem.com\/wp-content\/uploads\/2021\/07\/Ludy-Lescot-Tarot-Lo-Scarabeo-1.jpeg\",\"datePublished\":\"2021-07-07T17:10:49+00:00\",\"dateModified\":\"2022-02-09T08:27:05+00:00\",\"description\":\"Comprar TAROT GOTICO DE LOS VAMPIROS, original fabricado en Italia por Lo Scarabeo, Riccardo Minetti arte de Emiliano Mammucari - Edici\u00f3n espa\u00f1ola.\",\"breadcrumb\":{\"@id\":\"https:\/\/www.zonacarpediem.com\/en\/shop\/tarots-en\/ludy-lescot-tarot-original-lo-scarabeo-arte-de-patrizio-evangelisti\/#breadcrumb\"},\"inLanguage\":\"en-US\",\"potentialAction\":[{\"@type\":\"ReadAction\",\"target\":[\"https:\/\/www.zonacarpediem.com\/en\/shop\/tarots-en\/ludy-lescot-tarot-original-lo-scarabeo-arte-de-patrizio-evangelisti\/\"]}]},{\"@type\":\"ImageObject\",\"inLanguage\":\"en-US\",\"@id\":\"https:\/\/www.zonacarpediem.com\/en\/shop\/tarots-en\/ludy-lescot-tarot-original-lo-scarabeo-arte-de-patrizio-evangelisti\/#primaryimage\",\"url\":\"https:\/\/www.zonacarpediem.com\/wp-content\/uploads\/2021\/07\/Ludy-Lescot-Tarot-Lo-Scarabeo-1.jpeg\",\"contentUrl\":\"https:\/\/www.zonacarpediem.com\/wp-content\/uploads\/2021\/07\/Ludy-Lescot-Tarot-Lo-Scarabeo-1.jpeg\",\"width\":346,\"height\":600},{\"@type\":\"BreadcrumbList\",\"@id\":\"https:\/\/www.zonacarpediem.com\/en\/shop\/tarots-en\/ludy-lescot-tarot-original-lo-scarabeo-arte-de-patrizio-evangelisti\/#breadcrumb\",\"itemListElement\":[{\"@type\":\"ListItem\",\"position\":1,\"name\":\"Home\",\"item\":\"https:\/\/www.zonacarpediem.com\/en\/home-us\/\"},{\"@type\":\"ListItem\",\"position\":2,\"name\":\"Products\",\"item\":\"https:\/\/www.zonacarpediem.com\/en\/products\/\"},{\"@type\":\"ListItem\",\"position\":3,\"name\":\"LUDY LESCOT TAROT, original LO SCARABEO, arte de Patrizio Evangelisti\"}]},{\"@type\":\"WebSite\",\"@id\":\"https:\/\/www.zonacarpediem.com\/en\/#website\",\"url\":\"https:\/\/www.zonacarpediem.com\/en\/\",\"name\":\"Zona Carpe Diem\",\"description\":\"Buy with Confidence and Flirt with Brilliance, Passion Lives Here!\",\"publisher\":{\"@id\":\"https:\/\/www.zonacarpediem.com\/en\/#organization\"},\"potentialAction\":[{\"@type\":\"SearchAction\",\"target\":{\"@type\":\"EntryPoint\",\"urlTemplate\":\"https:\/\/www.zonacarpediem.com\/en\/?s={search_term_string}\"},\"query-input\":{\"@type\":\"PropertyValueSpecification\",\"valueRequired\":true,\"valueName\":\"search_term_string\"}}],\"inLanguage\":\"en-US\"},{\"@type\":\"Organization\",\"@id\":\"https:\/\/www.zonacarpediem.com\/en\/#organization\",\"name\":\"Zona Carpe Diem\",\"url\":\"https:\/\/www.zonacarpediem.com\/en\/\",\"logo\":{\"@type\":\"ImageObject\",\"inLanguage\":\"en-US\",\"@id\":\"https:\/\/www.zonacarpediem.com\/en\/#\/schema\/logo\/image\/\",\"url\":\"https:\/\/www.zonacarpediem.com\/wp-content\/uploads\/2016\/12\/ZCD-Logo-for-eBay-dec-2016-200x150px.png\",\"contentUrl\":\"https:\/\/www.zonacarpediem.com\/wp-content\/uploads\/2016\/12\/ZCD-Logo-for-eBay-dec-2016-200x150px.png\",\"width\":200,\"height\":150,\"caption\":\"Zona Carpe Diem\"},\"image\":{\"@id\":\"https:\/\/www.zonacarpediem.com\/en\/#\/schema\/logo\/image\/\"},\"sameAs\":[\"https:\/\/www.facebook.com\/ZonaCarpeDiem\"]}]}<\/script>\n<!-- \/ Yoast SEO plugin. -->","yoast_head_json":{"title":"LUDY LESCOT TAROT, original LO SCARABEO, arte de Patrizio Evangelisti - Zona Carpe Diem","description":"Comprar TAROT GOTICO DE LOS VAMPIROS, original fabricado en Italia por Lo Scarabeo, Riccardo Minetti arte de Emiliano Mammucari - Edici\u00f3n espa\u00f1ola.","robots":{"index":"index","follow":"follow","max-snippet":"max-snippet:-1","max-image-preview":"max-image-preview:large","max-video-preview":"max-video-preview:-1"},"canonical":"https:\/\/www.zonacarpediem.com\/en\/shop\/tarots-en\/ludy-lescot-tarot-original-lo-scarabeo-arte-de-patrizio-evangelisti\/","og_locale":"en_US","og_type":"article","og_title":"LUDY LESCOT TAROT, original LO SCARABEO, arte de Patrizio Evangelisti - Zona Carpe Diem","og_description":"Comprar TAROT GOTICO DE LOS VAMPIROS, original fabricado en Italia por Lo Scarabeo, Riccardo Minetti arte de Emiliano Mammucari - Edici\u00f3n espa\u00f1ola.","og_url":"https:\/\/www.zonacarpediem.com\/en\/shop\/tarots-en\/ludy-lescot-tarot-original-lo-scarabeo-arte-de-patrizio-evangelisti\/","og_site_name":"Zona Carpe Diem","article_publisher":"https:\/\/www.facebook.com\/ZonaCarpeDiem","article_modified_time":"2022-02-09T08:27:05+00:00","og_image":[{"width":346,"height":600,"url":"https:\/\/www.zonacarpediem.com\/wp-content\/uploads\/2021\/07\/Ludy-Lescot-Tarot-Lo-Scarabeo-1.jpeg","type":"image\/jpeg"}],"twitter_misc":{"Est. reading time":"2 minutes"},"schema":{"@context":"https:\/\/schema.org","@graph":[{"@type":"WebPage","@id":"https:\/\/www.zonacarpediem.com\/en\/shop\/tarots-en\/ludy-lescot-tarot-original-lo-scarabeo-arte-de-patrizio-evangelisti\/","url":"https:\/\/www.zonacarpediem.com\/en\/shop\/tarots-en\/ludy-lescot-tarot-original-lo-scarabeo-arte-de-patrizio-evangelisti\/","name":"LUDY LESCOT TAROT, original LO SCARABEO, arte de Patrizio Evangelisti - Zona Carpe Diem","isPartOf":{"@id":"https:\/\/www.zonacarpediem.com\/en\/#website"},"primaryImageOfPage":{"@id":"https:\/\/www.zonacarpediem.com\/en\/shop\/tarots-en\/ludy-lescot-tarot-original-lo-scarabeo-arte-de-patrizio-evangelisti\/#primaryimage"},"image":{"@id":"https:\/\/www.zonacarpediem.com\/en\/shop\/tarots-en\/ludy-lescot-tarot-original-lo-scarabeo-arte-de-patrizio-evangelisti\/#primaryimage"},"thumbnailUrl":"https:\/\/www.zonacarpediem.com\/wp-content\/uploads\/2021\/07\/Ludy-Lescot-Tarot-Lo-Scarabeo-1.jpeg","datePublished":"2021-07-07T17:10:49+00:00","dateModified":"2022-02-09T08:27:05+00:00","description":"Comprar TAROT GOTICO DE LOS VAMPIROS, original fabricado en Italia por Lo Scarabeo, Riccardo Minetti arte de Emiliano Mammucari - Edici\u00f3n espa\u00f1ola.","breadcrumb":{"@id":"https:\/\/www.zonacarpediem.com\/en\/shop\/tarots-en\/ludy-lescot-tarot-original-lo-scarabeo-arte-de-patrizio-evangelisti\/#breadcrumb"},"inLanguage":"en-US","potentialAction":[{"@type":"ReadAction","target":["https:\/\/www.zonacarpediem.com\/en\/shop\/tarots-en\/ludy-lescot-tarot-original-lo-scarabeo-arte-de-patrizio-evangelisti\/"]}]},{"@type":"ImageObject","inLanguage":"en-US","@id":"https:\/\/www.zonacarpediem.com\/en\/shop\/tarots-en\/ludy-lescot-tarot-original-lo-scarabeo-arte-de-patrizio-evangelisti\/#primaryimage","url":"https:\/\/www.zonacarpediem.com\/wp-content\/uploads\/2021\/07\/Ludy-Lescot-Tarot-Lo-Scarabeo-1.jpeg","contentUrl":"https:\/\/www.zonacarpediem.com\/wp-content\/uploads\/2021\/07\/Ludy-Lescot-Tarot-Lo-Scarabeo-1.jpeg","width":346,"height":600},{"@type":"BreadcrumbList","@id":"https:\/\/www.zonacarpediem.com\/en\/shop\/tarots-en\/ludy-lescot-tarot-original-lo-scarabeo-arte-de-patrizio-evangelisti\/#breadcrumb","itemListElement":[{"@type":"ListItem","position":1,"name":"Home","item":"https:\/\/www.zonacarpediem.com\/en\/home-us\/"},{"@type":"ListItem","position":2,"name":"Products","item":"https:\/\/www.zonacarpediem.com\/en\/products\/"},{"@type":"ListItem","position":3,"name":"LUDY LESCOT TAROT, original LO SCARABEO, arte de Patrizio Evangelisti"}]},{"@type":"WebSite","@id":"https:\/\/www.zonacarpediem.com\/en\/#website","url":"https:\/\/www.zonacarpediem.com\/en\/","name":"Zona Carpe Diem","description":"Buy with Confidence and Flirt with Brilliance, Passion Lives Here!","publisher":{"@id":"https:\/\/www.zonacarpediem.com\/en\/#organization"},"potentialAction":[{"@type":"SearchAction","target":{"@type":"EntryPoint","urlTemplate":"https:\/\/www.zonacarpediem.com\/en\/?s={search_term_string}"},"query-input":{"@type":"PropertyValueSpecification","valueRequired":true,"valueName":"search_term_string"}}],"inLanguage":"en-US"},{"@type":"Organization","@id":"https:\/\/www.zonacarpediem.com\/en\/#organization","name":"Zona Carpe Diem","url":"https:\/\/www.zonacarpediem.com\/en\/","logo":{"@type":"ImageObject","inLanguage":"en-US","@id":"https:\/\/www.zonacarpediem.com\/en\/#\/schema\/logo\/image\/","url":"https:\/\/www.zonacarpediem.com\/wp-content\/uploads\/2016\/12\/ZCD-Logo-for-eBay-dec-2016-200x150px.png","contentUrl":"https:\/\/www.zonacarpediem.com\/wp-content\/uploads\/2016\/12\/ZCD-Logo-for-eBay-dec-2016-200x150px.png","width":200,"height":150,"caption":"Zona Carpe Diem"},"image":{"@id":"https:\/\/www.zonacarpediem.com\/en\/#\/schema\/logo\/image\/"},"sameAs":["https:\/\/www.facebook.com\/ZonaCarpeDiem"]}]}},"_links":{"self":[{"href":"https:\/\/www.zonacarpediem.com\/en\/wp-json\/wp\/v2\/product\/5752","targetHints":{"allow":["GET"]}}],"collection":[{"href":"https:\/\/www.zonacarpediem.com\/en\/wp-json\/wp\/v2\/product"}],"about":[{"href":"https:\/\/www.zonacarpediem.com\/en\/wp-json\/wp\/v2\/types\/product"}],"wp:featuredmedia":[{"embeddable":true,"href":"https:\/\/www.zonacarpediem.com\/en\/wp-json\/wp\/v2\/media\/5776"}],"wp:attachment":[{"href":"https:\/\/www.zonacarpediem.com\/en\/wp-json\/wp\/v2\/media?parent=5752"}],"wp:term":[{"taxonomy":"product_brand","embeddable":true,"href":"https:\/\/www.zonacarpediem.com\/en\/wp-json\/wp\/v2\/product_brand?post=5752"},{"taxonomy":"product_cat","embeddable":true,"href":"https:\/\/www.zonacarpediem.com\/en\/wp-json\/wp\/v2\/product_cat?post=5752"},{"taxonomy":"product_tag","embeddable":true,"href":"https:\/\/www.zonacarpediem.com\/en\/wp-json\/wp\/v2\/product_tag?post=5752"}],"curies":[{"name":"wp","href":"https:\/\/api.w.org\/{rel}","templated":true}]}}