{"id":5797,"date":"2021-09-16T16:07:49","date_gmt":"2021-09-16T14:07:49","guid":{"rendered":"https:\/\/www.zonacarpediem.com\/?post_type=product&#038;p=5797"},"modified":"2021-09-16T16:48:23","modified_gmt":"2021-09-16T14:48:23","slug":"the-tarot-of-loka-original-river-horse-arte-de-alessio-cavatore-ralph-horsley","status":"publish","type":"product","link":"https:\/\/www.zonacarpediem.com\/en\/shop\/tarots-en\/the-tarot-of-loka-original-river-horse-arte-de-alessio-cavatore-ralph-horsley\/","title":{"rendered":"THE TAROT OF LOKA, original RIVER HORSE, arte de Ralph Horsley &#038; Alessio Cavatore"},"content":{"rendered":"<p><strong>THE TAROT OF LOKA, original RIVER HORSE, arte de Ralph Horsley &amp; Alessio Cavatore<\/strong><\/p>\n<p><strong>FABRICADO EN REINO UNIDO POR RIVER HORSE, NOTTINGHAM<\/strong><br \/>\nHist\u00f3rico fabricante de juegos conocido en todo el mundo por la calidad de sus productos.<\/p>\n<p>Consta de 78 cartas m\u00e1gicas a todo color y manual con instrucciones adivinatorias multiling\u00fces, divididas en<\/p>\n<p>22 arcanos mayores y<br \/>\n56 arcanos menores.<\/p>\n<p>En precioso estuche protector de tapa blanda.<\/p>\n<p><strong>Edici\u00f3n original en ingl\u00e9s<\/strong><\/p>\n<p>Inspirada en el juego de cartas de tarot original que se jugaba en el sur de Francia, esta baraja presenta trajes elementales y caracter\u00edsticas de dise\u00f1o impresionantes que proporcionan una experiencia de juego realmente \u00fanica. Se trata de un fascinante juego de cartas para jugar entre amigos y una hermosa baraja que debe estar en todas las colecciones.<br \/>\nEsta baraja no est\u00e1 dise\u00f1ada espec\u00edficamente para la lectura del tarot. Es una baraja basada en un juego de cartas medieval y una parte importante de la historia del tarot.<\/p>\n<p>Es un juego de cartas para cuatro jugadores con trucos para toda la familia. Reglas sencillas, juego sofisticado basado en equipos, bellamente ilustrado. Sin embargo, cartas muy usables y muy pr\u00e1cticas &#8211; se puede utilizar tanto como el juego del Tarot de Loka, como el Tarot tradicional, o como un juego de cartas normal.<\/p>\n<p>Se juega en dos equipos de dos jugadores, sentados alrededor de la mesa en posiciones alternas (como en el bridge, por ejemplo&#8230;).\u00a0Se han a\u00f1adido nuevas cartas a la baraja para hacerla \u00fanica y diferente de otros juegos de bazas.<\/p>\n<p>&nbsp;<\/p>\n<p>&nbsp;<\/p>\n<p>Cartas que tienen como objetivo despertar la mente del hombre a otros niveles, a trav\u00e9s de los cuales pueda acceder a otra sabidur\u00eda, a otros conocimientos que permitan saber y anticipar, as\u00ed como tambi\u00e9n encontrar el bienestar interior.<\/p>\n<p>El tarot es una baraja de naipes que, adem\u00e1s de servir para jugar, se usa a menudo como medio de \u201cadivinaci\u00f3n\u201d del pasado, de la situaci\u00f3n presente del consultante y algunas veces del futuro, por lo que constituir\u00eda un tipo de cartomancia.<br \/>\nSus or\u00edgenes datan al menos del siglo XIV, no teniendo fundamento llevar sus ra\u00edces m\u00e1s atr\u00e1s en la historia.<\/p>\n<p>&nbsp;<\/p>\n<p><em>Este es un producto original de calidad, fabricado en Reino Unido. Esta no es una copia no autorizada.<br \/>\nEnviamos el art\u00edculo desde Espa\u00f1a a todo el mundo, certificado, con n\u00famero de seguimiento.<\/em><\/p>\n<p>&nbsp;<\/p>\n","protected":false},"excerpt":{"rendered":"<p>THE TAROT OF LOKA, original RIVER HORSE, fabricado en Reino Unido, arte de Ralph Horsley &amp; Alessio Cavatore<\/p>\n","protected":false},"featured_media":5799,"template":"","meta":[],"product_brand":[],"product_cat":[163],"product_tag":[],"class_list":{"0":"post-5797","1":"product","2":"type-product","3":"status-publish","4":"has-post-thumbnail","6":"product_cat-tarots-en","8":"first","9":"instock","10":"shipping-taxable","11":"purchasable","12":"product-type-simple"},"yoast_head":"<!-- This site is optimized with the Yoast SEO plugin v26.7 - https:\/\/yoast.com\/wordpress\/plugins\/seo\/ -->\n<title>THE TAROT OF LOKA, original RIVER HORSE, arte de Ralph Horsley &amp; Alessio Cavatore - Zona Carpe Diem<\/title>\n<meta name=\"description\" content=\"Comprar LUDY LESCOT TAROT, original fabricado en Italia por Lo Scarabeo, arte de Patrizio Evangelisti - raro y descatalogado - nuevo y precintado.\" \/>\n<meta name=\"robots\" content=\"index, follow, max-snippet:-1, max-image-preview:large, max-video-preview:-1\" \/>\n<link rel=\"canonical\" href=\"https:\/\/www.zonacarpediem.com\/en\/shop\/tarots-en\/the-tarot-of-loka-original-river-horse-arte-de-alessio-cavatore-ralph-horsley\/\" \/>\n<meta property=\"og:locale\" content=\"en_US\" \/>\n<meta property=\"og:type\" content=\"article\" \/>\n<meta property=\"og:title\" content=\"THE TAROT OF LOKA, original RIVER HORSE, arte de Ralph Horsley &amp; Alessio Cavatore - Zona Carpe Diem\" \/>\n<meta property=\"og:description\" content=\"Comprar LUDY LESCOT TAROT, original fabricado en Italia por Lo Scarabeo, arte de Patrizio Evangelisti - raro y descatalogado - nuevo y precintado.\" \/>\n<meta property=\"og:url\" content=\"https:\/\/www.zonacarpediem.com\/en\/shop\/tarots-en\/the-tarot-of-loka-original-river-horse-arte-de-alessio-cavatore-ralph-horsley\/\" \/>\n<meta property=\"og:site_name\" content=\"Zona Carpe Diem\" \/>\n<meta property=\"article:publisher\" content=\"https:\/\/www.facebook.com\/ZonaCarpeDiem\" \/>\n<meta property=\"article:modified_time\" content=\"2021-09-16T14:48:23+00:00\" \/>\n<meta property=\"og:image\" content=\"https:\/\/www.zonacarpediem.com\/wp-content\/uploads\/2021\/09\/Tarot-Of-Loka-7.jpeg\" \/>\n\t<meta property=\"og:image:width\" content=\"1577\" \/>\n\t<meta property=\"og:image:height\" content=\"2401\" \/>\n\t<meta property=\"og:image:type\" content=\"image\/jpeg\" \/>\n<meta name=\"twitter:label1\" content=\"Est. reading time\" \/>\n\t<meta name=\"twitter:data1\" content=\"2 minutes\" \/>\n<script type=\"application\/ld+json\" class=\"yoast-schema-graph\">{\"@context\":\"https:\/\/schema.org\",\"@graph\":[{\"@type\":\"WebPage\",\"@id\":\"https:\/\/www.zonacarpediem.com\/en\/shop\/tarots-en\/the-tarot-of-loka-original-river-horse-arte-de-alessio-cavatore-ralph-horsley\/\",\"url\":\"https:\/\/www.zonacarpediem.com\/en\/shop\/tarots-en\/the-tarot-of-loka-original-river-horse-arte-de-alessio-cavatore-ralph-horsley\/\",\"name\":\"THE TAROT OF LOKA, original RIVER HORSE, arte de Ralph Horsley & Alessio Cavatore - Zona Carpe Diem\",\"isPartOf\":{\"@id\":\"https:\/\/www.zonacarpediem.com\/en\/#website\"},\"primaryImageOfPage\":{\"@id\":\"https:\/\/www.zonacarpediem.com\/en\/shop\/tarots-en\/the-tarot-of-loka-original-river-horse-arte-de-alessio-cavatore-ralph-horsley\/#primaryimage\"},\"image\":{\"@id\":\"https:\/\/www.zonacarpediem.com\/en\/shop\/tarots-en\/the-tarot-of-loka-original-river-horse-arte-de-alessio-cavatore-ralph-horsley\/#primaryimage\"},\"thumbnailUrl\":\"https:\/\/www.zonacarpediem.com\/wp-content\/uploads\/2021\/09\/Tarot-Of-Loka-7.jpeg\",\"datePublished\":\"2021-09-16T14:07:49+00:00\",\"dateModified\":\"2021-09-16T14:48:23+00:00\",\"description\":\"Comprar LUDY LESCOT TAROT, original fabricado en Italia por Lo Scarabeo, arte de Patrizio Evangelisti - raro y descatalogado - nuevo y precintado.\",\"breadcrumb\":{\"@id\":\"https:\/\/www.zonacarpediem.com\/en\/shop\/tarots-en\/the-tarot-of-loka-original-river-horse-arte-de-alessio-cavatore-ralph-horsley\/#breadcrumb\"},\"inLanguage\":\"en-US\",\"potentialAction\":[{\"@type\":\"ReadAction\",\"target\":[\"https:\/\/www.zonacarpediem.com\/en\/shop\/tarots-en\/the-tarot-of-loka-original-river-horse-arte-de-alessio-cavatore-ralph-horsley\/\"]}]},{\"@type\":\"ImageObject\",\"inLanguage\":\"en-US\",\"@id\":\"https:\/\/www.zonacarpediem.com\/en\/shop\/tarots-en\/the-tarot-of-loka-original-river-horse-arte-de-alessio-cavatore-ralph-horsley\/#primaryimage\",\"url\":\"https:\/\/www.zonacarpediem.com\/wp-content\/uploads\/2021\/09\/Tarot-Of-Loka-7.jpeg\",\"contentUrl\":\"https:\/\/www.zonacarpediem.com\/wp-content\/uploads\/2021\/09\/Tarot-Of-Loka-7.jpeg\",\"width\":1577,\"height\":2401,\"caption\":\"Tarot Pf Loka\"},{\"@type\":\"BreadcrumbList\",\"@id\":\"https:\/\/www.zonacarpediem.com\/en\/shop\/tarots-en\/the-tarot-of-loka-original-river-horse-arte-de-alessio-cavatore-ralph-horsley\/#breadcrumb\",\"itemListElement\":[{\"@type\":\"ListItem\",\"position\":1,\"name\":\"Home\",\"item\":\"https:\/\/www.zonacarpediem.com\/en\/home-us\/\"},{\"@type\":\"ListItem\",\"position\":2,\"name\":\"Products\",\"item\":\"https:\/\/www.zonacarpediem.com\/en\/products\/\"},{\"@type\":\"ListItem\",\"position\":3,\"name\":\"THE TAROT OF LOKA, original RIVER HORSE, arte de Ralph Horsley &#038; Alessio Cavatore\"}]},{\"@type\":\"WebSite\",\"@id\":\"https:\/\/www.zonacarpediem.com\/en\/#website\",\"url\":\"https:\/\/www.zonacarpediem.com\/en\/\",\"name\":\"Zona Carpe Diem\",\"description\":\"Buy with Confidence and Flirt with Brilliance, Passion Lives Here!\",\"publisher\":{\"@id\":\"https:\/\/www.zonacarpediem.com\/en\/#organization\"},\"potentialAction\":[{\"@type\":\"SearchAction\",\"target\":{\"@type\":\"EntryPoint\",\"urlTemplate\":\"https:\/\/www.zonacarpediem.com\/en\/?s={search_term_string}\"},\"query-input\":{\"@type\":\"PropertyValueSpecification\",\"valueRequired\":true,\"valueName\":\"search_term_string\"}}],\"inLanguage\":\"en-US\"},{\"@type\":\"Organization\",\"@id\":\"https:\/\/www.zonacarpediem.com\/en\/#organization\",\"name\":\"Zona Carpe Diem\",\"url\":\"https:\/\/www.zonacarpediem.com\/en\/\",\"logo\":{\"@type\":\"ImageObject\",\"inLanguage\":\"en-US\",\"@id\":\"https:\/\/www.zonacarpediem.com\/en\/#\/schema\/logo\/image\/\",\"url\":\"https:\/\/www.zonacarpediem.com\/wp-content\/uploads\/2016\/12\/ZCD-Logo-for-eBay-dec-2016-200x150px.png\",\"contentUrl\":\"https:\/\/www.zonacarpediem.com\/wp-content\/uploads\/2016\/12\/ZCD-Logo-for-eBay-dec-2016-200x150px.png\",\"width\":200,\"height\":150,\"caption\":\"Zona Carpe Diem\"},\"image\":{\"@id\":\"https:\/\/www.zonacarpediem.com\/en\/#\/schema\/logo\/image\/\"},\"sameAs\":[\"https:\/\/www.facebook.com\/ZonaCarpeDiem\"]}]}<\/script>\n<!-- \/ Yoast SEO plugin. -->","yoast_head_json":{"title":"THE TAROT OF LOKA, original RIVER HORSE, arte de Ralph Horsley & Alessio Cavatore - Zona Carpe Diem","description":"Comprar LUDY LESCOT TAROT, original fabricado en Italia por Lo Scarabeo, arte de Patrizio Evangelisti - raro y descatalogado - nuevo y precintado.","robots":{"index":"index","follow":"follow","max-snippet":"max-snippet:-1","max-image-preview":"max-image-preview:large","max-video-preview":"max-video-preview:-1"},"canonical":"https:\/\/www.zonacarpediem.com\/en\/shop\/tarots-en\/the-tarot-of-loka-original-river-horse-arte-de-alessio-cavatore-ralph-horsley\/","og_locale":"en_US","og_type":"article","og_title":"THE TAROT OF LOKA, original RIVER HORSE, arte de Ralph Horsley & Alessio Cavatore - Zona Carpe Diem","og_description":"Comprar LUDY LESCOT TAROT, original fabricado en Italia por Lo Scarabeo, arte de Patrizio Evangelisti - raro y descatalogado - nuevo y precintado.","og_url":"https:\/\/www.zonacarpediem.com\/en\/shop\/tarots-en\/the-tarot-of-loka-original-river-horse-arte-de-alessio-cavatore-ralph-horsley\/","og_site_name":"Zona Carpe Diem","article_publisher":"https:\/\/www.facebook.com\/ZonaCarpeDiem","article_modified_time":"2021-09-16T14:48:23+00:00","og_image":[{"width":1577,"height":2401,"url":"https:\/\/www.zonacarpediem.com\/wp-content\/uploads\/2021\/09\/Tarot-Of-Loka-7.jpeg","type":"image\/jpeg"}],"twitter_misc":{"Est. reading time":"2 minutes"},"schema":{"@context":"https:\/\/schema.org","@graph":[{"@type":"WebPage","@id":"https:\/\/www.zonacarpediem.com\/en\/shop\/tarots-en\/the-tarot-of-loka-original-river-horse-arte-de-alessio-cavatore-ralph-horsley\/","url":"https:\/\/www.zonacarpediem.com\/en\/shop\/tarots-en\/the-tarot-of-loka-original-river-horse-arte-de-alessio-cavatore-ralph-horsley\/","name":"THE TAROT OF LOKA, original RIVER HORSE, arte de Ralph Horsley & Alessio Cavatore - Zona Carpe Diem","isPartOf":{"@id":"https:\/\/www.zonacarpediem.com\/en\/#website"},"primaryImageOfPage":{"@id":"https:\/\/www.zonacarpediem.com\/en\/shop\/tarots-en\/the-tarot-of-loka-original-river-horse-arte-de-alessio-cavatore-ralph-horsley\/#primaryimage"},"image":{"@id":"https:\/\/www.zonacarpediem.com\/en\/shop\/tarots-en\/the-tarot-of-loka-original-river-horse-arte-de-alessio-cavatore-ralph-horsley\/#primaryimage"},"thumbnailUrl":"https:\/\/www.zonacarpediem.com\/wp-content\/uploads\/2021\/09\/Tarot-Of-Loka-7.jpeg","datePublished":"2021-09-16T14:07:49+00:00","dateModified":"2021-09-16T14:48:23+00:00","description":"Comprar LUDY LESCOT TAROT, original fabricado en Italia por Lo Scarabeo, arte de Patrizio Evangelisti - raro y descatalogado - nuevo y precintado.","breadcrumb":{"@id":"https:\/\/www.zonacarpediem.com\/en\/shop\/tarots-en\/the-tarot-of-loka-original-river-horse-arte-de-alessio-cavatore-ralph-horsley\/#breadcrumb"},"inLanguage":"en-US","potentialAction":[{"@type":"ReadAction","target":["https:\/\/www.zonacarpediem.com\/en\/shop\/tarots-en\/the-tarot-of-loka-original-river-horse-arte-de-alessio-cavatore-ralph-horsley\/"]}]},{"@type":"ImageObject","inLanguage":"en-US","@id":"https:\/\/www.zonacarpediem.com\/en\/shop\/tarots-en\/the-tarot-of-loka-original-river-horse-arte-de-alessio-cavatore-ralph-horsley\/#primaryimage","url":"https:\/\/www.zonacarpediem.com\/wp-content\/uploads\/2021\/09\/Tarot-Of-Loka-7.jpeg","contentUrl":"https:\/\/www.zonacarpediem.com\/wp-content\/uploads\/2021\/09\/Tarot-Of-Loka-7.jpeg","width":1577,"height":2401,"caption":"Tarot Pf Loka"},{"@type":"BreadcrumbList","@id":"https:\/\/www.zonacarpediem.com\/en\/shop\/tarots-en\/the-tarot-of-loka-original-river-horse-arte-de-alessio-cavatore-ralph-horsley\/#breadcrumb","itemListElement":[{"@type":"ListItem","position":1,"name":"Home","item":"https:\/\/www.zonacarpediem.com\/en\/home-us\/"},{"@type":"ListItem","position":2,"name":"Products","item":"https:\/\/www.zonacarpediem.com\/en\/products\/"},{"@type":"ListItem","position":3,"name":"THE TAROT OF LOKA, original RIVER HORSE, arte de Ralph Horsley &#038; Alessio Cavatore"}]},{"@type":"WebSite","@id":"https:\/\/www.zonacarpediem.com\/en\/#website","url":"https:\/\/www.zonacarpediem.com\/en\/","name":"Zona Carpe Diem","description":"Buy with Confidence and Flirt with Brilliance, Passion Lives Here!","publisher":{"@id":"https:\/\/www.zonacarpediem.com\/en\/#organization"},"potentialAction":[{"@type":"SearchAction","target":{"@type":"EntryPoint","urlTemplate":"https:\/\/www.zonacarpediem.com\/en\/?s={search_term_string}"},"query-input":{"@type":"PropertyValueSpecification","valueRequired":true,"valueName":"search_term_string"}}],"inLanguage":"en-US"},{"@type":"Organization","@id":"https:\/\/www.zonacarpediem.com\/en\/#organization","name":"Zona Carpe Diem","url":"https:\/\/www.zonacarpediem.com\/en\/","logo":{"@type":"ImageObject","inLanguage":"en-US","@id":"https:\/\/www.zonacarpediem.com\/en\/#\/schema\/logo\/image\/","url":"https:\/\/www.zonacarpediem.com\/wp-content\/uploads\/2016\/12\/ZCD-Logo-for-eBay-dec-2016-200x150px.png","contentUrl":"https:\/\/www.zonacarpediem.com\/wp-content\/uploads\/2016\/12\/ZCD-Logo-for-eBay-dec-2016-200x150px.png","width":200,"height":150,"caption":"Zona Carpe Diem"},"image":{"@id":"https:\/\/www.zonacarpediem.com\/en\/#\/schema\/logo\/image\/"},"sameAs":["https:\/\/www.facebook.com\/ZonaCarpeDiem"]}]}},"_links":{"self":[{"href":"https:\/\/www.zonacarpediem.com\/en\/wp-json\/wp\/v2\/product\/5797","targetHints":{"allow":["GET"]}}],"collection":[{"href":"https:\/\/www.zonacarpediem.com\/en\/wp-json\/wp\/v2\/product"}],"about":[{"href":"https:\/\/www.zonacarpediem.com\/en\/wp-json\/wp\/v2\/types\/product"}],"wp:featuredmedia":[{"embeddable":true,"href":"https:\/\/www.zonacarpediem.com\/en\/wp-json\/wp\/v2\/media\/5799"}],"wp:attachment":[{"href":"https:\/\/www.zonacarpediem.com\/en\/wp-json\/wp\/v2\/media?parent=5797"}],"wp:term":[{"taxonomy":"product_brand","embeddable":true,"href":"https:\/\/www.zonacarpediem.com\/en\/wp-json\/wp\/v2\/product_brand?post=5797"},{"taxonomy":"product_cat","embeddable":true,"href":"https:\/\/www.zonacarpediem.com\/en\/wp-json\/wp\/v2\/product_cat?post=5797"},{"taxonomy":"product_tag","embeddable":true,"href":"https:\/\/www.zonacarpediem.com\/en\/wp-json\/wp\/v2\/product_tag?post=5797"}],"curies":[{"name":"wp","href":"https:\/\/api.w.org\/{rel}","templated":true}]}}