{"id":5822,"date":"2021-09-17T16:35:53","date_gmt":"2021-09-17T14:35:53","guid":{"rendered":"https:\/\/www.zonacarpediem.com\/?post_type=product&#038;p=5822"},"modified":"2023-11-29T09:59:10","modified_gmt":"2023-11-29T08:59:10","slug":"el-gran-tarot-de-los-tattwas-original-nostradamus-disenado-y-crado-por-gran-maestro-del-tarot-portela","status":"publish","type":"product","link":"https:\/\/www.zonacarpediem.com\/en\/shop\/tarots-en\/el-gran-tarot-de-los-tattwas-original-nostradamus-disenado-y-crado-por-gran-maestro-del-tarot-portela\/","title":{"rendered":"EL GRAN TAROT DE LOS TATTWAS dise\u00f1ado por el gran maestro J.A. PORTELA"},"content":{"rendered":"<p><strong>EL GRAN TAROT DE LOS TATTWAS, original NOSTRADAMUS, fabricado en Espa\u00f1a, dise\u00f1ado y creado por el gran maestro del Tarot J. A. Portela<\/strong><\/p>\n<p>&nbsp;<\/p>\n<p><strong>FABRICADO EN ESPA\u00d1A POR NOSTRADAMUS, BARCELONA<\/strong><\/p>\n<p><strong>Edici\u00f3n espa\u00f1ola<\/strong><strong>I<\/strong><\/p>\n<div class=\"description\">Consta de 78 cartas m\u00e1gicas\u00a0a todo color:<\/div>\n<div class=\"description\">22 arcanos mayores gemelos y<br \/>\n56 arcanos menores.En estuche protector de tapa blanda.<\/p>\n<div class=\"description\">Los Tattwas, en su representaci\u00f3n gr\u00e1fica, son una figuras geom\u00e9tricas de diferentes colores que simbolizan las distintas vibraciones que experimenta el \u00e9ter o sustancia primordial,<\/div>\n<div class=\"description\">dando lugar a los cuatro elementos de la naturaleza (aire, fuego, agua y tierra). El gran tarot de los Tattwas es el producto de aunar la sabidur\u00eda Occidental (el Tarot)\u00a0con la oriental (los Tattwas) que origina un m\u00e9todo que toma lo mejor de cada cultura. Y sobre esto, Portela ha dicho: &#8220;En el gran tarot de los Tattwas aparecen \u00e9stos tal y como\u00a0se expresaron ellos mismos ante mi conciencia en las horas de meditaci\u00f3n en los que form\u00e9 parte de sus espacios, de sus movimientos y de sus cambios, sintiendo a veces que yo no\u00a0era sino parte de ellos mismos, de su esencia y de las creativas que realmente son.Es por todo ello que de todas mis obras, el &#8220;Gran Tarot de los Tattwas&#8221; es sin duda, la m\u00e1s amada.&#8221;<\/div>\n<div class=\"description\">\n<div class=\"description\">El Gran Tarot de los Tattwas, es un Tarot muy especial, en sus arcanos aparecen los sagrados Tattwas actuando en el espacio-tiempo, en plena acci\u00f3n.<\/div>\n<div class=\"description\">No se trata de simples dibujos basados en principios est\u00e9ticos o art\u00edsticos, se trata de un Tarot, cuyo prop\u00f3sito es despertar la conciencia y en ella, la m\u00e1gica\u00a0cualidad de la intuici\u00f3n. Contemplar o meditar en sus arcanos, es contactar con la esencia de la fuerza viva de los Tattwas.<\/div>\n<div class=\"description\">En este Tarot, adem\u00e1s de los propios Tattwas, figuran los colores que corresponden a los cuatro mundos o planos cabal\u00edsticos, ya que los Tattwas tienen mucho que\u00a0ver con los nombres divinos (te\u00f3nimos) de la Santa C\u00e1bala, y \u00e9sta con la raz\u00f3n de ser del Tarot.<\/div>\n<div class=\"description\">Un Tarot perfecto para los que desean seguir el camino de la sabidur\u00eda oriental, los Tattwas y de la occidental, el Tarot, unidas ambas en cada uno de los arcanos\u00a0\u00a0del Gran Tarot de los Tattwas.<\/div>\n<div class=\"description\"><\/div>\n<div class=\"description\">Una meditaci\u00f3n trascendente-creativa con el Gran Tarot de los Tattwas, consiste en visualizar cada arcano, como una ventana a la que te asomas, y desde la que\u00a0contemplas c\u00f3mo las fuerzas vivas de los tattwas se mueven, sus auras les envuelven, radiando energ\u00eda y enviando a tu mente informaci\u00f3n, sobre su naturaleza y los\u00a0hechos que simbolizan.<\/div>\n<div class=\"description\">M\u00e1s adelante, puedes visualizar que el arcano es una puerta, desde la que te proyectas al interior de los arcanos del Gran Tarot de los Tattwas, participando de su\u00a0actividad y formando parte de sus espacios, de sus im\u00e1genes, sonidos, auras y fuerzas.<\/div>\n<\/div>\n<\/div>\n<p>&nbsp;<\/p>\n<p>&nbsp;<\/p>\n<p>Cartas que tienen como objetivo despertar la mente del hombre a otros niveles, a trav\u00e9s de los cuales pueda acceder a otra sabidur\u00eda, a otros conocimientos que permitan saber y anticipar, as\u00ed como tambi\u00e9n encontrar el bienestar interior.<\/p>\n<p>El tarot es una baraja de naipes que, adem\u00e1s de servir para jugar, se usa a menudo como medio de \u201cadivinaci\u00f3n\u201d del pasado, de la situaci\u00f3n presente del consultante y algunas veces del futuro, por lo que constituir\u00eda un tipo de cartomancia.<br \/>\nSus or\u00edgenes datan al menos del siglo XIV, no teniendo fundamento llevar sus ra\u00edces m\u00e1s atr\u00e1s en la historia.<\/p>\n<p>&nbsp;<\/p>\n<p><em>Este es un producto original de calidad, fabricado en Espa\u00f1a. Esta no es una copia no autorizada.<br \/>\nEnviamos el art\u00edculo desde Espa\u00f1a a todo el mundo, certificado, con n\u00famero de seguimiento.<\/em><\/p>\n<p>&nbsp;<\/p>\n","protected":false},"excerpt":{"rendered":"<p><strong>EL GRAN TAROT DE LOS TATTWAS, original NOSTRADAMUS, fabricado en Espa\u00f1a, dise\u00f1ado y creado por el gran maestro del Tarot J. A. Portela<\/strong><\/p>\n","protected":false},"featured_media":5824,"template":"","meta":[],"product_brand":[],"product_cat":[163],"product_tag":[],"class_list":{"0":"post-5822","1":"product","2":"type-product","3":"status-publish","4":"has-post-thumbnail","6":"product_cat-tarots-en","8":"first","9":"outofstock","10":"shipping-taxable","11":"purchasable","12":"product-type-simple"},"yoast_head":"<!-- This site is optimized with the Yoast SEO plugin v26.7 - https:\/\/yoast.com\/wordpress\/plugins\/seo\/ -->\n<title>EL GRAN TAROT DE LOS TATTWAS dise\u00f1ado por el gran maestro J.A. PORTELA - Zona Carpe Diem<\/title>\n<meta name=\"description\" content=\"Comprar EL GRAN TAROT DE LOS TATTWAS, original fabricado en Epa\u00f1a por Nostradamus, dise\u00f1ado y creado por el Gran Maestro del Tarot J.A. PORTELA - Edici\u00f3n espa\u00f1ola.\" \/>\n<meta name=\"robots\" content=\"index, follow, max-snippet:-1, max-image-preview:large, max-video-preview:-1\" \/>\n<link rel=\"canonical\" href=\"https:\/\/www.zonacarpediem.com\/en\/shop\/tarots-en\/el-gran-tarot-de-los-tattwas-original-nostradamus-disenado-y-crado-por-gran-maestro-del-tarot-portela\/\" \/>\n<meta property=\"og:locale\" content=\"en_US\" \/>\n<meta property=\"og:type\" content=\"article\" \/>\n<meta property=\"og:title\" content=\"EL GRAN TAROT DE LOS TATTWAS dise\u00f1ado por el gran maestro J.A. PORTELA - Zona Carpe Diem\" \/>\n<meta property=\"og:description\" content=\"Comprar EL GRAN TAROT DE LOS TATTWAS, original fabricado en Epa\u00f1a por Nostradamus, dise\u00f1ado y creado por el Gran Maestro del Tarot J.A. PORTELA - Edici\u00f3n espa\u00f1ola.\" \/>\n<meta property=\"og:url\" content=\"https:\/\/www.zonacarpediem.com\/en\/shop\/tarots-en\/el-gran-tarot-de-los-tattwas-original-nostradamus-disenado-y-crado-por-gran-maestro-del-tarot-portela\/\" \/>\n<meta property=\"og:site_name\" content=\"Zona Carpe Diem\" \/>\n<meta property=\"article:publisher\" content=\"https:\/\/www.facebook.com\/ZonaCarpeDiem\" \/>\n<meta property=\"article:modified_time\" content=\"2023-11-29T08:59:10+00:00\" \/>\n<meta property=\"og:image\" content=\"https:\/\/www.zonacarpediem.com\/wp-content\/uploads\/2021\/09\/tatt1.png\" \/>\n\t<meta property=\"og:image:width\" content=\"800\" \/>\n\t<meta property=\"og:image:height\" content=\"800\" \/>\n\t<meta property=\"og:image:type\" content=\"image\/png\" \/>\n<meta name=\"twitter:label1\" content=\"Est. reading time\" \/>\n\t<meta name=\"twitter:data1\" content=\"2 minutes\" \/>\n<script type=\"application\/ld+json\" class=\"yoast-schema-graph\">{\"@context\":\"https:\/\/schema.org\",\"@graph\":[{\"@type\":\"WebPage\",\"@id\":\"https:\/\/www.zonacarpediem.com\/en\/shop\/tarots-en\/el-gran-tarot-de-los-tattwas-original-nostradamus-disenado-y-crado-por-gran-maestro-del-tarot-portela\/\",\"url\":\"https:\/\/www.zonacarpediem.com\/en\/shop\/tarots-en\/el-gran-tarot-de-los-tattwas-original-nostradamus-disenado-y-crado-por-gran-maestro-del-tarot-portela\/\",\"name\":\"EL GRAN TAROT DE LOS TATTWAS dise\u00f1ado por el gran maestro J.A. PORTELA - Zona Carpe Diem\",\"isPartOf\":{\"@id\":\"https:\/\/www.zonacarpediem.com\/en\/#website\"},\"primaryImageOfPage\":{\"@id\":\"https:\/\/www.zonacarpediem.com\/en\/shop\/tarots-en\/el-gran-tarot-de-los-tattwas-original-nostradamus-disenado-y-crado-por-gran-maestro-del-tarot-portela\/#primaryimage\"},\"image\":{\"@id\":\"https:\/\/www.zonacarpediem.com\/en\/shop\/tarots-en\/el-gran-tarot-de-los-tattwas-original-nostradamus-disenado-y-crado-por-gran-maestro-del-tarot-portela\/#primaryimage\"},\"thumbnailUrl\":\"https:\/\/www.zonacarpediem.com\/wp-content\/uploads\/2021\/09\/tatt1.png\",\"datePublished\":\"2021-09-17T14:35:53+00:00\",\"dateModified\":\"2023-11-29T08:59:10+00:00\",\"description\":\"Comprar EL GRAN TAROT DE LOS TATTWAS, original fabricado en Epa\u00f1a por Nostradamus, dise\u00f1ado y creado por el Gran Maestro del Tarot J.A. PORTELA - Edici\u00f3n espa\u00f1ola.\",\"breadcrumb\":{\"@id\":\"https:\/\/www.zonacarpediem.com\/en\/shop\/tarots-en\/el-gran-tarot-de-los-tattwas-original-nostradamus-disenado-y-crado-por-gran-maestro-del-tarot-portela\/#breadcrumb\"},\"inLanguage\":\"en-US\",\"potentialAction\":[{\"@type\":\"ReadAction\",\"target\":[\"https:\/\/www.zonacarpediem.com\/en\/shop\/tarots-en\/el-gran-tarot-de-los-tattwas-original-nostradamus-disenado-y-crado-por-gran-maestro-del-tarot-portela\/\"]}]},{\"@type\":\"ImageObject\",\"inLanguage\":\"en-US\",\"@id\":\"https:\/\/www.zonacarpediem.com\/en\/shop\/tarots-en\/el-gran-tarot-de-los-tattwas-original-nostradamus-disenado-y-crado-por-gran-maestro-del-tarot-portela\/#primaryimage\",\"url\":\"https:\/\/www.zonacarpediem.com\/wp-content\/uploads\/2021\/09\/tatt1.png\",\"contentUrl\":\"https:\/\/www.zonacarpediem.com\/wp-content\/uploads\/2021\/09\/tatt1.png\",\"width\":800,\"height\":800,\"caption\":\"EL GRAN TAROT DE LOS TATTWAS original fabricando en Espa\u00f1a maestro J.A. PORTELA\"},{\"@type\":\"BreadcrumbList\",\"@id\":\"https:\/\/www.zonacarpediem.com\/en\/shop\/tarots-en\/el-gran-tarot-de-los-tattwas-original-nostradamus-disenado-y-crado-por-gran-maestro-del-tarot-portela\/#breadcrumb\",\"itemListElement\":[{\"@type\":\"ListItem\",\"position\":1,\"name\":\"Home\",\"item\":\"https:\/\/www.zonacarpediem.com\/en\/home-us\/\"},{\"@type\":\"ListItem\",\"position\":2,\"name\":\"Products\",\"item\":\"https:\/\/www.zonacarpediem.com\/en\/products\/\"},{\"@type\":\"ListItem\",\"position\":3,\"name\":\"EL GRAN TAROT DE LOS TATTWAS dise\u00f1ado por el gran maestro J.A. PORTELA\"}]},{\"@type\":\"WebSite\",\"@id\":\"https:\/\/www.zonacarpediem.com\/en\/#website\",\"url\":\"https:\/\/www.zonacarpediem.com\/en\/\",\"name\":\"Zona Carpe Diem\",\"description\":\"Buy with Confidence and Flirt with Brilliance, Passion Lives Here!\",\"publisher\":{\"@id\":\"https:\/\/www.zonacarpediem.com\/en\/#organization\"},\"potentialAction\":[{\"@type\":\"SearchAction\",\"target\":{\"@type\":\"EntryPoint\",\"urlTemplate\":\"https:\/\/www.zonacarpediem.com\/en\/?s={search_term_string}\"},\"query-input\":{\"@type\":\"PropertyValueSpecification\",\"valueRequired\":true,\"valueName\":\"search_term_string\"}}],\"inLanguage\":\"en-US\"},{\"@type\":\"Organization\",\"@id\":\"https:\/\/www.zonacarpediem.com\/en\/#organization\",\"name\":\"Zona Carpe Diem\",\"url\":\"https:\/\/www.zonacarpediem.com\/en\/\",\"logo\":{\"@type\":\"ImageObject\",\"inLanguage\":\"en-US\",\"@id\":\"https:\/\/www.zonacarpediem.com\/en\/#\/schema\/logo\/image\/\",\"url\":\"https:\/\/www.zonacarpediem.com\/wp-content\/uploads\/2016\/12\/ZCD-Logo-for-eBay-dec-2016-200x150px.png\",\"contentUrl\":\"https:\/\/www.zonacarpediem.com\/wp-content\/uploads\/2016\/12\/ZCD-Logo-for-eBay-dec-2016-200x150px.png\",\"width\":200,\"height\":150,\"caption\":\"Zona Carpe Diem\"},\"image\":{\"@id\":\"https:\/\/www.zonacarpediem.com\/en\/#\/schema\/logo\/image\/\"},\"sameAs\":[\"https:\/\/www.facebook.com\/ZonaCarpeDiem\"]}]}<\/script>\n<!-- \/ Yoast SEO plugin. -->","yoast_head_json":{"title":"EL GRAN TAROT DE LOS TATTWAS dise\u00f1ado por el gran maestro J.A. PORTELA - Zona Carpe Diem","description":"Comprar EL GRAN TAROT DE LOS TATTWAS, original fabricado en Epa\u00f1a por Nostradamus, dise\u00f1ado y creado por el Gran Maestro del Tarot J.A. PORTELA - Edici\u00f3n espa\u00f1ola.","robots":{"index":"index","follow":"follow","max-snippet":"max-snippet:-1","max-image-preview":"max-image-preview:large","max-video-preview":"max-video-preview:-1"},"canonical":"https:\/\/www.zonacarpediem.com\/en\/shop\/tarots-en\/el-gran-tarot-de-los-tattwas-original-nostradamus-disenado-y-crado-por-gran-maestro-del-tarot-portela\/","og_locale":"en_US","og_type":"article","og_title":"EL GRAN TAROT DE LOS TATTWAS dise\u00f1ado por el gran maestro J.A. PORTELA - Zona Carpe Diem","og_description":"Comprar EL GRAN TAROT DE LOS TATTWAS, original fabricado en Epa\u00f1a por Nostradamus, dise\u00f1ado y creado por el Gran Maestro del Tarot J.A. PORTELA - Edici\u00f3n espa\u00f1ola.","og_url":"https:\/\/www.zonacarpediem.com\/en\/shop\/tarots-en\/el-gran-tarot-de-los-tattwas-original-nostradamus-disenado-y-crado-por-gran-maestro-del-tarot-portela\/","og_site_name":"Zona Carpe Diem","article_publisher":"https:\/\/www.facebook.com\/ZonaCarpeDiem","article_modified_time":"2023-11-29T08:59:10+00:00","og_image":[{"width":800,"height":800,"url":"https:\/\/www.zonacarpediem.com\/wp-content\/uploads\/2021\/09\/tatt1.png","type":"image\/png"}],"twitter_misc":{"Est. reading time":"2 minutes"},"schema":{"@context":"https:\/\/schema.org","@graph":[{"@type":"WebPage","@id":"https:\/\/www.zonacarpediem.com\/en\/shop\/tarots-en\/el-gran-tarot-de-los-tattwas-original-nostradamus-disenado-y-crado-por-gran-maestro-del-tarot-portela\/","url":"https:\/\/www.zonacarpediem.com\/en\/shop\/tarots-en\/el-gran-tarot-de-los-tattwas-original-nostradamus-disenado-y-crado-por-gran-maestro-del-tarot-portela\/","name":"EL GRAN TAROT DE LOS TATTWAS dise\u00f1ado por el gran maestro J.A. PORTELA - Zona Carpe Diem","isPartOf":{"@id":"https:\/\/www.zonacarpediem.com\/en\/#website"},"primaryImageOfPage":{"@id":"https:\/\/www.zonacarpediem.com\/en\/shop\/tarots-en\/el-gran-tarot-de-los-tattwas-original-nostradamus-disenado-y-crado-por-gran-maestro-del-tarot-portela\/#primaryimage"},"image":{"@id":"https:\/\/www.zonacarpediem.com\/en\/shop\/tarots-en\/el-gran-tarot-de-los-tattwas-original-nostradamus-disenado-y-crado-por-gran-maestro-del-tarot-portela\/#primaryimage"},"thumbnailUrl":"https:\/\/www.zonacarpediem.com\/wp-content\/uploads\/2021\/09\/tatt1.png","datePublished":"2021-09-17T14:35:53+00:00","dateModified":"2023-11-29T08:59:10+00:00","description":"Comprar EL GRAN TAROT DE LOS TATTWAS, original fabricado en Epa\u00f1a por Nostradamus, dise\u00f1ado y creado por el Gran Maestro del Tarot J.A. PORTELA - Edici\u00f3n espa\u00f1ola.","breadcrumb":{"@id":"https:\/\/www.zonacarpediem.com\/en\/shop\/tarots-en\/el-gran-tarot-de-los-tattwas-original-nostradamus-disenado-y-crado-por-gran-maestro-del-tarot-portela\/#breadcrumb"},"inLanguage":"en-US","potentialAction":[{"@type":"ReadAction","target":["https:\/\/www.zonacarpediem.com\/en\/shop\/tarots-en\/el-gran-tarot-de-los-tattwas-original-nostradamus-disenado-y-crado-por-gran-maestro-del-tarot-portela\/"]}]},{"@type":"ImageObject","inLanguage":"en-US","@id":"https:\/\/www.zonacarpediem.com\/en\/shop\/tarots-en\/el-gran-tarot-de-los-tattwas-original-nostradamus-disenado-y-crado-por-gran-maestro-del-tarot-portela\/#primaryimage","url":"https:\/\/www.zonacarpediem.com\/wp-content\/uploads\/2021\/09\/tatt1.png","contentUrl":"https:\/\/www.zonacarpediem.com\/wp-content\/uploads\/2021\/09\/tatt1.png","width":800,"height":800,"caption":"EL GRAN TAROT DE LOS TATTWAS original fabricando en Espa\u00f1a maestro J.A. PORTELA"},{"@type":"BreadcrumbList","@id":"https:\/\/www.zonacarpediem.com\/en\/shop\/tarots-en\/el-gran-tarot-de-los-tattwas-original-nostradamus-disenado-y-crado-por-gran-maestro-del-tarot-portela\/#breadcrumb","itemListElement":[{"@type":"ListItem","position":1,"name":"Home","item":"https:\/\/www.zonacarpediem.com\/en\/home-us\/"},{"@type":"ListItem","position":2,"name":"Products","item":"https:\/\/www.zonacarpediem.com\/en\/products\/"},{"@type":"ListItem","position":3,"name":"EL GRAN TAROT DE LOS TATTWAS dise\u00f1ado por el gran maestro J.A. PORTELA"}]},{"@type":"WebSite","@id":"https:\/\/www.zonacarpediem.com\/en\/#website","url":"https:\/\/www.zonacarpediem.com\/en\/","name":"Zona Carpe Diem","description":"Buy with Confidence and Flirt with Brilliance, Passion Lives Here!","publisher":{"@id":"https:\/\/www.zonacarpediem.com\/en\/#organization"},"potentialAction":[{"@type":"SearchAction","target":{"@type":"EntryPoint","urlTemplate":"https:\/\/www.zonacarpediem.com\/en\/?s={search_term_string}"},"query-input":{"@type":"PropertyValueSpecification","valueRequired":true,"valueName":"search_term_string"}}],"inLanguage":"en-US"},{"@type":"Organization","@id":"https:\/\/www.zonacarpediem.com\/en\/#organization","name":"Zona Carpe Diem","url":"https:\/\/www.zonacarpediem.com\/en\/","logo":{"@type":"ImageObject","inLanguage":"en-US","@id":"https:\/\/www.zonacarpediem.com\/en\/#\/schema\/logo\/image\/","url":"https:\/\/www.zonacarpediem.com\/wp-content\/uploads\/2016\/12\/ZCD-Logo-for-eBay-dec-2016-200x150px.png","contentUrl":"https:\/\/www.zonacarpediem.com\/wp-content\/uploads\/2016\/12\/ZCD-Logo-for-eBay-dec-2016-200x150px.png","width":200,"height":150,"caption":"Zona Carpe Diem"},"image":{"@id":"https:\/\/www.zonacarpediem.com\/en\/#\/schema\/logo\/image\/"},"sameAs":["https:\/\/www.facebook.com\/ZonaCarpeDiem"]}]}},"_links":{"self":[{"href":"https:\/\/www.zonacarpediem.com\/en\/wp-json\/wp\/v2\/product\/5822","targetHints":{"allow":["GET"]}}],"collection":[{"href":"https:\/\/www.zonacarpediem.com\/en\/wp-json\/wp\/v2\/product"}],"about":[{"href":"https:\/\/www.zonacarpediem.com\/en\/wp-json\/wp\/v2\/types\/product"}],"wp:featuredmedia":[{"embeddable":true,"href":"https:\/\/www.zonacarpediem.com\/en\/wp-json\/wp\/v2\/media\/5824"}],"wp:attachment":[{"href":"https:\/\/www.zonacarpediem.com\/en\/wp-json\/wp\/v2\/media?parent=5822"}],"wp:term":[{"taxonomy":"product_brand","embeddable":true,"href":"https:\/\/www.zonacarpediem.com\/en\/wp-json\/wp\/v2\/product_brand?post=5822"},{"taxonomy":"product_cat","embeddable":true,"href":"https:\/\/www.zonacarpediem.com\/en\/wp-json\/wp\/v2\/product_cat?post=5822"},{"taxonomy":"product_tag","embeddable":true,"href":"https:\/\/www.zonacarpediem.com\/en\/wp-json\/wp\/v2\/product_tag?post=5822"}],"curies":[{"name":"wp","href":"https:\/\/api.w.org\/{rel}","templated":true}]}}