{"id":5887,"date":"2021-10-17T19:02:41","date_gmt":"2021-10-17T17:02:41","guid":{"rendered":"https:\/\/www.zonacarpediem.com\/?post_type=product&#038;p=5887"},"modified":"2025-03-09T16:46:09","modified_gmt":"2025-03-09T15:46:09","slug":"el-tarot-de-rohrig-edicion-espanola-fabricado-en-espana-original-carl-rohrig","status":"publish","type":"product","link":"https:\/\/www.zonacarpediem.com\/en\/shop\/tarots-en\/el-tarot-de-rohrig-edicion-espanola-fabricado-en-espana-original-carl-rohrig\/","title":{"rendered":"EL TAROT DE R\u00d6HRIG, de CARL-W. R\u00d6HRIG edici\u00f3n espa\u00f1ola"},"content":{"rendered":"<p><strong>EL TAROT DE R\u00d6HRIG, original de Carl-W. R\u00f6hrig, edici\u00f3n espa\u00f1ola y fabricado en Espa\u00f1a por Editorial Sirio.<\/strong><\/p>\n<p><strong>\u00a0<\/strong><\/p>\n<p><strong>FABRICADO EN ESPA\u00d1A POR EDITORIAL SIRIO, MALAGA.<\/strong><\/p>\n<p>Consta de 78 cartas a todo color y folleto con instrucciones, divididas en<br \/>\n22 arcanos mayores gemelos y<br \/>\n56 arcanos menores.<br \/>\nEn precioso estuche de cart\u00f3n.<\/p>\n<p>&nbsp;<\/p>\n<p>El Tarot de R\u00f6hrig seduce por su estilo extravagante, en ocasiones surrealista, que juega con los s\u00edmbolos y las formas utilizando una gran fantas\u00eda.<br \/>\nSu autor resalta la vertiente intelectual, espiritual y filos\u00f3fica de los distintos arcanos, considerados como una representaci\u00f3n de las m\u00faltiples facetas del ser humano.<\/p>\n<p>Los trabajos de Carl W. R\u00f6hrig aparecen con frecuencia en las m\u00e1s importantes revistas alemanas como Stern y Der Spiegel. Es miembro de la National Geographic Society y sus pinturas cuelgan en las m\u00e1s prestigiosas galer\u00edas de los cinco continentes.<\/p>\n<p>Cartas que tienen como objetivo despertar la mente del hombre a otros niveles, a trav\u00e9s de los cuales pueda acceder a otra sabidur\u00eda, a otros conocimientos que permitan saber y anticipar, as\u00ed como tambi\u00e9n encontrar el bienestar interior.<\/p>\n<p>El tarot es una baraja de naipes que, adem\u00e1s de servir para jugar, se usa a menudo como medio de \u201cadivinaci\u00f3n\u201d del pasado, de la situaci\u00f3n presente del consultante y algunas veces del futuro, por lo que constituir\u00eda un tipo de cartomancia.<br \/>\nSus or\u00edgenes datan al menos del siglo XIV, no teniendo fundamento llevar sus ra\u00edces m\u00e1s atr\u00e1s en la historia.<\/p>\n<p>&nbsp;<\/p>\n<p><em>Este es un producto original de calidad, fabricado en Espa\u00f1a. Esta no es una copia no autorizada.<br \/>\nEnviamos el art\u00edculo desde Espa\u00f1a a todo el mundo, certificado, con n\u00famero de seguimiento.<\/em><\/p>\n<p>&nbsp;<\/p>\n","protected":false},"excerpt":{"rendered":"<p>EL TAROT DE R\u00d6HRIG, edici\u00f3n espa\u00f1ola y fabricado en Espa\u00f1a por Editorial Sirio, original de CARL-W. R\u00d6HRIG<\/p>\n","protected":false},"featured_media":5891,"template":"","meta":[],"product_brand":[],"product_cat":[163],"product_tag":[],"class_list":{"0":"post-5887","1":"product","2":"type-product","3":"status-publish","4":"has-post-thumbnail","6":"product_cat-tarots-en","8":"first","9":"outofstock","10":"shipping-taxable","11":"purchasable","12":"product-type-simple"},"yoast_head":"<!-- This site is optimized with the Yoast SEO plugin v26.7 - https:\/\/yoast.com\/wordpress\/plugins\/seo\/ -->\n<title>EL TAROT DE R\u00d6HRIG, de CARL-W. R\u00d6HRIG edici\u00f3n espa\u00f1ola - Zona Carpe Diem<\/title>\n<meta name=\"description\" content=\"Comprar EL TAROT DE R\u00d6HRIG, original de Carl-W. R\u00f6hrig, edici\u00f3n espa\u00f1ola y fabricado en Espa\u00f1a por Editorial Sirio.\" \/>\n<meta name=\"robots\" content=\"index, follow, max-snippet:-1, max-image-preview:large, max-video-preview:-1\" \/>\n<link rel=\"canonical\" href=\"https:\/\/www.zonacarpediem.com\/en\/shop\/tarots-en\/el-tarot-de-rohrig-edicion-espanola-fabricado-en-espana-original-carl-rohrig\/\" \/>\n<meta property=\"og:locale\" content=\"en_US\" \/>\n<meta property=\"og:type\" content=\"article\" \/>\n<meta property=\"og:title\" content=\"EL TAROT DE R\u00d6HRIG, de CARL-W. R\u00d6HRIG edici\u00f3n espa\u00f1ola - Zona Carpe Diem\" \/>\n<meta property=\"og:description\" content=\"Comprar EL TAROT DE R\u00d6HRIG, original de Carl-W. R\u00f6hrig, edici\u00f3n espa\u00f1ola y fabricado en Espa\u00f1a por Editorial Sirio.\" \/>\n<meta property=\"og:url\" content=\"https:\/\/www.zonacarpediem.com\/en\/shop\/tarots-en\/el-tarot-de-rohrig-edicion-espanola-fabricado-en-espana-original-carl-rohrig\/\" \/>\n<meta property=\"og:site_name\" content=\"Zona Carpe Diem\" \/>\n<meta property=\"article:publisher\" content=\"https:\/\/www.facebook.com\/ZonaCarpeDiem\" \/>\n<meta property=\"article:modified_time\" content=\"2025-03-09T15:46:09+00:00\" \/>\n<meta property=\"og:image\" content=\"https:\/\/www.zonacarpediem.com\/wp-content\/uploads\/2021\/10\/EL-TAROT-DE-ROHRIG-1-scaled.jpeg\" \/>\n\t<meta property=\"og:image:width\" content=\"1763\" \/>\n\t<meta property=\"og:image:height\" content=\"2560\" \/>\n\t<meta property=\"og:image:type\" content=\"image\/jpeg\" \/>\n<meta name=\"twitter:label1\" content=\"Est. reading time\" \/>\n\t<meta name=\"twitter:data1\" content=\"2 minutes\" \/>\n<script type=\"application\/ld+json\" class=\"yoast-schema-graph\">{\"@context\":\"https:\/\/schema.org\",\"@graph\":[{\"@type\":\"WebPage\",\"@id\":\"https:\/\/www.zonacarpediem.com\/en\/shop\/tarots-en\/el-tarot-de-rohrig-edicion-espanola-fabricado-en-espana-original-carl-rohrig\/\",\"url\":\"https:\/\/www.zonacarpediem.com\/en\/shop\/tarots-en\/el-tarot-de-rohrig-edicion-espanola-fabricado-en-espana-original-carl-rohrig\/\",\"name\":\"EL TAROT DE R\u00d6HRIG, de CARL-W. R\u00d6HRIG edici\u00f3n espa\u00f1ola - Zona Carpe Diem\",\"isPartOf\":{\"@id\":\"https:\/\/www.zonacarpediem.com\/en\/#website\"},\"primaryImageOfPage\":{\"@id\":\"https:\/\/www.zonacarpediem.com\/en\/shop\/tarots-en\/el-tarot-de-rohrig-edicion-espanola-fabricado-en-espana-original-carl-rohrig\/#primaryimage\"},\"image\":{\"@id\":\"https:\/\/www.zonacarpediem.com\/en\/shop\/tarots-en\/el-tarot-de-rohrig-edicion-espanola-fabricado-en-espana-original-carl-rohrig\/#primaryimage\"},\"thumbnailUrl\":\"https:\/\/www.zonacarpediem.com\/wp-content\/uploads\/2021\/10\/EL-TAROT-DE-ROHRIG-1-scaled.jpeg\",\"datePublished\":\"2021-10-17T17:02:41+00:00\",\"dateModified\":\"2025-03-09T15:46:09+00:00\",\"description\":\"Comprar EL TAROT DE R\u00d6HRIG, original de Carl-W. R\u00f6hrig, edici\u00f3n espa\u00f1ola y fabricado en Espa\u00f1a por Editorial Sirio.\",\"breadcrumb\":{\"@id\":\"https:\/\/www.zonacarpediem.com\/en\/shop\/tarots-en\/el-tarot-de-rohrig-edicion-espanola-fabricado-en-espana-original-carl-rohrig\/#breadcrumb\"},\"inLanguage\":\"en-US\",\"potentialAction\":[{\"@type\":\"ReadAction\",\"target\":[\"https:\/\/www.zonacarpediem.com\/en\/shop\/tarots-en\/el-tarot-de-rohrig-edicion-espanola-fabricado-en-espana-original-carl-rohrig\/\"]}]},{\"@type\":\"ImageObject\",\"inLanguage\":\"en-US\",\"@id\":\"https:\/\/www.zonacarpediem.com\/en\/shop\/tarots-en\/el-tarot-de-rohrig-edicion-espanola-fabricado-en-espana-original-carl-rohrig\/#primaryimage\",\"url\":\"https:\/\/www.zonacarpediem.com\/wp-content\/uploads\/2021\/10\/EL-TAROT-DE-ROHRIG-1-scaled.jpeg\",\"contentUrl\":\"https:\/\/www.zonacarpediem.com\/wp-content\/uploads\/2021\/10\/EL-TAROT-DE-ROHRIG-1-scaled.jpeg\",\"width\":1763,\"height\":2560,\"caption\":\"EL TAROT DE R\u00d6HRIG\"},{\"@type\":\"BreadcrumbList\",\"@id\":\"https:\/\/www.zonacarpediem.com\/en\/shop\/tarots-en\/el-tarot-de-rohrig-edicion-espanola-fabricado-en-espana-original-carl-rohrig\/#breadcrumb\",\"itemListElement\":[{\"@type\":\"ListItem\",\"position\":1,\"name\":\"Home\",\"item\":\"https:\/\/www.zonacarpediem.com\/en\/home-us\/\"},{\"@type\":\"ListItem\",\"position\":2,\"name\":\"Products\",\"item\":\"https:\/\/www.zonacarpediem.com\/en\/products\/\"},{\"@type\":\"ListItem\",\"position\":3,\"name\":\"EL TAROT DE R\u00d6HRIG, de CARL-W. R\u00d6HRIG edici\u00f3n espa\u00f1ola\"}]},{\"@type\":\"WebSite\",\"@id\":\"https:\/\/www.zonacarpediem.com\/en\/#website\",\"url\":\"https:\/\/www.zonacarpediem.com\/en\/\",\"name\":\"Zona Carpe Diem\",\"description\":\"Buy with Confidence and Flirt with Brilliance, Passion Lives Here!\",\"publisher\":{\"@id\":\"https:\/\/www.zonacarpediem.com\/en\/#organization\"},\"potentialAction\":[{\"@type\":\"SearchAction\",\"target\":{\"@type\":\"EntryPoint\",\"urlTemplate\":\"https:\/\/www.zonacarpediem.com\/en\/?s={search_term_string}\"},\"query-input\":{\"@type\":\"PropertyValueSpecification\",\"valueRequired\":true,\"valueName\":\"search_term_string\"}}],\"inLanguage\":\"en-US\"},{\"@type\":\"Organization\",\"@id\":\"https:\/\/www.zonacarpediem.com\/en\/#organization\",\"name\":\"Zona Carpe Diem\",\"url\":\"https:\/\/www.zonacarpediem.com\/en\/\",\"logo\":{\"@type\":\"ImageObject\",\"inLanguage\":\"en-US\",\"@id\":\"https:\/\/www.zonacarpediem.com\/en\/#\/schema\/logo\/image\/\",\"url\":\"https:\/\/www.zonacarpediem.com\/wp-content\/uploads\/2016\/12\/ZCD-Logo-for-eBay-dec-2016-200x150px.png\",\"contentUrl\":\"https:\/\/www.zonacarpediem.com\/wp-content\/uploads\/2016\/12\/ZCD-Logo-for-eBay-dec-2016-200x150px.png\",\"width\":200,\"height\":150,\"caption\":\"Zona Carpe Diem\"},\"image\":{\"@id\":\"https:\/\/www.zonacarpediem.com\/en\/#\/schema\/logo\/image\/\"},\"sameAs\":[\"https:\/\/www.facebook.com\/ZonaCarpeDiem\"]}]}<\/script>\n<!-- \/ Yoast SEO plugin. -->","yoast_head_json":{"title":"EL TAROT DE R\u00d6HRIG, de CARL-W. R\u00d6HRIG edici\u00f3n espa\u00f1ola - Zona Carpe Diem","description":"Comprar EL TAROT DE R\u00d6HRIG, original de Carl-W. R\u00f6hrig, edici\u00f3n espa\u00f1ola y fabricado en Espa\u00f1a por Editorial Sirio.","robots":{"index":"index","follow":"follow","max-snippet":"max-snippet:-1","max-image-preview":"max-image-preview:large","max-video-preview":"max-video-preview:-1"},"canonical":"https:\/\/www.zonacarpediem.com\/en\/shop\/tarots-en\/el-tarot-de-rohrig-edicion-espanola-fabricado-en-espana-original-carl-rohrig\/","og_locale":"en_US","og_type":"article","og_title":"EL TAROT DE R\u00d6HRIG, de CARL-W. R\u00d6HRIG edici\u00f3n espa\u00f1ola - Zona Carpe Diem","og_description":"Comprar EL TAROT DE R\u00d6HRIG, original de Carl-W. R\u00f6hrig, edici\u00f3n espa\u00f1ola y fabricado en Espa\u00f1a por Editorial Sirio.","og_url":"https:\/\/www.zonacarpediem.com\/en\/shop\/tarots-en\/el-tarot-de-rohrig-edicion-espanola-fabricado-en-espana-original-carl-rohrig\/","og_site_name":"Zona Carpe Diem","article_publisher":"https:\/\/www.facebook.com\/ZonaCarpeDiem","article_modified_time":"2025-03-09T15:46:09+00:00","og_image":[{"width":1763,"height":2560,"url":"https:\/\/www.zonacarpediem.com\/wp-content\/uploads\/2021\/10\/EL-TAROT-DE-ROHRIG-1-scaled.jpeg","type":"image\/jpeg"}],"twitter_misc":{"Est. reading time":"2 minutes"},"schema":{"@context":"https:\/\/schema.org","@graph":[{"@type":"WebPage","@id":"https:\/\/www.zonacarpediem.com\/en\/shop\/tarots-en\/el-tarot-de-rohrig-edicion-espanola-fabricado-en-espana-original-carl-rohrig\/","url":"https:\/\/www.zonacarpediem.com\/en\/shop\/tarots-en\/el-tarot-de-rohrig-edicion-espanola-fabricado-en-espana-original-carl-rohrig\/","name":"EL TAROT DE R\u00d6HRIG, de CARL-W. R\u00d6HRIG edici\u00f3n espa\u00f1ola - Zona Carpe Diem","isPartOf":{"@id":"https:\/\/www.zonacarpediem.com\/en\/#website"},"primaryImageOfPage":{"@id":"https:\/\/www.zonacarpediem.com\/en\/shop\/tarots-en\/el-tarot-de-rohrig-edicion-espanola-fabricado-en-espana-original-carl-rohrig\/#primaryimage"},"image":{"@id":"https:\/\/www.zonacarpediem.com\/en\/shop\/tarots-en\/el-tarot-de-rohrig-edicion-espanola-fabricado-en-espana-original-carl-rohrig\/#primaryimage"},"thumbnailUrl":"https:\/\/www.zonacarpediem.com\/wp-content\/uploads\/2021\/10\/EL-TAROT-DE-ROHRIG-1-scaled.jpeg","datePublished":"2021-10-17T17:02:41+00:00","dateModified":"2025-03-09T15:46:09+00:00","description":"Comprar EL TAROT DE R\u00d6HRIG, original de Carl-W. R\u00f6hrig, edici\u00f3n espa\u00f1ola y fabricado en Espa\u00f1a por Editorial Sirio.","breadcrumb":{"@id":"https:\/\/www.zonacarpediem.com\/en\/shop\/tarots-en\/el-tarot-de-rohrig-edicion-espanola-fabricado-en-espana-original-carl-rohrig\/#breadcrumb"},"inLanguage":"en-US","potentialAction":[{"@type":"ReadAction","target":["https:\/\/www.zonacarpediem.com\/en\/shop\/tarots-en\/el-tarot-de-rohrig-edicion-espanola-fabricado-en-espana-original-carl-rohrig\/"]}]},{"@type":"ImageObject","inLanguage":"en-US","@id":"https:\/\/www.zonacarpediem.com\/en\/shop\/tarots-en\/el-tarot-de-rohrig-edicion-espanola-fabricado-en-espana-original-carl-rohrig\/#primaryimage","url":"https:\/\/www.zonacarpediem.com\/wp-content\/uploads\/2021\/10\/EL-TAROT-DE-ROHRIG-1-scaled.jpeg","contentUrl":"https:\/\/www.zonacarpediem.com\/wp-content\/uploads\/2021\/10\/EL-TAROT-DE-ROHRIG-1-scaled.jpeg","width":1763,"height":2560,"caption":"EL TAROT DE R\u00d6HRIG"},{"@type":"BreadcrumbList","@id":"https:\/\/www.zonacarpediem.com\/en\/shop\/tarots-en\/el-tarot-de-rohrig-edicion-espanola-fabricado-en-espana-original-carl-rohrig\/#breadcrumb","itemListElement":[{"@type":"ListItem","position":1,"name":"Home","item":"https:\/\/www.zonacarpediem.com\/en\/home-us\/"},{"@type":"ListItem","position":2,"name":"Products","item":"https:\/\/www.zonacarpediem.com\/en\/products\/"},{"@type":"ListItem","position":3,"name":"EL TAROT DE R\u00d6HRIG, de CARL-W. R\u00d6HRIG edici\u00f3n espa\u00f1ola"}]},{"@type":"WebSite","@id":"https:\/\/www.zonacarpediem.com\/en\/#website","url":"https:\/\/www.zonacarpediem.com\/en\/","name":"Zona Carpe Diem","description":"Buy with Confidence and Flirt with Brilliance, Passion Lives Here!","publisher":{"@id":"https:\/\/www.zonacarpediem.com\/en\/#organization"},"potentialAction":[{"@type":"SearchAction","target":{"@type":"EntryPoint","urlTemplate":"https:\/\/www.zonacarpediem.com\/en\/?s={search_term_string}"},"query-input":{"@type":"PropertyValueSpecification","valueRequired":true,"valueName":"search_term_string"}}],"inLanguage":"en-US"},{"@type":"Organization","@id":"https:\/\/www.zonacarpediem.com\/en\/#organization","name":"Zona Carpe Diem","url":"https:\/\/www.zonacarpediem.com\/en\/","logo":{"@type":"ImageObject","inLanguage":"en-US","@id":"https:\/\/www.zonacarpediem.com\/en\/#\/schema\/logo\/image\/","url":"https:\/\/www.zonacarpediem.com\/wp-content\/uploads\/2016\/12\/ZCD-Logo-for-eBay-dec-2016-200x150px.png","contentUrl":"https:\/\/www.zonacarpediem.com\/wp-content\/uploads\/2016\/12\/ZCD-Logo-for-eBay-dec-2016-200x150px.png","width":200,"height":150,"caption":"Zona Carpe Diem"},"image":{"@id":"https:\/\/www.zonacarpediem.com\/en\/#\/schema\/logo\/image\/"},"sameAs":["https:\/\/www.facebook.com\/ZonaCarpeDiem"]}]}},"_links":{"self":[{"href":"https:\/\/www.zonacarpediem.com\/en\/wp-json\/wp\/v2\/product\/5887","targetHints":{"allow":["GET"]}}],"collection":[{"href":"https:\/\/www.zonacarpediem.com\/en\/wp-json\/wp\/v2\/product"}],"about":[{"href":"https:\/\/www.zonacarpediem.com\/en\/wp-json\/wp\/v2\/types\/product"}],"wp:featuredmedia":[{"embeddable":true,"href":"https:\/\/www.zonacarpediem.com\/en\/wp-json\/wp\/v2\/media\/5891"}],"wp:attachment":[{"href":"https:\/\/www.zonacarpediem.com\/en\/wp-json\/wp\/v2\/media?parent=5887"}],"wp:term":[{"taxonomy":"product_brand","embeddable":true,"href":"https:\/\/www.zonacarpediem.com\/en\/wp-json\/wp\/v2\/product_brand?post=5887"},{"taxonomy":"product_cat","embeddable":true,"href":"https:\/\/www.zonacarpediem.com\/en\/wp-json\/wp\/v2\/product_cat?post=5887"},{"taxonomy":"product_tag","embeddable":true,"href":"https:\/\/www.zonacarpediem.com\/en\/wp-json\/wp\/v2\/product_tag?post=5887"}],"curies":[{"name":"wp","href":"https:\/\/api.w.org\/{rel}","templated":true}]}}