{"id":5918,"date":"2021-10-22T12:04:30","date_gmt":"2021-10-22T10:04:30","guid":{"rendered":"https:\/\/www.zonacarpediem.com\/?post_type=product&#038;p=5918"},"modified":"2025-11-07T13:35:19","modified_gmt":"2025-11-07T12:35:19","slug":"tarot-de-yemaya-original-jeisber-feria-diaz-edicion-espanola","status":"publish","type":"product","link":"https:\/\/www.zonacarpediem.com\/en\/shop\/tarots-en\/tarot-de-yemaya-original-jeisber-feria-diaz-edicion-espanola\/","title":{"rendered":"EL TAROT DE YEMAYA, original Rvdo. JEISBER FERIA DIAZ edici\u00f3n espa\u00f1ola"},"content":{"rendered":"<p><strong>EL TAROT DE YEMAYA, original Rvdo. JEISBER FERIA DIAZ, edici\u00f3n espa\u00f1ola y fabricado en Espa\u00f1a por Edici\u00f3n Obelisco<br \/>\n<\/strong><\/p>\n<p><strong>\u00a0<\/strong><\/p>\n<p><strong>FABRICADO EN ESPA\u00d1A POR EDITORIAL OBELISCO, BARCELONA.<\/strong><\/p>\n<p>Consta de 30 cartas (tama\u00f1o 8,0 x 13 cm) a todo color y libro con instrucciones.<br \/>\nEn preciosa caja r\u00edgida.<\/p>\n<p><strong>Un medio de comunicaci\u00f3n con la religi\u00f3n Afrocubana<\/strong><\/p>\n<p>&nbsp;<\/p>\n<p><strong>Yemay\u00e1<\/strong> es Orisha mayor, madre de la vida y de todos los santos, due\u00f1a de las aguas. El tarot de Yemay\u00e1 supone un acercamiento a una de las pr\u00e1cticas m\u00e1s antiguas: el espiritismo. La santer\u00eda afrocubana muestra en este libro su realidad y ofrece al lector la posibilidad de adentrarse en el significado de cada uno de sus s\u00edmbolos, el modo correcto de tirar las cartas y las oraciones que componen el ritual que envuelve una consulta de tarot. \u00abS\u00f3lo mediante el conocimiento y entendimiento de los naipes debidamente consagrados obtenemos las respuestas de los Egg\u00fan y Orishas. Yo te ense\u00f1ar\u00e9 a caminar, pero s\u00f3lo t\u00fa eliges el camino\u00bb, dice el autor.<\/p>\n<p><strong>Jeisber Feria D\u00edaz<\/strong> naci\u00f3 en Ciudad de La Habana, Cuba. Dedic\u00f3 su atenci\u00f3n a la Iglesia cristiana y se orden\u00f3 como sacerdote de la Iglesia luterana cubana en 1992. Rozando la paradoja, ha vivido y estudiado de forma paralela el espiritismo, tanto el kardeciano como el yoruba-lucum\u00ed, y es considerado un gran espiritista y conocedor de las formas existentes de comunicaci\u00f3n con los Egg\u00fan.<\/p>\n<p>&nbsp;<\/p>\n<p>Cartas que tienen como objetivo despertar la mente del hombre a otros niveles, a trav\u00e9s de los cuales pueda acceder a otra sabidur\u00eda, a otros conocimientos que permitan saber y anticipar, as\u00ed como tambi\u00e9n encontrar el bienestar interior.<\/p>\n<p>El tarot es una baraja de naipes que, adem\u00e1s de servir para jugar, se usa a menudo como medio de \u201cadivinaci\u00f3n\u201d del pasado, de la situaci\u00f3n presente del consultante y algunas veces del futuro, por lo que constituir\u00eda un tipo de cartomancia.<br \/>\nSus or\u00edgenes datan al menos del siglo XIV.<\/p>\n<p>&nbsp;<\/p>\n<p><em>Este es un producto original de calidad, fabricado en Espa\u00f1a. Esta no es una copia no autorizada.<br \/>\nEnviamos el art\u00edculo desde Espa\u00f1a a todo el mundo, certificado, con n\u00famero de seguimiento.<\/em><\/p>\n<p>&nbsp;<\/p>\n","protected":false},"excerpt":{"rendered":"<p>EL TAROT DE YEMAYA, un medio de comunicaci\u00f3n con la religi\u00f3n Afrocubana, original Rvdo. JEISBER FERIA DIAZ, edici\u00f3n espa\u00f1ola y fabricado en Espa\u00f1a, Edici\u00f3n Obelisco.<\/p>\n","protected":false},"featured_media":5920,"template":"","meta":[],"product_brand":[],"product_cat":[163],"product_tag":[],"class_list":{"0":"post-5918","1":"product","2":"type-product","3":"status-publish","4":"has-post-thumbnail","6":"product_cat-tarots-en","8":"first","9":"outofstock","10":"shipping-taxable","11":"purchasable","12":"product-type-simple"},"yoast_head":"<!-- This site is optimized with the Yoast SEO plugin v26.7 - https:\/\/yoast.com\/wordpress\/plugins\/seo\/ -->\n<title>EL TAROT DE YEMAYA, original Rvdo. JEISBER FERIA DIAZ edici\u00f3n espa\u00f1ola - Zona Carpe Diem<\/title>\n<meta name=\"description\" content=\"Comprar EL TAROT DE YEMAYA, original Rvdo. JEISBER FERIA DIAZ, edici\u00f3n espa\u00f1ola y fabricado en Espa\u00f1a por Ediciones Obelisco.\" \/>\n<meta name=\"robots\" content=\"index, follow, max-snippet:-1, max-image-preview:large, max-video-preview:-1\" \/>\n<link rel=\"canonical\" href=\"https:\/\/www.zonacarpediem.com\/en\/shop\/tarots-en\/tarot-de-yemaya-original-jeisber-feria-diaz-edicion-espanola\/\" \/>\n<meta property=\"og:locale\" content=\"en_US\" \/>\n<meta property=\"og:type\" content=\"article\" \/>\n<meta property=\"og:title\" content=\"EL TAROT DE YEMAYA, original Rvdo. JEISBER FERIA DIAZ edici\u00f3n espa\u00f1ola - Zona Carpe Diem\" \/>\n<meta property=\"og:description\" content=\"Comprar EL TAROT DE YEMAYA, original Rvdo. JEISBER FERIA DIAZ, edici\u00f3n espa\u00f1ola y fabricado en Espa\u00f1a por Ediciones Obelisco.\" \/>\n<meta property=\"og:url\" content=\"https:\/\/www.zonacarpediem.com\/en\/shop\/tarots-en\/tarot-de-yemaya-original-jeisber-feria-diaz-edicion-espanola\/\" \/>\n<meta property=\"og:site_name\" content=\"Zona Carpe Diem\" \/>\n<meta property=\"article:publisher\" content=\"https:\/\/www.facebook.com\/ZonaCarpeDiem\" \/>\n<meta property=\"article:modified_time\" content=\"2025-11-07T12:35:19+00:00\" \/>\n<meta property=\"og:image\" content=\"https:\/\/www.zonacarpediem.com\/wp-content\/uploads\/2021\/10\/79DAFD39-4E82-43B7-AB4B-9B8D461CDC25.jpeg\" \/>\n\t<meta property=\"og:image:width\" content=\"2159\" \/>\n\t<meta property=\"og:image:height\" content=\"2515\" \/>\n\t<meta property=\"og:image:type\" content=\"image\/jpeg\" \/>\n<meta name=\"twitter:label1\" content=\"Est. reading time\" \/>\n\t<meta name=\"twitter:data1\" content=\"2 minutes\" \/>\n<script type=\"application\/ld+json\" class=\"yoast-schema-graph\">{\"@context\":\"https:\/\/schema.org\",\"@graph\":[{\"@type\":\"WebPage\",\"@id\":\"https:\/\/www.zonacarpediem.com\/en\/shop\/tarots-en\/tarot-de-yemaya-original-jeisber-feria-diaz-edicion-espanola\/\",\"url\":\"https:\/\/www.zonacarpediem.com\/en\/shop\/tarots-en\/tarot-de-yemaya-original-jeisber-feria-diaz-edicion-espanola\/\",\"name\":\"EL TAROT DE YEMAYA, original Rvdo. JEISBER FERIA DIAZ edici\u00f3n espa\u00f1ola - Zona Carpe Diem\",\"isPartOf\":{\"@id\":\"https:\/\/www.zonacarpediem.com\/en\/#website\"},\"primaryImageOfPage\":{\"@id\":\"https:\/\/www.zonacarpediem.com\/en\/shop\/tarots-en\/tarot-de-yemaya-original-jeisber-feria-diaz-edicion-espanola\/#primaryimage\"},\"image\":{\"@id\":\"https:\/\/www.zonacarpediem.com\/en\/shop\/tarots-en\/tarot-de-yemaya-original-jeisber-feria-diaz-edicion-espanola\/#primaryimage\"},\"thumbnailUrl\":\"https:\/\/www.zonacarpediem.com\/wp-content\/uploads\/2021\/10\/79DAFD39-4E82-43B7-AB4B-9B8D461CDC25.jpeg\",\"datePublished\":\"2021-10-22T10:04:30+00:00\",\"dateModified\":\"2025-11-07T12:35:19+00:00\",\"description\":\"Comprar EL TAROT DE YEMAYA, original Rvdo. JEISBER FERIA DIAZ, edici\u00f3n espa\u00f1ola y fabricado en Espa\u00f1a por Ediciones Obelisco.\",\"breadcrumb\":{\"@id\":\"https:\/\/www.zonacarpediem.com\/en\/shop\/tarots-en\/tarot-de-yemaya-original-jeisber-feria-diaz-edicion-espanola\/#breadcrumb\"},\"inLanguage\":\"en-US\",\"potentialAction\":[{\"@type\":\"ReadAction\",\"target\":[\"https:\/\/www.zonacarpediem.com\/en\/shop\/tarots-en\/tarot-de-yemaya-original-jeisber-feria-diaz-edicion-espanola\/\"]}]},{\"@type\":\"ImageObject\",\"inLanguage\":\"en-US\",\"@id\":\"https:\/\/www.zonacarpediem.com\/en\/shop\/tarots-en\/tarot-de-yemaya-original-jeisber-feria-diaz-edicion-espanola\/#primaryimage\",\"url\":\"https:\/\/www.zonacarpediem.com\/wp-content\/uploads\/2021\/10\/79DAFD39-4E82-43B7-AB4B-9B8D461CDC25.jpeg\",\"contentUrl\":\"https:\/\/www.zonacarpediem.com\/wp-content\/uploads\/2021\/10\/79DAFD39-4E82-43B7-AB4B-9B8D461CDC25.jpeg\",\"width\":2159,\"height\":2515,\"caption\":\"EL TAROT DE YEMAY\u00c1 - Rvdo. Jeisber Feria Diaz\"},{\"@type\":\"BreadcrumbList\",\"@id\":\"https:\/\/www.zonacarpediem.com\/en\/shop\/tarots-en\/tarot-de-yemaya-original-jeisber-feria-diaz-edicion-espanola\/#breadcrumb\",\"itemListElement\":[{\"@type\":\"ListItem\",\"position\":1,\"name\":\"Home\",\"item\":\"https:\/\/www.zonacarpediem.com\/en\/home-us\/\"},{\"@type\":\"ListItem\",\"position\":2,\"name\":\"Products\",\"item\":\"https:\/\/www.zonacarpediem.com\/en\/products\/\"},{\"@type\":\"ListItem\",\"position\":3,\"name\":\"EL TAROT DE YEMAYA, original Rvdo. JEISBER FERIA DIAZ edici\u00f3n espa\u00f1ola\"}]},{\"@type\":\"WebSite\",\"@id\":\"https:\/\/www.zonacarpediem.com\/en\/#website\",\"url\":\"https:\/\/www.zonacarpediem.com\/en\/\",\"name\":\"Zona Carpe Diem\",\"description\":\"Buy with Confidence and Flirt with Brilliance, Passion Lives Here!\",\"publisher\":{\"@id\":\"https:\/\/www.zonacarpediem.com\/en\/#organization\"},\"potentialAction\":[{\"@type\":\"SearchAction\",\"target\":{\"@type\":\"EntryPoint\",\"urlTemplate\":\"https:\/\/www.zonacarpediem.com\/en\/?s={search_term_string}\"},\"query-input\":{\"@type\":\"PropertyValueSpecification\",\"valueRequired\":true,\"valueName\":\"search_term_string\"}}],\"inLanguage\":\"en-US\"},{\"@type\":\"Organization\",\"@id\":\"https:\/\/www.zonacarpediem.com\/en\/#organization\",\"name\":\"Zona Carpe Diem\",\"url\":\"https:\/\/www.zonacarpediem.com\/en\/\",\"logo\":{\"@type\":\"ImageObject\",\"inLanguage\":\"en-US\",\"@id\":\"https:\/\/www.zonacarpediem.com\/en\/#\/schema\/logo\/image\/\",\"url\":\"https:\/\/www.zonacarpediem.com\/wp-content\/uploads\/2016\/12\/ZCD-Logo-for-eBay-dec-2016-200x150px.png\",\"contentUrl\":\"https:\/\/www.zonacarpediem.com\/wp-content\/uploads\/2016\/12\/ZCD-Logo-for-eBay-dec-2016-200x150px.png\",\"width\":200,\"height\":150,\"caption\":\"Zona Carpe Diem\"},\"image\":{\"@id\":\"https:\/\/www.zonacarpediem.com\/en\/#\/schema\/logo\/image\/\"},\"sameAs\":[\"https:\/\/www.facebook.com\/ZonaCarpeDiem\"]}]}<\/script>\n<!-- \/ Yoast SEO plugin. -->","yoast_head_json":{"title":"EL TAROT DE YEMAYA, original Rvdo. JEISBER FERIA DIAZ edici\u00f3n espa\u00f1ola - Zona Carpe Diem","description":"Comprar EL TAROT DE YEMAYA, original Rvdo. JEISBER FERIA DIAZ, edici\u00f3n espa\u00f1ola y fabricado en Espa\u00f1a por Ediciones Obelisco.","robots":{"index":"index","follow":"follow","max-snippet":"max-snippet:-1","max-image-preview":"max-image-preview:large","max-video-preview":"max-video-preview:-1"},"canonical":"https:\/\/www.zonacarpediem.com\/en\/shop\/tarots-en\/tarot-de-yemaya-original-jeisber-feria-diaz-edicion-espanola\/","og_locale":"en_US","og_type":"article","og_title":"EL TAROT DE YEMAYA, original Rvdo. JEISBER FERIA DIAZ edici\u00f3n espa\u00f1ola - Zona Carpe Diem","og_description":"Comprar EL TAROT DE YEMAYA, original Rvdo. JEISBER FERIA DIAZ, edici\u00f3n espa\u00f1ola y fabricado en Espa\u00f1a por Ediciones Obelisco.","og_url":"https:\/\/www.zonacarpediem.com\/en\/shop\/tarots-en\/tarot-de-yemaya-original-jeisber-feria-diaz-edicion-espanola\/","og_site_name":"Zona Carpe Diem","article_publisher":"https:\/\/www.facebook.com\/ZonaCarpeDiem","article_modified_time":"2025-11-07T12:35:19+00:00","og_image":[{"width":2159,"height":2515,"url":"https:\/\/www.zonacarpediem.com\/wp-content\/uploads\/2021\/10\/79DAFD39-4E82-43B7-AB4B-9B8D461CDC25.jpeg","type":"image\/jpeg"}],"twitter_misc":{"Est. reading time":"2 minutes"},"schema":{"@context":"https:\/\/schema.org","@graph":[{"@type":"WebPage","@id":"https:\/\/www.zonacarpediem.com\/en\/shop\/tarots-en\/tarot-de-yemaya-original-jeisber-feria-diaz-edicion-espanola\/","url":"https:\/\/www.zonacarpediem.com\/en\/shop\/tarots-en\/tarot-de-yemaya-original-jeisber-feria-diaz-edicion-espanola\/","name":"EL TAROT DE YEMAYA, original Rvdo. JEISBER FERIA DIAZ edici\u00f3n espa\u00f1ola - Zona Carpe Diem","isPartOf":{"@id":"https:\/\/www.zonacarpediem.com\/en\/#website"},"primaryImageOfPage":{"@id":"https:\/\/www.zonacarpediem.com\/en\/shop\/tarots-en\/tarot-de-yemaya-original-jeisber-feria-diaz-edicion-espanola\/#primaryimage"},"image":{"@id":"https:\/\/www.zonacarpediem.com\/en\/shop\/tarots-en\/tarot-de-yemaya-original-jeisber-feria-diaz-edicion-espanola\/#primaryimage"},"thumbnailUrl":"https:\/\/www.zonacarpediem.com\/wp-content\/uploads\/2021\/10\/79DAFD39-4E82-43B7-AB4B-9B8D461CDC25.jpeg","datePublished":"2021-10-22T10:04:30+00:00","dateModified":"2025-11-07T12:35:19+00:00","description":"Comprar EL TAROT DE YEMAYA, original Rvdo. JEISBER FERIA DIAZ, edici\u00f3n espa\u00f1ola y fabricado en Espa\u00f1a por Ediciones Obelisco.","breadcrumb":{"@id":"https:\/\/www.zonacarpediem.com\/en\/shop\/tarots-en\/tarot-de-yemaya-original-jeisber-feria-diaz-edicion-espanola\/#breadcrumb"},"inLanguage":"en-US","potentialAction":[{"@type":"ReadAction","target":["https:\/\/www.zonacarpediem.com\/en\/shop\/tarots-en\/tarot-de-yemaya-original-jeisber-feria-diaz-edicion-espanola\/"]}]},{"@type":"ImageObject","inLanguage":"en-US","@id":"https:\/\/www.zonacarpediem.com\/en\/shop\/tarots-en\/tarot-de-yemaya-original-jeisber-feria-diaz-edicion-espanola\/#primaryimage","url":"https:\/\/www.zonacarpediem.com\/wp-content\/uploads\/2021\/10\/79DAFD39-4E82-43B7-AB4B-9B8D461CDC25.jpeg","contentUrl":"https:\/\/www.zonacarpediem.com\/wp-content\/uploads\/2021\/10\/79DAFD39-4E82-43B7-AB4B-9B8D461CDC25.jpeg","width":2159,"height":2515,"caption":"EL TAROT DE YEMAY\u00c1 - Rvdo. Jeisber Feria Diaz"},{"@type":"BreadcrumbList","@id":"https:\/\/www.zonacarpediem.com\/en\/shop\/tarots-en\/tarot-de-yemaya-original-jeisber-feria-diaz-edicion-espanola\/#breadcrumb","itemListElement":[{"@type":"ListItem","position":1,"name":"Home","item":"https:\/\/www.zonacarpediem.com\/en\/home-us\/"},{"@type":"ListItem","position":2,"name":"Products","item":"https:\/\/www.zonacarpediem.com\/en\/products\/"},{"@type":"ListItem","position":3,"name":"EL TAROT DE YEMAYA, original Rvdo. JEISBER FERIA DIAZ edici\u00f3n espa\u00f1ola"}]},{"@type":"WebSite","@id":"https:\/\/www.zonacarpediem.com\/en\/#website","url":"https:\/\/www.zonacarpediem.com\/en\/","name":"Zona Carpe Diem","description":"Buy with Confidence and Flirt with Brilliance, Passion Lives Here!","publisher":{"@id":"https:\/\/www.zonacarpediem.com\/en\/#organization"},"potentialAction":[{"@type":"SearchAction","target":{"@type":"EntryPoint","urlTemplate":"https:\/\/www.zonacarpediem.com\/en\/?s={search_term_string}"},"query-input":{"@type":"PropertyValueSpecification","valueRequired":true,"valueName":"search_term_string"}}],"inLanguage":"en-US"},{"@type":"Organization","@id":"https:\/\/www.zonacarpediem.com\/en\/#organization","name":"Zona Carpe Diem","url":"https:\/\/www.zonacarpediem.com\/en\/","logo":{"@type":"ImageObject","inLanguage":"en-US","@id":"https:\/\/www.zonacarpediem.com\/en\/#\/schema\/logo\/image\/","url":"https:\/\/www.zonacarpediem.com\/wp-content\/uploads\/2016\/12\/ZCD-Logo-for-eBay-dec-2016-200x150px.png","contentUrl":"https:\/\/www.zonacarpediem.com\/wp-content\/uploads\/2016\/12\/ZCD-Logo-for-eBay-dec-2016-200x150px.png","width":200,"height":150,"caption":"Zona Carpe Diem"},"image":{"@id":"https:\/\/www.zonacarpediem.com\/en\/#\/schema\/logo\/image\/"},"sameAs":["https:\/\/www.facebook.com\/ZonaCarpeDiem"]}]}},"_links":{"self":[{"href":"https:\/\/www.zonacarpediem.com\/en\/wp-json\/wp\/v2\/product\/5918","targetHints":{"allow":["GET"]}}],"collection":[{"href":"https:\/\/www.zonacarpediem.com\/en\/wp-json\/wp\/v2\/product"}],"about":[{"href":"https:\/\/www.zonacarpediem.com\/en\/wp-json\/wp\/v2\/types\/product"}],"wp:featuredmedia":[{"embeddable":true,"href":"https:\/\/www.zonacarpediem.com\/en\/wp-json\/wp\/v2\/media\/5920"}],"wp:attachment":[{"href":"https:\/\/www.zonacarpediem.com\/en\/wp-json\/wp\/v2\/media?parent=5918"}],"wp:term":[{"taxonomy":"product_brand","embeddable":true,"href":"https:\/\/www.zonacarpediem.com\/en\/wp-json\/wp\/v2\/product_brand?post=5918"},{"taxonomy":"product_cat","embeddable":true,"href":"https:\/\/www.zonacarpediem.com\/en\/wp-json\/wp\/v2\/product_cat?post=5918"},{"taxonomy":"product_tag","embeddable":true,"href":"https:\/\/www.zonacarpediem.com\/en\/wp-json\/wp\/v2\/product_tag?post=5918"}],"curies":[{"name":"wp","href":"https:\/\/api.w.org\/{rel}","templated":true}]}}