{"id":5981,"date":"2022-03-09T11:19:11","date_gmt":"2022-03-09T10:19:11","guid":{"rendered":"https:\/\/www.zonacarpediem.com\/?post_type=product&#038;p=5981"},"modified":"2024-05-09T15:58:37","modified_gmt":"2024-05-09T13:58:37","slug":"baraja-pitonisa-rey-de-los-gitanos-tarot","status":"publish","type":"product","link":"https:\/\/www.zonacarpediem.com\/en\/shop\/tarots-en\/baraja-pitonisa-rey-de-los-gitanos-tarot\/","title":{"rendered":"BARAJA PITONISA REY DE LOS GITANOS &#8220;Chorro e Jumo&#8221;"},"content":{"rendered":"<p><strong>BARAJA PITONISA, original tomada seg\u00fan indicaciones del REY DE LOS GITANOS &#8220;Chorro e Jumo&#8221;<br \/>\n<\/strong><\/p>\n<p>&nbsp;<\/p>\n<p><strong>FABRICADA EN ESPA\u00d1A CON LA COLABORACI\u00d3N DE LICEO GR\u00c1FICO<\/strong><br \/>\nProducto de calidad.<\/p>\n<p><strong>RARA Y DESCATALOGADA &#8211; PIEZA DE COLECCI\u00d3N<\/strong><\/p>\n<p>La baraja se compone de 50 naipes y un librillo explicativo con la interpretaci\u00f3n de los naipes con instrucciones adivinatorias.<\/p>\n<p>En precioso estuche protector de tapa blanda.<\/p>\n<p>La Baraja Pitonisa Tarot es una reproducci\u00f3n de la baraja original mexicana publicada en 1918 por Garc\u00eda &amp; Co. Editores.<\/p>\n<p>&nbsp;<\/p>\n<p>&nbsp;<\/p>\n<p>&nbsp;<\/p>\n<p>Cartas que tienen como objetivo despertar la mente del hombre a otros niveles, a trav\u00e9s de los cuales pueda acceder a otra sabidur\u00eda, a otros conocimientos que permitan saber y anticipar, as\u00ed como tambi\u00e9n encontrar el bienestar interior.<\/p>\n<p>El tarot es una baraja de naipes que, adem\u00e1s de servir para jugar, se usa a menudo como medio de \u201cadivinaci\u00f3n\u201d del pasado, de la situaci\u00f3n presente del consultante y algunas veces del futuro, por lo que constituir\u00eda un tipo de cartomancia.<br \/>\nSus or\u00edgenes datan al menos del siglo XIV, no teniendo fundamento llevar sus ra\u00edces m\u00e1s atr\u00e1s en la historia.<\/p>\n<p>&nbsp;<\/p>\n<p><em>Este es un producto original de calidad, fabricado en Espa\u00f1a. Esta no es una copia no autorizada.<br \/>\nEnviamos el art\u00edculo desde Espa\u00f1a a todo el mundo, certificado, con n\u00famero de seguimiento.<\/em><\/p>\n<p>&nbsp;<\/p>\n","protected":false},"excerpt":{"rendered":"<p><strong>TAROT BARAJA PITONISA, original tomada seg\u00fan indicaciones del REY DE LOS GITANOS &#8220;Chorro e Jumo&#8221;<\/strong><\/p>\n","protected":false},"featured_media":5983,"template":"","meta":[],"product_brand":[],"product_cat":[163],"product_tag":[],"class_list":{"0":"post-5981","1":"product","2":"type-product","3":"status-publish","4":"has-post-thumbnail","6":"product_cat-tarots-en","8":"first","9":"outofstock","10":"shipping-taxable","11":"purchasable","12":"product-type-simple"},"yoast_head":"<!-- This site is optimized with the Yoast SEO plugin v26.7 - https:\/\/yoast.com\/wordpress\/plugins\/seo\/ -->\n<title>BARAJA PITONISA REY DE LOS GITANOS &quot;Chorro e Jumo&quot; - Zona Carpe Diem<\/title>\n<meta name=\"description\" content=\"Comprar BARAJA PITONISA REY DE LOS GITANOS &quot;Chorro e Jumo&quot;, fabricada en Espa\u00f1a, reproducci\u00f3n de la barja original mexicana publicada en 1918 por Garc\u00eda &amp; Co. Editores.\" \/>\n<meta name=\"robots\" content=\"index, follow, max-snippet:-1, max-image-preview:large, max-video-preview:-1\" \/>\n<link rel=\"canonical\" href=\"https:\/\/www.zonacarpediem.com\/en\/shop\/tarots-en\/baraja-pitonisa-rey-de-los-gitanos-tarot\/\" \/>\n<meta property=\"og:locale\" content=\"en_US\" \/>\n<meta property=\"og:type\" content=\"article\" \/>\n<meta property=\"og:title\" content=\"BARAJA PITONISA REY DE LOS GITANOS &quot;Chorro e Jumo&quot; - Zona Carpe Diem\" \/>\n<meta property=\"og:description\" content=\"Comprar BARAJA PITONISA REY DE LOS GITANOS &quot;Chorro e Jumo&quot;, fabricada en Espa\u00f1a, reproducci\u00f3n de la barja original mexicana publicada en 1918 por Garc\u00eda &amp; Co. Editores.\" \/>\n<meta property=\"og:url\" content=\"https:\/\/www.zonacarpediem.com\/en\/shop\/tarots-en\/baraja-pitonisa-rey-de-los-gitanos-tarot\/\" \/>\n<meta property=\"og:site_name\" content=\"Zona Carpe Diem\" \/>\n<meta property=\"article:publisher\" content=\"https:\/\/www.facebook.com\/ZonaCarpeDiem\" \/>\n<meta property=\"article:modified_time\" content=\"2024-05-09T13:58:37+00:00\" \/>\n<meta property=\"og:image\" content=\"https:\/\/www.zonacarpediem.com\/wp-content\/uploads\/2022\/03\/Baraja-Pitonisa-Rey-de-los-Gitanos-1.jpeg\" \/>\n\t<meta property=\"og:image:width\" content=\"1545\" \/>\n\t<meta property=\"og:image:height\" content=\"2081\" \/>\n\t<meta property=\"og:image:type\" content=\"image\/jpeg\" \/>\n<meta name=\"twitter:label1\" content=\"Est. reading time\" \/>\n\t<meta name=\"twitter:data1\" content=\"2 minutes\" \/>\n<script type=\"application\/ld+json\" class=\"yoast-schema-graph\">{\"@context\":\"https:\/\/schema.org\",\"@graph\":[{\"@type\":\"WebPage\",\"@id\":\"https:\/\/www.zonacarpediem.com\/en\/shop\/tarots-en\/baraja-pitonisa-rey-de-los-gitanos-tarot\/\",\"url\":\"https:\/\/www.zonacarpediem.com\/en\/shop\/tarots-en\/baraja-pitonisa-rey-de-los-gitanos-tarot\/\",\"name\":\"BARAJA PITONISA REY DE LOS GITANOS \\\"Chorro e Jumo\\\" - Zona Carpe Diem\",\"isPartOf\":{\"@id\":\"https:\/\/www.zonacarpediem.com\/en\/#website\"},\"primaryImageOfPage\":{\"@id\":\"https:\/\/www.zonacarpediem.com\/en\/shop\/tarots-en\/baraja-pitonisa-rey-de-los-gitanos-tarot\/#primaryimage\"},\"image\":{\"@id\":\"https:\/\/www.zonacarpediem.com\/en\/shop\/tarots-en\/baraja-pitonisa-rey-de-los-gitanos-tarot\/#primaryimage\"},\"thumbnailUrl\":\"https:\/\/www.zonacarpediem.com\/wp-content\/uploads\/2022\/03\/Baraja-Pitonisa-Rey-de-los-Gitanos-1.jpeg\",\"datePublished\":\"2022-03-09T10:19:11+00:00\",\"dateModified\":\"2024-05-09T13:58:37+00:00\",\"description\":\"Comprar BARAJA PITONISA REY DE LOS GITANOS \\\"Chorro e Jumo\\\", fabricada en Espa\u00f1a, reproducci\u00f3n de la barja original mexicana publicada en 1918 por Garc\u00eda & Co. Editores.\",\"breadcrumb\":{\"@id\":\"https:\/\/www.zonacarpediem.com\/en\/shop\/tarots-en\/baraja-pitonisa-rey-de-los-gitanos-tarot\/#breadcrumb\"},\"inLanguage\":\"en-US\",\"potentialAction\":[{\"@type\":\"ReadAction\",\"target\":[\"https:\/\/www.zonacarpediem.com\/en\/shop\/tarots-en\/baraja-pitonisa-rey-de-los-gitanos-tarot\/\"]}]},{\"@type\":\"ImageObject\",\"inLanguage\":\"en-US\",\"@id\":\"https:\/\/www.zonacarpediem.com\/en\/shop\/tarots-en\/baraja-pitonisa-rey-de-los-gitanos-tarot\/#primaryimage\",\"url\":\"https:\/\/www.zonacarpediem.com\/wp-content\/uploads\/2022\/03\/Baraja-Pitonisa-Rey-de-los-Gitanos-1.jpeg\",\"contentUrl\":\"https:\/\/www.zonacarpediem.com\/wp-content\/uploads\/2022\/03\/Baraja-Pitonisa-Rey-de-los-Gitanos-1.jpeg\",\"width\":1545,\"height\":2081,\"caption\":\"Baraja Pitonisa Rey de los Gitanos\"},{\"@type\":\"BreadcrumbList\",\"@id\":\"https:\/\/www.zonacarpediem.com\/en\/shop\/tarots-en\/baraja-pitonisa-rey-de-los-gitanos-tarot\/#breadcrumb\",\"itemListElement\":[{\"@type\":\"ListItem\",\"position\":1,\"name\":\"Home\",\"item\":\"https:\/\/www.zonacarpediem.com\/en\/home-us\/\"},{\"@type\":\"ListItem\",\"position\":2,\"name\":\"Products\",\"item\":\"https:\/\/www.zonacarpediem.com\/en\/products\/\"},{\"@type\":\"ListItem\",\"position\":3,\"name\":\"BARAJA PITONISA REY DE LOS GITANOS &#8220;Chorro e Jumo&#8221;\"}]},{\"@type\":\"WebSite\",\"@id\":\"https:\/\/www.zonacarpediem.com\/en\/#website\",\"url\":\"https:\/\/www.zonacarpediem.com\/en\/\",\"name\":\"Zona Carpe Diem\",\"description\":\"Buy with Confidence and Flirt with Brilliance, Passion Lives Here!\",\"publisher\":{\"@id\":\"https:\/\/www.zonacarpediem.com\/en\/#organization\"},\"potentialAction\":[{\"@type\":\"SearchAction\",\"target\":{\"@type\":\"EntryPoint\",\"urlTemplate\":\"https:\/\/www.zonacarpediem.com\/en\/?s={search_term_string}\"},\"query-input\":{\"@type\":\"PropertyValueSpecification\",\"valueRequired\":true,\"valueName\":\"search_term_string\"}}],\"inLanguage\":\"en-US\"},{\"@type\":\"Organization\",\"@id\":\"https:\/\/www.zonacarpediem.com\/en\/#organization\",\"name\":\"Zona Carpe Diem\",\"url\":\"https:\/\/www.zonacarpediem.com\/en\/\",\"logo\":{\"@type\":\"ImageObject\",\"inLanguage\":\"en-US\",\"@id\":\"https:\/\/www.zonacarpediem.com\/en\/#\/schema\/logo\/image\/\",\"url\":\"https:\/\/www.zonacarpediem.com\/wp-content\/uploads\/2016\/12\/ZCD-Logo-for-eBay-dec-2016-200x150px.png\",\"contentUrl\":\"https:\/\/www.zonacarpediem.com\/wp-content\/uploads\/2016\/12\/ZCD-Logo-for-eBay-dec-2016-200x150px.png\",\"width\":200,\"height\":150,\"caption\":\"Zona Carpe Diem\"},\"image\":{\"@id\":\"https:\/\/www.zonacarpediem.com\/en\/#\/schema\/logo\/image\/\"},\"sameAs\":[\"https:\/\/www.facebook.com\/ZonaCarpeDiem\"]}]}<\/script>\n<!-- \/ Yoast SEO plugin. -->","yoast_head_json":{"title":"BARAJA PITONISA REY DE LOS GITANOS \"Chorro e Jumo\" - Zona Carpe Diem","description":"Comprar BARAJA PITONISA REY DE LOS GITANOS \"Chorro e Jumo\", fabricada en Espa\u00f1a, reproducci\u00f3n de la barja original mexicana publicada en 1918 por Garc\u00eda & Co. Editores.","robots":{"index":"index","follow":"follow","max-snippet":"max-snippet:-1","max-image-preview":"max-image-preview:large","max-video-preview":"max-video-preview:-1"},"canonical":"https:\/\/www.zonacarpediem.com\/en\/shop\/tarots-en\/baraja-pitonisa-rey-de-los-gitanos-tarot\/","og_locale":"en_US","og_type":"article","og_title":"BARAJA PITONISA REY DE LOS GITANOS \"Chorro e Jumo\" - Zona Carpe Diem","og_description":"Comprar BARAJA PITONISA REY DE LOS GITANOS \"Chorro e Jumo\", fabricada en Espa\u00f1a, reproducci\u00f3n de la barja original mexicana publicada en 1918 por Garc\u00eda & Co. Editores.","og_url":"https:\/\/www.zonacarpediem.com\/en\/shop\/tarots-en\/baraja-pitonisa-rey-de-los-gitanos-tarot\/","og_site_name":"Zona Carpe Diem","article_publisher":"https:\/\/www.facebook.com\/ZonaCarpeDiem","article_modified_time":"2024-05-09T13:58:37+00:00","og_image":[{"width":1545,"height":2081,"url":"https:\/\/www.zonacarpediem.com\/wp-content\/uploads\/2022\/03\/Baraja-Pitonisa-Rey-de-los-Gitanos-1.jpeg","type":"image\/jpeg"}],"twitter_misc":{"Est. reading time":"2 minutes"},"schema":{"@context":"https:\/\/schema.org","@graph":[{"@type":"WebPage","@id":"https:\/\/www.zonacarpediem.com\/en\/shop\/tarots-en\/baraja-pitonisa-rey-de-los-gitanos-tarot\/","url":"https:\/\/www.zonacarpediem.com\/en\/shop\/tarots-en\/baraja-pitonisa-rey-de-los-gitanos-tarot\/","name":"BARAJA PITONISA REY DE LOS GITANOS \"Chorro e Jumo\" - Zona Carpe Diem","isPartOf":{"@id":"https:\/\/www.zonacarpediem.com\/en\/#website"},"primaryImageOfPage":{"@id":"https:\/\/www.zonacarpediem.com\/en\/shop\/tarots-en\/baraja-pitonisa-rey-de-los-gitanos-tarot\/#primaryimage"},"image":{"@id":"https:\/\/www.zonacarpediem.com\/en\/shop\/tarots-en\/baraja-pitonisa-rey-de-los-gitanos-tarot\/#primaryimage"},"thumbnailUrl":"https:\/\/www.zonacarpediem.com\/wp-content\/uploads\/2022\/03\/Baraja-Pitonisa-Rey-de-los-Gitanos-1.jpeg","datePublished":"2022-03-09T10:19:11+00:00","dateModified":"2024-05-09T13:58:37+00:00","description":"Comprar BARAJA PITONISA REY DE LOS GITANOS \"Chorro e Jumo\", fabricada en Espa\u00f1a, reproducci\u00f3n de la barja original mexicana publicada en 1918 por Garc\u00eda & Co. Editores.","breadcrumb":{"@id":"https:\/\/www.zonacarpediem.com\/en\/shop\/tarots-en\/baraja-pitonisa-rey-de-los-gitanos-tarot\/#breadcrumb"},"inLanguage":"en-US","potentialAction":[{"@type":"ReadAction","target":["https:\/\/www.zonacarpediem.com\/en\/shop\/tarots-en\/baraja-pitonisa-rey-de-los-gitanos-tarot\/"]}]},{"@type":"ImageObject","inLanguage":"en-US","@id":"https:\/\/www.zonacarpediem.com\/en\/shop\/tarots-en\/baraja-pitonisa-rey-de-los-gitanos-tarot\/#primaryimage","url":"https:\/\/www.zonacarpediem.com\/wp-content\/uploads\/2022\/03\/Baraja-Pitonisa-Rey-de-los-Gitanos-1.jpeg","contentUrl":"https:\/\/www.zonacarpediem.com\/wp-content\/uploads\/2022\/03\/Baraja-Pitonisa-Rey-de-los-Gitanos-1.jpeg","width":1545,"height":2081,"caption":"Baraja Pitonisa Rey de los Gitanos"},{"@type":"BreadcrumbList","@id":"https:\/\/www.zonacarpediem.com\/en\/shop\/tarots-en\/baraja-pitonisa-rey-de-los-gitanos-tarot\/#breadcrumb","itemListElement":[{"@type":"ListItem","position":1,"name":"Home","item":"https:\/\/www.zonacarpediem.com\/en\/home-us\/"},{"@type":"ListItem","position":2,"name":"Products","item":"https:\/\/www.zonacarpediem.com\/en\/products\/"},{"@type":"ListItem","position":3,"name":"BARAJA PITONISA REY DE LOS GITANOS &#8220;Chorro e Jumo&#8221;"}]},{"@type":"WebSite","@id":"https:\/\/www.zonacarpediem.com\/en\/#website","url":"https:\/\/www.zonacarpediem.com\/en\/","name":"Zona Carpe Diem","description":"Buy with Confidence and Flirt with Brilliance, Passion Lives Here!","publisher":{"@id":"https:\/\/www.zonacarpediem.com\/en\/#organization"},"potentialAction":[{"@type":"SearchAction","target":{"@type":"EntryPoint","urlTemplate":"https:\/\/www.zonacarpediem.com\/en\/?s={search_term_string}"},"query-input":{"@type":"PropertyValueSpecification","valueRequired":true,"valueName":"search_term_string"}}],"inLanguage":"en-US"},{"@type":"Organization","@id":"https:\/\/www.zonacarpediem.com\/en\/#organization","name":"Zona Carpe Diem","url":"https:\/\/www.zonacarpediem.com\/en\/","logo":{"@type":"ImageObject","inLanguage":"en-US","@id":"https:\/\/www.zonacarpediem.com\/en\/#\/schema\/logo\/image\/","url":"https:\/\/www.zonacarpediem.com\/wp-content\/uploads\/2016\/12\/ZCD-Logo-for-eBay-dec-2016-200x150px.png","contentUrl":"https:\/\/www.zonacarpediem.com\/wp-content\/uploads\/2016\/12\/ZCD-Logo-for-eBay-dec-2016-200x150px.png","width":200,"height":150,"caption":"Zona Carpe Diem"},"image":{"@id":"https:\/\/www.zonacarpediem.com\/en\/#\/schema\/logo\/image\/"},"sameAs":["https:\/\/www.facebook.com\/ZonaCarpeDiem"]}]}},"_links":{"self":[{"href":"https:\/\/www.zonacarpediem.com\/en\/wp-json\/wp\/v2\/product\/5981","targetHints":{"allow":["GET"]}}],"collection":[{"href":"https:\/\/www.zonacarpediem.com\/en\/wp-json\/wp\/v2\/product"}],"about":[{"href":"https:\/\/www.zonacarpediem.com\/en\/wp-json\/wp\/v2\/types\/product"}],"wp:featuredmedia":[{"embeddable":true,"href":"https:\/\/www.zonacarpediem.com\/en\/wp-json\/wp\/v2\/media\/5983"}],"wp:attachment":[{"href":"https:\/\/www.zonacarpediem.com\/en\/wp-json\/wp\/v2\/media?parent=5981"}],"wp:term":[{"taxonomy":"product_brand","embeddable":true,"href":"https:\/\/www.zonacarpediem.com\/en\/wp-json\/wp\/v2\/product_brand?post=5981"},{"taxonomy":"product_cat","embeddable":true,"href":"https:\/\/www.zonacarpediem.com\/en\/wp-json\/wp\/v2\/product_cat?post=5981"},{"taxonomy":"product_tag","embeddable":true,"href":"https:\/\/www.zonacarpediem.com\/en\/wp-json\/wp\/v2\/product_tag?post=5981"}],"curies":[{"name":"wp","href":"https:\/\/api.w.org\/{rel}","templated":true}]}}