{"id":5997,"date":"2022-03-09T16:22:10","date_gmt":"2022-03-09T15:22:10","guid":{"rendered":"https:\/\/www.zonacarpediem.com\/?post_type=product&#038;p=5997"},"modified":"2025-06-10T09:32:00","modified_gmt":"2025-06-10T07:32:00","slug":"autentico-oraculo-de-madame-lenormand","status":"publish","type":"product","link":"https:\/\/www.zonacarpediem.com\/en\/shop\/tarots-en\/autentico-oraculo-de-madame-lenormand\/","title":{"rendered":"AUT\u00c9NTICO OR\u00c1CULO DE MADAME LENORMAND, original fabricado en Espa\u00f1a"},"content":{"rendered":"<p><strong>AUT\u00c9NTICO OR\u00c1CULO DE MADAME LENORMAND, original fabricado en Espa\u00f1a, TAROT<br \/>\n<\/strong><\/p>\n<p>&nbsp;<\/p>\n<p><strong>FABRICADO EN ESPA\u00d1A POR HOLY RITUALS<\/strong><br \/>\nProducto de calidad<\/p>\n<p><strong>RARO Y DESCATALOGADO &#8211; PIEZA DE COLECCI\u00d3N<\/strong><\/p>\n<p>Consta de 36 cartas m\u00e1gicas a todo color y manual con instrucciones adivinatorias.<\/p>\n<p>En estuche protector de tapa blanda.<\/p>\n<p><strong>Or\u00e1culo de Madame Lenormand &#8211; Petit Lenormand<br \/>\n<\/strong>El famoso or\u00e1culo creado por la vidente de napole\u00f3n Madame Lenormand quien invent\u00f3 el original &#8220;Oracle de Madame Lenormand&#8221;.<br \/>\n36 im\u00e1genes: personajes, situaciones, animales, objetos; todos ellos aptos para traer a la memoria hechos y situaciones m\u00e1s que sentimientos y emociones reales.<br \/>\nMediante la interpretaci\u00f3n adecuada de las cartas del Tarot podremos encontrar la ayuda necesaria para guiarnos en nuestro camino terrenal.<\/p>\n<p>&nbsp;<\/p>\n<p>&nbsp;<\/p>\n<p>Cartas que tienen como objetivo despertar la mente del hombre a otros niveles, a trav\u00e9s de los cuales pueda acceder a otra sabidur\u00eda, a otros conocimientos que permitan saber y anticipar, as\u00ed como tambi\u00e9n encontrar el bienestar interior.<\/p>\n<p>El tarot es una baraja de naipes que, adem\u00e1s de servir para jugar, se usa a menudo como medio de \u201cadivinaci\u00f3n\u201d del pasado, de la situaci\u00f3n presente del consultante y algunas veces del futuro, por lo que constituir\u00eda un tipo de cartomancia.<br \/>\nSus or\u00edgenes datan al menos del siglo XIV, no teniendo fundamento llevar sus ra\u00edces m\u00e1s atr\u00e1s en la historia.<\/p>\n<p>&nbsp;<\/p>\n<p><em>Este es un producto original de calidad, fabricado en Espa\u00f1a por Holy Rituals. Esta no es una copia no autorizada.<br \/>\nEnviamos el art\u00edculo desde Espa\u00f1a a todo el mundo, certificado, con n\u00famero de seguimiento.<\/em><\/p>\n<p>&nbsp;<\/p>\n","protected":false},"excerpt":{"rendered":"<p><strong>AUT\u00c9NTICO OR\u00c1CULO DE MADAME LENORMAND, original fabricado en Espa\u00f1a, 36 Naipes, TAROT<\/strong><\/p>\n","protected":false},"featured_media":5999,"template":"","meta":[],"product_brand":[],"product_cat":[163],"product_tag":[],"class_list":{"0":"post-5997","1":"product","2":"type-product","3":"status-publish","4":"has-post-thumbnail","6":"product_cat-tarots-en","8":"first","9":"outofstock","10":"shipping-taxable","11":"purchasable","12":"product-type-simple"},"yoast_head":"<!-- This site is optimized with the Yoast SEO plugin v26.7 - https:\/\/yoast.com\/wordpress\/plugins\/seo\/ -->\n<title>AUT\u00c9NTICO OR\u00c1CULO DE MADAME LENORMAND, original fabricado en Espa\u00f1a - Zona Carpe Diem<\/title>\n<meta name=\"description\" content=\"Comprar AUT\u00c9NTICO OR\u00c1CULO DE MADAME LENORMAND, original fabricado en Espana, 36 Naipes\" \/>\n<meta name=\"robots\" content=\"index, follow, max-snippet:-1, max-image-preview:large, max-video-preview:-1\" \/>\n<link rel=\"canonical\" href=\"https:\/\/www.zonacarpediem.com\/en\/shop\/tarots-en\/autentico-oraculo-de-madame-lenormand\/\" \/>\n<meta property=\"og:locale\" content=\"en_US\" \/>\n<meta property=\"og:type\" content=\"article\" \/>\n<meta property=\"og:title\" content=\"AUT\u00c9NTICO OR\u00c1CULO DE MADAME LENORMAND, original fabricado en Espa\u00f1a - Zona Carpe Diem\" \/>\n<meta property=\"og:description\" content=\"Comprar AUT\u00c9NTICO OR\u00c1CULO DE MADAME LENORMAND, original fabricado en Espana, 36 Naipes\" \/>\n<meta property=\"og:url\" content=\"https:\/\/www.zonacarpediem.com\/en\/shop\/tarots-en\/autentico-oraculo-de-madame-lenormand\/\" \/>\n<meta property=\"og:site_name\" content=\"Zona Carpe Diem\" \/>\n<meta property=\"article:publisher\" content=\"https:\/\/www.facebook.com\/ZonaCarpeDiem\" \/>\n<meta property=\"article:modified_time\" content=\"2025-06-10T07:32:00+00:00\" \/>\n<meta property=\"og:image\" content=\"https:\/\/www.zonacarpediem.com\/wp-content\/uploads\/2022\/03\/Oraculo-Madame-Lenormand-1.jpeg\" \/>\n\t<meta property=\"og:image:width\" content=\"1455\" \/>\n\t<meta property=\"og:image:height\" content=\"1929\" \/>\n\t<meta property=\"og:image:type\" content=\"image\/jpeg\" \/>\n<meta name=\"twitter:label1\" content=\"Est. reading time\" \/>\n\t<meta name=\"twitter:data1\" content=\"2 minutes\" \/>\n<script type=\"application\/ld+json\" class=\"yoast-schema-graph\">{\"@context\":\"https:\/\/schema.org\",\"@graph\":[{\"@type\":\"WebPage\",\"@id\":\"https:\/\/www.zonacarpediem.com\/en\/shop\/tarots-en\/autentico-oraculo-de-madame-lenormand\/\",\"url\":\"https:\/\/www.zonacarpediem.com\/en\/shop\/tarots-en\/autentico-oraculo-de-madame-lenormand\/\",\"name\":\"AUT\u00c9NTICO OR\u00c1CULO DE MADAME LENORMAND, original fabricado en Espa\u00f1a - Zona Carpe Diem\",\"isPartOf\":{\"@id\":\"https:\/\/www.zonacarpediem.com\/en\/#website\"},\"primaryImageOfPage\":{\"@id\":\"https:\/\/www.zonacarpediem.com\/en\/shop\/tarots-en\/autentico-oraculo-de-madame-lenormand\/#primaryimage\"},\"image\":{\"@id\":\"https:\/\/www.zonacarpediem.com\/en\/shop\/tarots-en\/autentico-oraculo-de-madame-lenormand\/#primaryimage\"},\"thumbnailUrl\":\"https:\/\/www.zonacarpediem.com\/wp-content\/uploads\/2022\/03\/Oraculo-Madame-Lenormand-1.jpeg\",\"datePublished\":\"2022-03-09T15:22:10+00:00\",\"dateModified\":\"2025-06-10T07:32:00+00:00\",\"description\":\"Comprar AUT\u00c9NTICO OR\u00c1CULO DE MADAME LENORMAND, original fabricado en Espana, 36 Naipes\",\"breadcrumb\":{\"@id\":\"https:\/\/www.zonacarpediem.com\/en\/shop\/tarots-en\/autentico-oraculo-de-madame-lenormand\/#breadcrumb\"},\"inLanguage\":\"en-US\",\"potentialAction\":[{\"@type\":\"ReadAction\",\"target\":[\"https:\/\/www.zonacarpediem.com\/en\/shop\/tarots-en\/autentico-oraculo-de-madame-lenormand\/\"]}]},{\"@type\":\"ImageObject\",\"inLanguage\":\"en-US\",\"@id\":\"https:\/\/www.zonacarpediem.com\/en\/shop\/tarots-en\/autentico-oraculo-de-madame-lenormand\/#primaryimage\",\"url\":\"https:\/\/www.zonacarpediem.com\/wp-content\/uploads\/2022\/03\/Oraculo-Madame-Lenormand-1.jpeg\",\"contentUrl\":\"https:\/\/www.zonacarpediem.com\/wp-content\/uploads\/2022\/03\/Oraculo-Madame-Lenormand-1.jpeg\",\"width\":1455,\"height\":1929},{\"@type\":\"BreadcrumbList\",\"@id\":\"https:\/\/www.zonacarpediem.com\/en\/shop\/tarots-en\/autentico-oraculo-de-madame-lenormand\/#breadcrumb\",\"itemListElement\":[{\"@type\":\"ListItem\",\"position\":1,\"name\":\"Home\",\"item\":\"https:\/\/www.zonacarpediem.com\/en\/home-us\/\"},{\"@type\":\"ListItem\",\"position\":2,\"name\":\"Products\",\"item\":\"https:\/\/www.zonacarpediem.com\/en\/products\/\"},{\"@type\":\"ListItem\",\"position\":3,\"name\":\"AUT\u00c9NTICO OR\u00c1CULO DE MADAME LENORMAND, original fabricado en Espa\u00f1a\"}]},{\"@type\":\"WebSite\",\"@id\":\"https:\/\/www.zonacarpediem.com\/en\/#website\",\"url\":\"https:\/\/www.zonacarpediem.com\/en\/\",\"name\":\"Zona Carpe Diem\",\"description\":\"Buy with Confidence and Flirt with Brilliance, Passion Lives Here!\",\"publisher\":{\"@id\":\"https:\/\/www.zonacarpediem.com\/en\/#organization\"},\"potentialAction\":[{\"@type\":\"SearchAction\",\"target\":{\"@type\":\"EntryPoint\",\"urlTemplate\":\"https:\/\/www.zonacarpediem.com\/en\/?s={search_term_string}\"},\"query-input\":{\"@type\":\"PropertyValueSpecification\",\"valueRequired\":true,\"valueName\":\"search_term_string\"}}],\"inLanguage\":\"en-US\"},{\"@type\":\"Organization\",\"@id\":\"https:\/\/www.zonacarpediem.com\/en\/#organization\",\"name\":\"Zona Carpe Diem\",\"url\":\"https:\/\/www.zonacarpediem.com\/en\/\",\"logo\":{\"@type\":\"ImageObject\",\"inLanguage\":\"en-US\",\"@id\":\"https:\/\/www.zonacarpediem.com\/en\/#\/schema\/logo\/image\/\",\"url\":\"https:\/\/www.zonacarpediem.com\/wp-content\/uploads\/2016\/12\/ZCD-Logo-for-eBay-dec-2016-200x150px.png\",\"contentUrl\":\"https:\/\/www.zonacarpediem.com\/wp-content\/uploads\/2016\/12\/ZCD-Logo-for-eBay-dec-2016-200x150px.png\",\"width\":200,\"height\":150,\"caption\":\"Zona Carpe Diem\"},\"image\":{\"@id\":\"https:\/\/www.zonacarpediem.com\/en\/#\/schema\/logo\/image\/\"},\"sameAs\":[\"https:\/\/www.facebook.com\/ZonaCarpeDiem\"]}]}<\/script>\n<!-- \/ Yoast SEO plugin. -->","yoast_head_json":{"title":"AUT\u00c9NTICO OR\u00c1CULO DE MADAME LENORMAND, original fabricado en Espa\u00f1a - Zona Carpe Diem","description":"Comprar AUT\u00c9NTICO OR\u00c1CULO DE MADAME LENORMAND, original fabricado en Espana, 36 Naipes","robots":{"index":"index","follow":"follow","max-snippet":"max-snippet:-1","max-image-preview":"max-image-preview:large","max-video-preview":"max-video-preview:-1"},"canonical":"https:\/\/www.zonacarpediem.com\/en\/shop\/tarots-en\/autentico-oraculo-de-madame-lenormand\/","og_locale":"en_US","og_type":"article","og_title":"AUT\u00c9NTICO OR\u00c1CULO DE MADAME LENORMAND, original fabricado en Espa\u00f1a - Zona Carpe Diem","og_description":"Comprar AUT\u00c9NTICO OR\u00c1CULO DE MADAME LENORMAND, original fabricado en Espana, 36 Naipes","og_url":"https:\/\/www.zonacarpediem.com\/en\/shop\/tarots-en\/autentico-oraculo-de-madame-lenormand\/","og_site_name":"Zona Carpe Diem","article_publisher":"https:\/\/www.facebook.com\/ZonaCarpeDiem","article_modified_time":"2025-06-10T07:32:00+00:00","og_image":[{"width":1455,"height":1929,"url":"https:\/\/www.zonacarpediem.com\/wp-content\/uploads\/2022\/03\/Oraculo-Madame-Lenormand-1.jpeg","type":"image\/jpeg"}],"twitter_misc":{"Est. reading time":"2 minutes"},"schema":{"@context":"https:\/\/schema.org","@graph":[{"@type":"WebPage","@id":"https:\/\/www.zonacarpediem.com\/en\/shop\/tarots-en\/autentico-oraculo-de-madame-lenormand\/","url":"https:\/\/www.zonacarpediem.com\/en\/shop\/tarots-en\/autentico-oraculo-de-madame-lenormand\/","name":"AUT\u00c9NTICO OR\u00c1CULO DE MADAME LENORMAND, original fabricado en Espa\u00f1a - Zona Carpe Diem","isPartOf":{"@id":"https:\/\/www.zonacarpediem.com\/en\/#website"},"primaryImageOfPage":{"@id":"https:\/\/www.zonacarpediem.com\/en\/shop\/tarots-en\/autentico-oraculo-de-madame-lenormand\/#primaryimage"},"image":{"@id":"https:\/\/www.zonacarpediem.com\/en\/shop\/tarots-en\/autentico-oraculo-de-madame-lenormand\/#primaryimage"},"thumbnailUrl":"https:\/\/www.zonacarpediem.com\/wp-content\/uploads\/2022\/03\/Oraculo-Madame-Lenormand-1.jpeg","datePublished":"2022-03-09T15:22:10+00:00","dateModified":"2025-06-10T07:32:00+00:00","description":"Comprar AUT\u00c9NTICO OR\u00c1CULO DE MADAME LENORMAND, original fabricado en Espana, 36 Naipes","breadcrumb":{"@id":"https:\/\/www.zonacarpediem.com\/en\/shop\/tarots-en\/autentico-oraculo-de-madame-lenormand\/#breadcrumb"},"inLanguage":"en-US","potentialAction":[{"@type":"ReadAction","target":["https:\/\/www.zonacarpediem.com\/en\/shop\/tarots-en\/autentico-oraculo-de-madame-lenormand\/"]}]},{"@type":"ImageObject","inLanguage":"en-US","@id":"https:\/\/www.zonacarpediem.com\/en\/shop\/tarots-en\/autentico-oraculo-de-madame-lenormand\/#primaryimage","url":"https:\/\/www.zonacarpediem.com\/wp-content\/uploads\/2022\/03\/Oraculo-Madame-Lenormand-1.jpeg","contentUrl":"https:\/\/www.zonacarpediem.com\/wp-content\/uploads\/2022\/03\/Oraculo-Madame-Lenormand-1.jpeg","width":1455,"height":1929},{"@type":"BreadcrumbList","@id":"https:\/\/www.zonacarpediem.com\/en\/shop\/tarots-en\/autentico-oraculo-de-madame-lenormand\/#breadcrumb","itemListElement":[{"@type":"ListItem","position":1,"name":"Home","item":"https:\/\/www.zonacarpediem.com\/en\/home-us\/"},{"@type":"ListItem","position":2,"name":"Products","item":"https:\/\/www.zonacarpediem.com\/en\/products\/"},{"@type":"ListItem","position":3,"name":"AUT\u00c9NTICO OR\u00c1CULO DE MADAME LENORMAND, original fabricado en Espa\u00f1a"}]},{"@type":"WebSite","@id":"https:\/\/www.zonacarpediem.com\/en\/#website","url":"https:\/\/www.zonacarpediem.com\/en\/","name":"Zona Carpe Diem","description":"Buy with Confidence and Flirt with Brilliance, Passion Lives Here!","publisher":{"@id":"https:\/\/www.zonacarpediem.com\/en\/#organization"},"potentialAction":[{"@type":"SearchAction","target":{"@type":"EntryPoint","urlTemplate":"https:\/\/www.zonacarpediem.com\/en\/?s={search_term_string}"},"query-input":{"@type":"PropertyValueSpecification","valueRequired":true,"valueName":"search_term_string"}}],"inLanguage":"en-US"},{"@type":"Organization","@id":"https:\/\/www.zonacarpediem.com\/en\/#organization","name":"Zona Carpe Diem","url":"https:\/\/www.zonacarpediem.com\/en\/","logo":{"@type":"ImageObject","inLanguage":"en-US","@id":"https:\/\/www.zonacarpediem.com\/en\/#\/schema\/logo\/image\/","url":"https:\/\/www.zonacarpediem.com\/wp-content\/uploads\/2016\/12\/ZCD-Logo-for-eBay-dec-2016-200x150px.png","contentUrl":"https:\/\/www.zonacarpediem.com\/wp-content\/uploads\/2016\/12\/ZCD-Logo-for-eBay-dec-2016-200x150px.png","width":200,"height":150,"caption":"Zona Carpe Diem"},"image":{"@id":"https:\/\/www.zonacarpediem.com\/en\/#\/schema\/logo\/image\/"},"sameAs":["https:\/\/www.facebook.com\/ZonaCarpeDiem"]}]}},"_links":{"self":[{"href":"https:\/\/www.zonacarpediem.com\/en\/wp-json\/wp\/v2\/product\/5997","targetHints":{"allow":["GET"]}}],"collection":[{"href":"https:\/\/www.zonacarpediem.com\/en\/wp-json\/wp\/v2\/product"}],"about":[{"href":"https:\/\/www.zonacarpediem.com\/en\/wp-json\/wp\/v2\/types\/product"}],"wp:featuredmedia":[{"embeddable":true,"href":"https:\/\/www.zonacarpediem.com\/en\/wp-json\/wp\/v2\/media\/5999"}],"wp:attachment":[{"href":"https:\/\/www.zonacarpediem.com\/en\/wp-json\/wp\/v2\/media?parent=5997"}],"wp:term":[{"taxonomy":"product_brand","embeddable":true,"href":"https:\/\/www.zonacarpediem.com\/en\/wp-json\/wp\/v2\/product_brand?post=5997"},{"taxonomy":"product_cat","embeddable":true,"href":"https:\/\/www.zonacarpediem.com\/en\/wp-json\/wp\/v2\/product_cat?post=5997"},{"taxonomy":"product_tag","embeddable":true,"href":"https:\/\/www.zonacarpediem.com\/en\/wp-json\/wp\/v2\/product_tag?post=5997"}],"curies":[{"name":"wp","href":"https:\/\/api.w.org\/{rel}","templated":true}]}}