{"id":6033,"date":"2022-03-10T11:32:57","date_gmt":"2022-03-10T10:32:57","guid":{"rendered":"https:\/\/www.zonacarpediem.com\/?post_type=product&#038;p=6033"},"modified":"2024-01-26T16:29:28","modified_gmt":"2024-01-26T15:29:28","slug":"autentica-baraja-gitana-rusa-fabricada-en-espana-copia","status":"publish","type":"product","link":"https:\/\/www.zonacarpediem.com\/en\/shop\/tarots-en\/autentica-baraja-gitana-rusa-fabricada-en-espana-copia\/","title":{"rendered":"BARAJA GITANA RUSA TAROT, cartas con libro, fabricada en Espa\u00f1a 1881, Victoria Braojos Nieves"},"content":{"rendered":"<p><strong>BARAJA GITANA RUSA TAROT, facsimil de la original del a\u00f1o 1881,\u00a0 36 cartas con libro<\/strong><\/p>\n<p><strong>FABRICADA EN ESPA\u00d1A POR HOLY RITUALS<\/strong><br \/>\nProducto de calidad<\/p>\n<p><strong>RARA Y DESCATALOGADA &#8211; PIEZA DE COLECCI\u00d3N<\/strong><\/p>\n<p>Consta de 36 cartas m\u00e1gicas a todo color y libro con instrucciones adivinatorias.<\/p>\n<p>En estuche protector de tapa blanda.<\/p>\n<p>Aut\u00e9ntica Baraja Gitana Rusa del a\u00f1o 1881, facsimil reproducci\u00f3n de la original del a\u00f1o 1881.<br \/>\nInstrucciones originales del a\u00f1o 1881 por el editor A.K., investigaci\u00f3n y adaptaci\u00f3n por Victoria Braojos Nieves.<\/p>\n<p>&nbsp;<\/p>\n<p>&nbsp;<\/p>\n<p>Cartas que tienen como objetivo despertar la mente del hombre a otros niveles, a trav\u00e9s de los cuales pueda acceder a otra sabidur\u00eda, a otros conocimientos que permitan saber y anticipar, as\u00ed como tambi\u00e9n encontrar el bienestar interior.<\/p>\n<p>El tarot es una baraja de naipes que, adem\u00e1s de servir para jugar, se usa a menudo como medio de \u201cadivinaci\u00f3n\u201d del pasado, de la situaci\u00f3n presente del consultante y algunas veces del futuro, por lo que constituir\u00eda un tipo de cartomancia.<br \/>\nSus or\u00edgenes datan al menos del siglo XIV, no teniendo fundamento llevar sus ra\u00edces m\u00e1s atr\u00e1s en la historia.<\/p>\n<p>&nbsp;<\/p>\n<p><em>Se ha formado un pliegue en el libro de acompa\u00f1amiento debido al sellado (se ve en la foto de portada).<\/em><\/p>\n<p>&nbsp;<\/p>\n<p><em>Este es un producto original de calidad, fabricado en Espa\u00f1a por Holy Rituals. Esta no es una copia no autorizada.<br \/>\nEnviamos el art\u00edculo desde Espa\u00f1a a todo el mundo, certificado, con n\u00famero de seguimiento.<\/em><\/p>\n<p>&nbsp;<\/p>\n","protected":false},"excerpt":{"rendered":"<p><strong>AUT\u00c9NTICA BARAJA GITANA RUSA TAROT, facsimil reproducci\u00f3n de la original del a\u00f1o 1881,\u00a0 36 cartas con libro, investigaci\u00f3n e adaptaci\u00f3n por VICTORIA BRAOJOS NIEVES<\/strong><\/p>\n","protected":false},"featured_media":6035,"template":"","meta":[],"product_brand":[],"product_cat":[163],"product_tag":[],"class_list":{"0":"post-6033","1":"product","2":"type-product","3":"status-publish","4":"has-post-thumbnail","6":"product_cat-tarots-en","8":"first","9":"instock","10":"shipping-taxable","11":"purchasable","12":"product-type-simple"},"yoast_head":"<!-- This site is optimized with the Yoast SEO plugin v26.7 - https:\/\/yoast.com\/wordpress\/plugins\/seo\/ -->\n<title>BARAJA GITANA RUSA TAROT, cartas con libro, fabricada en Espa\u00f1a 1881, Victoria Braojos Nieves - Zona Carpe Diem<\/title>\n<meta name=\"description\" content=\"Comprar AUT\u00c9NTICA BARAJA GITANA RUSA TAROT, original fabricada en Espana, 36 Naipes, reproducci\u00f3n e investigaci\u00f3n por Victoria Braojos Nieves\" \/>\n<meta name=\"robots\" content=\"index, follow, max-snippet:-1, max-image-preview:large, max-video-preview:-1\" \/>\n<link rel=\"canonical\" href=\"https:\/\/www.zonacarpediem.com\/en\/shop\/tarots-en\/autentica-baraja-gitana-rusa-fabricada-en-espana-copia\/\" \/>\n<meta property=\"og:locale\" content=\"en_US\" \/>\n<meta property=\"og:type\" content=\"article\" \/>\n<meta property=\"og:title\" content=\"BARAJA GITANA RUSA TAROT, cartas con libro, fabricada en Espa\u00f1a 1881, Victoria Braojos Nieves - Zona Carpe Diem\" \/>\n<meta property=\"og:description\" content=\"Comprar AUT\u00c9NTICA BARAJA GITANA RUSA TAROT, original fabricada en Espana, 36 Naipes, reproducci\u00f3n e investigaci\u00f3n por Victoria Braojos Nieves\" \/>\n<meta property=\"og:url\" content=\"https:\/\/www.zonacarpediem.com\/en\/shop\/tarots-en\/autentica-baraja-gitana-rusa-fabricada-en-espana-copia\/\" \/>\n<meta property=\"og:site_name\" content=\"Zona Carpe Diem\" \/>\n<meta property=\"article:publisher\" content=\"https:\/\/www.facebook.com\/ZonaCarpeDiem\" \/>\n<meta property=\"article:modified_time\" content=\"2024-01-26T15:29:28+00:00\" \/>\n<meta property=\"og:image\" content=\"https:\/\/www.zonacarpediem.com\/wp-content\/uploads\/2022\/03\/Baraja-Gitana-Rusa-2.jpeg\" \/>\n\t<meta property=\"og:image:width\" content=\"2333\" \/>\n\t<meta property=\"og:image:height\" content=\"1667\" \/>\n\t<meta property=\"og:image:type\" content=\"image\/jpeg\" \/>\n<meta name=\"twitter:label1\" content=\"Est. reading time\" \/>\n\t<meta name=\"twitter:data1\" content=\"2 minutes\" \/>\n<script type=\"application\/ld+json\" class=\"yoast-schema-graph\">{\"@context\":\"https:\/\/schema.org\",\"@graph\":[{\"@type\":\"WebPage\",\"@id\":\"https:\/\/www.zonacarpediem.com\/en\/shop\/tarots-en\/autentica-baraja-gitana-rusa-fabricada-en-espana-copia\/\",\"url\":\"https:\/\/www.zonacarpediem.com\/en\/shop\/tarots-en\/autentica-baraja-gitana-rusa-fabricada-en-espana-copia\/\",\"name\":\"BARAJA GITANA RUSA TAROT, cartas con libro, fabricada en Espa\u00f1a 1881, Victoria Braojos Nieves - Zona Carpe Diem\",\"isPartOf\":{\"@id\":\"https:\/\/www.zonacarpediem.com\/en\/#website\"},\"primaryImageOfPage\":{\"@id\":\"https:\/\/www.zonacarpediem.com\/en\/shop\/tarots-en\/autentica-baraja-gitana-rusa-fabricada-en-espana-copia\/#primaryimage\"},\"image\":{\"@id\":\"https:\/\/www.zonacarpediem.com\/en\/shop\/tarots-en\/autentica-baraja-gitana-rusa-fabricada-en-espana-copia\/#primaryimage\"},\"thumbnailUrl\":\"https:\/\/www.zonacarpediem.com\/wp-content\/uploads\/2022\/03\/Baraja-Gitana-Rusa-2.jpeg\",\"datePublished\":\"2022-03-10T10:32:57+00:00\",\"dateModified\":\"2024-01-26T15:29:28+00:00\",\"description\":\"Comprar AUT\u00c9NTICA BARAJA GITANA RUSA TAROT, original fabricada en Espana, 36 Naipes, reproducci\u00f3n e investigaci\u00f3n por Victoria Braojos Nieves\",\"breadcrumb\":{\"@id\":\"https:\/\/www.zonacarpediem.com\/en\/shop\/tarots-en\/autentica-baraja-gitana-rusa-fabricada-en-espana-copia\/#breadcrumb\"},\"inLanguage\":\"en-US\",\"potentialAction\":[{\"@type\":\"ReadAction\",\"target\":[\"https:\/\/www.zonacarpediem.com\/en\/shop\/tarots-en\/autentica-baraja-gitana-rusa-fabricada-en-espana-copia\/\"]}]},{\"@type\":\"ImageObject\",\"inLanguage\":\"en-US\",\"@id\":\"https:\/\/www.zonacarpediem.com\/en\/shop\/tarots-en\/autentica-baraja-gitana-rusa-fabricada-en-espana-copia\/#primaryimage\",\"url\":\"https:\/\/www.zonacarpediem.com\/wp-content\/uploads\/2022\/03\/Baraja-Gitana-Rusa-2.jpeg\",\"contentUrl\":\"https:\/\/www.zonacarpediem.com\/wp-content\/uploads\/2022\/03\/Baraja-Gitana-Rusa-2.jpeg\",\"width\":2333,\"height\":1667,\"caption\":\"Baraja Gitana Rusa Tarot\"},{\"@type\":\"BreadcrumbList\",\"@id\":\"https:\/\/www.zonacarpediem.com\/en\/shop\/tarots-en\/autentica-baraja-gitana-rusa-fabricada-en-espana-copia\/#breadcrumb\",\"itemListElement\":[{\"@type\":\"ListItem\",\"position\":1,\"name\":\"Home\",\"item\":\"https:\/\/www.zonacarpediem.com\/en\/home-us\/\"},{\"@type\":\"ListItem\",\"position\":2,\"name\":\"Products\",\"item\":\"https:\/\/www.zonacarpediem.com\/en\/products\/\"},{\"@type\":\"ListItem\",\"position\":3,\"name\":\"BARAJA GITANA RUSA TAROT, cartas con libro, fabricada en Espa\u00f1a 1881, Victoria Braojos Nieves\"}]},{\"@type\":\"WebSite\",\"@id\":\"https:\/\/www.zonacarpediem.com\/en\/#website\",\"url\":\"https:\/\/www.zonacarpediem.com\/en\/\",\"name\":\"Zona Carpe Diem\",\"description\":\"Buy with Confidence and Flirt with Brilliance, Passion Lives Here!\",\"publisher\":{\"@id\":\"https:\/\/www.zonacarpediem.com\/en\/#organization\"},\"potentialAction\":[{\"@type\":\"SearchAction\",\"target\":{\"@type\":\"EntryPoint\",\"urlTemplate\":\"https:\/\/www.zonacarpediem.com\/en\/?s={search_term_string}\"},\"query-input\":{\"@type\":\"PropertyValueSpecification\",\"valueRequired\":true,\"valueName\":\"search_term_string\"}}],\"inLanguage\":\"en-US\"},{\"@type\":\"Organization\",\"@id\":\"https:\/\/www.zonacarpediem.com\/en\/#organization\",\"name\":\"Zona Carpe Diem\",\"url\":\"https:\/\/www.zonacarpediem.com\/en\/\",\"logo\":{\"@type\":\"ImageObject\",\"inLanguage\":\"en-US\",\"@id\":\"https:\/\/www.zonacarpediem.com\/en\/#\/schema\/logo\/image\/\",\"url\":\"https:\/\/www.zonacarpediem.com\/wp-content\/uploads\/2016\/12\/ZCD-Logo-for-eBay-dec-2016-200x150px.png\",\"contentUrl\":\"https:\/\/www.zonacarpediem.com\/wp-content\/uploads\/2016\/12\/ZCD-Logo-for-eBay-dec-2016-200x150px.png\",\"width\":200,\"height\":150,\"caption\":\"Zona Carpe Diem\"},\"image\":{\"@id\":\"https:\/\/www.zonacarpediem.com\/en\/#\/schema\/logo\/image\/\"},\"sameAs\":[\"https:\/\/www.facebook.com\/ZonaCarpeDiem\"]}]}<\/script>\n<!-- \/ Yoast SEO plugin. -->","yoast_head_json":{"title":"BARAJA GITANA RUSA TAROT, cartas con libro, fabricada en Espa\u00f1a 1881, Victoria Braojos Nieves - Zona Carpe Diem","description":"Comprar AUT\u00c9NTICA BARAJA GITANA RUSA TAROT, original fabricada en Espana, 36 Naipes, reproducci\u00f3n e investigaci\u00f3n por Victoria Braojos Nieves","robots":{"index":"index","follow":"follow","max-snippet":"max-snippet:-1","max-image-preview":"max-image-preview:large","max-video-preview":"max-video-preview:-1"},"canonical":"https:\/\/www.zonacarpediem.com\/en\/shop\/tarots-en\/autentica-baraja-gitana-rusa-fabricada-en-espana-copia\/","og_locale":"en_US","og_type":"article","og_title":"BARAJA GITANA RUSA TAROT, cartas con libro, fabricada en Espa\u00f1a 1881, Victoria Braojos Nieves - Zona Carpe Diem","og_description":"Comprar AUT\u00c9NTICA BARAJA GITANA RUSA TAROT, original fabricada en Espana, 36 Naipes, reproducci\u00f3n e investigaci\u00f3n por Victoria Braojos Nieves","og_url":"https:\/\/www.zonacarpediem.com\/en\/shop\/tarots-en\/autentica-baraja-gitana-rusa-fabricada-en-espana-copia\/","og_site_name":"Zona Carpe Diem","article_publisher":"https:\/\/www.facebook.com\/ZonaCarpeDiem","article_modified_time":"2024-01-26T15:29:28+00:00","og_image":[{"width":2333,"height":1667,"url":"https:\/\/www.zonacarpediem.com\/wp-content\/uploads\/2022\/03\/Baraja-Gitana-Rusa-2.jpeg","type":"image\/jpeg"}],"twitter_misc":{"Est. reading time":"2 minutes"},"schema":{"@context":"https:\/\/schema.org","@graph":[{"@type":"WebPage","@id":"https:\/\/www.zonacarpediem.com\/en\/shop\/tarots-en\/autentica-baraja-gitana-rusa-fabricada-en-espana-copia\/","url":"https:\/\/www.zonacarpediem.com\/en\/shop\/tarots-en\/autentica-baraja-gitana-rusa-fabricada-en-espana-copia\/","name":"BARAJA GITANA RUSA TAROT, cartas con libro, fabricada en Espa\u00f1a 1881, Victoria Braojos Nieves - Zona Carpe Diem","isPartOf":{"@id":"https:\/\/www.zonacarpediem.com\/en\/#website"},"primaryImageOfPage":{"@id":"https:\/\/www.zonacarpediem.com\/en\/shop\/tarots-en\/autentica-baraja-gitana-rusa-fabricada-en-espana-copia\/#primaryimage"},"image":{"@id":"https:\/\/www.zonacarpediem.com\/en\/shop\/tarots-en\/autentica-baraja-gitana-rusa-fabricada-en-espana-copia\/#primaryimage"},"thumbnailUrl":"https:\/\/www.zonacarpediem.com\/wp-content\/uploads\/2022\/03\/Baraja-Gitana-Rusa-2.jpeg","datePublished":"2022-03-10T10:32:57+00:00","dateModified":"2024-01-26T15:29:28+00:00","description":"Comprar AUT\u00c9NTICA BARAJA GITANA RUSA TAROT, original fabricada en Espana, 36 Naipes, reproducci\u00f3n e investigaci\u00f3n por Victoria Braojos Nieves","breadcrumb":{"@id":"https:\/\/www.zonacarpediem.com\/en\/shop\/tarots-en\/autentica-baraja-gitana-rusa-fabricada-en-espana-copia\/#breadcrumb"},"inLanguage":"en-US","potentialAction":[{"@type":"ReadAction","target":["https:\/\/www.zonacarpediem.com\/en\/shop\/tarots-en\/autentica-baraja-gitana-rusa-fabricada-en-espana-copia\/"]}]},{"@type":"ImageObject","inLanguage":"en-US","@id":"https:\/\/www.zonacarpediem.com\/en\/shop\/tarots-en\/autentica-baraja-gitana-rusa-fabricada-en-espana-copia\/#primaryimage","url":"https:\/\/www.zonacarpediem.com\/wp-content\/uploads\/2022\/03\/Baraja-Gitana-Rusa-2.jpeg","contentUrl":"https:\/\/www.zonacarpediem.com\/wp-content\/uploads\/2022\/03\/Baraja-Gitana-Rusa-2.jpeg","width":2333,"height":1667,"caption":"Baraja Gitana Rusa Tarot"},{"@type":"BreadcrumbList","@id":"https:\/\/www.zonacarpediem.com\/en\/shop\/tarots-en\/autentica-baraja-gitana-rusa-fabricada-en-espana-copia\/#breadcrumb","itemListElement":[{"@type":"ListItem","position":1,"name":"Home","item":"https:\/\/www.zonacarpediem.com\/en\/home-us\/"},{"@type":"ListItem","position":2,"name":"Products","item":"https:\/\/www.zonacarpediem.com\/en\/products\/"},{"@type":"ListItem","position":3,"name":"BARAJA GITANA RUSA TAROT, cartas con libro, fabricada en Espa\u00f1a 1881, Victoria Braojos Nieves"}]},{"@type":"WebSite","@id":"https:\/\/www.zonacarpediem.com\/en\/#website","url":"https:\/\/www.zonacarpediem.com\/en\/","name":"Zona Carpe Diem","description":"Buy with Confidence and Flirt with Brilliance, Passion Lives Here!","publisher":{"@id":"https:\/\/www.zonacarpediem.com\/en\/#organization"},"potentialAction":[{"@type":"SearchAction","target":{"@type":"EntryPoint","urlTemplate":"https:\/\/www.zonacarpediem.com\/en\/?s={search_term_string}"},"query-input":{"@type":"PropertyValueSpecification","valueRequired":true,"valueName":"search_term_string"}}],"inLanguage":"en-US"},{"@type":"Organization","@id":"https:\/\/www.zonacarpediem.com\/en\/#organization","name":"Zona Carpe Diem","url":"https:\/\/www.zonacarpediem.com\/en\/","logo":{"@type":"ImageObject","inLanguage":"en-US","@id":"https:\/\/www.zonacarpediem.com\/en\/#\/schema\/logo\/image\/","url":"https:\/\/www.zonacarpediem.com\/wp-content\/uploads\/2016\/12\/ZCD-Logo-for-eBay-dec-2016-200x150px.png","contentUrl":"https:\/\/www.zonacarpediem.com\/wp-content\/uploads\/2016\/12\/ZCD-Logo-for-eBay-dec-2016-200x150px.png","width":200,"height":150,"caption":"Zona Carpe Diem"},"image":{"@id":"https:\/\/www.zonacarpediem.com\/en\/#\/schema\/logo\/image\/"},"sameAs":["https:\/\/www.facebook.com\/ZonaCarpeDiem"]}]}},"_links":{"self":[{"href":"https:\/\/www.zonacarpediem.com\/en\/wp-json\/wp\/v2\/product\/6033","targetHints":{"allow":["GET"]}}],"collection":[{"href":"https:\/\/www.zonacarpediem.com\/en\/wp-json\/wp\/v2\/product"}],"about":[{"href":"https:\/\/www.zonacarpediem.com\/en\/wp-json\/wp\/v2\/types\/product"}],"wp:featuredmedia":[{"embeddable":true,"href":"https:\/\/www.zonacarpediem.com\/en\/wp-json\/wp\/v2\/media\/6035"}],"wp:attachment":[{"href":"https:\/\/www.zonacarpediem.com\/en\/wp-json\/wp\/v2\/media?parent=6033"}],"wp:term":[{"taxonomy":"product_brand","embeddable":true,"href":"https:\/\/www.zonacarpediem.com\/en\/wp-json\/wp\/v2\/product_brand?post=6033"},{"taxonomy":"product_cat","embeddable":true,"href":"https:\/\/www.zonacarpediem.com\/en\/wp-json\/wp\/v2\/product_cat?post=6033"},{"taxonomy":"product_tag","embeddable":true,"href":"https:\/\/www.zonacarpediem.com\/en\/wp-json\/wp\/v2\/product_tag?post=6033"}],"curies":[{"name":"wp","href":"https:\/\/api.w.org\/{rel}","templated":true}]}}