{"id":6043,"date":"2022-03-10T14:39:31","date_gmt":"2022-03-10T13:39:31","guid":{"rendered":"https:\/\/www.zonacarpediem.com\/?post_type=product&#038;p=6043"},"modified":"2022-03-10T15:50:29","modified_gmt":"2022-03-10T14:50:29","slug":"tarot-de-los-angeles-luminosos-original-lo-scarabeo-arte-de-giuditta-dembech-y-federico-penco","status":"publish","type":"product","link":"https:\/\/www.zonacarpediem.com\/en\/shop\/tarots-en\/tarot-de-los-angeles-luminosos-original-lo-scarabeo-arte-de-giuditta-dembech-y-federico-penco\/","title":{"rendered":"TAROT DE LOS ANGELES LUMINOSOS original LO SCARABEO, arte de GIUDITTA DEMBECH y FEDERICO PENCO"},"content":{"rendered":"<p><strong>TAROT DE LOS ANGELES LUMINOSOS, original fabricado en Italia por LO SCARABEO, arte de GIUDITTA DEMBECH y FEDERICO PENCO<\/strong><\/p>\n<p><strong>\u00a0<\/strong><\/p>\n<p><strong>FABRICADO EN ITALIA POR LO SCARABEO, TORINO<\/strong><br \/>\nHist\u00f3rico fabricante de naipes italiano conocido en todo el mundo por la calidad de sus productos.<\/p>\n<p>&nbsp;<\/p>\n<p><strong>DESCATALOGADO &#8211; RARO (a\u00f1o 2009)<\/strong><\/p>\n<p>Consta de 78 cartas redondas a todo color y folleto con instrucciones adivinatorias multilinguas (espa\u00f1ol, ingl\u00e9s, italiano, alem\u00e1n, franc\u00e9s) divididas en<\/p>\n<p>22 arcanos mayores y<br \/>\n56 arcanos menores.<\/p>\n<p>En precioso estuche protector de tapa dura.<\/p>\n<p>Esta baraja pretende ampliar nuestro conocimiento de las figuras ang\u00e9licas m\u00e1s significativas manteniendo el simbolismo cl\u00e1sico del Tarot:<br \/>\nlos famosos Nombres de los Arc\u00e1ngeles han sido repensados y unidos a otros de los Rangos Superiores que hemos asociado a los Arcanos Mayores.<br \/>\nPara los Arcanos Menores se ha realizado un minucioso trabajo de investigaci\u00f3n entre las Inteligencias Celestiales de &#8220;segunda luz&#8221;.<br \/>\nLos nombres son aut\u00e9nticos y antiguos. La novedad radica en que se han asociado de forma totalmente coherente con las dos tradiciones:<br \/>\nla del Tarot y la del infinito Reino de los \u00c1ngeles.<\/p>\n<p>Se trata de una versi\u00f3n original creada exclusivamente para esta particular baraja de Tarot redonda, fluida y angular.<\/p>\n<p>Guerreros poderosos, gu\u00edas espirituales, mensajeros divinos: los \u00e1ngeles desempe\u00f1an una serie de funciones en nuestras vidas.<br \/>\nEl Tarot de los \u00c1ngeles Brillantes y su inusual forma redonda nos recuerda el c\u00edrculo ang\u00e9lico de amor y protecci\u00f3n que siempre nos rodea.<br \/>\nConsulta este inspirador y hermoso tarot para obtener fuerza, valor, comprensi\u00f3n, curaci\u00f3n y gu\u00eda celestial en todos los aspectos de la vida.<\/p>\n<p>Deja que estos \u00e1ngeles te proporcionen un suave consuelo y un dulce est\u00edmulo. Esta baraja trae el poder del cielo a tu vida en la Tierra.<\/p>\n<p><strong>\u00a0<\/strong><\/p>\n<p><strong>\u00a0<\/strong><\/p>\n<p>&nbsp;<\/p>\n<p>&nbsp;<\/p>\n<p>Cartas que tienen como objetivo despertar la mente del hombre a otros niveles, a trav\u00e9s de los cuales pueda acceder a otra sabidur\u00eda, a otros conocimientos que permitan saber y anticipar, as\u00ed como tambi\u00e9n encontrar el bienestar interior.<\/p>\n<p>El tarot es una baraja de naipes que, adem\u00e1s de servir para jugar, se usa a menudo como medio de \u201cadivinaci\u00f3n\u201d del pasado, de la situaci\u00f3n presente del consultante y algunas veces del futuro, por lo que constituir\u00eda un tipo de cartomancia.<br \/>\nSus or\u00edgenes datan al menos del siglo XIV, no teniendo fundamento llevar sus ra\u00edces m\u00e1s atr\u00e1s en la historia.<\/p>\n<p>&nbsp;<\/p>\n<p><em>Este es un producto original de calidad, fabricado en Italia. Esta no es una copia no autorizada.<br \/>\nEnviamos el art\u00edculo desde Espa\u00f1a a todo el mundo, certificado, con n\u00famero de seguimiento.<\/em><\/p>\n<p>&nbsp;<\/p>\n","protected":false},"excerpt":{"rendered":"<p>TAROT DE LOS ANGELES LUMINOSOS, original fabricado en Italia por LO SCARABEO, arte de GUIDITTA DEMBECH y FEDERICO PENCO<\/p>\n","protected":false},"featured_media":6045,"template":"","meta":[],"product_brand":[],"product_cat":[163],"product_tag":[],"class_list":{"0":"post-6043","1":"product","2":"type-product","3":"status-publish","4":"has-post-thumbnail","6":"product_cat-tarots-en","8":"first","9":"instock","10":"shipping-taxable","11":"purchasable","12":"product-type-simple"},"yoast_head":"<!-- This site is optimized with the Yoast SEO plugin v26.7 - https:\/\/yoast.com\/wordpress\/plugins\/seo\/ -->\n<title>TAROT DE LOS ANGELES LUMINOSOS original LO SCARABEO, arte de GIUDITTA DEMBECH y FEDERICO PENCO - Zona Carpe Diem<\/title>\n<meta name=\"description\" content=\"Comprar TAROT DE LOS \u00c1NGELES LUMINOSOS, original fabricado en Italia por Lo Scarabeo, arte de Guiditta Dembech y Federico Penco\" \/>\n<meta name=\"robots\" content=\"index, follow, max-snippet:-1, max-image-preview:large, max-video-preview:-1\" \/>\n<link rel=\"canonical\" href=\"https:\/\/www.zonacarpediem.com\/en\/shop\/tarots-en\/tarot-de-los-angeles-luminosos-original-lo-scarabeo-arte-de-giuditta-dembech-y-federico-penco\/\" \/>\n<meta property=\"og:locale\" content=\"en_US\" \/>\n<meta property=\"og:type\" content=\"article\" \/>\n<meta property=\"og:title\" content=\"TAROT DE LOS ANGELES LUMINOSOS original LO SCARABEO, arte de GIUDITTA DEMBECH y FEDERICO PENCO - Zona Carpe Diem\" \/>\n<meta property=\"og:description\" content=\"Comprar TAROT DE LOS \u00c1NGELES LUMINOSOS, original fabricado en Italia por Lo Scarabeo, arte de Guiditta Dembech y Federico Penco\" \/>\n<meta property=\"og:url\" content=\"https:\/\/www.zonacarpediem.com\/en\/shop\/tarots-en\/tarot-de-los-angeles-luminosos-original-lo-scarabeo-arte-de-giuditta-dembech-y-federico-penco\/\" \/>\n<meta property=\"og:site_name\" content=\"Zona Carpe Diem\" \/>\n<meta property=\"article:publisher\" content=\"https:\/\/www.facebook.com\/ZonaCarpeDiem\" \/>\n<meta property=\"article:modified_time\" content=\"2022-03-10T14:50:29+00:00\" \/>\n<meta property=\"og:image\" content=\"https:\/\/www.zonacarpediem.com\/wp-content\/uploads\/2022\/03\/Tarot-de-los-Angeles-Luminosos-1.jpeg\" \/>\n\t<meta property=\"og:image:width\" content=\"2015\" \/>\n\t<meta property=\"og:image:height\" content=\"1939\" \/>\n\t<meta property=\"og:image:type\" content=\"image\/jpeg\" \/>\n<meta name=\"twitter:label1\" content=\"Est. reading time\" \/>\n\t<meta name=\"twitter:data1\" content=\"2 minutes\" \/>\n<script type=\"application\/ld+json\" class=\"yoast-schema-graph\">{\"@context\":\"https:\/\/schema.org\",\"@graph\":[{\"@type\":\"WebPage\",\"@id\":\"https:\/\/www.zonacarpediem.com\/en\/shop\/tarots-en\/tarot-de-los-angeles-luminosos-original-lo-scarabeo-arte-de-giuditta-dembech-y-federico-penco\/\",\"url\":\"https:\/\/www.zonacarpediem.com\/en\/shop\/tarots-en\/tarot-de-los-angeles-luminosos-original-lo-scarabeo-arte-de-giuditta-dembech-y-federico-penco\/\",\"name\":\"TAROT DE LOS ANGELES LUMINOSOS original LO SCARABEO, arte de GIUDITTA DEMBECH y FEDERICO PENCO - Zona Carpe Diem\",\"isPartOf\":{\"@id\":\"https:\/\/www.zonacarpediem.com\/en\/#website\"},\"primaryImageOfPage\":{\"@id\":\"https:\/\/www.zonacarpediem.com\/en\/shop\/tarots-en\/tarot-de-los-angeles-luminosos-original-lo-scarabeo-arte-de-giuditta-dembech-y-federico-penco\/#primaryimage\"},\"image\":{\"@id\":\"https:\/\/www.zonacarpediem.com\/en\/shop\/tarots-en\/tarot-de-los-angeles-luminosos-original-lo-scarabeo-arte-de-giuditta-dembech-y-federico-penco\/#primaryimage\"},\"thumbnailUrl\":\"https:\/\/www.zonacarpediem.com\/wp-content\/uploads\/2022\/03\/Tarot-de-los-Angeles-Luminosos-1.jpeg\",\"datePublished\":\"2022-03-10T13:39:31+00:00\",\"dateModified\":\"2022-03-10T14:50:29+00:00\",\"description\":\"Comprar TAROT DE LOS \u00c1NGELES LUMINOSOS, original fabricado en Italia por Lo Scarabeo, arte de Guiditta Dembech y Federico Penco\",\"breadcrumb\":{\"@id\":\"https:\/\/www.zonacarpediem.com\/en\/shop\/tarots-en\/tarot-de-los-angeles-luminosos-original-lo-scarabeo-arte-de-giuditta-dembech-y-federico-penco\/#breadcrumb\"},\"inLanguage\":\"en-US\",\"potentialAction\":[{\"@type\":\"ReadAction\",\"target\":[\"https:\/\/www.zonacarpediem.com\/en\/shop\/tarots-en\/tarot-de-los-angeles-luminosos-original-lo-scarabeo-arte-de-giuditta-dembech-y-federico-penco\/\"]}]},{\"@type\":\"ImageObject\",\"inLanguage\":\"en-US\",\"@id\":\"https:\/\/www.zonacarpediem.com\/en\/shop\/tarots-en\/tarot-de-los-angeles-luminosos-original-lo-scarabeo-arte-de-giuditta-dembech-y-federico-penco\/#primaryimage\",\"url\":\"https:\/\/www.zonacarpediem.com\/wp-content\/uploads\/2022\/03\/Tarot-de-los-Angeles-Luminosos-1.jpeg\",\"contentUrl\":\"https:\/\/www.zonacarpediem.com\/wp-content\/uploads\/2022\/03\/Tarot-de-los-Angeles-Luminosos-1.jpeg\",\"width\":2015,\"height\":1939,\"caption\":\"Tarot de los \u00c1ngeles Luminosos\"},{\"@type\":\"BreadcrumbList\",\"@id\":\"https:\/\/www.zonacarpediem.com\/en\/shop\/tarots-en\/tarot-de-los-angeles-luminosos-original-lo-scarabeo-arte-de-giuditta-dembech-y-federico-penco\/#breadcrumb\",\"itemListElement\":[{\"@type\":\"ListItem\",\"position\":1,\"name\":\"Home\",\"item\":\"https:\/\/www.zonacarpediem.com\/en\/home-us\/\"},{\"@type\":\"ListItem\",\"position\":2,\"name\":\"Products\",\"item\":\"https:\/\/www.zonacarpediem.com\/en\/products\/\"},{\"@type\":\"ListItem\",\"position\":3,\"name\":\"TAROT DE LOS ANGELES LUMINOSOS original LO SCARABEO, arte de GIUDITTA DEMBECH y FEDERICO PENCO\"}]},{\"@type\":\"WebSite\",\"@id\":\"https:\/\/www.zonacarpediem.com\/en\/#website\",\"url\":\"https:\/\/www.zonacarpediem.com\/en\/\",\"name\":\"Zona Carpe Diem\",\"description\":\"Buy with Confidence and Flirt with Brilliance, Passion Lives Here!\",\"publisher\":{\"@id\":\"https:\/\/www.zonacarpediem.com\/en\/#organization\"},\"potentialAction\":[{\"@type\":\"SearchAction\",\"target\":{\"@type\":\"EntryPoint\",\"urlTemplate\":\"https:\/\/www.zonacarpediem.com\/en\/?s={search_term_string}\"},\"query-input\":{\"@type\":\"PropertyValueSpecification\",\"valueRequired\":true,\"valueName\":\"search_term_string\"}}],\"inLanguage\":\"en-US\"},{\"@type\":\"Organization\",\"@id\":\"https:\/\/www.zonacarpediem.com\/en\/#organization\",\"name\":\"Zona Carpe Diem\",\"url\":\"https:\/\/www.zonacarpediem.com\/en\/\",\"logo\":{\"@type\":\"ImageObject\",\"inLanguage\":\"en-US\",\"@id\":\"https:\/\/www.zonacarpediem.com\/en\/#\/schema\/logo\/image\/\",\"url\":\"https:\/\/www.zonacarpediem.com\/wp-content\/uploads\/2016\/12\/ZCD-Logo-for-eBay-dec-2016-200x150px.png\",\"contentUrl\":\"https:\/\/www.zonacarpediem.com\/wp-content\/uploads\/2016\/12\/ZCD-Logo-for-eBay-dec-2016-200x150px.png\",\"width\":200,\"height\":150,\"caption\":\"Zona Carpe Diem\"},\"image\":{\"@id\":\"https:\/\/www.zonacarpediem.com\/en\/#\/schema\/logo\/image\/\"},\"sameAs\":[\"https:\/\/www.facebook.com\/ZonaCarpeDiem\"]}]}<\/script>\n<!-- \/ Yoast SEO plugin. -->","yoast_head_json":{"title":"TAROT DE LOS ANGELES LUMINOSOS original LO SCARABEO, arte de GIUDITTA DEMBECH y FEDERICO PENCO - Zona Carpe Diem","description":"Comprar TAROT DE LOS \u00c1NGELES LUMINOSOS, original fabricado en Italia por Lo Scarabeo, arte de Guiditta Dembech y Federico Penco","robots":{"index":"index","follow":"follow","max-snippet":"max-snippet:-1","max-image-preview":"max-image-preview:large","max-video-preview":"max-video-preview:-1"},"canonical":"https:\/\/www.zonacarpediem.com\/en\/shop\/tarots-en\/tarot-de-los-angeles-luminosos-original-lo-scarabeo-arte-de-giuditta-dembech-y-federico-penco\/","og_locale":"en_US","og_type":"article","og_title":"TAROT DE LOS ANGELES LUMINOSOS original LO SCARABEO, arte de GIUDITTA DEMBECH y FEDERICO PENCO - Zona Carpe Diem","og_description":"Comprar TAROT DE LOS \u00c1NGELES LUMINOSOS, original fabricado en Italia por Lo Scarabeo, arte de Guiditta Dembech y Federico Penco","og_url":"https:\/\/www.zonacarpediem.com\/en\/shop\/tarots-en\/tarot-de-los-angeles-luminosos-original-lo-scarabeo-arte-de-giuditta-dembech-y-federico-penco\/","og_site_name":"Zona Carpe Diem","article_publisher":"https:\/\/www.facebook.com\/ZonaCarpeDiem","article_modified_time":"2022-03-10T14:50:29+00:00","og_image":[{"width":2015,"height":1939,"url":"https:\/\/www.zonacarpediem.com\/wp-content\/uploads\/2022\/03\/Tarot-de-los-Angeles-Luminosos-1.jpeg","type":"image\/jpeg"}],"twitter_misc":{"Est. reading time":"2 minutes"},"schema":{"@context":"https:\/\/schema.org","@graph":[{"@type":"WebPage","@id":"https:\/\/www.zonacarpediem.com\/en\/shop\/tarots-en\/tarot-de-los-angeles-luminosos-original-lo-scarabeo-arte-de-giuditta-dembech-y-federico-penco\/","url":"https:\/\/www.zonacarpediem.com\/en\/shop\/tarots-en\/tarot-de-los-angeles-luminosos-original-lo-scarabeo-arte-de-giuditta-dembech-y-federico-penco\/","name":"TAROT DE LOS ANGELES LUMINOSOS original LO SCARABEO, arte de GIUDITTA DEMBECH y FEDERICO PENCO - Zona Carpe Diem","isPartOf":{"@id":"https:\/\/www.zonacarpediem.com\/en\/#website"},"primaryImageOfPage":{"@id":"https:\/\/www.zonacarpediem.com\/en\/shop\/tarots-en\/tarot-de-los-angeles-luminosos-original-lo-scarabeo-arte-de-giuditta-dembech-y-federico-penco\/#primaryimage"},"image":{"@id":"https:\/\/www.zonacarpediem.com\/en\/shop\/tarots-en\/tarot-de-los-angeles-luminosos-original-lo-scarabeo-arte-de-giuditta-dembech-y-federico-penco\/#primaryimage"},"thumbnailUrl":"https:\/\/www.zonacarpediem.com\/wp-content\/uploads\/2022\/03\/Tarot-de-los-Angeles-Luminosos-1.jpeg","datePublished":"2022-03-10T13:39:31+00:00","dateModified":"2022-03-10T14:50:29+00:00","description":"Comprar TAROT DE LOS \u00c1NGELES LUMINOSOS, original fabricado en Italia por Lo Scarabeo, arte de Guiditta Dembech y Federico Penco","breadcrumb":{"@id":"https:\/\/www.zonacarpediem.com\/en\/shop\/tarots-en\/tarot-de-los-angeles-luminosos-original-lo-scarabeo-arte-de-giuditta-dembech-y-federico-penco\/#breadcrumb"},"inLanguage":"en-US","potentialAction":[{"@type":"ReadAction","target":["https:\/\/www.zonacarpediem.com\/en\/shop\/tarots-en\/tarot-de-los-angeles-luminosos-original-lo-scarabeo-arte-de-giuditta-dembech-y-federico-penco\/"]}]},{"@type":"ImageObject","inLanguage":"en-US","@id":"https:\/\/www.zonacarpediem.com\/en\/shop\/tarots-en\/tarot-de-los-angeles-luminosos-original-lo-scarabeo-arte-de-giuditta-dembech-y-federico-penco\/#primaryimage","url":"https:\/\/www.zonacarpediem.com\/wp-content\/uploads\/2022\/03\/Tarot-de-los-Angeles-Luminosos-1.jpeg","contentUrl":"https:\/\/www.zonacarpediem.com\/wp-content\/uploads\/2022\/03\/Tarot-de-los-Angeles-Luminosos-1.jpeg","width":2015,"height":1939,"caption":"Tarot de los \u00c1ngeles Luminosos"},{"@type":"BreadcrumbList","@id":"https:\/\/www.zonacarpediem.com\/en\/shop\/tarots-en\/tarot-de-los-angeles-luminosos-original-lo-scarabeo-arte-de-giuditta-dembech-y-federico-penco\/#breadcrumb","itemListElement":[{"@type":"ListItem","position":1,"name":"Home","item":"https:\/\/www.zonacarpediem.com\/en\/home-us\/"},{"@type":"ListItem","position":2,"name":"Products","item":"https:\/\/www.zonacarpediem.com\/en\/products\/"},{"@type":"ListItem","position":3,"name":"TAROT DE LOS ANGELES LUMINOSOS original LO SCARABEO, arte de GIUDITTA DEMBECH y FEDERICO PENCO"}]},{"@type":"WebSite","@id":"https:\/\/www.zonacarpediem.com\/en\/#website","url":"https:\/\/www.zonacarpediem.com\/en\/","name":"Zona Carpe Diem","description":"Buy with Confidence and Flirt with Brilliance, Passion Lives Here!","publisher":{"@id":"https:\/\/www.zonacarpediem.com\/en\/#organization"},"potentialAction":[{"@type":"SearchAction","target":{"@type":"EntryPoint","urlTemplate":"https:\/\/www.zonacarpediem.com\/en\/?s={search_term_string}"},"query-input":{"@type":"PropertyValueSpecification","valueRequired":true,"valueName":"search_term_string"}}],"inLanguage":"en-US"},{"@type":"Organization","@id":"https:\/\/www.zonacarpediem.com\/en\/#organization","name":"Zona Carpe Diem","url":"https:\/\/www.zonacarpediem.com\/en\/","logo":{"@type":"ImageObject","inLanguage":"en-US","@id":"https:\/\/www.zonacarpediem.com\/en\/#\/schema\/logo\/image\/","url":"https:\/\/www.zonacarpediem.com\/wp-content\/uploads\/2016\/12\/ZCD-Logo-for-eBay-dec-2016-200x150px.png","contentUrl":"https:\/\/www.zonacarpediem.com\/wp-content\/uploads\/2016\/12\/ZCD-Logo-for-eBay-dec-2016-200x150px.png","width":200,"height":150,"caption":"Zona Carpe Diem"},"image":{"@id":"https:\/\/www.zonacarpediem.com\/en\/#\/schema\/logo\/image\/"},"sameAs":["https:\/\/www.facebook.com\/ZonaCarpeDiem"]}]}},"_links":{"self":[{"href":"https:\/\/www.zonacarpediem.com\/en\/wp-json\/wp\/v2\/product\/6043","targetHints":{"allow":["GET"]}}],"collection":[{"href":"https:\/\/www.zonacarpediem.com\/en\/wp-json\/wp\/v2\/product"}],"about":[{"href":"https:\/\/www.zonacarpediem.com\/en\/wp-json\/wp\/v2\/types\/product"}],"wp:featuredmedia":[{"embeddable":true,"href":"https:\/\/www.zonacarpediem.com\/en\/wp-json\/wp\/v2\/media\/6045"}],"wp:attachment":[{"href":"https:\/\/www.zonacarpediem.com\/en\/wp-json\/wp\/v2\/media?parent=6043"}],"wp:term":[{"taxonomy":"product_brand","embeddable":true,"href":"https:\/\/www.zonacarpediem.com\/en\/wp-json\/wp\/v2\/product_brand?post=6043"},{"taxonomy":"product_cat","embeddable":true,"href":"https:\/\/www.zonacarpediem.com\/en\/wp-json\/wp\/v2\/product_cat?post=6043"},{"taxonomy":"product_tag","embeddable":true,"href":"https:\/\/www.zonacarpediem.com\/en\/wp-json\/wp\/v2\/product_tag?post=6043"}],"curies":[{"name":"wp","href":"https:\/\/api.w.org\/{rel}","templated":true}]}}