{"id":6060,"date":"2022-03-10T17:01:06","date_gmt":"2022-03-10T16:01:06","guid":{"rendered":"https:\/\/www.zonacarpediem.com\/?post_type=product&#038;p=6060"},"modified":"2022-03-10T17:29:38","modified_gmt":"2022-03-10T16:29:38","slug":"universal-tarot-original-lo-scarabeo-edicion-profesional-gran-formato","status":"publish","type":"product","link":"https:\/\/www.zonacarpediem.com\/en\/shop\/tarots-en\/universal-tarot-original-lo-scarabeo-edicion-profesional-gran-formato\/","title":{"rendered":"UNIVERSAL TAROT, original LO SCARABEO, Edici\u00f3n Profesional Gran Formato, arte de ROBERTO DE ANGELIS"},"content":{"rendered":"<p><strong>UNIVERSAL TAROT, original LO SCARABEO, fabricado en Italia, Edici\u00f3n Profesional Gran Formato, arte de ROBERTO DE ANGELIS<br \/>\n<\/strong><\/p>\n<p>&nbsp;<\/p>\n<p><strong>FABRICADO EN ITALIA POR LO SCARABEO<\/strong><br \/>\nHist\u00f3rico fabricante de naipes italiano conocido en todo el mundo por la calidad de sus productos.<\/p>\n<p>&nbsp;<\/p>\n<div class=\"description\">Consta de 78 cartas m\u00e1gicas de gran formato (cm 18.0 x cm 10.0) a todo color y manual con instrucciones adivinatorias en espa\u00f1ol, italiano, ingl\u00e9s, franc\u00e9s, alem\u00e1n y chino.<\/div>\n<div class=\"description\">En precioso estuche protector de tapa rigida.<\/div>\n<div class=\"description\"><\/div>\n<div class=\"description\">Una nueva edici\u00f3n mejorada y de mayor calidad para el Tarot Universal. Creada con calidad profesional, las cartas son de gran formato, con un barniz especial, que las har\u00e1 muy resistentes incluso con un uso prolongado.<\/div>\n<div class=\"description\">\n<div class=\"description\">\n<div class=\"description\">\n<div class=\"description\">\n<div class=\"description\">\n<p>Este mazo de calidad profesional es imprescindible para aquellos que necesitan sus cartas para resistir el uso intensivo. Las tarjetas m\u00e1s grandes hacen que los detalles de las im\u00e1genes sean m\u00e1s f\u00e1ciles de ver y las cartas, de alta calidad, garantizan una larga vida \u00fatil. Contiene todos los elementos del tarot tradicional Rider-Waite-Smith, este mazo es perfecto para lectores profesionales, profesores, l\u00edderes de talleres y estudiantes serios. Los lectores reconocer\u00e1n escenas familiares mientras se deleitan con las adaptaciones despejadas y el uso sofisticado del color.<\/p>\n<p>&nbsp;<\/p>\n<p><strong>Roberto De Angelis<\/strong> vuelve a proponer los iconos de la baraja m\u00e1s famosa utilizando trazos y gr\u00e1ficos modernos.<br \/>\nFiel al simbolismo esot\u00e9rico propuesto a principios del siglo XX por los m\u00e1s grandes ocultistas ingleses,<br \/>\ncada Arcano es interpretado a trav\u00e9s de una precisa clave pict\u00f3rica, ofreciendo inmediatez y profundidad a la adivinaci\u00f3n.<\/p>\n<\/div>\n<\/div>\n<\/div>\n<\/div>\n<\/div>\n<p>&nbsp;<\/p>\n<p>&nbsp;<\/p>\n<p>&nbsp;<\/p>\n<p>Cartas que tienen como objetivo despertar la mente del hombre a otros niveles, a trav\u00e9s de los cuales pueda acceder a otra sabidur\u00eda, a otros conocimientos que permitan saber y anticipar, as\u00ed como tambi\u00e9n encontrar el bienestar interior.<\/p>\n<p>El tarot es una baraja de naipes que, adem\u00e1s de servir para jugar, se usa a menudo como medio de \u201cadivinaci\u00f3n\u201d del pasado, de la situaci\u00f3n presente del consultante y algunas veces del futuro, por lo que constituir\u00eda un tipo de cartomancia.<br \/>\nSus or\u00edgenes datan al menos del siglo XIV, no teniendo fundamento llevar sus ra\u00edces m\u00e1s atr\u00e1s en la historia.<\/p>\n<p>&nbsp;<\/p>\n<p><em>Este es un producto original de calidad, fabricado en Italia por LO SCARABEO. Esta no es una copia no autorizada.<br \/>\nEnviamos el art\u00edculo desde Espa\u00f1a a todo el mundo, certificado, con n\u00famero de seguimiento.<\/em><\/p>\n<p>&nbsp;<\/p>\n","protected":false},"excerpt":{"rendered":"<p>UNIVERSAL TAROT, original LO SCARABEO, fabricado en Italia, Edici\u00f3n Profesional Gran Formato, arte de Roberto De Angelis.<\/p>\n","protected":false},"featured_media":6062,"template":"","meta":[],"product_brand":[],"product_cat":[163],"product_tag":[],"class_list":{"0":"post-6060","1":"product","2":"type-product","3":"status-publish","4":"has-post-thumbnail","6":"product_cat-tarots-en","8":"first","9":"instock","10":"shipping-taxable","11":"purchasable","12":"product-type-simple"},"yoast_head":"<!-- This site is optimized with the Yoast SEO plugin v26.7 - https:\/\/yoast.com\/wordpress\/plugins\/seo\/ -->\n<title>UNIVERSAL TAROT, original LO SCARABEO, Edici\u00f3n Profesional Gran Formato, arte de ROBERTO DE ANGELIS - Zona Carpe Diem<\/title>\n<meta name=\"description\" content=\"Comprar TAROT BEATRIX RAYO AZUL, original fabricado en Francia por Frances Cartes, arte de SYBILLE BREYSSE.\" \/>\n<meta name=\"robots\" content=\"index, follow, max-snippet:-1, max-image-preview:large, max-video-preview:-1\" \/>\n<link rel=\"canonical\" href=\"https:\/\/www.zonacarpediem.com\/en\/shop\/tarots-en\/universal-tarot-original-lo-scarabeo-edicion-profesional-gran-formato\/\" \/>\n<meta property=\"og:locale\" content=\"en_US\" \/>\n<meta property=\"og:type\" content=\"article\" \/>\n<meta property=\"og:title\" content=\"UNIVERSAL TAROT, original LO SCARABEO, Edici\u00f3n Profesional Gran Formato, arte de ROBERTO DE ANGELIS - Zona Carpe Diem\" \/>\n<meta property=\"og:description\" content=\"Comprar TAROT BEATRIX RAYO AZUL, original fabricado en Francia por Frances Cartes, arte de SYBILLE BREYSSE.\" \/>\n<meta property=\"og:url\" content=\"https:\/\/www.zonacarpediem.com\/en\/shop\/tarots-en\/universal-tarot-original-lo-scarabeo-edicion-profesional-gran-formato\/\" \/>\n<meta property=\"og:site_name\" content=\"Zona Carpe Diem\" \/>\n<meta property=\"article:publisher\" content=\"https:\/\/www.facebook.com\/ZonaCarpeDiem\" \/>\n<meta property=\"article:modified_time\" content=\"2022-03-10T16:29:38+00:00\" \/>\n<meta property=\"og:image\" content=\"https:\/\/www.zonacarpediem.com\/wp-content\/uploads\/2022\/03\/Universal-Tarot-1-scaled.jpeg\" \/>\n\t<meta property=\"og:image:width\" content=\"1529\" \/>\n\t<meta property=\"og:image:height\" content=\"2560\" \/>\n\t<meta property=\"og:image:type\" content=\"image\/jpeg\" \/>\n<meta name=\"twitter:label1\" content=\"Est. reading time\" \/>\n\t<meta name=\"twitter:data1\" content=\"2 minutes\" \/>\n<script type=\"application\/ld+json\" class=\"yoast-schema-graph\">{\"@context\":\"https:\/\/schema.org\",\"@graph\":[{\"@type\":\"WebPage\",\"@id\":\"https:\/\/www.zonacarpediem.com\/en\/shop\/tarots-en\/universal-tarot-original-lo-scarabeo-edicion-profesional-gran-formato\/\",\"url\":\"https:\/\/www.zonacarpediem.com\/en\/shop\/tarots-en\/universal-tarot-original-lo-scarabeo-edicion-profesional-gran-formato\/\",\"name\":\"UNIVERSAL TAROT, original LO SCARABEO, Edici\u00f3n Profesional Gran Formato, arte de ROBERTO DE ANGELIS - Zona Carpe Diem\",\"isPartOf\":{\"@id\":\"https:\/\/www.zonacarpediem.com\/en\/#website\"},\"primaryImageOfPage\":{\"@id\":\"https:\/\/www.zonacarpediem.com\/en\/shop\/tarots-en\/universal-tarot-original-lo-scarabeo-edicion-profesional-gran-formato\/#primaryimage\"},\"image\":{\"@id\":\"https:\/\/www.zonacarpediem.com\/en\/shop\/tarots-en\/universal-tarot-original-lo-scarabeo-edicion-profesional-gran-formato\/#primaryimage\"},\"thumbnailUrl\":\"https:\/\/www.zonacarpediem.com\/wp-content\/uploads\/2022\/03\/Universal-Tarot-1-scaled.jpeg\",\"datePublished\":\"2022-03-10T16:01:06+00:00\",\"dateModified\":\"2022-03-10T16:29:38+00:00\",\"description\":\"Comprar TAROT BEATRIX RAYO AZUL, original fabricado en Francia por Frances Cartes, arte de SYBILLE BREYSSE.\",\"breadcrumb\":{\"@id\":\"https:\/\/www.zonacarpediem.com\/en\/shop\/tarots-en\/universal-tarot-original-lo-scarabeo-edicion-profesional-gran-formato\/#breadcrumb\"},\"inLanguage\":\"en-US\",\"potentialAction\":[{\"@type\":\"ReadAction\",\"target\":[\"https:\/\/www.zonacarpediem.com\/en\/shop\/tarots-en\/universal-tarot-original-lo-scarabeo-edicion-profesional-gran-formato\/\"]}]},{\"@type\":\"ImageObject\",\"inLanguage\":\"en-US\",\"@id\":\"https:\/\/www.zonacarpediem.com\/en\/shop\/tarots-en\/universal-tarot-original-lo-scarabeo-edicion-profesional-gran-formato\/#primaryimage\",\"url\":\"https:\/\/www.zonacarpediem.com\/wp-content\/uploads\/2022\/03\/Universal-Tarot-1-scaled.jpeg\",\"contentUrl\":\"https:\/\/www.zonacarpediem.com\/wp-content\/uploads\/2022\/03\/Universal-Tarot-1-scaled.jpeg\",\"width\":1529,\"height\":2560,\"caption\":\"Universal Tarot - Professional Edition\"},{\"@type\":\"BreadcrumbList\",\"@id\":\"https:\/\/www.zonacarpediem.com\/en\/shop\/tarots-en\/universal-tarot-original-lo-scarabeo-edicion-profesional-gran-formato\/#breadcrumb\",\"itemListElement\":[{\"@type\":\"ListItem\",\"position\":1,\"name\":\"Home\",\"item\":\"https:\/\/www.zonacarpediem.com\/en\/home-us\/\"},{\"@type\":\"ListItem\",\"position\":2,\"name\":\"Products\",\"item\":\"https:\/\/www.zonacarpediem.com\/en\/products\/\"},{\"@type\":\"ListItem\",\"position\":3,\"name\":\"UNIVERSAL TAROT, original LO SCARABEO, Edici\u00f3n Profesional Gran Formato, arte de ROBERTO DE ANGELIS\"}]},{\"@type\":\"WebSite\",\"@id\":\"https:\/\/www.zonacarpediem.com\/en\/#website\",\"url\":\"https:\/\/www.zonacarpediem.com\/en\/\",\"name\":\"Zona Carpe Diem\",\"description\":\"Buy with Confidence and Flirt with Brilliance, Passion Lives Here!\",\"publisher\":{\"@id\":\"https:\/\/www.zonacarpediem.com\/en\/#organization\"},\"potentialAction\":[{\"@type\":\"SearchAction\",\"target\":{\"@type\":\"EntryPoint\",\"urlTemplate\":\"https:\/\/www.zonacarpediem.com\/en\/?s={search_term_string}\"},\"query-input\":{\"@type\":\"PropertyValueSpecification\",\"valueRequired\":true,\"valueName\":\"search_term_string\"}}],\"inLanguage\":\"en-US\"},{\"@type\":\"Organization\",\"@id\":\"https:\/\/www.zonacarpediem.com\/en\/#organization\",\"name\":\"Zona Carpe Diem\",\"url\":\"https:\/\/www.zonacarpediem.com\/en\/\",\"logo\":{\"@type\":\"ImageObject\",\"inLanguage\":\"en-US\",\"@id\":\"https:\/\/www.zonacarpediem.com\/en\/#\/schema\/logo\/image\/\",\"url\":\"https:\/\/www.zonacarpediem.com\/wp-content\/uploads\/2016\/12\/ZCD-Logo-for-eBay-dec-2016-200x150px.png\",\"contentUrl\":\"https:\/\/www.zonacarpediem.com\/wp-content\/uploads\/2016\/12\/ZCD-Logo-for-eBay-dec-2016-200x150px.png\",\"width\":200,\"height\":150,\"caption\":\"Zona Carpe Diem\"},\"image\":{\"@id\":\"https:\/\/www.zonacarpediem.com\/en\/#\/schema\/logo\/image\/\"},\"sameAs\":[\"https:\/\/www.facebook.com\/ZonaCarpeDiem\"]}]}<\/script>\n<!-- \/ Yoast SEO plugin. -->","yoast_head_json":{"title":"UNIVERSAL TAROT, original LO SCARABEO, Edici\u00f3n Profesional Gran Formato, arte de ROBERTO DE ANGELIS - Zona Carpe Diem","description":"Comprar TAROT BEATRIX RAYO AZUL, original fabricado en Francia por Frances Cartes, arte de SYBILLE BREYSSE.","robots":{"index":"index","follow":"follow","max-snippet":"max-snippet:-1","max-image-preview":"max-image-preview:large","max-video-preview":"max-video-preview:-1"},"canonical":"https:\/\/www.zonacarpediem.com\/en\/shop\/tarots-en\/universal-tarot-original-lo-scarabeo-edicion-profesional-gran-formato\/","og_locale":"en_US","og_type":"article","og_title":"UNIVERSAL TAROT, original LO SCARABEO, Edici\u00f3n Profesional Gran Formato, arte de ROBERTO DE ANGELIS - Zona Carpe Diem","og_description":"Comprar TAROT BEATRIX RAYO AZUL, original fabricado en Francia por Frances Cartes, arte de SYBILLE BREYSSE.","og_url":"https:\/\/www.zonacarpediem.com\/en\/shop\/tarots-en\/universal-tarot-original-lo-scarabeo-edicion-profesional-gran-formato\/","og_site_name":"Zona Carpe Diem","article_publisher":"https:\/\/www.facebook.com\/ZonaCarpeDiem","article_modified_time":"2022-03-10T16:29:38+00:00","og_image":[{"width":1529,"height":2560,"url":"https:\/\/www.zonacarpediem.com\/wp-content\/uploads\/2022\/03\/Universal-Tarot-1-scaled.jpeg","type":"image\/jpeg"}],"twitter_misc":{"Est. reading time":"2 minutes"},"schema":{"@context":"https:\/\/schema.org","@graph":[{"@type":"WebPage","@id":"https:\/\/www.zonacarpediem.com\/en\/shop\/tarots-en\/universal-tarot-original-lo-scarabeo-edicion-profesional-gran-formato\/","url":"https:\/\/www.zonacarpediem.com\/en\/shop\/tarots-en\/universal-tarot-original-lo-scarabeo-edicion-profesional-gran-formato\/","name":"UNIVERSAL TAROT, original LO SCARABEO, Edici\u00f3n Profesional Gran Formato, arte de ROBERTO DE ANGELIS - Zona Carpe Diem","isPartOf":{"@id":"https:\/\/www.zonacarpediem.com\/en\/#website"},"primaryImageOfPage":{"@id":"https:\/\/www.zonacarpediem.com\/en\/shop\/tarots-en\/universal-tarot-original-lo-scarabeo-edicion-profesional-gran-formato\/#primaryimage"},"image":{"@id":"https:\/\/www.zonacarpediem.com\/en\/shop\/tarots-en\/universal-tarot-original-lo-scarabeo-edicion-profesional-gran-formato\/#primaryimage"},"thumbnailUrl":"https:\/\/www.zonacarpediem.com\/wp-content\/uploads\/2022\/03\/Universal-Tarot-1-scaled.jpeg","datePublished":"2022-03-10T16:01:06+00:00","dateModified":"2022-03-10T16:29:38+00:00","description":"Comprar TAROT BEATRIX RAYO AZUL, original fabricado en Francia por Frances Cartes, arte de SYBILLE BREYSSE.","breadcrumb":{"@id":"https:\/\/www.zonacarpediem.com\/en\/shop\/tarots-en\/universal-tarot-original-lo-scarabeo-edicion-profesional-gran-formato\/#breadcrumb"},"inLanguage":"en-US","potentialAction":[{"@type":"ReadAction","target":["https:\/\/www.zonacarpediem.com\/en\/shop\/tarots-en\/universal-tarot-original-lo-scarabeo-edicion-profesional-gran-formato\/"]}]},{"@type":"ImageObject","inLanguage":"en-US","@id":"https:\/\/www.zonacarpediem.com\/en\/shop\/tarots-en\/universal-tarot-original-lo-scarabeo-edicion-profesional-gran-formato\/#primaryimage","url":"https:\/\/www.zonacarpediem.com\/wp-content\/uploads\/2022\/03\/Universal-Tarot-1-scaled.jpeg","contentUrl":"https:\/\/www.zonacarpediem.com\/wp-content\/uploads\/2022\/03\/Universal-Tarot-1-scaled.jpeg","width":1529,"height":2560,"caption":"Universal Tarot - Professional Edition"},{"@type":"BreadcrumbList","@id":"https:\/\/www.zonacarpediem.com\/en\/shop\/tarots-en\/universal-tarot-original-lo-scarabeo-edicion-profesional-gran-formato\/#breadcrumb","itemListElement":[{"@type":"ListItem","position":1,"name":"Home","item":"https:\/\/www.zonacarpediem.com\/en\/home-us\/"},{"@type":"ListItem","position":2,"name":"Products","item":"https:\/\/www.zonacarpediem.com\/en\/products\/"},{"@type":"ListItem","position":3,"name":"UNIVERSAL TAROT, original LO SCARABEO, Edici\u00f3n Profesional Gran Formato, arte de ROBERTO DE ANGELIS"}]},{"@type":"WebSite","@id":"https:\/\/www.zonacarpediem.com\/en\/#website","url":"https:\/\/www.zonacarpediem.com\/en\/","name":"Zona Carpe Diem","description":"Buy with Confidence and Flirt with Brilliance, Passion Lives Here!","publisher":{"@id":"https:\/\/www.zonacarpediem.com\/en\/#organization"},"potentialAction":[{"@type":"SearchAction","target":{"@type":"EntryPoint","urlTemplate":"https:\/\/www.zonacarpediem.com\/en\/?s={search_term_string}"},"query-input":{"@type":"PropertyValueSpecification","valueRequired":true,"valueName":"search_term_string"}}],"inLanguage":"en-US"},{"@type":"Organization","@id":"https:\/\/www.zonacarpediem.com\/en\/#organization","name":"Zona Carpe Diem","url":"https:\/\/www.zonacarpediem.com\/en\/","logo":{"@type":"ImageObject","inLanguage":"en-US","@id":"https:\/\/www.zonacarpediem.com\/en\/#\/schema\/logo\/image\/","url":"https:\/\/www.zonacarpediem.com\/wp-content\/uploads\/2016\/12\/ZCD-Logo-for-eBay-dec-2016-200x150px.png","contentUrl":"https:\/\/www.zonacarpediem.com\/wp-content\/uploads\/2016\/12\/ZCD-Logo-for-eBay-dec-2016-200x150px.png","width":200,"height":150,"caption":"Zona Carpe Diem"},"image":{"@id":"https:\/\/www.zonacarpediem.com\/en\/#\/schema\/logo\/image\/"},"sameAs":["https:\/\/www.facebook.com\/ZonaCarpeDiem"]}]}},"_links":{"self":[{"href":"https:\/\/www.zonacarpediem.com\/en\/wp-json\/wp\/v2\/product\/6060","targetHints":{"allow":["GET"]}}],"collection":[{"href":"https:\/\/www.zonacarpediem.com\/en\/wp-json\/wp\/v2\/product"}],"about":[{"href":"https:\/\/www.zonacarpediem.com\/en\/wp-json\/wp\/v2\/types\/product"}],"wp:featuredmedia":[{"embeddable":true,"href":"https:\/\/www.zonacarpediem.com\/en\/wp-json\/wp\/v2\/media\/6062"}],"wp:attachment":[{"href":"https:\/\/www.zonacarpediem.com\/en\/wp-json\/wp\/v2\/media?parent=6060"}],"wp:term":[{"taxonomy":"product_brand","embeddable":true,"href":"https:\/\/www.zonacarpediem.com\/en\/wp-json\/wp\/v2\/product_brand?post=6060"},{"taxonomy":"product_cat","embeddable":true,"href":"https:\/\/www.zonacarpediem.com\/en\/wp-json\/wp\/v2\/product_cat?post=6060"},{"taxonomy":"product_tag","embeddable":true,"href":"https:\/\/www.zonacarpediem.com\/en\/wp-json\/wp\/v2\/product_tag?post=6060"}],"curies":[{"name":"wp","href":"https:\/\/api.w.org\/{rel}","templated":true}]}}