{"id":6074,"date":"2022-03-11T16:22:08","date_gmt":"2022-03-11T15:22:08","guid":{"rendered":"https:\/\/www.zonacarpediem.com\/?post_type=product&#038;p=6074"},"modified":"2022-03-31T12:04:22","modified_gmt":"2022-03-31T10:04:22","slug":"tarot-meta-barons-original-lo-scarabeo-arte-de-marco-alejandro-jodorowsky-juan-gimenez","status":"publish","type":"product","link":"https:\/\/www.zonacarpediem.com\/en\/shop\/tarots-en\/tarot-meta-barons-original-lo-scarabeo-arte-de-marco-alejandro-jodorowsky-juan-gimenez\/","title":{"rendered":"TAROT META BARONS, original LO SCARABEO de JODOROWSKY &#038; GIMENEZ"},"content":{"rendered":"<p><strong>TAROT META BARONS, original LO SCARABEO, fabricado en Italia, arte de ALEJANDRO JODOROWSKY &amp; JUAN GIMENEZ<br \/>\n<\/strong><\/p>\n<p>&nbsp;<\/p>\n<p><strong>FABRICADO EN ITALIA POR LO SCARABEO, TORINO<\/strong><br \/>\nHist\u00f3rico fabricante de naipes italiano conocido en todo el mundo por la calidad de sus productos.<\/p>\n<p><strong>RARO Y DESCATALOGADO &#8211; Lo Scarabeo, a\u00f1o 2015<\/strong><\/p>\n<p>Consta de 78 cartas m\u00e1gicas a todo color y manual con instrucciones adivinatorias multiling\u00fce divididas en<\/p>\n<p>22 arcanos mayores y<br \/>\n56 arcanos menores.<\/p>\n<p>En precioso estuche protector de tapa blanda.<\/p>\n<p>Por <strong>Alejandro Jodorowsky<\/strong> e Ilustrado por <strong>Juan Gim\u00e9nez<br \/>\n<\/strong><br \/>\nLa saga de ciencia ficci\u00f3n metaf\u00edsica creada por Alejandro Jodorowsky e ilustrada por Juan Gim\u00e9nez encuentra su lugar natural entre los Arcanos del Tarot.<br \/>\nEl Tarot Meta Barons se basa en los personajes guerreros y su narrativa, una serie de novelas gr\u00e1ficas de Jodorowsky y Gim\u00e9nez.<br \/>\nLas 78 cartas est\u00e1n ilustradas con im\u00e1genes originales de los libros.<\/p>\n<p><strong>ALEJANDRO JODOROWSKY<\/strong> es conocido por todos los lectores de c\u00f3mics gracias a las Aventuras de Juan Difool, creadas con el dibujante Moebius, publicadas por episodios entre 1981 y 1988 y traducidas a la mayor\u00eda de los idiomas del mundo: una serie de seis vol\u00famenes m\u00e1s conocida como el ciclo del Incal.<br \/>\nA trav\u00e9s de esta saga, en la que el Tarot se utiliza como filtro narrativo fundamental, Jodorowsky y Moebius dan vida a un personaje \u00fanico: el Metabar\u00f3n (Mata Baron) el guerrero supremo. Un personaje dotado de fuerza, poder y encanto. Jodorowsky es uno de los mayores expertos del mundo en el Tarot, y su obra sintetiza una imaginaci\u00f3n esot\u00e9rica que toca lo m\u00e1s profundo del alma humana.<\/p>\n<p>Este Tarot ofrece una verdadera experiencia narrativa que recorre toda la historia del linaje de los Metabarones (Meta Barons), sus haza\u00f1as, sus amores,<br \/>\nsus penas y sus triunfos, pero tambi\u00e9n una experiencia m\u00edstica, m\u00e1gica y adivinatoria propia de una baraja de Tarot.<\/p>\n<p><em>copyright 2015 Humanoids, Inc. Los Angeles<\/em><br \/>\n<em>Original Metabaron character<\/em><br \/>\n<em>created by Moebius and Jodorowsky<\/em><\/p>\n<p>&nbsp;<\/p>\n<p>Cartas que tienen como objetivo despertar la mente del hombre a otros niveles, a trav\u00e9s de los cuales pueda acceder a otra sabidur\u00eda, a otros conocimientos que permitan saber y anticipar, as\u00ed como tambi\u00e9n encontrar el bienestar interior.<\/p>\n<p>El tarot es una baraja de naipes que, adem\u00e1s de servir para jugar, se usa a menudo como medio de \u201cadivinaci\u00f3n\u201d del pasado, de la situaci\u00f3n presente del consultante y algunas veces del futuro, por lo que constituir\u00eda un tipo de cartomancia.<br \/>\nSus or\u00edgenes datan al menos del siglo XIV, no teniendo fundamento llevar sus ra\u00edces m\u00e1s atr\u00e1s en la historia.<\/p>\n<p>&nbsp;<\/p>\n<p><em>Este es un producto original de calidad, fabricado en Italia. Esta no es una copia no autorizada.<br \/>\nEnviamos el art\u00edculo desde Espa\u00f1a a todo el mundo, certificado, con n\u00famero de seguimiento.<\/em><\/p>\n<p>&nbsp;<\/p>\n","protected":false},"excerpt":{"rendered":"<p>TAROT META BARONS, original LO SCARABEO, fabricado en Italia, arte de ALEJANDRO JODOROWSKY &amp; JUAN GIMENEZ<\/p>\n","protected":false},"featured_media":6088,"template":"","meta":[],"product_brand":[],"product_cat":[163],"product_tag":[],"class_list":{"0":"post-6074","1":"product","2":"type-product","3":"status-publish","4":"has-post-thumbnail","6":"product_cat-tarots-en","8":"first","9":"instock","10":"shipping-taxable","11":"purchasable","12":"product-type-simple"},"yoast_head":"<!-- This site is optimized with the Yoast SEO plugin v26.7 - https:\/\/yoast.com\/wordpress\/plugins\/seo\/ -->\n<title>TAROT META BARONS, original LO SCARABEO de JODOROWSKY &amp; GIMENEZ - Zona Carpe Diem<\/title>\n<meta name=\"description\" content=\"Comprar TAROT META BARONS, original fabricado en Italia por Lo Scarabeo, arte de ALEJANDRO JODOROWSKY &amp; JUAN GIMENEZ, METABARONS.\" \/>\n<meta name=\"robots\" content=\"index, follow, max-snippet:-1, max-image-preview:large, max-video-preview:-1\" \/>\n<link rel=\"canonical\" href=\"https:\/\/www.zonacarpediem.com\/en\/shop\/tarots-en\/tarot-meta-barons-original-lo-scarabeo-arte-de-marco-alejandro-jodorowsky-juan-gimenez\/\" \/>\n<meta property=\"og:locale\" content=\"en_US\" \/>\n<meta property=\"og:type\" content=\"article\" \/>\n<meta property=\"og:title\" content=\"TAROT META BARONS, original LO SCARABEO de JODOROWSKY &amp; GIMENEZ - Zona Carpe Diem\" \/>\n<meta property=\"og:description\" content=\"Comprar TAROT META BARONS, original fabricado en Italia por Lo Scarabeo, arte de ALEJANDRO JODOROWSKY &amp; JUAN GIMENEZ, METABARONS.\" \/>\n<meta property=\"og:url\" content=\"https:\/\/www.zonacarpediem.com\/en\/shop\/tarots-en\/tarot-meta-barons-original-lo-scarabeo-arte-de-marco-alejandro-jodorowsky-juan-gimenez\/\" \/>\n<meta property=\"og:site_name\" content=\"Zona Carpe Diem\" \/>\n<meta property=\"article:publisher\" content=\"https:\/\/www.facebook.com\/ZonaCarpeDiem\" \/>\n<meta property=\"article:modified_time\" content=\"2022-03-31T10:04:22+00:00\" \/>\n<meta property=\"og:image\" content=\"https:\/\/www.zonacarpediem.com\/wp-content\/uploads\/2022\/03\/Tarot-Meta-Barons-Jodorowsky-Gimenez-8.jpg\" \/>\n\t<meta property=\"og:image:width\" content=\"1229\" \/>\n\t<meta property=\"og:image:height\" content=\"1783\" \/>\n\t<meta property=\"og:image:type\" content=\"image\/jpeg\" \/>\n<meta name=\"twitter:label1\" content=\"Est. reading time\" \/>\n\t<meta name=\"twitter:data1\" content=\"2 minutes\" \/>\n<script type=\"application\/ld+json\" class=\"yoast-schema-graph\">{\"@context\":\"https:\/\/schema.org\",\"@graph\":[{\"@type\":\"WebPage\",\"@id\":\"https:\/\/www.zonacarpediem.com\/en\/shop\/tarots-en\/tarot-meta-barons-original-lo-scarabeo-arte-de-marco-alejandro-jodorowsky-juan-gimenez\/\",\"url\":\"https:\/\/www.zonacarpediem.com\/en\/shop\/tarots-en\/tarot-meta-barons-original-lo-scarabeo-arte-de-marco-alejandro-jodorowsky-juan-gimenez\/\",\"name\":\"TAROT META BARONS, original LO SCARABEO de JODOROWSKY & GIMENEZ - Zona Carpe Diem\",\"isPartOf\":{\"@id\":\"https:\/\/www.zonacarpediem.com\/en\/#website\"},\"primaryImageOfPage\":{\"@id\":\"https:\/\/www.zonacarpediem.com\/en\/shop\/tarots-en\/tarot-meta-barons-original-lo-scarabeo-arte-de-marco-alejandro-jodorowsky-juan-gimenez\/#primaryimage\"},\"image\":{\"@id\":\"https:\/\/www.zonacarpediem.com\/en\/shop\/tarots-en\/tarot-meta-barons-original-lo-scarabeo-arte-de-marco-alejandro-jodorowsky-juan-gimenez\/#primaryimage\"},\"thumbnailUrl\":\"https:\/\/www.zonacarpediem.com\/wp-content\/uploads\/2022\/03\/Tarot-Meta-Barons-Jodorowsky-Gimenez-8.jpg\",\"datePublished\":\"2022-03-11T15:22:08+00:00\",\"dateModified\":\"2022-03-31T10:04:22+00:00\",\"description\":\"Comprar TAROT META BARONS, original fabricado en Italia por Lo Scarabeo, arte de ALEJANDRO JODOROWSKY & JUAN GIMENEZ, METABARONS.\",\"breadcrumb\":{\"@id\":\"https:\/\/www.zonacarpediem.com\/en\/shop\/tarots-en\/tarot-meta-barons-original-lo-scarabeo-arte-de-marco-alejandro-jodorowsky-juan-gimenez\/#breadcrumb\"},\"inLanguage\":\"en-US\",\"potentialAction\":[{\"@type\":\"ReadAction\",\"target\":[\"https:\/\/www.zonacarpediem.com\/en\/shop\/tarots-en\/tarot-meta-barons-original-lo-scarabeo-arte-de-marco-alejandro-jodorowsky-juan-gimenez\/\"]}]},{\"@type\":\"ImageObject\",\"inLanguage\":\"en-US\",\"@id\":\"https:\/\/www.zonacarpediem.com\/en\/shop\/tarots-en\/tarot-meta-barons-original-lo-scarabeo-arte-de-marco-alejandro-jodorowsky-juan-gimenez\/#primaryimage\",\"url\":\"https:\/\/www.zonacarpediem.com\/wp-content\/uploads\/2022\/03\/Tarot-Meta-Barons-Jodorowsky-Gimenez-8.jpg\",\"contentUrl\":\"https:\/\/www.zonacarpediem.com\/wp-content\/uploads\/2022\/03\/Tarot-Meta-Barons-Jodorowsky-Gimenez-8.jpg\",\"width\":1229,\"height\":1783,\"caption\":\"Tarot Meta Barons - Jodorowsky & Gimenez\"},{\"@type\":\"BreadcrumbList\",\"@id\":\"https:\/\/www.zonacarpediem.com\/en\/shop\/tarots-en\/tarot-meta-barons-original-lo-scarabeo-arte-de-marco-alejandro-jodorowsky-juan-gimenez\/#breadcrumb\",\"itemListElement\":[{\"@type\":\"ListItem\",\"position\":1,\"name\":\"Home\",\"item\":\"https:\/\/www.zonacarpediem.com\/en\/home-us\/\"},{\"@type\":\"ListItem\",\"position\":2,\"name\":\"Products\",\"item\":\"https:\/\/www.zonacarpediem.com\/en\/products\/\"},{\"@type\":\"ListItem\",\"position\":3,\"name\":\"TAROT META BARONS, original LO SCARABEO de JODOROWSKY &#038; GIMENEZ\"}]},{\"@type\":\"WebSite\",\"@id\":\"https:\/\/www.zonacarpediem.com\/en\/#website\",\"url\":\"https:\/\/www.zonacarpediem.com\/en\/\",\"name\":\"Zona Carpe Diem\",\"description\":\"Buy with Confidence and Flirt with Brilliance, Passion Lives Here!\",\"publisher\":{\"@id\":\"https:\/\/www.zonacarpediem.com\/en\/#organization\"},\"potentialAction\":[{\"@type\":\"SearchAction\",\"target\":{\"@type\":\"EntryPoint\",\"urlTemplate\":\"https:\/\/www.zonacarpediem.com\/en\/?s={search_term_string}\"},\"query-input\":{\"@type\":\"PropertyValueSpecification\",\"valueRequired\":true,\"valueName\":\"search_term_string\"}}],\"inLanguage\":\"en-US\"},{\"@type\":\"Organization\",\"@id\":\"https:\/\/www.zonacarpediem.com\/en\/#organization\",\"name\":\"Zona Carpe Diem\",\"url\":\"https:\/\/www.zonacarpediem.com\/en\/\",\"logo\":{\"@type\":\"ImageObject\",\"inLanguage\":\"en-US\",\"@id\":\"https:\/\/www.zonacarpediem.com\/en\/#\/schema\/logo\/image\/\",\"url\":\"https:\/\/www.zonacarpediem.com\/wp-content\/uploads\/2016\/12\/ZCD-Logo-for-eBay-dec-2016-200x150px.png\",\"contentUrl\":\"https:\/\/www.zonacarpediem.com\/wp-content\/uploads\/2016\/12\/ZCD-Logo-for-eBay-dec-2016-200x150px.png\",\"width\":200,\"height\":150,\"caption\":\"Zona Carpe Diem\"},\"image\":{\"@id\":\"https:\/\/www.zonacarpediem.com\/en\/#\/schema\/logo\/image\/\"},\"sameAs\":[\"https:\/\/www.facebook.com\/ZonaCarpeDiem\"]}]}<\/script>\n<!-- \/ Yoast SEO plugin. -->","yoast_head_json":{"title":"TAROT META BARONS, original LO SCARABEO de JODOROWSKY & GIMENEZ - Zona Carpe Diem","description":"Comprar TAROT META BARONS, original fabricado en Italia por Lo Scarabeo, arte de ALEJANDRO JODOROWSKY & JUAN GIMENEZ, METABARONS.","robots":{"index":"index","follow":"follow","max-snippet":"max-snippet:-1","max-image-preview":"max-image-preview:large","max-video-preview":"max-video-preview:-1"},"canonical":"https:\/\/www.zonacarpediem.com\/en\/shop\/tarots-en\/tarot-meta-barons-original-lo-scarabeo-arte-de-marco-alejandro-jodorowsky-juan-gimenez\/","og_locale":"en_US","og_type":"article","og_title":"TAROT META BARONS, original LO SCARABEO de JODOROWSKY & GIMENEZ - Zona Carpe Diem","og_description":"Comprar TAROT META BARONS, original fabricado en Italia por Lo Scarabeo, arte de ALEJANDRO JODOROWSKY & JUAN GIMENEZ, METABARONS.","og_url":"https:\/\/www.zonacarpediem.com\/en\/shop\/tarots-en\/tarot-meta-barons-original-lo-scarabeo-arte-de-marco-alejandro-jodorowsky-juan-gimenez\/","og_site_name":"Zona Carpe Diem","article_publisher":"https:\/\/www.facebook.com\/ZonaCarpeDiem","article_modified_time":"2022-03-31T10:04:22+00:00","og_image":[{"width":1229,"height":1783,"url":"https:\/\/www.zonacarpediem.com\/wp-content\/uploads\/2022\/03\/Tarot-Meta-Barons-Jodorowsky-Gimenez-8.jpg","type":"image\/jpeg"}],"twitter_misc":{"Est. reading time":"2 minutes"},"schema":{"@context":"https:\/\/schema.org","@graph":[{"@type":"WebPage","@id":"https:\/\/www.zonacarpediem.com\/en\/shop\/tarots-en\/tarot-meta-barons-original-lo-scarabeo-arte-de-marco-alejandro-jodorowsky-juan-gimenez\/","url":"https:\/\/www.zonacarpediem.com\/en\/shop\/tarots-en\/tarot-meta-barons-original-lo-scarabeo-arte-de-marco-alejandro-jodorowsky-juan-gimenez\/","name":"TAROT META BARONS, original LO SCARABEO de JODOROWSKY & GIMENEZ - Zona Carpe Diem","isPartOf":{"@id":"https:\/\/www.zonacarpediem.com\/en\/#website"},"primaryImageOfPage":{"@id":"https:\/\/www.zonacarpediem.com\/en\/shop\/tarots-en\/tarot-meta-barons-original-lo-scarabeo-arte-de-marco-alejandro-jodorowsky-juan-gimenez\/#primaryimage"},"image":{"@id":"https:\/\/www.zonacarpediem.com\/en\/shop\/tarots-en\/tarot-meta-barons-original-lo-scarabeo-arte-de-marco-alejandro-jodorowsky-juan-gimenez\/#primaryimage"},"thumbnailUrl":"https:\/\/www.zonacarpediem.com\/wp-content\/uploads\/2022\/03\/Tarot-Meta-Barons-Jodorowsky-Gimenez-8.jpg","datePublished":"2022-03-11T15:22:08+00:00","dateModified":"2022-03-31T10:04:22+00:00","description":"Comprar TAROT META BARONS, original fabricado en Italia por Lo Scarabeo, arte de ALEJANDRO JODOROWSKY & JUAN GIMENEZ, METABARONS.","breadcrumb":{"@id":"https:\/\/www.zonacarpediem.com\/en\/shop\/tarots-en\/tarot-meta-barons-original-lo-scarabeo-arte-de-marco-alejandro-jodorowsky-juan-gimenez\/#breadcrumb"},"inLanguage":"en-US","potentialAction":[{"@type":"ReadAction","target":["https:\/\/www.zonacarpediem.com\/en\/shop\/tarots-en\/tarot-meta-barons-original-lo-scarabeo-arte-de-marco-alejandro-jodorowsky-juan-gimenez\/"]}]},{"@type":"ImageObject","inLanguage":"en-US","@id":"https:\/\/www.zonacarpediem.com\/en\/shop\/tarots-en\/tarot-meta-barons-original-lo-scarabeo-arte-de-marco-alejandro-jodorowsky-juan-gimenez\/#primaryimage","url":"https:\/\/www.zonacarpediem.com\/wp-content\/uploads\/2022\/03\/Tarot-Meta-Barons-Jodorowsky-Gimenez-8.jpg","contentUrl":"https:\/\/www.zonacarpediem.com\/wp-content\/uploads\/2022\/03\/Tarot-Meta-Barons-Jodorowsky-Gimenez-8.jpg","width":1229,"height":1783,"caption":"Tarot Meta Barons - Jodorowsky & Gimenez"},{"@type":"BreadcrumbList","@id":"https:\/\/www.zonacarpediem.com\/en\/shop\/tarots-en\/tarot-meta-barons-original-lo-scarabeo-arte-de-marco-alejandro-jodorowsky-juan-gimenez\/#breadcrumb","itemListElement":[{"@type":"ListItem","position":1,"name":"Home","item":"https:\/\/www.zonacarpediem.com\/en\/home-us\/"},{"@type":"ListItem","position":2,"name":"Products","item":"https:\/\/www.zonacarpediem.com\/en\/products\/"},{"@type":"ListItem","position":3,"name":"TAROT META BARONS, original LO SCARABEO de JODOROWSKY &#038; GIMENEZ"}]},{"@type":"WebSite","@id":"https:\/\/www.zonacarpediem.com\/en\/#website","url":"https:\/\/www.zonacarpediem.com\/en\/","name":"Zona Carpe Diem","description":"Buy with Confidence and Flirt with Brilliance, Passion Lives Here!","publisher":{"@id":"https:\/\/www.zonacarpediem.com\/en\/#organization"},"potentialAction":[{"@type":"SearchAction","target":{"@type":"EntryPoint","urlTemplate":"https:\/\/www.zonacarpediem.com\/en\/?s={search_term_string}"},"query-input":{"@type":"PropertyValueSpecification","valueRequired":true,"valueName":"search_term_string"}}],"inLanguage":"en-US"},{"@type":"Organization","@id":"https:\/\/www.zonacarpediem.com\/en\/#organization","name":"Zona Carpe Diem","url":"https:\/\/www.zonacarpediem.com\/en\/","logo":{"@type":"ImageObject","inLanguage":"en-US","@id":"https:\/\/www.zonacarpediem.com\/en\/#\/schema\/logo\/image\/","url":"https:\/\/www.zonacarpediem.com\/wp-content\/uploads\/2016\/12\/ZCD-Logo-for-eBay-dec-2016-200x150px.png","contentUrl":"https:\/\/www.zonacarpediem.com\/wp-content\/uploads\/2016\/12\/ZCD-Logo-for-eBay-dec-2016-200x150px.png","width":200,"height":150,"caption":"Zona Carpe Diem"},"image":{"@id":"https:\/\/www.zonacarpediem.com\/en\/#\/schema\/logo\/image\/"},"sameAs":["https:\/\/www.facebook.com\/ZonaCarpeDiem"]}]}},"_links":{"self":[{"href":"https:\/\/www.zonacarpediem.com\/en\/wp-json\/wp\/v2\/product\/6074","targetHints":{"allow":["GET"]}}],"collection":[{"href":"https:\/\/www.zonacarpediem.com\/en\/wp-json\/wp\/v2\/product"}],"about":[{"href":"https:\/\/www.zonacarpediem.com\/en\/wp-json\/wp\/v2\/types\/product"}],"wp:featuredmedia":[{"embeddable":true,"href":"https:\/\/www.zonacarpediem.com\/en\/wp-json\/wp\/v2\/media\/6088"}],"wp:attachment":[{"href":"https:\/\/www.zonacarpediem.com\/en\/wp-json\/wp\/v2\/media?parent=6074"}],"wp:term":[{"taxonomy":"product_brand","embeddable":true,"href":"https:\/\/www.zonacarpediem.com\/en\/wp-json\/wp\/v2\/product_brand?post=6074"},{"taxonomy":"product_cat","embeddable":true,"href":"https:\/\/www.zonacarpediem.com\/en\/wp-json\/wp\/v2\/product_cat?post=6074"},{"taxonomy":"product_tag","embeddable":true,"href":"https:\/\/www.zonacarpediem.com\/en\/wp-json\/wp\/v2\/product_tag?post=6074"}],"curies":[{"name":"wp","href":"https:\/\/api.w.org\/{rel}","templated":true}]}}