{"id":6131,"date":"2022-03-14T15:50:39","date_gmt":"2022-03-14T14:50:39","guid":{"rendered":"https:\/\/www.zonacarpediem.com\/?post_type=product&#038;p=6131"},"modified":"2022-03-14T16:09:12","modified_gmt":"2022-03-14T15:09:12","slug":"tarot-de-los-angeles-oscuros-original-lo-scarabeo-arte-de-luca-russo","status":"publish","type":"product","link":"https:\/\/www.zonacarpediem.com\/en\/shop\/tarots-en\/tarot-de-los-angeles-oscuros-original-lo-scarabeo-arte-de-luca-russo\/","title":{"rendered":"TAROT DE LOS ANGELES OSCUROS, original LO SCARABEO, arte de LUCA RUSSO"},"content":{"rendered":"<p><strong>TAROT DE LOS ANGELES OSCUROS, original LO SCARABEO, fabricado en Italia, arte de LUCA RUSSO (versi\u00f3n espa\u00f1ola).<br \/>\n<\/strong><\/p>\n<p>&nbsp;<\/p>\n<p><strong>FABRICADO EN ITALIA POR LO SCARABEO, TORINO<\/strong><br \/>\nHist\u00f3rico fabricante de naipes italiano conocido en todo el mundo por la calidad de sus productos.<\/p>\n<p>&nbsp;<\/p>\n<p>Consta de 78 cartas m\u00e1gicas a todo color y manual con instrucciones adivinatorias en espa\u00f1ol (versi\u00f3n espa\u00f1ola), divididas en<\/p>\n<p>22 arcanos mayores y<br \/>\n56 arcanos menores.<\/p>\n<p>78 arcanos creados con esperanzas rotas y la cortes\u00eda de la oscuridad<br \/>\nEn precioso estuche protector de tapa blanda.<\/p>\n<p>Mientras el mundo da vueltas inseguro alrededor de un sol moribundo, los \u00e1ngeles oscuros vuelven a caminar por la tierra. Recibiendo en su interior las pasiones y deseos de la humanidad, son testigos de la \u00faltima y extra\u00f1a estaci\u00f3n del hombre, mientras el mismo tiempo cae en el olvido.<\/p>\n<p>Este tarot de estilo g\u00f3tico y lleno de un misterioso especial nos revela la esencia de cada uno de los \u00e1ngeles oscuros con una gran belleza en sus ilustraciones.<br \/>\nEstas criaturas sobrenaturales tienen mucho que ense\u00f1arnos a nosotros mismos sobre nuestras propias sombras.<\/p>\n<p>&nbsp;<\/p>\n<p>&nbsp;<\/p>\n<p>&nbsp;<\/p>\n<p>Cartas que tienen como objetivo despertar la mente del hombre a otros niveles, a trav\u00e9s de los cuales pueda acceder a otra sabidur\u00eda, a otros conocimientos que permitan saber y anticipar, as\u00ed como tambi\u00e9n encontrar el bienestar interior.<\/p>\n<p>El tarot es una baraja de naipes que, adem\u00e1s de servir para jugar, se usa a menudo como medio de \u201cadivinaci\u00f3n\u201d del pasado, de la situaci\u00f3n presente del consultante y algunas veces del futuro, por lo que constituir\u00eda un tipo de cartomancia.<br \/>\nSus or\u00edgenes datan al menos del siglo XIV, no teniendo fundamento llevar sus ra\u00edces m\u00e1s atr\u00e1s en la historia.<\/p>\n<p>&nbsp;<\/p>\n<p><em>Este es un producto original de calidad, fabricado en Italia. Esta no es una copia no autorizada.<br \/>\nEnviamos el art\u00edculo desde Espa\u00f1a a todo el mundo, certificado, con n\u00famero de seguimiento.<\/em><\/p>\n<p>&nbsp;<\/p>\n","protected":false},"excerpt":{"rendered":"<p>TAROT DE LOS ANGELES OSCUROS, original LO SCARABEO, fabricado en Italia, arte de LUCA RUSSO<\/p>\n","protected":false},"featured_media":6133,"template":"","meta":[],"product_brand":[],"product_cat":[163],"product_tag":[],"class_list":{"0":"post-6131","1":"product","2":"type-product","3":"status-publish","4":"has-post-thumbnail","6":"product_cat-tarots-en","8":"first","9":"instock","10":"shipping-taxable","11":"purchasable","12":"product-type-simple"},"yoast_head":"<!-- This site is optimized with the Yoast SEO plugin v26.7 - https:\/\/yoast.com\/wordpress\/plugins\/seo\/ -->\n<title>TAROT DE LOS ANGELES OSCUROS, original LO SCARABEO, arte de LUCA RUSSO - Zona Carpe Diem<\/title>\n<meta name=\"description\" content=\"Comprar SECRET TAROT, original fabricado en Italia por Lo Scarabeo, arte de MARCO NIZZOLI, EL TAROT DE LOS SECRETOS.\" \/>\n<meta name=\"robots\" content=\"index, follow, max-snippet:-1, max-image-preview:large, max-video-preview:-1\" \/>\n<link rel=\"canonical\" href=\"https:\/\/www.zonacarpediem.com\/en\/shop\/tarots-en\/tarot-de-los-angeles-oscuros-original-lo-scarabeo-arte-de-luca-russo\/\" \/>\n<meta property=\"og:locale\" content=\"en_US\" \/>\n<meta property=\"og:type\" content=\"article\" \/>\n<meta property=\"og:title\" content=\"TAROT DE LOS ANGELES OSCUROS, original LO SCARABEO, arte de LUCA RUSSO - Zona Carpe Diem\" \/>\n<meta property=\"og:description\" content=\"Comprar SECRET TAROT, original fabricado en Italia por Lo Scarabeo, arte de MARCO NIZZOLI, EL TAROT DE LOS SECRETOS.\" \/>\n<meta property=\"og:url\" content=\"https:\/\/www.zonacarpediem.com\/en\/shop\/tarots-en\/tarot-de-los-angeles-oscuros-original-lo-scarabeo-arte-de-luca-russo\/\" \/>\n<meta property=\"og:site_name\" content=\"Zona Carpe Diem\" \/>\n<meta property=\"article:publisher\" content=\"https:\/\/www.facebook.com\/ZonaCarpeDiem\" \/>\n<meta property=\"article:modified_time\" content=\"2022-03-14T15:09:12+00:00\" \/>\n<meta property=\"og:image\" content=\"https:\/\/www.zonacarpediem.com\/wp-content\/uploads\/2022\/03\/Tarot-de-los-Angeles-Oscuros-2.jpeg\" \/>\n\t<meta property=\"og:image:width\" content=\"1477\" \/>\n\t<meta property=\"og:image:height\" content=\"2551\" \/>\n\t<meta property=\"og:image:type\" content=\"image\/jpeg\" \/>\n<meta name=\"twitter:label1\" content=\"Est. reading time\" \/>\n\t<meta name=\"twitter:data1\" content=\"2 minutes\" \/>\n<script type=\"application\/ld+json\" class=\"yoast-schema-graph\">{\"@context\":\"https:\/\/schema.org\",\"@graph\":[{\"@type\":\"WebPage\",\"@id\":\"https:\/\/www.zonacarpediem.com\/en\/shop\/tarots-en\/tarot-de-los-angeles-oscuros-original-lo-scarabeo-arte-de-luca-russo\/\",\"url\":\"https:\/\/www.zonacarpediem.com\/en\/shop\/tarots-en\/tarot-de-los-angeles-oscuros-original-lo-scarabeo-arte-de-luca-russo\/\",\"name\":\"TAROT DE LOS ANGELES OSCUROS, original LO SCARABEO, arte de LUCA RUSSO - Zona Carpe Diem\",\"isPartOf\":{\"@id\":\"https:\/\/www.zonacarpediem.com\/en\/#website\"},\"primaryImageOfPage\":{\"@id\":\"https:\/\/www.zonacarpediem.com\/en\/shop\/tarots-en\/tarot-de-los-angeles-oscuros-original-lo-scarabeo-arte-de-luca-russo\/#primaryimage\"},\"image\":{\"@id\":\"https:\/\/www.zonacarpediem.com\/en\/shop\/tarots-en\/tarot-de-los-angeles-oscuros-original-lo-scarabeo-arte-de-luca-russo\/#primaryimage\"},\"thumbnailUrl\":\"https:\/\/www.zonacarpediem.com\/wp-content\/uploads\/2022\/03\/Tarot-de-los-Angeles-Oscuros-2.jpeg\",\"datePublished\":\"2022-03-14T14:50:39+00:00\",\"dateModified\":\"2022-03-14T15:09:12+00:00\",\"description\":\"Comprar SECRET TAROT, original fabricado en Italia por Lo Scarabeo, arte de MARCO NIZZOLI, EL TAROT DE LOS SECRETOS.\",\"breadcrumb\":{\"@id\":\"https:\/\/www.zonacarpediem.com\/en\/shop\/tarots-en\/tarot-de-los-angeles-oscuros-original-lo-scarabeo-arte-de-luca-russo\/#breadcrumb\"},\"inLanguage\":\"en-US\",\"potentialAction\":[{\"@type\":\"ReadAction\",\"target\":[\"https:\/\/www.zonacarpediem.com\/en\/shop\/tarots-en\/tarot-de-los-angeles-oscuros-original-lo-scarabeo-arte-de-luca-russo\/\"]}]},{\"@type\":\"ImageObject\",\"inLanguage\":\"en-US\",\"@id\":\"https:\/\/www.zonacarpediem.com\/en\/shop\/tarots-en\/tarot-de-los-angeles-oscuros-original-lo-scarabeo-arte-de-luca-russo\/#primaryimage\",\"url\":\"https:\/\/www.zonacarpediem.com\/wp-content\/uploads\/2022\/03\/Tarot-de-los-Angeles-Oscuros-2.jpeg\",\"contentUrl\":\"https:\/\/www.zonacarpediem.com\/wp-content\/uploads\/2022\/03\/Tarot-de-los-Angeles-Oscuros-2.jpeg\",\"width\":1477,\"height\":2551,\"caption\":\"Tarot de los Angeles Oscuros - Lo Scarabeo\"},{\"@type\":\"BreadcrumbList\",\"@id\":\"https:\/\/www.zonacarpediem.com\/en\/shop\/tarots-en\/tarot-de-los-angeles-oscuros-original-lo-scarabeo-arte-de-luca-russo\/#breadcrumb\",\"itemListElement\":[{\"@type\":\"ListItem\",\"position\":1,\"name\":\"Home\",\"item\":\"https:\/\/www.zonacarpediem.com\/en\/home-us\/\"},{\"@type\":\"ListItem\",\"position\":2,\"name\":\"Products\",\"item\":\"https:\/\/www.zonacarpediem.com\/en\/products\/\"},{\"@type\":\"ListItem\",\"position\":3,\"name\":\"TAROT DE LOS ANGELES OSCUROS, original LO SCARABEO, arte de LUCA RUSSO\"}]},{\"@type\":\"WebSite\",\"@id\":\"https:\/\/www.zonacarpediem.com\/en\/#website\",\"url\":\"https:\/\/www.zonacarpediem.com\/en\/\",\"name\":\"Zona Carpe Diem\",\"description\":\"Buy with Confidence and Flirt with Brilliance, Passion Lives Here!\",\"publisher\":{\"@id\":\"https:\/\/www.zonacarpediem.com\/en\/#organization\"},\"potentialAction\":[{\"@type\":\"SearchAction\",\"target\":{\"@type\":\"EntryPoint\",\"urlTemplate\":\"https:\/\/www.zonacarpediem.com\/en\/?s={search_term_string}\"},\"query-input\":{\"@type\":\"PropertyValueSpecification\",\"valueRequired\":true,\"valueName\":\"search_term_string\"}}],\"inLanguage\":\"en-US\"},{\"@type\":\"Organization\",\"@id\":\"https:\/\/www.zonacarpediem.com\/en\/#organization\",\"name\":\"Zona Carpe Diem\",\"url\":\"https:\/\/www.zonacarpediem.com\/en\/\",\"logo\":{\"@type\":\"ImageObject\",\"inLanguage\":\"en-US\",\"@id\":\"https:\/\/www.zonacarpediem.com\/en\/#\/schema\/logo\/image\/\",\"url\":\"https:\/\/www.zonacarpediem.com\/wp-content\/uploads\/2016\/12\/ZCD-Logo-for-eBay-dec-2016-200x150px.png\",\"contentUrl\":\"https:\/\/www.zonacarpediem.com\/wp-content\/uploads\/2016\/12\/ZCD-Logo-for-eBay-dec-2016-200x150px.png\",\"width\":200,\"height\":150,\"caption\":\"Zona Carpe Diem\"},\"image\":{\"@id\":\"https:\/\/www.zonacarpediem.com\/en\/#\/schema\/logo\/image\/\"},\"sameAs\":[\"https:\/\/www.facebook.com\/ZonaCarpeDiem\"]}]}<\/script>\n<!-- \/ Yoast SEO plugin. -->","yoast_head_json":{"title":"TAROT DE LOS ANGELES OSCUROS, original LO SCARABEO, arte de LUCA RUSSO - Zona Carpe Diem","description":"Comprar SECRET TAROT, original fabricado en Italia por Lo Scarabeo, arte de MARCO NIZZOLI, EL TAROT DE LOS SECRETOS.","robots":{"index":"index","follow":"follow","max-snippet":"max-snippet:-1","max-image-preview":"max-image-preview:large","max-video-preview":"max-video-preview:-1"},"canonical":"https:\/\/www.zonacarpediem.com\/en\/shop\/tarots-en\/tarot-de-los-angeles-oscuros-original-lo-scarabeo-arte-de-luca-russo\/","og_locale":"en_US","og_type":"article","og_title":"TAROT DE LOS ANGELES OSCUROS, original LO SCARABEO, arte de LUCA RUSSO - Zona Carpe Diem","og_description":"Comprar SECRET TAROT, original fabricado en Italia por Lo Scarabeo, arte de MARCO NIZZOLI, EL TAROT DE LOS SECRETOS.","og_url":"https:\/\/www.zonacarpediem.com\/en\/shop\/tarots-en\/tarot-de-los-angeles-oscuros-original-lo-scarabeo-arte-de-luca-russo\/","og_site_name":"Zona Carpe Diem","article_publisher":"https:\/\/www.facebook.com\/ZonaCarpeDiem","article_modified_time":"2022-03-14T15:09:12+00:00","og_image":[{"width":1477,"height":2551,"url":"https:\/\/www.zonacarpediem.com\/wp-content\/uploads\/2022\/03\/Tarot-de-los-Angeles-Oscuros-2.jpeg","type":"image\/jpeg"}],"twitter_misc":{"Est. reading time":"2 minutes"},"schema":{"@context":"https:\/\/schema.org","@graph":[{"@type":"WebPage","@id":"https:\/\/www.zonacarpediem.com\/en\/shop\/tarots-en\/tarot-de-los-angeles-oscuros-original-lo-scarabeo-arte-de-luca-russo\/","url":"https:\/\/www.zonacarpediem.com\/en\/shop\/tarots-en\/tarot-de-los-angeles-oscuros-original-lo-scarabeo-arte-de-luca-russo\/","name":"TAROT DE LOS ANGELES OSCUROS, original LO SCARABEO, arte de LUCA RUSSO - Zona Carpe Diem","isPartOf":{"@id":"https:\/\/www.zonacarpediem.com\/en\/#website"},"primaryImageOfPage":{"@id":"https:\/\/www.zonacarpediem.com\/en\/shop\/tarots-en\/tarot-de-los-angeles-oscuros-original-lo-scarabeo-arte-de-luca-russo\/#primaryimage"},"image":{"@id":"https:\/\/www.zonacarpediem.com\/en\/shop\/tarots-en\/tarot-de-los-angeles-oscuros-original-lo-scarabeo-arte-de-luca-russo\/#primaryimage"},"thumbnailUrl":"https:\/\/www.zonacarpediem.com\/wp-content\/uploads\/2022\/03\/Tarot-de-los-Angeles-Oscuros-2.jpeg","datePublished":"2022-03-14T14:50:39+00:00","dateModified":"2022-03-14T15:09:12+00:00","description":"Comprar SECRET TAROT, original fabricado en Italia por Lo Scarabeo, arte de MARCO NIZZOLI, EL TAROT DE LOS SECRETOS.","breadcrumb":{"@id":"https:\/\/www.zonacarpediem.com\/en\/shop\/tarots-en\/tarot-de-los-angeles-oscuros-original-lo-scarabeo-arte-de-luca-russo\/#breadcrumb"},"inLanguage":"en-US","potentialAction":[{"@type":"ReadAction","target":["https:\/\/www.zonacarpediem.com\/en\/shop\/tarots-en\/tarot-de-los-angeles-oscuros-original-lo-scarabeo-arte-de-luca-russo\/"]}]},{"@type":"ImageObject","inLanguage":"en-US","@id":"https:\/\/www.zonacarpediem.com\/en\/shop\/tarots-en\/tarot-de-los-angeles-oscuros-original-lo-scarabeo-arte-de-luca-russo\/#primaryimage","url":"https:\/\/www.zonacarpediem.com\/wp-content\/uploads\/2022\/03\/Tarot-de-los-Angeles-Oscuros-2.jpeg","contentUrl":"https:\/\/www.zonacarpediem.com\/wp-content\/uploads\/2022\/03\/Tarot-de-los-Angeles-Oscuros-2.jpeg","width":1477,"height":2551,"caption":"Tarot de los Angeles Oscuros - Lo Scarabeo"},{"@type":"BreadcrumbList","@id":"https:\/\/www.zonacarpediem.com\/en\/shop\/tarots-en\/tarot-de-los-angeles-oscuros-original-lo-scarabeo-arte-de-luca-russo\/#breadcrumb","itemListElement":[{"@type":"ListItem","position":1,"name":"Home","item":"https:\/\/www.zonacarpediem.com\/en\/home-us\/"},{"@type":"ListItem","position":2,"name":"Products","item":"https:\/\/www.zonacarpediem.com\/en\/products\/"},{"@type":"ListItem","position":3,"name":"TAROT DE LOS ANGELES OSCUROS, original LO SCARABEO, arte de LUCA RUSSO"}]},{"@type":"WebSite","@id":"https:\/\/www.zonacarpediem.com\/en\/#website","url":"https:\/\/www.zonacarpediem.com\/en\/","name":"Zona Carpe Diem","description":"Buy with Confidence and Flirt with Brilliance, Passion Lives Here!","publisher":{"@id":"https:\/\/www.zonacarpediem.com\/en\/#organization"},"potentialAction":[{"@type":"SearchAction","target":{"@type":"EntryPoint","urlTemplate":"https:\/\/www.zonacarpediem.com\/en\/?s={search_term_string}"},"query-input":{"@type":"PropertyValueSpecification","valueRequired":true,"valueName":"search_term_string"}}],"inLanguage":"en-US"},{"@type":"Organization","@id":"https:\/\/www.zonacarpediem.com\/en\/#organization","name":"Zona Carpe Diem","url":"https:\/\/www.zonacarpediem.com\/en\/","logo":{"@type":"ImageObject","inLanguage":"en-US","@id":"https:\/\/www.zonacarpediem.com\/en\/#\/schema\/logo\/image\/","url":"https:\/\/www.zonacarpediem.com\/wp-content\/uploads\/2016\/12\/ZCD-Logo-for-eBay-dec-2016-200x150px.png","contentUrl":"https:\/\/www.zonacarpediem.com\/wp-content\/uploads\/2016\/12\/ZCD-Logo-for-eBay-dec-2016-200x150px.png","width":200,"height":150,"caption":"Zona Carpe Diem"},"image":{"@id":"https:\/\/www.zonacarpediem.com\/en\/#\/schema\/logo\/image\/"},"sameAs":["https:\/\/www.facebook.com\/ZonaCarpeDiem"]}]}},"_links":{"self":[{"href":"https:\/\/www.zonacarpediem.com\/en\/wp-json\/wp\/v2\/product\/6131","targetHints":{"allow":["GET"]}}],"collection":[{"href":"https:\/\/www.zonacarpediem.com\/en\/wp-json\/wp\/v2\/product"}],"about":[{"href":"https:\/\/www.zonacarpediem.com\/en\/wp-json\/wp\/v2\/types\/product"}],"wp:featuredmedia":[{"embeddable":true,"href":"https:\/\/www.zonacarpediem.com\/en\/wp-json\/wp\/v2\/media\/6133"}],"wp:attachment":[{"href":"https:\/\/www.zonacarpediem.com\/en\/wp-json\/wp\/v2\/media?parent=6131"}],"wp:term":[{"taxonomy":"product_brand","embeddable":true,"href":"https:\/\/www.zonacarpediem.com\/en\/wp-json\/wp\/v2\/product_brand?post=6131"},{"taxonomy":"product_cat","embeddable":true,"href":"https:\/\/www.zonacarpediem.com\/en\/wp-json\/wp\/v2\/product_cat?post=6131"},{"taxonomy":"product_tag","embeddable":true,"href":"https:\/\/www.zonacarpediem.com\/en\/wp-json\/wp\/v2\/product_tag?post=6131"}],"curies":[{"name":"wp","href":"https:\/\/api.w.org\/{rel}","templated":true}]}}