{"id":6146,"date":"2022-03-15T12:06:20","date_gmt":"2022-03-15T11:06:20","guid":{"rendered":"https:\/\/www.zonacarpediem.com\/?post_type=product&#038;p=6146"},"modified":"2022-03-15T14:09:34","modified_gmt":"2022-03-15T13:09:34","slug":"tarot-etteilla-book-of-thoth-original-lo-scarabeo","status":"publish","type":"product","link":"https:\/\/www.zonacarpediem.com\/en\/shop\/tarots-en\/tarot-etteilla-book-of-thoth-original-lo-scarabeo\/","title":{"rendered":"TAROT D&#8217;ETTEILLA, original LO SCARABEO, THE BOOK OF THOTH"},"content":{"rendered":"<p><strong>TAROT D&#8217;ETTEILLA, original LO SCARABEO, fabricado en Italia, THE BOOK OF THOTH, reproducci\u00f3n del &#8220;Gran Jeu de l&#8217;Oracle des Dames&#8221;, Paris 1870<br \/>\n<\/strong><\/p>\n<p>&nbsp;<\/p>\n<p><strong>FABRICADO EN ITALIA POR LO SCARABEO, TORINO<\/strong><br \/>\nHist\u00f3rico fabricante de naipes italiano conocido en todo el mundo por la calidad de sus productos.<\/p>\n<p>&nbsp;<\/p>\n<p>Consta de 78 cartas m\u00e1gicas a todo color y manual con instrucciones adivinatorias en multiling\u00fce, divididas en<\/p>\n<p>22 arcanos mayores y<br \/>\n56 arcanos menores.<\/p>\n<p>En precioso estuche protector de tapa blanda.<\/p>\n<p><strong>Reproducci\u00f3n fiel del &#8220;Grand Jeu de l&#8217;Oracle des Dames&#8221;, Paris 1870<\/strong><\/p>\n<p>Etteilla sostuvo que el juego del Tarot era el legendario Libro de Thoth, un texto m\u00e1gico que se remonta al antiguo Egipto relacionado con Thoth el dios egipcio de la sabidur\u00eda y la magia. Seg\u00fan el cartomante este libro fue creado en el a\u00f1o 2170 a.C. y por ello quiso devolverles su aspecto original.<br \/>\nHac\u00eda 1789 mand\u00f3 dise\u00f1ar una baraja que titul\u00f3 &#8220;Libro de Toth&#8221; o el gran juego de 78 cartas del Tarot egipcio. De esa obra s\u00f3lo qued\u00f3 un pu\u00f1ado de cartas, pero en 1804 se volvi\u00f3 a imprimir una versi\u00f3n completa que se reproduce aqu\u00ed.<\/p>\n<p>La adivinaci\u00f3n mediante herramientas como las cartas de or\u00e1culo, ayudan a traer una gu\u00eda y consejo superior a nuestras vidas y trae a la superficie informaci\u00f3n que est\u00e1 oculta o que no es inmediatamente obvia para nosotros.<\/p>\n<p>&nbsp;<\/p>\n<p>Cartas que tienen como objetivo despertar la mente del hombre a otros niveles, a trav\u00e9s de los cuales pueda acceder a otra sabidur\u00eda, a otros conocimientos que permitan saber y anticipar, as\u00ed como tambi\u00e9n encontrar el bienestar interior.<\/p>\n<p>El tarot es una baraja de naipes que, adem\u00e1s de servir para jugar, se usa a menudo como medio de \u201cadivinaci\u00f3n\u201d del pasado, de la situaci\u00f3n presente del consultante y algunas veces del futuro, por lo que constituir\u00eda un tipo de cartomancia.<br \/>\nSus or\u00edgenes datan al menos del siglo XIV, no teniendo fundamento llevar sus ra\u00edces m\u00e1s atr\u00e1s en la historia.<\/p>\n<p>&nbsp;<\/p>\n<p><em>Este es un producto original de calidad, fabricado en Italia. Esta no es una copia no autorizada.<br \/>\nEnviamos el art\u00edculo desde Espa\u00f1a a todo el mundo, certificado, con n\u00famero de seguimiento.<\/em><\/p>\n<p>&nbsp;<\/p>\n","protected":false},"excerpt":{"rendered":"<p>TAROT D&#8217;ETTEILLA, original LO SCARABEO, fabricado en Italia, THE BOOK OF THOTH, reproducci\u00f3n del &#8220;Gran Jeu de l&#8217;Oracle des Dames&#8221;, Paris 1870<\/p>\n","protected":false},"featured_media":6150,"template":"","meta":[],"product_brand":[],"product_cat":[163],"product_tag":[],"class_list":{"0":"post-6146","1":"product","2":"type-product","3":"status-publish","4":"has-post-thumbnail","6":"product_cat-tarots-en","8":"first","9":"instock","10":"shipping-taxable","11":"purchasable","12":"product-type-simple"},"yoast_head":"<!-- This site is optimized with the Yoast SEO plugin v26.7 - https:\/\/yoast.com\/wordpress\/plugins\/seo\/ -->\n<title>TAROT D&#039;ETTEILLA, original LO SCARABEO, THE BOOK OF THOTH - Zona Carpe Diem<\/title>\n<meta name=\"description\" content=\"Comprar TAROT D&#039;ETTEILLA, original LO SCARABEO, THE BOOK OF THOTH, reproducci\u00f3n del &quot;Gran Jeu de l&#039;Oracle des Dames&quot;, Paris 1870.\" \/>\n<meta name=\"robots\" content=\"index, follow, max-snippet:-1, max-image-preview:large, max-video-preview:-1\" \/>\n<link rel=\"canonical\" href=\"https:\/\/www.zonacarpediem.com\/en\/shop\/tarots-en\/tarot-etteilla-book-of-thoth-original-lo-scarabeo\/\" \/>\n<meta property=\"og:locale\" content=\"en_US\" \/>\n<meta property=\"og:type\" content=\"article\" \/>\n<meta property=\"og:title\" content=\"TAROT D&#039;ETTEILLA, original LO SCARABEO, THE BOOK OF THOTH - Zona Carpe Diem\" \/>\n<meta property=\"og:description\" content=\"Comprar TAROT D&#039;ETTEILLA, original LO SCARABEO, THE BOOK OF THOTH, reproducci\u00f3n del &quot;Gran Jeu de l&#039;Oracle des Dames&quot;, Paris 1870.\" \/>\n<meta property=\"og:url\" content=\"https:\/\/www.zonacarpediem.com\/en\/shop\/tarots-en\/tarot-etteilla-book-of-thoth-original-lo-scarabeo\/\" \/>\n<meta property=\"og:site_name\" content=\"Zona Carpe Diem\" \/>\n<meta property=\"article:publisher\" content=\"https:\/\/www.facebook.com\/ZonaCarpeDiem\" \/>\n<meta property=\"article:modified_time\" content=\"2022-03-15T13:09:34+00:00\" \/>\n<meta property=\"og:image\" content=\"https:\/\/www.zonacarpediem.com\/wp-content\/uploads\/2022\/03\/Tarot-dEtteila-2-scaled.jpeg\" \/>\n\t<meta property=\"og:image:width\" content=\"1556\" \/>\n\t<meta property=\"og:image:height\" content=\"2560\" \/>\n\t<meta property=\"og:image:type\" content=\"image\/jpeg\" \/>\n<meta name=\"twitter:label1\" content=\"Est. reading time\" \/>\n\t<meta name=\"twitter:data1\" content=\"2 minutes\" \/>\n<script type=\"application\/ld+json\" class=\"yoast-schema-graph\">{\"@context\":\"https:\/\/schema.org\",\"@graph\":[{\"@type\":\"WebPage\",\"@id\":\"https:\/\/www.zonacarpediem.com\/en\/shop\/tarots-en\/tarot-etteilla-book-of-thoth-original-lo-scarabeo\/\",\"url\":\"https:\/\/www.zonacarpediem.com\/en\/shop\/tarots-en\/tarot-etteilla-book-of-thoth-original-lo-scarabeo\/\",\"name\":\"TAROT D'ETTEILLA, original LO SCARABEO, THE BOOK OF THOTH - Zona Carpe Diem\",\"isPartOf\":{\"@id\":\"https:\/\/www.zonacarpediem.com\/en\/#website\"},\"primaryImageOfPage\":{\"@id\":\"https:\/\/www.zonacarpediem.com\/en\/shop\/tarots-en\/tarot-etteilla-book-of-thoth-original-lo-scarabeo\/#primaryimage\"},\"image\":{\"@id\":\"https:\/\/www.zonacarpediem.com\/en\/shop\/tarots-en\/tarot-etteilla-book-of-thoth-original-lo-scarabeo\/#primaryimage\"},\"thumbnailUrl\":\"https:\/\/www.zonacarpediem.com\/wp-content\/uploads\/2022\/03\/Tarot-dEtteila-2-scaled.jpeg\",\"datePublished\":\"2022-03-15T11:06:20+00:00\",\"dateModified\":\"2022-03-15T13:09:34+00:00\",\"description\":\"Comprar TAROT D'ETTEILLA, original LO SCARABEO, THE BOOK OF THOTH, reproducci\u00f3n del \\\"Gran Jeu de l'Oracle des Dames\\\", Paris 1870.\",\"breadcrumb\":{\"@id\":\"https:\/\/www.zonacarpediem.com\/en\/shop\/tarots-en\/tarot-etteilla-book-of-thoth-original-lo-scarabeo\/#breadcrumb\"},\"inLanguage\":\"en-US\",\"potentialAction\":[{\"@type\":\"ReadAction\",\"target\":[\"https:\/\/www.zonacarpediem.com\/en\/shop\/tarots-en\/tarot-etteilla-book-of-thoth-original-lo-scarabeo\/\"]}]},{\"@type\":\"ImageObject\",\"inLanguage\":\"en-US\",\"@id\":\"https:\/\/www.zonacarpediem.com\/en\/shop\/tarots-en\/tarot-etteilla-book-of-thoth-original-lo-scarabeo\/#primaryimage\",\"url\":\"https:\/\/www.zonacarpediem.com\/wp-content\/uploads\/2022\/03\/Tarot-dEtteila-2-scaled.jpeg\",\"contentUrl\":\"https:\/\/www.zonacarpediem.com\/wp-content\/uploads\/2022\/03\/Tarot-dEtteila-2-scaled.jpeg\",\"width\":1556,\"height\":2560},{\"@type\":\"BreadcrumbList\",\"@id\":\"https:\/\/www.zonacarpediem.com\/en\/shop\/tarots-en\/tarot-etteilla-book-of-thoth-original-lo-scarabeo\/#breadcrumb\",\"itemListElement\":[{\"@type\":\"ListItem\",\"position\":1,\"name\":\"Home\",\"item\":\"https:\/\/www.zonacarpediem.com\/en\/home-us\/\"},{\"@type\":\"ListItem\",\"position\":2,\"name\":\"Products\",\"item\":\"https:\/\/www.zonacarpediem.com\/en\/products\/\"},{\"@type\":\"ListItem\",\"position\":3,\"name\":\"TAROT D&#8217;ETTEILLA, original LO SCARABEO, THE BOOK OF THOTH\"}]},{\"@type\":\"WebSite\",\"@id\":\"https:\/\/www.zonacarpediem.com\/en\/#website\",\"url\":\"https:\/\/www.zonacarpediem.com\/en\/\",\"name\":\"Zona Carpe Diem\",\"description\":\"Buy with Confidence and Flirt with Brilliance, Passion Lives Here!\",\"publisher\":{\"@id\":\"https:\/\/www.zonacarpediem.com\/en\/#organization\"},\"potentialAction\":[{\"@type\":\"SearchAction\",\"target\":{\"@type\":\"EntryPoint\",\"urlTemplate\":\"https:\/\/www.zonacarpediem.com\/en\/?s={search_term_string}\"},\"query-input\":{\"@type\":\"PropertyValueSpecification\",\"valueRequired\":true,\"valueName\":\"search_term_string\"}}],\"inLanguage\":\"en-US\"},{\"@type\":\"Organization\",\"@id\":\"https:\/\/www.zonacarpediem.com\/en\/#organization\",\"name\":\"Zona Carpe Diem\",\"url\":\"https:\/\/www.zonacarpediem.com\/en\/\",\"logo\":{\"@type\":\"ImageObject\",\"inLanguage\":\"en-US\",\"@id\":\"https:\/\/www.zonacarpediem.com\/en\/#\/schema\/logo\/image\/\",\"url\":\"https:\/\/www.zonacarpediem.com\/wp-content\/uploads\/2016\/12\/ZCD-Logo-for-eBay-dec-2016-200x150px.png\",\"contentUrl\":\"https:\/\/www.zonacarpediem.com\/wp-content\/uploads\/2016\/12\/ZCD-Logo-for-eBay-dec-2016-200x150px.png\",\"width\":200,\"height\":150,\"caption\":\"Zona Carpe Diem\"},\"image\":{\"@id\":\"https:\/\/www.zonacarpediem.com\/en\/#\/schema\/logo\/image\/\"},\"sameAs\":[\"https:\/\/www.facebook.com\/ZonaCarpeDiem\"]}]}<\/script>\n<!-- \/ Yoast SEO plugin. -->","yoast_head_json":{"title":"TAROT D'ETTEILLA, original LO SCARABEO, THE BOOK OF THOTH - Zona Carpe Diem","description":"Comprar TAROT D'ETTEILLA, original LO SCARABEO, THE BOOK OF THOTH, reproducci\u00f3n del \"Gran Jeu de l'Oracle des Dames\", Paris 1870.","robots":{"index":"index","follow":"follow","max-snippet":"max-snippet:-1","max-image-preview":"max-image-preview:large","max-video-preview":"max-video-preview:-1"},"canonical":"https:\/\/www.zonacarpediem.com\/en\/shop\/tarots-en\/tarot-etteilla-book-of-thoth-original-lo-scarabeo\/","og_locale":"en_US","og_type":"article","og_title":"TAROT D'ETTEILLA, original LO SCARABEO, THE BOOK OF THOTH - Zona Carpe Diem","og_description":"Comprar TAROT D'ETTEILLA, original LO SCARABEO, THE BOOK OF THOTH, reproducci\u00f3n del \"Gran Jeu de l'Oracle des Dames\", Paris 1870.","og_url":"https:\/\/www.zonacarpediem.com\/en\/shop\/tarots-en\/tarot-etteilla-book-of-thoth-original-lo-scarabeo\/","og_site_name":"Zona Carpe Diem","article_publisher":"https:\/\/www.facebook.com\/ZonaCarpeDiem","article_modified_time":"2022-03-15T13:09:34+00:00","og_image":[{"width":1556,"height":2560,"url":"https:\/\/www.zonacarpediem.com\/wp-content\/uploads\/2022\/03\/Tarot-dEtteila-2-scaled.jpeg","type":"image\/jpeg"}],"twitter_misc":{"Est. reading time":"2 minutes"},"schema":{"@context":"https:\/\/schema.org","@graph":[{"@type":"WebPage","@id":"https:\/\/www.zonacarpediem.com\/en\/shop\/tarots-en\/tarot-etteilla-book-of-thoth-original-lo-scarabeo\/","url":"https:\/\/www.zonacarpediem.com\/en\/shop\/tarots-en\/tarot-etteilla-book-of-thoth-original-lo-scarabeo\/","name":"TAROT D'ETTEILLA, original LO SCARABEO, THE BOOK OF THOTH - Zona Carpe Diem","isPartOf":{"@id":"https:\/\/www.zonacarpediem.com\/en\/#website"},"primaryImageOfPage":{"@id":"https:\/\/www.zonacarpediem.com\/en\/shop\/tarots-en\/tarot-etteilla-book-of-thoth-original-lo-scarabeo\/#primaryimage"},"image":{"@id":"https:\/\/www.zonacarpediem.com\/en\/shop\/tarots-en\/tarot-etteilla-book-of-thoth-original-lo-scarabeo\/#primaryimage"},"thumbnailUrl":"https:\/\/www.zonacarpediem.com\/wp-content\/uploads\/2022\/03\/Tarot-dEtteila-2-scaled.jpeg","datePublished":"2022-03-15T11:06:20+00:00","dateModified":"2022-03-15T13:09:34+00:00","description":"Comprar TAROT D'ETTEILLA, original LO SCARABEO, THE BOOK OF THOTH, reproducci\u00f3n del \"Gran Jeu de l'Oracle des Dames\", Paris 1870.","breadcrumb":{"@id":"https:\/\/www.zonacarpediem.com\/en\/shop\/tarots-en\/tarot-etteilla-book-of-thoth-original-lo-scarabeo\/#breadcrumb"},"inLanguage":"en-US","potentialAction":[{"@type":"ReadAction","target":["https:\/\/www.zonacarpediem.com\/en\/shop\/tarots-en\/tarot-etteilla-book-of-thoth-original-lo-scarabeo\/"]}]},{"@type":"ImageObject","inLanguage":"en-US","@id":"https:\/\/www.zonacarpediem.com\/en\/shop\/tarots-en\/tarot-etteilla-book-of-thoth-original-lo-scarabeo\/#primaryimage","url":"https:\/\/www.zonacarpediem.com\/wp-content\/uploads\/2022\/03\/Tarot-dEtteila-2-scaled.jpeg","contentUrl":"https:\/\/www.zonacarpediem.com\/wp-content\/uploads\/2022\/03\/Tarot-dEtteila-2-scaled.jpeg","width":1556,"height":2560},{"@type":"BreadcrumbList","@id":"https:\/\/www.zonacarpediem.com\/en\/shop\/tarots-en\/tarot-etteilla-book-of-thoth-original-lo-scarabeo\/#breadcrumb","itemListElement":[{"@type":"ListItem","position":1,"name":"Home","item":"https:\/\/www.zonacarpediem.com\/en\/home-us\/"},{"@type":"ListItem","position":2,"name":"Products","item":"https:\/\/www.zonacarpediem.com\/en\/products\/"},{"@type":"ListItem","position":3,"name":"TAROT D&#8217;ETTEILLA, original LO SCARABEO, THE BOOK OF THOTH"}]},{"@type":"WebSite","@id":"https:\/\/www.zonacarpediem.com\/en\/#website","url":"https:\/\/www.zonacarpediem.com\/en\/","name":"Zona Carpe Diem","description":"Buy with Confidence and Flirt with Brilliance, Passion Lives Here!","publisher":{"@id":"https:\/\/www.zonacarpediem.com\/en\/#organization"},"potentialAction":[{"@type":"SearchAction","target":{"@type":"EntryPoint","urlTemplate":"https:\/\/www.zonacarpediem.com\/en\/?s={search_term_string}"},"query-input":{"@type":"PropertyValueSpecification","valueRequired":true,"valueName":"search_term_string"}}],"inLanguage":"en-US"},{"@type":"Organization","@id":"https:\/\/www.zonacarpediem.com\/en\/#organization","name":"Zona Carpe Diem","url":"https:\/\/www.zonacarpediem.com\/en\/","logo":{"@type":"ImageObject","inLanguage":"en-US","@id":"https:\/\/www.zonacarpediem.com\/en\/#\/schema\/logo\/image\/","url":"https:\/\/www.zonacarpediem.com\/wp-content\/uploads\/2016\/12\/ZCD-Logo-for-eBay-dec-2016-200x150px.png","contentUrl":"https:\/\/www.zonacarpediem.com\/wp-content\/uploads\/2016\/12\/ZCD-Logo-for-eBay-dec-2016-200x150px.png","width":200,"height":150,"caption":"Zona Carpe Diem"},"image":{"@id":"https:\/\/www.zonacarpediem.com\/en\/#\/schema\/logo\/image\/"},"sameAs":["https:\/\/www.facebook.com\/ZonaCarpeDiem"]}]}},"_links":{"self":[{"href":"https:\/\/www.zonacarpediem.com\/en\/wp-json\/wp\/v2\/product\/6146","targetHints":{"allow":["GET"]}}],"collection":[{"href":"https:\/\/www.zonacarpediem.com\/en\/wp-json\/wp\/v2\/product"}],"about":[{"href":"https:\/\/www.zonacarpediem.com\/en\/wp-json\/wp\/v2\/types\/product"}],"wp:featuredmedia":[{"embeddable":true,"href":"https:\/\/www.zonacarpediem.com\/en\/wp-json\/wp\/v2\/media\/6150"}],"wp:attachment":[{"href":"https:\/\/www.zonacarpediem.com\/en\/wp-json\/wp\/v2\/media?parent=6146"}],"wp:term":[{"taxonomy":"product_brand","embeddable":true,"href":"https:\/\/www.zonacarpediem.com\/en\/wp-json\/wp\/v2\/product_brand?post=6146"},{"taxonomy":"product_cat","embeddable":true,"href":"https:\/\/www.zonacarpediem.com\/en\/wp-json\/wp\/v2\/product_cat?post=6146"},{"taxonomy":"product_tag","embeddable":true,"href":"https:\/\/www.zonacarpediem.com\/en\/wp-json\/wp\/v2\/product_tag?post=6146"}],"curies":[{"name":"wp","href":"https:\/\/api.w.org\/{rel}","templated":true}]}}