{"id":6244,"date":"2022-03-17T19:52:01","date_gmt":"2022-03-17T18:52:01","guid":{"rendered":"https:\/\/www.zonacarpediem.com\/?post_type=product&#038;p=6244"},"modified":"2022-03-17T19:58:46","modified_gmt":"2022-03-17T18:58:46","slug":"colgante-cruz-celta-amuleto-talisman-superar-adversidades","status":"publish","type":"product","link":"https:\/\/www.zonacarpediem.com\/en\/shop\/mystic-and-religion\/colgante-cruz-celta-amuleto-talisman-superar-adversidades\/","title":{"rendered":"Colgante CRUZ CELTA, amuleto talism\u00e1n SUPERAR ADVERSIDADES"},"content":{"rendered":"<p><strong>Colgante CRUZ CELTA, de acero inoxidable, amuleto talism\u00e1n ayuda a SUPERAR ADVERSIDADES, fabricado y potenciado de manera artesanal.<\/strong><\/p>\n<p>&nbsp;<\/p>\n<p>Elaborado manualmente, incluye instrucciones:<\/p>\n<p>En Luna Menguante pasar el talism\u00e1n 9 veces por debajo del agua del grifo, posteriormente en Luna llena dejarlo al sereno durante 24 horas para que reciba el poder del sol y la luna. Finalmente ponlo en tu pecho y desde tu interior p\u00eddele tu deseo.<\/p>\n<p>&nbsp;<\/p>\n<p>El colgante viene con cord\u00f3n, en blister precintado, con instrucciones.<\/p>\n","protected":false},"excerpt":{"rendered":"<p>Colgante CRUZ CELTA, de acero inoxidable, amuleto talism\u00e1n ayuda a SUPERAR ADVERSIDADES, fabricado y potenciado de manera artesanal.<\/p>\n","protected":false},"featured_media":6246,"template":"","meta":[],"product_brand":[],"product_cat":[168,96,165],"product_tag":[],"class_list":{"0":"post-6244","1":"product","2":"type-product","3":"status-publish","4":"has-post-thumbnail","6":"product_cat-ethnic-en","7":"product_cat-mystic-and-religion","8":"product_cat-mystical-esoteric-and-religious-jewelery","10":"first","11":"instock","12":"shipping-taxable","13":"purchasable","14":"product-type-simple"},"yoast_head":"<!-- This site is optimized with the Yoast SEO plugin v26.7 - https:\/\/yoast.com\/wordpress\/plugins\/seo\/ -->\n<title>Colgante CRUZ CELTA, amuleto talism\u00e1n SUPERAR ADVERSIDADES - Zona Carpe Diem<\/title>\n<meta name=\"description\" content=\"Comprar colgante HACHA CHANGO - Amuleto Talism\u00e1n simboliza JUSTICIA PROTECCI\u00d3N AMPARO\" \/>\n<meta name=\"robots\" content=\"index, follow, max-snippet:-1, max-image-preview:large, max-video-preview:-1\" \/>\n<link rel=\"canonical\" href=\"https:\/\/www.zonacarpediem.com\/en\/shop\/mystic-and-religion\/colgante-cruz-celta-amuleto-talisman-superar-adversidades\/\" \/>\n<meta property=\"og:locale\" content=\"en_US\" \/>\n<meta property=\"og:type\" content=\"article\" \/>\n<meta property=\"og:title\" content=\"Colgante CRUZ CELTA, amuleto talism\u00e1n SUPERAR ADVERSIDADES - Zona Carpe Diem\" \/>\n<meta property=\"og:description\" content=\"Comprar colgante HACHA CHANGO - Amuleto Talism\u00e1n simboliza JUSTICIA PROTECCI\u00d3N AMPARO\" \/>\n<meta property=\"og:url\" content=\"https:\/\/www.zonacarpediem.com\/en\/shop\/mystic-and-religion\/colgante-cruz-celta-amuleto-talisman-superar-adversidades\/\" \/>\n<meta property=\"og:site_name\" content=\"Zona Carpe Diem\" \/>\n<meta property=\"article:publisher\" content=\"https:\/\/www.facebook.com\/ZonaCarpeDiem\" \/>\n<meta property=\"article:modified_time\" content=\"2022-03-17T18:58:46+00:00\" \/>\n<meta property=\"og:image\" content=\"https:\/\/www.zonacarpediem.com\/wp-content\/uploads\/2022\/03\/Colgante-Cruz-Celta-grande-Amuleto-Talisman-SUPERAR-ADVERSIDADES.jpg\" \/>\n\t<meta property=\"og:image:width\" content=\"696\" \/>\n\t<meta property=\"og:image:height\" content=\"914\" \/>\n\t<meta property=\"og:image:type\" content=\"image\/jpeg\" \/>\n<script type=\"application\/ld+json\" class=\"yoast-schema-graph\">{\"@context\":\"https:\/\/schema.org\",\"@graph\":[{\"@type\":\"WebPage\",\"@id\":\"https:\/\/www.zonacarpediem.com\/en\/shop\/mystic-and-religion\/colgante-cruz-celta-amuleto-talisman-superar-adversidades\/\",\"url\":\"https:\/\/www.zonacarpediem.com\/en\/shop\/mystic-and-religion\/colgante-cruz-celta-amuleto-talisman-superar-adversidades\/\",\"name\":\"Colgante CRUZ CELTA, amuleto talism\u00e1n SUPERAR ADVERSIDADES - Zona Carpe Diem\",\"isPartOf\":{\"@id\":\"https:\/\/www.zonacarpediem.com\/en\/#website\"},\"primaryImageOfPage\":{\"@id\":\"https:\/\/www.zonacarpediem.com\/en\/shop\/mystic-and-religion\/colgante-cruz-celta-amuleto-talisman-superar-adversidades\/#primaryimage\"},\"image\":{\"@id\":\"https:\/\/www.zonacarpediem.com\/en\/shop\/mystic-and-religion\/colgante-cruz-celta-amuleto-talisman-superar-adversidades\/#primaryimage\"},\"thumbnailUrl\":\"https:\/\/www.zonacarpediem.com\/wp-content\/uploads\/2022\/03\/Colgante-Cruz-Celta-grande-Amuleto-Talisman-SUPERAR-ADVERSIDADES.jpg\",\"datePublished\":\"2022-03-17T18:52:01+00:00\",\"dateModified\":\"2022-03-17T18:58:46+00:00\",\"description\":\"Comprar colgante HACHA CHANGO - Amuleto Talism\u00e1n simboliza JUSTICIA PROTECCI\u00d3N AMPARO\",\"breadcrumb\":{\"@id\":\"https:\/\/www.zonacarpediem.com\/en\/shop\/mystic-and-religion\/colgante-cruz-celta-amuleto-talisman-superar-adversidades\/#breadcrumb\"},\"inLanguage\":\"en-US\",\"potentialAction\":[{\"@type\":\"ReadAction\",\"target\":[\"https:\/\/www.zonacarpediem.com\/en\/shop\/mystic-and-religion\/colgante-cruz-celta-amuleto-talisman-superar-adversidades\/\"]}]},{\"@type\":\"ImageObject\",\"inLanguage\":\"en-US\",\"@id\":\"https:\/\/www.zonacarpediem.com\/en\/shop\/mystic-and-religion\/colgante-cruz-celta-amuleto-talisman-superar-adversidades\/#primaryimage\",\"url\":\"https:\/\/www.zonacarpediem.com\/wp-content\/uploads\/2022\/03\/Colgante-Cruz-Celta-grande-Amuleto-Talisman-SUPERAR-ADVERSIDADES.jpg\",\"contentUrl\":\"https:\/\/www.zonacarpediem.com\/wp-content\/uploads\/2022\/03\/Colgante-Cruz-Celta-grande-Amuleto-Talisman-SUPERAR-ADVERSIDADES.jpg\",\"width\":696,\"height\":914,\"caption\":\"Colgante Cruz Celta (grande) - Amuleto Talism\u00e1n SUPERAR ADVERSIDADES\"},{\"@type\":\"BreadcrumbList\",\"@id\":\"https:\/\/www.zonacarpediem.com\/en\/shop\/mystic-and-religion\/colgante-cruz-celta-amuleto-talisman-superar-adversidades\/#breadcrumb\",\"itemListElement\":[{\"@type\":\"ListItem\",\"position\":1,\"name\":\"Home\",\"item\":\"https:\/\/www.zonacarpediem.com\/en\/home-us\/\"},{\"@type\":\"ListItem\",\"position\":2,\"name\":\"Products\",\"item\":\"https:\/\/www.zonacarpediem.com\/en\/products\/\"},{\"@type\":\"ListItem\",\"position\":3,\"name\":\"Colgante CRUZ CELTA, amuleto talism\u00e1n SUPERAR ADVERSIDADES\"}]},{\"@type\":\"WebSite\",\"@id\":\"https:\/\/www.zonacarpediem.com\/en\/#website\",\"url\":\"https:\/\/www.zonacarpediem.com\/en\/\",\"name\":\"Zona Carpe Diem\",\"description\":\"Buy with Confidence and Flirt with Brilliance, Passion Lives Here!\",\"publisher\":{\"@id\":\"https:\/\/www.zonacarpediem.com\/en\/#organization\"},\"potentialAction\":[{\"@type\":\"SearchAction\",\"target\":{\"@type\":\"EntryPoint\",\"urlTemplate\":\"https:\/\/www.zonacarpediem.com\/en\/?s={search_term_string}\"},\"query-input\":{\"@type\":\"PropertyValueSpecification\",\"valueRequired\":true,\"valueName\":\"search_term_string\"}}],\"inLanguage\":\"en-US\"},{\"@type\":\"Organization\",\"@id\":\"https:\/\/www.zonacarpediem.com\/en\/#organization\",\"name\":\"Zona Carpe Diem\",\"url\":\"https:\/\/www.zonacarpediem.com\/en\/\",\"logo\":{\"@type\":\"ImageObject\",\"inLanguage\":\"en-US\",\"@id\":\"https:\/\/www.zonacarpediem.com\/en\/#\/schema\/logo\/image\/\",\"url\":\"https:\/\/www.zonacarpediem.com\/wp-content\/uploads\/2016\/12\/ZCD-Logo-for-eBay-dec-2016-200x150px.png\",\"contentUrl\":\"https:\/\/www.zonacarpediem.com\/wp-content\/uploads\/2016\/12\/ZCD-Logo-for-eBay-dec-2016-200x150px.png\",\"width\":200,\"height\":150,\"caption\":\"Zona Carpe Diem\"},\"image\":{\"@id\":\"https:\/\/www.zonacarpediem.com\/en\/#\/schema\/logo\/image\/\"},\"sameAs\":[\"https:\/\/www.facebook.com\/ZonaCarpeDiem\"]}]}<\/script>\n<!-- \/ Yoast SEO plugin. -->","yoast_head_json":{"title":"Colgante CRUZ CELTA, amuleto talism\u00e1n SUPERAR ADVERSIDADES - Zona Carpe Diem","description":"Comprar colgante HACHA CHANGO - Amuleto Talism\u00e1n simboliza JUSTICIA PROTECCI\u00d3N AMPARO","robots":{"index":"index","follow":"follow","max-snippet":"max-snippet:-1","max-image-preview":"max-image-preview:large","max-video-preview":"max-video-preview:-1"},"canonical":"https:\/\/www.zonacarpediem.com\/en\/shop\/mystic-and-religion\/colgante-cruz-celta-amuleto-talisman-superar-adversidades\/","og_locale":"en_US","og_type":"article","og_title":"Colgante CRUZ CELTA, amuleto talism\u00e1n SUPERAR ADVERSIDADES - Zona Carpe Diem","og_description":"Comprar colgante HACHA CHANGO - Amuleto Talism\u00e1n simboliza JUSTICIA PROTECCI\u00d3N AMPARO","og_url":"https:\/\/www.zonacarpediem.com\/en\/shop\/mystic-and-religion\/colgante-cruz-celta-amuleto-talisman-superar-adversidades\/","og_site_name":"Zona Carpe Diem","article_publisher":"https:\/\/www.facebook.com\/ZonaCarpeDiem","article_modified_time":"2022-03-17T18:58:46+00:00","og_image":[{"width":696,"height":914,"url":"https:\/\/www.zonacarpediem.com\/wp-content\/uploads\/2022\/03\/Colgante-Cruz-Celta-grande-Amuleto-Talisman-SUPERAR-ADVERSIDADES.jpg","type":"image\/jpeg"}],"schema":{"@context":"https:\/\/schema.org","@graph":[{"@type":"WebPage","@id":"https:\/\/www.zonacarpediem.com\/en\/shop\/mystic-and-religion\/colgante-cruz-celta-amuleto-talisman-superar-adversidades\/","url":"https:\/\/www.zonacarpediem.com\/en\/shop\/mystic-and-religion\/colgante-cruz-celta-amuleto-talisman-superar-adversidades\/","name":"Colgante CRUZ CELTA, amuleto talism\u00e1n SUPERAR ADVERSIDADES - Zona Carpe Diem","isPartOf":{"@id":"https:\/\/www.zonacarpediem.com\/en\/#website"},"primaryImageOfPage":{"@id":"https:\/\/www.zonacarpediem.com\/en\/shop\/mystic-and-religion\/colgante-cruz-celta-amuleto-talisman-superar-adversidades\/#primaryimage"},"image":{"@id":"https:\/\/www.zonacarpediem.com\/en\/shop\/mystic-and-religion\/colgante-cruz-celta-amuleto-talisman-superar-adversidades\/#primaryimage"},"thumbnailUrl":"https:\/\/www.zonacarpediem.com\/wp-content\/uploads\/2022\/03\/Colgante-Cruz-Celta-grande-Amuleto-Talisman-SUPERAR-ADVERSIDADES.jpg","datePublished":"2022-03-17T18:52:01+00:00","dateModified":"2022-03-17T18:58:46+00:00","description":"Comprar colgante HACHA CHANGO - Amuleto Talism\u00e1n simboliza JUSTICIA PROTECCI\u00d3N AMPARO","breadcrumb":{"@id":"https:\/\/www.zonacarpediem.com\/en\/shop\/mystic-and-religion\/colgante-cruz-celta-amuleto-talisman-superar-adversidades\/#breadcrumb"},"inLanguage":"en-US","potentialAction":[{"@type":"ReadAction","target":["https:\/\/www.zonacarpediem.com\/en\/shop\/mystic-and-religion\/colgante-cruz-celta-amuleto-talisman-superar-adversidades\/"]}]},{"@type":"ImageObject","inLanguage":"en-US","@id":"https:\/\/www.zonacarpediem.com\/en\/shop\/mystic-and-religion\/colgante-cruz-celta-amuleto-talisman-superar-adversidades\/#primaryimage","url":"https:\/\/www.zonacarpediem.com\/wp-content\/uploads\/2022\/03\/Colgante-Cruz-Celta-grande-Amuleto-Talisman-SUPERAR-ADVERSIDADES.jpg","contentUrl":"https:\/\/www.zonacarpediem.com\/wp-content\/uploads\/2022\/03\/Colgante-Cruz-Celta-grande-Amuleto-Talisman-SUPERAR-ADVERSIDADES.jpg","width":696,"height":914,"caption":"Colgante Cruz Celta (grande) - Amuleto Talism\u00e1n SUPERAR ADVERSIDADES"},{"@type":"BreadcrumbList","@id":"https:\/\/www.zonacarpediem.com\/en\/shop\/mystic-and-religion\/colgante-cruz-celta-amuleto-talisman-superar-adversidades\/#breadcrumb","itemListElement":[{"@type":"ListItem","position":1,"name":"Home","item":"https:\/\/www.zonacarpediem.com\/en\/home-us\/"},{"@type":"ListItem","position":2,"name":"Products","item":"https:\/\/www.zonacarpediem.com\/en\/products\/"},{"@type":"ListItem","position":3,"name":"Colgante CRUZ CELTA, amuleto talism\u00e1n SUPERAR ADVERSIDADES"}]},{"@type":"WebSite","@id":"https:\/\/www.zonacarpediem.com\/en\/#website","url":"https:\/\/www.zonacarpediem.com\/en\/","name":"Zona Carpe Diem","description":"Buy with Confidence and Flirt with Brilliance, Passion Lives Here!","publisher":{"@id":"https:\/\/www.zonacarpediem.com\/en\/#organization"},"potentialAction":[{"@type":"SearchAction","target":{"@type":"EntryPoint","urlTemplate":"https:\/\/www.zonacarpediem.com\/en\/?s={search_term_string}"},"query-input":{"@type":"PropertyValueSpecification","valueRequired":true,"valueName":"search_term_string"}}],"inLanguage":"en-US"},{"@type":"Organization","@id":"https:\/\/www.zonacarpediem.com\/en\/#organization","name":"Zona Carpe Diem","url":"https:\/\/www.zonacarpediem.com\/en\/","logo":{"@type":"ImageObject","inLanguage":"en-US","@id":"https:\/\/www.zonacarpediem.com\/en\/#\/schema\/logo\/image\/","url":"https:\/\/www.zonacarpediem.com\/wp-content\/uploads\/2016\/12\/ZCD-Logo-for-eBay-dec-2016-200x150px.png","contentUrl":"https:\/\/www.zonacarpediem.com\/wp-content\/uploads\/2016\/12\/ZCD-Logo-for-eBay-dec-2016-200x150px.png","width":200,"height":150,"caption":"Zona Carpe Diem"},"image":{"@id":"https:\/\/www.zonacarpediem.com\/en\/#\/schema\/logo\/image\/"},"sameAs":["https:\/\/www.facebook.com\/ZonaCarpeDiem"]}]}},"_links":{"self":[{"href":"https:\/\/www.zonacarpediem.com\/en\/wp-json\/wp\/v2\/product\/6244","targetHints":{"allow":["GET"]}}],"collection":[{"href":"https:\/\/www.zonacarpediem.com\/en\/wp-json\/wp\/v2\/product"}],"about":[{"href":"https:\/\/www.zonacarpediem.com\/en\/wp-json\/wp\/v2\/types\/product"}],"wp:featuredmedia":[{"embeddable":true,"href":"https:\/\/www.zonacarpediem.com\/en\/wp-json\/wp\/v2\/media\/6246"}],"wp:attachment":[{"href":"https:\/\/www.zonacarpediem.com\/en\/wp-json\/wp\/v2\/media?parent=6244"}],"wp:term":[{"taxonomy":"product_brand","embeddable":true,"href":"https:\/\/www.zonacarpediem.com\/en\/wp-json\/wp\/v2\/product_brand?post=6244"},{"taxonomy":"product_cat","embeddable":true,"href":"https:\/\/www.zonacarpediem.com\/en\/wp-json\/wp\/v2\/product_cat?post=6244"},{"taxonomy":"product_tag","embeddable":true,"href":"https:\/\/www.zonacarpediem.com\/en\/wp-json\/wp\/v2\/product_tag?post=6244"}],"curies":[{"name":"wp","href":"https:\/\/api.w.org\/{rel}","templated":true}]}}