{"id":6252,"date":"2022-03-18T16:54:36","date_gmt":"2022-03-18T15:54:36","guid":{"rendered":"https:\/\/www.zonacarpediem.com\/?post_type=product&#038;p=6252"},"modified":"2024-01-26T16:20:41","modified_gmt":"2024-01-26T15:20:41","slug":"colgante-lobo-con-plumas-amuleto-talisman-fuerza-y-poder-interior","status":"publish","type":"product","link":"https:\/\/www.zonacarpediem.com\/en\/shop\/mystical-esoteric-and-religious-jewelery\/colgante-lobo-con-plumas-amuleto-talisman-fuerza-y-poder-interior\/","title":{"rendered":"Colgante LOBO CON PLUMAS, amuleto talism\u00e1n FUERZA Y PODER INTERIOR"},"content":{"rendered":"<p><strong>Colgante LOBO CON PLUMAS, de acero inoxidable, amuleto talism\u00e1n s\u00edmbolo de FUERZA Y PODER INTERIOR, fabricado y potenciado de manera artesanal.<\/strong><\/p>\n<p>&nbsp;<\/p>\n<p>Elaborado manualmente, incluye instrucciones:<\/p>\n<p>En Luna Menguante pasar el talism\u00e1n 9 veces por debajo del agua del grifo, posteriormente en Luna llena dejarlo al sereno durante 24 horas para que reciba el poder del sol y la luna. Finalmente ponlo en tu pecho y desde tu interior p\u00eddele tu deseo.<\/p>\n<p>&nbsp;<\/p>\n<p>El colgante viene con cord\u00f3n, en blister precintado, con instrucciones.<\/p>\n","protected":false},"excerpt":{"rendered":"<p>Colgante LOBO CON PLUMAS, de acero inoxidable, amuleto talism\u00e1n s\u00edmbolo de FUERZA Y PODER INTERIOR, fabricado y potenciado de manera artesanal.<\/p>\n","protected":false},"featured_media":6256,"template":"","meta":[],"product_brand":[],"product_cat":[168,165],"product_tag":[],"class_list":{"0":"post-6252","1":"product","2":"type-product","3":"status-publish","4":"has-post-thumbnail","6":"product_cat-ethnic-en","7":"product_cat-mystical-esoteric-and-religious-jewelery","9":"first","10":"instock","11":"shipping-taxable","12":"purchasable","13":"product-type-simple"},"yoast_head":"<!-- This site is optimized with the Yoast SEO plugin v26.7 - https:\/\/yoast.com\/wordpress\/plugins\/seo\/ -->\n<title>Colgante LOBO CON PLUMAS, amuleto talism\u00e1n FUERZA Y PODER INTERIOR - Zona Carpe Diem<\/title>\n<meta name=\"description\" content=\"Comprar colgante LOBO CON PLUMAS - Amuleto Talism\u00e1n s\u00edmbolo de FUERZA Y PODER INTERIOR.\" \/>\n<meta name=\"robots\" content=\"index, follow, max-snippet:-1, max-image-preview:large, max-video-preview:-1\" \/>\n<link rel=\"canonical\" href=\"https:\/\/www.zonacarpediem.com\/en\/shop\/mystical-esoteric-and-religious-jewelery\/colgante-lobo-con-plumas-amuleto-talisman-fuerza-y-poder-interior\/\" \/>\n<meta property=\"og:locale\" content=\"en_US\" \/>\n<meta property=\"og:type\" content=\"article\" \/>\n<meta property=\"og:title\" content=\"Colgante LOBO CON PLUMAS, amuleto talism\u00e1n FUERZA Y PODER INTERIOR - Zona Carpe Diem\" \/>\n<meta property=\"og:description\" content=\"Comprar colgante LOBO CON PLUMAS - Amuleto Talism\u00e1n s\u00edmbolo de FUERZA Y PODER INTERIOR.\" \/>\n<meta property=\"og:url\" content=\"https:\/\/www.zonacarpediem.com\/en\/shop\/mystical-esoteric-and-religious-jewelery\/colgante-lobo-con-plumas-amuleto-talisman-fuerza-y-poder-interior\/\" \/>\n<meta property=\"og:site_name\" content=\"Zona Carpe Diem\" \/>\n<meta property=\"article:publisher\" content=\"https:\/\/www.facebook.com\/ZonaCarpeDiem\" \/>\n<meta property=\"article:modified_time\" content=\"2024-01-26T15:20:41+00:00\" \/>\n<meta property=\"og:image\" content=\"https:\/\/www.zonacarpediem.com\/wp-content\/uploads\/2022\/03\/Colgante-LOBO-CON-PLUMAS-Amuleto-Talisman-FUERZA-Y-PODER-INTERIOR-1.jpeg\" \/>\n\t<meta property=\"og:image:width\" content=\"1415\" \/>\n\t<meta property=\"og:image:height\" content=\"1919\" \/>\n\t<meta property=\"og:image:type\" content=\"image\/jpeg\" \/>\n<script type=\"application\/ld+json\" class=\"yoast-schema-graph\">{\"@context\":\"https:\/\/schema.org\",\"@graph\":[{\"@type\":\"WebPage\",\"@id\":\"https:\/\/www.zonacarpediem.com\/en\/shop\/mystical-esoteric-and-religious-jewelery\/colgante-lobo-con-plumas-amuleto-talisman-fuerza-y-poder-interior\/\",\"url\":\"https:\/\/www.zonacarpediem.com\/en\/shop\/mystical-esoteric-and-religious-jewelery\/colgante-lobo-con-plumas-amuleto-talisman-fuerza-y-poder-interior\/\",\"name\":\"Colgante LOBO CON PLUMAS, amuleto talism\u00e1n FUERZA Y PODER INTERIOR - Zona Carpe Diem\",\"isPartOf\":{\"@id\":\"https:\/\/www.zonacarpediem.com\/en\/#website\"},\"primaryImageOfPage\":{\"@id\":\"https:\/\/www.zonacarpediem.com\/en\/shop\/mystical-esoteric-and-religious-jewelery\/colgante-lobo-con-plumas-amuleto-talisman-fuerza-y-poder-interior\/#primaryimage\"},\"image\":{\"@id\":\"https:\/\/www.zonacarpediem.com\/en\/shop\/mystical-esoteric-and-religious-jewelery\/colgante-lobo-con-plumas-amuleto-talisman-fuerza-y-poder-interior\/#primaryimage\"},\"thumbnailUrl\":\"https:\/\/www.zonacarpediem.com\/wp-content\/uploads\/2022\/03\/Colgante-LOBO-CON-PLUMAS-Amuleto-Talisman-FUERZA-Y-PODER-INTERIOR-1.jpeg\",\"datePublished\":\"2022-03-18T15:54:36+00:00\",\"dateModified\":\"2024-01-26T15:20:41+00:00\",\"description\":\"Comprar colgante LOBO CON PLUMAS - Amuleto Talism\u00e1n s\u00edmbolo de FUERZA Y PODER INTERIOR.\",\"breadcrumb\":{\"@id\":\"https:\/\/www.zonacarpediem.com\/en\/shop\/mystical-esoteric-and-religious-jewelery\/colgante-lobo-con-plumas-amuleto-talisman-fuerza-y-poder-interior\/#breadcrumb\"},\"inLanguage\":\"en-US\",\"potentialAction\":[{\"@type\":\"ReadAction\",\"target\":[\"https:\/\/www.zonacarpediem.com\/en\/shop\/mystical-esoteric-and-religious-jewelery\/colgante-lobo-con-plumas-amuleto-talisman-fuerza-y-poder-interior\/\"]}]},{\"@type\":\"ImageObject\",\"inLanguage\":\"en-US\",\"@id\":\"https:\/\/www.zonacarpediem.com\/en\/shop\/mystical-esoteric-and-religious-jewelery\/colgante-lobo-con-plumas-amuleto-talisman-fuerza-y-poder-interior\/#primaryimage\",\"url\":\"https:\/\/www.zonacarpediem.com\/wp-content\/uploads\/2022\/03\/Colgante-LOBO-CON-PLUMAS-Amuleto-Talisman-FUERZA-Y-PODER-INTERIOR-1.jpeg\",\"contentUrl\":\"https:\/\/www.zonacarpediem.com\/wp-content\/uploads\/2022\/03\/Colgante-LOBO-CON-PLUMAS-Amuleto-Talisman-FUERZA-Y-PODER-INTERIOR-1.jpeg\",\"width\":1415,\"height\":1919,\"caption\":\"Colgante LOBO CON PLUMAS - Amuleto Talism\u00e1n FUERZA Y PODER INTERIOR 1\"},{\"@type\":\"BreadcrumbList\",\"@id\":\"https:\/\/www.zonacarpediem.com\/en\/shop\/mystical-esoteric-and-religious-jewelery\/colgante-lobo-con-plumas-amuleto-talisman-fuerza-y-poder-interior\/#breadcrumb\",\"itemListElement\":[{\"@type\":\"ListItem\",\"position\":1,\"name\":\"Home\",\"item\":\"https:\/\/www.zonacarpediem.com\/en\/home-us\/\"},{\"@type\":\"ListItem\",\"position\":2,\"name\":\"Products\",\"item\":\"https:\/\/www.zonacarpediem.com\/en\/products\/\"},{\"@type\":\"ListItem\",\"position\":3,\"name\":\"Colgante LOBO CON PLUMAS, amuleto talism\u00e1n FUERZA Y PODER INTERIOR\"}]},{\"@type\":\"WebSite\",\"@id\":\"https:\/\/www.zonacarpediem.com\/en\/#website\",\"url\":\"https:\/\/www.zonacarpediem.com\/en\/\",\"name\":\"Zona Carpe Diem\",\"description\":\"Buy with Confidence and Flirt with Brilliance, Passion Lives Here!\",\"publisher\":{\"@id\":\"https:\/\/www.zonacarpediem.com\/en\/#organization\"},\"potentialAction\":[{\"@type\":\"SearchAction\",\"target\":{\"@type\":\"EntryPoint\",\"urlTemplate\":\"https:\/\/www.zonacarpediem.com\/en\/?s={search_term_string}\"},\"query-input\":{\"@type\":\"PropertyValueSpecification\",\"valueRequired\":true,\"valueName\":\"search_term_string\"}}],\"inLanguage\":\"en-US\"},{\"@type\":\"Organization\",\"@id\":\"https:\/\/www.zonacarpediem.com\/en\/#organization\",\"name\":\"Zona Carpe Diem\",\"url\":\"https:\/\/www.zonacarpediem.com\/en\/\",\"logo\":{\"@type\":\"ImageObject\",\"inLanguage\":\"en-US\",\"@id\":\"https:\/\/www.zonacarpediem.com\/en\/#\/schema\/logo\/image\/\",\"url\":\"https:\/\/www.zonacarpediem.com\/wp-content\/uploads\/2016\/12\/ZCD-Logo-for-eBay-dec-2016-200x150px.png\",\"contentUrl\":\"https:\/\/www.zonacarpediem.com\/wp-content\/uploads\/2016\/12\/ZCD-Logo-for-eBay-dec-2016-200x150px.png\",\"width\":200,\"height\":150,\"caption\":\"Zona Carpe Diem\"},\"image\":{\"@id\":\"https:\/\/www.zonacarpediem.com\/en\/#\/schema\/logo\/image\/\"},\"sameAs\":[\"https:\/\/www.facebook.com\/ZonaCarpeDiem\"]}]}<\/script>\n<!-- \/ Yoast SEO plugin. -->","yoast_head_json":{"title":"Colgante LOBO CON PLUMAS, amuleto talism\u00e1n FUERZA Y PODER INTERIOR - Zona Carpe Diem","description":"Comprar colgante LOBO CON PLUMAS - Amuleto Talism\u00e1n s\u00edmbolo de FUERZA Y PODER INTERIOR.","robots":{"index":"index","follow":"follow","max-snippet":"max-snippet:-1","max-image-preview":"max-image-preview:large","max-video-preview":"max-video-preview:-1"},"canonical":"https:\/\/www.zonacarpediem.com\/en\/shop\/mystical-esoteric-and-religious-jewelery\/colgante-lobo-con-plumas-amuleto-talisman-fuerza-y-poder-interior\/","og_locale":"en_US","og_type":"article","og_title":"Colgante LOBO CON PLUMAS, amuleto talism\u00e1n FUERZA Y PODER INTERIOR - Zona Carpe Diem","og_description":"Comprar colgante LOBO CON PLUMAS - Amuleto Talism\u00e1n s\u00edmbolo de FUERZA Y PODER INTERIOR.","og_url":"https:\/\/www.zonacarpediem.com\/en\/shop\/mystical-esoteric-and-religious-jewelery\/colgante-lobo-con-plumas-amuleto-talisman-fuerza-y-poder-interior\/","og_site_name":"Zona Carpe Diem","article_publisher":"https:\/\/www.facebook.com\/ZonaCarpeDiem","article_modified_time":"2024-01-26T15:20:41+00:00","og_image":[{"width":1415,"height":1919,"url":"https:\/\/www.zonacarpediem.com\/wp-content\/uploads\/2022\/03\/Colgante-LOBO-CON-PLUMAS-Amuleto-Talisman-FUERZA-Y-PODER-INTERIOR-1.jpeg","type":"image\/jpeg"}],"schema":{"@context":"https:\/\/schema.org","@graph":[{"@type":"WebPage","@id":"https:\/\/www.zonacarpediem.com\/en\/shop\/mystical-esoteric-and-religious-jewelery\/colgante-lobo-con-plumas-amuleto-talisman-fuerza-y-poder-interior\/","url":"https:\/\/www.zonacarpediem.com\/en\/shop\/mystical-esoteric-and-religious-jewelery\/colgante-lobo-con-plumas-amuleto-talisman-fuerza-y-poder-interior\/","name":"Colgante LOBO CON PLUMAS, amuleto talism\u00e1n FUERZA Y PODER INTERIOR - Zona Carpe Diem","isPartOf":{"@id":"https:\/\/www.zonacarpediem.com\/en\/#website"},"primaryImageOfPage":{"@id":"https:\/\/www.zonacarpediem.com\/en\/shop\/mystical-esoteric-and-religious-jewelery\/colgante-lobo-con-plumas-amuleto-talisman-fuerza-y-poder-interior\/#primaryimage"},"image":{"@id":"https:\/\/www.zonacarpediem.com\/en\/shop\/mystical-esoteric-and-religious-jewelery\/colgante-lobo-con-plumas-amuleto-talisman-fuerza-y-poder-interior\/#primaryimage"},"thumbnailUrl":"https:\/\/www.zonacarpediem.com\/wp-content\/uploads\/2022\/03\/Colgante-LOBO-CON-PLUMAS-Amuleto-Talisman-FUERZA-Y-PODER-INTERIOR-1.jpeg","datePublished":"2022-03-18T15:54:36+00:00","dateModified":"2024-01-26T15:20:41+00:00","description":"Comprar colgante LOBO CON PLUMAS - Amuleto Talism\u00e1n s\u00edmbolo de FUERZA Y PODER INTERIOR.","breadcrumb":{"@id":"https:\/\/www.zonacarpediem.com\/en\/shop\/mystical-esoteric-and-religious-jewelery\/colgante-lobo-con-plumas-amuleto-talisman-fuerza-y-poder-interior\/#breadcrumb"},"inLanguage":"en-US","potentialAction":[{"@type":"ReadAction","target":["https:\/\/www.zonacarpediem.com\/en\/shop\/mystical-esoteric-and-religious-jewelery\/colgante-lobo-con-plumas-amuleto-talisman-fuerza-y-poder-interior\/"]}]},{"@type":"ImageObject","inLanguage":"en-US","@id":"https:\/\/www.zonacarpediem.com\/en\/shop\/mystical-esoteric-and-religious-jewelery\/colgante-lobo-con-plumas-amuleto-talisman-fuerza-y-poder-interior\/#primaryimage","url":"https:\/\/www.zonacarpediem.com\/wp-content\/uploads\/2022\/03\/Colgante-LOBO-CON-PLUMAS-Amuleto-Talisman-FUERZA-Y-PODER-INTERIOR-1.jpeg","contentUrl":"https:\/\/www.zonacarpediem.com\/wp-content\/uploads\/2022\/03\/Colgante-LOBO-CON-PLUMAS-Amuleto-Talisman-FUERZA-Y-PODER-INTERIOR-1.jpeg","width":1415,"height":1919,"caption":"Colgante LOBO CON PLUMAS - Amuleto Talism\u00e1n FUERZA Y PODER INTERIOR 1"},{"@type":"BreadcrumbList","@id":"https:\/\/www.zonacarpediem.com\/en\/shop\/mystical-esoteric-and-religious-jewelery\/colgante-lobo-con-plumas-amuleto-talisman-fuerza-y-poder-interior\/#breadcrumb","itemListElement":[{"@type":"ListItem","position":1,"name":"Home","item":"https:\/\/www.zonacarpediem.com\/en\/home-us\/"},{"@type":"ListItem","position":2,"name":"Products","item":"https:\/\/www.zonacarpediem.com\/en\/products\/"},{"@type":"ListItem","position":3,"name":"Colgante LOBO CON PLUMAS, amuleto talism\u00e1n FUERZA Y PODER INTERIOR"}]},{"@type":"WebSite","@id":"https:\/\/www.zonacarpediem.com\/en\/#website","url":"https:\/\/www.zonacarpediem.com\/en\/","name":"Zona Carpe Diem","description":"Buy with Confidence and Flirt with Brilliance, Passion Lives Here!","publisher":{"@id":"https:\/\/www.zonacarpediem.com\/en\/#organization"},"potentialAction":[{"@type":"SearchAction","target":{"@type":"EntryPoint","urlTemplate":"https:\/\/www.zonacarpediem.com\/en\/?s={search_term_string}"},"query-input":{"@type":"PropertyValueSpecification","valueRequired":true,"valueName":"search_term_string"}}],"inLanguage":"en-US"},{"@type":"Organization","@id":"https:\/\/www.zonacarpediem.com\/en\/#organization","name":"Zona Carpe Diem","url":"https:\/\/www.zonacarpediem.com\/en\/","logo":{"@type":"ImageObject","inLanguage":"en-US","@id":"https:\/\/www.zonacarpediem.com\/en\/#\/schema\/logo\/image\/","url":"https:\/\/www.zonacarpediem.com\/wp-content\/uploads\/2016\/12\/ZCD-Logo-for-eBay-dec-2016-200x150px.png","contentUrl":"https:\/\/www.zonacarpediem.com\/wp-content\/uploads\/2016\/12\/ZCD-Logo-for-eBay-dec-2016-200x150px.png","width":200,"height":150,"caption":"Zona Carpe Diem"},"image":{"@id":"https:\/\/www.zonacarpediem.com\/en\/#\/schema\/logo\/image\/"},"sameAs":["https:\/\/www.facebook.com\/ZonaCarpeDiem"]}]}},"_links":{"self":[{"href":"https:\/\/www.zonacarpediem.com\/en\/wp-json\/wp\/v2\/product\/6252","targetHints":{"allow":["GET"]}}],"collection":[{"href":"https:\/\/www.zonacarpediem.com\/en\/wp-json\/wp\/v2\/product"}],"about":[{"href":"https:\/\/www.zonacarpediem.com\/en\/wp-json\/wp\/v2\/types\/product"}],"wp:featuredmedia":[{"embeddable":true,"href":"https:\/\/www.zonacarpediem.com\/en\/wp-json\/wp\/v2\/media\/6256"}],"wp:attachment":[{"href":"https:\/\/www.zonacarpediem.com\/en\/wp-json\/wp\/v2\/media?parent=6252"}],"wp:term":[{"taxonomy":"product_brand","embeddable":true,"href":"https:\/\/www.zonacarpediem.com\/en\/wp-json\/wp\/v2\/product_brand?post=6252"},{"taxonomy":"product_cat","embeddable":true,"href":"https:\/\/www.zonacarpediem.com\/en\/wp-json\/wp\/v2\/product_cat?post=6252"},{"taxonomy":"product_tag","embeddable":true,"href":"https:\/\/www.zonacarpediem.com\/en\/wp-json\/wp\/v2\/product_tag?post=6252"}],"curies":[{"name":"wp","href":"https:\/\/api.w.org\/{rel}","templated":true}]}}