{"id":6290,"date":"2022-03-31T16:55:21","date_gmt":"2022-03-31T14:55:21","guid":{"rendered":"https:\/\/www.zonacarpediem.com\/?post_type=product&#038;p=6290"},"modified":"2022-03-31T20:32:31","modified_gmt":"2022-03-31T18:32:31","slug":"pendulo-radiestesia-dorado-desenroscable","status":"publish","type":"product","link":"https:\/\/www.zonacarpediem.com\/en\/shop\/pendulums-and-dowsing\/pendulo-radiestesia-dorado-desenroscable\/","title":{"rendered":"P\u00e9ndulo RADIESTESIA dorado &#8211; desenroscable"},"content":{"rendered":"<p>P\u00e9ndulo RADIESTESIA metalizado dorado, para adivinaciones, radiestesia, experimentaci\u00f3n de campo, pr\u00e1cticas sensitivas y otras pr\u00e1cticas adivinatorias.<br \/>\nEngarzado con una cadena y una bolita en el extremo.<\/p>\n<p>Este p\u00e9ndulo aporta a la persona que lo maneja el necesario contacto con la tierra: no en vano es uno de los predilectos entre los principiantes. Ofrece una buena transmisi\u00f3n de informaci\u00f3n as\u00ed como una protecci\u00f3n inmejorable.<\/p>\n<p>P\u00e9ndulo color oro dorado:<br \/>\nPara potenciar el ahorro y las inversiones. Negocios, dinero, amor y abundancia. Estamos ante un color alqu\u00edmico, de gran profundidad y simbolismo, el mago busca a trav\u00e9s del plomo conseguir el oro alqu\u00edmico, que en ocasiones es su propia transformaci\u00f3n.<\/p>\n<p>La radiestesia permite al experimentador ampliar las sutiles variaciones de energ\u00eda que percibe su mente y su cuerpo y traducirlos en movimientos neuromusculares subconscientes que son ampliados por el p\u00e9ndulo. Usted debe &#8220;pactar&#8221; con su p\u00e9ndulo unas se\u00f1ales preestablecidas que debe experimentar debidamente antes de usarlo para otros fines. Una forma muy sencilla de programar estas se\u00f1ales es disponer de dos cajas de cart\u00f3n. En una de ellas depositar\u00e1 un recipiente con agua. Usted se concentrar\u00e1 unos segundos y a la caja que contiene el agua le otorgar\u00e1 la palabra &#8220;SI&#8221;, y a la otra la palabra &#8220;NO&#8221;. Sujetando el p\u00e9ndulo por su cadena o cuerda y suspendi\u00e9ndolo por encima de una caja primero y de la otra despu\u00e9s, debe observar qu\u00e9 diferentes movimientos presenta sobre una u otra caja. Como habr\u00e1 intuido, los movimientos que realice el p\u00e9ndulo sobre la caja que contiene el agua deber\u00e1 usted adoptarlos como un &#8220;SI&#8221; en sus respuestas, mientras que el movimiento observado sobre la caja vac\u00eda debe entenderse siempre como un &#8220;NO&#8221;. Con esta sencilla t\u00e9cnica que puede ampliarse indefinidamente de forma cada vez m\u00e1s sofisticada, ver\u00e1 que poco a poco usted debe ir estableciendo un lenguaje propio con su p\u00e9ndulo.<\/p>\n<p>La radiestesia o rabdomancia (Dowsing) es una actividad pseudocient\u00edfica que se basa en la creencia de que existen energ\u00edas o elementos sobrenaturales que pueden ser detectados por medio de un p\u00e9ndulo, una horquilla y otros artefactos sencillos mantenidos en suspensi\u00f3n inestable. Se entiende por rabdomante (practicante de rabdomancia) a un sensitivo que est\u00e1 dotado de la facultad de detectar la existencia de corrientes de agua, vetas de minerales, lagos subterr\u00e1neos, etc. a cualquier profundidad. Tr\u00e1tase de una facultad supranormal que se ha denominado con mayor precisi\u00f3n geopsicometr\u00eda (una variante de la psicometr\u00eda), que es el rastreo de la psiquis por el interior de la Tierra. El ps\u00edquico emplea una varilla vegetal o met\u00e1lica o bien un p\u00e9ndulo, que aparentemente sirve de est\u00edmulo para percibir el lugar indicado.<br \/>\nLa radiestesia es tambi\u00e9n un m\u00e9todo pseudocient\u00edfico de diagn\u00f3stico empleado en medicina &#8220;alternativa&#8221; (homeopat\u00eda, cristaloterapia, terapia floral, Reiki, etc.) tanto como m\u00e9todo de diagn\u00f3stico como de sanaci\u00f3n. Los usos pretendidos de la radiestesia son muchos.<\/p>\n<p>Con ella se intenta:<br \/>\n&#8211; diagnosticar enfermedades,<br \/>\n&#8211; obtener medidas exactas,<br \/>\n&#8211; encontrar agua,<br \/>\n&#8211; encontrar minerales,<br \/>\n&#8211; inventariar recursos naturales,<br \/>\n&#8211; predecir estados actuales o futuros de la materia viva,<br \/>\n&#8211; encontrar objetos perdidos,<br \/>\n&#8211; encontrar personas, etc.<\/p>\n<p>Tambi\u00e9n sirve de apoyo en el arte del Feng Shui y en el Tarot.<\/p>\n<p>Una utilidad conocida de la radiestesia, quiz\u00e1 la de m\u00e1s larga tradici\u00f3n, es la realizada por los denominados zahor\u00edes, que aseguran ser capaces de encontrar los sitios m\u00e1s favorables para la excavaci\u00f3n de pozos, donde el nivel fre\u00e1tico es m\u00e1s accesible, por medio de estas t\u00e9cnicas.<\/p>\n<p>Hoy en d\u00eda, es un m\u00e9todo muy utilizado para hallar objetos y a personas cuyo paradero se desconoce y tambi\u00e9n para tratar de obtener respuestas a preguntas muy concretas formuladas por el operador. De acuerdo al movimiento realizado por el p\u00e9ndulo, la respuesta ser\u00e1 negativa o positiva.<\/p>\n<p>Medidas:<br \/>\n47 x 15 mm, cadena 180 mm<br \/>\n35 gr<\/p>\n","protected":false},"excerpt":{"rendered":"<p>P\u00e9ndulo RADIESTESIA conico metalizado dorado, desenroscable, para adivinaciones, radiestesia, experimentaci\u00f3n de campo, pr\u00e1cticas sensitivas y otras pr\u00e1cticas adivinatorias.<\/p>\n","protected":false},"featured_media":6292,"template":"","meta":[],"product_brand":[],"product_cat":[166],"product_tag":[],"class_list":{"0":"post-6290","1":"product","2":"type-product","3":"status-publish","4":"has-post-thumbnail","6":"product_cat-pendulums-and-dowsing","8":"first","9":"instock","10":"shipping-taxable","11":"purchasable","12":"product-type-simple"},"yoast_head":"<!-- This site is optimized with the Yoast SEO plugin v26.7 - https:\/\/yoast.com\/wordpress\/plugins\/seo\/ -->\n<title>P\u00e9ndulo RADIESTESIA dorado - desenroscable - Zona Carpe Diem<\/title>\n<meta name=\"description\" content=\"Comprar P\u00e9ndulo RADIESTESIA dorado, conico y desenroscable - Pr\u00e1cticas sensitivas y adivinatorias\" \/>\n<meta name=\"robots\" content=\"index, follow, max-snippet:-1, max-image-preview:large, max-video-preview:-1\" \/>\n<link rel=\"canonical\" href=\"https:\/\/www.zonacarpediem.com\/en\/shop\/pendulums-and-dowsing\/pendulo-radiestesia-dorado-desenroscable\/\" \/>\n<meta property=\"og:locale\" content=\"en_US\" \/>\n<meta property=\"og:type\" content=\"article\" \/>\n<meta property=\"og:title\" content=\"P\u00e9ndulo RADIESTESIA dorado - desenroscable - Zona Carpe Diem\" \/>\n<meta property=\"og:description\" content=\"Comprar P\u00e9ndulo RADIESTESIA dorado, conico y desenroscable - Pr\u00e1cticas sensitivas y adivinatorias\" \/>\n<meta property=\"og:url\" content=\"https:\/\/www.zonacarpediem.com\/en\/shop\/pendulums-and-dowsing\/pendulo-radiestesia-dorado-desenroscable\/\" \/>\n<meta property=\"og:site_name\" content=\"Zona Carpe Diem\" \/>\n<meta property=\"article:publisher\" content=\"https:\/\/www.facebook.com\/ZonaCarpeDiem\" \/>\n<meta property=\"article:modified_time\" content=\"2022-03-31T18:32:31+00:00\" \/>\n<meta property=\"og:image\" content=\"https:\/\/www.zonacarpediem.com\/wp-content\/uploads\/2022\/03\/Pendulo-Radiestesia-desencorscable-3.jpg\" \/>\n\t<meta property=\"og:image:width\" content=\"880\" \/>\n\t<meta property=\"og:image:height\" content=\"586\" \/>\n\t<meta property=\"og:image:type\" content=\"image\/jpeg\" \/>\n<meta name=\"twitter:label1\" content=\"Est. reading time\" \/>\n\t<meta name=\"twitter:data1\" content=\"3 minutes\" \/>\n<script type=\"application\/ld+json\" class=\"yoast-schema-graph\">{\"@context\":\"https:\/\/schema.org\",\"@graph\":[{\"@type\":\"WebPage\",\"@id\":\"https:\/\/www.zonacarpediem.com\/en\/shop\/pendulums-and-dowsing\/pendulo-radiestesia-dorado-desenroscable\/\",\"url\":\"https:\/\/www.zonacarpediem.com\/en\/shop\/pendulums-and-dowsing\/pendulo-radiestesia-dorado-desenroscable\/\",\"name\":\"P\u00e9ndulo RADIESTESIA dorado - desenroscable - Zona Carpe Diem\",\"isPartOf\":{\"@id\":\"https:\/\/www.zonacarpediem.com\/en\/#website\"},\"primaryImageOfPage\":{\"@id\":\"https:\/\/www.zonacarpediem.com\/en\/shop\/pendulums-and-dowsing\/pendulo-radiestesia-dorado-desenroscable\/#primaryimage\"},\"image\":{\"@id\":\"https:\/\/www.zonacarpediem.com\/en\/shop\/pendulums-and-dowsing\/pendulo-radiestesia-dorado-desenroscable\/#primaryimage\"},\"thumbnailUrl\":\"https:\/\/www.zonacarpediem.com\/wp-content\/uploads\/2022\/03\/Pendulo-Radiestesia-desencorscable-3.jpg\",\"datePublished\":\"2022-03-31T14:55:21+00:00\",\"dateModified\":\"2022-03-31T18:32:31+00:00\",\"description\":\"Comprar P\u00e9ndulo RADIESTESIA dorado, conico y desenroscable - Pr\u00e1cticas sensitivas y adivinatorias\",\"breadcrumb\":{\"@id\":\"https:\/\/www.zonacarpediem.com\/en\/shop\/pendulums-and-dowsing\/pendulo-radiestesia-dorado-desenroscable\/#breadcrumb\"},\"inLanguage\":\"en-US\",\"potentialAction\":[{\"@type\":\"ReadAction\",\"target\":[\"https:\/\/www.zonacarpediem.com\/en\/shop\/pendulums-and-dowsing\/pendulo-radiestesia-dorado-desenroscable\/\"]}]},{\"@type\":\"ImageObject\",\"inLanguage\":\"en-US\",\"@id\":\"https:\/\/www.zonacarpediem.com\/en\/shop\/pendulums-and-dowsing\/pendulo-radiestesia-dorado-desenroscable\/#primaryimage\",\"url\":\"https:\/\/www.zonacarpediem.com\/wp-content\/uploads\/2022\/03\/Pendulo-Radiestesia-desencorscable-3.jpg\",\"contentUrl\":\"https:\/\/www.zonacarpediem.com\/wp-content\/uploads\/2022\/03\/Pendulo-Radiestesia-desencorscable-3.jpg\",\"width\":880,\"height\":586,\"caption\":\"Pendulo-Radiestesia-desencorscable\"},{\"@type\":\"BreadcrumbList\",\"@id\":\"https:\/\/www.zonacarpediem.com\/en\/shop\/pendulums-and-dowsing\/pendulo-radiestesia-dorado-desenroscable\/#breadcrumb\",\"itemListElement\":[{\"@type\":\"ListItem\",\"position\":1,\"name\":\"Home\",\"item\":\"https:\/\/www.zonacarpediem.com\/en\/home-us\/\"},{\"@type\":\"ListItem\",\"position\":2,\"name\":\"Products\",\"item\":\"https:\/\/www.zonacarpediem.com\/en\/products\/\"},{\"@type\":\"ListItem\",\"position\":3,\"name\":\"P\u00e9ndulo RADIESTESIA dorado &#8211; desenroscable\"}]},{\"@type\":\"WebSite\",\"@id\":\"https:\/\/www.zonacarpediem.com\/en\/#website\",\"url\":\"https:\/\/www.zonacarpediem.com\/en\/\",\"name\":\"Zona Carpe Diem\",\"description\":\"Buy with Confidence and Flirt with Brilliance, Passion Lives Here!\",\"publisher\":{\"@id\":\"https:\/\/www.zonacarpediem.com\/en\/#organization\"},\"potentialAction\":[{\"@type\":\"SearchAction\",\"target\":{\"@type\":\"EntryPoint\",\"urlTemplate\":\"https:\/\/www.zonacarpediem.com\/en\/?s={search_term_string}\"},\"query-input\":{\"@type\":\"PropertyValueSpecification\",\"valueRequired\":true,\"valueName\":\"search_term_string\"}}],\"inLanguage\":\"en-US\"},{\"@type\":\"Organization\",\"@id\":\"https:\/\/www.zonacarpediem.com\/en\/#organization\",\"name\":\"Zona Carpe Diem\",\"url\":\"https:\/\/www.zonacarpediem.com\/en\/\",\"logo\":{\"@type\":\"ImageObject\",\"inLanguage\":\"en-US\",\"@id\":\"https:\/\/www.zonacarpediem.com\/en\/#\/schema\/logo\/image\/\",\"url\":\"https:\/\/www.zonacarpediem.com\/wp-content\/uploads\/2016\/12\/ZCD-Logo-for-eBay-dec-2016-200x150px.png\",\"contentUrl\":\"https:\/\/www.zonacarpediem.com\/wp-content\/uploads\/2016\/12\/ZCD-Logo-for-eBay-dec-2016-200x150px.png\",\"width\":200,\"height\":150,\"caption\":\"Zona Carpe Diem\"},\"image\":{\"@id\":\"https:\/\/www.zonacarpediem.com\/en\/#\/schema\/logo\/image\/\"},\"sameAs\":[\"https:\/\/www.facebook.com\/ZonaCarpeDiem\"]}]}<\/script>\n<!-- \/ Yoast SEO plugin. -->","yoast_head_json":{"title":"P\u00e9ndulo RADIESTESIA dorado - desenroscable - Zona Carpe Diem","description":"Comprar P\u00e9ndulo RADIESTESIA dorado, conico y desenroscable - Pr\u00e1cticas sensitivas y adivinatorias","robots":{"index":"index","follow":"follow","max-snippet":"max-snippet:-1","max-image-preview":"max-image-preview:large","max-video-preview":"max-video-preview:-1"},"canonical":"https:\/\/www.zonacarpediem.com\/en\/shop\/pendulums-and-dowsing\/pendulo-radiestesia-dorado-desenroscable\/","og_locale":"en_US","og_type":"article","og_title":"P\u00e9ndulo RADIESTESIA dorado - desenroscable - Zona Carpe Diem","og_description":"Comprar P\u00e9ndulo RADIESTESIA dorado, conico y desenroscable - Pr\u00e1cticas sensitivas y adivinatorias","og_url":"https:\/\/www.zonacarpediem.com\/en\/shop\/pendulums-and-dowsing\/pendulo-radiestesia-dorado-desenroscable\/","og_site_name":"Zona Carpe Diem","article_publisher":"https:\/\/www.facebook.com\/ZonaCarpeDiem","article_modified_time":"2022-03-31T18:32:31+00:00","og_image":[{"width":880,"height":586,"url":"https:\/\/www.zonacarpediem.com\/wp-content\/uploads\/2022\/03\/Pendulo-Radiestesia-desencorscable-3.jpg","type":"image\/jpeg"}],"twitter_misc":{"Est. reading time":"3 minutes"},"schema":{"@context":"https:\/\/schema.org","@graph":[{"@type":"WebPage","@id":"https:\/\/www.zonacarpediem.com\/en\/shop\/pendulums-and-dowsing\/pendulo-radiestesia-dorado-desenroscable\/","url":"https:\/\/www.zonacarpediem.com\/en\/shop\/pendulums-and-dowsing\/pendulo-radiestesia-dorado-desenroscable\/","name":"P\u00e9ndulo RADIESTESIA dorado - desenroscable - Zona Carpe Diem","isPartOf":{"@id":"https:\/\/www.zonacarpediem.com\/en\/#website"},"primaryImageOfPage":{"@id":"https:\/\/www.zonacarpediem.com\/en\/shop\/pendulums-and-dowsing\/pendulo-radiestesia-dorado-desenroscable\/#primaryimage"},"image":{"@id":"https:\/\/www.zonacarpediem.com\/en\/shop\/pendulums-and-dowsing\/pendulo-radiestesia-dorado-desenroscable\/#primaryimage"},"thumbnailUrl":"https:\/\/www.zonacarpediem.com\/wp-content\/uploads\/2022\/03\/Pendulo-Radiestesia-desencorscable-3.jpg","datePublished":"2022-03-31T14:55:21+00:00","dateModified":"2022-03-31T18:32:31+00:00","description":"Comprar P\u00e9ndulo RADIESTESIA dorado, conico y desenroscable - Pr\u00e1cticas sensitivas y adivinatorias","breadcrumb":{"@id":"https:\/\/www.zonacarpediem.com\/en\/shop\/pendulums-and-dowsing\/pendulo-radiestesia-dorado-desenroscable\/#breadcrumb"},"inLanguage":"en-US","potentialAction":[{"@type":"ReadAction","target":["https:\/\/www.zonacarpediem.com\/en\/shop\/pendulums-and-dowsing\/pendulo-radiestesia-dorado-desenroscable\/"]}]},{"@type":"ImageObject","inLanguage":"en-US","@id":"https:\/\/www.zonacarpediem.com\/en\/shop\/pendulums-and-dowsing\/pendulo-radiestesia-dorado-desenroscable\/#primaryimage","url":"https:\/\/www.zonacarpediem.com\/wp-content\/uploads\/2022\/03\/Pendulo-Radiestesia-desencorscable-3.jpg","contentUrl":"https:\/\/www.zonacarpediem.com\/wp-content\/uploads\/2022\/03\/Pendulo-Radiestesia-desencorscable-3.jpg","width":880,"height":586,"caption":"Pendulo-Radiestesia-desencorscable"},{"@type":"BreadcrumbList","@id":"https:\/\/www.zonacarpediem.com\/en\/shop\/pendulums-and-dowsing\/pendulo-radiestesia-dorado-desenroscable\/#breadcrumb","itemListElement":[{"@type":"ListItem","position":1,"name":"Home","item":"https:\/\/www.zonacarpediem.com\/en\/home-us\/"},{"@type":"ListItem","position":2,"name":"Products","item":"https:\/\/www.zonacarpediem.com\/en\/products\/"},{"@type":"ListItem","position":3,"name":"P\u00e9ndulo RADIESTESIA dorado &#8211; desenroscable"}]},{"@type":"WebSite","@id":"https:\/\/www.zonacarpediem.com\/en\/#website","url":"https:\/\/www.zonacarpediem.com\/en\/","name":"Zona Carpe Diem","description":"Buy with Confidence and Flirt with Brilliance, Passion Lives Here!","publisher":{"@id":"https:\/\/www.zonacarpediem.com\/en\/#organization"},"potentialAction":[{"@type":"SearchAction","target":{"@type":"EntryPoint","urlTemplate":"https:\/\/www.zonacarpediem.com\/en\/?s={search_term_string}"},"query-input":{"@type":"PropertyValueSpecification","valueRequired":true,"valueName":"search_term_string"}}],"inLanguage":"en-US"},{"@type":"Organization","@id":"https:\/\/www.zonacarpediem.com\/en\/#organization","name":"Zona Carpe Diem","url":"https:\/\/www.zonacarpediem.com\/en\/","logo":{"@type":"ImageObject","inLanguage":"en-US","@id":"https:\/\/www.zonacarpediem.com\/en\/#\/schema\/logo\/image\/","url":"https:\/\/www.zonacarpediem.com\/wp-content\/uploads\/2016\/12\/ZCD-Logo-for-eBay-dec-2016-200x150px.png","contentUrl":"https:\/\/www.zonacarpediem.com\/wp-content\/uploads\/2016\/12\/ZCD-Logo-for-eBay-dec-2016-200x150px.png","width":200,"height":150,"caption":"Zona Carpe Diem"},"image":{"@id":"https:\/\/www.zonacarpediem.com\/en\/#\/schema\/logo\/image\/"},"sameAs":["https:\/\/www.facebook.com\/ZonaCarpeDiem"]}]}},"_links":{"self":[{"href":"https:\/\/www.zonacarpediem.com\/en\/wp-json\/wp\/v2\/product\/6290","targetHints":{"allow":["GET"]}}],"collection":[{"href":"https:\/\/www.zonacarpediem.com\/en\/wp-json\/wp\/v2\/product"}],"about":[{"href":"https:\/\/www.zonacarpediem.com\/en\/wp-json\/wp\/v2\/types\/product"}],"wp:featuredmedia":[{"embeddable":true,"href":"https:\/\/www.zonacarpediem.com\/en\/wp-json\/wp\/v2\/media\/6292"}],"wp:attachment":[{"href":"https:\/\/www.zonacarpediem.com\/en\/wp-json\/wp\/v2\/media?parent=6290"}],"wp:term":[{"taxonomy":"product_brand","embeddable":true,"href":"https:\/\/www.zonacarpediem.com\/en\/wp-json\/wp\/v2\/product_brand?post=6290"},{"taxonomy":"product_cat","embeddable":true,"href":"https:\/\/www.zonacarpediem.com\/en\/wp-json\/wp\/v2\/product_cat?post=6290"},{"taxonomy":"product_tag","embeddable":true,"href":"https:\/\/www.zonacarpediem.com\/en\/wp-json\/wp\/v2\/product_tag?post=6290"}],"curies":[{"name":"wp","href":"https:\/\/api.w.org\/{rel}","templated":true}]}}