{"id":6384,"date":"2024-02-03T15:17:30","date_gmt":"2024-02-03T14:17:30","guid":{"rendered":"https:\/\/www.zonacarpediem.com\/?post_type=product&#038;p=6384"},"modified":"2024-02-03T15:20:38","modified_gmt":"2024-02-03T14:20:38","slug":"rosario-de-cristal-copia","status":"publish","type":"product","link":"https:\/\/www.zonacarpediem.com\/en\/shop\/mystic-and-religion\/esoteric-mystery-and-religion\/rosario-de-cristal-copia\/","title":{"rendered":"ROSARIO de CRISTAL"},"content":{"rendered":"<p>ROSARIO de CRISTAL rojo oscuro\u00a0con efecto AB Aurora Boreal<br \/>\nLas cuentas con efecto AB (Aurora Boreal) llevan una vaporizaci\u00f3n y reflejan la luz produciendo un brillo mayor.<\/p>\n<p>El rosario (del lat\u00edn rosar\u012dum, rosaleda o rosedal) es un rezo tradicional cat\u00f3lico que conmemora veinte \u00abmisterios\u00bb (15 en la forma tradicional) de la vida de Jesucristo y de la Virgen Mar\u00eda, recitando despu\u00e9s de anunciar cada uno de ellos un padrenuestro, diez avemar\u00edas y un gloria al Padre. Es frecuentemente designado como Santo Rosario por los cat\u00f3licos.&#8221;La Iglesia ha reconocido siempre una eficacia particular al Rosario, confi\u00e1ndole, mediante su recitaci\u00f3n comunitaria y su pr\u00e1ctica constante, las causas m\u00e1s dif\u00edciles&#8221;; Juan Pablo II dijo :\u201cPor medio del rosario los fieles reciben abundantes gracias, como desde las mismas manos de la Madre del Redentor.\u201d<\/p>\n<p>Tambi\u00e9n se llama \u00abrosario\u00bb a la sarta de cuentas que se utiliza para rezar el rosario. Las cuentas est\u00e1n separadas cada diez por otras de distinto tama\u00f1o y la sarta est\u00e1 unida por sus dos extremos a una cruz.<\/p>\n<p>Bolas de 8 mm<\/p>\n","protected":false},"excerpt":{"rendered":"<p>ROSARIO de CRISTAL rojo con efecto AB Aurora Boreal, rezo tradicional cat\u00f3lico<\/p>\n","protected":false},"featured_media":6388,"template":"","meta":[],"product_brand":[],"product_cat":[99,165],"product_tag":[],"class_list":{"0":"post-6384","1":"product","2":"type-product","3":"status-publish","4":"has-post-thumbnail","6":"product_cat-esoteric-mystery-and-religion","7":"product_cat-mystical-esoteric-and-religious-jewelery","9":"first","10":"instock","11":"shipping-taxable","12":"purchasable","13":"product-type-simple"},"yoast_head":"<!-- This site is optimized with the Yoast SEO plugin v26.7 - https:\/\/yoast.com\/wordpress\/plugins\/seo\/ -->\n<title>ROSARIO de CRISTAL - Zona Carpe Diem<\/title>\n<meta name=\"description\" content=\"Comprar ROSARIO de cristal rojo con efecto Aurora Boreal - Rezo tradicional cat\u00f3lico\" \/>\n<meta name=\"robots\" content=\"index, follow, max-snippet:-1, max-image-preview:large, max-video-preview:-1\" \/>\n<link rel=\"canonical\" href=\"https:\/\/www.zonacarpediem.com\/en\/shop\/mystic-and-religion\/esoteric-mystery-and-religion\/rosario-de-cristal-copia\/\" \/>\n<meta property=\"og:locale\" content=\"en_US\" \/>\n<meta property=\"og:type\" content=\"article\" \/>\n<meta property=\"og:title\" content=\"ROSARIO de CRISTAL - Zona Carpe Diem\" \/>\n<meta property=\"og:description\" content=\"Comprar ROSARIO de cristal rojo con efecto Aurora Boreal - Rezo tradicional cat\u00f3lico\" \/>\n<meta property=\"og:url\" content=\"https:\/\/www.zonacarpediem.com\/en\/shop\/mystic-and-religion\/esoteric-mystery-and-religion\/rosario-de-cristal-copia\/\" \/>\n<meta property=\"og:site_name\" content=\"Zona Carpe Diem\" \/>\n<meta property=\"article:publisher\" content=\"https:\/\/www.facebook.com\/ZonaCarpeDiem\" \/>\n<meta property=\"article:modified_time\" content=\"2024-02-03T14:20:38+00:00\" \/>\n<meta property=\"og:image\" content=\"https:\/\/www.zonacarpediem.com\/wp-content\/uploads\/2024\/02\/s-l1600-5.jpg\" \/>\n\t<meta property=\"og:image:width\" content=\"1200\" \/>\n\t<meta property=\"og:image:height\" content=\"1600\" \/>\n\t<meta property=\"og:image:type\" content=\"image\/jpeg\" \/>\n<meta name=\"twitter:label1\" content=\"Est. reading time\" \/>\n\t<meta name=\"twitter:data1\" content=\"1 minute\" \/>\n<script type=\"application\/ld+json\" class=\"yoast-schema-graph\">{\"@context\":\"https:\/\/schema.org\",\"@graph\":[{\"@type\":\"WebPage\",\"@id\":\"https:\/\/www.zonacarpediem.com\/en\/shop\/mystic-and-religion\/esoteric-mystery-and-religion\/rosario-de-cristal-copia\/\",\"url\":\"https:\/\/www.zonacarpediem.com\/en\/shop\/mystic-and-religion\/esoteric-mystery-and-religion\/rosario-de-cristal-copia\/\",\"name\":\"ROSARIO de CRISTAL - Zona Carpe Diem\",\"isPartOf\":{\"@id\":\"https:\/\/www.zonacarpediem.com\/en\/#website\"},\"primaryImageOfPage\":{\"@id\":\"https:\/\/www.zonacarpediem.com\/en\/shop\/mystic-and-religion\/esoteric-mystery-and-religion\/rosario-de-cristal-copia\/#primaryimage\"},\"image\":{\"@id\":\"https:\/\/www.zonacarpediem.com\/en\/shop\/mystic-and-religion\/esoteric-mystery-and-religion\/rosario-de-cristal-copia\/#primaryimage\"},\"thumbnailUrl\":\"https:\/\/www.zonacarpediem.com\/wp-content\/uploads\/2024\/02\/s-l1600-5.jpg\",\"datePublished\":\"2024-02-03T14:17:30+00:00\",\"dateModified\":\"2024-02-03T14:20:38+00:00\",\"description\":\"Comprar ROSARIO de cristal rojo con efecto Aurora Boreal - Rezo tradicional cat\u00f3lico\",\"breadcrumb\":{\"@id\":\"https:\/\/www.zonacarpediem.com\/en\/shop\/mystic-and-religion\/esoteric-mystery-and-religion\/rosario-de-cristal-copia\/#breadcrumb\"},\"inLanguage\":\"en-US\",\"potentialAction\":[{\"@type\":\"ReadAction\",\"target\":[\"https:\/\/www.zonacarpediem.com\/en\/shop\/mystic-and-religion\/esoteric-mystery-and-religion\/rosario-de-cristal-copia\/\"]}]},{\"@type\":\"ImageObject\",\"inLanguage\":\"en-US\",\"@id\":\"https:\/\/www.zonacarpediem.com\/en\/shop\/mystic-and-religion\/esoteric-mystery-and-religion\/rosario-de-cristal-copia\/#primaryimage\",\"url\":\"https:\/\/www.zonacarpediem.com\/wp-content\/uploads\/2024\/02\/s-l1600-5.jpg\",\"contentUrl\":\"https:\/\/www.zonacarpediem.com\/wp-content\/uploads\/2024\/02\/s-l1600-5.jpg\",\"width\":1200,\"height\":1600,\"caption\":\"Rosario\"},{\"@type\":\"BreadcrumbList\",\"@id\":\"https:\/\/www.zonacarpediem.com\/en\/shop\/mystic-and-religion\/esoteric-mystery-and-religion\/rosario-de-cristal-copia\/#breadcrumb\",\"itemListElement\":[{\"@type\":\"ListItem\",\"position\":1,\"name\":\"Home\",\"item\":\"https:\/\/www.zonacarpediem.com\/en\/home-us\/\"},{\"@type\":\"ListItem\",\"position\":2,\"name\":\"Products\",\"item\":\"https:\/\/www.zonacarpediem.com\/en\/products\/\"},{\"@type\":\"ListItem\",\"position\":3,\"name\":\"ROSARIO de CRISTAL\"}]},{\"@type\":\"WebSite\",\"@id\":\"https:\/\/www.zonacarpediem.com\/en\/#website\",\"url\":\"https:\/\/www.zonacarpediem.com\/en\/\",\"name\":\"Zona Carpe Diem\",\"description\":\"Buy with Confidence and Flirt with Brilliance, Passion Lives Here!\",\"publisher\":{\"@id\":\"https:\/\/www.zonacarpediem.com\/en\/#organization\"},\"potentialAction\":[{\"@type\":\"SearchAction\",\"target\":{\"@type\":\"EntryPoint\",\"urlTemplate\":\"https:\/\/www.zonacarpediem.com\/en\/?s={search_term_string}\"},\"query-input\":{\"@type\":\"PropertyValueSpecification\",\"valueRequired\":true,\"valueName\":\"search_term_string\"}}],\"inLanguage\":\"en-US\"},{\"@type\":\"Organization\",\"@id\":\"https:\/\/www.zonacarpediem.com\/en\/#organization\",\"name\":\"Zona Carpe Diem\",\"url\":\"https:\/\/www.zonacarpediem.com\/en\/\",\"logo\":{\"@type\":\"ImageObject\",\"inLanguage\":\"en-US\",\"@id\":\"https:\/\/www.zonacarpediem.com\/en\/#\/schema\/logo\/image\/\",\"url\":\"https:\/\/www.zonacarpediem.com\/wp-content\/uploads\/2016\/12\/ZCD-Logo-for-eBay-dec-2016-200x150px.png\",\"contentUrl\":\"https:\/\/www.zonacarpediem.com\/wp-content\/uploads\/2016\/12\/ZCD-Logo-for-eBay-dec-2016-200x150px.png\",\"width\":200,\"height\":150,\"caption\":\"Zona Carpe Diem\"},\"image\":{\"@id\":\"https:\/\/www.zonacarpediem.com\/en\/#\/schema\/logo\/image\/\"},\"sameAs\":[\"https:\/\/www.facebook.com\/ZonaCarpeDiem\"]}]}<\/script>\n<!-- \/ Yoast SEO plugin. -->","yoast_head_json":{"title":"ROSARIO de CRISTAL - Zona Carpe Diem","description":"Comprar ROSARIO de cristal rojo con efecto Aurora Boreal - Rezo tradicional cat\u00f3lico","robots":{"index":"index","follow":"follow","max-snippet":"max-snippet:-1","max-image-preview":"max-image-preview:large","max-video-preview":"max-video-preview:-1"},"canonical":"https:\/\/www.zonacarpediem.com\/en\/shop\/mystic-and-religion\/esoteric-mystery-and-religion\/rosario-de-cristal-copia\/","og_locale":"en_US","og_type":"article","og_title":"ROSARIO de CRISTAL - Zona Carpe Diem","og_description":"Comprar ROSARIO de cristal rojo con efecto Aurora Boreal - Rezo tradicional cat\u00f3lico","og_url":"https:\/\/www.zonacarpediem.com\/en\/shop\/mystic-and-religion\/esoteric-mystery-and-religion\/rosario-de-cristal-copia\/","og_site_name":"Zona Carpe Diem","article_publisher":"https:\/\/www.facebook.com\/ZonaCarpeDiem","article_modified_time":"2024-02-03T14:20:38+00:00","og_image":[{"width":1200,"height":1600,"url":"https:\/\/www.zonacarpediem.com\/wp-content\/uploads\/2024\/02\/s-l1600-5.jpg","type":"image\/jpeg"}],"twitter_misc":{"Est. reading time":"1 minute"},"schema":{"@context":"https:\/\/schema.org","@graph":[{"@type":"WebPage","@id":"https:\/\/www.zonacarpediem.com\/en\/shop\/mystic-and-religion\/esoteric-mystery-and-religion\/rosario-de-cristal-copia\/","url":"https:\/\/www.zonacarpediem.com\/en\/shop\/mystic-and-religion\/esoteric-mystery-and-religion\/rosario-de-cristal-copia\/","name":"ROSARIO de CRISTAL - Zona Carpe Diem","isPartOf":{"@id":"https:\/\/www.zonacarpediem.com\/en\/#website"},"primaryImageOfPage":{"@id":"https:\/\/www.zonacarpediem.com\/en\/shop\/mystic-and-religion\/esoteric-mystery-and-religion\/rosario-de-cristal-copia\/#primaryimage"},"image":{"@id":"https:\/\/www.zonacarpediem.com\/en\/shop\/mystic-and-religion\/esoteric-mystery-and-religion\/rosario-de-cristal-copia\/#primaryimage"},"thumbnailUrl":"https:\/\/www.zonacarpediem.com\/wp-content\/uploads\/2024\/02\/s-l1600-5.jpg","datePublished":"2024-02-03T14:17:30+00:00","dateModified":"2024-02-03T14:20:38+00:00","description":"Comprar ROSARIO de cristal rojo con efecto Aurora Boreal - Rezo tradicional cat\u00f3lico","breadcrumb":{"@id":"https:\/\/www.zonacarpediem.com\/en\/shop\/mystic-and-religion\/esoteric-mystery-and-religion\/rosario-de-cristal-copia\/#breadcrumb"},"inLanguage":"en-US","potentialAction":[{"@type":"ReadAction","target":["https:\/\/www.zonacarpediem.com\/en\/shop\/mystic-and-religion\/esoteric-mystery-and-religion\/rosario-de-cristal-copia\/"]}]},{"@type":"ImageObject","inLanguage":"en-US","@id":"https:\/\/www.zonacarpediem.com\/en\/shop\/mystic-and-religion\/esoteric-mystery-and-religion\/rosario-de-cristal-copia\/#primaryimage","url":"https:\/\/www.zonacarpediem.com\/wp-content\/uploads\/2024\/02\/s-l1600-5.jpg","contentUrl":"https:\/\/www.zonacarpediem.com\/wp-content\/uploads\/2024\/02\/s-l1600-5.jpg","width":1200,"height":1600,"caption":"Rosario"},{"@type":"BreadcrumbList","@id":"https:\/\/www.zonacarpediem.com\/en\/shop\/mystic-and-religion\/esoteric-mystery-and-religion\/rosario-de-cristal-copia\/#breadcrumb","itemListElement":[{"@type":"ListItem","position":1,"name":"Home","item":"https:\/\/www.zonacarpediem.com\/en\/home-us\/"},{"@type":"ListItem","position":2,"name":"Products","item":"https:\/\/www.zonacarpediem.com\/en\/products\/"},{"@type":"ListItem","position":3,"name":"ROSARIO de CRISTAL"}]},{"@type":"WebSite","@id":"https:\/\/www.zonacarpediem.com\/en\/#website","url":"https:\/\/www.zonacarpediem.com\/en\/","name":"Zona Carpe Diem","description":"Buy with Confidence and Flirt with Brilliance, Passion Lives Here!","publisher":{"@id":"https:\/\/www.zonacarpediem.com\/en\/#organization"},"potentialAction":[{"@type":"SearchAction","target":{"@type":"EntryPoint","urlTemplate":"https:\/\/www.zonacarpediem.com\/en\/?s={search_term_string}"},"query-input":{"@type":"PropertyValueSpecification","valueRequired":true,"valueName":"search_term_string"}}],"inLanguage":"en-US"},{"@type":"Organization","@id":"https:\/\/www.zonacarpediem.com\/en\/#organization","name":"Zona Carpe Diem","url":"https:\/\/www.zonacarpediem.com\/en\/","logo":{"@type":"ImageObject","inLanguage":"en-US","@id":"https:\/\/www.zonacarpediem.com\/en\/#\/schema\/logo\/image\/","url":"https:\/\/www.zonacarpediem.com\/wp-content\/uploads\/2016\/12\/ZCD-Logo-for-eBay-dec-2016-200x150px.png","contentUrl":"https:\/\/www.zonacarpediem.com\/wp-content\/uploads\/2016\/12\/ZCD-Logo-for-eBay-dec-2016-200x150px.png","width":200,"height":150,"caption":"Zona Carpe Diem"},"image":{"@id":"https:\/\/www.zonacarpediem.com\/en\/#\/schema\/logo\/image\/"},"sameAs":["https:\/\/www.facebook.com\/ZonaCarpeDiem"]}]}},"_links":{"self":[{"href":"https:\/\/www.zonacarpediem.com\/en\/wp-json\/wp\/v2\/product\/6384","targetHints":{"allow":["GET"]}}],"collection":[{"href":"https:\/\/www.zonacarpediem.com\/en\/wp-json\/wp\/v2\/product"}],"about":[{"href":"https:\/\/www.zonacarpediem.com\/en\/wp-json\/wp\/v2\/types\/product"}],"wp:featuredmedia":[{"embeddable":true,"href":"https:\/\/www.zonacarpediem.com\/en\/wp-json\/wp\/v2\/media\/6388"}],"wp:attachment":[{"href":"https:\/\/www.zonacarpediem.com\/en\/wp-json\/wp\/v2\/media?parent=6384"}],"wp:term":[{"taxonomy":"product_brand","embeddable":true,"href":"https:\/\/www.zonacarpediem.com\/en\/wp-json\/wp\/v2\/product_brand?post=6384"},{"taxonomy":"product_cat","embeddable":true,"href":"https:\/\/www.zonacarpediem.com\/en\/wp-json\/wp\/v2\/product_cat?post=6384"},{"taxonomy":"product_tag","embeddable":true,"href":"https:\/\/www.zonacarpediem.com\/en\/wp-json\/wp\/v2\/product_tag?post=6384"}],"curies":[{"name":"wp","href":"https:\/\/api.w.org\/{rel}","templated":true}]}}