{"id":6504,"date":"2025-12-24T11:06:00","date_gmt":"2025-12-24T10:06:00","guid":{"rendered":"https:\/\/www.zonacarpediem.com\/?post_type=product&#038;p=6504"},"modified":"2025-12-24T11:22:23","modified_gmt":"2025-12-24T10:22:23","slug":"tarot-la-baraja-del-camino-con-libro","status":"publish","type":"product","link":"https:\/\/www.zonacarpediem.com\/en\/shop\/tarots-en\/tarot-la-baraja-del-camino-con-libro\/","title":{"rendered":"TAROT LA BARAJA DEL CAMINO mazo + libro B. LECUONA"},"content":{"rendered":"<p><strong>ORIGINAL TAROT LA BARAJA DEL CAMINO (nuevo precintado) de BEATRIZ LECUONA con libro + baraja<br \/>\nFABRICADO EN ESPA\u00d1A POR \u00c9RIDE EDICIONES<\/strong><\/p>\n<p>22 arcanos mayores en precioso estuche protector de tapa blanda.<\/p>\n<p>Este sencillo manual de Tarot va dirigido tanto a principiantes como avanzados en el tema de la cartomancia, cuyo arte adivinatorio por medio de las cartas, le es de interesante valor y utilidad.<br \/>\nSus claras interpretaciones, as\u00ed como los pasos breves y amenos propuestos en el libro para convertirse en un experto cartom\u00e1ntico, hacen de la Baraja del Camino un ventajoso instrumento para la realizaci\u00f3n de consultas y de predicciones futuras. A medida que el lector se sienta m\u00e1s familiarizado con este manual, terminar\u00e1 por ampliar su mundo m\u00e1s creativo, para convertirse, con su proio entrenamiento, en un verdadero especialista.<\/p>\n<p>Cartas que tienen como objetivo despertar la mente del hombre a otros niveles, a trav\u00e9s de los cuales pueda acceder a otra sabidur\u00eda, a otros conocimientos que permitan saber y anticipar, as\u00ed como tambi\u00e9n encontrar el bienestar interior.<\/p>\n<p>El tarot es una baraja de naipes que, adem\u00e1s de servir para jugar, se usa a menudo como medio de \u201cadivinaci\u00f3n\u201d del pasado, de la situaci\u00f3n presente del consultante y algunas veces del futuro, por lo que constituir\u00eda un tipo de cartomancia.<br \/>\nSus or\u00edgenes datan al menos del siglo XIV, no teniendo fundamento llevar sus ra\u00edces m\u00e1s atr\u00e1s en la historia.<\/p>\n<p>&nbsp;<\/p>\n<p><em>Este es un producto original de calidad, fabricado en Espa\u00f1a. Esta no es una copia no autorizada.<br \/>\nEnviamos el art\u00edculo desde Espa\u00f1a a todo el mundo, certificado, con n\u00famero de seguimiento.<\/em><\/p>\n<p>&nbsp;<\/p>\n","protected":false},"excerpt":{"rendered":"<p>ORIGINAL TAROT LA BARAJA DEL CAMINO, de BEATRIZ LECUONA &#8211; libro + baraja, FABRICADO EN ESPA\u00d1A POR \u00c9RIDE EDICIONES<\/p>\n","protected":false},"featured_media":6506,"template":"","meta":[],"product_brand":[],"product_cat":[163],"product_tag":[],"class_list":{"0":"post-6504","1":"product","2":"type-product","3":"status-publish","4":"has-post-thumbnail","6":"product_cat-tarots-en","8":"first","9":"instock","10":"shipping-taxable","11":"purchasable","12":"product-type-simple"},"yoast_head":"<!-- This site is optimized with the Yoast SEO plugin v26.7 - https:\/\/yoast.com\/wordpress\/plugins\/seo\/ -->\n<title>TAROT LA BARAJA DEL CAMINO mazo + libro B. LECUONA - Zona Carpe Diem<\/title>\n<meta name=\"description\" content=\"Comprar EL TAROT DEL SIGLO DE ORO + LIBRO B. Pacheco EDICI\u00d3N CONMEMORATIVA MUY RARA\" \/>\n<meta name=\"robots\" content=\"index, follow, max-snippet:-1, max-image-preview:large, max-video-preview:-1\" \/>\n<link rel=\"canonical\" href=\"https:\/\/www.zonacarpediem.com\/en\/shop\/tarots-en\/tarot-la-baraja-del-camino-con-libro\/\" \/>\n<meta property=\"og:locale\" content=\"en_US\" \/>\n<meta property=\"og:type\" content=\"article\" \/>\n<meta property=\"og:title\" content=\"TAROT LA BARAJA DEL CAMINO mazo + libro B. LECUONA - Zona Carpe Diem\" \/>\n<meta property=\"og:description\" content=\"Comprar EL TAROT DEL SIGLO DE ORO + LIBRO B. Pacheco EDICI\u00d3N CONMEMORATIVA MUY RARA\" \/>\n<meta property=\"og:url\" content=\"https:\/\/www.zonacarpediem.com\/en\/shop\/tarots-en\/tarot-la-baraja-del-camino-con-libro\/\" \/>\n<meta property=\"og:site_name\" content=\"Zona Carpe Diem\" \/>\n<meta property=\"article:publisher\" content=\"https:\/\/www.facebook.com\/ZonaCarpeDiem\" \/>\n<meta property=\"article:modified_time\" content=\"2025-12-24T10:22:23+00:00\" \/>\n<meta property=\"og:image\" content=\"https:\/\/www.zonacarpediem.com\/wp-content\/uploads\/2025\/12\/i5313891719.webp\" \/>\n\t<meta property=\"og:image:width\" content=\"640\" \/>\n\t<meta property=\"og:image:height\" content=\"853\" \/>\n\t<meta property=\"og:image:type\" content=\"image\/webp\" \/>\n<meta name=\"twitter:label1\" content=\"Est. reading time\" \/>\n\t<meta name=\"twitter:data1\" content=\"2 minutes\" \/>\n<script type=\"application\/ld+json\" class=\"yoast-schema-graph\">{\"@context\":\"https:\/\/schema.org\",\"@graph\":[{\"@type\":\"WebPage\",\"@id\":\"https:\/\/www.zonacarpediem.com\/en\/shop\/tarots-en\/tarot-la-baraja-del-camino-con-libro\/\",\"url\":\"https:\/\/www.zonacarpediem.com\/en\/shop\/tarots-en\/tarot-la-baraja-del-camino-con-libro\/\",\"name\":\"TAROT LA BARAJA DEL CAMINO mazo + libro B. LECUONA - Zona Carpe Diem\",\"isPartOf\":{\"@id\":\"https:\/\/www.zonacarpediem.com\/en\/#website\"},\"primaryImageOfPage\":{\"@id\":\"https:\/\/www.zonacarpediem.com\/en\/shop\/tarots-en\/tarot-la-baraja-del-camino-con-libro\/#primaryimage\"},\"image\":{\"@id\":\"https:\/\/www.zonacarpediem.com\/en\/shop\/tarots-en\/tarot-la-baraja-del-camino-con-libro\/#primaryimage\"},\"thumbnailUrl\":\"https:\/\/www.zonacarpediem.com\/wp-content\/uploads\/2025\/12\/i5313891719.webp\",\"datePublished\":\"2025-12-24T10:06:00+00:00\",\"dateModified\":\"2025-12-24T10:22:23+00:00\",\"description\":\"Comprar EL TAROT DEL SIGLO DE ORO + LIBRO B. Pacheco EDICI\u00d3N CONMEMORATIVA MUY RARA\",\"breadcrumb\":{\"@id\":\"https:\/\/www.zonacarpediem.com\/en\/shop\/tarots-en\/tarot-la-baraja-del-camino-con-libro\/#breadcrumb\"},\"inLanguage\":\"en-US\",\"potentialAction\":[{\"@type\":\"ReadAction\",\"target\":[\"https:\/\/www.zonacarpediem.com\/en\/shop\/tarots-en\/tarot-la-baraja-del-camino-con-libro\/\"]}]},{\"@type\":\"ImageObject\",\"inLanguage\":\"en-US\",\"@id\":\"https:\/\/www.zonacarpediem.com\/en\/shop\/tarots-en\/tarot-la-baraja-del-camino-con-libro\/#primaryimage\",\"url\":\"https:\/\/www.zonacarpediem.com\/wp-content\/uploads\/2025\/12\/i5313891719.webp\",\"contentUrl\":\"https:\/\/www.zonacarpediem.com\/wp-content\/uploads\/2025\/12\/i5313891719.webp\",\"width\":640,\"height\":853,\"caption\":\"ORIGINAL TAROT LA BARAJA DEL CAMINO, de BEATRIZ LECUONA - libro + baraja, FABRICADO EN ESPA\u00d1A POR \u00c9RIDE EDICIONES\"},{\"@type\":\"BreadcrumbList\",\"@id\":\"https:\/\/www.zonacarpediem.com\/en\/shop\/tarots-en\/tarot-la-baraja-del-camino-con-libro\/#breadcrumb\",\"itemListElement\":[{\"@type\":\"ListItem\",\"position\":1,\"name\":\"Home\",\"item\":\"https:\/\/www.zonacarpediem.com\/en\/home-us\/\"},{\"@type\":\"ListItem\",\"position\":2,\"name\":\"Products\",\"item\":\"https:\/\/www.zonacarpediem.com\/en\/products\/\"},{\"@type\":\"ListItem\",\"position\":3,\"name\":\"TAROT LA BARAJA DEL CAMINO mazo + libro B. LECUONA\"}]},{\"@type\":\"WebSite\",\"@id\":\"https:\/\/www.zonacarpediem.com\/en\/#website\",\"url\":\"https:\/\/www.zonacarpediem.com\/en\/\",\"name\":\"Zona Carpe Diem\",\"description\":\"Buy with Confidence and Flirt with Brilliance, Passion Lives Here!\",\"publisher\":{\"@id\":\"https:\/\/www.zonacarpediem.com\/en\/#organization\"},\"potentialAction\":[{\"@type\":\"SearchAction\",\"target\":{\"@type\":\"EntryPoint\",\"urlTemplate\":\"https:\/\/www.zonacarpediem.com\/en\/?s={search_term_string}\"},\"query-input\":{\"@type\":\"PropertyValueSpecification\",\"valueRequired\":true,\"valueName\":\"search_term_string\"}}],\"inLanguage\":\"en-US\"},{\"@type\":\"Organization\",\"@id\":\"https:\/\/www.zonacarpediem.com\/en\/#organization\",\"name\":\"Zona Carpe Diem\",\"url\":\"https:\/\/www.zonacarpediem.com\/en\/\",\"logo\":{\"@type\":\"ImageObject\",\"inLanguage\":\"en-US\",\"@id\":\"https:\/\/www.zonacarpediem.com\/en\/#\/schema\/logo\/image\/\",\"url\":\"https:\/\/www.zonacarpediem.com\/wp-content\/uploads\/2016\/12\/ZCD-Logo-for-eBay-dec-2016-200x150px.png\",\"contentUrl\":\"https:\/\/www.zonacarpediem.com\/wp-content\/uploads\/2016\/12\/ZCD-Logo-for-eBay-dec-2016-200x150px.png\",\"width\":200,\"height\":150,\"caption\":\"Zona Carpe Diem\"},\"image\":{\"@id\":\"https:\/\/www.zonacarpediem.com\/en\/#\/schema\/logo\/image\/\"},\"sameAs\":[\"https:\/\/www.facebook.com\/ZonaCarpeDiem\"]}]}<\/script>\n<!-- \/ Yoast SEO plugin. -->","yoast_head_json":{"title":"TAROT LA BARAJA DEL CAMINO mazo + libro B. LECUONA - Zona Carpe Diem","description":"Comprar EL TAROT DEL SIGLO DE ORO + LIBRO B. Pacheco EDICI\u00d3N CONMEMORATIVA MUY RARA","robots":{"index":"index","follow":"follow","max-snippet":"max-snippet:-1","max-image-preview":"max-image-preview:large","max-video-preview":"max-video-preview:-1"},"canonical":"https:\/\/www.zonacarpediem.com\/en\/shop\/tarots-en\/tarot-la-baraja-del-camino-con-libro\/","og_locale":"en_US","og_type":"article","og_title":"TAROT LA BARAJA DEL CAMINO mazo + libro B. LECUONA - Zona Carpe Diem","og_description":"Comprar EL TAROT DEL SIGLO DE ORO + LIBRO B. Pacheco EDICI\u00d3N CONMEMORATIVA MUY RARA","og_url":"https:\/\/www.zonacarpediem.com\/en\/shop\/tarots-en\/tarot-la-baraja-del-camino-con-libro\/","og_site_name":"Zona Carpe Diem","article_publisher":"https:\/\/www.facebook.com\/ZonaCarpeDiem","article_modified_time":"2025-12-24T10:22:23+00:00","og_image":[{"width":640,"height":853,"url":"https:\/\/www.zonacarpediem.com\/wp-content\/uploads\/2025\/12\/i5313891719.webp","type":"image\/webp"}],"twitter_misc":{"Est. reading time":"2 minutes"},"schema":{"@context":"https:\/\/schema.org","@graph":[{"@type":"WebPage","@id":"https:\/\/www.zonacarpediem.com\/en\/shop\/tarots-en\/tarot-la-baraja-del-camino-con-libro\/","url":"https:\/\/www.zonacarpediem.com\/en\/shop\/tarots-en\/tarot-la-baraja-del-camino-con-libro\/","name":"TAROT LA BARAJA DEL CAMINO mazo + libro B. LECUONA - Zona Carpe Diem","isPartOf":{"@id":"https:\/\/www.zonacarpediem.com\/en\/#website"},"primaryImageOfPage":{"@id":"https:\/\/www.zonacarpediem.com\/en\/shop\/tarots-en\/tarot-la-baraja-del-camino-con-libro\/#primaryimage"},"image":{"@id":"https:\/\/www.zonacarpediem.com\/en\/shop\/tarots-en\/tarot-la-baraja-del-camino-con-libro\/#primaryimage"},"thumbnailUrl":"https:\/\/www.zonacarpediem.com\/wp-content\/uploads\/2025\/12\/i5313891719.webp","datePublished":"2025-12-24T10:06:00+00:00","dateModified":"2025-12-24T10:22:23+00:00","description":"Comprar EL TAROT DEL SIGLO DE ORO + LIBRO B. Pacheco EDICI\u00d3N CONMEMORATIVA MUY RARA","breadcrumb":{"@id":"https:\/\/www.zonacarpediem.com\/en\/shop\/tarots-en\/tarot-la-baraja-del-camino-con-libro\/#breadcrumb"},"inLanguage":"en-US","potentialAction":[{"@type":"ReadAction","target":["https:\/\/www.zonacarpediem.com\/en\/shop\/tarots-en\/tarot-la-baraja-del-camino-con-libro\/"]}]},{"@type":"ImageObject","inLanguage":"en-US","@id":"https:\/\/www.zonacarpediem.com\/en\/shop\/tarots-en\/tarot-la-baraja-del-camino-con-libro\/#primaryimage","url":"https:\/\/www.zonacarpediem.com\/wp-content\/uploads\/2025\/12\/i5313891719.webp","contentUrl":"https:\/\/www.zonacarpediem.com\/wp-content\/uploads\/2025\/12\/i5313891719.webp","width":640,"height":853,"caption":"ORIGINAL TAROT LA BARAJA DEL CAMINO, de BEATRIZ LECUONA - libro + baraja, FABRICADO EN ESPA\u00d1A POR \u00c9RIDE EDICIONES"},{"@type":"BreadcrumbList","@id":"https:\/\/www.zonacarpediem.com\/en\/shop\/tarots-en\/tarot-la-baraja-del-camino-con-libro\/#breadcrumb","itemListElement":[{"@type":"ListItem","position":1,"name":"Home","item":"https:\/\/www.zonacarpediem.com\/en\/home-us\/"},{"@type":"ListItem","position":2,"name":"Products","item":"https:\/\/www.zonacarpediem.com\/en\/products\/"},{"@type":"ListItem","position":3,"name":"TAROT LA BARAJA DEL CAMINO mazo + libro B. LECUONA"}]},{"@type":"WebSite","@id":"https:\/\/www.zonacarpediem.com\/en\/#website","url":"https:\/\/www.zonacarpediem.com\/en\/","name":"Zona Carpe Diem","description":"Buy with Confidence and Flirt with Brilliance, Passion Lives Here!","publisher":{"@id":"https:\/\/www.zonacarpediem.com\/en\/#organization"},"potentialAction":[{"@type":"SearchAction","target":{"@type":"EntryPoint","urlTemplate":"https:\/\/www.zonacarpediem.com\/en\/?s={search_term_string}"},"query-input":{"@type":"PropertyValueSpecification","valueRequired":true,"valueName":"search_term_string"}}],"inLanguage":"en-US"},{"@type":"Organization","@id":"https:\/\/www.zonacarpediem.com\/en\/#organization","name":"Zona Carpe Diem","url":"https:\/\/www.zonacarpediem.com\/en\/","logo":{"@type":"ImageObject","inLanguage":"en-US","@id":"https:\/\/www.zonacarpediem.com\/en\/#\/schema\/logo\/image\/","url":"https:\/\/www.zonacarpediem.com\/wp-content\/uploads\/2016\/12\/ZCD-Logo-for-eBay-dec-2016-200x150px.png","contentUrl":"https:\/\/www.zonacarpediem.com\/wp-content\/uploads\/2016\/12\/ZCD-Logo-for-eBay-dec-2016-200x150px.png","width":200,"height":150,"caption":"Zona Carpe Diem"},"image":{"@id":"https:\/\/www.zonacarpediem.com\/en\/#\/schema\/logo\/image\/"},"sameAs":["https:\/\/www.facebook.com\/ZonaCarpeDiem"]}]}},"_links":{"self":[{"href":"https:\/\/www.zonacarpediem.com\/en\/wp-json\/wp\/v2\/product\/6504","targetHints":{"allow":["GET"]}}],"collection":[{"href":"https:\/\/www.zonacarpediem.com\/en\/wp-json\/wp\/v2\/product"}],"about":[{"href":"https:\/\/www.zonacarpediem.com\/en\/wp-json\/wp\/v2\/types\/product"}],"wp:featuredmedia":[{"embeddable":true,"href":"https:\/\/www.zonacarpediem.com\/en\/wp-json\/wp\/v2\/media\/6506"}],"wp:attachment":[{"href":"https:\/\/www.zonacarpediem.com\/en\/wp-json\/wp\/v2\/media?parent=6504"}],"wp:term":[{"taxonomy":"product_brand","embeddable":true,"href":"https:\/\/www.zonacarpediem.com\/en\/wp-json\/wp\/v2\/product_brand?post=6504"},{"taxonomy":"product_cat","embeddable":true,"href":"https:\/\/www.zonacarpediem.com\/en\/wp-json\/wp\/v2\/product_cat?post=6504"},{"taxonomy":"product_tag","embeddable":true,"href":"https:\/\/www.zonacarpediem.com\/en\/wp-json\/wp\/v2\/product_tag?post=6504"}],"curies":[{"name":"wp","href":"https:\/\/api.w.org\/{rel}","templated":true}]}}