{"id":6536,"date":"2025-12-24T13:00:22","date_gmt":"2025-12-24T12:00:22","guid":{"rendered":"https:\/\/www.zonacarpediem.com\/?post_type=product&#038;p=6536"},"modified":"2025-12-24T13:10:19","modified_gmt":"2025-12-24T12:10:19","slug":"baraja-espanola-neoclasica-jose-martinez-heraclio-fournier","status":"publish","type":"product","link":"https:\/\/www.zonacarpediem.com\/en\/shop\/tarots-en\/baraja-espanola-neoclasica-jose-martinez-heraclio-fournier\/","title":{"rendered":"Baraja Espa\u00f1ola NEOCLASICA 1810 DE JOS\u00c9 MARTINEZ"},"content":{"rendered":"<p><strong>ORIGINAL BARAJA ESPA\u00d1OLA NEOCL\u00c1SICA 1810,\u00a0ARTE DE JOS\u00c9 MARTINEZ &#8211;\u00a0<\/strong><strong>RARA Y DE COLECCI\u00d3N<\/strong><\/p>\n<p><strong>CONSTA DE 48 CARTAS ESTUPENDAS A TODO COLOR Y 2 CARTAS DE PRESENTACI\u00d3N EN ESPA\u00d1OL<\/strong><\/p>\n<p><strong>FABRICADO EN ESPA\u00d1A POR HERACLIO FOURNIER, VITORIA<\/strong><br \/>\nHist\u00f3rico fabricante de naipes espa\u00f1ol conocido en todo el mundo por la calidad de sus productos.<\/p>\n<p>&nbsp;<\/p>\n<p>600 A\u00f1os de Naipes en EUROPA 1377-1977<\/p>\n<p>Reproducci\u00f3n de la grabada por Jos\u00e9 Mart\u00ednez en la Real F\u00e1brica de Clemente Roxas en Madrid en el a\u00f1o 1810.<\/p>\n<p>Creada en 1977 por Heraclio Fournier con motivo de los 600 a\u00f1os de naipes en Europa.<\/p>\n<p>&nbsp;<\/p>\n<p><em>Este es un producto original de calidad, fabricado en Espa\u00f1a. Esta no es una copia no autorizada.<br \/>\nEnviamos el art\u00edculo desde Espa\u00f1a a todo el mundo, certificado, con n\u00famero de seguimiento.<\/em><\/p>\n<p>&nbsp;<\/p>\n","protected":false},"excerpt":{"rendered":"<p>Original BARAJA ESPA\u00d1OLA NEOCL\u00c1SICA 1810, DE JOS\u00c9 MARTINEZ, reproducci\u00f3n HERACLIO FOURNIER 1377-1977 rara y de colecci\u00f3n<\/p>\n","protected":false},"featured_media":6538,"template":"","meta":[],"product_brand":[],"product_cat":[163],"product_tag":[],"class_list":{"0":"post-6536","1":"product","2":"type-product","3":"status-publish","4":"has-post-thumbnail","6":"product_cat-tarots-en","8":"first","9":"instock","10":"shipping-taxable","11":"purchasable","12":"product-type-simple"},"yoast_head":"<!-- This site is optimized with the Yoast SEO plugin v26.7 - https:\/\/yoast.com\/wordpress\/plugins\/seo\/ -->\n<title>Baraja Espa\u00f1ola NEOCLASICA 1810 DE JOS\u00c9 MARTINEZ - Zona Carpe Diem<\/title>\n<meta name=\"description\" content=\"Comprar INICIACI\u00d3N AL TAROT DE MARSEILLA, a cargo de Miguel Fern\u00e1ndez-Pacheco, con dibujos de Antonio Santos, sin necesidad de libro alguno, ideal para conocer el sentido de cada naipe.\" \/>\n<meta name=\"robots\" content=\"index, follow, max-snippet:-1, max-image-preview:large, max-video-preview:-1\" \/>\n<link rel=\"canonical\" href=\"https:\/\/www.zonacarpediem.com\/en\/shop\/tarots-en\/baraja-espanola-neoclasica-jose-martinez-heraclio-fournier\/\" \/>\n<meta property=\"og:locale\" content=\"en_US\" \/>\n<meta property=\"og:type\" content=\"article\" \/>\n<meta property=\"og:title\" content=\"Baraja Espa\u00f1ola NEOCLASICA 1810 DE JOS\u00c9 MARTINEZ - Zona Carpe Diem\" \/>\n<meta property=\"og:description\" content=\"Comprar INICIACI\u00d3N AL TAROT DE MARSEILLA, a cargo de Miguel Fern\u00e1ndez-Pacheco, con dibujos de Antonio Santos, sin necesidad de libro alguno, ideal para conocer el sentido de cada naipe.\" \/>\n<meta property=\"og:url\" content=\"https:\/\/www.zonacarpediem.com\/en\/shop\/tarots-en\/baraja-espanola-neoclasica-jose-martinez-heraclio-fournier\/\" \/>\n<meta property=\"og:site_name\" content=\"Zona Carpe Diem\" \/>\n<meta property=\"article:publisher\" content=\"https:\/\/www.facebook.com\/ZonaCarpeDiem\" \/>\n<meta property=\"article:modified_time\" content=\"2025-12-24T12:10:19+00:00\" \/>\n<meta property=\"og:image\" content=\"https:\/\/www.zonacarpediem.com\/wp-content\/uploads\/2025\/12\/Baraja-Neoclasica-3.jpg\" \/>\n\t<meta property=\"og:image:width\" content=\"640\" \/>\n\t<meta property=\"og:image:height\" content=\"784\" \/>\n\t<meta property=\"og:image:type\" content=\"image\/jpeg\" \/>\n<meta name=\"twitter:label1\" content=\"Est. reading time\" \/>\n\t<meta name=\"twitter:data1\" content=\"2 minutes\" \/>\n<script type=\"application\/ld+json\" class=\"yoast-schema-graph\">{\"@context\":\"https:\/\/schema.org\",\"@graph\":[{\"@type\":\"WebPage\",\"@id\":\"https:\/\/www.zonacarpediem.com\/en\/shop\/tarots-en\/baraja-espanola-neoclasica-jose-martinez-heraclio-fournier\/\",\"url\":\"https:\/\/www.zonacarpediem.com\/en\/shop\/tarots-en\/baraja-espanola-neoclasica-jose-martinez-heraclio-fournier\/\",\"name\":\"Baraja Espa\u00f1ola NEOCLASICA 1810 DE JOS\u00c9 MARTINEZ - Zona Carpe Diem\",\"isPartOf\":{\"@id\":\"https:\/\/www.zonacarpediem.com\/en\/#website\"},\"primaryImageOfPage\":{\"@id\":\"https:\/\/www.zonacarpediem.com\/en\/shop\/tarots-en\/baraja-espanola-neoclasica-jose-martinez-heraclio-fournier\/#primaryimage\"},\"image\":{\"@id\":\"https:\/\/www.zonacarpediem.com\/en\/shop\/tarots-en\/baraja-espanola-neoclasica-jose-martinez-heraclio-fournier\/#primaryimage\"},\"thumbnailUrl\":\"https:\/\/www.zonacarpediem.com\/wp-content\/uploads\/2025\/12\/Baraja-Neoclasica-3.jpg\",\"datePublished\":\"2025-12-24T12:00:22+00:00\",\"dateModified\":\"2025-12-24T12:10:19+00:00\",\"description\":\"Comprar INICIACI\u00d3N AL TAROT DE MARSEILLA, a cargo de Miguel Fern\u00e1ndez-Pacheco, con dibujos de Antonio Santos, sin necesidad de libro alguno, ideal para conocer el sentido de cada naipe.\",\"breadcrumb\":{\"@id\":\"https:\/\/www.zonacarpediem.com\/en\/shop\/tarots-en\/baraja-espanola-neoclasica-jose-martinez-heraclio-fournier\/#breadcrumb\"},\"inLanguage\":\"en-US\",\"potentialAction\":[{\"@type\":\"ReadAction\",\"target\":[\"https:\/\/www.zonacarpediem.com\/en\/shop\/tarots-en\/baraja-espanola-neoclasica-jose-martinez-heraclio-fournier\/\"]}]},{\"@type\":\"ImageObject\",\"inLanguage\":\"en-US\",\"@id\":\"https:\/\/www.zonacarpediem.com\/en\/shop\/tarots-en\/baraja-espanola-neoclasica-jose-martinez-heraclio-fournier\/#primaryimage\",\"url\":\"https:\/\/www.zonacarpediem.com\/wp-content\/uploads\/2025\/12\/Baraja-Neoclasica-3.jpg\",\"contentUrl\":\"https:\/\/www.zonacarpediem.com\/wp-content\/uploads\/2025\/12\/Baraja-Neoclasica-3.jpg\",\"width\":640,\"height\":784,\"caption\":\"Original BARAJA ESPA\u00d1OLA NEOCL\u00c1SICA 1810, DE JOS\u00c9 MARTINEZ, reproducci\u00f3n HERACLIO FOURNIER 1377-1977 rara y de colecci\u00f3n\"},{\"@type\":\"BreadcrumbList\",\"@id\":\"https:\/\/www.zonacarpediem.com\/en\/shop\/tarots-en\/baraja-espanola-neoclasica-jose-martinez-heraclio-fournier\/#breadcrumb\",\"itemListElement\":[{\"@type\":\"ListItem\",\"position\":1,\"name\":\"Home\",\"item\":\"https:\/\/www.zonacarpediem.com\/en\/home-us\/\"},{\"@type\":\"ListItem\",\"position\":2,\"name\":\"Products\",\"item\":\"https:\/\/www.zonacarpediem.com\/en\/products\/\"},{\"@type\":\"ListItem\",\"position\":3,\"name\":\"Baraja Espa\u00f1ola NEOCLASICA 1810 DE JOS\u00c9 MARTINEZ\"}]},{\"@type\":\"WebSite\",\"@id\":\"https:\/\/www.zonacarpediem.com\/en\/#website\",\"url\":\"https:\/\/www.zonacarpediem.com\/en\/\",\"name\":\"Zona Carpe Diem\",\"description\":\"Buy with Confidence and Flirt with Brilliance, Passion Lives Here!\",\"publisher\":{\"@id\":\"https:\/\/www.zonacarpediem.com\/en\/#organization\"},\"potentialAction\":[{\"@type\":\"SearchAction\",\"target\":{\"@type\":\"EntryPoint\",\"urlTemplate\":\"https:\/\/www.zonacarpediem.com\/en\/?s={search_term_string}\"},\"query-input\":{\"@type\":\"PropertyValueSpecification\",\"valueRequired\":true,\"valueName\":\"search_term_string\"}}],\"inLanguage\":\"en-US\"},{\"@type\":\"Organization\",\"@id\":\"https:\/\/www.zonacarpediem.com\/en\/#organization\",\"name\":\"Zona Carpe Diem\",\"url\":\"https:\/\/www.zonacarpediem.com\/en\/\",\"logo\":{\"@type\":\"ImageObject\",\"inLanguage\":\"en-US\",\"@id\":\"https:\/\/www.zonacarpediem.com\/en\/#\/schema\/logo\/image\/\",\"url\":\"https:\/\/www.zonacarpediem.com\/wp-content\/uploads\/2016\/12\/ZCD-Logo-for-eBay-dec-2016-200x150px.png\",\"contentUrl\":\"https:\/\/www.zonacarpediem.com\/wp-content\/uploads\/2016\/12\/ZCD-Logo-for-eBay-dec-2016-200x150px.png\",\"width\":200,\"height\":150,\"caption\":\"Zona Carpe Diem\"},\"image\":{\"@id\":\"https:\/\/www.zonacarpediem.com\/en\/#\/schema\/logo\/image\/\"},\"sameAs\":[\"https:\/\/www.facebook.com\/ZonaCarpeDiem\"]}]}<\/script>\n<!-- \/ Yoast SEO plugin. -->","yoast_head_json":{"title":"Baraja Espa\u00f1ola NEOCLASICA 1810 DE JOS\u00c9 MARTINEZ - Zona Carpe Diem","description":"Comprar INICIACI\u00d3N AL TAROT DE MARSEILLA, a cargo de Miguel Fern\u00e1ndez-Pacheco, con dibujos de Antonio Santos, sin necesidad de libro alguno, ideal para conocer el sentido de cada naipe.","robots":{"index":"index","follow":"follow","max-snippet":"max-snippet:-1","max-image-preview":"max-image-preview:large","max-video-preview":"max-video-preview:-1"},"canonical":"https:\/\/www.zonacarpediem.com\/en\/shop\/tarots-en\/baraja-espanola-neoclasica-jose-martinez-heraclio-fournier\/","og_locale":"en_US","og_type":"article","og_title":"Baraja Espa\u00f1ola NEOCLASICA 1810 DE JOS\u00c9 MARTINEZ - Zona Carpe Diem","og_description":"Comprar INICIACI\u00d3N AL TAROT DE MARSEILLA, a cargo de Miguel Fern\u00e1ndez-Pacheco, con dibujos de Antonio Santos, sin necesidad de libro alguno, ideal para conocer el sentido de cada naipe.","og_url":"https:\/\/www.zonacarpediem.com\/en\/shop\/tarots-en\/baraja-espanola-neoclasica-jose-martinez-heraclio-fournier\/","og_site_name":"Zona Carpe Diem","article_publisher":"https:\/\/www.facebook.com\/ZonaCarpeDiem","article_modified_time":"2025-12-24T12:10:19+00:00","og_image":[{"width":640,"height":784,"url":"https:\/\/www.zonacarpediem.com\/wp-content\/uploads\/2025\/12\/Baraja-Neoclasica-3.jpg","type":"image\/jpeg"}],"twitter_misc":{"Est. reading time":"2 minutes"},"schema":{"@context":"https:\/\/schema.org","@graph":[{"@type":"WebPage","@id":"https:\/\/www.zonacarpediem.com\/en\/shop\/tarots-en\/baraja-espanola-neoclasica-jose-martinez-heraclio-fournier\/","url":"https:\/\/www.zonacarpediem.com\/en\/shop\/tarots-en\/baraja-espanola-neoclasica-jose-martinez-heraclio-fournier\/","name":"Baraja Espa\u00f1ola NEOCLASICA 1810 DE JOS\u00c9 MARTINEZ - Zona Carpe Diem","isPartOf":{"@id":"https:\/\/www.zonacarpediem.com\/en\/#website"},"primaryImageOfPage":{"@id":"https:\/\/www.zonacarpediem.com\/en\/shop\/tarots-en\/baraja-espanola-neoclasica-jose-martinez-heraclio-fournier\/#primaryimage"},"image":{"@id":"https:\/\/www.zonacarpediem.com\/en\/shop\/tarots-en\/baraja-espanola-neoclasica-jose-martinez-heraclio-fournier\/#primaryimage"},"thumbnailUrl":"https:\/\/www.zonacarpediem.com\/wp-content\/uploads\/2025\/12\/Baraja-Neoclasica-3.jpg","datePublished":"2025-12-24T12:00:22+00:00","dateModified":"2025-12-24T12:10:19+00:00","description":"Comprar INICIACI\u00d3N AL TAROT DE MARSEILLA, a cargo de Miguel Fern\u00e1ndez-Pacheco, con dibujos de Antonio Santos, sin necesidad de libro alguno, ideal para conocer el sentido de cada naipe.","breadcrumb":{"@id":"https:\/\/www.zonacarpediem.com\/en\/shop\/tarots-en\/baraja-espanola-neoclasica-jose-martinez-heraclio-fournier\/#breadcrumb"},"inLanguage":"en-US","potentialAction":[{"@type":"ReadAction","target":["https:\/\/www.zonacarpediem.com\/en\/shop\/tarots-en\/baraja-espanola-neoclasica-jose-martinez-heraclio-fournier\/"]}]},{"@type":"ImageObject","inLanguage":"en-US","@id":"https:\/\/www.zonacarpediem.com\/en\/shop\/tarots-en\/baraja-espanola-neoclasica-jose-martinez-heraclio-fournier\/#primaryimage","url":"https:\/\/www.zonacarpediem.com\/wp-content\/uploads\/2025\/12\/Baraja-Neoclasica-3.jpg","contentUrl":"https:\/\/www.zonacarpediem.com\/wp-content\/uploads\/2025\/12\/Baraja-Neoclasica-3.jpg","width":640,"height":784,"caption":"Original BARAJA ESPA\u00d1OLA NEOCL\u00c1SICA 1810, DE JOS\u00c9 MARTINEZ, reproducci\u00f3n HERACLIO FOURNIER 1377-1977 rara y de colecci\u00f3n"},{"@type":"BreadcrumbList","@id":"https:\/\/www.zonacarpediem.com\/en\/shop\/tarots-en\/baraja-espanola-neoclasica-jose-martinez-heraclio-fournier\/#breadcrumb","itemListElement":[{"@type":"ListItem","position":1,"name":"Home","item":"https:\/\/www.zonacarpediem.com\/en\/home-us\/"},{"@type":"ListItem","position":2,"name":"Products","item":"https:\/\/www.zonacarpediem.com\/en\/products\/"},{"@type":"ListItem","position":3,"name":"Baraja Espa\u00f1ola NEOCLASICA 1810 DE JOS\u00c9 MARTINEZ"}]},{"@type":"WebSite","@id":"https:\/\/www.zonacarpediem.com\/en\/#website","url":"https:\/\/www.zonacarpediem.com\/en\/","name":"Zona Carpe Diem","description":"Buy with Confidence and Flirt with Brilliance, Passion Lives Here!","publisher":{"@id":"https:\/\/www.zonacarpediem.com\/en\/#organization"},"potentialAction":[{"@type":"SearchAction","target":{"@type":"EntryPoint","urlTemplate":"https:\/\/www.zonacarpediem.com\/en\/?s={search_term_string}"},"query-input":{"@type":"PropertyValueSpecification","valueRequired":true,"valueName":"search_term_string"}}],"inLanguage":"en-US"},{"@type":"Organization","@id":"https:\/\/www.zonacarpediem.com\/en\/#organization","name":"Zona Carpe Diem","url":"https:\/\/www.zonacarpediem.com\/en\/","logo":{"@type":"ImageObject","inLanguage":"en-US","@id":"https:\/\/www.zonacarpediem.com\/en\/#\/schema\/logo\/image\/","url":"https:\/\/www.zonacarpediem.com\/wp-content\/uploads\/2016\/12\/ZCD-Logo-for-eBay-dec-2016-200x150px.png","contentUrl":"https:\/\/www.zonacarpediem.com\/wp-content\/uploads\/2016\/12\/ZCD-Logo-for-eBay-dec-2016-200x150px.png","width":200,"height":150,"caption":"Zona Carpe Diem"},"image":{"@id":"https:\/\/www.zonacarpediem.com\/en\/#\/schema\/logo\/image\/"},"sameAs":["https:\/\/www.facebook.com\/ZonaCarpeDiem"]}]}},"_links":{"self":[{"href":"https:\/\/www.zonacarpediem.com\/en\/wp-json\/wp\/v2\/product\/6536","targetHints":{"allow":["GET"]}}],"collection":[{"href":"https:\/\/www.zonacarpediem.com\/en\/wp-json\/wp\/v2\/product"}],"about":[{"href":"https:\/\/www.zonacarpediem.com\/en\/wp-json\/wp\/v2\/types\/product"}],"wp:featuredmedia":[{"embeddable":true,"href":"https:\/\/www.zonacarpediem.com\/en\/wp-json\/wp\/v2\/media\/6538"}],"wp:attachment":[{"href":"https:\/\/www.zonacarpediem.com\/en\/wp-json\/wp\/v2\/media?parent=6536"}],"wp:term":[{"taxonomy":"product_brand","embeddable":true,"href":"https:\/\/www.zonacarpediem.com\/en\/wp-json\/wp\/v2\/product_brand?post=6536"},{"taxonomy":"product_cat","embeddable":true,"href":"https:\/\/www.zonacarpediem.com\/en\/wp-json\/wp\/v2\/product_cat?post=6536"},{"taxonomy":"product_tag","embeddable":true,"href":"https:\/\/www.zonacarpediem.com\/en\/wp-json\/wp\/v2\/product_tag?post=6536"}],"curies":[{"name":"wp","href":"https:\/\/api.w.org\/{rel}","templated":true}]}}