{"id":6544,"date":"2025-12-24T13:17:27","date_gmt":"2025-12-24T12:17:27","guid":{"rendered":"https:\/\/www.zonacarpediem.com\/?post_type=product&#038;p=6544"},"modified":"2025-12-24T13:24:33","modified_gmt":"2025-12-24T12:24:33","slug":"baraja-zener-naipes-telepatia-mentalismo-percepcion-extrasensorial-ed-espanola","status":"publish","type":"product","link":"https:\/\/www.zonacarpediem.com\/en\/shop\/tarots-en\/baraja-zener-naipes-telepatia-mentalismo-percepcion-extrasensorial-ed-espanola\/","title":{"rendered":"BARAJA ZENER Ed. espa\u00f1ola"},"content":{"rendered":"<p><strong>Original BARAJA ZENER, naipes,\u00a0EDICI\u00d3N ESPA\u00d1OLA<\/strong><\/p>\n<p>&nbsp;<\/p>\n<p>Cartas Zener transmisi\u00f3n de pensamiento y telepat\u00eda. La baraja incluye 25 cartas.<\/p>\n<p>Una baraja de cartas ampliamente utilizadas por los psic\u00f3logos y parapsic\u00f3logos para llevar a cabo experimentos de percepci\u00f3n extrasensorial (ESP \/ PES) o clarividencia.<\/p>\n<p>F\u00e1cil de usar, una herramienta sencilla para desbloquear y descubrir su fuerza interior.<\/p>\n<p>La baraja Zener o ESP (en este caso en tama\u00f1o mini) es una gran herramienta para el mentalismo.<\/p>\n<p>La baraja Zener la forma un mazo de 25 naipes de 5 tipos distintos. Fueron utilizadas por el parapsic\u00f3logo J.B. Rhine y el Dr. Karl Zener con el fin de estudiar casos de aparente percepci\u00f3n extrasensorial principalmente clarividencia. Los distintos palos son cuadrado (?), c\u00edrculo (?), estrella (?), cruz (+) y l\u00edneas onduladas (???), fueron dise\u00f1ados como figuras simples pero distintas, de f\u00e1cil medici\u00f3n estad\u00edstica.<\/p>\n<p>Aunque los experimentos no arrojaron ning\u00fan resultado concluyente , las cartas ESP se han convertido en un arma perfecta y supervisual para realizar geniales efectos de mentalismo.<br \/>\na percepci\u00f3n extrasensorial (PES) es la supuesta capacidad de adquirir informaci\u00f3n sin que intervengan los sentidos. O al menos los sentidos conocidos. En este fen\u00f3meno suelen agruparse la telepat\u00eda, la adivinaci\u00f3n y la clarividencia, esto es, la facultad de adivinar hechos ocurridos en otros lugares. Aunque no hay evidencias cient\u00edficas de la existencia de alguno de estos portentos, todos ellos han sido estudiados de forma m\u00e1s o menos seria. En los a\u00f1os 30, el bot\u00e1nico Joseph Banks Rhine decidi\u00f3 utilizar una baraja ideada por el investigador del Departamento de Psicolog\u00eda de la Universidad de Duke Karl Zener para intentar demostrar la existencia de la telepat\u00eda. Constaba de 25 cartas divididas en grupos de 5, cada uno de los cuales presentaba una figura f\u00e1cil de recordar: estrella, c\u00edrculo, tri\u00e1ngulo, onda y m\u00e1s. Rhine mostraba entonces a sus ayudantes una carta boca abajo y les ped\u00eda que trataran de adivinar qu\u00e9 s\u00edmbolo conten\u00eda.<\/p>\n<p>Fueron dise\u00f1adas a principios de la d\u00e9cada de 1930 por el psic\u00f3logo de la percepci\u00f3n Karl Zener (1903\u20131964) para realizar experimentos con su colega, el parapsic\u00f3logo J.B. Rhine (1895\u20131980).<\/p>\n<p>&nbsp;<\/p>\n<p>&nbsp;<\/p>\n<p>Se vende la baraja en formato mini (ver tama\u00f1o). Recibir\u00e1s la baraja de la foto, precintada<\/p>\n<p>&nbsp;<\/p>\n<p><em>Este es un producto original de calidad, fabricado en Espa\u00f1a. Esta no es una copia no autorizada.<br \/>\nEnviamos el art\u00edculo desde Espa\u00f1a a todo el mundo, certificado, con n\u00famero de seguimiento.<\/em><\/p>\n<p>&nbsp;<\/p>\n","protected":false},"excerpt":{"rendered":"<p>BARAJA ZENER NAIPES, telepat\u00eda mentalismo percepci\u00f3n extrasensorial Ed. ESPA\u00d1OLA<\/p>\n","protected":false},"featured_media":6548,"template":"","meta":[],"product_brand":[],"product_cat":[163],"product_tag":[],"class_list":{"0":"post-6544","1":"product","2":"type-product","3":"status-publish","4":"has-post-thumbnail","6":"product_cat-tarots-en","8":"first","9":"instock","10":"shipping-taxable","11":"purchasable","12":"product-type-simple"},"yoast_head":"<!-- This site is optimized with the Yoast SEO plugin v26.7 - https:\/\/yoast.com\/wordpress\/plugins\/seo\/ -->\n<title>BARAJA ZENER Ed. espa\u00f1ola - Zona Carpe Diem<\/title>\n<meta name=\"description\" content=\"Comprar INICIACI\u00d3N AL TAROT DE MARSEILLA, a cargo de Miguel Fern\u00e1ndez-Pacheco, con dibujos de Antonio Santos, sin necesidad de libro alguno, ideal para conocer el sentido de cada naipe.\" \/>\n<meta name=\"robots\" content=\"index, follow, max-snippet:-1, max-image-preview:large, max-video-preview:-1\" \/>\n<link rel=\"canonical\" href=\"https:\/\/www.zonacarpediem.com\/en\/shop\/tarots-en\/baraja-zener-naipes-telepatia-mentalismo-percepcion-extrasensorial-ed-espanola\/\" \/>\n<meta property=\"og:locale\" content=\"en_US\" \/>\n<meta property=\"og:type\" content=\"article\" \/>\n<meta property=\"og:title\" content=\"BARAJA ZENER Ed. espa\u00f1ola - Zona Carpe Diem\" \/>\n<meta property=\"og:description\" content=\"Comprar INICIACI\u00d3N AL TAROT DE MARSEILLA, a cargo de Miguel Fern\u00e1ndez-Pacheco, con dibujos de Antonio Santos, sin necesidad de libro alguno, ideal para conocer el sentido de cada naipe.\" \/>\n<meta property=\"og:url\" content=\"https:\/\/www.zonacarpediem.com\/en\/shop\/tarots-en\/baraja-zener-naipes-telepatia-mentalismo-percepcion-extrasensorial-ed-espanola\/\" \/>\n<meta property=\"og:site_name\" content=\"Zona Carpe Diem\" \/>\n<meta property=\"article:publisher\" content=\"https:\/\/www.facebook.com\/ZonaCarpeDiem\" \/>\n<meta property=\"article:modified_time\" content=\"2025-12-24T12:24:33+00:00\" \/>\n<meta property=\"og:image\" content=\"https:\/\/www.zonacarpediem.com\/wp-content\/uploads\/2025\/12\/Baraja-Zener-1.jpg\" \/>\n\t<meta property=\"og:image:width\" content=\"640\" \/>\n\t<meta property=\"og:image:height\" content=\"890\" \/>\n\t<meta property=\"og:image:type\" content=\"image\/jpeg\" \/>\n<meta name=\"twitter:label1\" content=\"Est. reading time\" \/>\n\t<meta name=\"twitter:data1\" content=\"2 minutes\" \/>\n<script type=\"application\/ld+json\" class=\"yoast-schema-graph\">{\"@context\":\"https:\/\/schema.org\",\"@graph\":[{\"@type\":\"WebPage\",\"@id\":\"https:\/\/www.zonacarpediem.com\/en\/shop\/tarots-en\/baraja-zener-naipes-telepatia-mentalismo-percepcion-extrasensorial-ed-espanola\/\",\"url\":\"https:\/\/www.zonacarpediem.com\/en\/shop\/tarots-en\/baraja-zener-naipes-telepatia-mentalismo-percepcion-extrasensorial-ed-espanola\/\",\"name\":\"BARAJA ZENER Ed. espa\u00f1ola - Zona Carpe Diem\",\"isPartOf\":{\"@id\":\"https:\/\/www.zonacarpediem.com\/en\/#website\"},\"primaryImageOfPage\":{\"@id\":\"https:\/\/www.zonacarpediem.com\/en\/shop\/tarots-en\/baraja-zener-naipes-telepatia-mentalismo-percepcion-extrasensorial-ed-espanola\/#primaryimage\"},\"image\":{\"@id\":\"https:\/\/www.zonacarpediem.com\/en\/shop\/tarots-en\/baraja-zener-naipes-telepatia-mentalismo-percepcion-extrasensorial-ed-espanola\/#primaryimage\"},\"thumbnailUrl\":\"https:\/\/www.zonacarpediem.com\/wp-content\/uploads\/2025\/12\/Baraja-Zener-1.jpg\",\"datePublished\":\"2025-12-24T12:17:27+00:00\",\"dateModified\":\"2025-12-24T12:24:33+00:00\",\"description\":\"Comprar INICIACI\u00d3N AL TAROT DE MARSEILLA, a cargo de Miguel Fern\u00e1ndez-Pacheco, con dibujos de Antonio Santos, sin necesidad de libro alguno, ideal para conocer el sentido de cada naipe.\",\"breadcrumb\":{\"@id\":\"https:\/\/www.zonacarpediem.com\/en\/shop\/tarots-en\/baraja-zener-naipes-telepatia-mentalismo-percepcion-extrasensorial-ed-espanola\/#breadcrumb\"},\"inLanguage\":\"en-US\",\"potentialAction\":[{\"@type\":\"ReadAction\",\"target\":[\"https:\/\/www.zonacarpediem.com\/en\/shop\/tarots-en\/baraja-zener-naipes-telepatia-mentalismo-percepcion-extrasensorial-ed-espanola\/\"]}]},{\"@type\":\"ImageObject\",\"inLanguage\":\"en-US\",\"@id\":\"https:\/\/www.zonacarpediem.com\/en\/shop\/tarots-en\/baraja-zener-naipes-telepatia-mentalismo-percepcion-extrasensorial-ed-espanola\/#primaryimage\",\"url\":\"https:\/\/www.zonacarpediem.com\/wp-content\/uploads\/2025\/12\/Baraja-Zener-1.jpg\",\"contentUrl\":\"https:\/\/www.zonacarpediem.com\/wp-content\/uploads\/2025\/12\/Baraja-Zener-1.jpg\",\"width\":640,\"height\":890,\"caption\":\"BARAJA ZENER NAIPES telepat\u00eda mentalismo percepci\u00f3n extrasensorial Ed. ESPA\u00d1OLA\"},{\"@type\":\"BreadcrumbList\",\"@id\":\"https:\/\/www.zonacarpediem.com\/en\/shop\/tarots-en\/baraja-zener-naipes-telepatia-mentalismo-percepcion-extrasensorial-ed-espanola\/#breadcrumb\",\"itemListElement\":[{\"@type\":\"ListItem\",\"position\":1,\"name\":\"Home\",\"item\":\"https:\/\/www.zonacarpediem.com\/en\/home-us\/\"},{\"@type\":\"ListItem\",\"position\":2,\"name\":\"Products\",\"item\":\"https:\/\/www.zonacarpediem.com\/en\/products\/\"},{\"@type\":\"ListItem\",\"position\":3,\"name\":\"BARAJA ZENER Ed. espa\u00f1ola\"}]},{\"@type\":\"WebSite\",\"@id\":\"https:\/\/www.zonacarpediem.com\/en\/#website\",\"url\":\"https:\/\/www.zonacarpediem.com\/en\/\",\"name\":\"Zona Carpe Diem\",\"description\":\"Buy with Confidence and Flirt with Brilliance, Passion Lives Here!\",\"publisher\":{\"@id\":\"https:\/\/www.zonacarpediem.com\/en\/#organization\"},\"potentialAction\":[{\"@type\":\"SearchAction\",\"target\":{\"@type\":\"EntryPoint\",\"urlTemplate\":\"https:\/\/www.zonacarpediem.com\/en\/?s={search_term_string}\"},\"query-input\":{\"@type\":\"PropertyValueSpecification\",\"valueRequired\":true,\"valueName\":\"search_term_string\"}}],\"inLanguage\":\"en-US\"},{\"@type\":\"Organization\",\"@id\":\"https:\/\/www.zonacarpediem.com\/en\/#organization\",\"name\":\"Zona Carpe Diem\",\"url\":\"https:\/\/www.zonacarpediem.com\/en\/\",\"logo\":{\"@type\":\"ImageObject\",\"inLanguage\":\"en-US\",\"@id\":\"https:\/\/www.zonacarpediem.com\/en\/#\/schema\/logo\/image\/\",\"url\":\"https:\/\/www.zonacarpediem.com\/wp-content\/uploads\/2016\/12\/ZCD-Logo-for-eBay-dec-2016-200x150px.png\",\"contentUrl\":\"https:\/\/www.zonacarpediem.com\/wp-content\/uploads\/2016\/12\/ZCD-Logo-for-eBay-dec-2016-200x150px.png\",\"width\":200,\"height\":150,\"caption\":\"Zona Carpe Diem\"},\"image\":{\"@id\":\"https:\/\/www.zonacarpediem.com\/en\/#\/schema\/logo\/image\/\"},\"sameAs\":[\"https:\/\/www.facebook.com\/ZonaCarpeDiem\"]}]}<\/script>\n<!-- \/ Yoast SEO plugin. -->","yoast_head_json":{"title":"BARAJA ZENER Ed. espa\u00f1ola - Zona Carpe Diem","description":"Comprar INICIACI\u00d3N AL TAROT DE MARSEILLA, a cargo de Miguel Fern\u00e1ndez-Pacheco, con dibujos de Antonio Santos, sin necesidad de libro alguno, ideal para conocer el sentido de cada naipe.","robots":{"index":"index","follow":"follow","max-snippet":"max-snippet:-1","max-image-preview":"max-image-preview:large","max-video-preview":"max-video-preview:-1"},"canonical":"https:\/\/www.zonacarpediem.com\/en\/shop\/tarots-en\/baraja-zener-naipes-telepatia-mentalismo-percepcion-extrasensorial-ed-espanola\/","og_locale":"en_US","og_type":"article","og_title":"BARAJA ZENER Ed. espa\u00f1ola - Zona Carpe Diem","og_description":"Comprar INICIACI\u00d3N AL TAROT DE MARSEILLA, a cargo de Miguel Fern\u00e1ndez-Pacheco, con dibujos de Antonio Santos, sin necesidad de libro alguno, ideal para conocer el sentido de cada naipe.","og_url":"https:\/\/www.zonacarpediem.com\/en\/shop\/tarots-en\/baraja-zener-naipes-telepatia-mentalismo-percepcion-extrasensorial-ed-espanola\/","og_site_name":"Zona Carpe Diem","article_publisher":"https:\/\/www.facebook.com\/ZonaCarpeDiem","article_modified_time":"2025-12-24T12:24:33+00:00","og_image":[{"width":640,"height":890,"url":"https:\/\/www.zonacarpediem.com\/wp-content\/uploads\/2025\/12\/Baraja-Zener-1.jpg","type":"image\/jpeg"}],"twitter_misc":{"Est. reading time":"2 minutes"},"schema":{"@context":"https:\/\/schema.org","@graph":[{"@type":"WebPage","@id":"https:\/\/www.zonacarpediem.com\/en\/shop\/tarots-en\/baraja-zener-naipes-telepatia-mentalismo-percepcion-extrasensorial-ed-espanola\/","url":"https:\/\/www.zonacarpediem.com\/en\/shop\/tarots-en\/baraja-zener-naipes-telepatia-mentalismo-percepcion-extrasensorial-ed-espanola\/","name":"BARAJA ZENER Ed. espa\u00f1ola - Zona Carpe Diem","isPartOf":{"@id":"https:\/\/www.zonacarpediem.com\/en\/#website"},"primaryImageOfPage":{"@id":"https:\/\/www.zonacarpediem.com\/en\/shop\/tarots-en\/baraja-zener-naipes-telepatia-mentalismo-percepcion-extrasensorial-ed-espanola\/#primaryimage"},"image":{"@id":"https:\/\/www.zonacarpediem.com\/en\/shop\/tarots-en\/baraja-zener-naipes-telepatia-mentalismo-percepcion-extrasensorial-ed-espanola\/#primaryimage"},"thumbnailUrl":"https:\/\/www.zonacarpediem.com\/wp-content\/uploads\/2025\/12\/Baraja-Zener-1.jpg","datePublished":"2025-12-24T12:17:27+00:00","dateModified":"2025-12-24T12:24:33+00:00","description":"Comprar INICIACI\u00d3N AL TAROT DE MARSEILLA, a cargo de Miguel Fern\u00e1ndez-Pacheco, con dibujos de Antonio Santos, sin necesidad de libro alguno, ideal para conocer el sentido de cada naipe.","breadcrumb":{"@id":"https:\/\/www.zonacarpediem.com\/en\/shop\/tarots-en\/baraja-zener-naipes-telepatia-mentalismo-percepcion-extrasensorial-ed-espanola\/#breadcrumb"},"inLanguage":"en-US","potentialAction":[{"@type":"ReadAction","target":["https:\/\/www.zonacarpediem.com\/en\/shop\/tarots-en\/baraja-zener-naipes-telepatia-mentalismo-percepcion-extrasensorial-ed-espanola\/"]}]},{"@type":"ImageObject","inLanguage":"en-US","@id":"https:\/\/www.zonacarpediem.com\/en\/shop\/tarots-en\/baraja-zener-naipes-telepatia-mentalismo-percepcion-extrasensorial-ed-espanola\/#primaryimage","url":"https:\/\/www.zonacarpediem.com\/wp-content\/uploads\/2025\/12\/Baraja-Zener-1.jpg","contentUrl":"https:\/\/www.zonacarpediem.com\/wp-content\/uploads\/2025\/12\/Baraja-Zener-1.jpg","width":640,"height":890,"caption":"BARAJA ZENER NAIPES telepat\u00eda mentalismo percepci\u00f3n extrasensorial Ed. ESPA\u00d1OLA"},{"@type":"BreadcrumbList","@id":"https:\/\/www.zonacarpediem.com\/en\/shop\/tarots-en\/baraja-zener-naipes-telepatia-mentalismo-percepcion-extrasensorial-ed-espanola\/#breadcrumb","itemListElement":[{"@type":"ListItem","position":1,"name":"Home","item":"https:\/\/www.zonacarpediem.com\/en\/home-us\/"},{"@type":"ListItem","position":2,"name":"Products","item":"https:\/\/www.zonacarpediem.com\/en\/products\/"},{"@type":"ListItem","position":3,"name":"BARAJA ZENER Ed. espa\u00f1ola"}]},{"@type":"WebSite","@id":"https:\/\/www.zonacarpediem.com\/en\/#website","url":"https:\/\/www.zonacarpediem.com\/en\/","name":"Zona Carpe Diem","description":"Buy with Confidence and Flirt with Brilliance, Passion Lives Here!","publisher":{"@id":"https:\/\/www.zonacarpediem.com\/en\/#organization"},"potentialAction":[{"@type":"SearchAction","target":{"@type":"EntryPoint","urlTemplate":"https:\/\/www.zonacarpediem.com\/en\/?s={search_term_string}"},"query-input":{"@type":"PropertyValueSpecification","valueRequired":true,"valueName":"search_term_string"}}],"inLanguage":"en-US"},{"@type":"Organization","@id":"https:\/\/www.zonacarpediem.com\/en\/#organization","name":"Zona Carpe Diem","url":"https:\/\/www.zonacarpediem.com\/en\/","logo":{"@type":"ImageObject","inLanguage":"en-US","@id":"https:\/\/www.zonacarpediem.com\/en\/#\/schema\/logo\/image\/","url":"https:\/\/www.zonacarpediem.com\/wp-content\/uploads\/2016\/12\/ZCD-Logo-for-eBay-dec-2016-200x150px.png","contentUrl":"https:\/\/www.zonacarpediem.com\/wp-content\/uploads\/2016\/12\/ZCD-Logo-for-eBay-dec-2016-200x150px.png","width":200,"height":150,"caption":"Zona Carpe Diem"},"image":{"@id":"https:\/\/www.zonacarpediem.com\/en\/#\/schema\/logo\/image\/"},"sameAs":["https:\/\/www.facebook.com\/ZonaCarpeDiem"]}]}},"_links":{"self":[{"href":"https:\/\/www.zonacarpediem.com\/en\/wp-json\/wp\/v2\/product\/6544","targetHints":{"allow":["GET"]}}],"collection":[{"href":"https:\/\/www.zonacarpediem.com\/en\/wp-json\/wp\/v2\/product"}],"about":[{"href":"https:\/\/www.zonacarpediem.com\/en\/wp-json\/wp\/v2\/types\/product"}],"wp:featuredmedia":[{"embeddable":true,"href":"https:\/\/www.zonacarpediem.com\/en\/wp-json\/wp\/v2\/media\/6548"}],"wp:attachment":[{"href":"https:\/\/www.zonacarpediem.com\/en\/wp-json\/wp\/v2\/media?parent=6544"}],"wp:term":[{"taxonomy":"product_brand","embeddable":true,"href":"https:\/\/www.zonacarpediem.com\/en\/wp-json\/wp\/v2\/product_brand?post=6544"},{"taxonomy":"product_cat","embeddable":true,"href":"https:\/\/www.zonacarpediem.com\/en\/wp-json\/wp\/v2\/product_cat?post=6544"},{"taxonomy":"product_tag","embeddable":true,"href":"https:\/\/www.zonacarpediem.com\/en\/wp-json\/wp\/v2\/product_tag?post=6544"}],"curies":[{"name":"wp","href":"https:\/\/api.w.org\/{rel}","templated":true}]}}