{"id":6592,"date":"2025-12-24T11:51:18","date_gmt":"2025-12-24T10:51:18","guid":{"rendered":"https:\/\/www.zonacarpediem.com\/shop\/uncategorized\/i-ching-dead-moon-tarot-by-luis-royo\/"},"modified":"2025-12-24T11:51:18","modified_gmt":"2025-12-24T10:51:18","slug":"i-ching-dead-moon-tarot-by-luis-royo","status":"publish","type":"product","link":"https:\/\/www.zonacarpediem.com\/en\/shop\/tarots-en\/i-ching-dead-moon-tarot-by-luis-royo\/","title":{"rendered":"I CHING DEAD MOON TAROT H FOURNIER Luis Royo RARO"},"content":{"rendered":"<p><strong>ORIGINAL <\/strong><strong>I CHING DEAD MOON TAROT, <\/strong><strong>ARTE DE <\/strong><strong>LUIS ROYO<\/strong><\/p>\n<p><strong>EDICI\u00d3N LIMITADA DESCATALOGADA &#8211; RARO -PIEZA DE COLECCIONISMO<\/strong><\/p>\n<p>&nbsp;<\/p>\n<p>FABRICADO EN ESPA\u00d1A POR HERACLIO FOURNIER, VITORIA<br \/>\nHist\u00f3rico fabricante de naipes espa\u00f1ol conocido en todo el mundo por la calidad de sus productos.<\/p>\n<p>&nbsp;<\/p>\n<p>64 cartas a todo color y folleto de instrucciones adivinatorias en varios idiomas.<\/p>\n<p>El dise\u00f1ador Luis Royo nos descubre el mundo de I Ching, ilustrando con sus imagines cargadas de elegancia y dise\u00f1o muy cuidado los 64 hexagramas de esta baraja.<br \/>\nLas cartas tienen una atm\u00f3sfera oscura, con los hexagramas del I Ching insertados en la base de cada carta. Con un enfoque moderno y g\u00f3tico del or\u00e1culo de tres mil a\u00f1os de antig\u00fcedad, Luis Royo nos deslumbra con su propio y \u00fanico estilo, el antiguo I Ching, y capta su poder adivinatorio como ning\u00fan otro.<\/p>\n<p>&nbsp;<\/p>\n<p>El I Ching est\u00e1 considerado como el libro de sabidur\u00eda m\u00e1s antiguo del mundo.<br \/>\nSus or\u00edgenes, en la China predin\u00e1stica, son oscuros, sin embargo sus conceptos fueron utilizados durante muchos siglos antes de ser puestos en forma escrita y de que inevitablemente, se convirtieran en algo m\u00e1s formal. El I Ching se basa en el concepto de la sincronicidad.<br \/>\nLa situaci\u00f3n \u00fanica que nos mueve a pedir la gu\u00eda del I Ching, interviene para que la mano elija la carta que se sincroniza con nuestro problema.<br \/>\nSi hici\u00e9semos la misma pregunta m\u00e1s pronto, o si la hici\u00e9semos m\u00e1s tarde, podr\u00edamos obtener una carta distinta y una instrucci\u00f3n diferente.<br \/>\nNormalmente, el consejo que se recibe en la primera ocasi\u00f3n sigue teniendo vigencia durante d\u00edas, semanas o incluso meses.<br \/>\nEn cualquier situaci\u00f3n existe una una multitud de posibles recursos de acci\u00f3n. La ruta que el I Ching sugiere es la que seguir\u00eda el sabio. Es tambi\u00e9n el curso de la acci\u00f3n que est\u00e1 en sinton\u00eda con las Leyes de la Naturaleza, con la inevitable moralidad del Universo.<\/p>\n<p>Los coleccionistas de arte y barajas de adivinaci\u00f3n estar\u00e1n encantados de a\u00f1adir esta joya a su colecci\u00f3n.<\/p>\n<p>&nbsp;<\/p>\n<p>Cartas que tienen como objetivo despertar la mente del hombre a otros niveles, a trav\u00e9s de los cuales pueda acceder a otra sabidur\u00eda, a otros conocimientos que permitan saber y anticipar, as\u00ed como tambi\u00e9n encontrar el bienestar interior.<\/p>\n<p>El tarot es una baraja de naipes que, adem\u00e1s de servir para jugar, se usa a menudo como medio de \u201cadivinaci\u00f3n\u201d del pasado, de la situaci\u00f3n presente del consultante y algunas veces del futuro, por lo que constituir\u00eda un tipo de cartomancia.<br \/>\nSus or\u00edgenes datan al menos del siglo XIV, no teniendo fundamento llevar sus ra\u00edces m\u00e1s atr\u00e1s en la historia.<\/p>\n<p><em>Este es un producto original de calidad, fabricado en Espa\u00f1a por Heraclio Fournier.<\/em><br \/>\n<em>Esta no es una copia no autorizada.<\/em><\/p>\n","protected":false},"excerpt":{"rendered":"<p>I CHING DEAD MOON TAROT, by HERACLIO FOURNIER, arte de Luis Royo &#8211; Edici\u00f3n limitada descatalogada \u2013 RARO<\/p>\n","protected":false},"featured_media":4940,"template":"","meta":[],"product_brand":[],"product_cat":[163],"product_tag":[],"class_list":{"0":"post-6592","1":"product","2":"type-product","3":"status-publish","4":"has-post-thumbnail","6":"product_cat-tarots-en","8":"first","9":"instock","10":"shipping-taxable","11":"purchasable","12":"product-type-simple"},"yoast_head":"<!-- This site is optimized with the Yoast SEO plugin v26.7 - https:\/\/yoast.com\/wordpress\/plugins\/seo\/ -->\n<title>I CHING DEAD MOON TAROT H FOURNIER Luis Royo RARO - Zona Carpe Diem<\/title>\n<meta name=\"robots\" content=\"index, follow, max-snippet:-1, max-image-preview:large, max-video-preview:-1\" \/>\n<link rel=\"canonical\" href=\"https:\/\/www.zonacarpediem.com\/en\/shop\/tarots-en\/i-ching-dead-moon-tarot-by-luis-royo\/\" \/>\n<meta property=\"og:locale\" content=\"en_US\" \/>\n<meta property=\"og:type\" content=\"article\" \/>\n<meta property=\"og:title\" content=\"I CHING DEAD MOON TAROT H FOURNIER Luis Royo RARO - Zona Carpe Diem\" \/>\n<meta property=\"og:description\" content=\"I CHING DEAD MOON TAROT, by HERACLIO FOURNIER, arte de Luis Royo - Edici\u00f3n limitada descatalogada \u2013 RARO\" \/>\n<meta property=\"og:url\" content=\"https:\/\/www.zonacarpediem.com\/en\/shop\/tarots-en\/i-ching-dead-moon-tarot-by-luis-royo\/\" \/>\n<meta property=\"og:site_name\" content=\"Zona Carpe Diem\" \/>\n<meta property=\"article:publisher\" content=\"https:\/\/www.facebook.com\/ZonaCarpeDiem\" \/>\n<meta property=\"og:image\" content=\"https:\/\/www.zonacarpediem.com\/wp-content\/uploads\/2016\/12\/ZCD-Logo-for-eBay-dec-2016-200x150px.png\" \/>\n\t<meta property=\"og:image:width\" content=\"200\" \/>\n\t<meta property=\"og:image:height\" content=\"150\" \/>\n\t<meta property=\"og:image:type\" content=\"image\/png\" \/>\n<meta name=\"twitter:label1\" content=\"Est. reading time\" \/>\n\t<meta name=\"twitter:data1\" content=\"2 minutes\" \/>\n<script type=\"application\/ld+json\" class=\"yoast-schema-graph\">{\"@context\":\"https:\/\/schema.org\",\"@graph\":[{\"@type\":\"WebPage\",\"@id\":\"https:\/\/www.zonacarpediem.com\/en\/shop\/tarots-en\/i-ching-dead-moon-tarot-by-luis-royo\/\",\"url\":\"https:\/\/www.zonacarpediem.com\/en\/shop\/tarots-en\/i-ching-dead-moon-tarot-by-luis-royo\/\",\"name\":\"I CHING DEAD MOON TAROT H FOURNIER Luis Royo RARO - Zona Carpe Diem\",\"isPartOf\":{\"@id\":\"https:\/\/www.zonacarpediem.com\/en\/#website\"},\"primaryImageOfPage\":{\"@id\":\"https:\/\/www.zonacarpediem.com\/en\/shop\/tarots-en\/i-ching-dead-moon-tarot-by-luis-royo\/#primaryimage\"},\"image\":{\"@id\":\"https:\/\/www.zonacarpediem.com\/en\/shop\/tarots-en\/i-ching-dead-moon-tarot-by-luis-royo\/#primaryimage\"},\"thumbnailUrl\":\"https:\/\/www.zonacarpediem.com\/wp-content\/uploads\/2021\/06\/ching23-scaled.jpeg\",\"datePublished\":\"2025-12-24T10:51:18+00:00\",\"breadcrumb\":{\"@id\":\"https:\/\/www.zonacarpediem.com\/en\/shop\/tarots-en\/i-ching-dead-moon-tarot-by-luis-royo\/#breadcrumb\"},\"inLanguage\":\"en-US\",\"potentialAction\":[{\"@type\":\"ReadAction\",\"target\":[\"https:\/\/www.zonacarpediem.com\/en\/shop\/tarots-en\/i-ching-dead-moon-tarot-by-luis-royo\/\"]}]},{\"@type\":\"ImageObject\",\"inLanguage\":\"en-US\",\"@id\":\"https:\/\/www.zonacarpediem.com\/en\/shop\/tarots-en\/i-ching-dead-moon-tarot-by-luis-royo\/#primaryimage\",\"url\":\"https:\/\/www.zonacarpediem.com\/wp-content\/uploads\/2021\/06\/ching23-scaled.jpeg\",\"contentUrl\":\"https:\/\/www.zonacarpediem.com\/wp-content\/uploads\/2021\/06\/ching23-scaled.jpeg\",\"width\":1571,\"height\":2560},{\"@type\":\"BreadcrumbList\",\"@id\":\"https:\/\/www.zonacarpediem.com\/en\/shop\/tarots-en\/i-ching-dead-moon-tarot-by-luis-royo\/#breadcrumb\",\"itemListElement\":[{\"@type\":\"ListItem\",\"position\":1,\"name\":\"Home\",\"item\":\"https:\/\/www.zonacarpediem.com\/en\/home-us\/\"},{\"@type\":\"ListItem\",\"position\":2,\"name\":\"Products\",\"item\":\"https:\/\/www.zonacarpediem.com\/en\/products\/\"},{\"@type\":\"ListItem\",\"position\":3,\"name\":\"I CHING DEAD MOON TAROT H FOURNIER Luis Royo RARO\"}]},{\"@type\":\"WebSite\",\"@id\":\"https:\/\/www.zonacarpediem.com\/en\/#website\",\"url\":\"https:\/\/www.zonacarpediem.com\/en\/\",\"name\":\"Zona Carpe Diem\",\"description\":\"Buy with Confidence and Flirt with Brilliance, Passion Lives Here!\",\"publisher\":{\"@id\":\"https:\/\/www.zonacarpediem.com\/en\/#organization\"},\"potentialAction\":[{\"@type\":\"SearchAction\",\"target\":{\"@type\":\"EntryPoint\",\"urlTemplate\":\"https:\/\/www.zonacarpediem.com\/en\/?s={search_term_string}\"},\"query-input\":{\"@type\":\"PropertyValueSpecification\",\"valueRequired\":true,\"valueName\":\"search_term_string\"}}],\"inLanguage\":\"en-US\"},{\"@type\":\"Organization\",\"@id\":\"https:\/\/www.zonacarpediem.com\/en\/#organization\",\"name\":\"Zona Carpe Diem\",\"url\":\"https:\/\/www.zonacarpediem.com\/en\/\",\"logo\":{\"@type\":\"ImageObject\",\"inLanguage\":\"en-US\",\"@id\":\"https:\/\/www.zonacarpediem.com\/en\/#\/schema\/logo\/image\/\",\"url\":\"https:\/\/www.zonacarpediem.com\/wp-content\/uploads\/2016\/12\/ZCD-Logo-for-eBay-dec-2016-200x150px.png\",\"contentUrl\":\"https:\/\/www.zonacarpediem.com\/wp-content\/uploads\/2016\/12\/ZCD-Logo-for-eBay-dec-2016-200x150px.png\",\"width\":200,\"height\":150,\"caption\":\"Zona Carpe Diem\"},\"image\":{\"@id\":\"https:\/\/www.zonacarpediem.com\/en\/#\/schema\/logo\/image\/\"},\"sameAs\":[\"https:\/\/www.facebook.com\/ZonaCarpeDiem\"]}]}<\/script>\n<!-- \/ Yoast SEO plugin. -->","yoast_head_json":{"title":"I CHING DEAD MOON TAROT H FOURNIER Luis Royo RARO - Zona Carpe Diem","robots":{"index":"index","follow":"follow","max-snippet":"max-snippet:-1","max-image-preview":"max-image-preview:large","max-video-preview":"max-video-preview:-1"},"canonical":"https:\/\/www.zonacarpediem.com\/en\/shop\/tarots-en\/i-ching-dead-moon-tarot-by-luis-royo\/","og_locale":"en_US","og_type":"article","og_title":"I CHING DEAD MOON TAROT H FOURNIER Luis Royo RARO - Zona Carpe Diem","og_description":"I CHING DEAD MOON TAROT, by HERACLIO FOURNIER, arte de Luis Royo - Edici\u00f3n limitada descatalogada \u2013 RARO","og_url":"https:\/\/www.zonacarpediem.com\/en\/shop\/tarots-en\/i-ching-dead-moon-tarot-by-luis-royo\/","og_site_name":"Zona Carpe Diem","article_publisher":"https:\/\/www.facebook.com\/ZonaCarpeDiem","og_image":[{"width":200,"height":150,"url":"https:\/\/www.zonacarpediem.com\/wp-content\/uploads\/2016\/12\/ZCD-Logo-for-eBay-dec-2016-200x150px.png","type":"image\/png"}],"twitter_misc":{"Est. reading time":"2 minutes"},"schema":{"@context":"https:\/\/schema.org","@graph":[{"@type":"WebPage","@id":"https:\/\/www.zonacarpediem.com\/en\/shop\/tarots-en\/i-ching-dead-moon-tarot-by-luis-royo\/","url":"https:\/\/www.zonacarpediem.com\/en\/shop\/tarots-en\/i-ching-dead-moon-tarot-by-luis-royo\/","name":"I CHING DEAD MOON TAROT H FOURNIER Luis Royo RARO - Zona Carpe Diem","isPartOf":{"@id":"https:\/\/www.zonacarpediem.com\/en\/#website"},"primaryImageOfPage":{"@id":"https:\/\/www.zonacarpediem.com\/en\/shop\/tarots-en\/i-ching-dead-moon-tarot-by-luis-royo\/#primaryimage"},"image":{"@id":"https:\/\/www.zonacarpediem.com\/en\/shop\/tarots-en\/i-ching-dead-moon-tarot-by-luis-royo\/#primaryimage"},"thumbnailUrl":"https:\/\/www.zonacarpediem.com\/wp-content\/uploads\/2021\/06\/ching23-scaled.jpeg","datePublished":"2025-12-24T10:51:18+00:00","breadcrumb":{"@id":"https:\/\/www.zonacarpediem.com\/en\/shop\/tarots-en\/i-ching-dead-moon-tarot-by-luis-royo\/#breadcrumb"},"inLanguage":"en-US","potentialAction":[{"@type":"ReadAction","target":["https:\/\/www.zonacarpediem.com\/en\/shop\/tarots-en\/i-ching-dead-moon-tarot-by-luis-royo\/"]}]},{"@type":"ImageObject","inLanguage":"en-US","@id":"https:\/\/www.zonacarpediem.com\/en\/shop\/tarots-en\/i-ching-dead-moon-tarot-by-luis-royo\/#primaryimage","url":"https:\/\/www.zonacarpediem.com\/wp-content\/uploads\/2021\/06\/ching23-scaled.jpeg","contentUrl":"https:\/\/www.zonacarpediem.com\/wp-content\/uploads\/2021\/06\/ching23-scaled.jpeg","width":1571,"height":2560},{"@type":"BreadcrumbList","@id":"https:\/\/www.zonacarpediem.com\/en\/shop\/tarots-en\/i-ching-dead-moon-tarot-by-luis-royo\/#breadcrumb","itemListElement":[{"@type":"ListItem","position":1,"name":"Home","item":"https:\/\/www.zonacarpediem.com\/en\/home-us\/"},{"@type":"ListItem","position":2,"name":"Products","item":"https:\/\/www.zonacarpediem.com\/en\/products\/"},{"@type":"ListItem","position":3,"name":"I CHING DEAD MOON TAROT H FOURNIER Luis Royo RARO"}]},{"@type":"WebSite","@id":"https:\/\/www.zonacarpediem.com\/en\/#website","url":"https:\/\/www.zonacarpediem.com\/en\/","name":"Zona Carpe Diem","description":"Buy with Confidence and Flirt with Brilliance, Passion Lives Here!","publisher":{"@id":"https:\/\/www.zonacarpediem.com\/en\/#organization"},"potentialAction":[{"@type":"SearchAction","target":{"@type":"EntryPoint","urlTemplate":"https:\/\/www.zonacarpediem.com\/en\/?s={search_term_string}"},"query-input":{"@type":"PropertyValueSpecification","valueRequired":true,"valueName":"search_term_string"}}],"inLanguage":"en-US"},{"@type":"Organization","@id":"https:\/\/www.zonacarpediem.com\/en\/#organization","name":"Zona Carpe Diem","url":"https:\/\/www.zonacarpediem.com\/en\/","logo":{"@type":"ImageObject","inLanguage":"en-US","@id":"https:\/\/www.zonacarpediem.com\/en\/#\/schema\/logo\/image\/","url":"https:\/\/www.zonacarpediem.com\/wp-content\/uploads\/2016\/12\/ZCD-Logo-for-eBay-dec-2016-200x150px.png","contentUrl":"https:\/\/www.zonacarpediem.com\/wp-content\/uploads\/2016\/12\/ZCD-Logo-for-eBay-dec-2016-200x150px.png","width":200,"height":150,"caption":"Zona Carpe Diem"},"image":{"@id":"https:\/\/www.zonacarpediem.com\/en\/#\/schema\/logo\/image\/"},"sameAs":["https:\/\/www.facebook.com\/ZonaCarpeDiem"]}]}},"_links":{"self":[{"href":"https:\/\/www.zonacarpediem.com\/en\/wp-json\/wp\/v2\/product\/6592","targetHints":{"allow":["GET"]}}],"collection":[{"href":"https:\/\/www.zonacarpediem.com\/en\/wp-json\/wp\/v2\/product"}],"about":[{"href":"https:\/\/www.zonacarpediem.com\/en\/wp-json\/wp\/v2\/types\/product"}],"wp:featuredmedia":[{"embeddable":true,"href":"https:\/\/www.zonacarpediem.com\/en\/wp-json\/wp\/v2\/media\/4940"}],"wp:attachment":[{"href":"https:\/\/www.zonacarpediem.com\/en\/wp-json\/wp\/v2\/media?parent=6592"}],"wp:term":[{"taxonomy":"product_brand","embeddable":true,"href":"https:\/\/www.zonacarpediem.com\/en\/wp-json\/wp\/v2\/product_brand?post=6592"},{"taxonomy":"product_cat","embeddable":true,"href":"https:\/\/www.zonacarpediem.com\/en\/wp-json\/wp\/v2\/product_cat?post=6592"},{"taxonomy":"product_tag","embeddable":true,"href":"https:\/\/www.zonacarpediem.com\/en\/wp-json\/wp\/v2\/product_tag?post=6592"}],"curies":[{"name":"wp","href":"https:\/\/api.w.org\/{rel}","templated":true}]}}